{"id":13768,"date":"2024-08-08T11:57:30","date_gmt":"2024-08-08T03:57:30","guid":{"rendered":"https:\/\/www.bioleaderpack.com\/it\/prodotto\/amido-di-mais-piatti-di-amido-di-mais-piatti-di-amido-di-mais\/"},"modified":"2026-04-27T17:20:12","modified_gmt":"2026-04-27T09:20:12","slug":"amido-de-milho-placas-de-amido-de-milho-placa-de-amido-de-milho","status":"publish","type":"product","link":"https:\/\/www.bioleaderpack.com\/pt\/produto\/amido-de-milho-placas-de-amido-de-milho-placa-de-amido-de-milho\/","title":{"rendered":"Amido de milho Pratos de amido de milho Prato de amido de milho"},"content":{"rendered":"<figure id=\"attachment_1857\" aria-describedby=\"caption-attachment-1857\" style=\"width: 1000px\" class=\"wp-caption alignnone\"><img fetchpriority=\"high\" decoding=\"async\" class=\"size-full wp-image-1857\" title=\"Amido de milho Pratos de amido de milho Prato de amido de milho\" src=\"https:\/\/www.bioleaderpack.com\/wp-content\/uploads\/2024\/08\/IMG_9823-\u62f7\u8d1d.jpg\" alt=\"Amido de milho Pratos de amido de milho Prato de amido de milho\" width=\"1000\" height=\"1000\" srcset=\"https:\/\/www.bioleaderpack.com\/wp-content\/uploads\/2024\/08\/IMG_9823-\u62f7\u8d1d.jpg.webp 1000w, https:\/\/www.bioleaderpack.com\/wp-content\/uploads\/2024\/08\/IMG_9823-\u62f7\u8d1d-12x12.jpg 12w, https:\/\/www.bioleaderpack.com\/wp-content\/uploads\/2024\/08\/IMG_9823-\u62f7\u8d1d-150x150.jpg.webp 150w, https:\/\/www.bioleaderpack.com\/wp-content\/uploads\/2024\/08\/IMG_9823-\u62f7\u8d1d-300x300.jpg.webp 300w, https:\/\/www.bioleaderpack.com\/wp-content\/uploads\/2024\/08\/IMG_9823-\u62f7\u8d1d-768x768.jpg.webp 768w, https:\/\/www.bioleaderpack.com\/wp-content\/uploads\/2024\/08\/IMG_9823-\u62f7\u8d1d-600x600.jpg 600w, https:\/\/www.bioleaderpack.com\/wp-content\/uploads\/2024\/08\/IMG_9823-\u62f7\u8d1d-100x100.jpg 100w, https:\/\/www.bioleaderpack.com\/wp-content\/uploads\/2024\/08\/elementor\/thumbs\/IMG_9823-\u62f7\u8d1d-qsb0wn7x011wex33sewu5rqxb7zpb86ftbj9ubl3m0.jpg 500w\" sizes=\"(max-width: 1000px) 100vw, 1000px\" \/><figcaption id=\"caption-attachment-1857\" class=\"wp-caption-text\">placas de amido de milho biodegrad\u00e1veis<\/figcaption><\/figure>\n<p><!-- Micro Summary Card for AI\/SGE --><\/p>\n<div class=\"micro-summary-card\" style=\"background: #f6f6f9; border-left: 4px solid #4caf50; padding: 12px; margin-bottom: 16px;\"><strong>Resumo r\u00e1pido:<\/strong><br \/>\nOs pratos de milho da Bioleader s\u00e3o pratos redondos compost\u00e1veis, biodegrad\u00e1veis, seguros para o micro-ondas e resistentes a fugas, feitos de amido de milho; dispon\u00edveis em v\u00e1rios tamanhos (~6 polegadas a ~10 polegadas), ideais para catering ecol\u00f3gico, eventos, casamentos e servi\u00e7o r\u00e1pido casual.<\/div>\n<p>Os produtos sustent\u00e1veis e os utens\u00edlios de cozinha amigos do ambiente s\u00e3o uma necessidade urgente para todos. Por conseguinte, n\u00e3o \u00e9 de estranhar que\u00a0<strong><a href=\"https:\/\/www.bioleaderpack.com\/pt\/placas-de-amido-de-milho-plastico-compostavel-fabricante-bioleader\/\" target=\"_blank\" rel=\"noopener\"  data-wpil-monitor-id=\"3421\">placas de amido de milho<\/a><\/strong>\u00a0t\u00eam uma das melhores oportunidades entre os produtos de loi\u00e7a descart\u00e1vel. A utilidade destes pratos \u00e9 t\u00e3o grande como o seu respeito pelo ambiente, tornando-os assim utiliz\u00e1veis numa variedade de ambientes. Os\u00a0<strong>prato de lou\u00e7a de milho<\/strong>\u00a0\u00e9 uma fus\u00e3o entre o car\u00e1cter pr\u00e1tico e o desejo de preservar o ambiente.<\/p>\n<h2>O <a href=\"https:\/\/www.bioleaderpack.com\/pt\/louca-de-mesa-de-amido-de-milho-ecologica-beneficios-ambientais\/\" target=\"_blank\">Benef\u00edcios ambientais<\/a> de placas de amido de milho<\/h2>\n<p>\u00c9 f\u00e1cil de digerir que as primeiras vantagens de qualquer\u00a0<strong>pratos de milho<\/strong>\u00a0s\u00e3o as suas carater\u00edsticas ecol\u00f3gicas. Estes pratos s\u00e3o amigos do ambiente, uma vez que s\u00e3o feitos de amido de milho, que \u00e9 um material biodegrad\u00e1vel. Ao contr\u00e1rio dos pratos de pl\u00e1stico, que causam uma grande polui\u00e7\u00e3o ambiental, estes pratos s\u00e3o biodegrad\u00e1veis, o que significa que n\u00e3o deixam res\u00edduos t\u00f3xicos nocivos ap\u00f3s a sua decomposi\u00e7\u00e3o. Os\u00a0<strong>prato de lou\u00e7a de milho<\/strong>\u00a0destina-se a pessoas que gostariam de ter uma alimenta\u00e7\u00e3o saud\u00e1vel, mas que n\u00e3o querem viver com produtos baratos e inconvenientes.<\/p>\n<table style=\"border-collapse: collapse; width: 100%;\">\n<tbody>\n<tr>\n<td style=\"width: 50%;\"><img decoding=\"async\" class=\"size-full wp-image-1858\" title=\"Amido de milho Pratos de amido de milho Prato de amido de milho\" src=\"https:\/\/www.bioleaderpack.com\/wp-content\/uploads\/2024\/08\/IMG_9732.jpg\" alt=\"Amido de milho Pratos de amido de milho Prato de amido de milho\" width=\"1000\" height=\"1000\" srcset=\"https:\/\/www.bioleaderpack.com\/wp-content\/uploads\/2024\/08\/IMG_9732.jpg.webp 1000w, https:\/\/www.bioleaderpack.com\/wp-content\/uploads\/2024\/08\/IMG_9732-12x12.jpg 12w, https:\/\/www.bioleaderpack.com\/wp-content\/uploads\/2024\/08\/IMG_9732-150x150.jpg.webp 150w, https:\/\/www.bioleaderpack.com\/wp-content\/uploads\/2024\/08\/IMG_9732-300x300.jpg.webp 300w, https:\/\/www.bioleaderpack.com\/wp-content\/uploads\/2024\/08\/IMG_9732-768x768.jpg.webp 768w, https:\/\/www.bioleaderpack.com\/wp-content\/uploads\/2024\/08\/IMG_9732-600x600.jpg 600w, https:\/\/www.bioleaderpack.com\/wp-content\/uploads\/2024\/08\/IMG_9732-100x100.jpg 100w\" sizes=\"(max-width: 1000px) 100vw, 1000px\" \/><\/td>\n<td style=\"width: 50%;\"><img decoding=\"async\" class=\"size-full wp-image-1859\" title=\"Amido de milho Pratos de amido de milho Prato de amido de milho\" src=\"https:\/\/www.bioleaderpack.com\/wp-content\/uploads\/2024\/08\/IMG_9733.jpg\" alt=\"Amido de milho Pratos de amido de milho Prato de amido de milho\" width=\"1000\" height=\"1000\" srcset=\"https:\/\/www.bioleaderpack.com\/wp-content\/uploads\/2024\/08\/IMG_9733.jpg.webp 1000w, https:\/\/www.bioleaderpack.com\/wp-content\/uploads\/2024\/08\/IMG_9733-300x300.jpg.webp 300w, https:\/\/www.bioleaderpack.com\/wp-content\/uploads\/2024\/08\/IMG_9733-100x100.jpg 100w, https:\/\/www.bioleaderpack.com\/wp-content\/uploads\/2024\/08\/IMG_9733-600x600.jpg 600w, https:\/\/www.bioleaderpack.com\/wp-content\/uploads\/2024\/08\/IMG_9733-150x150.jpg.webp 150w, https:\/\/www.bioleaderpack.com\/wp-content\/uploads\/2024\/08\/IMG_9733-768x768.jpg.webp 768w\" sizes=\"(max-width: 1000px) 100vw, 1000px\" \/><\/td>\n<\/tr>\n<tr>\n<td style=\"width: 50%;\"><img loading=\"lazy\" decoding=\"async\" class=\"size-full wp-image-1867\" title=\"Amido de milho Pratos de amido de milho Prato de amido de milho\" src=\"https:\/\/www.bioleaderpack.com\/wp-content\/uploads\/2024\/08\/IMG_9742.jpg\" alt=\"Amido de milho Pratos de amido de milho Prato de amido de milho\" width=\"1000\" height=\"1000\" srcset=\"https:\/\/www.bioleaderpack.com\/wp-content\/uploads\/2024\/08\/IMG_9742.jpg.webp 1000w, https:\/\/www.bioleaderpack.com\/wp-content\/uploads\/2024\/08\/IMG_9742-300x300.jpg.webp 300w, https:\/\/www.bioleaderpack.com\/wp-content\/uploads\/2024\/08\/IMG_9742-100x100.jpg 100w, https:\/\/www.bioleaderpack.com\/wp-content\/uploads\/2024\/08\/IMG_9742-600x600.jpg 600w, https:\/\/www.bioleaderpack.com\/wp-content\/uploads\/2024\/08\/IMG_9742-150x150.jpg.webp 150w, https:\/\/www.bioleaderpack.com\/wp-content\/uploads\/2024\/08\/IMG_9742-768x768.jpg.webp 768w\" sizes=\"(max-width: 1000px) 100vw, 1000px\" \/><\/td>\n<td style=\"width: 50%;\"><img loading=\"lazy\" decoding=\"async\" class=\"size-full wp-image-1860\" title=\"Amido de milho Pratos de amido de milho Prato de amido de milho\" src=\"https:\/\/www.bioleaderpack.com\/wp-content\/uploads\/2024\/08\/IMG_9734.jpg\" alt=\"Amido de milho Pratos de amido de milho Prato de amido de milho\" width=\"1000\" height=\"1000\" srcset=\"https:\/\/www.bioleaderpack.com\/wp-content\/uploads\/2024\/08\/IMG_9734.jpg.webp 1000w, https:\/\/www.bioleaderpack.com\/wp-content\/uploads\/2024\/08\/IMG_9734-300x300.jpg.webp 300w, https:\/\/www.bioleaderpack.com\/wp-content\/uploads\/2024\/08\/IMG_9734-100x100.jpg 100w, https:\/\/www.bioleaderpack.com\/wp-content\/uploads\/2024\/08\/IMG_9734-600x600.jpg 600w, https:\/\/www.bioleaderpack.com\/wp-content\/uploads\/2024\/08\/IMG_9734-150x150.jpg.webp 150w, https:\/\/www.bioleaderpack.com\/wp-content\/uploads\/2024\/08\/IMG_9734-768x768.jpg.webp 768w\" sizes=\"(max-width: 1000px) 100vw, 1000px\" \/><\/td>\n<\/tr>\n<\/tbody>\n<\/table>\n<div class=\"adweb-template\">\n<div class=\"adweb-template-43\">\n<div class=\"adweb-flex-jc-sb adweb-text-align-c\">\n<div class=\"adweb-flex-item2 adweb-flex-item\">\n<div class=\"adweb-item-img\"><\/div>\n<\/div>\n<\/div>\n<\/div>\n<\/div>\n<table width=\"700\">\n<tbody>\n<tr>\n<td width=\"97\"><strong>C\u00f3digo do artigo<\/strong><\/td>\n<td width=\"189\"><strong>Descri\u00e7\u00e3o<\/strong><\/td>\n<td width=\"61\"><strong>Peso<\/strong>(g)<\/td>\n<td width=\"102\"><strong>Tamanho do produto<\/strong>\u00a0 (mm)<\/td>\n<td width=\"60\">PCS\/ PACK<\/td>\n<td width=\"69\">PCS\/ CTNS<\/td>\n<td colspan=\"3\" width=\"122\">Tamanho da caixa de cart\u00e3o (cm)<\/td>\n<\/tr>\n<tr>\n<td>BGY-0601<\/td>\n<td width=\"189\">Placa de amido de milho 6\u2033<\/td>\n<td>8<\/td>\n<td width=\"102\">\u03c6152<\/td>\n<td width=\"60\">50<\/td>\n<td>2000<\/td>\n<td width=\"40\">63<\/td>\n<td width=\"41\">27.5<\/td>\n<td width=\"41\">32<\/td>\n<\/tr>\n<tr>\n<td>BGY-0701<\/td>\n<td width=\"189\">Placa de amido de milho 7\u2033<\/td>\n<td>10<\/td>\n<td width=\"102\">\u03c6178<\/td>\n<td width=\"60\">50<\/td>\n<td>1000<\/td>\n<td>36.5<\/td>\n<td>23<\/td>\n<td>37.5<\/td>\n<\/tr>\n<tr>\n<td>BGY-0801<\/td>\n<td width=\"189\">Placa de amido de milho 8\u2033<\/td>\n<td>14<\/td>\n<td width=\"102\">\u03c6203<\/td>\n<td width=\"60\">50<\/td>\n<td>1000<\/td>\n<td width=\"40\">44.5<\/td>\n<td width=\"41\">42.5<\/td>\n<td width=\"41\">23<\/td>\n<\/tr>\n<tr>\n<td>BGY-0901<\/td>\n<td width=\"189\">Prato de amido de milho 9\u2033<\/td>\n<td>20<\/td>\n<td width=\"102\">\u03c6228<\/td>\n<td width=\"60\">50<\/td>\n<td>600<\/td>\n<td width=\"40\">48<\/td>\n<td width=\"41\">30<\/td>\n<td width=\"41\">24.5<\/td>\n<\/tr>\n<tr>\n<td>BGY-0903<\/td>\n<td width=\"189\">Placa de amido de milho 9\u2033 3C<\/td>\n<td>20<\/td>\n<td width=\"102\">\u03c6228<\/td>\n<td width=\"60\">50<\/td>\n<td>600<\/td>\n<td width=\"40\">48<\/td>\n<td width=\"41\">30<\/td>\n<td width=\"41\">24.5<\/td>\n<\/tr>\n<tr>\n<td>BGY-1001<\/td>\n<td width=\"189\">Placa de amido de milho 10\u2033<\/td>\n<td>23<\/td>\n<td width=\"102\">\u03c6254<\/td>\n<td width=\"60\">50<\/td>\n<td>600<\/td>\n<td width=\"40\">52<\/td>\n<td width=\"41\">23.5<\/td>\n<td width=\"41\">27.5<\/td>\n<\/tr>\n<tr>\n<td>BGY-1003<\/td>\n<td width=\"189\">Placa de amido de milho 10\u2033 3C<\/td>\n<td>23<\/td>\n<td width=\"102\">\u03c6254<\/td>\n<td width=\"60\">50<\/td>\n<td>600<\/td>\n<td width=\"40\">52<\/td>\n<td width=\"41\">23.5<\/td>\n<td width=\"41\">27.5<\/td>\n<\/tr>\n<\/tbody>\n<\/table>\n<h2>Versatilidade no tamanho e na utiliza\u00e7\u00e3o<\/h2>\n<p><strong>Placas de amido de milho<\/strong>\u00a0existem em v\u00e1rios tamanhos, desde 6 polegadas a 10 polegadas, que se adaptam a diferentes necessidades gastron\u00f3micas. Correlativamente, quer esteja ocupado a organizar um grande evento ou uma pequena reuni\u00e3o, h\u00e1 de facto um\u00a0<strong>prato de lou\u00e7a de milho<\/strong>\u00a0que satisfa\u00e7a as suas necessidades. Estes pratos t\u00eam uma robustez impressionante que pode suportar tanto alimentos quentes como frios, tornando a sua refei\u00e7\u00e3o confort\u00e1vel.<\/p>\n<h2>Est\u00e9tica e objetivo<\/h2>\n<p>A cria\u00e7\u00e3o de\u00a0<strong>placas de amido de milho<\/strong>\u00a0n\u00e3o se limita apenas \u00e0 sua utiliza\u00e7\u00e3o; requer uma certa forma de beleza. Estes pratos s\u00e3o apresentados em branco natural e adaptam-se a qualquer mesa. O\u00a0<strong><a href=\"https:\/\/www.bioleaderpack.com\/pt\/placa-de-amido-de-milho-utensilios-de-milho-fabricante-da-china\/\" target=\"_blank\" rel=\"noopener\"  data-wpil-monitor-id=\"3426\">prato de lou\u00e7a de milho<\/a><\/strong>\u00a0confere um ar elegante a qualquer refei\u00e7\u00e3o e \u00e9 \u00fatil em ocasi\u00f5es casuais ou formais. As suas propriedades tornam-nas resistentes a fissuras e quebras, pelo que s\u00e3o uma op\u00e7\u00e3o plaus\u00edvel para as suas necessidades gastron\u00f3micas.<\/p>\n<h2>Benef\u00edcios para a sa\u00fade e seguran\u00e7a<\/h2>\n<p><strong>Placas de amido de milho<\/strong> n\u00e3o t\u00eam apenas um impacto ambiental - s\u00e3o tamb\u00e9m seguros para si e para os seus entes queridos. A maioria <a href=\"https:\/\/www.bioleaderpack.com\/pt\/pratos-de-plastico-descartaveis-ecologicos-compostaveis-fabricante-bioleader\/\" target=\"_blank\" rel=\"noopener\"  data-wpil-monitor-id=\"3438\">pratos de pl\u00e1stico descart\u00e1veis<\/a> s\u00e3o fabricados com materiais t\u00f3xicos, como o bisfenol A (BPA) e os ftalatos, conhecidos por se infiltrarem nos alimentos e nas bebidas quando os pratos s\u00e3o aquecidos e ao longo do tempo. H\u00e1 muito que estas subst\u00e2ncias qu\u00edmicas s\u00e3o estudadas como factores nocivos para a sa\u00fade, especialmente por causarem desequil\u00edbrios hormonais e diferentes tipos de cancro.<\/p>\n<p>Por exemplo, <strong>placas de amido de milho<\/strong> n\u00e3o apresentam tais riscos. No caso dos recipientes para alimentos para micro-ondas, estes tamb\u00e9m s\u00e3o suficientemente resistentes para suportar temperaturas quentes. N\u00e3o importa se utiliza os pratos para aquecer restos de comida ou para servir pratos quentes. Com os utens\u00edlios de milho, pode desfrutar de servir e comer sem se preocupar que os seus pratos de mesa desenvolvam doen\u00e7as nocivas das gl\u00e2ndulas olfactivas e gases cancer\u00edgenos.<\/p>\n<h2>O Compromisso de Qualidade<\/h2>\n<p>Como empresa de renome\u00a0<strong>F\u00e1brica e fabricante chin\u00eas<\/strong>Estamos entre os principais fabricantes de produtos de qualidade\u00a0<strong>pratos de lou\u00e7a de milho<\/strong>. Estas placas s\u00e3o fabricadas e apreciadas com padr\u00f5es de alta qualidade, seguras, inteligentes e, mais importante, ecol\u00f3gicas. Os nossos\u00a0<strong>pratos de milho<\/strong>\u00a0s\u00e3o vendidos por grosso, permitindo \u00e0s empresas encomendar artigos de mesa a pre\u00e7os razo\u00e1veis e respeitadores do ambiente para satisfazer o desejo crescente dos clientes por produtos ecol\u00f3gicos.<\/p>\n<figure id=\"attachment_1861\" aria-describedby=\"caption-attachment-1861\" style=\"width: 1000px\" class=\"wp-caption alignnone\"><img loading=\"lazy\" decoding=\"async\" class=\"size-full wp-image-1861\" title=\"Amido de milho Pratos de amido de milho Prato de amido de milho\" src=\"https:\/\/www.bioleaderpack.com\/wp-content\/uploads\/2024\/08\/IMG_9824.jpg\" alt=\"Amido de milho Pratos de amido de milho Prato de amido de milho\" width=\"1000\" height=\"1000\" srcset=\"https:\/\/www.bioleaderpack.com\/wp-content\/uploads\/2024\/08\/IMG_9824.jpg.webp 1000w, https:\/\/www.bioleaderpack.com\/wp-content\/uploads\/2024\/08\/IMG_9824-300x300.jpg.webp 300w, https:\/\/www.bioleaderpack.com\/wp-content\/uploads\/2024\/08\/IMG_9824-100x100.jpg 100w, https:\/\/www.bioleaderpack.com\/wp-content\/uploads\/2024\/08\/IMG_9824-600x600.jpg 600w, https:\/\/www.bioleaderpack.com\/wp-content\/uploads\/2024\/08\/IMG_9824-150x150.jpg.webp 150w, https:\/\/www.bioleaderpack.com\/wp-content\/uploads\/2024\/08\/IMG_9824-768x768.jpg.webp 768w\" sizes=\"(max-width: 1000px) 100vw, 1000px\" \/><figcaption id=\"caption-attachment-1861\" class=\"wp-caption-text\">Placas de amido de milho<\/figcaption><\/figure>\n<h2>Conclus\u00e3o<\/h2>\n<p><strong>Placas de amido de milho<\/strong>\u00a0t\u00eam um grande mercado inexplorado no sector da loi\u00e7a de mesa descart\u00e1vel. Combinam efici\u00eancia, atratividade e cuidado com o ambiente. O\u00a0<strong>prato de lou\u00e7a de milho<\/strong>\u00a0n\u00e3o \u00e9 apenas um prato, mas um compromisso para um amanh\u00e3 melhor. Aqui no\u00a0<strong>F\u00e1brica e fabricante chin\u00eas<\/strong>Temos todo o gosto em vender estas placas a pre\u00e7os grossistas. Bom para o neg\u00f3cio e bom para os consumidores e para o mundo.<\/p>\n<h2 data-start=\"0\" data-end=\"23\">FAQ\uff08As pessoas tamb\u00e9m perguntam\uff09<\/h2>\n<h4 data-start=\"25\" data-end=\"88\">1' Para que \u00e9 que uma placa de amido de milho de 6 polegadas \u00e9 normalmente utilizada?<\/h4>\n<p data-start=\"89\" data-end=\"244\">Um prato de amido de milho de 6 polegadas \u00e9 ideal para servir acompanhamentos, snacks, sobremesas ou por\u00e7\u00f5es de aperitivos em festas, caf\u00e9s e eventos de servi\u00e7os alimentares ecol\u00f3gicos.<\/p>\n<h4 data-start=\"246\" data-end=\"315\">2' As placas de amido de milho de 6 polegadas s\u00e3o biodegrad\u00e1veis e compost\u00e1veis?<\/h4>\n<p data-start=\"316\" data-end=\"482\">Sim. Estas placas s\u00e3o feitas de amido de milho natural e s\u00e3o 100% biodegrad\u00e1veis e compost\u00e1veis em condi\u00e7\u00f5es de compostagem industrial, decompondo-se num prazo de 90-180 dias.<\/p>\n<h4 data-start=\"484\" data-end=\"544\">3' Pode um prato de amido de milho suportar alimentos quentes e gordurosos?<\/h4>\n<p data-start=\"545\" data-end=\"693\">Sem d\u00favida. Apesar do seu material ecol\u00f3gico, o prato de amido de milho de 6 polegadas \u00e9 robusto, resistente ao \u00f3leo e seguro para o calor - adequado para alimentos quentes ou fritos.<\/p>\n<h4 data-start=\"695\" data-end=\"751\">4' O prato de amido de milho de 6 polegadas \u00e9 adequado para o micro-ondas?<\/h4>\n<p data-start=\"752\" data-end=\"904\">Algumas placas de amido de milho de 15 cm podem ser utilizadas no micro-ondas para reaquecimento de curta dura\u00e7\u00e3o. No entanto, \u00e9 melhor verificar as diretrizes do fabricante relativamente \u00e0 toler\u00e2ncia ao calor.<\/p>\n<h4 data-start=\"906\" data-end=\"979\">5' Onde posso comprar pratos biodegrad\u00e1veis de amido de milho de 6 polegadas a granel?<\/h4>\n<p data-start=\"980\" data-end=\"1137\" data-is-last-node=\"\" data-is-only-node=\"\">Pode compr\u00e1-los a fabricantes de embalagens ecol\u00f3gicas ou a grossistas que ofere\u00e7am produtos de mesa compost\u00e1veis para restaurantes, catering e eventos.<\/p>\n<h2>Pratos Cornware ~6-10 polegadas: Lou\u00e7a compost\u00e1vel e \u00e0 prova de fugas para servi\u00e7os alimentares sustent\u00e1veis<\/h2>\n<div class=\"semantic-insight-block\" style=\"background: #f6f6f9; border-left: 4px solid #2196f3; padding: 16px; margin-bottom: 24px;\">\n<p>Os pratos cornware da Bioleader s\u00e3o moldados a partir de biopl\u00e1stico biodegrad\u00e1vel \u00e0 base de amido de milho, oferecendo loi\u00e7a totalmente compost\u00e1vel e sem pl\u00e1stico, compat\u00edvel com micro-ondas e resistente a fugas de gorduras e l\u00edquidos.<\/p>\n<p>Dispon\u00edveis numa gama de tamanhos redondos - de aproximadamente 6 polegadas a 10 polegadas - estes pratos s\u00e3o adequados para aperitivos, entradas, sobremesas e servi\u00e7o de estilo buffet. O seu design leve e empilh\u00e1vel aumenta a efici\u00eancia nas opera\u00e7\u00f5es de catering, gest\u00e3o de eventos e servi\u00e7os alimentares sustent\u00e1veis.<\/p>\n<p>Em resposta \u00e0s regulamenta\u00e7\u00f5es mais rigorosas em torno dos pl\u00e1sticos de utiliza\u00e7\u00e3o \u00fanica - como a Diretiva da UE relativa aos pl\u00e1sticos de utiliza\u00e7\u00e3o \u00fanica - estes pratos compost\u00e1veis oferecem uma alternativa compat\u00edvel e escal\u00e1vel. A personaliza\u00e7\u00e3o OEM\/ODM e o suporte de embalagens a granel permitem o posicionamento de marcas ecol\u00f3gicas e solu\u00e7\u00f5es de fornecimento a retalhistas.<\/p>\n<div style=\"margin-top: 12px;\"><strong>Palavras-chave:<\/strong> pratos de lou\u00e7a de milho de 6 polegadas, 7 polegadas, 9 polegadas, 10 polegadas lou\u00e7a de jantar compost\u00e1vel, pratos de amido biodegrad\u00e1veis, pratos de amido seguros para o micro-ondas, lou\u00e7a de mesa para catering \u00e0 prova de fugas, pratos para eventos sustent\u00e1veis<\/div>\n<\/div>\n<p><script type=\"application\/ld+json\">{\n    \"@context\": \"https:\\\/\\\/schema.org\",\n    \"@type\": \"FAQPage\",\n    \"mainEntity\": [\n        {\n            \"@type\": \"Question\",\n            \"name\": \"What is a 6-inch cornstarch plate typically used for?\",\n            \"acceptedAnswer\": {\n                \"@type\": \"Answer\",\n                \"text\": \"A 6-inch cornstarch plate is ideal for serving side dishes, snacks, desserts, or appetizer portions at parties, caf\\u00e9s, and eco-friendly foodservice events.\"\n            }\n        },\n        {\n            \"@type\": \"Question\",\n            \"name\": \"Are 6-inch cornstarch plates biodegradable and compostable?\",\n            \"acceptedAnswer\": {\n                \"@type\": \"Answer\",\n                \"text\": \"Yes. These plates are made from natural corn starch and are 100% biodegradable and compostable under industrial composting conditions, decomposing within 90\\u2013180 days.\"\n            }\n        },\n        {\n            \"@type\": \"Question\",\n            \"name\": \"Can a cornstarch plate handle hot and greasy food?\",\n            \"acceptedAnswer\": {\n                \"@type\": \"Answer\",\n                \"text\": \"Absolutely. Despite its eco-friendly material, the 6-inch cornstarch plate is sturdy, oil-resistant, and heat-safe\\u2014suitable for warm or fried foods.\"\n            }\n        },\n        {\n            \"@type\": \"Question\",\n            \"name\": \"Is the 6-inch cornstarch plate microwave-safe?\",\n            \"acceptedAnswer\": {\n                \"@type\": \"Answer\",\n                \"text\": \"Some 6-inch cornstarch plates are microwave-safe for short-term reheating. However, it\\u2019s best to check the manufacturer's guidelines for heat tolerance.\"\n            }\n        },\n        {\n            \"@type\": \"Question\",\n            \"name\": \"Where can I buy 6-inch biodegradable cornstarch plates in bulk?\",\n            \"acceptedAnswer\": {\n                \"@type\": \"Answer\",\n                \"text\": \"You can purchase them from eco-friendly packaging manufacturers or wholesalers offering compostable tableware products for restaurants, catering, and events.\"\n            }\n        }\n    ]\n}<\/script><\/p>","protected":false},"excerpt":{"rendered":"<p data-start=\"298\" data-end=\"899\">Uma refei\u00e7\u00e3o ecol\u00f3gica come\u00e7a no seu prato. Bioleader's <strong data-start=\"355\" data-end=\"386\">Amido de milho Pratos de lou\u00e7a de milho<\/strong> s\u00e3o feitos de amido natural \u00e0 base de milho, oferecendo uma <strong data-start=\"439\" data-end=\"461\">100% biodegrad\u00e1vel<\/strong> e <strong data-start=\"466\" data-end=\"481\">compost\u00e1vel<\/strong> solu\u00e7\u00e3o para o servi\u00e7o alimentar quotidiano. Estes <strong data-start=\"524\" data-end=\"554\">pratos brancos redondos e robustos<\/strong> s\u00e3o resistentes ao calor, podem ir ao micro-ondas e s\u00e3o ideais para servir pratos quentes ou frios em <strong data-start=\"635\" data-end=\"702\">restaurantes, cami\u00f5es de comida, eventos de catering e servi\u00e7os de take-away<\/strong>. Concebida para substituir o pl\u00e1stico sem comprometer o desempenho ou a est\u00e9tica, esta placa ecol\u00f3gica combina um design simples com um valor amigo do planeta.<strong data-start=\"844\" data-end=\"898\">diretamente do fabricante a pre\u00e7os competitivos<\/strong>.<\/p>","protected":false},"featured_media":1858,"comment_status":"open","ping_status":"closed","template":"","meta":{"_acf_changed":false},"product_brand":[8971],"product_cat":[8821],"product_tag":[8865,8867,8860,8868,8869,8871,8824,8872,8873],"class_list":{"0":"post-13768","1":"product","2":"type-product","3":"status-publish","4":"has-post-thumbnail","6":"product_brand-bioleader","7":"product_cat-cornstarch-plate","8":"product_tag-biodegradable-cornstarch-tablewar","9":"product_tag-bioplastic-plates","10":"product_tag-compostable-cornstarch-plates","11":"product_tag-corn-starch-plate","12":"product_tag-corn-ware-plate","13":"product_tag-cornstarch-food-plates","14":"product_tag-cornstarch-plates","15":"product_tag-eco-friendly-corn-ware-plates","16":"product_tag-wholesale-cornstarch-plates","18":"first","19":"instock","20":"purchasable","21":"product-type-simple"},"acf":[],"_links":{"self":[{"href":"https:\/\/www.bioleaderpack.com\/pt\/wp-json\/wp\/v2\/product\/13768","targetHints":{"allow":["GET"]}}],"collection":[{"href":"https:\/\/www.bioleaderpack.com\/pt\/wp-json\/wp\/v2\/product"}],"about":[{"href":"https:\/\/www.bioleaderpack.com\/pt\/wp-json\/wp\/v2\/types\/product"}],"replies":[{"embeddable":true,"href":"https:\/\/www.bioleaderpack.com\/pt\/wp-json\/wp\/v2\/comments?post=13768"}],"wp:featuredmedia":[{"embeddable":true,"href":"https:\/\/www.bioleaderpack.com\/pt\/wp-json\/wp\/v2\/media\/1858"}],"wp:attachment":[{"href":"https:\/\/www.bioleaderpack.com\/pt\/wp-json\/wp\/v2\/media?parent=13768"}],"wp:term":[{"taxonomy":"product_brand","embeddable":true,"href":"https:\/\/www.bioleaderpack.com\/pt\/wp-json\/wp\/v2\/product_brand?post=13768"},{"taxonomy":"product_cat","embeddable":true,"href":"https:\/\/www.bioleaderpack.com\/pt\/wp-json\/wp\/v2\/product_cat?post=13768"},{"taxonomy":"product_tag","embeddable":true,"href":"https:\/\/www.bioleaderpack.com\/pt\/wp-json\/wp\/v2\/product_tag?post=13768"}],"curies":[{"name":"wp","href":"https:\/\/api.w.org\/{rel}","templated":true}]}}