{"id":13573,"date":"2023-04-25T08:23:07","date_gmt":"2023-04-25T00:23:07","guid":{"rendered":"https:\/\/www.bioleaderpack.com\/es\/producto\/soperas-biodegradables-de-bagazo-de-cana-de-azucar-con-tapa\/"},"modified":"2026-04-24T17:33:42","modified_gmt":"2026-04-24T09:33:42","slug":"tacas-de-sopa-biodegradaveis-de-bagaco-de-cana-de-acucar-com-tampa","status":"publish","type":"product","link":"https:\/\/www.bioleaderpack.com\/pt\/produto\/tacas-de-sopa-biodegradaveis-de-bagaco-de-cana-de-acucar-com-tampa\/","title":{"rendered":"Tigelas de sopa biodegrad\u00e1veis de baga\u00e7o de cana-de-a\u00e7\u00facar com tampa"},"content":{"rendered":"<p style=\"text-align: center;\"><img decoding=\"async\" src=\"https:\/\/www.bioleaderpack.com\/wp-content\/uploads\/2023\/04\/L027028Size_1678720049553.jpg\" alt=\"tigela de sopa de cana-de-a\u00e7\u00facar\" width=\"48%\" \/> <img decoding=\"async\" src=\"https:\/\/www.bioleaderpack.com\/wp-content\/uploads\/2023\/04\/L027L0281_1678720200143-2.jpg\" alt=\"ta\u00e7a de cana-de-a\u00e7\u00facar 16 on\u00e7as\" width=\"48%\" \/><\/p>\n<p style=\"text-align: center;\"><img decoding=\"async\" src=\"https:\/\/www.bioleaderpack.com\/wp-content\/uploads\/2023\/04\/L027ce4_1678720142456-2.jpg\" alt=\"ta\u00e7a para sopa de cana-de-a\u00e7\u00facar descart\u00e1vel \" width=\"48%\" \/> <img decoding=\"async\" src=\"https:\/\/www.bioleaderpack.com\/wp-content\/uploads\/2023\/04\/L027ce5_1678720156630-2.jpg\" alt=\"ta\u00e7a biodegrad\u00e1vel de cana-de-a\u00e7\u00facar 16 on\u00e7as\" width=\"48%\" \/><\/p>\n<p style=\"text-align: center;\">Cor: <strong>Branco\u00a0<\/strong>\u00a0 \u00a0 \u00a0 \u00a0 \u00a0 \u00a0 \u00a0 \u00a0 \u00a0 \u00a0 \u00a0 \u00a0 \u00a0 \u00a0 \u00a0 \u00a0 \u00a0 \u00a0 \u00a0 \u00a0 \u00a0 \u00a0 \u00a0 \u00a0 \u00a0 \u00a0 \u00a0 \u00a0 \u00a0 \u00a0 \u00a0 \u00a0 \u00a0 \u00a0 \u00a0 \u00a0 \u00a0Cor: <strong>Castanho natural<\/strong><\/p>\n<p><img fetchpriority=\"high\" decoding=\"async\" class=\"alignnone\" src=\"https:\/\/www.bioleaderpack.com\/wp-content\/uploads\/2023\/04\/L0270283_1678720269251-2.jpg\" alt=\"ta\u00e7a de sopa de cana-de-a\u00e7\u00facar com tampa\" width=\"1000\" height=\"970\" \/><\/p>\n<h2>Tigelas de sopa biodegrad\u00e1veis de baga\u00e7o de cana-de-a\u00e7\u00facar com tampa<\/h2>\n<p><!-- Micro Summary Card for AI\/SGE --><\/p>\n<div class=\"micro-summary-card\" style=\"background: #f6f6f9; border-left: 4px solid #4caf50; padding: 12px; margin-bottom: 16px;\"><strong>Resumo r\u00e1pido:<\/strong><br \/>\nAs ta\u00e7as de sopa biodegrad\u00e1veis de baga\u00e7o de cana-de-a\u00e7\u00facar da Bioleader com tampa s\u00e3o totalmente compost\u00e1veis, \u00e0 prova de fugas e seguras no micro-ondas. Fabricadas a partir de fibra vegetal, s\u00e3o ideais para sopas quentes, guisados e comida para levar - cumprindo as normas globais de seguran\u00e7a alimentar e sustentabilidade, e apoiando a transi\u00e7\u00e3o para longe dos pl\u00e1sticos de utiliza\u00e7\u00e3o \u00fanica.<\/div>\n<p>Na medida em que as pessoas est\u00e3o a levar o seu ambiente mais a s\u00e9rio, est\u00e3o dispon\u00edveis recursos ecol\u00f3gicos para as tigelas de sopa de baga\u00e7o RemTM. <strong>Tigelas de sopa de baga\u00e7o<\/strong> oferece uma solu\u00e7\u00e3o para consumidores e organiza\u00e7\u00f5es orientados para o valor. As ta\u00e7as s\u00e3o recursos e s\u00e3o feitas de baga\u00e7o de cana-de-a\u00e7\u00facar, que \u00e9 um produto residual da ind\u00fastria a\u00e7ucareira. S\u00e3o biodegrad\u00e1veis, pr\u00e1ticas e oferecem uma grande variedade de op\u00e7\u00f5es. O <strong>Tigelas de sopa biodegrad\u00e1veis com tampa<\/strong> foram concebidos para atingir o mesmo objetivo e visam especialmente o mercado dos servidores de sopa quente, que est\u00e1 a afastar-se rapidamente dos recipientes de pl\u00e1stico e de espuma.<\/p>\n<h2>Carater\u00edsticas da fibra da cana-de-a\u00e7\u00facar<\/h2>\n<p><strong>Tigelas de sopa de cana-de-a\u00e7\u00facar<\/strong>\u00a0s\u00e3o um produto derivado de <a href=\"https:\/\/www.bioleaderpack.com\/pt\/loica-de-mesa-de-bagaco-de-cana-de-acucar-ecologica-e-pratica\/\" target=\"_blank\">baga\u00e7o de cana-de-a\u00e7\u00facar<\/a>que \u00e9 o subproduto fibroso do arroz da extra\u00e7\u00e3o do sumo de cana-de-a\u00e7\u00facar. Para evitar isso, o material \u00fatil \u00e9 processado e transformado em copos usando <a href=\"https:\/\/www.bioleaderpack.com\/pt\/sobre-a-moldagem-da-pasta-de-papel\/\" target=\"_blank\" rel=\"noopener\" data-wpil-monitor-id=\"2273\">moldagem de pasta de papel<\/a>. O processo ajuda a eliminar o baga\u00e7o de uma forma amiga do ambiente. Por isso, a nossa <strong><a href=\"https:\/\/www.bioleaderpack.com\/pt\/tacas-de-sopa-descartaveis-com-tampa-cartao-branco-kraft-bioleader\/\" target=\"_blank\" rel=\"noopener\" data-wpil-monitor-id=\"2563\">tigelas de sopa descart\u00e1veis com tampa<\/a><\/strong>\u00a0s\u00e3o a solu\u00e7\u00e3o perfeita para qualquer empresa que queira ser um pouco mais ecol\u00f3gica sem comprometer a qualidade. N\u00e3o h\u00e1 <a href=\"https:\/\/www.bioleaderpack.com\/pt\/sem-pfas-vs-sem-pfoa-vs-sem-bpa-como-escolher-louca-saudavel-e-nao-toxica\/\" target=\"_blank\" rel=\"noopener\" data-wpil-monitor-id=\"480\">PFAS e BPA<\/a> no\u00a0<strong>Tigelas de sopa de baga\u00e7o de cana-de-a\u00e7\u00facar<\/strong>o que significa que este produto \u00e9 seguro para os alimentos e que n\u00e3o existe qualquer risco para a sa\u00fade dos seus clientes.<\/p>\n<p><img decoding=\"async\" style=\"text-align: center;\" src=\"https:\/\/www.bioleaderpack.com\/wp-content\/uploads\/2023\/04\/0272_1678720472820-2.jpg\" alt=\"tigela de cana-de-a\u00e7\u00facar para sopa\" width=\"48%\" \/> <img decoding=\"async\" src=\"https:\/\/www.bioleaderpack.com\/wp-content\/uploads\/2023\/04\/L027ce1_1678720445640.jpg\" alt=\"ta\u00e7a de sopa de cana-de-a\u00e7\u00facar com tampa\" width=\"48%\" \/><\/p>\n<h2>Benef\u00edcios da utiliza\u00e7\u00e3o de tigelas de sopa de baga\u00e7o com tampa<\/h2>\n<p>A utiliza\u00e7\u00e3o do nosso\u00a0<strong>Tigelas de sopa de baga\u00e7o com tampa<\/strong> trouxe v\u00e1rias vantagens que se adaptam bem a muitos contextos de servi\u00e7os alimentares. Estas ta\u00e7as podem ser estanques, imperme\u00e1veis e \u00e0 prova de \u00f3leo, o que significa que, quando cheias com as sopas mais gordurosas ou quentes, n\u00e3o h\u00e1 qualquer hip\u00f3tese de derrame ou infiltra\u00e7\u00e3o. A presen\u00e7a de uma tampa de fecho torna a utiliza\u00e7\u00e3o destas tigelas ainda mais avan\u00e7ada, uma vez que foi criado um dispositivo de fecho adicional; assim, estas tigelas s\u00e3o ideais para refei\u00e7\u00f5es de take-away, de entrega e de viagem. Al\u00e9m disso, a <strong>tigelas de sopa biodegrad\u00e1veis com tampa<\/strong> n\u00e3o se queimam no micro-ondas, facilitando aos clientes o reaquecimento dos alimentos quando est\u00e3o prontos a comer.<\/p>\n<h2>Escolha sustent\u00e1vel: Biodegrad\u00e1vel e amigo do ambiente<\/h2>\n<p>Uma das estrat\u00e9gias de marketing que se deve prever utilizar para a nossa\u00a0<strong>tigela de sopa de cana-de-a\u00e7\u00facar<\/strong> \u00e9 o facto de se tratar de um produto biodegrad\u00e1vel. Estes\u00a0<strong>tigelas de sopa biodegrad\u00e1veis com tampa<\/strong> n\u00e3o s\u00e3o pl\u00e1sticos, pelo que, quando finalmente se degradam, n\u00e3o causam danos, como no caso de um recipiente de pl\u00e1stico, que pode demorar centenas de anos a decompor-se. Por conseguinte, s\u00e3o estes os produtos que as empresas devem adotar para reduzir a sua pegada de carbono. Para al\u00e9m disso, o <strong>Tigelas de sopa de baga\u00e7o de cana-de-a\u00e7\u00facar<\/strong> tamb\u00e9m podem ser compostados, o que significa que s\u00e3o levados para locais de compostagem onde estes nutrientes se transformam em composto rico em nutrientes.<\/p>\n<figure style=\"width: 1000px\" class=\"wp-caption alignnone\"><img decoding=\"async\" src=\"https:\/\/www.bioleaderpack.com\/wp-content\/uploads\/2023\/03\/LBowl_1678120102289.jpg\" alt=\"Tigelas de sopa de baga\u00e7o\" width=\"1000\" height=\"544\" \/><figcaption class=\"wp-caption-text\">Tigelas de sopa de baga\u00e7o<\/figcaption><\/figure>\n<p align=\"left\"><img decoding=\"async\" src=\"https:\/\/www.bioleaderpack.com\/wp-content\/uploads\/2023\/03\/20191211153532_1678120030316-1.jpg\" alt=\"ta\u00e7a de sopa de cana-de-a\u00e7\u00facar com tampa\" width=\"1000\" height=\"1000\" \/><\/p>\n<h2>Sustentabilidade Gerencial para Aplica\u00e7\u00e3o em Diferentes Alimentos<\/h2>\n<p>Relativamente \u00e0 alimenta\u00e7\u00e3o, o\u00a0<strong>Tigela de sopa de baga\u00e7o<\/strong>\u00a0podem ser utilizados para sopas quentes, guisados, saladas, massas, etc. Os recipientes satisfazem as exig\u00eancias de v\u00e1rios estabelecimentos de restaura\u00e7\u00e3o como restaurantes, caf\u00e9s, food trucks e catering. Do mesmo modo, os materiais utilizados para o fabrico\u00a0<strong>tigelas de sopa de cana-de-a\u00e7\u00facar<\/strong> s\u00e3o normalmente dur\u00e1veis, ajudando a reter mesmo o manuseamento extremo e, por conseguinte, adequadas para op\u00e7\u00f5es de embalagem e entrega. Al\u00e9m disso, estas ta\u00e7as est\u00e3o dispon\u00edveis em v\u00e1rios tamanhos para uma melhor sele\u00e7\u00e3o de acordo com as suas necessidades.<\/p>\n<h2>Qualidade e fiabilidade de um fabricante de confian\u00e7a<\/h2>\n<p>Tendo em conta o facto de sermos uma f\u00e1brica chinesa l\u00edder e um fabricante chin\u00eas, o nosso objetivo \u00e9 fornecer aveia de qualidade aos nossos clientes em todo o mundo. Existe a possibilidade de compra por grosso da <strong>Tigelas de sopa de baga\u00e7o com tampa<\/strong>tornando-a uma alternativa de embalagem de alimentos mais barata para as empresas do que os m\u00e9todos tradicionais. Escolher a nossa\u00a0<strong>ta\u00e7as biodegrad\u00e1veis com tampa<\/strong> ser\u00e1 uma decis\u00e3o sensata, bem como muito favor\u00e1vel \u00e0 conserva\u00e7\u00e3o do ambiente.<\/p>\n<h2>O panorama das embalagens alimentares sustent\u00e1veis no futuro<\/h2>\n<p>\u00c0 medida que os consumidores se tornam mais informados sobre quest\u00f5es de sustentabilidade, o mercado de op\u00e7\u00f5es de embalagens alimentares sustent\u00e1veis, como a nossa\u00a0<strong>tigelas de sopa de cana-de-a\u00e7\u00facar<\/strong>\u00a0provavelmente crescer\u00e1. As ta\u00e7as de baga\u00e7o de cana-de-a\u00e7\u00facar est\u00e3o tamb\u00e9m estrategicamente posicionadas para beneficiar desta mudan\u00e7a de paradigma em evolu\u00e7\u00e3o. Estamos a preencher um vazio importante entre os retalhistas de todo o mundo, que procuram solu\u00e7\u00f5es amigas do ambiente que sejam tamb\u00e9m pr\u00e1ticas. Estas\u00a0<strong>Tigelas de sopa de baga\u00e7o com tampa<\/strong> pode ajudar todos a serem ecol\u00f3gicos e, ao mesmo tempo, proporcionar aos clientes um jantar soberbo.<\/p>\n<h2 data-start=\"137\" data-end=\"161\">FAQ (As pessoas tamb\u00e9m perguntam)<\/h2>\n<h4 data-start=\"163\" data-end=\"235\">1. De que s\u00e3o feitas as tigelas de sopa biodegrad\u00e1veis de baga\u00e7o de cana-de-a\u00e7\u00facar?<\/h4>\n<p data-start=\"236\" data-end=\"427\">S\u00e3o feitas de baga\u00e7o, um subproduto natural do processamento da cana-de-a\u00e7\u00facar. Este material fibroso \u00e9 moldado em ta\u00e7as robustas e compost\u00e1veis, sem pl\u00e1stico, biodegrad\u00e1veis e amigas do ambiente.<\/p>\n<h4 data-start=\"429\" data-end=\"493\">2. As tigelas de sopa de baga\u00e7o de cana-de-a\u00e7\u00facar s\u00e3o seguras para l\u00edquidos quentes?<\/h4>\n<p data-start=\"494\" data-end=\"656\">Sim. Estas ta\u00e7as foram concebidas para suportar temperaturas elevadas at\u00e9 120\u00b0C, o que as torna ideais para sopas quentes, guisados, caldos e caril, sem derramar ou deformar.<\/p>\n<h4 data-start=\"658\" data-end=\"713\">3. As tigelas de sopa v\u00eam com tampas compost\u00e1veis?<\/h4>\n<p data-start=\"714\" data-end=\"898\">A maioria das tigelas de sopa de baga\u00e7o est\u00e1 dispon\u00edvel com tampas compost\u00e1veis a condizer, normalmente feitas de PLA ou polpa de fibra. Estas tampas proporcionam uma veda\u00e7\u00e3o segura e resistente a fugas para levar e entregar.<\/p>\n<h4 data-start=\"900\" data-end=\"967\">4. Quanto tempo \u00e9 que estas tigelas de sopa demoram a biodegradar-se?<\/h4>\n<p data-start=\"968\" data-end=\"1177\">Em condi\u00e7\u00f5es de compostagem industrial, as tigelas de sopa de baga\u00e7o podem decompor-se num prazo de 60 a 90 dias. Nos sistemas de compostagem dom\u00e9sticos, podem demorar at\u00e9 120 dias, dependendo da temperatura, humidade e atividade microbiana.<\/p>\n<h4 data-start=\"1179\" data-end=\"1243\">5. Posso comprar tigelas de sopa de cana-de-a\u00e7\u00facar com tampa a granel?<\/h4>\n<p data-start=\"1244\" data-end=\"1493\">Absolutamente. Os fabricantes e fornecedores oferecem op\u00e7\u00f5es de venda por grosso a granel para tamanhos como 12 oz, 16 oz, 24 oz e 32 oz, com marca personalizada, rotulagem privada e compatibilidade de tampas - perfeitas para restaurantes, servi\u00e7os de catering e distribuidores de embalagens ecol\u00f3gicas.<\/p>\n<h2>Como as ta\u00e7as de sopa de baga\u00e7o Bioleader\u00ae lideram as embalagens alimentares sustent\u00e1veis<\/h2>\n<div class=\"semantic-content-block\" style=\"background: #f9fafb; border-left: 4px solid #43a047; padding: 14px 18px 16px 18px; margin-bottom: 20px;\"><strong>Inova\u00e7\u00e3o orientada para o ambiente:<\/strong><br \/>\nFabricadas a partir de baga\u00e7o de cana-de-a\u00e7\u00facar 100%, estas ta\u00e7as s\u00e3o totalmente compost\u00e1veis e biodegrad\u00e1veis, alinhando-se com os esfor\u00e7os globais para eliminar os res\u00edduos de pl\u00e1stico e apoiar as economias circulares nas embalagens de alimentos.<strong>Desempenho na utiliza\u00e7\u00e3o no mundo real:<\/strong><br \/>\nConcebidas para alimentos quentes e ricos em l\u00edquidos, as ta\u00e7as s\u00e3o \u00e0 prova de fugas, resistentes a gorduras e podem ser utilizadas no micro-ondas e no congelador. O design seguro da tampa garante a frescura e a prote\u00e7\u00e3o contra derrames durante as entregas e as refei\u00e7\u00f5es para levar.<strong>Alinhamento do mercado e da regulamenta\u00e7\u00e3o:<\/strong><br \/>\n\u00c0 medida que as proibi\u00e7\u00f5es de pl\u00e1stico e as pol\u00edticas de EPR se expandem em todo o mundo, as ta\u00e7as da Bioleader proporcionam uma op\u00e7\u00e3o de embalagem compat\u00edvel e pronta para o futuro para restaurantes, empresas de catering e marcas de entrega.<strong>Oportunidade e valor da marca:<\/strong><br \/>\nCom fabrico direto na f\u00e1brica, marca personaliz\u00e1vel e pre\u00e7os competitivos, a Bioleader permite que as empresas do sector alimentar aumentem a sua imagem ecol\u00f3gica ao mesmo tempo que optimizam os custos e a efici\u00eancia.<strong>Vis\u00e3o estrat\u00e9gica:<\/strong><br \/>\nPara os fornecedores de servi\u00e7os alimentares que pretendem cumprir os objectivos ambientais, operacionais e regulamentares, as ta\u00e7as de sopa de baga\u00e7o da Bioleader oferecem uma solu\u00e7\u00e3o potente e escal\u00e1vel - diretamente do fabricante.<\/p>\n<\/div>\n<p><script type=\"application\/ld+json\">{\n    \"@context\": \"https:\\\/\\\/schema.org\",\n    \"@type\": \"FAQPage\",\n    \"mainEntity\": [\n        {\n            \"@type\": \"Question\",\n            \"name\": \"What are biodegradable sugarcane bagasse soup bowls made from?\",\n            \"acceptedAnswer\": {\n                \"@type\": \"Answer\",\n                \"text\": \"They are made from bagasse, a natural byproduct of sugarcane processing. This fibrous material is molded into sturdy, compostable bowls that are plastic-free, biodegradable, and eco-friendly.\"\n            }\n        },\n        {\n            \"@type\": \"Question\",\n            \"name\": \"Are sugarcane bagasse soup bowls safe for hot liquids?\",\n            \"acceptedAnswer\": {\n                \"@type\": \"Answer\",\n                \"text\": \"Yes. These bowls are designed to withstand high temperatures\\u2014up to 120\\u00b0C\\u2014making them ideal for hot soups, stews, broths, and curries without leaking or deforming.\"\n            }\n        },\n        {\n            \"@type\": \"Question\",\n            \"name\": \"Do the soup bowls come with compostable lids?\",\n            \"acceptedAnswer\": {\n                \"@type\": \"Answer\",\n                \"text\": \"Most bagasse soup bowls are available with matching compostable lids, typically made from PLA or fiber pulp. These lids provide a secure, leak-resistant seal for takeaway and delivery.\"\n            }\n        },\n        {\n            \"@type\": \"Question\",\n            \"name\": \"How long does it take for these soup bowls to biodegrade?\",\n            \"acceptedAnswer\": {\n                \"@type\": \"Answer\",\n                \"text\": \"Under industrial composting conditions, bagasse soup bowls can break down within 60 to 90 days. In home compost systems, they may take up to 120 days depending on temperature, humidity, and microbial activity.\"\n            }\n        },\n        {\n            \"@type\": \"Question\",\n            \"name\": \"Can I purchase sugarcane soup bowls with lids in bulk?\",\n            \"acceptedAnswer\": {\n                \"@type\": \"Answer\",\n                \"text\": \"Absolutely. Manufacturers and suppliers offer bulk wholesale options for sizes like 12oz, 16oz, 24oz, and 32oz, with custom branding, private labeling, and lid compatibility\\u2014perfect for restaurants, catering services, and eco-packaging distributors.\"\n            }\n        }\n    ]\n}<\/script><\/p>","protected":false},"excerpt":{"rendered":"<p>Bioleader's <strong>ta\u00e7as de sopa biodegrad\u00e1veis de baga\u00e7o de cana-de-a\u00e7\u00facar com tampa<\/strong> redefinem o padr\u00e3o para embalagens de alimentos ecol\u00f3gicas. Fabricadas a partir de fibra de cana-de-a\u00e7\u00facar renov\u00e1vel, estas ta\u00e7as s\u00e3o 100% compost\u00e1veis e biodegrad\u00e1veis, proporcionando uma solu\u00e7\u00e3o \u00e0 prova de fugas, resistente a gorduras e segura no micro-ondas para sopas quentes, guisados e comida para levar. Com um enfoque na sustentabilidade, no desempenho e na acessibilidade, a Bioleader garante a conformidade com as normas globais de seguran\u00e7a alimentar e de compostabilidade, tornando estas ta\u00e7as ideais para restaurantes, empresas de catering e marcas de entrega de alimentos que procuram qualidade e responsabilidade ambiental.<\/p>","protected":false},"featured_media":15611,"comment_status":"open","ping_status":"closed","template":"","meta":{"_acf_changed":false},"product_brand":[8971],"product_cat":[7150],"product_tag":[6853,6854,6855,6856,6857],"class_list":{"0":"post-13573","1":"product","2":"type-product","3":"status-publish","4":"has-post-thumbnail","6":"product_brand-bioleader","7":"product_cat-bagasse-bowl","8":"product_tag-bagasse-soup-bowls","9":"product_tag-bagasse-soup-bowls-with-lids","10":"product_tag-biodegradable-soup-bowls-with-lids","11":"product_tag-sugarcane-bagasse-soup-bowls","12":"product_tag-sugarcane-soup-bowls","14":"first","15":"instock","16":"purchasable","17":"product-type-simple"},"acf":[],"_links":{"self":[{"href":"https:\/\/www.bioleaderpack.com\/pt\/wp-json\/wp\/v2\/product\/13573","targetHints":{"allow":["GET"]}}],"collection":[{"href":"https:\/\/www.bioleaderpack.com\/pt\/wp-json\/wp\/v2\/product"}],"about":[{"href":"https:\/\/www.bioleaderpack.com\/pt\/wp-json\/wp\/v2\/types\/product"}],"replies":[{"embeddable":true,"href":"https:\/\/www.bioleaderpack.com\/pt\/wp-json\/wp\/v2\/comments?post=13573"}],"wp:featuredmedia":[{"embeddable":true,"href":"https:\/\/www.bioleaderpack.com\/pt\/wp-json\/wp\/v2\/media\/15611"}],"wp:attachment":[{"href":"https:\/\/www.bioleaderpack.com\/pt\/wp-json\/wp\/v2\/media?parent=13573"}],"wp:term":[{"taxonomy":"product_brand","embeddable":true,"href":"https:\/\/www.bioleaderpack.com\/pt\/wp-json\/wp\/v2\/product_brand?post=13573"},{"taxonomy":"product_cat","embeddable":true,"href":"https:\/\/www.bioleaderpack.com\/pt\/wp-json\/wp\/v2\/product_cat?post=13573"},{"taxonomy":"product_tag","embeddable":true,"href":"https:\/\/www.bioleaderpack.com\/pt\/wp-json\/wp\/v2\/product_tag?post=13573"}],"curies":[{"name":"wp","href":"https:\/\/api.w.org\/{rel}","templated":true}]}}