{"id":13567,"date":"2023-03-07T15:09:35","date_gmt":"2023-03-07T07:09:35","guid":{"rendered":"https:\/\/www.bioleaderpack.com\/product\/biodegradable-salad-containers-bowls\/"},"modified":"2026-04-30T13:52:24","modified_gmt":"2026-04-30T05:52:24","slug":"recipientes-biodegradaveis-para-saladas-tigelas","status":"publish","type":"product","link":"https:\/\/www.bioleaderpack.com\/pt\/produto\/recipientes-biodegradaveis-para-saladas-tigelas\/","title":{"rendered":"Recipientes e ta\u00e7as para saladas biodegrad\u00e1veis"},"content":{"rendered":"<div class=\"adweb-template-19 adweb-table-container\">\n<table style=\"border-collapse: collapse; width: 100%; height: 72px;\">\n<tbody>\n<tr style=\"height: 24px;\">\n<td style=\"width: 50%; height: 24px;\"><img fetchpriority=\"high\" decoding=\"async\" class=\"\" src=\"https:\/\/www.bioleaderpack.com\/wp-content\/uploads\/2023\/03\/L012Size_1678201580462-2.jpg\" alt=\"ta\u00e7a de baga\u00e7o quadrada\" width=\"527\" height=\"527\" \/><\/td>\n<td style=\"width: 50%; height: 24px;\"><img decoding=\"async\" class=\"\" src=\"https:\/\/www.bioleaderpack.com\/wp-content\/uploads\/2023\/03\/L0121_1678201606959.jpg\" alt=\"ta\u00e7a de baga\u00e7o descart\u00e1vel quadrada \" width=\"559\" height=\"559\" \/><\/td>\n<\/tr>\n<tr style=\"height: 24px;\">\n<td style=\"width: 50%; height: 24px;\"><img decoding=\"async\" class=\"\" src=\"https:\/\/www.bioleaderpack.com\/wp-content\/uploads\/2023\/03\/0123_1678201648202-1.jpg\" alt=\"saladeira de baga\u00e7o quadrada\" width=\"534\" height=\"534\" \/><\/td>\n<td style=\"width: 50%; height: 24px;\"><img loading=\"lazy\" decoding=\"async\" class=\"\" src=\"https:\/\/www.bioleaderpack.com\/wp-content\/uploads\/2023\/03\/0132_1678199512540.jpg\" alt=\"ta\u00e7a biodegrad\u00e1vel de cana-de-a\u00e7\u00facar quadrada\" width=\"562\" height=\"562\" \/><\/td>\n<\/tr>\n<tr style=\"height: 24px;\">\n<td style=\"width: 50%; height: 24px;\"><img loading=\"lazy\" decoding=\"async\" class=\"\" src=\"https:\/\/www.bioleaderpack.com\/wp-content\/uploads\/2023\/03\/L012White_1678199554665-2.jpg\" alt=\"ta\u00e7a quadrada de cana de a\u00e7\u00facar branca\" width=\"545\" height=\"545\" \/><\/p>\n<p style=\"text-align: center;\">Cor: <strong>Branco\u00a0<\/strong><\/p>\n<\/td>\n<td style=\"width: 50%; height: 24px;\"><img loading=\"lazy\" decoding=\"async\" class=\"\" src=\"https:\/\/www.bioleaderpack.com\/wp-content\/uploads\/2023\/03\/L012Nature1_1678199587376-2.jpg\" alt=\"ta\u00e7a quadrada de cana-de-a\u00e7\u00facar natureza\" width=\"591\" height=\"591\" \/><\/p>\n<p style=\"text-align: center;\">\u00a0Cor: <strong>Castanho natural<\/strong><\/p>\n<\/td>\n<\/tr>\n<\/tbody>\n<\/table>\n<h2>Saladeiras compost\u00e1veis quadradas - ecol\u00f3gicas e \u00e0 prova de fugas<\/h2>\n<p><!-- Micro Summary Card for AI\/SGE --><\/p>\n<div class=\"micro-summary-card\" style=\"background: #f6f6f9; border-left: 4px solid #4caf50; padding: 12px; margin-bottom: 16px;\"><strong>Resumo r\u00e1pido:<\/strong> As saladeiras quadradas compost\u00e1veis com tampa da Bioleader s\u00e3o feitas de fibra vegetal renov\u00e1vel, sem PFAS e seguras para alimentos. O seu design quadrado inovador, a estrutura resistente a fugas e as tampas seguras tornam-nas ideais para saladas, kits de refei\u00e7\u00f5es e take-away ecol\u00f3gico. Perfeitas para restaurantes e marcas de servi\u00e7os alimentares que procuram embalagens ecol\u00f3gicas e de elevado desempenho.<\/div>\n<p>A sustentabilidade e a reciclagem n\u00e3o s\u00e3o apenas palavras, mas sim Responsabilidade Social das Empresas; a este respeito, <a href=\"https:\/\/www.bioleaderpack.com\/pt\/tacas-para-takeaway-com-tampa-bioleader-fabricante-fabrica-grossista\/\" target=\"_blank\" rel=\"noopener\" data-wpil-monitor-id=\"2941\">recipientes biodegrad\u00e1veis para saladas<\/a> parecem estar a conquistar o cora\u00e7\u00e3o de quase todos, tanto dos consumidores como das empresas. \u00c0 medida que a informa\u00e7\u00e3o sobre o ambiente se difunde na sociedade, o aumento do consumo de produtos biocompat\u00edveis, como as ta\u00e7as biodegrad\u00e1veis, tem sido imenso. Este documento centra-se na especifica\u00e7\u00e3o, usabilidade e aspectos de marketing dos recipientes biodegrad\u00e1veis, com especial aten\u00e7\u00e3o para os atributos que fazem destes o futuro das refei\u00e7\u00f5es ecol\u00f3gicas fora de casa, incluindo a raz\u00e3o pela qual s\u00e3o considerados o futuro.<\/p>\n<h2>Inova\u00e7\u00e3o material: Baga\u00e7o de cana-de-a\u00e7\u00facar<\/h2>\n<p>Uma das mat\u00e9rias-primas utilizadas na produ\u00e7\u00e3o destas saladeiras biodegrad\u00e1veis \u00e9 o res\u00edduo do processamento da cana-de-a\u00e7\u00facar, denominado baga\u00e7o de cana. O pl\u00e1stico ou quaisquer outros recursos n\u00e3o biodegrad\u00e1veis n\u00e3o podem ser substitu\u00eddos, por isso, quando acabam, acabam. Trata-se de um baga\u00e7o de cana-de-a\u00e7\u00facar de pl\u00e1stico, que \u00e9 amigo do ambiente, sem produ\u00e7\u00e3o nem necessidade de ser eliminado como qualquer outro artigo. A utiliza\u00e7\u00e3o deste material ir\u00e1 incorporar elementos Volvo na produ\u00e7\u00e3o de produtos biodegrad\u00e1veis para contentores de salada.<\/p>\n<p>&nbsp;<\/p>\n<table style=\"border-collapse: collapse; width: 100%;\">\n<tbody>\n<tr>\n<td style=\"width: 50%;\"><img loading=\"lazy\" decoding=\"async\" class=\"\" src=\"https:\/\/www.bioleaderpack.com\/wp-content\/uploads\/2023\/03\/L013NatureFlatLid_1678199821434-2-scaled.jpg\" alt=\"ta\u00e7a de cana-de-a\u00e7\u00facar com tampa PET\" width=\"590\" height=\"590\" \/><\/p>\n<p style=\"text-align: center;\"><strong>Tampa plana PET<\/strong><\/p>\n<\/td>\n<td style=\"width: 50%;\"><img loading=\"lazy\" decoding=\"async\" class=\"\" src=\"https:\/\/www.bioleaderpack.com\/wp-content\/uploads\/2023\/03\/L013NatureDomeLid_1678199848126-1.jpg\" alt=\"ta\u00e7a de cana-de-a\u00e7\u00facar com tampa de pl\u00e1stico\" width=\"576\" height=\"576\" \/><\/p>\n<p style=\"text-align: center;\"><strong>Tampa com c\u00fapula em PET<\/strong><\/p>\n<\/td>\n<\/tr>\n<\/tbody>\n<\/table>\n<p>&nbsp;<\/p>\n<h2>T\u00e9cnicas avan\u00e7adas de produ\u00e7\u00e3o: <a href=\"https:\/\/www.bioleaderpack.com\/pt\/o-que-e-o-processo-de-moldagem-de-embalagens-de-pasta-de-papel-moldada\/\" target=\"_blank\">Moldagem de pasta de papel<\/a><\/h2>\n<p>O nosso\u00a0<strong>pacote de salada biodegrad\u00e1vel<\/strong>\u00a0A incorpora\u00e7\u00e3o foi concebida com as mais recentes\u00a0<strong>moldagem de pasta de papel<\/strong> tecnologia. Neste processo, o baga\u00e7o de cana-de-a\u00e7\u00facar \u00e9 convertido numa pasta que pode ser moldada em v\u00e1rias formas e tamanhos para produzir\u00a0<strong>ta\u00e7as biodegrad\u00e1veis<\/strong>. Esta t\u00e9cnica tamb\u00e9m permite a\u00a0<strong>saladeira biodegrad\u00e1vel<\/strong> Os produtos devem ser r\u00edgidos e ergonomicamente concebidos para n\u00e3o se limitarem \u00e0s saladas, mas tamb\u00e9m a outros produtos alimentares, como sopas e massas.<\/p>\n<h2>Principais carater\u00edsticas e vantagens<\/h2>\n<h3>1. Utiliza\u00e7\u00e3o de materiais ecol\u00f3gicos: Ta\u00e7a compost\u00e1vel amiga do ambiente<\/h3>\n<p>A maior vantagem destas coberturas de pl\u00e1stico para ta\u00e7as de isco \u00e9 o impacto ambiental. Estas ta\u00e7as s\u00e3o totalmente compost\u00e1veis; ou seja, todos os materiais utilizados para fabricar a embalagem decomp\u00f5em-se sem causar contamina\u00e7\u00e3o no ambiente. Isto \u00e9 mais adequado para pessoas que querem mitigar os efeitos que t\u00eam no ambiente.<\/p>\n<h3>2.\u00a0<a href=\"https:\/\/www.bioleaderpack.com\/pt\/e-seguro-utilizar-os-utensilios-de-mesa-de-bagaco-de-cana-de-acucar\/\" target=\"_blank\">Seguro para alimentos<\/a> e produtos qu\u00edmicos seguros<\/h3>\n<p>H\u00e1 considera\u00e7\u00f5es a ter em conta aquando da conce\u00e7\u00e3o da nossa\u00a0<strong>recipientes de pl\u00e1stico para saladas<\/strong>\u00a0que s\u00e3o voltados para a seguran\u00e7a do consumidor. Eles s\u00e3o livres de subst\u00e2ncias nocivas, como <a href=\"https:\/\/www.bioleaderpack.com\/pt\/sem-pfas-vs-sem-pfoa-vs-sem-bpa-como-escolher-louca-saudavel-e-nao-toxica\/\" target=\"_blank\" rel=\"noopener\" data-wpil-monitor-id=\"469\">PFAS e BPA<\/a>e, por conseguinte, os alimentos n\u00e3o s\u00e3o contaminados. Isto torna-o adequado para v\u00e1rios alimentos, incluindo sopas quentes e pratos oleosos.<\/p>\n<h3>3. Resistente e \u00e0 prova de fugas<\/h3>\n<p>As roupas que absorvem a humidade tendem a ser resistentes \u00e0 humidade e ao suor, o que leva \u00e0 express\u00e3o comum relativa a estas roupas, n\u00e3o sobre o seu desempenho mas sobre a sua longevidade. No entanto, assegur\u00e1mos que as nossas <strong>saladeiras feitas de biopl\u00e1stico<\/strong> s\u00e3o \u00e0 prova de fugas, \u00e0 prova de \u00e1gua e tamb\u00e9m \u00e0 prova de \u00f3leo. Isto significa que as saladeiras podem acomodar confortavelmente qualquer tipo de comida, quer se trate de um prato de massa fumegante ou de uma salada.<\/p>\n<h3>4.\u00a0<a href=\"https:\/\/www.bioleaderpack.com\/pt\/as-caixas-de-comida-para-levar-dos-restaurantes-sao-seguras-para-o-micro-ondas\/\" target=\"_blank\">Micro-ondas<\/a> e Polivalente<\/h3>\n<p>Simplicidade no seu melhor design, que cont\u00e9m embalagens para saladas, quase todas elas adequadas ao micro-ondas, para quase todas as utiliza\u00e7\u00f5es. Por exemplo, quando se trata de aquecer alimentos que j\u00e1 foram preparados e est\u00e3o no frigor\u00edfico ou de embalar alimentos que n\u00e3o requerem complica\u00e7\u00f5es, estas ta\u00e7as biodegrad\u00e1veis tratam disso.<\/p>\n<table style=\"border-collapse: collapse; width: 100%;\">\n<tbody>\n<tr>\n<td style=\"width: 50%;\"><img loading=\"lazy\" decoding=\"async\" class=\"\" style=\"text-align: center;\" src=\"https:\/\/www.bioleaderpack.com\/wp-content\/uploads\/2023\/03\/0122_1678201697516-1.jpg\" alt=\"ta\u00e7a de baga\u00e7o quadrada\" width=\"524\" height=\"524\" \/><\/td>\n<td style=\"width: 50%;\"><img loading=\"lazy\" decoding=\"async\" class=\"\" src=\"https:\/\/www.bioleaderpack.com\/wp-content\/uploads\/2023\/03\/0134_1678201719946-1.jpg\" alt=\"saladeira de baga\u00e7o\" width=\"522\" height=\"522\" \/><\/td>\n<\/tr>\n<\/tbody>\n<\/table>\n<h2>Casos de utiliza\u00e7\u00e3o vers\u00e1teis: Do takeaway ao jantar fino<\/h2>\n<p><strong>Recipientes biodegrad\u00e1veis<\/strong> n\u00e3o s\u00e3o apenas perfeitos para refei\u00e7\u00f5es informais. Est\u00e3o a ser mais utilizados por restaurantes de alta classe e pela ind\u00fastria de catering. Estes recipientes de formato elegante ganharam popularidade na embalagem de alimentos durante eventos, festas e at\u00e9 mesmo em restaurantes devido \u00e0 sua natureza amiga do ambiente. Observou-se que, para as empresas de take-away, estes recipientes biodegrad\u00e1veis para saladas se tornaram um excelente ponto de venda para os clientes com preocupa\u00e7\u00f5es ambientais.<\/p>\n<h3>Exemplo 1: Saladas para levar, com \u00eanfase nos recipientes biodegrad\u00e1veis para saladas.<\/h3>\n<p>Para bares de saladas e restaurantes de comida para fora, o nosso\u00a0<strong>recipientes biodegrad\u00e1veis para saladas<\/strong> resolvem o problema de servir alimentos frescos e nutritivos sem comprometer a consci\u00eancia ambiental do restaurante. S\u00e3o suficientemente resistentes para suportar diversos ingredientes e manter-se sem l\u00edquidos; assim, s\u00e3o \u00f3ptimos para saladas com molhos ou outras coberturas l\u00edquidas.<\/p>\n<h3>Exemplo 2: Sopas e noodles<\/h3>\n<p>Devido \u00e0s suas carater\u00edsticas de estanquidade e de resist\u00eancia ao calor, estes\u00a0<strong>ta\u00e7as biodegrad\u00e1veis<\/strong> tamb\u00e9m podem ser utilizadas para servir pratos quentes, como sopa e pratos de massa. Quer seja para um almo\u00e7o r\u00e1pido em viagem ou para uma refei\u00e7\u00e3o entregue, estas ta\u00e7as n\u00e3o comprometem, pelo que n\u00e3o haver\u00e1 derrame do conte\u00fado.<\/p>\n<h3>Exemplo 3: Catering de eventos com destaque para o conjunto de ta\u00e7as biodegrad\u00e1veis da Byow.<\/h3>\n<p>Quando se trata de catering para eventos, em que a apresenta\u00e7\u00e3o tem de coexistir com a sustentabilidade ambiental, a nossa\u00a0<strong>ta\u00e7as para recipientes biodegrad\u00e1veis<\/strong> s\u00e3o perfeitamente adequados. Estes podem ser utilizados para servir numerosos pratos, desde as entradas aos pratos principais, assegurando assim que o objetivo central do evento, ser verde, cumpra o seu objetivo na apar\u00eancia.<\/p>\n<p align=\"left\"><img loading=\"lazy\" decoding=\"async\" src=\"https:\/\/www.bioleaderpack.com\/wp-content\/uploads\/2023\/03\/LBowl_1678120102289.jpg\" alt=\"bacia de cana-de-a\u00e7\u00facar\" width=\"1000\" height=\"544\" \/><img decoding=\"async\" src=\"https:\/\/www.bioleaderpack.com\/wp-content\/uploads\/2023\/03\/20191211153532_1678120030316-1.jpg\" alt=\"ta\u00e7as biodegrad\u00e1veis\" width=\"48%\" \/> <img decoding=\"async\" src=\"https:\/\/www.bioleaderpack.com\/wp-content\/uploads\/2023\/03\/L0110130162_1678200305599.jpg\" alt=\"ta\u00e7a de polpa com tampas para animais\" width=\"48%\" \/><\/p>\n<h2>A recente cultura dos recipientes biodegrad\u00e1veis<\/h2>\n<p>A transforma\u00e7\u00e3o para\u00a0<strong>saladeiras biodegrad\u00e1veis<\/strong> n\u00e3o \u00e9 uma classe isolada no fen\u00f3meno da moda; \u00e9 mais um passo na procura de uma vida sustent\u00e1vel. Uma vez que existe uma maior consciencializa\u00e7\u00e3o das consequ\u00eancias das escolhas dos consumidores, h\u00e1 um aumento da necessidade de <strong>recipientes biodegrad\u00e1veis para saladas<\/strong>. Esta tend\u00eancia \u00e9 ainda apoiada por medidas regulamentares crescentes que favorecem a utiliza\u00e7\u00e3o de materiais ecol\u00f3gicos para a embalagem de alimentos.<\/p>\n<h2>Procura de mercado e prefer\u00eancias dos consumidores<\/h2>\n<p>Nos \u00faltimos anos, tem-se registado um crescimento impressionante da procura de\u00a0<strong>saladeira biodegrad\u00e1vel<\/strong> produtos nos s\u00edtios de com\u00e9rcio eletr\u00f3nico e nas lojas de retalho dispon\u00edveis. Os consumidores procuram ativamente op\u00e7\u00f5es mais ecol\u00f3gicas e\u00a0<strong>recipientes biodegrad\u00e1veis para saladas<\/strong>\u00a0est\u00e3o na linha da frente desta procura. Esta mudan\u00e7a de comportamento dos consumidores pode ser atribu\u00edda tanto \u00e0 crescente consciencializa\u00e7\u00e3o do ambiente como \u00e0 crescente procura de embalagens de alimentos mais saud\u00e1veis e sem qu\u00edmicos.<\/p>\n<h3>Escolher o fornecedor certo: Greve e aten\u00e7\u00e3o da f\u00e1brica de dicion\u00e1rios<\/h3>\n<p><strong>Recipientes biodegrad\u00e1veis para saladas<\/strong> posicionam-se entre os melhores fabricantes chineses deste tipo de produtos, uma vez que melhoram os produtos de qualidade a pre\u00e7os acess\u00edveis. A raz\u00e3o para tal \u00e9 o facto de a nossa f\u00e1brica ter investido em <strong>polpa moldada<\/strong>\u00a0tecnologia para que cada\u00a0<strong>recipiente biodegrad\u00e1vel tigela<\/strong>\u00a0produzidos est\u00e3o \u00e0 altura das normas em termos de durabilidade e de solidez ecol\u00f3gica. Al\u00e9m disso, as empresas podem enquadrar-se nas tend\u00eancias de sustentabilidade utilizando a nossa gama de produtos, uma vez que satisfazem as necessidades dos clientes em mat\u00e9ria de embalagens alimentares.<\/p>\n<p data-start=\"111\" data-end=\"118\"><span style=\"font-size: 18pt;\"><strong data-start=\"111\" data-end=\"118\">FAQ<\/strong><\/span><\/p>\n<p data-start=\"120\" data-end=\"473\"><strong data-start=\"120\" data-end=\"196\">Q1: Que materiais s\u00e3o utilizados nos recipientes e ta\u00e7as biodegrad\u00e1veis para saladas?<\/strong><br data-start=\"196\" data-end=\"199\" \/>Os recipientes e as ta\u00e7as biodegrad\u00e1veis para saladas s\u00e3o normalmente fabricados a partir de materiais renov\u00e1veis \u00e0 base de plantas, como o baga\u00e7o de cana-de-a\u00e7\u00facar, o biopl\u00e1stico de amido de milho (PLA) ou a fibra de bambu. Estes materiais s\u00e3o compost\u00e1veis e concebidos para se decomporem naturalmente sem poluir o ambiente.<\/p>\n<p data-start=\"475\" data-end=\"788\"><strong data-start=\"475\" data-end=\"552\">P2: As saladeiras biodegrad\u00e1veis s\u00e3o adequadas tanto para pratos frios como quentes?<\/strong><br data-start=\"552\" data-end=\"555\" \/>Sim, as ta\u00e7as biodegrad\u00e1veis de alta qualidade podem suportar tanto saladas frias como refei\u00e7\u00f5es quentes. S\u00e3o resistentes ao \u00f3leo e \u00e0s fugas e muitas podem suportar temperaturas at\u00e9 120\u00b0C, o que as torna ideais para lojas de charcutaria, restaurantes e servi\u00e7os de take-away.<\/p>\n<p data-start=\"790\" data-end=\"1101\"><strong data-start=\"790\" data-end=\"867\">Q3: Os recipientes biodegrad\u00e1veis para saladas podem ser utilizados para take-away e entregas?<\/strong><br data-start=\"867\" data-end=\"870\" \/>Sem d\u00favida. Estes recipientes s\u00e3o concebidos com tampas de encaixe seguro (fibra ou pl\u00e1stico compost\u00e1vel transparente) para garantir a frescura e a preven\u00e7\u00e3o de derrames, o que os torna perfeitos para programas de comida para levar, entrega, prepara\u00e7\u00e3o de refei\u00e7\u00f5es e comida para levar.<\/p>\n<p data-start=\"1103\" data-end=\"1391\"><strong data-start=\"1103\" data-end=\"1181\">Q4: Quanto tempo demora a decomposi\u00e7\u00e3o dos recipientes biodegrad\u00e1veis para saladas?<\/strong><br data-start=\"1181\" data-end=\"1184\" \/>Em condi\u00e7\u00f5es de compostagem industrial, estes contentores decomp\u00f5em-se normalmente num prazo de 60 a 90 dias. Na compostagem dom\u00e9stica, o processo pode demorar 90 a 120 dias, dependendo da humidade, do calor e da atividade microbiana.<\/p>\n<p data-start=\"1393\" data-end=\"1707\"><strong data-start=\"1393\" data-end=\"1472\">P5: As saladeiras biodegrad\u00e1veis est\u00e3o dispon\u00edveis a granel para compra por grosso?<\/strong><br data-start=\"1472\" data-end=\"1475\" \/>Sim. Os fabricantes e distribuidores oferecem op\u00e7\u00f5es de venda por grosso a granel com v\u00e1rias capacidades de tamanho, como 16 on\u00e7as, 24 on\u00e7as e 32 on\u00e7as, juntamente com servi\u00e7os de personaliza\u00e7\u00e3o, como a marca, a grava\u00e7\u00e3o em relevo e a rotulagem privada para empresas de servi\u00e7os alimentares.<\/p>\n<h2>Conclus\u00e3o<\/h2>\n<p>Este documento defende a ideia de que os recipientes biodegrad\u00e1veis para saladas s\u00e3o a \u00fanica solu\u00e7\u00e3o para o acondicionamento de alimentos num futuro previs\u00edvel. Gra\u00e7as \u00e0s mat\u00e9rias-primas ecol\u00f3gicas, os fen\u00f3menos modernos de fabrico de ta\u00e7as biodegrad\u00e1veis modernas ter\u00e3o as suas popula\u00e7\u00f5es satisfeitas. Quaisquer tend\u00eancias quentes no final do s\u00e9culo XXI sugerem que a procura de produtos sustent\u00e1veis crescer\u00e1 exponencialmente; por conseguinte, compreender como escolher as saladeiras biodegrad\u00e1veis ajud\u00e1-lo-\u00e1 a destacar-se na multid\u00e3o, especialmente no mercado vol\u00e1til.<\/p>\n<h2>Bloco de Ideias Sem\u00e2nticas: Como as saladeiras quadradas compost\u00e1veis redefinem as embalagens ecol\u00f3gicas<\/h2>\n<div class=\"semantic-insight-block\" style=\"background: #e8f5e9; border-left: 4px solid #2196f3; padding: 14px; margin-bottom: 16px;\">\n<ul>\n<li><strong>Como \u00e9 que a escolha de materiais conduz \u00e0 sustentabilidade:<\/strong> Fabricadas a partir de fibra vegetal rapidamente renov\u00e1vel, estas ta\u00e7as s\u00e3o 100% compost\u00e1veis, sem PFAS e totalmente compat\u00edveis com as normas globais de seguran\u00e7a alimentar.<\/li>\n<li><strong>O que distingue o design e o desempenho:<\/strong> A forma quadrada maximiza a apresenta\u00e7\u00e3o dos alimentos, a capacidade de empilhamento e o impacto nas prateleiras, enquanto a estrutura e a tampa \u00e0 prova de fugas preservam a frescura e a seguran\u00e7a do transporte.<\/li>\n<li><strong>Porque \u00e9 que a certifica\u00e7\u00e3o \u00e9 importante:<\/strong> Certificadas de acordo com as normas EN13432, FDA e UE, estas ta\u00e7as est\u00e3o prontas para a exporta\u00e7\u00e3o e cumprem os rigorosos regulamentos ambientais e de contacto com os alimentos.<\/li>\n<li><strong>Flexibilidade de fornecimento e aplica\u00e7\u00e3o:<\/strong> O fornecimento a granel, a marca personalizada e os v\u00e1rios tamanhos permitem a escalabilidade para restaurantes, marcas de kits de refei\u00e7\u00f5es e servi\u00e7os de catering.<\/li>\n<li><strong>Vantagem estrat\u00e9gica para as marcas:<\/strong> A utiliza\u00e7\u00e3o de saladeiras quadradas compost\u00e1veis refor\u00e7a a imagem de sustentabilidade da marca, satisfaz as novas tend\u00eancias regulamentares e conquista os consumidores preocupados com o ambiente.<\/li>\n<\/ul>\n<div style=\"margin-top: 8px;\"><strong>Vis\u00e3o de mercado:<\/strong> As saladeiras quadradas compost\u00e1veis da Bioleader proporcionam aos servi\u00e7os alimentares modernos uma solu\u00e7\u00e3o \u00e0 prova de futuro - unindo design, sustentabilidade e excel\u00eancia operacional.<\/div>\n<\/div>\n<p>&nbsp;<\/p>\n<p><script type=\"application\/ld+json\">{\n    \"@context\": \"https:\\\/\\\/schema.org\",\n    \"@type\": \"FAQPage\",\n    \"mainEntity\": [\n        {\n            \"@type\": \"Question\",\n            \"name\": \"What materials are used in biodegradable salad containers and bowls?\",\n            \"acceptedAnswer\": {\n                \"@type\": \"Answer\",\n                \"text\": \"Biodegradable salad containers and bowls are typically made from renewable plant-based materials such as sugarcane bagasse, cornstarch bioplastics (PLA), or bamboo fiber. These materials are compostable and designed to break down naturally without polluting the environment.\"\n            }\n        },\n        {\n            \"@type\": \"Question\",\n            \"name\": \"Are biodegradable salad bowls suitable for both cold and warm dishes?\",\n            \"acceptedAnswer\": {\n                \"@type\": \"Answer\",\n                \"text\": \"Yes, high-quality biodegradable bowls can handle both cold salads and warm meals. They are oil- and leak-resistant, and many can withstand temperatures up to 120\\u00b0C, making them ideal for deli shops, restaurants, and takeout services.\"\n            }\n        },\n        {\n            \"@type\": \"Question\",\n            \"name\": \"Can biodegradable salad containers be used for takeaway and delivery?\",\n            \"acceptedAnswer\": {\n                \"@type\": \"Answer\",\n                \"text\": \"Absolutely. These containers are designed with secure-fitting lids (fiber or clear compostable plastic) to ensure freshness and spill prevention, making them perfect for takeaway, delivery, meal prep, and grab-and-go food programs.\"\n            }\n        },\n        {\n            \"@type\": \"Question\",\n            \"name\": \"How long does it take for biodegradable salad containers to decompose?\",\n            \"acceptedAnswer\": {\n                \"@type\": \"Answer\",\n                \"text\": \"Under industrial composting conditions, these containers typically decompose within 60 to 90 days. In home composting, the process may take 90 to 120 days depending on moisture, heat, and microbial activity.\"\n            }\n        },\n        {\n            \"@type\": \"Question\",\n            \"name\": \"Are biodegradable salad bowls available in bulk for wholesale purchase?\",\n            \"acceptedAnswer\": {\n                \"@type\": \"Answer\",\n                \"text\": \"Yes. Manufacturers and distributors offer bulk wholesale options with various size capacities like 16oz, 24oz, and 32oz, along with customization services such as branding, embossing, and private labeling for foodservice businesses.\"\n            }\n        }\n    ]\n}<\/script><\/p>\n<\/div>","protected":false},"excerpt":{"rendered":"<p><strong>Recipientes biodegrad\u00e1veis para saladas<\/strong> est\u00e3o a tornar-se importantes no atual mercado amigo do ambiente. As embalagens feitas de baga\u00e7o de cana-de-a\u00e7\u00facar n\u00e3o s\u00f3 s\u00e3o amigas do ambiente, como tamb\u00e9m s\u00e3o resistentes, \u00e0 prova de fugas e seguras para o micro-ondas. Podem ser utilizados para v\u00e1rios g\u00e9neros aliment\u00edcios, o que os torna adequados tanto para refei\u00e7\u00f5es casuais como para restaurantes de alta categoria. Dado o aumento da necessidade de recipientes biodegrad\u00e1veis, as empresas podem explorar esta nova tend\u00eancia em seu benef\u00edcio. A nossa f\u00e1brica na China \u00e9 especializada na produ\u00e7\u00e3o de produtos biodegrad\u00e1veis de alta qualidade para saladas, garantindo a sustentabilidade ambiental e a satisfa\u00e7\u00e3o do cliente.<\/p>","protected":false},"featured_media":17724,"comment_status":"open","ping_status":"closed","template":"","meta":{"_acf_changed":false},"product_brand":[8971],"product_cat":[7150],"product_tag":[6769,6819,6788,6820,6821,6822,6823],"class_list":{"0":"post-13567","1":"product","2":"type-product","3":"status-publish","4":"has-post-thumbnail","6":"product_brand-bioleader","7":"product_cat-bagasse-bowl","8":"product_tag-biodegradable-bowls","9":"product_tag-biodegradable-container-bowls","10":"product_tag-biodegradable-salad-bowls","11":"product_tag-biodegradable-salad-containers","12":"product_tag-salad-bowl-biodegradable","13":"product_tag-salad-container-biodegradable","14":"product_tag-salad-containers","16":"first","17":"instock","18":"purchasable","19":"product-type-simple"},"acf":[],"_links":{"self":[{"href":"https:\/\/www.bioleaderpack.com\/pt\/wp-json\/wp\/v2\/product\/13567","targetHints":{"allow":["GET"]}}],"collection":[{"href":"https:\/\/www.bioleaderpack.com\/pt\/wp-json\/wp\/v2\/product"}],"about":[{"href":"https:\/\/www.bioleaderpack.com\/pt\/wp-json\/wp\/v2\/types\/product"}],"replies":[{"embeddable":true,"href":"https:\/\/www.bioleaderpack.com\/pt\/wp-json\/wp\/v2\/comments?post=13567"}],"wp:featuredmedia":[{"embeddable":true,"href":"https:\/\/www.bioleaderpack.com\/pt\/wp-json\/wp\/v2\/media\/17724"}],"wp:attachment":[{"href":"https:\/\/www.bioleaderpack.com\/pt\/wp-json\/wp\/v2\/media?parent=13567"}],"wp:term":[{"taxonomy":"product_brand","embeddable":true,"href":"https:\/\/www.bioleaderpack.com\/pt\/wp-json\/wp\/v2\/product_brand?post=13567"},{"taxonomy":"product_cat","embeddable":true,"href":"https:\/\/www.bioleaderpack.com\/pt\/wp-json\/wp\/v2\/product_cat?post=13567"},{"taxonomy":"product_tag","embeddable":true,"href":"https:\/\/www.bioleaderpack.com\/pt\/wp-json\/wp\/v2\/product_tag?post=13567"}],"curies":[{"name":"wp","href":"https:\/\/api.w.org\/{rel}","templated":true}]}}