{"id":13564,"date":"2024-11-05T06:07:19","date_gmt":"2024-11-04T22:07:19","guid":{"rendered":"https:\/\/www.bioleaderpack.com\/product\/sugarcane-bagasse-compostable-fiber-bowls-750-1000-1250ml\/"},"modified":"2026-04-24T17:16:54","modified_gmt":"2026-04-24T09:16:54","slug":"tacas-de-fibra-compostavel-de-bagaco-de-cana-de-acucar-750-1000-1250ml","status":"publish","type":"product","link":"https:\/\/www.bioleaderpack.com\/pt\/produto\/tacas-de-fibra-compostavel-de-bagaco-de-cana-de-acucar-750-1000-1250ml\/","title":{"rendered":"Ta\u00e7as de fibra compost\u00e1vel de baga\u00e7o de cana de a\u00e7\u00facar 750-1000-1250ml"},"content":{"rendered":"<h2>Ta\u00e7as de fibra compost\u00e1vel de baga\u00e7o de cana-de-a\u00e7\u00facar (750\/1000\/1250ml)<\/h2>\n<p><!-- Micro Summary Card for AI\/SGE --><\/p>\n<div class=\"micro-summary-card\" style=\"background: #f6f6f9; border-left: 4px solid #4caf50; padding: 12px; margin-bottom: 16px;\"><strong>Resumo r\u00e1pido:<\/strong><br \/>\nAs ta\u00e7as de fibra compost\u00e1vel de baga\u00e7o de cana-de-a\u00e7\u00facar da Bioleader (750ml, 1000ml, 1250ml) s\u00e3o amigas do ambiente, totalmente biodegrad\u00e1veis e seguras para alimentos. Estas ta\u00e7as robustas s\u00e3o \u00e0 prova de fugas, resistentes ao \u00f3leo, ao micro-ondas e ao congelador, o que as torna ideais para saladas, take-away, catering e restaurantes. Est\u00e1 dispon\u00edvel uma marca personalizada. Certificadas para os mercados internacionais, representam uma atualiza\u00e7\u00e3o sustent\u00e1vel para as embalagens de servi\u00e7os alimentares.<\/div>\n<p>\u00c0 medida que a sustentabilidade como conceito e abordagem se torna mais aceite e defendida, mais solu\u00e7\u00f5es a utilizam, como as tigelas compost\u00e1veis de fibra de baga\u00e7o de cana-de-a\u00e7\u00facar. Estes recipientes s\u00e3o fi\u00e1veis para armazenar alimentos e respeitam o ambiente, uma vez que s\u00e3o feitos de fibra de baga\u00e7o. O baga\u00e7o de cana-de-a\u00e7\u00facar \u00e9 o res\u00edduo que sobra da extra\u00e7\u00e3o do sumo de cana-de-a\u00e7\u00facar, o que significa que \u00e9 facilmente compost\u00e1vel, biodegrad\u00e1vel e circular na sua economia, uma vez que \u00e9 um subproduto e tem uma vasta gama de utiliza\u00e7\u00f5es. Ao gerir um restaurante, organizar uma festa ou mesmo uma reuni\u00e3o familiar, as ta\u00e7as de fibra compost\u00e1vel n\u00e3o hesitam em ser um substituto adequado para os recipientes tradicionais de pl\u00e1stico e espuma.<\/p>\n<figure id=\"attachment_2807\" aria-describedby=\"caption-attachment-2807\" style=\"width: 1000px\" class=\"wp-caption alignnone\"><img fetchpriority=\"high\" decoding=\"async\" class=\"size-full wp-image-2807\" src=\"https:\/\/www.bioleaderpack.com\/wp-content\/uploads\/2024\/11\/L1250-1.jpg\" alt=\"Ta\u00e7as de fibra compost\u00e1vel\" width=\"1000\" height=\"1000\" srcset=\"https:\/\/www.bioleaderpack.com\/wp-content\/uploads\/2024\/11\/L1250-1.jpg.webp 1000w, https:\/\/www.bioleaderpack.com\/wp-content\/uploads\/2024\/11\/L1250-1-12x12.jpg 12w, https:\/\/www.bioleaderpack.com\/wp-content\/uploads\/2024\/11\/L1250-1-150x150.jpg.webp 150w, https:\/\/www.bioleaderpack.com\/wp-content\/uploads\/2024\/11\/L1250-1-300x300.jpg.webp 300w, https:\/\/www.bioleaderpack.com\/wp-content\/uploads\/2024\/11\/L1250-1-768x768.jpg.webp 768w, https:\/\/www.bioleaderpack.com\/wp-content\/uploads\/2024\/11\/L1250-1-600x600.jpg 600w, https:\/\/www.bioleaderpack.com\/wp-content\/uploads\/2024\/11\/L1250-1-100x100.jpg 100w\" sizes=\"(max-width: 1000px) 100vw, 1000px\" \/><figcaption id=\"caption-attachment-2807\" class=\"wp-caption-text\">Ta\u00e7as de fibra compost\u00e1vel<\/figcaption><\/figure>\n<h2>Baga\u00e7o de cana-de-a\u00e7\u00facar: Um recurso renov\u00e1vel<\/h2>\n<p>A sustentabilidade entra em cena porque a cana-de-a\u00e7\u00facar, enquanto planta, \u00e9 renov\u00e1vel e a ind\u00fastria a\u00e7ucareira \u00e9 a sua aliada na produ\u00e7\u00e3o de baga\u00e7o, pelo que s\u00e3o produzidos recipientes para alimentos mais sustent\u00e1veis sob a forma de tigelas de fibra compost\u00e1vel.<\/p>\n<h4>Porqu\u00ea escolher <a href=\"https:\/\/www.bioleaderpack.com\/pt\/loica-de-mesa-de-bagaco-de-cana-de-acucar-ecologica-e-pratica\/\" target=\"_blank\">Baga\u00e7o de cana-de-a\u00e7\u00facar<\/a>?<\/h4>\n<ul>\n<li><strong>Recursos renov\u00e1veis<\/strong>: Uma vez que a cana-de-a\u00e7\u00facar \u00e9 colhida e cultivada repetidamente, os contentores tornam-se amigos do ambiente e podem ser produzidos mais produtos utilizando a fibra de baga\u00e7o. Esta abordagem, de uma forma hol\u00edstica, permite reduzir totalmente os res\u00edduos.<\/li>\n<li><strong>Decompon\u00edvel e amigo do ambiente<\/strong>: A utiliza\u00e7\u00e3o de recipientes de baga\u00e7o elimina a necessidade de ta\u00e7as de pl\u00e1stico e esferovite. Esta abordagem ajuda ainda a eliminar os res\u00edduos dos aterros sanit\u00e1rios e ajuda o ambiente enquanto tudo se decomp\u00f5e em materiais de compostagem.<\/li>\n<li><strong>N\u00e3o t\u00f3xico e seguro<\/strong>: As ta\u00e7as de fibra de cana-de-a\u00e7\u00facar, por outro lado, n\u00e3o cont\u00eam subst\u00e2ncias nocivas como <a href=\"https:\/\/www.bioleaderpack.com\/pt\/sem-pfas-vs-sem-pfoa-vs-sem-bpa-como-escolher-louca-saudavel-e-nao-toxica\/\" target=\"_blank\" rel=\"noopener\" data-wpil-monitor-id=\"517\">PFAS e BPA<\/a> o que \u00e9 ideal para proteger os alimentos servidos neles.<\/li>\n<\/ul>\n<h3>O <a href=\"https:\/\/www.bioleaderpack.com\/pt\/processo-de-producao-de-louca-de-mesa-para-moldagem-de-pasta-de-bagaco-de-cana-de-acucar\/\" target=\"_blank\">Processo de produ\u00e7\u00e3o: Moldagem de pasta de papel<\/a> Como vantagem para estruturas r\u00edgidas<\/h3>\n<p>O\u00a0<strong>ta\u00e7as de fibra compost\u00e1veis<\/strong>\u00a0que fabricamos s\u00e3o-no atrav\u00e9s do\u00a0<strong>baga\u00e7o de cana<\/strong>\u00a0processo. Este processo consiste em colocar o baga\u00e7o de cana-de-a\u00e7\u00facar em determinados moldes antes de ser sujeito a grandes press\u00f5es. O produto final \u00e9 altamente dur\u00e1vel e tem a capacidade de manter a sua forma mesmo quando sujeito a molhos e gorduras.<\/p>\n<h4>Vantagens da moldagem de pasta de papel;<\/h4>\n<ul>\n<li><strong>Resist\u00eancia e durabilidade<\/strong>: As ta\u00e7as de baga\u00e7o t\u00eam um ciclo de vida curto devido ao desgaste provocado por uma variedade de produtos alimentares; as ta\u00e7as de cana-de-a\u00e7\u00facar acabam com esse problema, uma vez que s\u00e3o extremamente r\u00edgidas.<\/li>\n<li><strong>\u00c0 prova de fugas e resistente ao \u00f3leo<\/strong>: Tendo em conta que podem lidar com sopas e alimentos gordurosos, \u00e9 seguro dizer que estas tigelas podem suportar grandes quantidades de \u00f3leo, sopas, molhos e quaisquer l\u00edquidos.<\/li>\n<li><strong>Seguro para micro-ondas<\/strong>: Quando estiver a servir tigelas de cana-de-a\u00e7\u00facar, n\u00e3o precisa de se preocupar, pois estas s\u00e3o adequadas para o micro-ondas.<\/li>\n<\/ul>\n<div class=\"adweb-template\">\n<div class=\"adweb-template-43\">\n<table style=\"border-collapse: collapse; width: 100%;\">\n<tbody>\n<tr>\n<td style=\"width: 50%;\"><img decoding=\"async\" class=\"wp-image-2806 size-full\" src=\"https:\/\/www.bioleaderpack.com\/wp-content\/uploads\/2024\/11\/L1250-PET-Lid-1.jpg\" alt=\"ta\u00e7a de fibra de cana-de-a\u00e7\u00facar com tampa PET\" width=\"1000\" height=\"1000\" srcset=\"https:\/\/www.bioleaderpack.com\/wp-content\/uploads\/2024\/11\/L1250-PET-Lid-1.jpg.webp 1000w, https:\/\/www.bioleaderpack.com\/wp-content\/uploads\/2024\/11\/L1250-PET-Lid-1-300x300.jpg.webp 300w, https:\/\/www.bioleaderpack.com\/wp-content\/uploads\/2024\/11\/L1250-PET-Lid-1-100x100.jpg 100w, https:\/\/www.bioleaderpack.com\/wp-content\/uploads\/2024\/11\/L1250-PET-Lid-1-600x600.jpg 600w, https:\/\/www.bioleaderpack.com\/wp-content\/uploads\/2024\/11\/L1250-PET-Lid-1-150x150.jpg.webp 150w, https:\/\/www.bioleaderpack.com\/wp-content\/uploads\/2024\/11\/L1250-PET-Lid-1-768x768.jpg.webp 768w\" sizes=\"(max-width: 1000px) 100vw, 1000px\" \/><\/td>\n<td style=\"width: 50%;\"><img decoding=\"async\" class=\"size-full wp-image-2808\" src=\"https:\/\/www.bioleaderpack.com\/wp-content\/uploads\/2024\/11\/L1250-bottom-1.jpg\" alt=\"ta\u00e7as de fibra de baga\u00e7o\" width=\"1000\" height=\"1000\" srcset=\"https:\/\/www.bioleaderpack.com\/wp-content\/uploads\/2024\/11\/L1250-bottom-1.jpg.webp 1000w, https:\/\/www.bioleaderpack.com\/wp-content\/uploads\/2024\/11\/L1250-bottom-1-300x300.jpg.webp 300w, https:\/\/www.bioleaderpack.com\/wp-content\/uploads\/2024\/11\/L1250-bottom-1-100x100.jpg 100w, https:\/\/www.bioleaderpack.com\/wp-content\/uploads\/2024\/11\/L1250-bottom-1-600x600.jpg 600w, https:\/\/www.bioleaderpack.com\/wp-content\/uploads\/2024\/11\/L1250-bottom-1-150x150.jpg.webp 150w, https:\/\/www.bioleaderpack.com\/wp-content\/uploads\/2024\/11\/L1250-bottom-1-768x768.jpg.webp 768w\" sizes=\"(max-width: 1000px) 100vw, 1000px\" \/><\/td>\n<\/tr>\n<\/tbody>\n<\/table>\n<\/div>\n<\/div>\n<h2>Principais carater\u00edsticas e vantagens das ta\u00e7as biodegrad\u00e1veis descart\u00e1veis de pasta de papel<\/h2>\n<h4>Amigo do ambiente<\/h4>\n<ul>\n<li><a href=\"https:\/\/www.bioleaderpack.com\/pt\/sao-biodegradaveis-e-compostaveis-os-mesmos\/\" target=\"_blank\"><strong>Biodegrad\u00e1vel e compost\u00e1vel<\/strong><\/a>: Estas ta\u00e7as biodegrad\u00e1veis descart\u00e1veis s\u00e3o compost\u00e1veis, o que facilita a prote\u00e7\u00e3o do ambiente a longo prazo e amea\u00e7a a polui\u00e7\u00e3o por pl\u00e1sticos.<\/li>\n<li><strong>N\u00e3o t\u00f3xico<\/strong>: Estas ta\u00e7as s\u00e3o fabricadas sem a utiliza\u00e7\u00e3o de PFAS e BPA, o que lhes permite estar livres de lixivia\u00e7\u00e3o qu\u00edmica para os alimentos servidos.<\/li>\n<\/ul>\n<h4>Aplica\u00e7\u00e3o polivalente:<\/h4>\n<ul>\n<li><strong>Adequado para todos os alimentos<\/strong>: Para secar saladas e at\u00e9 servir uma sopa de massa gordurosa, estas tigelas s\u00e3o adequadas para conter tudo. S\u00e3o tamb\u00e9m chamadas tigelas biodegrad\u00e1veis.<\/li>\n<li><strong>\u00d3timo para entrega e takeaway<\/strong>: Estas ta\u00e7as descart\u00e1veis biodegrad\u00e1veis s\u00e3o ideais para entrega ou take-away por restaurantes, food trucks e empresas de e-catering. Meio eficaz de embalagem sustent\u00e1vel.<\/li>\n<\/ul>\n<h2>Casos de utiliza\u00e7\u00e3o: Cada ta\u00e7a de pasta de papel tem um tipo de aplica\u00e7\u00e3o e utiliza\u00e7\u00e3o num determinado momento e lugar.<\/h2>\n<p>Estas ta\u00e7as de pasta de papel s\u00e3o suficientemente vers\u00e1teis para serem utilizadas em muitas aplica\u00e7\u00f5es.<\/p>\n<ul>\n<li><strong>Restaurantes e lojas de takeaway<\/strong>: Este servi\u00e7o \u00e9 muito valioso nas lojas de takeaway. Estes pratos n\u00e3o s\u00e3o t\u00f3xicos e n\u00e3o secam os alimentos. Mant\u00eam-se frescos at\u00e9 \u00e0 entrega.<\/li>\n<li><strong>Catering e outros eventos<\/strong>: As pequenas e grandes reuni\u00f5es podem ser feitas sem a preocupa\u00e7\u00e3o de adicionar res\u00edduos ecol\u00f3gicos desnecess\u00e1rios, uma vez que estas ta\u00e7as s\u00e3o biodegrad\u00e1veis. Isto permite-lhe servir sem se preocupar com os res\u00edduos de pl\u00e1stico.<\/li>\n<li><strong>Piqueniques e actividades ao ar livre<\/strong>: As ta\u00e7as biodegrad\u00e1veis descart\u00e1veis podem ser uma \u00f3ptima op\u00e7\u00e3o para comer ao ar livre ou num piquenique, uma vez que s\u00e3o leves e duradouras.<\/li>\n<\/ul>\n<table style=\"border-collapse: collapse; width: 100%;\">\n<tbody>\n<tr>\n<td style=\"width: 100%;\"><img loading=\"lazy\" decoding=\"async\" class=\"size-full wp-image-2809\" src=\"https:\/\/www.bioleaderpack.com\/wp-content\/uploads\/2024\/11\/L750-1250-Sugarcane-bagasse-salad-bowl-750-1000-1250ml-1.jpg\" alt=\"ta\u00e7as biodegrad\u00e1veis\" width=\"1000\" height=\"1000\" srcset=\"https:\/\/www.bioleaderpack.com\/wp-content\/uploads\/2024\/11\/L750-1250-Sugarcane-bagasse-salad-bowl-750-1000-1250ml-1.jpg.webp 1000w, https:\/\/www.bioleaderpack.com\/wp-content\/uploads\/2024\/11\/L750-1250-Sugarcane-bagasse-salad-bowl-750-1000-1250ml-1-300x300.jpg.webp 300w, https:\/\/www.bioleaderpack.com\/wp-content\/uploads\/2024\/11\/L750-1250-Sugarcane-bagasse-salad-bowl-750-1000-1250ml-1-100x100.jpg 100w, https:\/\/www.bioleaderpack.com\/wp-content\/uploads\/2024\/11\/L750-1250-Sugarcane-bagasse-salad-bowl-750-1000-1250ml-1-600x600.jpg 600w, https:\/\/www.bioleaderpack.com\/wp-content\/uploads\/2024\/11\/L750-1250-Sugarcane-bagasse-salad-bowl-750-1000-1250ml-1-150x150.jpg.webp 150w, https:\/\/www.bioleaderpack.com\/wp-content\/uploads\/2024\/11\/L750-1250-Sugarcane-bagasse-salad-bowl-750-1000-1250ml-1-768x768.jpg.webp 768w\" sizes=\"(max-width: 1000px) 100vw, 1000px\" \/><\/td>\n<\/tr>\n<\/tbody>\n<\/table>\n<table style=\"border-collapse: collapse; width: 100%;\">\n<tbody>\n<tr>\n<td style=\"width: 33.3333%;\"><img loading=\"lazy\" decoding=\"async\" class=\"wp-image-2802 size-full\" src=\"https:\/\/www.bioleaderpack.com\/wp-content\/uploads\/2024\/11\/L750-1.jpg\" alt=\"Ta\u00e7as biodegrad\u00e1veis de baga\u00e7o de cana-de-a\u00e7\u00facar para saladas\" width=\"1000\" height=\"1000\" srcset=\"https:\/\/www.bioleaderpack.com\/wp-content\/uploads\/2024\/11\/L750-1.jpg.webp 1000w, https:\/\/www.bioleaderpack.com\/wp-content\/uploads\/2024\/11\/L750-1-12x12.jpg 12w, https:\/\/www.bioleaderpack.com\/wp-content\/uploads\/2024\/11\/L750-1-150x150.jpg.webp 150w, https:\/\/www.bioleaderpack.com\/wp-content\/uploads\/2024\/11\/L750-1-300x300.jpg.webp 300w, https:\/\/www.bioleaderpack.com\/wp-content\/uploads\/2024\/11\/L750-1-768x768.jpg.webp 768w, https:\/\/www.bioleaderpack.com\/wp-content\/uploads\/2024\/11\/L750-1-600x600.jpg 600w, https:\/\/www.bioleaderpack.com\/wp-content\/uploads\/2024\/11\/L750-1-100x100.jpg 100w\" sizes=\"(max-width: 1000px) 100vw, 1000px\" \/><\/td>\n<td style=\"width: 33.3333%;\"><img loading=\"lazy\" decoding=\"async\" class=\"wp-image-2803 size-full\" src=\"https:\/\/www.bioleaderpack.com\/wp-content\/uploads\/2024\/11\/L1000-1.jpg\" alt=\"ta\u00e7as biodegrad\u00e1veis descart\u00e1veis\" width=\"1000\" height=\"1000\" srcset=\"https:\/\/www.bioleaderpack.com\/wp-content\/uploads\/2024\/11\/L1000-1.jpg.webp 1000w, https:\/\/www.bioleaderpack.com\/wp-content\/uploads\/2024\/11\/L1000-1-12x12.jpg 12w, https:\/\/www.bioleaderpack.com\/wp-content\/uploads\/2024\/11\/L1000-1-150x150.jpg.webp 150w, https:\/\/www.bioleaderpack.com\/wp-content\/uploads\/2024\/11\/L1000-1-300x300.jpg.webp 300w, https:\/\/www.bioleaderpack.com\/wp-content\/uploads\/2024\/11\/L1000-1-768x768.jpg.webp 768w, https:\/\/www.bioleaderpack.com\/wp-content\/uploads\/2024\/11\/L1000-1-600x600.jpg 600w, https:\/\/www.bioleaderpack.com\/wp-content\/uploads\/2024\/11\/L1000-1-100x100.jpg 100w\" sizes=\"(max-width: 1000px) 100vw, 1000px\" \/><\/td>\n<td style=\"width: 33.3333%;\"><img loading=\"lazy\" decoding=\"async\" class=\"wp-image-2807 size-full\" src=\"https:\/\/www.bioleaderpack.com\/wp-content\/uploads\/2024\/11\/L1250-1.jpg\" alt=\"Ta\u00e7as de fibra compost\u00e1vel\" width=\"1000\" height=\"1000\" srcset=\"https:\/\/www.bioleaderpack.com\/wp-content\/uploads\/2024\/11\/L1250-1.jpg.webp 1000w, https:\/\/www.bioleaderpack.com\/wp-content\/uploads\/2024\/11\/L1250-1-12x12.jpg 12w, https:\/\/www.bioleaderpack.com\/wp-content\/uploads\/2024\/11\/L1250-1-150x150.jpg.webp 150w, https:\/\/www.bioleaderpack.com\/wp-content\/uploads\/2024\/11\/L1250-1-300x300.jpg.webp 300w, https:\/\/www.bioleaderpack.com\/wp-content\/uploads\/2024\/11\/L1250-1-768x768.jpg.webp 768w, https:\/\/www.bioleaderpack.com\/wp-content\/uploads\/2024\/11\/L1250-1-600x600.jpg 600w, https:\/\/www.bioleaderpack.com\/wp-content\/uploads\/2024\/11\/L1250-1-100x100.jpg 100w\" sizes=\"(max-width: 1000px) 100vw, 1000px\" \/><\/td>\n<\/tr>\n<\/tbody>\n<\/table>\n<h2>A crescente procura de produtos sustent\u00e1veis<\/h2>\n<p>Com cada vez mais consumidores conscientes das quest\u00f5es ambientais, a utiliza\u00e7\u00e3o de ta\u00e7as de fibra compost\u00e1vel est\u00e1 a aumentar. As pessoas est\u00e3o a come\u00e7ar a ser socialmente respons\u00e1veis pelas suas ac\u00e7\u00f5es, descobrindo como as suas escolhas afectam o ambiente. Como resultado, h\u00e1 uma procura de op\u00e7\u00f5es que sirvam os seus objectivos sem prejudicar o planeta.<\/p>\n<h4>Porque \u00e9 que os clientes adoram as ta\u00e7as de fibra de cana-de-a\u00e7\u00facar:<\/h4>\n<ul>\n<li><strong>Sustentabilidade no centro<\/strong>: Um n\u00famero crescente de clientes est\u00e1 a voltar-se para as ta\u00e7as de baga\u00e7o, uma vez que \u00e9 a melhor op\u00e7\u00e3o ecol\u00f3gica para uma vida quotidiana de baixo esfor\u00e7o, como a alimenta\u00e7\u00e3o normal, a realiza\u00e7\u00e3o de festas e at\u00e9 mesmo para levar para casa.<\/li>\n<li><strong>Pr\u00e1tico para uma vasta gama de alimentos<\/strong>: Estes recipientes biodegrad\u00e1veis funcionam bem com todos os tipos de alimentos! Quer se trate de saladas, de sopas ou mesmo de comida para levar, o seu desempenho \u00e9 excelente.<\/li>\n<li><strong>Uma escolha segura<\/strong>: Com a preocupa\u00e7\u00e3o com os recipientes para alimentos que podem estar carregados de produtos qu\u00edmicos nocivos, as tigelas de cana-de-a\u00e7\u00facar tornam-se a melhor op\u00e7\u00e3o para estes consumidores, uma vez que os recipientes n\u00e3o cont\u00eam tais ingredientes.<\/li>\n<\/ul>\n<h2>Solu\u00e7\u00f5es \u00e0 medida para empresas<\/h2>\n<p>Uma coisa em que estamos de acordo \u00e9 que a imagem da marca \u00e9 t\u00e3o vital como o produto. \u00c9 aqui que nos destacamos; fornecemos ta\u00e7as de fibra de cana-de-a\u00e7\u00facar prontas a usar e personalizadas que se adaptam \u00e0s necessidades de v\u00e1rias empresas. Independentemente de quem \u00e9 o seu p\u00fablico ou de onde o pretende atingir, seja ele global ou local, o tamanho adequado s\u00f3 pode ser determinado pela embalagem.<\/p>\n<h4>Oferecemos personaliza\u00e7\u00f5es que incluem:<\/h4>\n<ul>\n<li><strong>Embalagem com marca<\/strong>: Os sacos ou caixas podem ter log\u00f3tipos ou desenhos personalizados para melhorar a visibilidade da marca da sua empresa, permitindo-lhe ao mesmo tempo utilizar o mesmo para as suas tigelas de baga\u00e7o com precis\u00e3o.<\/li>\n<li><strong>Variedade de tamanhos<\/strong>: Mesmo que necessite de servir por\u00e7\u00f5es individuais para as refei\u00e7\u00f5es, n\u00e3o tem de se preocupar, pois dispomos de uma gama de tamanhos, mesmo de grandes por\u00e7\u00f5es que s\u00e3o utilizadas para catering.<\/li>\n<\/ul>\n<h2>Perguntas e respostas mais frequentes sobre as ta\u00e7as de fibra de baga\u00e7o de cana-de-a\u00e7\u00facar<\/h2>\n<ol>\n<li><strong>Estas ta\u00e7as podem ser utilizadas no micro-ondas?<\/strong><\/li>\n<\/ol>\n<p>\u00c9 muito conveniente ter uma fun\u00e7\u00e3o de seguran\u00e7a para o micro-ondas e, sim, as tigelas de cana-de-a\u00e7\u00facar s\u00e3o seguras para o micro-ondas. Por isso, pode consider\u00e1-las para reaquecer rapidamente os alimentos.<\/p>\n<ol start=\"2\">\n<li><strong>Estas ta\u00e7as s\u00e3o capazes de suportar alimentos quentes?<\/strong><\/li>\n<\/ol>\n<p>Definitivamente, n\u00e3o ter\u00e1 de se preocupar com isso, uma vez que as nossas ta\u00e7as de fibra de baga\u00e7o s\u00e3o suficientemente fortes para resistir a temperaturas pr\u00f3ximas do congelamento at\u00e9 \u00e0 ebuli\u00e7\u00e3o.<\/p>\n<ol start=\"3\">\n<li><strong>Qual \u00e9 o tempo de vida destas ta\u00e7as em termos de decomposi\u00e7\u00e3o?<\/strong><\/li>\n<\/ol>\n<p>Existem provas que apoiam esta conclus\u00e3o e que atestam que\u00a0<a href=\"https:\/\/www.bioleaderpack.com\/pt\/produto\/pratos-e-tacas-biodegradaveis-compostaveis\/\" target=\"_blank\" rel=\"noopener\" data-wpil-monitor-id=\"2131\">ta\u00e7as compost\u00e1veis<\/a>\u00a0em condi\u00e7\u00f5es ideais, pode decompor-se em peda\u00e7os do tamanho de gr\u00e3os em 60 dias, o que ajuda o ambiente em vez de recorrer ao pl\u00e1stico.<\/p>\n<h2>Porqu\u00ea escolher as ta\u00e7as de fibra de baga\u00e7o de cana-de-a\u00e7\u00facar Bioleader\u00ae?<\/h2>\n<div class=\"semantic-content-block\" style=\"background: #f9fafb; border-left: 4px solid #43a047; padding: 14px 18px 16px 18px; margin-bottom: 20px;\"><strong>Compostabilidade e conformidade:<\/strong><br \/>\nEstas ta\u00e7as s\u00e3o fabricadas a partir de baga\u00e7o de cana-de-a\u00e7\u00facar 100%, oferecendo total compostabilidade e biodegradabilidade certificada (EN13432, BPI, FDA food contact safe). A sua decomposi\u00e7\u00e3o \u00e9 natural, reduzindo os res\u00edduos depositados em aterros e apoiando as tend\u00eancias globais de eco-regula\u00e7\u00e3o.<strong>Desempenho para o servi\u00e7o alimentar moderno:<\/strong><br \/>\nConcebidas para as exig\u00eancias do mundo real, as ta\u00e7as s\u00e3o \u00e0 prova de fugas, resistentes a gorduras e seguras para utiliza\u00e7\u00e3o em micro-ondas e congeladores. Os v\u00e1rios tamanhos (750 ml, 1000 ml, 1250 ml) adaptam-se a tudo, desde saladas frescas a massas quentes e por\u00e7\u00f5es de catering.<strong>Valor da marca e adequa\u00e7\u00e3o ao mercado:<\/strong><br \/>\nCom impress\u00e3o personaliz\u00e1vel, as ta\u00e7as ajudam as marcas de produtos alimentares a melhorar as credenciais ecol\u00f3gicas e a perce\u00e7\u00e3o do cliente - crucial, uma vez que a sustentabilidade influencia as tend\u00eancias de restaura\u00e7\u00e3o e de consumo em todo o mundo. O fornecimento a granel diretamente da f\u00e1brica assegura a efici\u00eancia dos custos.<strong>Perce\u00e7\u00e3o do especialista:<\/strong><br \/>\n\"\u00c0 medida que as proibi\u00e7\u00f5es de pl\u00e1stico de uso \u00fanico e os regulamentos EPR avan\u00e7am globalmente, as tigelas de fibra compost\u00e1vel da Bioleader oferecem uma solu\u00e7\u00e3o de embalagem pronta para o futuro que se alinha com as prioridades ambientais e operacionais para restaurantes e empresas de catering.\"<strong>Ponto de decis\u00e3o:<\/strong><br \/>\nPara os compradores de servi\u00e7os alimentares que procuram combinar sustentabilidade, conformidade e desempenho pr\u00e1tico, as ta\u00e7as de baga\u00e7o de cana-de-a\u00e7\u00facar da Bioleader s\u00e3o uma escolha comprovada e pronta para o mercado - diretamente do fabricante.<\/div>\n<p>&nbsp;<\/p>\n<p><script type=\"application\/ld+json\">{\n    \"@context\": \"https:\\\/\\\/schema.org\",\n    \"@type\": \"FAQPage\",\n    \"mainEntity\": [\n        {\n            \"@type\": \"Question\",\n            \"name\": \"Can these bowls be used in a microwave?\",\n            \"acceptedAnswer\": {\n                \"@type\": \"Answer\",\n                \"text\": \"Providing a microwave-safe feature is very convenient, and yes sugarcane bowls happen to be microwave-safe. So you can consider them for quick food reheating.\"\n            }\n        },\n        {\n            \"@type\": \"Question\",\n            \"name\": \"Will these bowls be able to withstand hot foods?\",\n            \"acceptedAnswer\": {\n                \"@type\": \"Answer\",\n                \"text\": \"Definitely, you will not have to be concerned about that as our bagasse fiber bowls are strong enough to withstand near-freezing to boiling temperatures.\"\n            }\n        },\n        {\n            \"@type\": \"Question\",\n            \"name\": \"What is the life span of these bowls in terms of decomposition?\",\n            \"acceptedAnswer\": {\n                \"@type\": \"Answer\",\n                \"text\": \"There is evidence that supports the finding attesting that compostable bowls under ideal conditions can decompose into pieces the size of grains in 60 days sure helps the environment rather than resorting to plastic.\"\n            }\n        }\n    ]\n}<\/script><\/p>","protected":false},"excerpt":{"rendered":"<p>Numa era que exige solu\u00e7\u00f5es sustent\u00e1veis, <a href=\"https:\/\/www.bioleaderpack.com\/pt\/produto\/tacas-de-fibra-compostavel-de-bagaco-de-cana-de-acucar\/\" target=\"_blank\" rel=\"noopener\" data-wpil-monitor-id=\"2312\">Ta\u00e7as de fibra compost\u00e1vel de baga\u00e7o de cana-de-a\u00e7\u00facar da Bioleader<\/a><strong> (750ml, 1000ml, 1250ml)<\/strong> redefinem as embalagens de alimentos amigas do ambiente. Fabricadas a partir de polpa de cana-de-a\u00e7\u00facar rapidamente renov\u00e1vel, estas ta\u00e7as oferecem total capacidade de compostagem e biodegradabilidade, ao mesmo tempo que proporcionam um desempenho robusto - resistentes a \u00f3leos, \u00e0 prova de fugas, ao micro-ondas e ao congelador. Vers\u00e1teis para saladas, noodles, arroz ou refei\u00e7\u00f5es para levar, s\u00e3o ideais para restaurantes, catering e marcas de servi\u00e7os alimentares que procuram tanto a sustentabilidade como a qualidade. Com impress\u00e3o personaliz\u00e1vel, pre\u00e7os de f\u00e1brica competitivos e certifica\u00e7\u00e3o internacional rigorosa, a Bioleader posiciona-se como o fabricante de elei\u00e7\u00e3o para os compradores de embalagens alimentares da pr\u00f3xima gera\u00e7\u00e3o.<\/p>","protected":false},"featured_media":2807,"comment_status":"open","ping_status":"closed","template":"","meta":{"_acf_changed":false},"product_brand":[8971],"product_cat":[7150,7146,7145],"product_tag":[6754,6797,6798,6772,6799],"class_list":{"0":"post-13564","1":"product","2":"type-product","3":"status-publish","4":"has-post-thumbnail","6":"product_brand-bioleader","7":"product_cat-bagasse-bowl","8":"product_cat-bagasse-food-container","9":"product_cat-bagasse-packaging","10":"product_tag-bagasse-bowls","11":"product_tag-bagasse-fiber-bowls","12":"product_tag-compostable-fiber-bowls","13":"product_tag-sugarcane-bowls","14":"product_tag-sugarcane-fiber-bowls","16":"first","17":"instock","18":"purchasable","19":"product-type-simple"},"acf":[],"_links":{"self":[{"href":"https:\/\/www.bioleaderpack.com\/pt\/wp-json\/wp\/v2\/product\/13564","targetHints":{"allow":["GET"]}}],"collection":[{"href":"https:\/\/www.bioleaderpack.com\/pt\/wp-json\/wp\/v2\/product"}],"about":[{"href":"https:\/\/www.bioleaderpack.com\/pt\/wp-json\/wp\/v2\/types\/product"}],"replies":[{"embeddable":true,"href":"https:\/\/www.bioleaderpack.com\/pt\/wp-json\/wp\/v2\/comments?post=13564"}],"wp:featuredmedia":[{"embeddable":true,"href":"https:\/\/www.bioleaderpack.com\/pt\/wp-json\/wp\/v2\/media\/2807"}],"wp:attachment":[{"href":"https:\/\/www.bioleaderpack.com\/pt\/wp-json\/wp\/v2\/media?parent=13564"}],"wp:term":[{"taxonomy":"product_brand","embeddable":true,"href":"https:\/\/www.bioleaderpack.com\/pt\/wp-json\/wp\/v2\/product_brand?post=13564"},{"taxonomy":"product_cat","embeddable":true,"href":"https:\/\/www.bioleaderpack.com\/pt\/wp-json\/wp\/v2\/product_cat?post=13564"},{"taxonomy":"product_tag","embeddable":true,"href":"https:\/\/www.bioleaderpack.com\/pt\/wp-json\/wp\/v2\/product_tag?post=13564"}],"curies":[{"name":"wp","href":"https:\/\/api.w.org\/{rel}","templated":true}]}}