{"id":13556,"date":"2023-03-15T16:15:07","date_gmt":"2023-03-15T08:15:07","guid":{"rendered":"https:\/\/www.bioleaderpack.com\/product\/biodegradable-sugarcane-bagasse-bowl-bulk-wholesale\/"},"modified":"2026-04-24T17:40:30","modified_gmt":"2026-04-24T09:40:30","slug":"taca-biodegradavel-de-bagaco-de-cana-de-acucar","status":"publish","type":"product","link":"https:\/\/www.bioleaderpack.com\/pt\/produto\/taca-biodegradavel-de-bagaco-de-cana-de-acucar\/","title":{"rendered":"Ta\u00e7a de baga\u00e7o de cana-de-a\u00e7\u00facar biodegrad\u00e1vel Venda a granel por atacado"},"content":{"rendered":"<table style=\"border-collapse: collapse; width: 100%;\">\n<tbody>\n<tr>\n<td style=\"width: 50%;\"><img fetchpriority=\"high\" decoding=\"async\" class=\"\" src=\"https:\/\/www.bioleaderpack.com\/wp-content\/uploads\/2023\/03\/L0640_1678896697514-1.jpg\" alt=\"saladeira de baga\u00e7o descart\u00e1vel \" width=\"711\" height=\"711\" \/><\/td>\n<td style=\"width: 50%;\"><img decoding=\"async\" class=\"\" src=\"https:\/\/www.bioleaderpack.com\/wp-content\/uploads\/2023\/03\/L06412_1678896670522.jpg\" alt=\"ta\u00e7a de baga\u00e7o 24 on\u00e7as\" width=\"698\" height=\"698\" \/><\/td>\n<\/tr>\n<\/tbody>\n<\/table>\n<table style=\"border-collapse: collapse; width: 100%;\">\n<tbody>\n<tr>\n<td style=\"width: 100%;\"><img decoding=\"async\" src=\"https:\/\/www.bioleaderpack.com\/wp-content\/uploads\/2023\/03\/LBowl_1678120102289.jpg\" alt=\"ta\u00e7as de cana-de-a\u00e7\u00facar\" width=\"1000\" height=\"544\" \/><\/td>\n<\/tr>\n<\/tbody>\n<\/table>\n<table style=\"border-collapse: collapse; width: 100%;\">\n<tbody>\n<tr>\n<td style=\"width: 50%;\"><img loading=\"lazy\" decoding=\"async\" src=\"https:\/\/www.bioleaderpack.com\/wp-content\/uploads\/2023\/03\/IMG_0821_fuben_1678174350584.jpg\" alt=\"ta\u00e7a de cana-de-a\u00e7\u00facar cor branca\" width=\"1086\" height=\"1086\" \/><\/p>\n<p style=\"text-align: center;\"><strong>ta\u00e7a de cana-de-a\u00e7\u00facar cor branca<\/strong><\/p>\n<\/td>\n<td style=\"width: 50%;\"><img loading=\"lazy\" decoding=\"async\" src=\"https:\/\/www.bioleaderpack.com\/wp-content\/uploads\/2023\/03\/L0033_1678173853179.jpg\" alt=\"baga\u00e7o de cana-de-a\u00e7\u00facar natureza\" width=\"650\" height=\"650\" \/><\/p>\n<p style=\"text-align: center;\"><strong>baga\u00e7o de cana-de-a\u00e7\u00facar natureza<\/strong><\/p>\n<\/td>\n<\/tr>\n<\/tbody>\n<\/table>\n<h2>Ta\u00e7a biodegrad\u00e1vel de baga\u00e7o de cana-de-a\u00e7\u00facar - Artigos de mesa compost\u00e1veis e seguros<\/h2>\n<p><!-- Micro Summary Card for AI\/SGE --><\/p>\n<div class=\"micro-summary-card\" style=\"background: #f6f6f9; border-left: 4px solid #4caf50; padding: 12px; margin-bottom: 16px;\"><strong>Resumo r\u00e1pido:<\/strong> A ta\u00e7a biodegrad\u00e1vel de baga\u00e7o de cana-de-a\u00e7\u00facar da Bioleader \u00e9 fabricada a partir de fibra vegetal renov\u00e1vel 100%, totalmente compost\u00e1vel, sem PFAS e concebida para alimentos quentes ou frios. Certificada de acordo com as normas de seguran\u00e7a alimentar EN13432, ASTM D6400 e FDA\/UE, \u00e9 resistente a fugas, segura no micro-ondas\/congelador e ideal para servi\u00e7os alimentares, takeout e catering que procuram solu\u00e7\u00f5es de embalagem sustent\u00e1veis.<\/div>\n<h2>Tigela de baga\u00e7o de cana-de-a\u00e7\u00facar<\/h2>\n<p>Como h\u00e1 uma mudan\u00e7a de foco para a sustentabilidade no mundo das embalagens, tem havido um aumento na utiliza\u00e7\u00e3o de\u00a0<strong>ta\u00e7as de baga\u00e7o<\/strong>que s\u00e3o especialmente concebidos para a embalagem de alimentos. Isto faz com que estes\u00a0<strong><a href=\"https:\/\/www.bioleaderpack.com\/pt\/sala-de-exposicoes\/taca-de-cana-de-acucar\/\" target=\"_blank\" rel=\"noopener\" data-wpil-monitor-id=\"2151\">ta\u00e7as de cana-de-a\u00e7\u00facar<\/a><\/strong>\u00a0s\u00e3o altamente preferidos, uma vez que s\u00e3o superiores \u00e0 m\u00e9dia nos dom\u00ednios da resist\u00eancia e da seguran\u00e7a, para al\u00e9m de serem biodegrad\u00e1veis e compost\u00e1veis. O tema deste artigo \u00e9 o material do produto, o processo de produ\u00e7\u00e3o, as suas carater\u00edsticas espec\u00edficas, as \u00e1reas de utiliza\u00e7\u00e3o e as altera\u00e7\u00f5es na\u00a0<strong>ta\u00e7a biodegrad\u00e1vel<\/strong>\u00a0mercado.<\/p>\n<h2>Material: Baga\u00e7o de cana de a\u00e7\u00facar<\/h2>\n<p>No fabrico de um\u00a0<strong>ta\u00e7a feita de baga\u00e7o de cana-de-a\u00e7\u00facar<\/strong>O principal ingrediente utilizado \u00e9 o baga\u00e7o, que \u00e9 um res\u00edduo fibroso ap\u00f3s a extra\u00e7\u00e3o do sumo da cana-de-a\u00e7\u00facar. Sendo uma mat\u00e9ria-prima, este recurso natural est\u00e1 amplamente dispon\u00edvel e \u00e9 renov\u00e1vel, pelo que \u00e9 uma op\u00e7\u00e3o muito melhor em compara\u00e7\u00e3o com as ta\u00e7as de pl\u00e1stico ou de esferovite. Para al\u00e9m de o baga\u00e7o de cana-de-a\u00e7\u00facar ser ecol\u00f3gico, est\u00e1 sempre presente no ambiente. Como o polietileno, que pode levar centenas de anos para se decompor, <strong><a href=\"https:\/\/www.bioleaderpack.com\/pt\/produto\/produtos-ecologicos-tacas-de-cana-de-acucar-de-32-oz\/\" target=\"_blank\" rel=\"noopener\" data-wpil-monitor-id=\"2175\">ta\u00e7as de baga\u00e7o de cana-de-a\u00e7\u00facar<\/a><\/strong>\u00a0podem deteriorar-se em menos de 90 dias quando colocados num ambiente de compostagem industrial.<\/p>\n<h2>Processo de produ\u00e7\u00e3o: <a href=\"https:\/\/www.bioleaderpack.com\/pt\/sobre-a-moldagem-da-pasta-de-papel\/\" target=\"_blank\">Moldagem de pasta<\/a><\/h2>\n<p>A constru\u00e7\u00e3o de um\u00a0<strong>ta\u00e7a biodegrad\u00e1vel<\/strong> A produ\u00e7\u00e3o de baga\u00e7o de cana-de-a\u00e7\u00facar explica a import\u00e2ncia da moldagem da pasta de papel no processo geral de fabrico. Neste m\u00e9todo, as fibras de baga\u00e7o s\u00e3o transformadas numa pasta, que \u00e9 depois moldada em ta\u00e7as sob alta press\u00e3o.<\/p>\n<p>Desta forma, foi poss\u00edvel fabricar um recipiente resistente e que n\u00e3o deixa escapar qualquer l\u00edquido ou \u00f3leo, tal como uma tigela t\u00edpica. Ap\u00f3s a adi\u00e7\u00e3o de pasta de papel e depois de a resina secar, as ta\u00e7as podem ser moldadas em diferentes tamanhos e formas, de acordo com as necessidades das unidades alimentares. O car\u00e1cter simples desta opera\u00e7\u00e3o reduz n\u00e3o s\u00f3 a quantidade de energia utilizada, mas tamb\u00e9m o custo, o que tem o efeito de tornar <strong>ta\u00e7as de baga\u00e7o de cana-de-a\u00e7\u00facar<\/strong>\u00a0atrativo tanto para os fabricantes como para os consumidores.<\/p>\n<table style=\"border-collapse: collapse; width: 100%;\">\n<tbody>\n<tr>\n<td style=\"width: 50%;\"><img loading=\"lazy\" decoding=\"async\" class=\"\" style=\"text-align: center;\" src=\"https:\/\/www.bioleaderpack.com\/wp-content\/uploads\/2023\/03\/0635_1678896773967-1.jpg\" alt=\"ta\u00e7a de cana-de-a\u00e7\u00facar compost\u00e1vel\" width=\"695\" height=\"695\" \/><\/td>\n<td style=\"width: 50%;\"><img loading=\"lazy\" decoding=\"async\" class=\"\" src=\"https:\/\/www.bioleaderpack.com\/wp-content\/uploads\/2023\/03\/0633_1678896807391-2.jpg\" alt=\"saladeira de cana-de-a\u00e7\u00facar descart\u00e1vel\" width=\"732\" height=\"732\" \/><\/td>\n<\/tr>\n<\/tbody>\n<\/table>\n<h2><\/h2>\n<h2>Principais carater\u00edsticas da ta\u00e7a<\/h2>\n<p>O\u00a0<strong>ta\u00e7a de cana-de-a\u00e7\u00facar<\/strong>\u00a0est\u00e1 equipado com v\u00e1rias carater\u00edsticas que o tornam amigo do ambiente, o que \u00e9 diferente de qualquer outro recipiente descart\u00e1vel:<\/p>\n<ul>\n<li>\n<h4><a href=\"https:\/\/www.bioleaderpack.com\/pt\/sao-biodegradaveis-e-compostaveis-os-mesmos\/\" target=\"_blank\">Biodegrad\u00e1vel e compost\u00e1vel<\/a><\/h4>\n<\/li>\n<\/ul>\n<p>Mais uma vez, estes recipientes desaparecem num instante, sem qualquer vest\u00edgio de res\u00edduos t\u00f3xicos. N\u00e3o t\u00eam de ser eliminadas exclusivamente em centros, mas tamb\u00e9m podem ser feitas em casa, especialmente para aqueles que podem dispor de algum espa\u00e7o para jardinagem.<\/p>\n<ul>\n<li>\n<h4><a href=\"https:\/\/www.bioleaderpack.com\/pt\/e-seguro-utilizar-os-utensilios-de-mesa-de-bagaco-de-cana-de-acucar\/\" target=\"_blank\">Seguro para alimentos e sem produtos qu\u00edmicos<\/a><\/h4>\n<\/li>\n<\/ul>\n<p>Todas as tigelas de baga\u00e7o s\u00e3o fabricadas sem o uso de quaisquer produtos qu\u00edmicos nocivos, como <a href=\"https:\/\/www.bioleaderpack.com\/pt\/sem-pfas-vs-sem-pfoa-vs-sem-bpa-como-escolher-louca-saudavel-e-nao-toxica\/\" target=\"_blank\" rel=\"noopener\" data-wpil-monitor-id=\"478\">PFAS e BPA<\/a>, que s\u00e3o perigosos para a sa\u00fade humana quando inalados ou ingeridos em alimentos.<\/p>\n<ul>\n<li>\n<h4>\u00c0 prova de fugas e de \u00e1gua<\/h4>\n<\/li>\n<\/ul>\n<p>Existem estas tigelas biodegrad\u00e1veis que s\u00e3o constru\u00eddas de forma a poderem transportar alimentos sob a forma de sopa sem derramar ou dissolver.<\/p>\n<ul>\n<li>\n<h4><a href=\"https:\/\/www.bioleaderpack.com\/pt\/como-e-que-as-caixas-de-farinha-de-bagaco-de-cana-de-acucar-podem-obter-resistencia-a-agua-e-ao-oleo\/\" target=\"_blank\">Resistente ao \u00f3leo<\/a><\/h4>\n<\/li>\n<\/ul>\n<p>Estas ta\u00e7as s\u00e3o bem feitas para que mesmo as subst\u00e2ncias oleosas, como molhos para salada, massas e coisas com \u00f3leo, n\u00e3o danifiquem ou manchem a ta\u00e7a.<\/p>\n<ul>\n<li>\n<h4><a href=\"https:\/\/www.bioleaderpack.com\/pt\/os-pratos-de-papel-de-bagaco-de-cana-de-acucar-podem-ser-utilizados-no-micro-ondas\/\" target=\"_blank\">Micro-ondas<\/a><\/h4>\n<\/li>\n<\/ul>\n<p>Outra grande vantagem \u00e9 o facto de estas ta\u00e7as poderem ir ao micro-ondas, o que promove a facilidade de reaquecer os alimentos dentro do pr\u00f3prio recipiente.<\/p>\n<h2>Custos e benef\u00edcios<\/h2>\n<h3>Benef\u00edcios<\/h3>\n<ul>\n<li><strong>Menos polui\u00e7\u00e3o.<\/strong> Estas ta\u00e7as n\u00e3o t\u00eam vincos e n\u00e3o cont\u00eam toxinas, pelo que s\u00e3o compost\u00e1veis e eliminam a desculpa de deitar fora res\u00edduos t\u00f3xicos.<\/li>\n<li><strong>N\u00e3o t\u00f3xico e n\u00e3o perigoso<\/strong>: Estas subst\u00e2ncias n\u00e3o cont\u00eam quaisquer subst\u00e2ncias nocivas como os PFAS e o BPA.<\/li>\n<li><strong>Utiliza\u00e7\u00e3o alargada<\/strong>: Os alimentos podem ser aquecidos em ta\u00e7as ou refrigerados e os l\u00edquidos alimentares ou alimentos gordurosos tamb\u00e9m podem ser colocados nos pratos.<\/li>\n<li><strong>Forte<\/strong>: Impregnados com um material que os torna estanques e resistentes ao aquecimento por micro-ondas para maior conforto.<\/li>\n<\/ul>\n<h3>Desvantagens<\/h3>\n<ul>\n<li><strong>Mais caro<\/strong>: \u00c9 prov\u00e1vel que as ta\u00e7as biodegrad\u00e1veis sejam pequenas e n\u00e3o tenham outra tend\u00eancia para al\u00e9m das de pl\u00e1stico, e mesmo uma conhecida como Styro est\u00e1 a desaparecer lentamente com o aumento da procura.<\/li>\n<li><strong>Resist\u00eancia limitada ao tempo<\/strong>: Embora seja \u00f3timo para per\u00edodos de utiliza\u00e7\u00e3o curtos,\u00a0<strong>ta\u00e7as de baga\u00e7o<\/strong>\u00a0pode n\u00e3o suportar o armazenamento de alimentos h\u00famidos ou pesados durante um per\u00edodo de tempo prolongado.<\/li>\n<\/ul>\n<div class=\"adweb-item-img\"><img loading=\"lazy\" decoding=\"async\" class=\"\" src=\"https:\/\/www.bioleaderpack.com\/wp-content\/uploads\/2023\/03\/0634_1678896831860-2.jpg\" alt=\"ta\u00e7a de cana-de-a\u00e7\u00facar\" width=\"899\" height=\"899\" \/><\/div>\n<p><strong>ta\u00e7a de baga\u00e7o de cana-de-a\u00e7\u00facar <\/strong><\/p>\n<div class=\"adweb-item-img\"><img loading=\"lazy\" decoding=\"async\" class=\"\" src=\"https:\/\/www.bioleaderpack.com\/wp-content\/uploads\/2023\/03\/063_1678896861343.jpg\" alt=\"ta\u00e7a de cana-de-a\u00e7\u00facar para noddle\" width=\"897\" height=\"897\" \/><\/div>\n<p><strong>ta\u00e7a de cana de a\u00e7\u00facar 24 on\u00e7as<\/strong><\/p>\n<h2>Casos de utiliza\u00e7\u00e3o e aplica\u00e7\u00f5es pr\u00e1ticas<\/h2>\n<p><strong>Ta\u00e7as de baga\u00e7o de cana-de-a\u00e7\u00facar<\/strong>\u00a0t\u00eam muitas aplica\u00e7\u00f5es e s\u00e3o polivalentes, cobrindo um vasto leque de tudo:<\/p>\n<ol>\n<li><strong>Restaurantes e Takeaways<\/strong>...independentemente de tudo, consumo interno ou externo, entrega de\u00a0<strong>ta\u00e7as de cana-de-a\u00e7\u00facar<\/strong> continua a ser uma boa op\u00e7\u00e3o para o fornecimento de refei\u00e7\u00f5es. A sua capacidade de reter a humidade e de resistir \u00e0 gordura permite que as tigelas de cana-de-a\u00e7\u00facar sejam utilizadas para sopas, massas, saladas, etc.<\/li>\n<li><strong>Festas e eventos<\/strong>: Os anfitri\u00f5es de festas que se preocupam com o ambiente e com o aspeto dos objectos de elimina\u00e7\u00e3o que s\u00e3o dados aos convidados para estes fins s\u00e3o ideais para estas ta\u00e7as. S\u00e3o \u00fateis para ocasi\u00f5es de elimina\u00e7\u00e3o r\u00e1pida do lixo ap\u00f3s um programa.<\/li>\n<li><strong>Restaura\u00e7\u00e3o e embalagem de alimentos<\/strong>: N\u00e3o s\u00f3 os restaurantes, mas tamb\u00e9m muitos outros fornecedores de servi\u00e7os de catering come\u00e7aram a utilizar estes descart\u00e1veis verde-escuros para grandes eventos. T\u00eam uma forma vers\u00e1til e podem conter muitos tipos de alimentos, ao mesmo tempo que s\u00e3o o melhor em termos de pr\u00e1ticas ambientais.<\/li>\n<li><strong>Utiliza\u00e7\u00e3o dom\u00e9stica<\/strong>: Aumento da consciencializa\u00e7\u00e3o para a necessidade de\u00a0<strong>ta\u00e7as de baga\u00e7o de cana-de-a\u00e7\u00facar<\/strong> tornou-o utilizado em casa por muitas pessoas. Pode ser utilizado para refei\u00e7\u00f5es em fam\u00edlia, pratos para piqueniques e churrascos, e o que \u00e9 ainda mais atrativo \u00e9 o facto de n\u00e3o contribuir para a deposi\u00e7\u00e3o de res\u00edduos em excesso.<\/li>\n<\/ol>\n<h2>Via de acesso ao mercado<\/h2>\n<p>Com a crescente consciencializa\u00e7\u00e3o e preocupa\u00e7\u00e3o dos consumidores e das empresas relativamente aos impactos ambientais, o mercado das ta\u00e7as biodegrad\u00e1veis e de outras op\u00e7\u00f5es de embalagem est\u00e1 a crescer. A recente proibi\u00e7\u00e3o da venda de pl\u00e1sticos de utiliza\u00e7\u00e3o \u00fanica em muitos pa\u00edses impulsionou a mudan\u00e7a para op\u00e7\u00f5es n\u00e3o pl\u00e1sticas, por exemplo, as tigelas de baga\u00e7o de cana-de-a\u00e7\u00facar. A maior parte dos grandes restaurantes e cadeias de fast-food prometeram adotar embalagens amigas do ambiente, e as tigelas de baga\u00e7o de cana-de-a\u00e7\u00facar est\u00e3o a participar ativamente nesta causa.<\/p>\n<p>Os fabricantes est\u00e3o sempre a pensar fora da caixa, fazendo ta\u00e7as de diferentes dimens\u00f5es, contornos e formas para se adaptarem a um mercado cada vez mais diversificado. Uma vez que cada vez mais empresas come\u00e7ar\u00e3o a projetar a sua curva de eco-amizade, a procura de tigelas baratas ser\u00e1 cada vez maior, <a href=\"https:\/\/www.bioleaderpack.com\/pt\/produto\/tacas-de-cana-de-acucar-descartaveis\/\" target=\"_blank\" rel=\"noopener\" data-wpil-monitor-id=\"2150\">ta\u00e7as sustent\u00e1veis de baga\u00e7o de cana-de-a\u00e7\u00facar<\/a> prev\u00ea-se que continue a aumentar.<\/p>\n<h4 align=\"left\">Outro tamanho:<\/h4>\n<figure style=\"width: 1000px\" class=\"wp-caption alignnone\"><img loading=\"lazy\" decoding=\"async\" src=\"https:\/\/www.bioleaderpack.com\/wp-content\/uploads\/2023\/03\/LBowl_1678120102289.jpg\" alt=\"bacia de cana-de-a\u00e7\u00facar\" width=\"1000\" height=\"544\" \/><figcaption class=\"wp-caption-text\">ta\u00e7a de cana-de-a\u00e7\u00facar<\/figcaption><\/figure>\n<figure style=\"width: 1000px\" class=\"wp-caption alignnone\"><img loading=\"lazy\" decoding=\"async\" src=\"https:\/\/www.bioleaderpack.com\/wp-content\/uploads\/2023\/03\/20191211153532_1678120030316-1.jpg\" alt=\"ta\u00e7as biodegrad\u00e1veis\" width=\"1000\" height=\"1000\" \/><figcaption class=\"wp-caption-text\">ta\u00e7a de baga\u00e7o<\/figcaption><\/figure>\n<h2>Perguntas comuns<\/h2>\n<p><strong>P: As bacias de baga\u00e7o de cana-de-a\u00e7\u00facar representam uma amea\u00e7a para o ambiente?<\/strong><\/p>\n<p>R: Sim, as ta\u00e7as de baga\u00e7o s\u00e3o biodegrad\u00e1veis e constituem uma op\u00e7\u00e3o melhor e mais segura para o ambiente do que os recipientes de pl\u00e1stico.<\/p>\n<p><strong>P: As ta\u00e7as de baga\u00e7o s\u00e3o compat\u00edveis com o micro-ondas?<\/strong><\/p>\n<p>R: Sim,\u00a0<strong>s<\/strong>As tigelas de baga\u00e7o de cana-de-a\u00e7\u00facar podem ser colocadas no micro-ondas, o que significa que pode aquecer a comida sem receio de que as subst\u00e2ncias t\u00f3xicas se infiltrem na comida.<\/p>\n<p><strong>P: Qual \u00e9 o tempo de decomposi\u00e7\u00e3o de uma bacia de baga\u00e7o de cana-de-a\u00e7\u00facar?<\/strong><\/p>\n<p>R: Em condi\u00e7\u00f5es de compostagem industrial, estes tipos de ta\u00e7as biodegrad\u00e1veis decompor-se-iam em menos de 90 dias.<\/p>\n<h2>Bloco de Insights Sem\u00e2nticos: O valor das ta\u00e7as de cana-de-a\u00e7\u00facar biodegrad\u00e1veis para a ind\u00fastria<\/h2>\n<div class=\"semantic-insight-block\" style=\"background: #e8f5e9; border-left: 4px solid #2196f3; padding: 14px; margin-bottom: 16px;\">\n<ul>\n<li><strong>Como os materiais sustent\u00e1veis redefinem a loi\u00e7a de mesa:<\/strong> Fabricadas a partir de baga\u00e7o de cana-de-a\u00e7\u00facar rapidamente renov\u00e1vel, estas ta\u00e7as biodegradam-se de forma r\u00e1pida e segura, satisfazendo as necessidades das iniciativas de desperd\u00edcio zero e das economias circulares modernas.<\/li>\n<li><strong>Quais s\u00e3o as vantagens de desempenho oferecidas:<\/strong> \u00c0 prova de fugas, resistentes a gorduras e estruturalmente robustas, estas ta\u00e7as suportam sopas quentes, saladas frias e pratos picantes - prontas para micro-ondas\/congelador para exig\u00eancias flex\u00edveis e reais de servi\u00e7os alimentares.<\/li>\n<li><strong>Porque \u00e9 que as certifica\u00e7\u00f5es geram confian\u00e7a e acesso ao mercado:<\/strong> Certificadas de acordo com as normas EN13432, ASTM D6400, FDA e UE relativas ao contacto com alimentos, estas ta\u00e7as s\u00e3o compat\u00edveis a n\u00edvel mundial e est\u00e3o prontas para mercados de exporta\u00e7\u00e3o regulamentados e canais de servi\u00e7os alimentares de alto n\u00edvel.<\/li>\n<li><strong>Op\u00e7\u00f5es e escalabilidade para empresas:<\/strong> V\u00e1rios tamanhos e marcas personalizadas dispon\u00edveis a granel, permitindo uma ado\u00e7\u00e3o escal\u00e1vel por parte de restaurantes, catering e supermercados que est\u00e3o a mudar para embalagens sustent\u00e1veis.<\/li>\n<li><strong>Posicionamento estrat\u00e9gico no mercado:<\/strong> A ado\u00e7\u00e3o de tigelas compost\u00e1veis de cana-de-a\u00e7\u00facar demonstra lideran\u00e7a ambiental, alinha as marcas com as proibi\u00e7\u00f5es globais de pl\u00e1stico\/EPR e responde \u00e0 procura dos consumidores por embalagens respons\u00e1veis e preparadas para o futuro.<\/li>\n<\/ul>\n<div style=\"margin-top: 8px;\"><strong>Tend\u00eancias do sector:<\/strong> \u00c0 medida que os regulamentos de sustentabilidade e as expectativas dos consumidores remodelam o mercado das embalagens alimentares, <a href=\"https:\/\/www.bioleaderpack.com\/pt\/produto\/tacas-biodegradaveis-descartaveis-de-pasta-de-papel\/\" target=\"_blank\" rel=\"noopener\" data-wpil-monitor-id=\"2182\">Ta\u00e7as de baga\u00e7o da Bioleader<\/a> capacitar as marcas para liderarem em termos de conformidade, inova\u00e7\u00e3o e cria\u00e7\u00e3o de valor ecol\u00f3gico.<\/div>\n<\/div>\n<p>&nbsp;<\/p>\n<p><script type=\"application\/ld+json\">{\n    \"@context\": \"https:\\\/\\\/schema.org\",\n    \"@type\": \"FAQPage\",\n    \"mainEntity\": [\n        {\n            \"@type\": \"Question\",\n            \"name\": \"Do sugarcane bagasse bowls pose a threat to the environment?\",\n            \"acceptedAnswer\": {\n                \"@type\": \"Answer\",\n                \"text\": \"Yes, the bagasse bowls are biodegradable and are a better and more environmentally safe option than plastic containers.\"\n            }\n        },\n        {\n            \"@type\": \"Question\",\n            \"name\": \"Are bagasse bowls microwave-safe?\",\n            \"acceptedAnswer\": {\n                \"@type\": \"Answer\",\n                \"text\": \"Yes, sugarcane bagasse bowls are microwavable, which means you can warm the food without the fear of toxic substances leeching into the food.\"\n            }\n        },\n        {\n            \"@type\": \"Question\",\n            \"name\": \"What\\u2019s the decomposition time of a sugarcane bagasse bowl?\",\n            \"acceptedAnswer\": {\n                \"@type\": \"Answer\",\n                \"text\": \"Under industrial composting conditions, these types of biodegradable bowls would decompose in less than 90 days.\"\n            }\n        }\n    ]\n}<\/script><\/p>","protected":false},"excerpt":{"rendered":"<p><strong data-start=\"224\" data-end=\"364\">As ta\u00e7as biodegrad\u00e1veis de baga\u00e7o de cana-de-a\u00e7\u00facar da Bioleader s\u00e3o a escolha ideal para a embalagem sustent\u00e1vel de alimentos.<\/strong> Fabricadas a partir de fibras de cana-de-a\u00e7\u00facar renov\u00e1veis, estas ta\u00e7as compost\u00e1veis oferecem uma forte resist\u00eancia ao calor, um desempenho \u00e0 prova de fugas e zero conte\u00fado de pl\u00e1stico. Adequadas para sopas quentes, saladas frias, noodles e pratos de cereais, servem tanto para refei\u00e7\u00f5es como para takeaway. 100% biodegrad\u00e1veis e sem PFAS, reflectem um compromisso com a seguran\u00e7a ambiental sem comprometer a qualidade ou o aspeto. Concebidas para operadores de servi\u00e7os alimentares, distribuidores e marcas com consci\u00eancia ecol\u00f3gica, estas ta\u00e7as s\u00e3o fi\u00e1veis, acess\u00edveis e cumprem as normas internacionais de compostagem.<\/p>","protected":false},"featured_media":17740,"comment_status":"open","ping_status":"closed","template":"","meta":{"_acf_changed":false},"product_brand":[8971],"product_cat":[7150],"product_tag":[6753,6754,6661,6756,6738],"class_list":{"0":"post-13556","1":"product","2":"type-product","3":"status-publish","4":"has-post-thumbnail","6":"product_brand-bioleader","7":"product_cat-bagasse-bowl","8":"product_tag-bagasse-bowl","9":"product_tag-bagasse-bowls","10":"product_tag-biodegradable-bowl","11":"product_tag-sugacrane-bagsse-bowl","12":"product_tag-sugarcane-bowl","14":"first","15":"instock","16":"purchasable","17":"product-type-simple"},"acf":[],"_links":{"self":[{"href":"https:\/\/www.bioleaderpack.com\/pt\/wp-json\/wp\/v2\/product\/13556","targetHints":{"allow":["GET"]}}],"collection":[{"href":"https:\/\/www.bioleaderpack.com\/pt\/wp-json\/wp\/v2\/product"}],"about":[{"href":"https:\/\/www.bioleaderpack.com\/pt\/wp-json\/wp\/v2\/types\/product"}],"replies":[{"embeddable":true,"href":"https:\/\/www.bioleaderpack.com\/pt\/wp-json\/wp\/v2\/comments?post=13556"}],"wp:featuredmedia":[{"embeddable":true,"href":"https:\/\/www.bioleaderpack.com\/pt\/wp-json\/wp\/v2\/media\/17740"}],"wp:attachment":[{"href":"https:\/\/www.bioleaderpack.com\/pt\/wp-json\/wp\/v2\/media?parent=13556"}],"wp:term":[{"taxonomy":"product_brand","embeddable":true,"href":"https:\/\/www.bioleaderpack.com\/pt\/wp-json\/wp\/v2\/product_brand?post=13556"},{"taxonomy":"product_cat","embeddable":true,"href":"https:\/\/www.bioleaderpack.com\/pt\/wp-json\/wp\/v2\/product_cat?post=13556"},{"taxonomy":"product_tag","embeddable":true,"href":"https:\/\/www.bioleaderpack.com\/pt\/wp-json\/wp\/v2\/product_tag?post=13556"}],"curies":[{"name":"wp","href":"https:\/\/api.w.org\/{rel}","templated":true}]}}