{"id":13554,"date":"2023-03-07T07:58:06","date_gmt":"2023-03-06T23:58:06","guid":{"rendered":"https:\/\/www.bioleaderpack.com\/product\/compostable-biodegradable-plates-and-bowls-bulk-wholesale\/"},"modified":"2026-04-24T17:14:12","modified_gmt":"2026-04-24T09:14:12","slug":"pratos-e-tacas-biodegradaveis-compostaveis","status":"publish","type":"product","link":"https:\/\/www.bioleaderpack.com\/pt\/produto\/pratos-e-tacas-biodegradaveis-compostaveis\/","title":{"rendered":"Pratos e ta\u00e7as biodegrad\u00e1veis compost\u00e1veis Venda por grosso a granel"},"content":{"rendered":"<table style=\"border-collapse: collapse; width: 100%;\">\n<tbody>\n<tr>\n<td style=\"width: 50%;\"><img fetchpriority=\"high\" decoding=\"async\" class=\"\" src=\"https:\/\/www.bioleaderpack.com\/wp-content\/uploads\/2023\/03\/L006Size_1678175533670-1.jpg\" alt=\"saladeira de cana-de-a\u00e7\u00facar\" width=\"665\" height=\"665\" \/><\/td>\n<td style=\"width: 50%;\"><img decoding=\"async\" class=\"\" src=\"https:\/\/www.bioleaderpack.com\/wp-content\/uploads\/2023\/03\/L0062_1678175566119-2.jpg\" alt=\"ta\u00e7a de cana-de-a\u00e7\u00facar 680ml\" width=\"678\" height=\"678\" \/><\/td>\n<\/tr>\n<tr>\n<td style=\"width: 50%;\"><img decoding=\"async\" class=\"\" src=\"https:\/\/www.bioleaderpack.com\/wp-content\/uploads\/2023\/03\/L006A4_1678175594714-2.jpg\" alt=\"saladeira de cana-de-a\u00e7\u00facar descart\u00e1vel \" width=\"694\" height=\"694\" \/><\/td>\n<td style=\"width: 50%;\"><img loading=\"lazy\" decoding=\"async\" class=\"\" src=\"https:\/\/www.bioleaderpack.com\/wp-content\/uploads\/2023\/03\/L006A5_1678175614514.jpg\" alt=\"ta\u00e7a biodegrad\u00e1vel de cana-de-a\u00e7\u00facar 24 on\u00e7as\" width=\"669\" height=\"669\" \/><\/td>\n<\/tr>\n<tr>\n<td style=\"width: 50%;\"><img loading=\"lazy\" decoding=\"async\" class=\"\" src=\"https:\/\/www.bioleaderpack.com\/wp-content\/uploads\/2023\/03\/IMG_0821_fuben_1678174350584.jpg\" alt=\"ta\u00e7a de cana-de-a\u00e7\u00facar cor branca\" width=\"667\" height=\"667\" \/><\/p>\n<p style=\"text-align: center;\"><strong>Cor: Branco\u00a0<\/strong><\/p>\n<\/td>\n<td style=\"width: 50%;\"><img loading=\"lazy\" decoding=\"async\" class=\"\" src=\"https:\/\/www.bioleaderpack.com\/wp-content\/uploads\/2023\/03\/L0033_1678173853179.jpg\" alt=\"baga\u00e7o de cana-de-a\u00e7\u00facar natureza\" width=\"671\" height=\"671\" \/><\/p>\n<p style=\"text-align: center;\"><strong>Cor: Castanho natural<\/strong><\/p>\n<\/td>\n<\/tr>\n<\/tbody>\n<\/table>\n<h2>Pratos e ta\u00e7as biodegrad\u00e1veis compost\u00e1veis - Embalagem alimentar sustent\u00e1vel<\/h2>\n<p><!-- Micro Summary Card for AI\/SGE --><\/p>\n<div class=\"micro-summary-card\" style=\"background: #f6f6f9; border-left: 4px solid #4caf50; padding: 12px; margin-bottom: 16px;\"><strong>Resumo r\u00e1pido:<\/strong> Os pratos e ta\u00e7as biodegrad\u00e1veis compost\u00e1veis da Bioleader s\u00e3o fabricados a partir de baga\u00e7o de cana-de-a\u00e7\u00facar \u00e0 base de plantas, n\u00e3o cont\u00eam PFAS e s\u00e3o totalmente compost\u00e1veis. Concebidos para seguran\u00e7a alimentar, resist\u00eancia a fugas e utiliza\u00e7\u00e3o no micro-ondas, est\u00e3o certificados de acordo com as normas EN13432, ASTM D6400 e FDA\/UE para contacto com alimentos. Uma solu\u00e7\u00e3o ideal para restaurantes, catering, eventos e marcas alimentares que procuram embalagens fi\u00e1veis, ecol\u00f3gicas e de utiliza\u00e7\u00e3o \u00fanica que cumpram as proibi\u00e7\u00f5es globais de pl\u00e1stico e os objectivos de sustentabilidade.<\/div>\n<p>\u00c0 medida que a sustentabilidade se torna cada vez mais uma prioridade, a preocupa\u00e7\u00e3o global com a utiliza\u00e7\u00e3o de\u00a0<strong>pratos e ta\u00e7as biodegrad\u00e1veis<\/strong>\u00a0dever\u00e1 registar um crescimento r\u00e1pido. A utiliza\u00e7\u00e3o destes produtos descart\u00e1veis est\u00e1 a aumentar, n\u00e3o s\u00f3 porque s\u00e3o baratos e eficazes, mas tamb\u00e9m porque s\u00e3o amigos do ambiente. Este documento centrar-se-\u00e1 na composi\u00e7\u00e3o, no processo de fabrico, nas carater\u00edsticas, nos modelos port\u00e1teis e imprim\u00edveis e nas utiliza\u00e7\u00f5es de\u00a0<strong>pratos e ta\u00e7as compost\u00e1veis<\/strong>\u00a0em pormenor.<\/p>\n<h2>Material: <a href=\"https:\/\/www.bioleaderpack.com\/pt\/loica-de-mesa-de-bagaco-de-cana-de-acucar-ecologica-e-pratica\/\" target=\"_blank\">Baga\u00e7o de cana-de-a\u00e7\u00facar<\/a><\/h2>\n<p>O ingrediente principal mais amplamente utilizado para o fabrico de <strong>ta\u00e7as e pratos biodegrad\u00e1veis<\/strong> \u00e9 o baga\u00e7o de cana-de-a\u00e7\u00facar, que \u00e9 o res\u00edduo fibroso que resta ap\u00f3s a extra\u00e7\u00e3o do sumo da cana-de-a\u00e7\u00facar. Este material \u00e9 renov\u00e1vel e altamente biodegrad\u00e1vel, sendo por isso ideal para loi\u00e7a ecol\u00f3gica. Ao contr\u00e1rio do pl\u00e1stico ou do esferovite,\u00a0<strong>pratos e ta\u00e7as compost\u00e1veis<\/strong>\u00a0feitos de baga\u00e7o de cana-de-a\u00e7\u00facar n\u00e3o deixam res\u00edduos para tr\u00e1s e acabam em aterros sanit\u00e1rios.<\/p>\n<h2>Processo de produ\u00e7\u00e3o: <a href=\"https:\/\/www.bioleaderpack.com\/pt\/sobre-a-moldagem-da-pasta-de-papel\/\" target=\"_blank\">Moldagem de pasta<\/a><\/h2>\n<p>O processo de\u00a0<strong>bioplacas e biobacias<\/strong> A produ\u00e7\u00e3o inclui a moldagem da pasta. Para come\u00e7ar, o baga\u00e7o de cana-de-a\u00e7\u00facar \u00e9 transformado numa pasta, que ser\u00e1 depois prensada sob press\u00e3o para obter as formas desejadas. O processo tamb\u00e9m evita fugas e gordura do produto final - tigelas, pratos e outros produtos compost\u00e1veis de laminados termopl\u00e1sticos expandidos no mercado. O processo \u00e9, no entanto, amigo do ambiente e econ\u00f3mico, o que acrescenta significado aos produtos no mercado.<\/p>\n<table style=\"border-collapse: collapse; width: 100%;\">\n<tbody>\n<tr>\n<td style=\"width: 50%;\"><img loading=\"lazy\" decoding=\"async\" class=\"\" style=\"text-align: center;\" src=\"https:\/\/www.bioleaderpack.com\/wp-content\/uploads\/2023\/03\/00622_1678175724311-3.jpg\" alt=\"bacia de cana-de-a\u00e7\u00facar noddle\" width=\"704\" height=\"704\" \/><\/td>\n<td style=\"width: 50%;\"><img loading=\"lazy\" decoding=\"async\" class=\"\" src=\"https:\/\/www.bioleaderpack.com\/wp-content\/uploads\/2023\/03\/006_1678175745375-1.jpg\" alt=\"saladeira de cana-de-a\u00e7\u00facar\" width=\"691\" height=\"691\" \/><\/td>\n<\/tr>\n<\/tbody>\n<\/table>\n<h2>Carater\u00edsticas e particularidades<\/h2>\n<h4>1. Amigo do ambiente e compost\u00e1vel<\/h4>\n<p>Uma das principais vantagens do\u00a0<strong>pratos e ta\u00e7as biodegrad\u00e1veis<\/strong>\u00a0\u00e9 o facto de serem descart\u00e1veis e de os res\u00edduos poderem ser adicionados como nutrientes ao solo. Isto significa que h\u00e1 uma necessidade extrema de utiliza\u00e7\u00e3o de pl\u00e1stico. Estes produtos podem ser utilizados para compostagem em ambientes dom\u00e9sticos ou industriais, diminuindo assim a pegada de carbono de uma pessoa.<\/p>\n<h4>2.\u00a0<a href=\"https:\/\/www.bioleaderpack.com\/pt\/sao-biodegradaveis-e-compostaveis-os-mesmos\/\" target=\"_blank\">Biodegrad\u00e1vel<\/a><\/h4>\n<p>Para al\u00e9m do facto de estes pratos e utens\u00edlios poderem ser deitados no lixo,\u00a0<strong>ta\u00e7as e pratos biodegrad\u00e1veis<\/strong> s\u00e3o amigos do ambiente porque se desintegram facilmente numa quest\u00e3o de meses, sem terem de se transformar em pequenas part\u00edculas nos aterros, ao contr\u00e1rio da maioria dos utens\u00edlios de mesa, que podem durar centenas de anos.<\/p>\n<h4>3. Livre de produtos qu\u00edmicos e <a href=\"https:\/\/www.bioleaderpack.com\/pt\/e-seguro-utilizar-os-utensilios-de-mesa-de-bagaco-de-cana-de-acucar\/\" target=\"_blank\">Seguran\u00e7a alimentar<\/a><\/h4>\n<p>Estes produtos n\u00e3o s\u00e3o fabricados com qu\u00edmicos nocivos como o BPA, PFAS, etc., evitando assim a lixivia\u00e7\u00e3o de quaisquer qu\u00edmicos para os alimentos.\u00a0<strong>Ta\u00e7as e pratos compost\u00e1veis<\/strong> excluir os riscos para a sa\u00fade dos clientes durante o processo de prepara\u00e7\u00e3o dos alimentos.<\/p>\n<h4>4<a href=\"https:\/\/www.bioleaderpack.com\/pt\/como-e-que-as-caixas-de-farinha-de-bagaco-de-cana-de-acucar-podem-obter-resistencia-a-agua-e-ao-oleo\/\" target=\"_blank\">. Resistente ao \u00f3leo e \u00e0 prova de fugas<\/a><\/h4>\n<p>Devido ao processo de forma\u00e7\u00e3o da pasta,\u00a0<strong>pratos e ta\u00e7as biodegrad\u00e1veis<\/strong>\u00a0foram tornados estanques, pelo que s\u00e3o adequados para refei\u00e7\u00f5es de sopa quente, saladas gordurosas com molho e quaisquer outros alimentos l\u00edquidos relacionados.<\/p>\n<h4>5.\u00a0<a href=\"https:\/\/www.bioleaderpack.com\/pt\/a-loica-de-bagaco-de-cana-de-acucar-pode-suportar-temperaturas-elevadas-como-sopa-quente-ou-aquecimento-no-micro-ondas\/\" target=\"_blank\">Micro-ondas<\/a><\/h4>\n<p>Al\u00e9m disso, estes produtos podem ser utilizados no micro-ondas, o que permite aquecer a refei\u00e7\u00e3o j\u00e1 cozinhada sem danificar a ta\u00e7a ou o prato.<\/p>\n<table style=\"border-collapse: collapse; width: 100%;\">\n<tbody>\n<tr>\n<td style=\"width: 50%;\"><img loading=\"lazy\" decoding=\"async\" class=\"\" src=\"https:\/\/www.bioleaderpack.com\/wp-content\/uploads\/2023\/03\/0062_1678175808937-1.jpg\" alt=\"ta\u00e7a de cana-de-a\u00e7\u00facar\" width=\"723\" height=\"723\" \/><\/td>\n<td style=\"width: 50%;\"><img loading=\"lazy\" decoding=\"async\" class=\"\" src=\"https:\/\/www.bioleaderpack.com\/wp-content\/uploads\/2023\/03\/0062_1678175851645-3.jpg\" alt=\"ta\u00e7a de cana-de-a\u00e7\u00facar para noddle\" width=\"696\" height=\"696\" \/><\/td>\n<\/tr>\n<\/tbody>\n<\/table>\n<h2>Op\u00e7\u00f5es de embalagem personaliz\u00e1veis<\/h2>\n<p>Entre as principais vantagens competitivas da\u00a0<strong>pratos e ta\u00e7as compost\u00e1veis<\/strong>\u00a0\u00e9 a sua capacidade de serem marcadas com a sua embalagem. Quer seja propriet\u00e1rio de um restaurante e pretenda marcar os seus recipientes para takeaway ou um organizador de eventos que necessite de brindes tem\u00e1ticos especiais,\u00a0<strong>pratos e ta\u00e7as biodegrad\u00e1veis<\/strong> oferecem op\u00e7\u00f5es de embalagem flex\u00edveis. Um conjunto pode ser facilmente fabricado em diferentes tamanhos e formas. \u00c9 poss\u00edvel combinar o respeito pelo ambiente e a distin\u00e7\u00e3o, promovendo assim a imagem da empresa.<\/p>\n<h2>Casos de utiliza\u00e7\u00e3o e aplica\u00e7\u00f5es pr\u00e1ticas<\/h2>\n<h4>1. Restaurantes e servi\u00e7os de takeaway<\/h4>\n<p>As variedades mais fortes de poliestireno, polipropileno e PET est\u00e3o a ganhar popularidade, mesmo quando o pl\u00e1stico est\u00e1 em decl\u00ednio e\u00a0<strong>pratos e ta\u00e7as biodegrad\u00e1veis<\/strong> estendem-se aos utens\u00edlios de cozinha. Estas propriedades e aplica\u00e7\u00f5es comuns incluem melhores recipientes para cosm\u00e9ticos, ta\u00e7as de papel resistentes ao \u00f3leo e recipientes para comida para levar, entre outros. Al\u00e9m disso, o seu aspeto amigo do ambiente torna-o apelativo para os consumidores actuais que s\u00e3o cuidadosos com o ambiente.<\/p>\n<h4>2. Restaura\u00e7\u00e3o e eventos<\/h4>\n<p>Os organizadores de eventos que se preocupam com o ambiente e promovem a sustentabilidade podem utilizar estas ta\u00e7as e pratos biodegrad\u00e1veis em vez da loi\u00e7a de pl\u00e1stico comum. Estes artigos s\u00e3o ideais para pessoas que t\u00eam de organizar grandes eventos, fun\u00e7\u00f5es e reuni\u00f5es, que exigem a utiliza\u00e7\u00e3o de produtos descart\u00e1veis, mas a gest\u00e3o de res\u00edduos \u00e9 um problema.<\/p>\n<h4>3. Utiliza\u00e7\u00e3o dom\u00e9stica<\/h4>\n<p>Para al\u00e9m dos comerciais, muitos consumidores tamb\u00e9m compram este tipo de\u00a0<strong>pratos e ta\u00e7as compost\u00e1veis<\/strong> em casa para utiliza\u00e7\u00e3o em churrascos, piqueniques e refei\u00e7\u00f5es de conv\u00edvio familiar. Estes produtos s\u00e3o pr\u00e1ticos e reduzem os res\u00edduos gerados em casa, raz\u00e3o pela qual s\u00e3o preferidos pelas fam\u00edlias ecol\u00f3gicas.<\/p>\n<p align=\"left\"><strong>Outro tamanho:<\/strong><\/p>\n<figure style=\"width: 1344px\" class=\"wp-caption alignnone\"><img loading=\"lazy\" decoding=\"async\" class=\"\" src=\"https:\/\/www.bioleaderpack.com\/wp-content\/uploads\/2023\/03\/LBowl_1678120102289.jpg\" alt=\"bacia de cana-de-a\u00e7\u00facar\" width=\"1344\" height=\"731\" \/><figcaption class=\"wp-caption-text\">Ta\u00e7a de cana-de-a\u00e7\u00facar<\/figcaption><\/figure>\n<figure style=\"width: 1357px\" class=\"wp-caption alignnone\"><img loading=\"lazy\" decoding=\"async\" class=\"\" src=\"https:\/\/www.bioleaderpack.com\/wp-content\/uploads\/2023\/03\/20191211153532_1678120030316-1.jpg\" alt=\"ta\u00e7as biodegrad\u00e1veis\" width=\"1357\" height=\"1357\" \/><figcaption class=\"wp-caption-text\">Ta\u00e7a de cana-de-a\u00e7\u00facar<\/figcaption><\/figure>\n<h2>Perguntas comuns<\/h2>\n<p><strong>P: Os pratos e as ta\u00e7as compost\u00e1veis, tal como afirmado, s\u00e3o completamente decompon\u00edveis?<\/strong><\/p>\n<p>R: Sim, os pratos e ta\u00e7as biodegrad\u00e1veis de baga\u00e7o de cana-de-a\u00e7\u00facar s\u00e3o compost\u00e1veis e, num curto espa\u00e7o de tempo, decomp\u00f5em-se, o que os produtos de pl\u00e1stico demoram muitos s\u00e9culos a conseguir.<\/p>\n<p><strong>P: As ta\u00e7as e pratos compost\u00e1veis s\u00e3o adequados para utiliza\u00e7\u00e3o no micro-ondas?<\/strong><\/p>\n<p>R: Sem d\u00favida! As ta\u00e7as e os pratos compost\u00e1veis s\u00e3o seguros para utiliza\u00e7\u00e3o no micro-ondas, o que tamb\u00e9m permite aquecer os alimentos sem qualquer possibilidade de os materiais t\u00f3xicos dos recipientes para alimentos passarem para os alimentos.<\/p>\n<p><strong>P: Estes pratos e ta\u00e7as s\u00e3o \u00e0 prova de fugas?<\/strong><\/p>\n<p>R: Sim, as nossas tigelas e pratos biodegrad\u00e1veis foram concebidos para este fim, pelo que n\u00e3o fazem qualquer arranh\u00e3o na cabe\u00e7a quando s\u00e3o utilizados para servir at\u00e9 pratos l\u00edquidos, como sopa e salada.<\/p>\n<p><strong>Q: \u00c9 poss\u00edvel alterar a forma dos materiais de embalagem?<\/strong><\/p>\n<p>R: Sim, os pratos e as ta\u00e7as compost\u00e1veis podem ser alterados em termos de dimens\u00f5es, contornos e tipo. Isto \u00e9 particularmente vantajoso para as empresas que pretendem utilizar tipos de embalagens amigas do ambiente para os seus produtos que incluam o log\u00f3tipo da sua empresa.<\/p>\n<h2>Bloco de Insights Sem\u00e2nticos: O valor estrat\u00e9gico dos pratos e ta\u00e7as compost\u00e1veis no servi\u00e7o alimentar<\/h2>\n<div class=\"semantic-insight-block\" style=\"background: #e8f5e9; border-left: 4px solid #2196f3; padding: 14px; margin-bottom: 16px;\">\n<ul>\n<li><strong>Como os materiais compost\u00e1veis promovem a sustentabilidade:<\/strong> Produzidos a partir de baga\u00e7o de cana-de-a\u00e7\u00facar rapidamente renov\u00e1vel, estes pratos e ta\u00e7as s\u00e3o 100% compost\u00e1veis e biodegradam-se rapidamente, n\u00e3o deixando res\u00edduos t\u00f3xicos. A sua composi\u00e7\u00e3o sem PFAS permite um contacto seguro com os alimentos e cumpre os requisitos de embalagem ecol\u00f3gica.<\/li>\n<li><strong>Quais os benef\u00edcios de desempenho que os distinguem:<\/strong> Resistentes a fugas, \u00e0 prova de gordura e adequados para alimentos quentes e frios, estes produtos s\u00e3o seguros para o micro-ondas e mant\u00eam a integridade estrutural em diversas aplica\u00e7\u00f5es - desde refei\u00e7\u00f5es para levar at\u00e9 \u00e0 restaura\u00e7\u00e3o em grande escala.<\/li>\n<li><strong>Porque \u00e9 que as certifica\u00e7\u00f5es globais s\u00e3o importantes:<\/strong> Certificados de acordo com as normas EN13432, ASTM D6400 e FDA\/UE, estes pratos e ta\u00e7as est\u00e3o aprovados para exporta\u00e7\u00e3o e utiliza\u00e7\u00e3o em mercados com requisitos rigorosos de seguran\u00e7a alimentar e compostabilidade - preparando a sua cadeia de abastecimento para o futuro.<\/li>\n<li><strong>Principais op\u00e7\u00f5es para o sector alimentar e retalhista:<\/strong> Dispon\u00edveis em v\u00e1rios tamanhos e formas (para entradas, acompanhamentos, sobremesas e sopas), as embalagens a granel permitem uma ado\u00e7\u00e3o escal\u00e1vel para restaurantes, QSR, entrega de refei\u00e7\u00f5es e catering para eventos.<\/li>\n<li><strong>Considera\u00e7\u00f5es estrat\u00e9gicas sobre o mercado:<\/strong> A ado\u00e7\u00e3o de loi\u00e7a compost\u00e1vel e biodegrad\u00e1vel posiciona as marcas como l\u00edderes em sustentabilidade, vai ao encontro das tend\u00eancias regulamentares (proibi\u00e7\u00f5es de pl\u00e1stico, EPR) e apela aos consumidores ecologicamente conscientes - criando confian\u00e7a e diferencia\u00e7\u00e3o competitiva.<\/li>\n<\/ul>\n<div style=\"margin-top: 8px;\"><strong>Perspetiva das tend\u00eancias do mercado:<\/strong> \u00c0 medida que o servi\u00e7o alimentar global muda para embalagens sustent\u00e1veis e de utiliza\u00e7\u00e3o \u00fanica, os pratos e ta\u00e7as compost\u00e1veis certificados da Bioleader permitem que as marcas excedam a conformidade, impulsionem o valor positivo da marca e apoiem os objectivos da economia circular.<\/div>\n<\/div>\n<p>&nbsp;<\/p>\n<p><script type=\"application\/ld+json\">{\n    \"@context\": \"https:\\\/\\\/schema.org\",\n    \"@type\": \"FAQPage\",\n    \"mainEntity\": [\n        {\n            \"@type\": \"Question\",\n            \"name\": \"Are compostable plates and bowls, as claimed, completely decomposable?\",\n            \"acceptedAnswer\": {\n                \"@type\": \"Answer\",\n                \"text\": \"Yes, the sugarcane bagasse biodegradable plates and bowls are compostable and within a short time, they will decompose which plastic products take many centuries to accomplish.\"\n            }\n        },\n        {\n            \"@type\": \"Question\",\n            \"name\": \"Are the compostable bowls and plates suitable for use in the microwave?\",\n            \"acceptedAnswer\": {\n                \"@type\": \"Answer\",\n                \"text\": \"Certainly! Compostable bowls and compostable plates are safe for usage in the microwave which also makes it possible for the heating of food without any chances of toxic food container materials leaching into the food.\"\n            }\n        },\n        {\n            \"@type\": \"Question\",\n            \"name\": \"Are these plates and bowls leakproof?\",\n            \"acceptedAnswer\": {\n                \"@type\": \"Answer\",\n                \"text\": \"Yes, Our biodegradable bowls and plates are designed for this purpose so they make no head scratch when they are used to serve even liquid dishes such as soup and salad.\"\n            }\n        },\n        {\n            \"@type\": \"Question\",\n            \"name\": \"Is it possible to change the form of the packaging materials?\",\n            \"acceptedAnswer\": {\n                \"@type\": \"Answer\",\n                \"text\": \"Yes, the compostable plates and bowls may be altered in terms of dimensions, contours, and type. This is particularly beneficial to companies that wish to use environmentally friendly types of packaging for their goods which include their company\\u2019s logo.\"\n            }\n        }\n    ]\n}<\/script><\/p>","protected":false},"excerpt":{"rendered":"<p>Os pratos e ta\u00e7as compost\u00e1veis e biodegrad\u00e1veis da Bioleader oferecem uma alternativa duradoura e ecol\u00f3gica ao pl\u00e1stico para as necessidades do servi\u00e7o alimentar. Fabricados a partir de baga\u00e7o de cana-de-a\u00e7\u00facar, estes produtos de loi\u00e7a descart\u00e1vel n\u00e3o cont\u00eam PFAS, s\u00e3o resistentes a fugas, podem ir ao micro-ondas e s\u00e3o ideais para refei\u00e7\u00f5es quentes ou frias. Quer seja para takeaway, catering ou utiliza\u00e7\u00e3o em restaurantes, combinam sustentabilidade com for\u00e7a - fornecendo solu\u00e7\u00f5es econ\u00f3micas para empresas modernas.<\/p>","protected":false},"featured_media":17824,"comment_status":"open","ping_status":"closed","template":"","meta":{"_acf_changed":false},"product_brand":[],"product_cat":[7150],"product_tag":[6742,6743,6744,6745,6746],"class_list":{"0":"post-13554","1":"product","2":"type-product","3":"status-publish","4":"has-post-thumbnail","6":"product_cat-bagasse-bowl","7":"product_tag-biodegradable-bowls-and-plates","8":"product_tag-biodegradable-plates-and-bowls","9":"product_tag-compostable-bowls-and-plates","10":"product_tag-compostable-plates-and-bowls","11":"product_tag-sugarcane-bagasse","13":"first","14":"instock","15":"purchasable","16":"product-type-simple"},"acf":[],"_links":{"self":[{"href":"https:\/\/www.bioleaderpack.com\/pt\/wp-json\/wp\/v2\/product\/13554","targetHints":{"allow":["GET"]}}],"collection":[{"href":"https:\/\/www.bioleaderpack.com\/pt\/wp-json\/wp\/v2\/product"}],"about":[{"href":"https:\/\/www.bioleaderpack.com\/pt\/wp-json\/wp\/v2\/types\/product"}],"replies":[{"embeddable":true,"href":"https:\/\/www.bioleaderpack.com\/pt\/wp-json\/wp\/v2\/comments?post=13554"}],"wp:featuredmedia":[{"embeddable":true,"href":"https:\/\/www.bioleaderpack.com\/pt\/wp-json\/wp\/v2\/media\/17824"}],"wp:attachment":[{"href":"https:\/\/www.bioleaderpack.com\/pt\/wp-json\/wp\/v2\/media?parent=13554"}],"wp:term":[{"taxonomy":"product_brand","embeddable":true,"href":"https:\/\/www.bioleaderpack.com\/pt\/wp-json\/wp\/v2\/product_brand?post=13554"},{"taxonomy":"product_cat","embeddable":true,"href":"https:\/\/www.bioleaderpack.com\/pt\/wp-json\/wp\/v2\/product_cat?post=13554"},{"taxonomy":"product_tag","embeddable":true,"href":"https:\/\/www.bioleaderpack.com\/pt\/wp-json\/wp\/v2\/product_tag?post=13554"}],"curies":[{"name":"wp","href":"https:\/\/api.w.org\/{rel}","templated":true}]}}