{"id":13552,"date":"2023-03-13T08:48:58","date_gmt":"2023-03-13T00:48:58","guid":{"rendered":"https:\/\/www.bioleaderpack.com\/product\/eco-friendly-disposable-plates-and-bowls-sustainable\/"},"modified":"2026-04-24T17:13:25","modified_gmt":"2026-04-24T09:13:25","slug":"pratos-e-tigelas-descartaveis-ecologicamente-corretos-e-sustentaveis","status":"publish","type":"product","link":"https:\/\/www.bioleaderpack.com\/pt\/produto\/pratos-e-tigelas-descartaveis-ecologicamente-corretos-e-sustentaveis\/","title":{"rendered":"Pratos e ta\u00e7as descart\u00e1veis ecol\u00f3gicos sustent\u00e1veis"},"content":{"rendered":"<table style=\"border-collapse: collapse; width: 100%;\">\n<tbody>\n<tr>\n<td style=\"width: 100%;\"><img fetchpriority=\"high\" decoding=\"async\" class=\"\" src=\"https:\/\/www.bioleaderpack.com\/wp-content\/uploads\/2023\/03\/20191211153532_1678120030316-1.jpg\" alt=\"ta\u00e7a ecol\u00f3gica\" width=\"1119\" height=\"1119\" \/><\/td>\n<\/tr>\n<\/tbody>\n<\/table>\n<table style=\"border-collapse: collapse; width: 100%;\">\n<tbody>\n<tr>\n<td style=\"width: 50%;\"><img decoding=\"async\" src=\"https:\/\/www.bioleaderpack.com\/wp-content\/uploads\/2024\/09\/L0100_1678697024495.jpg\" alt=\"pratos e ta\u00e7as ecol\u00f3gicos\" width=\"1000\" height=\"1000\" \/><\/td>\n<td style=\"width: 50%;\"><img decoding=\"async\" src=\"https:\/\/www.bioleaderpack.com\/wp-content\/uploads\/2024\/09\/L0102_1678697072872.jpg\" alt=\"ta\u00e7a ecol\u00f3gica 16 on\u00e7as\" width=\"1000\" height=\"1000\" \/><\/td>\n<\/tr>\n<tr>\n<td style=\"width: 50%;\"><img loading=\"lazy\" decoding=\"async\" src=\"https:\/\/www.bioleaderpack.com\/wp-content\/uploads\/2023\/03\/IMG_0821_fuben_1678174350584.jpg\" alt=\"ta\u00e7as ecol\u00f3gicas de cor branca\" width=\"1086\" height=\"1086\" \/><\/p>\n<p style=\"text-align: center;\"><strong>Cor: Branco\u00a0<\/strong><\/p>\n<\/td>\n<td style=\"width: 50%;\"><img loading=\"lazy\" decoding=\"async\" class=\"\" src=\"https:\/\/www.bioleaderpack.com\/wp-content\/uploads\/2023\/03\/L0033_1678173853179.jpg\" alt=\"baga\u00e7o de cana-de-a\u00e7\u00facar natureza\" width=\"702\" height=\"702\" \/><\/p>\n<p style=\"text-align: center;\"><strong>Cor: Castanho natural<\/strong><\/p>\n<\/td>\n<\/tr>\n<\/tbody>\n<\/table>\n<h2>Pratos e ta\u00e7as descart\u00e1veis ecol\u00f3gicos (baga\u00e7o de cana-de-a\u00e7\u00facar)<\/h2>\n<p><!-- Micro Summary Card for AI\/SGE --><\/p>\n<div class=\"micro-summary-card\" style=\"background: #f6f6f9; border-left: 4px solid #4caf50; padding: 12px; margin-bottom: 16px;\"><strong>Resumo r\u00e1pido:<\/strong> Os pratos e ta\u00e7as descart\u00e1veis ecol\u00f3gicos da Bioleader s\u00e3o feitos de baga\u00e7o de cana-de-a\u00e7\u00facar, totalmente compost\u00e1veis, sem PFAS e \u00e0 prova de fugas. Resistentes ao micro-ondas e \u00e0 gordura, est\u00e3o certificados de acordo com a norma EN13432 e com as normas de contacto com alimentos dos EUA\/UE. Ideais para restaurantes, catering, eventos e empresas de take-away que procuram loi\u00e7a sustent\u00e1vel e de elevado desempenho que satisfa\u00e7a as proibi\u00e7\u00f5es globais de pl\u00e1stico e as expectativas ecol\u00f3gicas dos consumidores.<\/div>\n<p>Com a tend\u00eancia global a tender para a promo\u00e7\u00e3o de estilos de vida ecol\u00f3gicos,\u00a0<strong>pratos e ta\u00e7as descart\u00e1veis ecol\u00f3gicos<\/strong> s\u00e3o atualmente as op\u00e7\u00f5es preferidas dos clientes e das empresas. Estas alternativas proporcionaram uma sa\u00edda funcional que n\u00e3o obriga a sacrificar a conveni\u00eancia. Neste documento, por um lado, investigaremos em profundidade a composi\u00e7\u00e3o, a especialidade tecnol\u00f3gica, os benef\u00edcios \u00fanicos do emprego e a embalagem extens\u00edvel de\u00a0<strong>pratos e ta\u00e7as ecol\u00f3gicos. N\u00f3s<\/strong>\u00a0analisar\u00e1 tamb\u00e9m a hist\u00f3ria e a evolu\u00e7\u00e3o das tend\u00eancias do mercado e a procura dos clientes para a produ\u00e7\u00e3o de loi\u00e7a de pl\u00e1stico.<\/p>\n<h2>Material: Baga\u00e7o de cana de a\u00e7\u00facar<\/h2>\n<p>O baga\u00e7o de cana-de-a\u00e7\u00facar, um res\u00edduo da ind\u00fastria a\u00e7ucareira, serve de mat\u00e9ria-prima de base para o fabrico da maioria, se n\u00e3o de todos, <strong>pratos e ta\u00e7as descart\u00e1veis ecol\u00f3gicos<\/strong>. O baga\u00e7o \u00e9 reconstitu\u00edvel e biodegrad\u00e1vel, raz\u00e3o pela qual \u00e9 amplamente utilizado no fabrico de talheres ecol\u00f3gicos. Ao contr\u00e1rio do pl\u00e1stico, que demora centenas de anos a decompor-se, <strong>ta\u00e7as ecol\u00f3gicas<\/strong> Os produtos de baga\u00e7o de cana-de-a\u00e7\u00facar demoram pouco tempo a desintegrar-se, eliminando todos os res\u00edduos nocivos. \u00c9 por isso que tamb\u00e9m s\u00e3o apreciados tanto pelos consumidores como pelos fabricantes, que se esfor\u00e7am por se tornarem amigos do ambiente.<\/p>\n<h2><a href=\"https:\/\/www.bioleaderpack.com\/pt\/processo-de-producao-de-louca-de-mesa-para-moldagem-de-pasta-de-bagaco-de-cana-de-acucar\/\" target=\"_blank\">Processo de produ\u00e7\u00e3o: Tecnologia de moldagem da pasta<\/a><\/h2>\n<p>O fabrico de ta\u00e7as e pratos, que normalmente decomp\u00f5e o baga\u00e7o em pequenas part\u00edculas, est\u00e1 relacionado com um m\u00e9todo r\u00e1pido e eficiente designado por processo de moldagem da pasta. O baga\u00e7o, normalmente cortado em pequenos peda\u00e7os, \u00e9 transformado numa pasta e moldado em formas como pratos e tigelas. A moldagem a alta press\u00e3o \u00e9 efectuada para criar produtos mais fortes, \u00e0 prova de fugas e resistentes a \u00f3leos e gorduras. Este processo \u00e9 econ\u00f3mico e amigo do ambiente, pelo que os pratos e ta\u00e7as sustent\u00e1veis s\u00e3o acess\u00edveis a utilizadores de v\u00e1rias ind\u00fastrias.<\/p>\n<table style=\"border-collapse: collapse; width: 100%;\">\n<tbody>\n<tr>\n<td style=\"width: 50%;\"><img loading=\"lazy\" decoding=\"async\" class=\"\" style=\"text-align: center;\" src=\"https:\/\/www.bioleaderpack.com\/wp-content\/uploads\/2023\/03\/00622_1678175724311-4.jpg\" alt=\"bacia de cana-de-a\u00e7\u00facar noddle\" width=\"748\" height=\"748\" \/><\/td>\n<td style=\"width: 50%;\"><img loading=\"lazy\" decoding=\"async\" class=\"\" src=\"https:\/\/www.bioleaderpack.com\/wp-content\/uploads\/2023\/03\/006_1678175745375-2.jpg\" alt=\"saladeira de cana-de-a\u00e7\u00facar\" width=\"687\" height=\"687\" \/><\/td>\n<\/tr>\n<\/tbody>\n<\/table>\n<h2>Principais carater\u00edsticas e carater\u00edsticas<\/h2>\n<h4>1.\u00a0<a href=\"https:\/\/www.bioleaderpack.com\/pt\/sao-biodegradaveis-e-compostaveis-os-mesmos\/\" target=\"_blank\">Compost\u00e1vel e biodegrad\u00e1vel<\/a><\/h4>\n<p>Entre os muitos <a href=\"https:\/\/www.bioleaderpack.com\/pt\/produto\/pratos-de-papel-descartaveis-ecologicos\/\" target=\"_blank\" rel=\"noopener\" data-wpil-monitor-id=\"1959\">pratos descart\u00e1veis ecol\u00f3gicos<\/a> &amp;Compost\u00e1vel - res\u00edduos de vegetais e de fruta - o problema global em curso na Am\u00e9rica A variedade de pratos \u00e9 composta por uma variedade de materiais biodegrad\u00e1veis e compost\u00e1veis, que v\u00e3o do pl\u00e1stico \u00e0 pasta de papel ou \u00e0 fibra.<\/p>\n<h4>2.\u00a0<a href=\"https:\/\/www.bioleaderpack.com\/pt\/e-seguro-utilizar-os-utensilios-de-mesa-de-bagaco-de-cana-de-acucar\/\" target=\"_blank\">Seguro para alimentos e sem qu\u00edmicos<\/a><\/h4>\n<p>As preocupa\u00e7\u00f5es com a seguran\u00e7a e a higiene alimentar orientam as decis\u00f5es sobre o tipo de embalagem alimentar a utilizar. Os pratos e ta\u00e7as ecol\u00f3gicos s\u00e3o tamb\u00e9m <a href=\"https:\/\/www.bioleaderpack.com\/pt\/a-loica-de-bagaco-de-cana-de-acucar-contem-pfas-sem-bpa\/\" target=\"_blank\">Sem PFAS e sem BPA<\/a> o que significa que s\u00e3o desprovidos de subst\u00e2ncias t\u00f3xicas. Pode saborear a comida sem receio de que os conte\u00fados t\u00f3xicos dos utens\u00edlios contaminem os alimentos.<\/p>\n<h4>3.\u00a0<a href=\"https:\/\/www.bioleaderpack.com\/pt\/como-e-que-as-caixas-de-farinha-de-bagaco-de-cana-de-acucar-podem-obter-resistencia-a-agua-e-ao-oleo\/\" target=\"_blank\">\u00c0 prova de fugas e resistente ao \u00f3leo<\/a> Carater\u00edsticas<\/h4>\n<p>Apesar de serem compostos por materiais naturais, estes\u00a0<strong>ta\u00e7as ecol\u00f3gicas descart\u00e1veis<\/strong> s\u00e3o \u00e0 prova de fugas, de \u00f3leo e de gordura. Isto permite-lhes ser utilizados para diferentes tipos de alimentos, sopas, saladas ou alimentos oleosos.<\/p>\n<h4>4.\u00a0<a href=\"https:\/\/www.bioleaderpack.com\/pt\/os-pratos-de-papel-de-bagaco-de-cana-de-acucar-podem-ser-utilizados-no-micro-ondas\/\" target=\"_blank\">Micro-ondas<\/a> e Forte<\/h4>\n<p>A capacidade de micro-ondas \u00e9 outra vantagem do\u00a0<strong>pratos e ta\u00e7as sustent\u00e1veis<\/strong>. Seja em casa ou num restaurante, \u00e9 sempre poss\u00edvel aquecer as tigelas e os pratos cheios com a sua por\u00e7\u00e3o de comida e sabore\u00e1-la sem se preocupar com altera\u00e7\u00f5es estruturais.<\/p>\n<h2>Casos de utiliza\u00e7\u00e3o e aplica\u00e7\u00f5es pr\u00e1ticas<\/h2>\n<h4>1. Restaurantes e servi\u00e7os de take-away<\/h4>\n<p>Os restaurantes, sobretudo os que se dedicam a entregas, utilizam muito bem o\u00a0<strong>ta\u00e7as descart\u00e1veis ecol\u00f3gicas<\/strong>\u00a0para fins de entrega. Permite-lhes atingir o seu objetivo de vazar a comida durante o processo de entrega. Estes pratos e tigelas s\u00e3o adequados para v\u00e1rios pratos, desde saladas e massas a sopas, pelo que as op\u00e7\u00f5es de menu n\u00e3o se limitam a apenas alguns itens.<\/p>\n<h4>2. Festas e eventos<\/h4>\n<p>Quando um anfitri\u00e3o quer ser recebido com vinho e jantar sem comprometer os seus valores, pode recorrer \u00e0 utiliza\u00e7\u00e3o de <strong>pratos e ta\u00e7as descart\u00e1veis ecol\u00f3gicos<\/strong> para festas de anivers\u00e1rio, casamentos e outros eventos. O facto de serem simultaneamente atractivos e amigos do ambiente faz com que sejam os preferidos pelos organizadores que pretendem reduzir ao m\u00e1ximo o impacto e permanecer pr\u00e1ticos.<\/p>\n<h4>3. Restaura\u00e7\u00e3o e embalagem de alimentos<\/h4>\n<p>As unidades de servi\u00e7os de catering e de embalagens de alimentos est\u00e3o agora a avan\u00e7ar para\u00a0<strong>pratos biodegrad\u00e1veis e embalagens de destilados.<\/strong> Esta qualidade permite-lhes ser utilizados para uma grande variedade de subst\u00e2ncias alimentares, uma vez que t\u00eam for\u00e7a e resist\u00eancia ao \u00f3leo. Para al\u00e9m disso, uma vez que s\u00e3o personaliz\u00e1veis, as empresas podem incluir trabalhos art\u00edsticos ou outras formas de promo\u00e7\u00e3o na embalagem, aumentando a sua praticidade e eleg\u00e2ncia.<\/p>\n<table style=\"border-collapse: collapse; width: 100%;\">\n<tbody>\n<tr>\n<td style=\"width: 50%;\"><img loading=\"lazy\" decoding=\"async\" class=\"\" src=\"https:\/\/www.bioleaderpack.com\/wp-content\/uploads\/2023\/03\/0062_1678175808937-3.jpg\" alt=\"ta\u00e7a de cana-de-a\u00e7\u00facar\" width=\"708\" height=\"708\" \/><\/td>\n<td style=\"width: 50%;\"><img loading=\"lazy\" decoding=\"async\" class=\"\" src=\"https:\/\/www.bioleaderpack.com\/wp-content\/uploads\/2023\/03\/0062_1678175851645-4.jpg\" alt=\"ta\u00e7a de cana-de-a\u00e7\u00facar para noddle\" width=\"690\" height=\"690\" \/><\/td>\n<\/tr>\n<\/tbody>\n<\/table>\n<div>\n<div>\n<div>\n<div>\n<h2>Op\u00e7\u00f5es de embalagem personaliz\u00e1veis<\/h2>\n<p>A personaliza\u00e7\u00e3o da embalagem \u00e9 um dos menores m\u00e9ritos de uma embalagem amiga do ambiente<strong>\u00a0pratos e ta\u00e7as<\/strong>. Encontrar os tamanhos e formas mais apelativos para a marca que melhor transmitam a mensagem da empresa. Quando o objetivo \u00e9, muito provavelmente, o de recipientes para takeaway, a utiliza\u00e7\u00e3o normal dessas embalagens \u00e9 substitu\u00edda pela que cumpre a promessa da marca de embalagens ecol\u00f3gicas.<\/p>\n<h3>Tend\u00eancias do mercado e prefer\u00eancias dos consumidores<\/h3>\n<p>A \u00eanfase crescente na sustentabilidade levou a uma necessidade crescente de pratos e ta\u00e7as descart\u00e1veis ecol\u00f3gicos. Mais consumidores est\u00e3o a aceitar o desafio de serem eco-respons\u00e1veis e, por outro lado, as empresas est\u00e3o a avan\u00e7ar para a inclus\u00e3o de tigelas ecol\u00f3gicas na sua utiliza\u00e7\u00e3o.<\/p>\n<p>Al\u00e9m disso, a crescente preocupa\u00e7\u00e3o dos clientes com os produtos descart\u00e1veis e o seu desejo de alternativas ecol\u00f3gicas abriu caminho para a aceita\u00e7\u00e3o de pratos e ta\u00e7as sustent\u00e1veis da Amazon e da Etsy. V\u00e1rios estabelecimentos de restaura\u00e7\u00e3o tamb\u00e9m adoptaram estes produtos porque compreendem que o respeito pelo ambiente n\u00e3o \u00e9 apenas uma moda passageira, mas sim uma transforma\u00e7\u00e3o fundamental na forma de pensar dos consumidores.<\/p>\n<h2>Escolhas dos clientes:<\/h2>\n<p>Porque \u00e9 que as empresas est\u00e3o a escolher lou\u00e7a sustent\u00e1vel por v\u00e1rias raz\u00f5es. Atualmente, as empresas est\u00e3o mais inclinadas para a utiliza\u00e7\u00e3o de pratos e ta\u00e7as ecol\u00f3gicos.<\/p>\n<ol>\n<li><strong>Impacto ambiental:<\/strong> A principal raz\u00e3o prende-se com as quest\u00f5es ambientais. As empresas que utilizam pratos e ta\u00e7as sustent\u00e1veis est\u00e3o a mostrar a sua vontade de ajudar a reduzir a polui\u00e7\u00e3o por pl\u00e1sticos e a limpar o mundo.<\/li>\n<li><strong>Recurso do consumidor<\/strong>: Alguns consideram que a exig\u00eancia dos consumidores apoia este tipo de iniciativas ambientais, nomeadamente por parte das empresas com as quais lidam. Ao utilizar ta\u00e7as eco-descart\u00e1veis, os clientes t\u00eam a garantia de que a empresa est\u00e1 empenhada em respeitar o ambiente. Este facto ajuda a criar confian\u00e7a entre uma empresa e os seus clientes.<\/li>\n<li><strong>Conformidade com os regulamentos<\/strong>: A regulamenta\u00e7\u00e3o da gest\u00e3o dos pl\u00e1sticos est\u00e1 a ser implementada em diferentes partes do mundo \u00e0 medida que novos territ\u00f3rios se expandem.\u00a0<strong>Pratos e ta\u00e7as descart\u00e1veis amigos do ambiente<\/strong> s\u00e3o, pelo contr\u00e1rio, uma alternativa adequada que n\u00e3o tem restri\u00e7\u00f5es relativamente a estas regras, embora ofere\u00e7am comodidades descart\u00e1veis.<\/li>\n<\/ol>\n<\/div>\n<\/div>\n<\/div>\n<\/div>\n<h2><img loading=\"lazy\" decoding=\"async\" class=\"alignnone wp-image-2723\" title=\"ta\u00e7a de baga\u00e7o de cana-de-a\u00e7\u00facar\" src=\"https:\/\/www.bioleaderpack.com\/wp-content\/uploads\/2024\/10\/sugarcane-bagasse-bowl-1-1024x575.jpg\" alt=\"\" width=\"1071\" height=\"601\" srcset=\"https:\/\/www.bioleaderpack.com\/wp-content\/uploads\/2024\/10\/sugarcane-bagasse-bowl-1-1024x575.jpg.webp 1024w, https:\/\/www.bioleaderpack.com\/wp-content\/uploads\/2024\/10\/sugarcane-bagasse-bowl-1-600x337.jpg 600w, https:\/\/www.bioleaderpack.com\/wp-content\/uploads\/2024\/10\/sugarcane-bagasse-bowl-1-300x169.jpg.webp 300w, https:\/\/www.bioleaderpack.com\/wp-content\/uploads\/2024\/10\/sugarcane-bagasse-bowl-1-768x431.jpg.webp 768w, https:\/\/www.bioleaderpack.com\/wp-content\/uploads\/2024\/10\/sugarcane-bagasse-bowl-1.jpg.webp 1200w\" sizes=\"(max-width: 1071px) 100vw, 1071px\" \/><\/h2>\n<h2>Perguntas comuns<\/h2>\n<p><strong>P: \u00c9 poss\u00edvel utilizar pratos e ta\u00e7as ecol\u00f3gicos no micro-ondas?<\/strong><\/p>\n<p>R: Sim, estes\u00a0<a href=\"https:\/\/www.bioleaderpack.com\/pt\/produto\/pratos-de-festa-descartaveis-ecologicos-personalizados\/\" target=\"_blank\" rel=\"noopener\" data-wpil-monitor-id=\"1739\">pratos ecol\u00f3gicos<\/a> e ta\u00e7as No entanto, s\u00e3o seguros para serem utilizados no micro-ondas, uma vez que permitem reaquecer os alimentos sem comprometer a estrutura do recipiente.<\/p>\n<p><strong>P: Oferecem marcas privadas para a embalagem dos pratos e ta\u00e7as verdes?<\/strong><\/p>\n<p>R: Claro! As empresas podem personalizar a utiliza\u00e7\u00e3o de ta\u00e7as descart\u00e1veis ecol\u00f3gicas, alterando os desenhos, tamanhos e at\u00e9 formas dispon\u00edveis para satisfazer as suas necessidades.<\/p>\n<p><strong>P: Quanto tempo duram as ta\u00e7as ecol\u00f3gicas descart\u00e1veis?<\/strong><\/p>\n<p>R: As ta\u00e7as descart\u00e1veis ecol\u00f3gicas feitas de baga\u00e7o de cana-de-a\u00e7\u00facar podem biodegradar-se de forma fi\u00e1vel e segura ap\u00f3s alguns meses com uma compostagem adequada, o que constitui uma op\u00e7\u00e3o muito mais ecol\u00f3gica do que o pl\u00e1stico<\/p>\n<h2>Bloco de Ideias Sem\u00e2nticas: Elevando as embalagens de alimentos com pratos e tigelas sustent\u00e1veis<\/h2>\n<div class=\"semantic-insight-block\" style=\"background: #e8f5e9; border-left: 4px solid #2196f3; padding: 14px; margin-bottom: 16px;\">\n<ul>\n<li><strong>O material define a sustentabilidade:<\/strong><br \/>\nFabricados a partir de polpa de baga\u00e7o de cana-de-a\u00e7\u00facar renov\u00e1vel, estes pratos e ta\u00e7as oferecem uma r\u00e1pida biodegrada\u00e7\u00e3o e compostagem industrial\/dom\u00e9stica sem produtos qu\u00edmicos PFAS - proporcionando seguran\u00e7a e integridade ambiental.<\/li>\n<li><strong>Desempenho fi\u00e1vel em utiliza\u00e7\u00e3o real:<\/strong><br \/>\n\u00c0 prova de fugas, resistentes a gorduras e que podem ir ao micro-ondas, estes artigos de mesa s\u00e3o suficientemente robustos para alimentos quentes, oleosos e frios - ideais para diversas opera\u00e7\u00f5es de servi\u00e7os alimentares.<\/li>\n<li><strong>Conformidade e certifica\u00e7\u00e3o abrangentes:<\/strong><br \/>\nCumpre as normas EN13432, ASTM D6400, FDA e UE relativas ao contacto com alimentos - apoiando a elegibilidade para exporta\u00e7\u00e3o e a prontid\u00e3o regulamentar para mercados com proibi\u00e7\u00f5es de pl\u00e1sticos de utiliza\u00e7\u00e3o \u00fanica e quadros EPR.<\/li>\n<li><strong>Estrat\u00e9gia de fornecimento escal\u00e1vel:<\/strong><br \/>\nDispon\u00edveis em v\u00e1rias formas e tamanhos (pratos de 6-12 pol.; ta\u00e7as de v\u00e1rios volumes), fornecidos a granel para satisfazer as necessidades de embalagens de catering, eventos e retalho em grande escala.<\/li>\n<li><strong>Oportunidade para consumidores e marcas:<\/strong><br \/>\nA utiliza\u00e7\u00e3o de loi\u00e7a biodegrad\u00e1vel certificada melhora a imagem de sustentabilidade da marca, repercute-se nos consumidores ambientalmente conscientes e ajuda as empresas a alinharem-se com a mudan\u00e7a em 2025 para regulamentos ecol\u00f3gicos e expectativas ESG.<\/li>\n<\/ul>\n<div style=\"margin-top: 8px;\"><strong>Vis\u00e3o estrat\u00e9gica:<\/strong><br \/>\nNuma \u00e9poca em que a regulamenta\u00e7\u00e3o ambiental e a consciencializa\u00e7\u00e3o dos consumidores aceleram a procura de embalagens sem pl\u00e1stico, os pratos e ta\u00e7as \u00e0 base de cana-de-a\u00e7\u00facar da Bioleader oferecem uma solu\u00e7\u00e3o \u00e0 prova de futuro e de elevada integridade - convertendo a conveni\u00eancia de uma \u00fanica utiliza\u00e7\u00e3o num impacto sustent\u00e1vel.<\/div>\n<\/div>\n<p>&nbsp;<\/p>\n<p><script type=\"application\/ld+json\">{\n    \"@context\": \"https:\\\/\\\/schema.org\",\n    \"@type\": \"FAQPage\",\n    \"mainEntity\": [\n        {\n            \"@type\": \"Question\",\n            \"name\": \"Can you use eco friendly plates and bowls in the microwave?\",\n            \"acceptedAnswer\": {\n                \"@type\": \"Answer\",\n                \"text\": \"Yes, these eco-friendly plates and bowls However, are safe to be used in the microwave as they allow for food to be reheated without compromising the structure of the container.\"\n            }\n        },\n        {\n            \"@type\": \"Question\",\n            \"name\": \"Do you offer private labels for the packaging as well of green plates and bowls?\",\n            \"acceptedAnswer\": {\n                \"@type\": \"Answer\",\n                \"text\": \"Of course! Companies can personalize the use of eco-friendly disposable bowls by altering the designs, sizes, and even shapes available to satisfy their demands.\"\n            }\n        },\n        {\n            \"@type\": \"Question\",\n            \"name\": \"How long do eco-disposable bowls last?\",\n            \"acceptedAnswer\": {\n                \"@type\": \"Answer\",\n                \"text\": \"Eco-friendly disposable bowls made out of sugarcane bagasse can reliably and safely biodegrade after a couple of months with proper composting, which provides a much more eco-friendly option than plastic.\"\n            }\n        }\n    ]\n}<\/script><\/p>","protected":false},"excerpt":{"rendered":"<p data-start=\"331\" data-end=\"824\">Actualize as suas embalagens para servi\u00e7os alimentares com os pratos e ta\u00e7as descart\u00e1veis ecol\u00f3gicos da Bioleader - fabricados a partir de baga\u00e7o renov\u00e1vel e concebidos para a sustentabilidade. Estas solu\u00e7\u00f5es biodegrad\u00e1veis e compost\u00e1veis s\u00e3o ideais para servir pratos quentes ou frios em servi\u00e7os de catering, takeaway ou restaurantes. Robustas, resistentes a gorduras e sem PFAS, combinam a responsabilidade ambiental com um desempenho fi\u00e1vel. Uma escolha ideal para marcas com consci\u00eancia ecol\u00f3gica que procuram alternativas econ\u00f3micas ao pl\u00e1stico ou \u00e0 espuma.<\/p>","protected":false},"featured_media":18038,"comment_status":"open","ping_status":"closed","template":"","meta":{"_acf_changed":false},"product_brand":[8971],"product_cat":[7150],"product_tag":[6725,6714,6726,6728,6729,6731],"class_list":{"0":"post-13552","1":"product","2":"type-product","3":"status-publish","4":"has-post-thumbnail","6":"product_brand-bioleader","7":"product_cat-bagasse-bowl","8":"product_tag-eco-disposable-bowls","9":"product_tag-eco-friendly-bowls","10":"product_tag-eco-friendly-disposable-bowls","11":"product_tag-eco-friendly-disposable-plates-and-bowls","12":"product_tag-eco-friendly-plates-and-bowls","13":"product_tag-sustainable-plates-and-bowls","15":"first","16":"instock","17":"purchasable","18":"product-type-simple"},"acf":[],"_links":{"self":[{"href":"https:\/\/www.bioleaderpack.com\/pt\/wp-json\/wp\/v2\/product\/13552","targetHints":{"allow":["GET"]}}],"collection":[{"href":"https:\/\/www.bioleaderpack.com\/pt\/wp-json\/wp\/v2\/product"}],"about":[{"href":"https:\/\/www.bioleaderpack.com\/pt\/wp-json\/wp\/v2\/types\/product"}],"replies":[{"embeddable":true,"href":"https:\/\/www.bioleaderpack.com\/pt\/wp-json\/wp\/v2\/comments?post=13552"}],"wp:featuredmedia":[{"embeddable":true,"href":"https:\/\/www.bioleaderpack.com\/pt\/wp-json\/wp\/v2\/media\/18038"}],"wp:attachment":[{"href":"https:\/\/www.bioleaderpack.com\/pt\/wp-json\/wp\/v2\/media?parent=13552"}],"wp:term":[{"taxonomy":"product_brand","embeddable":true,"href":"https:\/\/www.bioleaderpack.com\/pt\/wp-json\/wp\/v2\/product_brand?post=13552"},{"taxonomy":"product_cat","embeddable":true,"href":"https:\/\/www.bioleaderpack.com\/pt\/wp-json\/wp\/v2\/product_cat?post=13552"},{"taxonomy":"product_tag","embeddable":true,"href":"https:\/\/www.bioleaderpack.com\/pt\/wp-json\/wp\/v2\/product_tag?post=13552"}],"curies":[{"name":"wp","href":"https:\/\/api.w.org\/{rel}","templated":true}]}}