{"id":13547,"date":"2023-03-07T07:37:04","date_gmt":"2023-03-06T23:37:04","guid":{"rendered":"https:\/\/www.bioleaderpack.com\/product\/microwavable-disposable-paper-bowls-12-oz\/"},"modified":"2026-04-24T17:06:18","modified_gmt":"2026-04-24T09:06:18","slug":"tacas-descartaveis-para-micro-ondas-tacas-de-papel-de-12-oz","status":"publish","type":"product","link":"https:\/\/www.bioleaderpack.com\/pt\/produto\/tacas-descartaveis-para-micro-ondas-tacas-de-papel-de-12-oz\/","title":{"rendered":"Ta\u00e7as de papel descart\u00e1veis para micro-ondas de 12 oz"},"content":{"rendered":"<table style=\"border-collapse: collapse; width: 100%;\">\n<tbody>\n<tr>\n<td style=\"width: 50%;\"><img fetchpriority=\"high\" decoding=\"async\" class=\"\" src=\"https:\/\/www.bioleaderpack.com\/wp-content\/uploads\/2023\/03\/L003Size_1678173742035-1.jpg\" alt=\"ta\u00e7a de fibra de cana-de-a\u00e7\u00facar\" width=\"652\" height=\"652\" \/><\/td>\n<td style=\"width: 50%;\"><img decoding=\"async\" class=\"\" src=\"https:\/\/www.bioleaderpack.com\/wp-content\/uploads\/2023\/03\/L0032_1678173767737-1.jpg\" alt=\"ta\u00e7a de cana-de-a\u00e7\u00facar 340ml\" width=\"648\" height=\"648\" \/><\/td>\n<\/tr>\n<tr>\n<td style=\"width: 50%;\"><img decoding=\"async\" class=\"\" src=\"https:\/\/www.bioleaderpack.com\/wp-content\/uploads\/2023\/03\/L0032_1678173796346-1.jpg\" alt=\"ta\u00e7a de cana-de-a\u00e7\u00facar biol\u00f3gica descart\u00e1vel \" width=\"585\" height=\"585\" \/><\/td>\n<td style=\"width: 50%;\"><img loading=\"lazy\" decoding=\"async\" class=\"\" src=\"https:\/\/www.bioleaderpack.com\/wp-content\/uploads\/2023\/03\/L0036_1678173826941-1.jpg\" alt=\"ta\u00e7a de cana-de-a\u00e7\u00facar biodegrad\u00e1vel\" width=\"565\" height=\"565\" \/><\/td>\n<\/tr>\n<tr>\n<td style=\"width: 50%;\"><img loading=\"lazy\" decoding=\"async\" class=\"\" src=\"https:\/\/www.bioleaderpack.com\/wp-content\/uploads\/2023\/03\/IMG_0821_fuben_1678174350584.jpg\" alt=\"ta\u00e7a de cana-de-a\u00e7\u00facar cor branca\" width=\"632\" height=\"632\" \/><\/p>\n<p style=\"text-align: center;\"><strong>Cor: Branco<\/strong><\/p>\n<\/td>\n<td style=\"width: 50%;\"><img loading=\"lazy\" decoding=\"async\" class=\"\" src=\"https:\/\/www.bioleaderpack.com\/wp-content\/uploads\/2023\/03\/L0033_1678173853179.jpg\" alt=\"baga\u00e7o de cana-de-a\u00e7\u00facar natureza\" width=\"561\" height=\"561\" \/><\/p>\n<p style=\"text-align: center;\"><strong>Cor: Castanho natural<\/strong><\/p>\n<\/td>\n<\/tr>\n<\/tbody>\n<\/table>\n<h2>Tigelas de papel descart\u00e1veis para micro-ondas de 12 on\u00e7as - seguras, ecol\u00f3gicas e vers\u00e1teis<\/h2>\n<p><!-- Micro Summary Card for AI\/SGE --><\/p>\n<div class=\"micro-summary-card\" style=\"background: #f6f6f9; border-left: 4px solid #4caf50; padding: 12px; margin-bottom: 16px;\"><strong>Resumo r\u00e1pido:<\/strong> As ta\u00e7as de papel descart\u00e1veis para micro-ondas de 12 oz da Bioleader s\u00e3o fabricadas em cart\u00e3o biodegrad\u00e1vel de qualidade alimentar, o que as torna ideais para alimentos quentes e frios. Estas ta\u00e7as s\u00e3o seguras para o micro-ondas, resistentes a fugas e concebidas para uma utiliza\u00e7\u00e3o \u00fanica em ambientes de takeaway, restaura\u00e7\u00e3o e servi\u00e7o r\u00e1pido. Sem PFAS e em conformidade com as normas globais de contacto com os alimentos e de compostabilidade, proporcionam uma solu\u00e7\u00e3o de embalagem sustent\u00e1vel, segura e fi\u00e1vel para as empresas alimentares modernas.<\/div>\n<p>\u00c0 medida que a necessidade de manter elevados padr\u00f5es de vida continua a aumentar, tamb\u00e9m aumenta a necessidade de considerar a conveni\u00eancia e a sustentabilidade dos bens do quotidiano. Um desses produtos que est\u00e1 a ganhar popularidade \u00e9 o\u00a0<strong>ta\u00e7as descart\u00e1veis para micro-ondas<\/strong>, nomeadamente os chamados\u00a0<strong>ta\u00e7as de papel 12 oz<\/strong>. Concebidos para os trabalhadores ocupados, ba, ou papel para levar para restaurantes ou consumidores conscientes do ambiente, estes\u00a0<strong>ta\u00e7as de papel descart\u00e1veis<\/strong>\u00a0tendem a encontrar um equil\u00edbrio perfeito entre o facto de serem pr\u00e1ticos e amigos do ambiente.<\/p>\n<h2>Material: Baga\u00e7o de cana-de-a\u00e7\u00facar ecol\u00f3gico<\/h2>\n<p>O nosso\u00a0<strong>Ta\u00e7as descart\u00e1veis de 12 oz<\/strong> s\u00e3o fabricados a partir de baga\u00e7o de cana-de-a\u00e7\u00facar, que \u00e9 um material fibroso deixado ap\u00f3s o processamento da cana-de-a\u00e7\u00facar. N\u00e3o s\u00f3 \u00e9 renov\u00e1vel como tamb\u00e9m \u00e9 um material amigo do ambiente. A utiliza\u00e7\u00e3o de ta\u00e7as feitas de baga\u00e7o de cana-de-a\u00e7\u00facar tamb\u00e9m ajudar\u00e1 a gerir os res\u00edduos, reduzindo as emiss\u00f5es de metano e promovendo materiais biodegrad\u00e1veis.<\/p>\n<p>Em vez dos habituais copos e recipientes de pl\u00e1stico ou de espuma, estes\u00a0<strong>Ta\u00e7as de papel de 12 oz<\/strong> s\u00e3o de origem vegetal e, por conseguinte, compost\u00e1veis e biodegrad\u00e1veis. O que se biodegradar\u00e1 de forma abrangente, sem polui\u00e7\u00e3o por micropl\u00e1sticos. Uma vez que a maioria dos pa\u00edses est\u00e1 aterrorizada com a utiliza\u00e7\u00e3o de pl\u00e1stico nas suas v\u00e1rias formas, com vista a um ambiente mais verde, a utiliza\u00e7\u00e3o de alternativas como o baga\u00e7o de cana-de-a\u00e7\u00facar seria uma preocupa\u00e7\u00e3o adequada.<\/p>\n<h2>Avan\u00e7o em <a href=\"https:\/\/www.bioleaderpack.com\/pt\/processo-de-producao-de-louca-de-mesa-para-moldagem-de-pasta-de-bagaco-de-cana-de-acucar\/\" target=\"_blank\">Processo de produ\u00e7\u00e3o: Moldagem de pasta de papel<\/a><\/h2>\n<p>O\u00a0<strong>ta\u00e7as descart\u00e1veis para micro-ondas<\/strong> que oferecemos s\u00e3o fabricados atrav\u00e9s do m\u00e9todo de moldagem de polpa de papel topo de gama. Este m\u00e9todo incorpora a convers\u00e3o de pasta de papel moldada em recipientes que podem suportar mudan\u00e7as de temperatura e n\u00e3o apresentam fugas quando cont\u00eam alimentos h\u00famidos ou secos. Este processo de fabrico de ta\u00e7as de pasta de papel n\u00e3o s\u00f3 proporciona uma excelente ergonomia do produto final, como tamb\u00e9m permite torn\u00e1-lo leve e funcional. As ta\u00e7as de pasta de papel moldada s\u00e3o tamb\u00e9m virtualmente \u00e0 prova de fugas, \u00e0 prova de gordura e \u00e0 prova de \u00e1gua, tornando-as ideais para praticamente qualquer aplica\u00e7\u00e3o alimentar.<\/p>\n<table style=\"border-collapse: collapse; width: 100%;\">\n<tbody>\n<tr>\n<td style=\"width: 50%;\"><img loading=\"lazy\" decoding=\"async\" class=\"\" style=\"text-align: center;\" src=\"https:\/\/www.bioleaderpack.com\/wp-content\/uploads\/2023\/03\/L0034_1678174547371-1.jpg\" alt=\"ta\u00e7a de cana-de-a\u00e7\u00facar 12 on\u00e7as\" width=\"565\" height=\"565\" \/><\/td>\n<td style=\"width: 50%;\"><img loading=\"lazy\" decoding=\"async\" class=\"\" src=\"https:\/\/www.bioleaderpack.com\/wp-content\/uploads\/2023\/03\/0032_1678174519094-1.jpg\" alt=\"ta\u00e7a de cana-de-a\u00e7\u00facar compost\u00e1vel\" width=\"544\" height=\"544\" \/><\/td>\n<\/tr>\n<\/tbody>\n<\/table>\n<h2>Carater\u00edsticas importantes das ta\u00e7as descart\u00e1veis de 12 oz<\/h2>\n<h4>Fabricado com conte\u00fado ecol\u00f3gico e biodegrad\u00e1vel<\/h4>\n<p>O nosso\u00a0<strong>ta\u00e7as de papel descart\u00e1veis<\/strong> s\u00e3o fabricados com materiais 100% compost\u00e1veis, pelo que se decomp\u00f5em em instala\u00e7\u00f5es de compostagem. Esta \u00e9 uma \u00f3ptima solu\u00e7\u00e3o para consumidores e empresas que se preocupam com o ambiente e querem reduzir a pegada de carbono. S\u00e3o tamb\u00e9m biodegrad\u00e1veis, pelo que regressam \u00e0 natureza ap\u00f3s a sua utiliza\u00e7\u00e3o, diminuindo assim os res\u00edduos dos aterros.<\/p>\n<h4>Seguro para alimentos e sem materiais t\u00f3xicos<\/h4>\n<p>A embalagem de qualquer produto alimentar deve garantir a seguran\u00e7a, especialmente quando se trata de produtos alimentares. Esta ta\u00e7a para m\u00e3es \u00e9 fabricada sem PFAS, BPA ou outros qu\u00edmicos que possam entrar em contacto com os alimentos. Estas ta\u00e7as cumprem requisitos de seguran\u00e7a alimentar bastante r\u00edgidos e, por isso, s\u00e3o bastante seguras para utiliza\u00e7\u00e3o mesmo quando se servem refei\u00e7\u00f5es a temperaturas extremas, como sopas quentes, saladas, massas, etc.<\/p>\n<h4>\u00c0 prova de \u00e1gua e \u00e0 prova de \u00f3leo<\/h4>\n<p>Concebida para servir todos os tipos de alimentos, a nossa\u00a0<strong>Ta\u00e7as de papel de 12 oz<\/strong> Felizmente, n\u00e3o t\u00eam fugas e n\u00e3o ficam encharcados. Quer se trate de uma tigela cheia de sopa cremosa, de massa oleosa ou mesmo de uma salada, este recipiente aguenta tudo sem qualquer derrame. A sua resist\u00eancia \u00e0 polui\u00e7\u00e3o por \u00e1gua e \u00f3leo alarga a sua utiliza\u00e7\u00e3o desde restaurantes de servi\u00e7o r\u00e1pido a grandes eventos familiares.<\/p>\n<h4>Seguro para colocar no micro-ondas<\/h4>\n<p>Estes O que <a href=\"https:\/\/www.bioleaderpack.com\/pt\/e-possivel-colocar-pratos-e-travessas-de-papel-descartaveis-no-micro-ondas-ou-no-forno\/\" target=\"_blank\" rel=\"noopener\" data-wpil-monitor-id=\"64\">pode ir ao micro-ondas descart\u00e1vel<\/a> As ta\u00e7as s\u00e3o concebidas para tornar os alimentos seguros, permitindo o seu reaquecimento no \"micro-ondas\". Estas s\u00e3o tamb\u00e9m boas op\u00e7\u00f5es para colocar no micro-ondas se for necess\u00e1rio reaquecer uma sobra r\u00e1pida ou uma por\u00e7\u00e3o de comida para dois, mas embalada numa tigela para maior comodidade. S\u00e3o particularmente \u00fateis porque, para al\u00e9m disso, podem ser aquecidos no micro-ondas, proporcionando servi\u00e7os de micro-ondas em casa e no com\u00e9rcio.<\/p>\n<h2>As ta\u00e7as de papel de 12 oz servem uma vasta gama de casos de utiliza\u00e7\u00e3o.<\/h2>\n<p>O nosso\u00a0<strong>Ta\u00e7as descart\u00e1veis de 12 oz<\/strong>\u00a0est\u00e3o um passo \u00e0 frente destas ta\u00e7as de papel. Eis alguns cen\u00e1rios em que estas ta\u00e7as brilham:<\/p>\n<ul>\n<li>\n<h4>Saladas e outros legumes<\/h4>\n<\/li>\n<\/ul>\n<p>Pode utilizar as saladeiras para servir saladas saud\u00e1veis e frescas, uma vez que estas saladeiras aguentam bem mesmo com o conte\u00fado h\u00famido e n\u00e3o mudam de forma mesmo quando os ingredientes est\u00e3o embebidos em humidade.<\/p>\n<ul>\n<li>\n<h4>Certos tipos de alimentos<\/h4>\n<\/li>\n<\/ul>\n<p>N\u00e3o tenha medo de servir sopas, noodles ou guisados no futuro, porque estas tigelas s\u00e3o \u00e0 prova de fugas e mant\u00eam os alimentos quentes quentes.<\/p>\n<ul>\n<li>\n<h4>Takeout e entrega<\/h4>\n<\/li>\n<\/ul>\n<p>Os restaurantes e as carrinhas de comida podem encher estas tigelas com comida para levar, garantindo que a comida \u00e9 embalada numa tigela segura e verde.<\/p>\n<ul>\n<li>\n<h4>Festas e eventos<\/h4>\n<\/li>\n<\/ul>\n<p>Est\u00e1 a organizar uma festa? Estas\u00a0<strong>Ta\u00e7as de papel de 12 oz<\/strong> s\u00e3o ideais para servir comida durante a ocasi\u00e3o, uma vez que s\u00e3o f\u00e1ceis de eliminar ou compostar ap\u00f3s o evento.<\/p>\n<h2>Embalagem personaliz\u00e1vel<\/h2>\n<p>O nosso\u00a0<strong>ta\u00e7as descart\u00e1veis para micro-ondas<\/strong> encontram-se no mercado com v\u00e1rias op\u00e7\u00f5es de embalagem, atraindo assim as empresas. Se quiser publicitar a sua empresa, seja nas ta\u00e7as ou nas caixas, ou mandar fazer e imprimir alguns desenhos distintos, teremos todo o gosto em ajud\u00e1-lo a mostrar os seus produtos.<\/p>\n<p align=\"left\"><strong>Outro tamanho:<\/strong><\/p>\n<p align=\"left\"><img loading=\"lazy\" decoding=\"async\" src=\"https:\/\/www.bioleaderpack.com\/wp-content\/uploads\/2023\/03\/LBowl_1678120102289.jpg\" alt=\"bacia de cana-de-a\u00e7\u00facar\" width=\"1000\" height=\"544\" \/><\/p>\n<p align=\"left\"><img loading=\"lazy\" decoding=\"async\" src=\"https:\/\/www.bioleaderpack.com\/wp-content\/uploads\/2023\/03\/20191211153532_1678120030316-1.jpg\" alt=\"ta\u00e7as biodegrad\u00e1veis\" width=\"1000\" height=\"1000\" \/><\/p>\n<h2>Produtos em alta no mercado<\/h2>\n<p>Cada vez mais pessoas, bem como empresas, tendem a procurar op\u00e7\u00f5es mais ecol\u00f3gicas, <strong>ta\u00e7as de papel descart\u00e1veis<\/strong> e os recipientes para alimentos fabricados a partir de recursos renov\u00e1veis est\u00e3o a ganhar rapidamente terreno. Muitos restaurantes, caf\u00e9s e empresas do sector alimentar trocam o pl\u00e1stico por solu\u00e7\u00f5es mais rent\u00e1veis para satisfazer as suas necessidades ambientais e de consumo. Estes\u00a0<strong>Ta\u00e7as descart\u00e1veis de 12 oz<\/strong> s\u00e3o apenas parte desta tend\u00eancia crescente, que combina a responsabilidade ambiental com a necessidade comercial e, por isso, todas as empresas que procuram solu\u00e7\u00f5es ecol\u00f3gicas devem t\u00ea-las.<\/p>\n<h3>Popularidade noutras plataformas<\/h3>\n<p>O nosso\u00a0<strong>ta\u00e7as descart\u00e1veis para micro-ondas<\/strong> ganharam muita aten\u00e7\u00e3o em s\u00edtios de com\u00e9rcio eletr\u00f3nico como o Amazon, o Alibaba e outros s\u00edtios de com\u00e9rcio eletr\u00f3nico. Os consumidores afirmam que os produtos s\u00e3o pr\u00e1ticos, amigos do ambiente e acess\u00edveis ao mesmo tempo, pelo que s\u00e3o preferidos para fins dom\u00e9sticos ou empresariais. As cr\u00edticas positivas afirmam que as ta\u00e7as s\u00e3o resistentes, n\u00e3o vertem e s\u00e3o amigas do ambiente, pelo que s\u00e3o mais \u00fateis.<\/p>\n<h2>Porque \u00e9 que os clientes nos escolhem<\/h2>\n<p>Ser um\u00a0<strong>Fabricante chin\u00eas<\/strong>\u00a0em\u00a0<strong>grossista<\/strong>A nossa empresa \u00e9 uma empresa de produtos de qualidade a pre\u00e7os baixos. Compreendemos a necessidade de respeitar as pr\u00e1ticas ambientais, sem comprometer a qualidade e a funcionalidade dos nossos produtos.\u00a0<strong>Ta\u00e7as de papel de 12 oz<\/strong>\u00a0Por isso, os utilizadores normais e as empresas vir\u00e3o sempre ter connosco. Quer se trate de uma pequena ocasi\u00e3o ou de um grande neg\u00f3cio, os clientes t\u00eam a certeza de que obter\u00e3o produtos fi\u00e1veis e ecol\u00f3gicos da nossa parte.<\/p>\n<h2>Perguntas frequentes (FAQ)<\/h2>\n<p><strong>1. Estas ta\u00e7as s\u00e3o seguras para alimentos quentes?<\/strong><\/p>\n<p>Claro que sim. As nossas tigelas descart\u00e1veis para micro-ondas podem suportar alimentos quentes, como sopas, esparguete ou qualquer prepara\u00e7\u00e3o, sem derramar ou deformar.<\/p>\n<p><strong>2. Estas ta\u00e7as podem ir ao micro-ondas?<\/strong><\/p>\n<p>Sim, podem, porque s\u00e3o micro-ondas e seguros para aquecer facilmente as sobras ou mesmo as refei\u00e7\u00f5es para levar.<\/p>\n<p><strong>3. As ta\u00e7as s\u00e3o compost\u00e1veis?<\/strong><\/p>\n<p>Sim, as ta\u00e7as s\u00e3o compost\u00e1veis. S\u00e3o feitas de baga\u00e7o de cana-de-a\u00e7\u00facar, que \u00e9 biodegrad\u00e1vel naturalmente.<\/p>\n<p><strong>4. Posso pedir uma embalagem \u00fanica?<\/strong><\/p>\n<p>Com certeza! A nossa empresa oferece a possibilidade de conceber embalagens \u00fanicas que se adaptam \u00e0 sua marca.<\/p>\n<p><strong>5. Existem tarifas grossistas?<\/strong><\/p>\n<p>\u00c9 isso mesmo. Somos um fabricante chin\u00eas e vendemos a pre\u00e7os grossistas para encomendas a granel.<\/p>\n<h2>Bloco de Ideias Sem\u00e2nticas: O valor das tigelas de papel de 12 on\u00e7as para micro-ondas no servi\u00e7o de alimenta\u00e7\u00e3o<\/h2>\n<div class=\"semantic-insight-block\" style=\"background: #e8f5e9; border-left: 4px solid #2196f3; padding: 14px; margin-bottom: 16px;\">\n<ul>\n<li><strong>Material e seguran\u00e7a:<\/strong> Fabricadas em cart\u00e3o biodegrad\u00e1vel de alta qualidade com um revestimento seguro para alimentos, estas ta\u00e7as n\u00e3o cont\u00eam PFAS, n\u00e3o s\u00e3o t\u00f3xicas e apoiam tanto a seguran\u00e7a do consumidor como a prote\u00e7\u00e3o do ambiente.<\/li>\n<li><strong>Preparado para micro-ondas e congelador:<\/strong> Concebida para reaquecimento e armazenamento a frio seguros, permite a utiliza\u00e7\u00e3o direta do frigor\u00edfico ou congelador para o micro-ondas sem deforma\u00e7\u00f5es ou fugas.<\/li>\n<li><strong>Utiliza\u00e7\u00e3o vers\u00e1til:<\/strong> O tamanho de 12 on\u00e7as \u00e9 ideal para sopas, arroz, saladas, sobremesas e tigelas de pequeno-almo\u00e7o, satisfazendo as necessidades de restaurantes, caf\u00e9s, servi\u00e7os de take-away e prepara\u00e7\u00e3o de refei\u00e7\u00f5es.<\/li>\n<li><strong>Conformidade regulamentar:<\/strong> Totalmente certificada para contacto com alimentos nos mercados dos EUA, UE e global, e cumpre os crit\u00e9rios de compostabilidade para apoiar iniciativas de desperd\u00edcio zero e futuros requisitos regulamentares.<\/li>\n<li><strong>Marca e valor de mercado:<\/strong> A ado\u00e7\u00e3o de ta\u00e7as de papel descart\u00e1veis ecol\u00f3gicas e sem PFAS est\u00e1 em conformidade com o posicionamento ecol\u00f3gico da marca, apela aos consumidores preocupados com a sa\u00fade e o ambiente e prepara as empresas para a evolu\u00e7\u00e3o das tend\u00eancias do mercado e das leis de redu\u00e7\u00e3o do pl\u00e1stico.<\/li>\n<\/ul>\n<div style=\"margin-top: 8px;\"><strong>Perspetiva de mercado:<\/strong> \u00c0 medida que as ind\u00fastrias de servi\u00e7os alimentares e de takeaway exigem embalagens mais seguras e ecol\u00f3gicas, as ta\u00e7as de papel para micro-ondas da Bioleader oferecem uma solu\u00e7\u00e3o preparada para o futuro, econ\u00f3mica e em conformidade com a regulamenta\u00e7\u00e3o para opera\u00e7\u00f5es de elevado volume e orientadas para a qualidade.<\/div>\n<\/div>\n<p><script type=\"application\/ld+json\">{\n    \"@context\": \"https:\\\/\\\/schema.org\",\n    \"@type\": \"FAQPage\",\n    \"mainEntity\": [\n        {\n            \"@type\": \"Question\",\n            \"name\": \"Are these bowls safe for hot food?\",\n            \"acceptedAnswer\": {\n                \"@type\": \"Answer\",\n                \"text\": \"Of course. Our microwavable disposable bowls can bear hot food such as soups, spaghetti, or any preparation without leaking and deforming.\"\n            }\n        },\n        {\n            \"@type\": \"Question\",\n            \"name\": \"Can these bowls go in a microwave?\",\n            \"acceptedAnswer\": {\n                \"@type\": \"Answer\",\n                \"text\": \"Yes, they can because they are microwaved and safe for easy warming of the leftovers or even takeaway meals.\"\n            }\n        },\n        {\n            \"@type\": \"Question\",\n            \"name\": \"Are the bowls compostable?\",\n            \"acceptedAnswer\": {\n                \"@type\": \"Answer\",\n                \"text\": \"Yes, the bowls are compostable. They are made out of sugarcane bagasse which is biodegradable naturally.\"\n            }\n        },\n        {\n            \"@type\": \"Question\",\n            \"name\": \"Can I request unique packaging?\",\n            \"acceptedAnswer\": {\n                \"@type\": \"Answer\",\n                \"text\": \"Certainly! Our company offers the possibility of unique packaging designs that fit your brand.\"\n            }\n        },\n        {\n            \"@type\": \"Question\",\n            \"name\": \"Are there any wholesale rates?\",\n            \"acceptedAnswer\": {\n                \"@type\": \"Answer\",\n                \"text\": \"That\\u2019s correct. We are a Chinese manufacturer and sell at wholesale rates on bulk orders.\"\n            }\n        }\n    ]\n}<\/script><\/p>","protected":false},"excerpt":{"rendered":"<p data-start=\"240\" data-end=\"901\">Precisa de uma ta\u00e7a fi\u00e1vel e amiga do ambiente para sopas quentes, guisados ou acompanhamentos? A Bioleader\u00ae's <strong data-start=\"329\" data-end=\"372\">Tigela de papel descart\u00e1vel para micro-ondas de 12 oz<\/strong> oferece a combina\u00e7\u00e3o perfeita de <strong data-start=\"401\" data-end=\"453\">sustentabilidade, funcionalidade e acessibilidade<\/strong>. Fabricado em papel kraft dur\u00e1vel de qualidade alimentar, este <strong data-start=\"502\" data-end=\"524\">ta\u00e7a biodegrad\u00e1vel<\/strong> \u00e9 <strong data-start=\"528\" data-end=\"546\">apto para micro-ondas<\/strong>, <strong data-start=\"548\" data-end=\"575\">resistente a \u00f3leos e fugas<\/strong>e concebida para suportar conte\u00fados quentes sem deforma\u00e7\u00e3o. Ideal para restaurantes, servi\u00e7os de prepara\u00e7\u00e3o de refei\u00e7\u00f5es e embalagens para takeaway, apoia um servi\u00e7o alimentar consciente do ambiente, mantendo o desempenho. Apoiada pela produ\u00e7\u00e3o pronta para exporta\u00e7\u00e3o da Bioleader, \u00e9 uma escolha de embalagem inteligente que satisfaz as necessidades ambientais e comerciais.<\/p>","protected":false},"featured_media":18097,"comment_status":"open","ping_status":"closed","template":"","meta":{"_acf_changed":false},"product_brand":[8971],"product_cat":[7150],"product_tag":[6690,6691,6692,6695,6696,6698],"class_list":{"0":"post-13547","1":"product","2":"type-product","3":"status-publish","4":"has-post-thumbnail","6":"product_brand-bioleader","7":"product_cat-bagasse-bowl","8":"product_tag-12-oz-disposable-bowls","9":"product_tag-12-oz-paper-bowls","10":"product_tag-disposable-paper-bowls","11":"product_tag-microwavable-disposable-bowls","12":"product_tag-paper-bowls-12-oz","13":"product_tag-sugarcane-bagasse-bowl","15":"first","16":"instock","17":"purchasable","18":"product-type-simple"},"acf":[],"_links":{"self":[{"href":"https:\/\/www.bioleaderpack.com\/pt\/wp-json\/wp\/v2\/product\/13547","targetHints":{"allow":["GET"]}}],"collection":[{"href":"https:\/\/www.bioleaderpack.com\/pt\/wp-json\/wp\/v2\/product"}],"about":[{"href":"https:\/\/www.bioleaderpack.com\/pt\/wp-json\/wp\/v2\/types\/product"}],"replies":[{"embeddable":true,"href":"https:\/\/www.bioleaderpack.com\/pt\/wp-json\/wp\/v2\/comments?post=13547"}],"wp:featuredmedia":[{"embeddable":true,"href":"https:\/\/www.bioleaderpack.com\/pt\/wp-json\/wp\/v2\/media\/18097"}],"wp:attachment":[{"href":"https:\/\/www.bioleaderpack.com\/pt\/wp-json\/wp\/v2\/media?parent=13547"}],"wp:term":[{"taxonomy":"product_brand","embeddable":true,"href":"https:\/\/www.bioleaderpack.com\/pt\/wp-json\/wp\/v2\/product_brand?post=13547"},{"taxonomy":"product_cat","embeddable":true,"href":"https:\/\/www.bioleaderpack.com\/pt\/wp-json\/wp\/v2\/product_cat?post=13547"},{"taxonomy":"product_tag","embeddable":true,"href":"https:\/\/www.bioleaderpack.com\/pt\/wp-json\/wp\/v2\/product_tag?post=13547"}],"curies":[{"name":"wp","href":"https:\/\/api.w.org\/{rel}","templated":true}]}}