{"id":13768,"date":"2024-08-08T11:57:30","date_gmt":"2024-08-08T03:57:30","guid":{"rendered":"https:\/\/www.bioleaderpack.com\/it\/prodotto\/amido-di-mais-piatti-di-amido-di-mais-piatti-di-amido-di-mais\/"},"modified":"2026-04-27T17:20:12","modified_gmt":"2026-04-27T09:20:12","slug":"maiszetmeel-maiszetmeel-borden-maiswaren-bord","status":"publish","type":"product","link":"https:\/\/www.bioleaderpack.com\/nl\/product\/maiszetmeel-maiszetmeel-borden-maiswaren-bord\/","title":{"rendered":"Ma\u00efszetmeel Ma\u00efszetmeel Platen Ma\u00efszetmeel Plaat"},"content":{"rendered":"<figure id=\"attachment_1857\" aria-describedby=\"caption-attachment-1857\" style=\"width: 1000px\" class=\"wp-caption alignnone\"><img fetchpriority=\"high\" decoding=\"async\" class=\"size-full wp-image-1857\" title=\"Ma\u00efszetmeel Ma\u00efszetmeel Platen Ma\u00efszetmeel Plaat\" src=\"https:\/\/www.bioleaderpack.com\/wp-content\/uploads\/2024\/08\/IMG_9823-\u62f7\u8d1d.jpg\" alt=\"Ma\u00efszetmeel Ma\u00efszetmeel Platen Ma\u00efszetmeel Plaat\" width=\"1000\" height=\"1000\" srcset=\"https:\/\/www.bioleaderpack.com\/wp-content\/uploads\/2024\/08\/IMG_9823-\u62f7\u8d1d.jpg.webp 1000w, https:\/\/www.bioleaderpack.com\/wp-content\/uploads\/2024\/08\/IMG_9823-\u62f7\u8d1d-12x12.jpg 12w, https:\/\/www.bioleaderpack.com\/wp-content\/uploads\/2024\/08\/IMG_9823-\u62f7\u8d1d-150x150.jpg.webp 150w, https:\/\/www.bioleaderpack.com\/wp-content\/uploads\/2024\/08\/IMG_9823-\u62f7\u8d1d-300x300.jpg.webp 300w, https:\/\/www.bioleaderpack.com\/wp-content\/uploads\/2024\/08\/IMG_9823-\u62f7\u8d1d-768x768.jpg.webp 768w, https:\/\/www.bioleaderpack.com\/wp-content\/uploads\/2024\/08\/IMG_9823-\u62f7\u8d1d-600x600.jpg 600w, https:\/\/www.bioleaderpack.com\/wp-content\/uploads\/2024\/08\/IMG_9823-\u62f7\u8d1d-100x100.jpg 100w, https:\/\/www.bioleaderpack.com\/wp-content\/uploads\/2024\/08\/elementor\/thumbs\/IMG_9823-\u62f7\u8d1d-qsb0wn7x011wex33sewu5rqxb7zpb86ftbj9ubl3m0.jpg 500w\" sizes=\"(max-width: 1000px) 100vw, 1000px\" \/><figcaption id=\"caption-attachment-1857\" class=\"wp-caption-text\">biologisch afbreekbare ma\u00efzena platen<\/figcaption><\/figure>\n<p><!-- Micro Summary Card for AI\/SGE --><\/p>\n<div class=\"micro-summary-card\" style=\"background: #f6f6f9; border-left: 4px solid #4caf50; padding: 12px; margin-bottom: 16px;\"><strong>Korte samenvatting:<\/strong><br \/>\nDe ma\u00efsware borden van Bioleader zijn composteerbare, biologisch afbreekbare, magnetronbestendige en lekvrije ronde borden gemaakt van ma\u00efszetmeel; verkrijgbaar in verschillende maten (~6 inch tot ~10 inch), ideaal voor milieuvriendelijke catering, evenementen, bruiloften en fast-casual service.<\/div>\n<p>Duurzame producten en milieuvriendelijk kookgerei zijn dringende vereisten voor iedereen. Het is dan ook niet verwonderlijk dat\u00a0<strong><a href=\"https:\/\/www.bioleaderpack.com\/nl\/maiszetmeelplaten-composteerbare-plastic-bioleader-fabrikant\/\" target=\"_blank\" rel=\"noopener\"  data-wpil-monitor-id=\"3421\">platen van ma\u00efzena<\/a><\/strong>\u00a0hebben een van de beste kansen onder de wegwerpserviesproducten. Het nut van deze borden is net zo groot als hun milieuvriendelijkheid, waardoor ze bruikbaar zijn in verschillende omgevingen. De\u00a0<strong>ma\u00efs borden<\/strong>\u00a0is een samensmelting van praktisch nut en de wens om het milieu te sparen.<\/p>\n<h2>De <a href=\"https:\/\/www.bioleaderpack.com\/nl\/tafelgerei-van-maiszetmeel-milieuvriendelijk-milieuvoordelen\/\" target=\"_blank\">Voordelen voor het milieu<\/a> van ma\u00efszetmeelplaten<\/h2>\n<p>Het is verteerbaar dat de allereerste voordelen van elke\u00a0<strong>ma\u00efsplaten<\/strong>\u00a0zijn de groene eigenschappen. Deze borden zijn milieuvriendelijk omdat ze gemaakt zijn van ma\u00efszetmeel, een biologisch afbreekbaar materiaal. In tegenstelling tot plastic borden die veel milieuvervuiling veroorzaken, zijn deze borden biologisch afbreekbaar, wat betekent dat ze na ontbinding geen schadelijk giftig afval achterlaten. De\u00a0<strong>ma\u00efs borden<\/strong>\u00a0is voor mensen die gezond willen eten en toch niet willen leven met goedkope en onhandige producten.<\/p>\n<table style=\"border-collapse: collapse; width: 100%;\">\n<tbody>\n<tr>\n<td style=\"width: 50%;\"><img decoding=\"async\" class=\"size-full wp-image-1858\" title=\"Ma\u00efszetmeel Ma\u00efszetmeel Platen Ma\u00efszetmeel Plaat\" src=\"https:\/\/www.bioleaderpack.com\/wp-content\/uploads\/2024\/08\/IMG_9732.jpg\" alt=\"Ma\u00efszetmeel Ma\u00efszetmeel Platen Ma\u00efszetmeel Plaat\" width=\"1000\" height=\"1000\" srcset=\"https:\/\/www.bioleaderpack.com\/wp-content\/uploads\/2024\/08\/IMG_9732.jpg.webp 1000w, https:\/\/www.bioleaderpack.com\/wp-content\/uploads\/2024\/08\/IMG_9732-12x12.jpg 12w, https:\/\/www.bioleaderpack.com\/wp-content\/uploads\/2024\/08\/IMG_9732-150x150.jpg.webp 150w, https:\/\/www.bioleaderpack.com\/wp-content\/uploads\/2024\/08\/IMG_9732-300x300.jpg.webp 300w, https:\/\/www.bioleaderpack.com\/wp-content\/uploads\/2024\/08\/IMG_9732-768x768.jpg.webp 768w, https:\/\/www.bioleaderpack.com\/wp-content\/uploads\/2024\/08\/IMG_9732-600x600.jpg 600w, https:\/\/www.bioleaderpack.com\/wp-content\/uploads\/2024\/08\/IMG_9732-100x100.jpg 100w\" sizes=\"(max-width: 1000px) 100vw, 1000px\" \/><\/td>\n<td style=\"width: 50%;\"><img decoding=\"async\" class=\"size-full wp-image-1859\" title=\"Ma\u00efszetmeel Ma\u00efszetmeel Platen Ma\u00efszetmeel Plaat\" src=\"https:\/\/www.bioleaderpack.com\/wp-content\/uploads\/2024\/08\/IMG_9733.jpg\" alt=\"Ma\u00efszetmeel Ma\u00efszetmeel Platen Ma\u00efszetmeel Plaat\" width=\"1000\" height=\"1000\" srcset=\"https:\/\/www.bioleaderpack.com\/wp-content\/uploads\/2024\/08\/IMG_9733.jpg.webp 1000w, https:\/\/www.bioleaderpack.com\/wp-content\/uploads\/2024\/08\/IMG_9733-300x300.jpg.webp 300w, https:\/\/www.bioleaderpack.com\/wp-content\/uploads\/2024\/08\/IMG_9733-100x100.jpg 100w, https:\/\/www.bioleaderpack.com\/wp-content\/uploads\/2024\/08\/IMG_9733-600x600.jpg 600w, https:\/\/www.bioleaderpack.com\/wp-content\/uploads\/2024\/08\/IMG_9733-150x150.jpg.webp 150w, https:\/\/www.bioleaderpack.com\/wp-content\/uploads\/2024\/08\/IMG_9733-768x768.jpg.webp 768w\" sizes=\"(max-width: 1000px) 100vw, 1000px\" \/><\/td>\n<\/tr>\n<tr>\n<td style=\"width: 50%;\"><img loading=\"lazy\" decoding=\"async\" class=\"size-full wp-image-1867\" title=\"Ma\u00efszetmeel Ma\u00efszetmeel Platen Ma\u00efszetmeel Plaat\" src=\"https:\/\/www.bioleaderpack.com\/wp-content\/uploads\/2024\/08\/IMG_9742.jpg\" alt=\"Ma\u00efszetmeel Ma\u00efszetmeel Platen Ma\u00efszetmeel Plaat\" width=\"1000\" height=\"1000\" srcset=\"https:\/\/www.bioleaderpack.com\/wp-content\/uploads\/2024\/08\/IMG_9742.jpg.webp 1000w, https:\/\/www.bioleaderpack.com\/wp-content\/uploads\/2024\/08\/IMG_9742-300x300.jpg.webp 300w, https:\/\/www.bioleaderpack.com\/wp-content\/uploads\/2024\/08\/IMG_9742-100x100.jpg 100w, https:\/\/www.bioleaderpack.com\/wp-content\/uploads\/2024\/08\/IMG_9742-600x600.jpg 600w, https:\/\/www.bioleaderpack.com\/wp-content\/uploads\/2024\/08\/IMG_9742-150x150.jpg.webp 150w, https:\/\/www.bioleaderpack.com\/wp-content\/uploads\/2024\/08\/IMG_9742-768x768.jpg.webp 768w\" sizes=\"(max-width: 1000px) 100vw, 1000px\" \/><\/td>\n<td style=\"width: 50%;\"><img loading=\"lazy\" decoding=\"async\" class=\"size-full wp-image-1860\" title=\"Ma\u00efszetmeel Ma\u00efszetmeel Platen Ma\u00efszetmeel Plaat\" src=\"https:\/\/www.bioleaderpack.com\/wp-content\/uploads\/2024\/08\/IMG_9734.jpg\" alt=\"Ma\u00efszetmeel Ma\u00efszetmeel Platen Ma\u00efszetmeel Plaat\" width=\"1000\" height=\"1000\" srcset=\"https:\/\/www.bioleaderpack.com\/wp-content\/uploads\/2024\/08\/IMG_9734.jpg.webp 1000w, https:\/\/www.bioleaderpack.com\/wp-content\/uploads\/2024\/08\/IMG_9734-300x300.jpg.webp 300w, https:\/\/www.bioleaderpack.com\/wp-content\/uploads\/2024\/08\/IMG_9734-100x100.jpg 100w, https:\/\/www.bioleaderpack.com\/wp-content\/uploads\/2024\/08\/IMG_9734-600x600.jpg 600w, https:\/\/www.bioleaderpack.com\/wp-content\/uploads\/2024\/08\/IMG_9734-150x150.jpg.webp 150w, https:\/\/www.bioleaderpack.com\/wp-content\/uploads\/2024\/08\/IMG_9734-768x768.jpg.webp 768w\" sizes=\"(max-width: 1000px) 100vw, 1000px\" \/><\/td>\n<\/tr>\n<\/tbody>\n<\/table>\n<div class=\"adweb-template\">\n<div class=\"adweb-template-43\">\n<div class=\"adweb-flex-jc-sb adweb-text-align-c\">\n<div class=\"adweb-flex-item2 adweb-flex-item\">\n<div class=\"adweb-item-img\"><\/div>\n<\/div>\n<\/div>\n<\/div>\n<\/div>\n<table width=\"700\">\n<tbody>\n<tr>\n<td width=\"97\"><strong>Artikelcode<\/strong><\/td>\n<td width=\"189\"><strong>Beschrijving<\/strong><\/td>\n<td width=\"61\"><strong>Gewicht<\/strong>(g)<\/td>\n<td width=\"102\"><strong>Product Grootte<\/strong>\u00a0 (mm)<\/td>\n<td width=\"60\">PCS\/PAK<\/td>\n<td width=\"69\">PCS\/ CTNS<\/td>\n<td colspan=\"3\" width=\"122\">Afmetingen doos (cm)<\/td>\n<\/tr>\n<tr>\n<td>BGY-0601<\/td>\n<td width=\"189\">Ma\u00efsbord 6\u2033<\/td>\n<td>8<\/td>\n<td width=\"102\">\u03c6152<\/td>\n<td width=\"60\">50<\/td>\n<td>2000<\/td>\n<td width=\"40\">63<\/td>\n<td width=\"41\">27.5<\/td>\n<td width=\"41\">32<\/td>\n<\/tr>\n<tr>\n<td>BGY-0701<\/td>\n<td width=\"189\">Ma\u00efsbord 7\u2033<\/td>\n<td>10<\/td>\n<td width=\"102\">\u03c6178<\/td>\n<td width=\"60\">50<\/td>\n<td>1000<\/td>\n<td>36.5<\/td>\n<td>23<\/td>\n<td>37.5<\/td>\n<\/tr>\n<tr>\n<td>BGY-0801<\/td>\n<td width=\"189\">Ma\u00efsbord 8\u2033<\/td>\n<td>14<\/td>\n<td width=\"102\">\u03c6203<\/td>\n<td width=\"60\">50<\/td>\n<td>1000<\/td>\n<td width=\"40\">44.5<\/td>\n<td width=\"41\">42.5<\/td>\n<td width=\"41\">23<\/td>\n<\/tr>\n<tr>\n<td>BGY-0901<\/td>\n<td width=\"189\">Ma\u00efsbord 9\u2033<\/td>\n<td>20<\/td>\n<td width=\"102\">\u03c6228<\/td>\n<td width=\"60\">50<\/td>\n<td>600<\/td>\n<td width=\"40\">48<\/td>\n<td width=\"41\">30<\/td>\n<td width=\"41\">24.5<\/td>\n<\/tr>\n<tr>\n<td>BGY-0903<\/td>\n<td width=\"189\">Ma\u00efsbord 9\u2033 3C<\/td>\n<td>20<\/td>\n<td width=\"102\">\u03c6228<\/td>\n<td width=\"60\">50<\/td>\n<td>600<\/td>\n<td width=\"40\">48<\/td>\n<td width=\"41\">30<\/td>\n<td width=\"41\">24.5<\/td>\n<\/tr>\n<tr>\n<td>BGY-1001<\/td>\n<td width=\"189\">Ma\u00efsbord 10\u2033<\/td>\n<td>23<\/td>\n<td width=\"102\">\u03c6254<\/td>\n<td width=\"60\">50<\/td>\n<td>600<\/td>\n<td width=\"40\">52<\/td>\n<td width=\"41\">23.5<\/td>\n<td width=\"41\">27.5<\/td>\n<\/tr>\n<tr>\n<td>BGY-1003<\/td>\n<td width=\"189\">Ma\u00efszetmeelplaat 10\u2033 3C<\/td>\n<td>23<\/td>\n<td width=\"102\">\u03c6254<\/td>\n<td width=\"60\">50<\/td>\n<td>600<\/td>\n<td width=\"40\">52<\/td>\n<td width=\"41\">23.5<\/td>\n<td width=\"41\">27.5<\/td>\n<\/tr>\n<\/tbody>\n<\/table>\n<h2>Veelzijdigheid in formaat en gebruik<\/h2>\n<p><strong>Ma\u00efszetmeelplaten<\/strong>\u00a0zijn er in vele maten, van 6 inch tot 10 inch, voor verschillende eetbehoeften. Of je nu bezig bent met het organiseren van een groot evenement of een kleine bijeenkomst, er is inderdaad een\u00a0<strong>ma\u00efs borden<\/strong>\u00a0die aan je behoeften voldoet. Deze borden hebben een indrukwekkende stevigheid die zowel warm als koud voedsel aankan, waardoor je comfortabel kunt eten.<\/p>\n<h2>Esthetiek en doel<\/h2>\n<p>De creatie van\u00a0<strong>platen van ma\u00efzena<\/strong>\u00a0is niet alleen beperkt tot hun gebruik; ze moeten ook een bepaalde vorm van schoonheid hebben. Deze borden zijn verkrijgbaar in natuurlijk wit en passen op elke tafel. De\u00a0<strong><a href=\"https:\/\/www.bioleaderpack.com\/nl\/mais-zetmeel-plaat-mais-waren-china-fabrikant\/\" target=\"_blank\" rel=\"noopener\"  data-wpil-monitor-id=\"3426\">ma\u00efsware bord<\/a><\/strong>\u00a0laat je er elegant uitzien tijdens elke maaltijd en is handig voor casual of formele gelegenheden. Door hun eigenschappen zijn ze bestand tegen barsten en breken en dus een plausibele optie voor je eetbehoeften.<\/p>\n<h2>Voordelen voor gezondheid en veiligheid<\/h2>\n<p><strong>Ma\u00efszetmeelplaten<\/strong> hebben niet alleen invloed op het milieu - ze zijn ook veilig voor jou en je dierbaren. De meeste <a href=\"https:\/\/www.bioleaderpack.com\/nl\/plastic-wegwerpborden-milieuvriendelijk-composteerbaar-bioleader-fabrikant\/\" target=\"_blank\" rel=\"noopener\"  data-wpil-monitor-id=\"3438\">plastic wegwerpborden<\/a> zijn gemaakt met giftige stoffen zoals bisfenol A (BPA) en ftalaten waarvan bekend is dat ze in eten en drinken sijpelen wanneer gerechten worden verhit en na verloop van tijd. Deze chemische stoffen zijn al lange tijd onderzocht als schadelijke factoren voor de gezondheid, vooral bij het veroorzaken van hormoonverstoring en verschillende soorten kanker.<\/p>\n<p>Bijvoorbeeld, <strong>ma\u00efszetmeelplaten<\/strong> hebben deze gevaren niet. Magnetron voedselbakjes zijn ook duurzaam genoeg om hete temperaturen aan te kunnen. Het maakt niet uit of je de borden gebruikt om restjes voedsel op te warmen of hete gerechten op te dienen. Met cornware kun je genieten van serveren en eten zonder je zorgen te maken dat je tafelborden schadelijke reukklieraandoeningen en kankerverwekkend gas ontwikkelen.<\/p>\n<h2>De belofte van kwaliteit<\/h2>\n<p>Als gerenommeerd\u00a0<strong>Chinese fabriek &amp; fabrikant<\/strong>behoren we tot de belangrijkste producenten van kwaliteitsartikelen.\u00a0<strong>cornware borden<\/strong>. Deze platen zijn vervaardigd en gewaardeerd met hoge kwaliteitsnormen, veilig, slim en nog belangrijker groen. Onze\u00a0<strong>ma\u00efsplaten<\/strong>\u00a0zijn voor de groothandel, waardoor bedrijven redelijk geprijsd en milieuvriendelijk servies kunnen bestellen om te voldoen aan de toenemende vraag van klanten naar groene producten.<\/p>\n<figure id=\"attachment_1861\" aria-describedby=\"caption-attachment-1861\" style=\"width: 1000px\" class=\"wp-caption alignnone\"><img loading=\"lazy\" decoding=\"async\" class=\"size-full wp-image-1861\" title=\"Ma\u00efszetmeel Ma\u00efszetmeel Platen Ma\u00efszetmeel Plaat\" src=\"https:\/\/www.bioleaderpack.com\/wp-content\/uploads\/2024\/08\/IMG_9824.jpg\" alt=\"Ma\u00efszetmeel Ma\u00efszetmeel Platen Ma\u00efszetmeel Plaat\" width=\"1000\" height=\"1000\" srcset=\"https:\/\/www.bioleaderpack.com\/wp-content\/uploads\/2024\/08\/IMG_9824.jpg.webp 1000w, https:\/\/www.bioleaderpack.com\/wp-content\/uploads\/2024\/08\/IMG_9824-300x300.jpg.webp 300w, https:\/\/www.bioleaderpack.com\/wp-content\/uploads\/2024\/08\/IMG_9824-100x100.jpg 100w, https:\/\/www.bioleaderpack.com\/wp-content\/uploads\/2024\/08\/IMG_9824-600x600.jpg 600w, https:\/\/www.bioleaderpack.com\/wp-content\/uploads\/2024\/08\/IMG_9824-150x150.jpg.webp 150w, https:\/\/www.bioleaderpack.com\/wp-content\/uploads\/2024\/08\/IMG_9824-768x768.jpg.webp 768w\" sizes=\"(max-width: 1000px) 100vw, 1000px\" \/><figcaption id=\"caption-attachment-1861\" class=\"wp-caption-text\">Ma\u00efzena Borden<\/figcaption><\/figure>\n<h2>Conclusie<\/h2>\n<p><strong>Ma\u00efszetmeelplaten<\/strong>\u00a0hebben een zeer grote onaangeboorde markt in wegwerpservies. Ze combineren effici\u00ebntie, aantrekkelijkheid en zorg voor het milieu. De\u00a0<strong>ma\u00efs borden<\/strong>\u00a0is niet zomaar een bord, maar een belofte voor een betere toekomst. Hier bij de\u00a0<strong>Chinese fabriek &amp; Fabrikant<\/strong>We verkopen deze platen graag tegen groothandelsprijzen. Goed voor het bedrijf en goed voor de consument en de wereld.<\/p>\n<h2 data-start=\"0\" data-end=\"23\">FAQ (Mensen vragen ook naar)<\/h2>\n<h4 data-start=\"25\" data-end=\"88\">1' Waar wordt een 6-inch ma\u00efzena plaat meestal voor gebruikt?<\/h4>\n<p data-start=\"89\" data-end=\"244\">Een 6-inch ma\u00efzena bord is ideaal voor het serveren van bijgerechten, snacks, desserts of voorgerechtporties op feestjes, caf\u00e9s en milieuvriendelijke foodservice evenementen.<\/p>\n<h4 data-start=\"246\" data-end=\"315\">2' Zijn 6-inch ma\u00efzena bordjes biologisch afbreekbaar en composteerbaar?<\/h4>\n<p data-start=\"316\" data-end=\"482\">Ja. Deze borden zijn gemaakt van natuurlijk ma\u00efszetmeel en zijn 100% biologisch afbreekbaar en composteerbaar onder industri\u00eble composteeromstandigheden, en vergaan binnen 90-180 dagen.<\/p>\n<h4 data-start=\"484\" data-end=\"544\">3' Kan een ma\u00efzena bord heet en vet eten aan?<\/h4>\n<p data-start=\"545\" data-end=\"693\">Absoluut. Ondanks het milieuvriendelijke materiaal is het 6-inch ma\u00efzena bord stevig, oliebestendig en hittebestendig - geschikt voor warm of gebakken voedsel.<\/p>\n<h4 data-start=\"695\" data-end=\"751\">4' Is het 6-inch ma\u00efzena bord geschikt voor de magnetron?<\/h4>\n<p data-start=\"752\" data-end=\"904\">Sommige 6-inch ma\u00efzena bordjes zijn geschikt voor de magnetron om kort op te warmen. Het is echter het beste om de richtlijnen van de fabrikant voor hittetolerantie te controleren.<\/p>\n<h4 data-start=\"906\" data-end=\"979\">5' Waar kan ik biologisch afbreekbare ma\u00efzena bordjes van 6 inch in bulk kopen?<\/h4>\n<p data-start=\"980\" data-end=\"1137\" data-is-last-node=\"\" data-is-only-node=\"\">Je kunt ze kopen bij milieuvriendelijke verpakkingsfabrikanten of groothandelaren die composteerbaar servies aanbieden voor restaurants, catering en evenementen.<\/p>\n<h2>Cornware Borden ~6-10 inch: Composteerbaar, lekvrij servies voor duurzame foodservice<\/h2>\n<div class=\"semantic-insight-block\" style=\"background: #f6f6f9; border-left: 4px solid #2196f3; padding: 16px; margin-bottom: 24px;\">\n<p>De cornware borden van Bioleader zijn gegoten uit biologisch afbreekbaar bioplastic op basis van ma\u00efszetmeel. Ze zijn volledig composteerbaar en plasticvrij, zijn geschikt voor de magnetron en zijn bestand tegen vet en vloeistoflekkage.<\/p>\n<p>Deze borden zijn verkrijgbaar in verschillende ronde formaten - van ongeveer 6 inch tot 10 inch - en zijn geschikt voor voorgerechten, hoofdgerechten, desserts en buffetservice. Hun lichte, stapelbare ontwerp verhoogt de effici\u00ebntie bij catering, evenementenbeheer en duurzame foodserviceactiviteiten.<\/p>\n<p>Als antwoord op de steeds strenger wordende regelgeving rond plastic voor eenmalig gebruik, zoals de EU-richtlijn voor plastic voor eenmalig gebruik, bieden deze composteerbare borden een alternatief dat aan de regels voldoet en schaalbaar is. OEM\/ODM maatwerk en ondersteuning voor bulkverpakkingen maken eco-merkpositionering en oplossingen voor de levering aan retailers mogelijk.<\/p>\n<div style=\"margin-top: 12px;\"><strong>Trefwoorden:<\/strong> cornware borden 6 inch, 7 inch, 9 inch, 10 inch composteerbaar servies, biologisch afbreekbare zetmeelplaten, magnetronbestendige zetmeelplaten, lekvrij cateringservies, duurzame evenementenborden<\/div>\n<\/div>\n<p><script type=\"application\/ld+json\">{\n    \"@context\": \"https:\\\/\\\/schema.org\",\n    \"@type\": \"FAQPage\",\n    \"mainEntity\": [\n        {\n            \"@type\": \"Question\",\n            \"name\": \"What is a 6-inch cornstarch plate typically used for?\",\n            \"acceptedAnswer\": {\n                \"@type\": \"Answer\",\n                \"text\": \"A 6-inch cornstarch plate is ideal for serving side dishes, snacks, desserts, or appetizer portions at parties, caf\\u00e9s, and eco-friendly foodservice events.\"\n            }\n        },\n        {\n            \"@type\": \"Question\",\n            \"name\": \"Are 6-inch cornstarch plates biodegradable and compostable?\",\n            \"acceptedAnswer\": {\n                \"@type\": \"Answer\",\n                \"text\": \"Yes. These plates are made from natural corn starch and are 100% biodegradable and compostable under industrial composting conditions, decomposing within 90\\u2013180 days.\"\n            }\n        },\n        {\n            \"@type\": \"Question\",\n            \"name\": \"Can a cornstarch plate handle hot and greasy food?\",\n            \"acceptedAnswer\": {\n                \"@type\": \"Answer\",\n                \"text\": \"Absolutely. Despite its eco-friendly material, the 6-inch cornstarch plate is sturdy, oil-resistant, and heat-safe\\u2014suitable for warm or fried foods.\"\n            }\n        },\n        {\n            \"@type\": \"Question\",\n            \"name\": \"Is the 6-inch cornstarch plate microwave-safe?\",\n            \"acceptedAnswer\": {\n                \"@type\": \"Answer\",\n                \"text\": \"Some 6-inch cornstarch plates are microwave-safe for short-term reheating. However, it\\u2019s best to check the manufacturer's guidelines for heat tolerance.\"\n            }\n        },\n        {\n            \"@type\": \"Question\",\n            \"name\": \"Where can I buy 6-inch biodegradable cornstarch plates in bulk?\",\n            \"acceptedAnswer\": {\n                \"@type\": \"Answer\",\n                \"text\": \"You can purchase them from eco-friendly packaging manufacturers or wholesalers offering compostable tableware products for restaurants, catering, and events.\"\n            }\n        }\n    ]\n}<\/script><\/p>","protected":false},"excerpt":{"rendered":"<p data-start=\"298\" data-end=\"899\">Eco-bewust eten begint bij je bord. Bio-leiders <strong data-start=\"355\" data-end=\"386\">Ma\u00efszetmeel Cornware Borden<\/strong> zijn gemaakt van natuurlijk zetmeel op basis van ma\u00efs en bieden een <strong data-start=\"439\" data-end=\"461\">100% biologisch afbreekbaar<\/strong> en <strong data-start=\"466\" data-end=\"481\">composteerbaar<\/strong> oplossing voor de dagelijkse voedingsservice. Deze <strong data-start=\"524\" data-end=\"554\">stevige, ronde witte borden<\/strong> zijn hittebestendig, geschikt voor de magnetron en ideaal voor het serveren van warme of koude gerechten op <strong data-start=\"635\" data-end=\"702\">restaurants, foodtrucks, cateringevenementen en afhaalmaaltijden<\/strong>. Deze ecoplaat is ontworpen om plastic te vervangen zonder afbreuk te doen aan prestaties of esthetiek en combineert een strak ontwerp met planeetvriendelijke waarde...<strong data-start=\"844\" data-end=\"898\">rechtstreeks van de fabrikant tegen concurrerende prijzen<\/strong>.<\/p>","protected":false},"featured_media":1858,"comment_status":"open","ping_status":"closed","template":"","meta":{"_acf_changed":false},"product_brand":[8971],"product_cat":[8821],"product_tag":[8865,8867,8860,8868,8869,8871,8824,8872,8873],"class_list":{"0":"post-13768","1":"product","2":"type-product","3":"status-publish","4":"has-post-thumbnail","6":"product_brand-bioleader","7":"product_cat-cornstarch-plate","8":"product_tag-biodegradable-cornstarch-tablewar","9":"product_tag-bioplastic-plates","10":"product_tag-compostable-cornstarch-plates","11":"product_tag-corn-starch-plate","12":"product_tag-corn-ware-plate","13":"product_tag-cornstarch-food-plates","14":"product_tag-cornstarch-plates","15":"product_tag-eco-friendly-corn-ware-plates","16":"product_tag-wholesale-cornstarch-plates","18":"first","19":"instock","20":"purchasable","21":"product-type-simple"},"acf":[],"_links":{"self":[{"href":"https:\/\/www.bioleaderpack.com\/nl\/wp-json\/wp\/v2\/product\/13768","targetHints":{"allow":["GET"]}}],"collection":[{"href":"https:\/\/www.bioleaderpack.com\/nl\/wp-json\/wp\/v2\/product"}],"about":[{"href":"https:\/\/www.bioleaderpack.com\/nl\/wp-json\/wp\/v2\/types\/product"}],"replies":[{"embeddable":true,"href":"https:\/\/www.bioleaderpack.com\/nl\/wp-json\/wp\/v2\/comments?post=13768"}],"wp:featuredmedia":[{"embeddable":true,"href":"https:\/\/www.bioleaderpack.com\/nl\/wp-json\/wp\/v2\/media\/1858"}],"wp:attachment":[{"href":"https:\/\/www.bioleaderpack.com\/nl\/wp-json\/wp\/v2\/media?parent=13768"}],"wp:term":[{"taxonomy":"product_brand","embeddable":true,"href":"https:\/\/www.bioleaderpack.com\/nl\/wp-json\/wp\/v2\/product_brand?post=13768"},{"taxonomy":"product_cat","embeddable":true,"href":"https:\/\/www.bioleaderpack.com\/nl\/wp-json\/wp\/v2\/product_cat?post=13768"},{"taxonomy":"product_tag","embeddable":true,"href":"https:\/\/www.bioleaderpack.com\/nl\/wp-json\/wp\/v2\/product_tag?post=13768"}],"curies":[{"name":"wp","href":"https:\/\/api.w.org\/{rel}","templated":true}]}}