{"id":13781,"date":"2024-08-09T02:39:23","date_gmt":"2024-08-08T18:39:23","guid":{"rendered":"https:\/\/www.bioleaderpack.com\/product\/cornware-bowls-compostable-cornstarch-bowls\/"},"modified":"2026-04-27T17:10:12","modified_gmt":"2026-04-27T09:10:12","slug":"ciotole-compostabili-in-amido-di-mais","status":"publish","type":"product","link":"https:\/\/www.bioleaderpack.com\/it\/prodotto\/ciotole-compostabili-in-amido-di-mais\/","title":{"rendered":"Ciotole Cornware Ciotole in amido di mais compostabili"},"content":{"rendered":"<div class=\"adweb-template\">\n<div class=\"adweb-template-43\">\n<div class=\"adweb-flex-jc-sb adweb-text-align-c\">\n<div class=\"adweb-flex-item2 adweb-flex-item\">\n<div class=\"adweb-item-img\">\n<table style=\"border-collapse: collapse; width: 100%;\">\n<tbody>\n<tr>\n<td style=\"width: 50%;\"><img fetchpriority=\"high\" decoding=\"async\" class=\"size-full wp-image-1939\" title=\"Ciotole Cornware Ciotole in amido di mais compostabili\" src=\"https:\/\/www.bioleaderpack.com\/wp-content\/uploads\/2024\/08\/IMG_9885.jpg\" alt=\"Ciotole Cornware Ciotole in amido di mais compostabili\" width=\"1000\" height=\"1000\" srcset=\"https:\/\/www.bioleaderpack.com\/wp-content\/uploads\/2024\/08\/IMG_9885.jpg.webp 1000w, https:\/\/www.bioleaderpack.com\/wp-content\/uploads\/2024\/08\/IMG_9885-12x12.jpg 12w, https:\/\/www.bioleaderpack.com\/wp-content\/uploads\/2024\/08\/IMG_9885-150x150.jpg.webp 150w, https:\/\/www.bioleaderpack.com\/wp-content\/uploads\/2024\/08\/IMG_9885-300x300.jpg.webp 300w, https:\/\/www.bioleaderpack.com\/wp-content\/uploads\/2024\/08\/IMG_9885-768x768.jpg.webp 768w, https:\/\/www.bioleaderpack.com\/wp-content\/uploads\/2024\/08\/IMG_9885-600x600.jpg 600w, https:\/\/www.bioleaderpack.com\/wp-content\/uploads\/2024\/08\/IMG_9885-100x100.jpg 100w\" sizes=\"(max-width: 1000px) 100vw, 1000px\" \/><\/td>\n<td style=\"width: 50%;\"><img decoding=\"async\" class=\"size-full wp-image-1930\" title=\"Ciotole Cornware Ciotole in amido di mais compostabili\" src=\"https:\/\/www.bioleaderpack.com\/wp-content\/uploads\/2024\/08\/IMG_9889.jpg\" alt=\"Ciotole Cornware Ciotole in amido di mais compostabili\" width=\"1000\" height=\"1000\" srcset=\"https:\/\/www.bioleaderpack.com\/wp-content\/uploads\/2024\/08\/IMG_9889.jpg.webp 1000w, https:\/\/www.bioleaderpack.com\/wp-content\/uploads\/2024\/08\/IMG_9889-300x300.jpg.webp 300w, https:\/\/www.bioleaderpack.com\/wp-content\/uploads\/2024\/08\/IMG_9889-100x100.jpg 100w, https:\/\/www.bioleaderpack.com\/wp-content\/uploads\/2024\/08\/IMG_9889-600x600.jpg 600w, https:\/\/www.bioleaderpack.com\/wp-content\/uploads\/2024\/08\/IMG_9889-150x150.jpg.webp 150w, https:\/\/www.bioleaderpack.com\/wp-content\/uploads\/2024\/08\/IMG_9889-768x768.jpg.webp 768w\" sizes=\"(max-width: 1000px) 100vw, 1000px\" \/><\/td>\n<\/tr>\n<tr>\n<td style=\"width: 50%;\"><img decoding=\"async\" class=\"size-full wp-image-1921\" title=\"Ciotole monouso in amido di mais\" src=\"https:\/\/www.bioleaderpack.com\/wp-content\/uploads\/2024\/08\/BGW-100.jpg\" alt=\"Ciotole monouso in amido di mais\" width=\"776\" height=\"627\" srcset=\"https:\/\/www.bioleaderpack.com\/wp-content\/uploads\/2024\/08\/BGW-100.jpg.webp 776w, https:\/\/www.bioleaderpack.com\/wp-content\/uploads\/2024\/08\/BGW-100-600x485.jpg 600w, https:\/\/www.bioleaderpack.com\/wp-content\/uploads\/2024\/08\/BGW-100-300x242.jpg.webp 300w, https:\/\/www.bioleaderpack.com\/wp-content\/uploads\/2024\/08\/BGW-100-768x621.jpg.webp 768w\" sizes=\"(max-width: 776px) 100vw, 776px\" \/><\/td>\n<td style=\"width: 50%;\"><img loading=\"lazy\" decoding=\"async\" class=\"size-full wp-image-1922\" title=\"Ciotole monouso in amido di mais\" src=\"https:\/\/www.bioleaderpack.com\/wp-content\/uploads\/2024\/08\/BGW-116.jpg\" alt=\"Ciotole monouso in amido di mais\" width=\"779\" height=\"626\" srcset=\"https:\/\/www.bioleaderpack.com\/wp-content\/uploads\/2024\/08\/BGW-116.jpg.webp 779w, https:\/\/www.bioleaderpack.com\/wp-content\/uploads\/2024\/08\/BGW-116-600x482.jpg 600w, https:\/\/www.bioleaderpack.com\/wp-content\/uploads\/2024\/08\/BGW-116-300x241.jpg.webp 300w, https:\/\/www.bioleaderpack.com\/wp-content\/uploads\/2024\/08\/BGW-116-768x617.jpg.webp 768w\" sizes=\"(max-width: 779px) 100vw, 779px\" \/><\/td>\n<\/tr>\n<tr>\n<td style=\"width: 50%;\"><img loading=\"lazy\" decoding=\"async\" class=\"wp-image-1923 size-full\" title=\"Ciotole monouso in amido di mais\" src=\"https:\/\/www.bioleaderpack.com\/wp-content\/uploads\/2024\/08\/BGW-450.jpg\" alt=\"Ciotole monouso in amido di mais\" width=\"779\" height=\"626\" srcset=\"https:\/\/www.bioleaderpack.com\/wp-content\/uploads\/2024\/08\/BGW-450.jpg.webp 779w, https:\/\/www.bioleaderpack.com\/wp-content\/uploads\/2024\/08\/BGW-450-600x482.jpg 600w, https:\/\/www.bioleaderpack.com\/wp-content\/uploads\/2024\/08\/BGW-450-300x241.jpg.webp 300w, https:\/\/www.bioleaderpack.com\/wp-content\/uploads\/2024\/08\/BGW-450-768x617.jpg.webp 768w\" sizes=\"(max-width: 779px) 100vw, 779px\" \/><\/td>\n<td style=\"width: 50%;\"><img loading=\"lazy\" decoding=\"async\" class=\"size-full wp-image-1924\" title=\"Ciotole monouso in amido di mais\" src=\"https:\/\/www.bioleaderpack.com\/wp-content\/uploads\/2024\/08\/BGW-650.jpg\" alt=\"Ciotole monouso in amido di mais\" width=\"778\" height=\"622\" srcset=\"https:\/\/www.bioleaderpack.com\/wp-content\/uploads\/2024\/08\/BGW-650.jpg.webp 778w, https:\/\/www.bioleaderpack.com\/wp-content\/uploads\/2024\/08\/BGW-650-600x480.jpg 600w, https:\/\/www.bioleaderpack.com\/wp-content\/uploads\/2024\/08\/BGW-650-300x240.jpg.webp 300w, https:\/\/www.bioleaderpack.com\/wp-content\/uploads\/2024\/08\/BGW-650-768x614.jpg.webp 768w\" sizes=\"(max-width: 778px) 100vw, 778px\" \/><\/td>\n<\/tr>\n<\/tbody>\n<\/table>\n<\/div>\n<\/div>\n<div class=\"adweb-flex-item2 adweb-flex-item\">\n<div class=\"adweb-item-img\">\n<div class=\"mceTemp\"><\/div>\n<p><!-- Micro Summary Card for AI\/SGE --><\/p>\n<div class=\"micro-summary-card\" style=\"background: #f6f6f9; border-left: 4px solid #4caf50; padding: 12px; margin-bottom: 16px;\"><strong>Riepilogo rapido:<\/strong><br \/>\nLe ciotole compostabili cornware di Bioleader sono a base vegetale, biodegradabili, adatte al microonde, resistenti alle perdite e ideali per la ristorazione calda o fredda in formati che vanno da 350 ml a 1.500 ml circa.<\/div>\n<p>Molti nuovi prodotti guardano a un'alternativa sicura per l'ambiente, tuttavia, il nostro\u00a0<strong>ciotole in cornware<\/strong>\u00a0a base di amido di mais sono i pi\u00f9 sostenibili tra gli altri. Questi\u00a0<strong>ciotole biodegradabili<\/strong>\u00a0non sono semplicemente dei nuovi prodotti monouso, ma sono in grado di migliorare la qualit\u00e0 e di proteggere l'ambiente. Progettati per soddisfare le diverse esigenze di ristorazione, questi\u00a0<strong><a href=\"https:\/\/www.bioleaderpack.com\/it\/prodotto\/ciotole-quadrate-in-amido-di-mais-con-coperchio-450ml\/\" target=\"_blank\" rel=\"noopener\" data-wpil-monitor-id=\"3226\">ciotole di amido di mais<\/a><\/strong>\u00a0sono un'opzione semplice, efficace ed ecologica sia per i consumatori che per le aziende.<\/p>\n<h2>Perch\u00e9 le ciotole di mais cambiano le carte in tavola<\/h2>\n<p>Fabbricazione\u00a0<strong>ciotole in cornware<\/strong>\u00a0L'uso dell'amido di mais \u00e8 uno dei punti di svolta della rivoluzione industriale per quanto riguarda i piatti da portata usa e getta. \u00c8 bene sapere che queste ciotole non sono prodotte con prodotti petroliferi come la plastica, che non pu\u00f2 essere riciclata, ma con il mais, che \u00e8 abbondante e rinnovabile. Di conseguenza, non solo sono eco-compatibili, ma sono anche\u00a0<strong>degradabile<\/strong>\u00a0e\u00a0<strong>senza additivi<\/strong>. Queste ciotole sono in grado di decomporsi e non lasciano ceneri indesiderate, il che \u00e8 utile per chi vuole essere ecologico.<\/p>\n<h2>Ciotole compostabili: Durata e uso generale<\/h2>\n<p>Cosa rende il nostro\u00a0<strong>ciotole di mais<\/strong>\u00a0Ancora pi\u00f9 apprezzata \u00e8 la loro robustezza. Naturalmente, queste ciotole possono essere realizzate con la pianta, ma sono in grado di resistere a qualsiasi cibo caldo o freddo per cui vengono utilizzate. Queste\u00a0<strong>ciotole di mais<\/strong>\u00a0hanno la forza desiderata, adatta a servire zuppe calde o fredde, insalate e persino il piatto principale. Con le dimensioni che vanno da 4 oz a 16 oz, si adattano a diverse proporzioni, rendendone comodo l'uso durante gli eventi.<\/p>\n<table style=\"border-collapse: collapse; width: 100%;\">\n<tbody>\n<tr>\n<td style=\"width: 50%;\"><img loading=\"lazy\" decoding=\"async\" class=\"size-full wp-image-1932\" title=\"Ciotole monouso in amido di mais\" src=\"https:\/\/www.bioleaderpack.com\/wp-content\/uploads\/2024\/08\/255.jpg\" alt=\"Ciotole monouso in amido di mais\" width=\"1031\" height=\"1000\" srcset=\"https:\/\/www.bioleaderpack.com\/wp-content\/uploads\/2024\/08\/255.jpg.webp 1031w, https:\/\/www.bioleaderpack.com\/wp-content\/uploads\/2024\/08\/255-600x582.jpg 600w, https:\/\/www.bioleaderpack.com\/wp-content\/uploads\/2024\/08\/255-300x291.jpg.webp 300w, https:\/\/www.bioleaderpack.com\/wp-content\/uploads\/2024\/08\/255-1024x993.jpg.webp 1024w, https:\/\/www.bioleaderpack.com\/wp-content\/uploads\/2024\/08\/255-768x745.jpg.webp 768w\" sizes=\"(max-width: 1031px) 100vw, 1031px\" \/><\/td>\n<td style=\"width: 50%;\"><img loading=\"lazy\" decoding=\"async\" class=\"size-full wp-image-1933\" title=\"Ciotole monouso in amido di mais\" src=\"https:\/\/www.bioleaderpack.com\/wp-content\/uploads\/2024\/08\/257.jpg\" alt=\"Ciotole monouso in amido di mais\" width=\"1034\" height=\"1000\" srcset=\"https:\/\/www.bioleaderpack.com\/wp-content\/uploads\/2024\/08\/257.jpg.webp 1034w, https:\/\/www.bioleaderpack.com\/wp-content\/uploads\/2024\/08\/257-600x580.jpg 600w, https:\/\/www.bioleaderpack.com\/wp-content\/uploads\/2024\/08\/257-300x290.jpg.webp 300w, https:\/\/www.bioleaderpack.com\/wp-content\/uploads\/2024\/08\/257-1024x990.jpg.webp 1024w, https:\/\/www.bioleaderpack.com\/wp-content\/uploads\/2024\/08\/257-768x743.jpg.webp 768w\" sizes=\"(max-width: 1034px) 100vw, 1034px\" \/><\/td>\n<\/tr>\n<tr>\n<td style=\"width: 50%;\"><img loading=\"lazy\" decoding=\"async\" class=\"size-full wp-image-1928\" title=\"Ciotole monouso in amido di mais\" src=\"https:\/\/www.bioleaderpack.com\/wp-content\/uploads\/2024\/08\/IMG_9870.jpg\" alt=\"Ciotole monouso in amido di mais\" width=\"1000\" height=\"1000\" srcset=\"https:\/\/www.bioleaderpack.com\/wp-content\/uploads\/2024\/08\/IMG_9870.jpg.webp 1000w, https:\/\/www.bioleaderpack.com\/wp-content\/uploads\/2024\/08\/IMG_9870-12x12.jpg 12w, https:\/\/www.bioleaderpack.com\/wp-content\/uploads\/2024\/08\/IMG_9870-150x150.jpg.webp 150w, https:\/\/www.bioleaderpack.com\/wp-content\/uploads\/2024\/08\/IMG_9870-300x300.jpg.webp 300w, https:\/\/www.bioleaderpack.com\/wp-content\/uploads\/2024\/08\/IMG_9870-768x768.jpg.webp 768w, https:\/\/www.bioleaderpack.com\/wp-content\/uploads\/2024\/08\/IMG_9870-600x600.jpg 600w, https:\/\/www.bioleaderpack.com\/wp-content\/uploads\/2024\/08\/IMG_9870-100x100.jpg 100w\" sizes=\"(max-width: 1000px) 100vw, 1000px\" \/><\/td>\n<td style=\"width: 50%;\"><img loading=\"lazy\" decoding=\"async\" class=\"wp-image-1934 size-large\" title=\"Ciotole monouso in amido di mais\" src=\"https:\/\/www.bioleaderpack.com\/wp-content\/uploads\/2024\/08\/IMG_6184-1024x1024.jpg\" alt=\"Ciotole monouso in amido di mais\" width=\"1024\" height=\"1024\" srcset=\"https:\/\/www.bioleaderpack.com\/wp-content\/uploads\/2024\/08\/IMG_6184-1024x1024.jpg.webp 1024w, https:\/\/www.bioleaderpack.com\/wp-content\/uploads\/2024\/08\/IMG_6184-300x300.jpg.webp 300w, https:\/\/www.bioleaderpack.com\/wp-content\/uploads\/2024\/08\/IMG_6184-scaled-100x100.jpg 100w, https:\/\/www.bioleaderpack.com\/wp-content\/uploads\/2024\/08\/IMG_6184-scaled-600x600.jpg 600w, https:\/\/www.bioleaderpack.com\/wp-content\/uploads\/2024\/08\/IMG_6184-150x150.jpg.webp 150w, https:\/\/www.bioleaderpack.com\/wp-content\/uploads\/2024\/08\/IMG_6184-768x768.jpg.webp 768w, https:\/\/www.bioleaderpack.com\/wp-content\/uploads\/2024\/08\/IMG_6184-1536x1536.jpg.webp 1536w, https:\/\/www.bioleaderpack.com\/wp-content\/uploads\/2024\/08\/IMG_6184-2048x2048.jpg.webp 2048w\" sizes=\"(max-width: 1024px) 100vw, 1024px\" \/><\/td>\n<\/tr>\n<tr>\n<td style=\"width: 50%;\"><img loading=\"lazy\" decoding=\"async\" class=\"size-full wp-image-1929\" title=\"Ciotole monouso in amido di mais\" src=\"https:\/\/www.bioleaderpack.com\/wp-content\/uploads\/2024\/08\/IMG_9875.jpg\" alt=\"Ciotole monouso in amido di mais\" width=\"1000\" height=\"1000\" srcset=\"https:\/\/www.bioleaderpack.com\/wp-content\/uploads\/2024\/08\/IMG_9875.jpg.webp 1000w, https:\/\/www.bioleaderpack.com\/wp-content\/uploads\/2024\/08\/IMG_9875-300x300.jpg.webp 300w, https:\/\/www.bioleaderpack.com\/wp-content\/uploads\/2024\/08\/IMG_9875-100x100.jpg 100w, https:\/\/www.bioleaderpack.com\/wp-content\/uploads\/2024\/08\/IMG_9875-600x600.jpg 600w, https:\/\/www.bioleaderpack.com\/wp-content\/uploads\/2024\/08\/IMG_9875-150x150.jpg.webp 150w, https:\/\/www.bioleaderpack.com\/wp-content\/uploads\/2024\/08\/IMG_9875-768x768.jpg.webp 768w\" sizes=\"(max-width: 1000px) 100vw, 1000px\" \/><\/td>\n<td style=\"width: 50%;\"><img loading=\"lazy\" decoding=\"async\" class=\"size-full wp-image-1930\" title=\"Ciotole monouso in amido di mais\" src=\"https:\/\/www.bioleaderpack.com\/wp-content\/uploads\/2024\/08\/IMG_9889.jpg\" alt=\"Ciotole monouso in amido di mais\" width=\"1000\" height=\"1000\" srcset=\"https:\/\/www.bioleaderpack.com\/wp-content\/uploads\/2024\/08\/IMG_9889.jpg.webp 1000w, https:\/\/www.bioleaderpack.com\/wp-content\/uploads\/2024\/08\/IMG_9889-300x300.jpg.webp 300w, https:\/\/www.bioleaderpack.com\/wp-content\/uploads\/2024\/08\/IMG_9889-100x100.jpg 100w, https:\/\/www.bioleaderpack.com\/wp-content\/uploads\/2024\/08\/IMG_9889-600x600.jpg 600w, https:\/\/www.bioleaderpack.com\/wp-content\/uploads\/2024\/08\/IMG_9889-150x150.jpg.webp 150w, https:\/\/www.bioleaderpack.com\/wp-content\/uploads\/2024\/08\/IMG_9889-768x768.jpg.webp 768w\" sizes=\"(max-width: 1000px) 100vw, 1000px\" \/><\/td>\n<\/tr>\n<\/tbody>\n<\/table>\n<div class=\"adweb-template\">\n<div class=\"adweb-template-42\">\n<div class=\"adweb-flex-jc-sb adweb-text-align-c\">\n<div class=\"adweb-flex-item3 adweb-flex-item\"><\/div>\n<\/div>\n<\/div>\n<\/div>\n<div class=\"adweb-template\">\n<div class=\"adweb-template-42\">\n<div class=\"adweb-flex-jc-sb adweb-text-align-c\">\n<div class=\"adweb-flex-item3 adweb-flex-item\">\n<div class=\"adweb-item-img\"><\/div>\n<\/div>\n<\/div>\n<\/div>\n<\/div>\n<h2>Focus sulla rivoluzione verde e pulita<\/h2>\n<p>Il nostro\u00a0<a href=\"https:\/\/www.bioleaderpack.com\/it\/le-ciotole-e-le-tazze-di-amido-di-mais-sono-facili-da-usare\/\" target=\"_blank\" rel=\"noopener\" data-wpil-monitor-id=\"238\">le ciotole di amido di mais sono<\/a> non sono semplicemente un prodotto, ma anche un'ideologia. Se incontrate persone che utilizzano questi\u00a0<strong>ciotole in cornware<\/strong>Siete parte della soluzione di un problema che \u00e8 stato ignorato per tanto tempo. Non ci sono impatti geologici separati dovuti a queste ciotole, poich\u00e9 sono\u00a0<strong>rispettoso dell'ambiente<\/strong>. Sono usa e getta e quando li si smaltisce o li si butta via, sono\u00a0<strong>biodegradare<\/strong>\u00a0il che significa che qualsiasi residuo non sar\u00e0 dannoso per l'ambiente. Questo sistema \"dalla culla alla culla\" rende queste ciotole ideali per gli acquirenti ecologici.<\/p>\n<h2>Ideale per diversi tipi di utilizzo all'interno del ristorante<\/h2>\n<p>Che si tratti di gestire un ristorante, di affittare servizi di catering o anche di uso domestico, c'\u00e8 sempre bisogno di\u00a0<strong>ciotole in cornware<\/strong>. Possono essere comodamente utilizzati sia in ambienti casual o formali di fascia bassa che in quelli di fascia alta. Inoltre, questi\u00a0<strong>ciotole di mais<\/strong>\u00a0non solo si adattano a qualsiasi esigenza di ristorazione, ma sono anche coerenti con la crescente richiesta di sostenibilit\u00e0.<\/p>\n<h2>Pranzo ecologico di nuova generazione con le ciotole di amido di mais<\/h2>\n<p>Il nostro\u00a0<strong>ciotole di amido di mais<\/strong>\u00a0sono ben posizionati all'avanguardia del movimento chiamato ristorazione sostenibile e sono ben accolti dai consumatori. Utilizzando questi\u00a0<strong>ciotole in cornware<\/strong>Non solo vi assicurate la consegna di un prodotto di qualit\u00e0, ma incoraggiate anche una crociata che mira a proteggere l'ambiente. Ci sono\u00a0<a href=\"https:\/\/www.bioleaderpack.com\/it\/prodotto\/ciotole-compostabili-da-32-oz-con-coperchio\/\" target=\"_blank\" rel=\"noopener\" data-wpil-monitor-id=\"2143\">ciotole compostabili<\/a>\u00a0che sono ben pianificati per avere la forza e la biodegradabilit\u00e0 appropriate e quindi saranno utili nell'implementazione di qualsiasi iniziativa di ristorazione ecologica.<\/p>\n<h2>Conclusione: Questo \u00e8 il modo migliore per gustare i pasti in modo ecologico.<\/h2>\n<p>Il\u00a0<strong>ciotole in cornware<\/strong>\u00a0offrono un'idea di come saranno le stoviglie monouso del futuro. Servire come\u00a0<strong>ciotole compostabili<\/strong>Sono meravigliosamente durevoli, multiuso ed ecologiche, adatte a qualsiasi ambiente. Queste ciotole sono\u00a0<span style=\"margin: 0px; padding: 0px;\"><strong>amido di mais<\/strong>realizzato<\/span>\u00a0e quindi robuste nell'uso e anche biodegradabili e compostabili, quindi non pericolose per l'ambiente. Che siate un'azienda che vuole ridurre l'impronta di carbonio o un individuo che pratica uno stile di vita ecologico, con queste ciotole non avrete problemi. Ordine\u00a0<strong>ciotole di mais<\/strong>\u00a0per pasti sani senza pensare al disordine che si crea.<\/p>\n<h2>FAQ<\/h2>\n<p data-start=\"121\" data-end=\"362\"><strong data-start=\"121\" data-end=\"163\">Q1. Di cosa sono fatte le ciotole Cornware?<\/strong><br data-start=\"163\" data-end=\"166\" \/><strong data-start=\"166\" data-end=\"173\">A1.<\/strong> Le ciotole Cornware sono realizzate in bioplastica PLA derivata dall'amido di mais rinnovabile. <a href=\"https:\/\/www.bioleaderpack.com\/it\/ciotole-di-amido-di-mais-in-plastica-compostabile-produttore-di-bioleader\/\" target=\"_blank\" rel=\"noopener\" data-wpil-monitor-id=\"3458\">Sono biodegradabili, compostabili e rappresentano un'alternativa sostenibile alle ciotole in plastica a base di petrolio.<\/a>.<\/p>\n<p data-start=\"369\" data-end=\"642\"><strong data-start=\"369\" data-end=\"440\">Q2. Le ciotole compostabili Cornware sono adatte al microonde e al congelatore?<\/strong><br data-start=\"440\" data-end=\"443\" \/><strong data-start=\"443\" data-end=\"450\">A2.<\/strong> S\u00ec, la maggior parte delle ciotole compostabili Cornware sono sicure sia per il microonde che per il congelatore. Possono resistere a temperature fino a 120\u00b0C, il che le rende adatte per cibi caldi, per la conservazione a freddo e per il riscaldamento.<\/p>\n<p data-start=\"649\" data-end=\"926\"><strong data-start=\"649\" data-end=\"717\">Q3. Quanto tempo impiegano le ciotole di amido di mais compostabili a biodegradarsi?<\/strong><br data-start=\"717\" data-end=\"720\" \/><strong data-start=\"720\" data-end=\"727\">A3.<\/strong> In condizioni di compostaggio industriale, le ciotole di amido di mais si decompongono entro 90-180 giorni. Negli ambienti di compostaggio domestico, la decomposizione pu\u00f2 richiedere pi\u00f9 tempo a seconda dell'umidit\u00e0 e dell'attivit\u00e0 microbica.<\/p>\n<p data-start=\"933\" data-end=\"1184\"><strong data-start=\"933\" data-end=\"1019\">Q4. Posso usare le ciotole compostabili Cornware per zuppe calde, curry e cibi grassi?<\/strong><br data-start=\"1019\" data-end=\"1022\" \/><strong data-start=\"1022\" data-end=\"1029\">A4.<\/strong> Assolutamente. Le ciotole Cornware sono progettate per resistere all'olio, all'acqua e al calore e sono quindi perfette per servire cibi caldi e unti senza perdite o deformazioni.<\/p>\n<p data-start=\"1191\" data-end=\"1494\"><strong data-start=\"1191\" data-end=\"1281\">Q5. Dove posso acquistare ciotole compostabili Cornware all'ingrosso con stampa del logo personalizzato?<\/strong><br data-start=\"1281\" data-end=\"1284\" \/><strong data-start=\"1284\" data-end=\"1291\">A5.<\/strong> Molti produttori, soprattutto in Cina, offrono ciotole Cornware all'ingrosso con servizi di personalizzazione OEM\/ODM, tra cui la stampa del logo del marchio, l'etichettatura ecologica e l'imballaggio su misura per le aziende di ristorazione.<\/p>\n<h2>Ciotole di mais compostabili 350 ml-1.500 ml: Contenitori ecologici e a prova di perdite per la ristorazione moderna<\/h2>\n<div class=\"semantic-insight-block\" style=\"background: #f6f6f9; border-left: 4px solid #2196f3; padding: 16px; margin-bottom: 24px;\">\n<p>Queste ciotole sono stampate in un materiale rinnovabile a base di amido di mais, che offre piena biodegradabilit\u00e0 e compostabilit\u00e0 industriale. Resistono alle perdite e supportano un calore moderato, rendendole adatte a zuppe calde o insalate fredde.<\/p>\n<p>Disponibili in diverse dimensioni (da circa 350 ml a 1.500 ml), queste ciotole sono adatte a piatti come cereali, noodle e insalate. Il loro design leggero e impilabile favorisce una gestione semplificata nelle operazioni di catering, consegna e asporto.<\/p>\n<p>Con l'inasprimento della legislazione globale contro la plastica, come la direttiva UE sulla plastica monouso, queste ciotole di mais rappresentano un'alternativa conforme. La personalizzazione OEM\/ODM e le opzioni di stampa di marchi privati in massa favoriscono il posizionamento del marchio ecologico e la scalabilit\u00e0 delle forniture.<\/p>\n<div style=\"margin-top: 12px;\"><strong>Parole chiave:<\/strong> ciotole in amido di mais compostabili, ciotole biodegradabili in amido di mais, ciotole per alimenti compostabili 350 ml-1500 ml, ciotole in amido adatte al microonde, ciotole a base vegetale a prova di perdite, contenitori per eco catering, ciotole in amido di mais Bioleader<\/div>\n<\/div>\n<p><script type=\"application\/ld+json\">{\n    \"@context\": \"https:\\\/\\\/schema.org\",\n    \"@type\": \"FAQPage\",\n    \"mainEntity\": [\n        {\n            \"@type\": \"Question\",\n            \"name\": \"What are Cornware bowls made from?\",\n            \"acceptedAnswer\": {\n                \"@type\": \"Answer\",\n                \"text\": \"Cornware bowls are made from PLA bioplastic derived from renewable corn starch. They are biodegradable, compostable, and serve as sustainable alternatives to petroleum-based plastic bowls.\"\n            }\n        },\n        {\n            \"@type\": \"Question\",\n            \"name\": \"Are Cornware compostable bowls microwave-safe and freezer-safe?\",\n            \"acceptedAnswer\": {\n                \"@type\": \"Answer\",\n                \"text\": \"Yes, most Cornware compostable bowls are safe for both microwave and freezer use. They can withstand temperatures up to 120\\u00b0C, making them suitable for hot foods, cold storage, and reheating.\"\n            }\n        },\n        {\n            \"@type\": \"Question\",\n            \"name\": \"How long do compostable cornstarch bowls take to biodegrade?\",\n            \"acceptedAnswer\": {\n                \"@type\": \"Answer\",\n                \"text\": \"Under industrial composting conditions, cornstarch bowls decompose within 90 to 180 days. In home composting environments, decomposition may take longer depending on humidity and microbial activity.\"\n            }\n        },\n        {\n            \"@type\": \"Question\",\n            \"name\": \"Can I use compostable Cornware bowls for hot soups, curries, and greasy foods?\",\n            \"acceptedAnswer\": {\n                \"@type\": \"Answer\",\n                \"text\": \"Absolutely. Cornware bowls are designed to resist oil, water, and heat, making them perfect for serving hot and greasy foods without leaks or deformation.\"\n            }\n        },\n        {\n            \"@type\": \"Question\",\n            \"name\": \"Where can I purchase Cornware compostable bowls in bulk with custom logo printing?\",\n            \"acceptedAnswer\": {\n                \"@type\": \"Answer\",\n                \"text\": \"Many manufacturers\\u2014especially in China\\u2014offer wholesale Cornware bowls with OEM\\\/ODM customization services, including brand logo printing, eco-labeling, and tailored packaging for foodservice businesses.\"\n            }\n        }\n    ]\n}<\/script><\/p>\n<\/div>\n<\/div>\n<\/div>\n<\/div>\n<\/div>","protected":false},"excerpt":{"rendered":"<p data-start=\"221\" data-end=\"552\">Le ciotole in amido di mais compostabili Bioleader\u00ae sono realizzate con bioplastica naturale PLA derivata dall'amido di mais. Queste ciotole ecologiche e resistenti al calore sono completamente compostabili, prive di BPA e ideali per zuppe calde, riso, insalate e piatti da asporto. Progettate per i marchi alimentari che cercano un packaging economico, sostenibile e sicuro per gli alimenti.<\/p>","protected":false},"featured_media":1939,"comment_status":"open","ping_status":"closed","template":"","meta":{"_acf_changed":false},"product_brand":[8971],"product_cat":[8877],"product_tag":[7108,6712,7113,8918,8920,6714,8906,8768,8908,7054,8909,8917],"class_list":{"0":"post-13781","1":"product","2":"type-product","3":"status-publish","4":"has-post-thumbnail","6":"product_brand-bioleader","7":"product_cat-cornstarch-bowl-cup","8":"product_tag-biodegradable-dinnerware","9":"product_tag-compostable-bowls","10":"product_tag-compostable-tableware","11":"product_tag-cornstarch-bowls","12":"product_tag-cornware-bowls","13":"product_tag-eco-friendly-bowls","14":"product_tag-environmentally-safe-products","15":"product_tag-green-packaging-solutions","16":"product_tag-heat-resistant-bowls","17":"product_tag-plant-based-tableware","18":"product_tag-renewable-resource-bowls","19":"product_tag-sustainable-disposable-bowls","21":"first","22":"instock","23":"purchasable","24":"product-type-simple"},"acf":[],"_links":{"self":[{"href":"https:\/\/www.bioleaderpack.com\/it\/wp-json\/wp\/v2\/product\/13781","targetHints":{"allow":["GET"]}}],"collection":[{"href":"https:\/\/www.bioleaderpack.com\/it\/wp-json\/wp\/v2\/product"}],"about":[{"href":"https:\/\/www.bioleaderpack.com\/it\/wp-json\/wp\/v2\/types\/product"}],"replies":[{"embeddable":true,"href":"https:\/\/www.bioleaderpack.com\/it\/wp-json\/wp\/v2\/comments?post=13781"}],"wp:featuredmedia":[{"embeddable":true,"href":"https:\/\/www.bioleaderpack.com\/it\/wp-json\/wp\/v2\/media\/1939"}],"wp:attachment":[{"href":"https:\/\/www.bioleaderpack.com\/it\/wp-json\/wp\/v2\/media?parent=13781"}],"wp:term":[{"taxonomy":"product_brand","embeddable":true,"href":"https:\/\/www.bioleaderpack.com\/it\/wp-json\/wp\/v2\/product_brand?post=13781"},{"taxonomy":"product_cat","embeddable":true,"href":"https:\/\/www.bioleaderpack.com\/it\/wp-json\/wp\/v2\/product_cat?post=13781"},{"taxonomy":"product_tag","embeddable":true,"href":"https:\/\/www.bioleaderpack.com\/it\/wp-json\/wp\/v2\/product_tag?post=13781"}],"curies":[{"name":"wp","href":"https:\/\/api.w.org\/{rel}","templated":true}]}}