{"id":13771,"date":"2024-08-09T16:19:20","date_gmt":"2024-08-09T08:19:20","guid":{"rendered":"https:\/\/www.bioleaderpack.com\/fr\/produit\/biodegradable-plastic-plates-factory-supplier-bulk\/"},"modified":"2026-04-27T17:21:35","modified_gmt":"2026-04-27T09:21:35","slug":"piatti-di-plastica-biodegradabili","status":"publish","type":"product","link":"https:\/\/www.bioleaderpack.com\/it\/prodotto\/piatti-di-plastica-biodegradabili\/","title":{"rendered":"Piatti di plastica biodegradabili Fornitore di fabbrica alla rinfusa"},"content":{"rendered":"<figure id=\"attachment_1857\" aria-describedby=\"caption-attachment-1857\" style=\"width: 1000px\" class=\"wp-caption alignnone\"><img fetchpriority=\"high\" decoding=\"async\" class=\"wp-image-1857 size-full\" title=\"Piatti di plastica biodegradabili\" src=\"https:\/\/www.bioleaderpack.com\/wp-content\/uploads\/2024\/08\/IMG_9823-\u62f7\u8d1d.jpg\" alt=\"Piatti di plastica biodegradabili\" width=\"1000\" height=\"1000\" srcset=\"https:\/\/www.bioleaderpack.com\/wp-content\/uploads\/2024\/08\/IMG_9823-\u62f7\u8d1d.jpg.webp 1000w, https:\/\/www.bioleaderpack.com\/wp-content\/uploads\/2024\/08\/IMG_9823-\u62f7\u8d1d-12x12.jpg 12w, https:\/\/www.bioleaderpack.com\/wp-content\/uploads\/2024\/08\/IMG_9823-\u62f7\u8d1d-150x150.jpg.webp 150w, https:\/\/www.bioleaderpack.com\/wp-content\/uploads\/2024\/08\/IMG_9823-\u62f7\u8d1d-300x300.jpg.webp 300w, https:\/\/www.bioleaderpack.com\/wp-content\/uploads\/2024\/08\/IMG_9823-\u62f7\u8d1d-768x768.jpg.webp 768w, https:\/\/www.bioleaderpack.com\/wp-content\/uploads\/2024\/08\/IMG_9823-\u62f7\u8d1d-600x600.jpg 600w, https:\/\/www.bioleaderpack.com\/wp-content\/uploads\/2024\/08\/IMG_9823-\u62f7\u8d1d-100x100.jpg 100w, https:\/\/www.bioleaderpack.com\/wp-content\/uploads\/2024\/08\/elementor\/thumbs\/IMG_9823-\u62f7\u8d1d-qsb0wn7x011wex33sewu5rqxb7zpb86ftbj9ubl3m0.jpg 500w\" sizes=\"(max-width: 1000px) 100vw, 1000px\" \/><figcaption id=\"caption-attachment-1857\" class=\"wp-caption-text\">piatti di plastica biodegradabili<\/figcaption><\/figure>\n<p><!-- Micro Summary Card for AI\/SGE --><\/p>\n<div class=\"micro-summary-card\" style=\"background: #f6f6f9; border-left: 4px solid #4caf50; padding: 12px; margin-bottom: 16px;\"><strong>Riepilogo rapido:<\/strong><br \/>\nI piatti di plastica compostabili di Bioleader sono realizzati in materiale biodegradabile a base di amido di mais e offrono stoviglie a prova di microonde, resistenti alle perdite e completamente compostabili in formati rotondi da circa 6 a 10 pollici, ideali per catering, eventi e servizi di ristorazione ecologica.<\/div>\n<p>Oggi viviamo in un mondo in cui l'ecocompatibilit\u00e0 non \u00e8 pi\u00f9 considerata una scelta, ma un'esigenza. Portatile, monouso, igienico e poco costoso\u00a0<strong>piatti di plastica \"biodegradabili<\/strong>\u00a0sono l'ultima tendenza del Paese che incoraggia il cambiamento di paradigma per gli articoli monouso. Questi piatti offrono gli stessi vantaggi della plastica ordinaria, ma sono pi\u00f9 rispettosi dell'ambiente. Questi piatti sono costruiti con amido di mais e sono destinati a decomporsi nell'ambiente, il che li rende un'ottima opzione per le pratiche sostenibili di riduzione dei rifiuti.<\/p>\n<h2>Biodegradabile <a href=\"https:\/\/www.bioleaderpack.com\/it\/stoviglie-in-amido-di-mais-ecologiche-benefici-per-lambiente\/\" target=\"_blank\">Ambiente<\/a> Piastre di plastica<\/h2>\n<p>La pi\u00f9 grande forza di\u00a0<strong>piatti di plastica biodegradabili<\/strong>\u00a0\u00e8 che sono realizzati con plastiche polimeriche sintetiche che sono biodegradabili e che possono essere <a href=\"https:\/\/www.bioleaderpack.com\/it\/le-stoviglie-in-amido-di-mais-sono-davvero-compostabili\/\" target=\"_blank\">compostabile<\/a> ecologico dopo l'uso. I normali piatti di plastica impiegano centinaia di anni prima di decomporsi, mentre questi piatti sono abbastanza facili da rompere, a differenza di altri tipi di plastica. Non ci sono quindi residui di materiali tossici che avvelenano il suolo o l'acqua. Utilizzando\u00a0<strong><a href=\"https:\/\/www.bioleaderpack.com\/it\/prodotto\/piatti-di-carta-biodegradabili-da-10-pollici\/\" target=\"_blank\" rel=\"noopener\" data-wpil-monitor-id=\"1699\">piatti di plastica biodegradabili<\/a><\/strong>Le aziende e anche i singoli cittadini possono dare un grande contributo per non aumentare i rifiuti di plastica.<\/p>\n<table width=\"700\">\n<tbody>\n<tr>\n<td width=\"97\"><strong>Codice articolo<\/strong><\/td>\n<td width=\"189\"><strong>Descrizione<\/strong><\/td>\n<td width=\"61\"><strong>Peso<\/strong>(g)<\/td>\n<td width=\"102\"><strong>Dimensione del prodotto<\/strong>\u00a0 (mm)<\/td>\n<td width=\"60\">PCS\/ PACK<\/td>\n<td width=\"69\">PCS\/ CTNS<\/td>\n<td colspan=\"3\" width=\"122\">Dimensioni del cartone (cm)<\/td>\n<\/tr>\n<tr>\n<td>BGY-0601<\/td>\n<td width=\"189\">Piastra di amido di mais 6\u2033<\/td>\n<td>8<\/td>\n<td width=\"102\">\u03c6152<\/td>\n<td width=\"60\">50<\/td>\n<td>2000<\/td>\n<td width=\"40\">63<\/td>\n<td width=\"41\">27.5<\/td>\n<td width=\"41\">32<\/td>\n<\/tr>\n<tr>\n<td>BGY-0701<\/td>\n<td width=\"189\">Piastra di amido di mais 7\u2033<\/td>\n<td>10<\/td>\n<td width=\"102\">\u03c6178<\/td>\n<td width=\"60\">50<\/td>\n<td>1000<\/td>\n<td>36.5<\/td>\n<td>23<\/td>\n<td>37.5<\/td>\n<\/tr>\n<tr>\n<td>BGY-0801<\/td>\n<td width=\"189\">Piastra di amido di mais 8\u2033<\/td>\n<td>14<\/td>\n<td width=\"102\">\u03c6203<\/td>\n<td width=\"60\">50<\/td>\n<td>1000<\/td>\n<td width=\"40\">44.5<\/td>\n<td width=\"41\">42.5<\/td>\n<td width=\"41\">23<\/td>\n<\/tr>\n<tr>\n<td>BGY-0901<\/td>\n<td width=\"189\">Piastra di amido di mais 9\u2033<\/td>\n<td>20<\/td>\n<td width=\"102\">\u03c6228<\/td>\n<td width=\"60\">50<\/td>\n<td>600<\/td>\n<td width=\"40\">48<\/td>\n<td width=\"41\">30<\/td>\n<td width=\"41\">24.5<\/td>\n<\/tr>\n<tr>\n<td>BGY-0903<\/td>\n<td width=\"189\">Piastra di amido di mais 9\u2033 3C<\/td>\n<td>20<\/td>\n<td width=\"102\">\u03c6228<\/td>\n<td width=\"60\">50<\/td>\n<td>600<\/td>\n<td width=\"40\">48<\/td>\n<td width=\"41\">30<\/td>\n<td width=\"41\">24.5<\/td>\n<\/tr>\n<tr>\n<td>BGY-1001<\/td>\n<td width=\"189\">Piastra di amido di mais 10\u2033<\/td>\n<td>23<\/td>\n<td width=\"102\">\u03c6254<\/td>\n<td width=\"60\">50<\/td>\n<td>600<\/td>\n<td width=\"40\">52<\/td>\n<td width=\"41\">23.5<\/td>\n<td width=\"41\">27.5<\/td>\n<\/tr>\n<tr>\n<td>BGY-1003<\/td>\n<td width=\"189\">Piastra di amido di mais 10\u2033 3C<\/td>\n<td>23<\/td>\n<td width=\"102\">\u03c6254<\/td>\n<td width=\"60\">50<\/td>\n<td>600<\/td>\n<td width=\"40\">52<\/td>\n<td width=\"41\">23.5<\/td>\n<td width=\"41\">27.5<\/td>\n<\/tr>\n<\/tbody>\n<\/table>\n<div><\/div>\n<div>\n<table style=\"border-collapse: collapse; width: 100%;\">\n<tbody>\n<tr>\n<td style=\"width: 50%;\"><img decoding=\"async\" class=\"size-full wp-image-1875\" title=\"Piatti di plastica biodegradabili\" src=\"https:\/\/www.bioleaderpack.com\/wp-content\/uploads\/2024\/08\/IMG_9758.jpg\" alt=\"Piatti di plastica biodegradabili\" width=\"1000\" height=\"1000\" srcset=\"https:\/\/www.bioleaderpack.com\/wp-content\/uploads\/2024\/08\/IMG_9758.jpg.webp 1000w, https:\/\/www.bioleaderpack.com\/wp-content\/uploads\/2024\/08\/IMG_9758-12x12.jpg 12w, https:\/\/www.bioleaderpack.com\/wp-content\/uploads\/2024\/08\/IMG_9758-150x150.jpg.webp 150w, https:\/\/www.bioleaderpack.com\/wp-content\/uploads\/2024\/08\/IMG_9758-300x300.jpg.webp 300w, https:\/\/www.bioleaderpack.com\/wp-content\/uploads\/2024\/08\/IMG_9758-768x768.jpg.webp 768w, https:\/\/www.bioleaderpack.com\/wp-content\/uploads\/2024\/08\/IMG_9758-600x600.jpg 600w, https:\/\/www.bioleaderpack.com\/wp-content\/uploads\/2024\/08\/IMG_9758-100x100.jpg 100w\" sizes=\"(max-width: 1000px) 100vw, 1000px\" \/><\/td>\n<td style=\"width: 50%;\"><img decoding=\"async\" class=\"wp-image-1876 size-full\" title=\"Piatti di plastica biodegradabili\" src=\"https:\/\/www.bioleaderpack.com\/wp-content\/uploads\/2024\/08\/IMG_9759.jpg\" alt=\"Piatti di plastica biodegradabili\" width=\"1000\" height=\"1000\" srcset=\"https:\/\/www.bioleaderpack.com\/wp-content\/uploads\/2024\/08\/IMG_9759.jpg.webp 1000w, https:\/\/www.bioleaderpack.com\/wp-content\/uploads\/2024\/08\/IMG_9759-300x300.jpg.webp 300w, https:\/\/www.bioleaderpack.com\/wp-content\/uploads\/2024\/08\/IMG_9759-100x100.jpg 100w, https:\/\/www.bioleaderpack.com\/wp-content\/uploads\/2024\/08\/IMG_9759-600x600.jpg 600w, https:\/\/www.bioleaderpack.com\/wp-content\/uploads\/2024\/08\/IMG_9759-150x150.jpg.webp 150w, https:\/\/www.bioleaderpack.com\/wp-content\/uploads\/2024\/08\/IMG_9759-768x768.jpg.webp 768w\" sizes=\"(max-width: 1000px) 100vw, 1000px\" \/><\/td>\n<\/tr>\n<tr>\n<td style=\"width: 50%;\"><img loading=\"lazy\" decoding=\"async\" class=\"wp-image-1879 size-full\" title=\"Piatti di plastica biodegradabili\" src=\"https:\/\/www.bioleaderpack.com\/wp-content\/uploads\/2024\/08\/IMG_9772.jpg\" alt=\"Piatti di plastica biodegradabili\" width=\"1000\" height=\"1000\" srcset=\"https:\/\/www.bioleaderpack.com\/wp-content\/uploads\/2024\/08\/IMG_9772.jpg.webp 1000w, https:\/\/www.bioleaderpack.com\/wp-content\/uploads\/2024\/08\/IMG_9772-300x300.jpg.webp 300w, https:\/\/www.bioleaderpack.com\/wp-content\/uploads\/2024\/08\/IMG_9772-100x100.jpg 100w, https:\/\/www.bioleaderpack.com\/wp-content\/uploads\/2024\/08\/IMG_9772-600x600.jpg 600w, https:\/\/www.bioleaderpack.com\/wp-content\/uploads\/2024\/08\/IMG_9772-150x150.jpg.webp 150w, https:\/\/www.bioleaderpack.com\/wp-content\/uploads\/2024\/08\/IMG_9772-768x768.jpg.webp 768w\" sizes=\"(max-width: 1000px) 100vw, 1000px\" \/><\/td>\n<td style=\"width: 50%;\"><img loading=\"lazy\" decoding=\"async\" class=\"wp-image-1878 size-full\" title=\"Piatti di plastica biodegradabili\" src=\"https:\/\/www.bioleaderpack.com\/wp-content\/uploads\/2024\/08\/IMG_9761.jpg\" alt=\"Piatti di plastica biodegradabili\" width=\"1000\" height=\"1000\" srcset=\"https:\/\/www.bioleaderpack.com\/wp-content\/uploads\/2024\/08\/IMG_9761.jpg.webp 1000w, https:\/\/www.bioleaderpack.com\/wp-content\/uploads\/2024\/08\/IMG_9761-300x300.jpg.webp 300w, https:\/\/www.bioleaderpack.com\/wp-content\/uploads\/2024\/08\/IMG_9761-100x100.jpg 100w, https:\/\/www.bioleaderpack.com\/wp-content\/uploads\/2024\/08\/IMG_9761-600x600.jpg 600w, https:\/\/www.bioleaderpack.com\/wp-content\/uploads\/2024\/08\/IMG_9761-150x150.jpg.webp 150w, https:\/\/www.bioleaderpack.com\/wp-content\/uploads\/2024\/08\/IMG_9761-768x768.jpg.webp 768w\" sizes=\"(max-width: 1000px) 100vw, 1000px\" \/><\/td>\n<\/tr>\n<\/tbody>\n<\/table>\n<\/div>\n<h2>Ragionevolezza e funzionalit\u00e0 nel design delle sedie<\/h2>\n<p>Una variet\u00e0 di piatti di plastica biodegradabili Designs sono disponibili in dimensioni adatte a qualsiasi esigenza, che vanno da 6 pollici a 10 pollici. Sono diventati una buona opzione per le attivit\u00e0 quotidiane e anche per le occasioni speciali, perch\u00e9 sono sia pratici che ecologici. Sono molto robusti, il che significa che possono sopportare cibi caldi o freddi e quindi possono essere utilizzati per qualsiasi tipo di pasto. I piatti di plastica biodegradabili, grazie alla loro capacit\u00e0 di servire pi\u00f9 di uno scopo, possono essere utilizzati durante i catering, nei ristoranti o a casa.<\/p>\n<h2>Design visivo e uso pratico<\/h2>\n<p>I piatti di plastica biodegradabili possono essere definiti come dotati di bellezza e utilit\u00e0 per quanto riguarda la loro configurazione. L'aspetto dei piatti \u00e8 semplice e rende questi piatti complementari a qualsiasi tipo di presentazione del cibo. Sono solidi e non si rompono facilmente, quindi offrono alla ristorazione moderna e raffinata qualsiasi tipo di piatto desiderato. Che si tratti di un pranzo rilassante nel parco o di una cena elegante, i piatti di plastica biodegradabili riescono sempre ad avere un aspetto gradevole pur essendo pratici e per questo sono i preferiti dalla gente.<\/p>\n<figure id=\"attachment_1861\" aria-describedby=\"caption-attachment-1861\" style=\"width: 1000px\" class=\"wp-caption alignnone\"><img loading=\"lazy\" decoding=\"async\" class=\"wp-image-1861 size-full\" style=\"font-size: 14px;\" title=\"Piatti di plastica biodegradabili\" src=\"https:\/\/www.bioleaderpack.com\/wp-content\/uploads\/2024\/08\/IMG_9824.jpg\" alt=\"Piatti di plastica biodegradabili\" width=\"1000\" height=\"1000\" srcset=\"https:\/\/www.bioleaderpack.com\/wp-content\/uploads\/2024\/08\/IMG_9824.jpg.webp 1000w, https:\/\/www.bioleaderpack.com\/wp-content\/uploads\/2024\/08\/IMG_9824-300x300.jpg.webp 300w, https:\/\/www.bioleaderpack.com\/wp-content\/uploads\/2024\/08\/IMG_9824-100x100.jpg 100w, https:\/\/www.bioleaderpack.com\/wp-content\/uploads\/2024\/08\/IMG_9824-600x600.jpg 600w, https:\/\/www.bioleaderpack.com\/wp-content\/uploads\/2024\/08\/IMG_9824-150x150.jpg.webp 150w, https:\/\/www.bioleaderpack.com\/wp-content\/uploads\/2024\/08\/IMG_9824-768x768.jpg.webp 768w\" sizes=\"(max-width: 1000px) 100vw, 1000px\" \/><figcaption id=\"caption-attachment-1861\" class=\"wp-caption-text\">piatti di plastica biodegradabili<\/figcaption><\/figure>\n<h2>Garanzia di qualit\u00e0 e sostenibilit\u00e0<\/h2>\n<p>Come\u00a0<strong>Cina fabbrica e fornitore<\/strong>siamo orgogliosi di produrre una gamma di prodotti biobased e di\u00a0<em>piatti monouso biodegradabili<\/em>\u00a0che soddisfano i pi\u00f9 severi requisiti ambientali Questo perch\u00e9 le nostre targhe sono di buona qualit\u00e0 e vendute a prezzi accessibili. Queste targhe sono disponibili all'ingrosso per quelle aziende che vogliono abbracciare il Green marketing offrendo ai clienti prodotti ecologici senza compromettere la qualit\u00e0.<\/p>\n<p>Poich\u00e9 questi piatti di plastica sono biodegradabili, questo \u00e8 uno dei principali vantaggi dell'utilizzo di questi piatti. Questi piatti ecologici, realizzati con questi materiali, si decompongono in circa una decina di anni, un tempo breve rispetto alle normali plastiche che impiegano diversi secoli o pi\u00f9 per decomporsi. <a href=\"https:\/\/www.bioleaderpack.com\/it\/le-stoviglie-in-amido-di-mais-sono-davvero-compostabili\/\" target=\"_blank\">si decompongono in discarica<\/a>.<\/p>\n<p>Inoltre, il materiale dell'amido di mais fa s\u00ec che i piatti siano biodegradabili e commestibili. Possono essere utilizzati sia per cibi caldi che freddi e si adattano quindi a tutti i tipi di pasti. Il formato da 6 a 10 pollici assicura che ci siano porzioni di dimensioni diverse per coloro che preferiscono le piccole dimensioni e per coloro che desiderano standard pi\u00f9 grandi.<\/p>\n<p>Oltre all'aspetto ecologico, i piatti di plastica biodegradabili sono pratici e facili da usare come qualsiasi altro piatto da smaltire. Sono leggeri, facili da trasportare e non richiedono alcun lavaggio dopo l'uso; quindi, sono molto utili quando si organizzano picnic, feste, matrimoni e qualsiasi altra funzione che richieda un servizio di ristorazione con una breve pulizia.<\/p>\n<h2>Conclusione<\/h2>\n<p><strong>Piatti di plastica biodegradabili<\/strong>\u00a0sono la soluzione migliore quando si tratta di utilizzare stoviglie monouso. Le stoviglie sono amiche dell'ambiente e aiutano a prevenire gli sprechi, oltre a essere progettate per attirare l'attenzione di molti. Sono prontamente disponibili per la fornitura all'ingrosso a un prezzo accessibile, dato che siamo aderenti come\u00a0<strong>Fabbrica e produttore cinese<\/strong>.<\/p>\n<h2>FAQ<\/h2>\n<p data-start=\"207\" data-end=\"531\"><strong data-start=\"207\" data-end=\"263\">D1: Di cosa sono fatti i piatti di plastica biodegradabili?<\/strong><br data-start=\"263\" data-end=\"266\" \/><strong data-start=\"266\" data-end=\"273\">A1:<\/strong> I piatti di plastica biodegradabili sono in genere realizzati con materiali rinnovabili di origine vegetale come il PLA (acido polilattico), l'amido di mais o altre bioplastiche compostabili. Questi materiali si decompongono naturalmente in condizioni di compostaggio, a differenza delle plastiche a base di petrolio.<\/p>\n<hr data-start=\"533\" data-end=\"536\" \/>\n<p data-start=\"538\" data-end=\"856\"><strong data-start=\"538\" data-end=\"620\">D2: Posso rifornirmi di piatti di plastica biodegradabili direttamente da una fabbrica cinese?<\/strong><br data-start=\"620\" data-end=\"623\" \/><strong data-start=\"623\" data-end=\"630\">A2:<\/strong> S\u00ec, molte fabbriche e produttori cinesi affidabili offrono un'offerta diretta di <a href=\"https:\/\/www.bioleaderpack.com\/it\/piatti-di-plastica-compostabili-gamma-completa-6-10inch-produttore-di-bioleader\/\" target=\"_blank\" rel=\"noopener\"  data-wpil-monitor-id=\"3412\">vendita all'ingrosso di piatti di plastica biodegradabili<\/a>. Ordinare in grandi quantit\u00e0 garantisce un costo unitario inferiore e consente la personalizzazione, l'etichettatura privata e i servizi OEM\/ODM.<\/p>\n<hr data-start=\"858\" data-end=\"861\" \/>\n<p data-start=\"863\" data-end=\"1169\"><strong data-start=\"863\" data-end=\"931\">D3: I piatti biodegradabili soddisfano gli standard di certificazione globale?<\/strong><br data-start=\"931\" data-end=\"934\" \/><strong data-start=\"934\" data-end=\"941\">A3:<\/strong> Fornitori affidabili forniscono piatti di plastica biodegradabili conformi agli standard internazionali, come ad esempio <strong data-start=\"1048\" data-end=\"1059\">EN13432<\/strong>, <strong data-start=\"1061\" data-end=\"1075\">ASTM D6400<\/strong>, <strong data-start=\"1077\" data-end=\"1084\">BPI<\/strong>, e <strong data-start=\"1090\" data-end=\"1108\">T\u00dcV OK Compost<\/strong>garantendo sicurezza, compostabilit\u00e0 e conformit\u00e0 alimentare.<\/p>\n<hr data-start=\"1171\" data-end=\"1174\" \/>\n<p data-start=\"1176\" data-end=\"1495\"><strong data-start=\"1176\" data-end=\"1256\">D4: I piatti di plastica biodegradabili sono adatti a cibi caldi, freddi e oleosi?<\/strong><br data-start=\"1256\" data-end=\"1259\" \/><strong data-start=\"1259\" data-end=\"1266\">A4:<\/strong> S\u00ec, i piatti di plastica biodegradabile di alta qualit\u00e0 sono <strong data-start=\"1318\" data-end=\"1363\">resistente al calore, all'olio e alle perdite<\/strong>e sono quindi adatte per pasti caldi, insalate o anche cibi grassi. Controllare sempre le specifiche del prodotto prima di effettuare un ordine su larga scala.<\/p>\n<hr data-start=\"1497\" data-end=\"1500\" \/>\n<p data-start=\"1502\" data-end=\"1832\"><strong data-start=\"1502\" data-end=\"1571\">D5: Perch\u00e9 le aziende dovrebbero passare a <a href=\"https:\/\/www.bioleaderpack.com\/it\/prodotto\/piatti-biodegradabili-in-bagassa-di-canna-da-zucchero-da-9-pollici\/\" target=\"_blank\" rel=\"noopener\" data-wpil-monitor-id=\"1706\">lastre biodegradabili sfuse<\/a>?<\/strong><br data-start=\"1571\" data-end=\"1574\" \/><strong data-start=\"1574\" data-end=\"1581\">A5:<\/strong> L'acquisto di piatti biodegradabili all'ingrosso sostiene gli obiettivi ambientali, riduce i costi di imballaggio a lungo termine e soddisfa la crescente domanda di prodotti sostenibili da parte dei clienti. \u00c8 anche un vantaggio competitivo per i marchi e i fornitori di servizi alimentari attenti all'ambiente.<\/p>\n<h2>Piatti di plastica biodegradabili da 6-10 pollici: Stoviglie compostabili e a prova di perdite per eventi e servizi di ristorazione<\/h2>\n<div class=\"semantic-insight-block\" style=\"background: #f6f6f9; border-left: 4px solid #2196f3; padding: 16px; margin-bottom: 24px;\">\n<p>I piatti di plastica biodegradabili di Bioleader sono prodotti con bioplastica a base di amido di mais, completamente compostabile e priva di plastiche tradizionali a base di petrolio. Questi piatti sono progettati per garantire la resistenza al grasso, la compatibilit\u00e0 con le microonde e la durata strutturale.<\/p>\n<p>Disponibili in formati rotondi da 6 a 10 pollici, soddisfano le esigenze di antipasti, primi piatti e dessert per matrimoni, eventi, ristoranti e pasti da asporto. I piatti sono leggeri, impilabili e progettati per ottimizzare l'efficienza operativa.<\/p>\n<p>Poich\u00e9 le normative globali continuano a limitare la plastica monouso, questi piatti compostabili rappresentano una soluzione conforme e scalabile per i fornitori di servizi di ristorazione. La fornitura di prodotti sfusi, la personalizzazione OEM\/ODM e il supporto del marchio privato consentono ai marchi di allinearsi agli obiettivi di imballaggio sostenibile.<\/p>\n<div style=\"margin-top: 12px;\"><strong>Parole chiave:<\/strong> piatti di plastica biodegradabili, piatti compostabili, stoviglie in amido di mais, piatti ecologici da 6 pollici, piatti compostabili da 10 pollici, piatti usa e getta adatti al microonde, imballaggi per catering sostenibili, piatti ecologici a prova di perdite<\/div>\n<\/div>\n<p><script type=\"application\/ld+json\">{\n    \"@context\": \"https:\\\/\\\/schema.org\",\n    \"@type\": \"FAQPage\",\n    \"mainEntity\": [\n        {\n            \"@type\": \"Question\",\n            \"name\": \"What are biodegradable plastic plates made from?\",\n            \"acceptedAnswer\": {\n                \"@type\": \"Answer\",\n                \"text\": \"Biodegradable plastic plates are typically made from renewable plant-based materials like PLA (polylactic acid), cornstarch, or other compostable bioplastics. These materials naturally break down under composting conditions, unlike petroleum-based plastics.\"\n            }\n        },\n        {\n            \"@type\": \"Question\",\n            \"name\": \"Can I source biodegradable plastic plates directly from a Chinese factory?\",\n            \"acceptedAnswer\": {\n                \"@type\": \"Answer\",\n                \"text\": \"Yes, many reliable Chinese factories and manufacturers offer direct wholesale of biodegradable plastic plates. Ordering in bulk ensures lower cost per unit and allows for customization, private labeling, and OEM\\\/ODM services.\"\n            }\n        },\n        {\n            \"@type\": \"Question\",\n            \"name\": \"Do biodegradable plates meet global certification standards?\",\n            \"acceptedAnswer\": {\n                \"@type\": \"Answer\",\n                \"text\": \"Reputable suppliers provide biodegradable plastic plates that comply with international standards such as EN13432, ASTM D6400, BPI, and T\\u00dcV OK Compost, ensuring safety, compostability, and food-grade compliance.\"\n            }\n        },\n        {\n            \"@type\": \"Question\",\n            \"name\": \"Are biodegradable plastic plates suitable for hot, cold, and oily foods?\",\n            \"acceptedAnswer\": {\n                \"@type\": \"Answer\",\n                \"text\": \"Yes, high-quality biodegradable plastic plates are heat-resistant, oil-proof, and leak-proof, making them suitable for hot meals, salads, or even greasy foods. Always check product specifications before large-scale ordering.\"\n            }\n        },\n        {\n            \"@type\": \"Question\",\n            \"name\": \"Why should businesses switch to biodegradable plates in bulk?\",\n            \"acceptedAnswer\": {\n                \"@type\": \"Answer\",\n                \"text\": \"Buying biodegradable plates in bulk supports environmental goals, reduces long-term packaging costs, and meets increasing customer demand for sustainable products. It's also a competitive advantage for eco-conscious brands and food service providers.\"\n            }\n        }\n    ]\n}<\/script><\/p>","protected":false},"excerpt":{"rendered":"<p data-start=\"263\" data-end=\"869\">Volete ridurre i rifiuti di plastica senza compromettere le prestazioni? Bioleader <strong data-start=\"341\" data-end=\"373\">Piatti di plastica biodegradabili<\/strong> sono fatti di <strong data-start=\"388\" data-end=\"418\">materiali a base di amido di mais<\/strong>che offre un'alternativa sostenibile e compostabile alle tradizionali stoviglie in plastica. Con le loro <strong data-start=\"513\" data-end=\"537\">design classico bianco<\/strong>Grazie alla loro superficie liscia e all'elevata resistenza al calore, queste piastre sono ideali per <strong data-start=\"608\" data-end=\"689\">ristoranti, pasti scolastici, servizi da asporto, matrimoni e catering aziendali.<\/strong>. Resistenti, a prova di perdite, adatti al microonde e completamente biodegradabili, sono l'aggiornamento ecologico perfetto per la ristorazione moderna. <strong data-start=\"825\" data-end=\"868\">direttamente dalla fabbrica a prezzi all'ingrosso<\/strong>.<\/p>","protected":false},"featured_media":1857,"comment_status":"open","ping_status":"closed","template":"","meta":{"_acf_changed":false},"product_brand":[8971],"product_cat":[8821],"product_tag":[8822,6461,8823,8876,8834,8835],"class_list":{"0":"post-13771","1":"product","2":"type-product","3":"status-publish","4":"has-post-thumbnail","6":"product_brand-bioleader","7":"product_cat-cornstarch-plate","8":"product_tag-biodegradable-plastic-plates","9":"product_tag-biodegradable-plates","10":"product_tag-compostable-plastic-plates","11":"product_tag-cornstarch-plastic-plates","12":"product_tag-disposable-plastic-plates","13":"product_tag-eco-friendly-disposable-plates","15":"first","16":"instock","17":"purchasable","18":"product-type-simple"},"acf":[],"_links":{"self":[{"href":"https:\/\/www.bioleaderpack.com\/it\/wp-json\/wp\/v2\/product\/13771","targetHints":{"allow":["GET"]}}],"collection":[{"href":"https:\/\/www.bioleaderpack.com\/it\/wp-json\/wp\/v2\/product"}],"about":[{"href":"https:\/\/www.bioleaderpack.com\/it\/wp-json\/wp\/v2\/types\/product"}],"replies":[{"embeddable":true,"href":"https:\/\/www.bioleaderpack.com\/it\/wp-json\/wp\/v2\/comments?post=13771"}],"wp:featuredmedia":[{"embeddable":true,"href":"https:\/\/www.bioleaderpack.com\/it\/wp-json\/wp\/v2\/media\/1857"}],"wp:attachment":[{"href":"https:\/\/www.bioleaderpack.com\/it\/wp-json\/wp\/v2\/media?parent=13771"}],"wp:term":[{"taxonomy":"product_brand","embeddable":true,"href":"https:\/\/www.bioleaderpack.com\/it\/wp-json\/wp\/v2\/product_brand?post=13771"},{"taxonomy":"product_cat","embeddable":true,"href":"https:\/\/www.bioleaderpack.com\/it\/wp-json\/wp\/v2\/product_cat?post=13771"},{"taxonomy":"product_tag","embeddable":true,"href":"https:\/\/www.bioleaderpack.com\/it\/wp-json\/wp\/v2\/product_tag?post=13771"}],"curies":[{"name":"wp","href":"https:\/\/api.w.org\/{rel}","templated":true}]}}