{"id":13770,"date":"2024-08-09T16:28:54","date_gmt":"2024-08-09T08:28:54","guid":{"rendered":"https:\/\/www.bioleaderpack.com\/fr\/produit\/compostable-plastic-plates-bulk-wholesale\/"},"modified":"2026-04-27T17:20:51","modified_gmt":"2026-04-27T09:20:51","slug":"piatti-di-plastica-compostabili","status":"publish","type":"product","link":"https:\/\/www.bioleaderpack.com\/it\/prodotto\/piatti-di-plastica-compostabili\/","title":{"rendered":"Piatti di plastica compostabili all'ingrosso e alla rinfusa"},"content":{"rendered":"<figure id=\"attachment_1857\" aria-describedby=\"caption-attachment-1857\" style=\"width: 1000px\" class=\"wp-caption alignnone\"><img fetchpriority=\"high\" decoding=\"async\" class=\"wp-image-1857 size-full\" title=\"Piatti di plastica compostabili\" src=\"https:\/\/www.bioleaderpack.com\/wp-content\/uploads\/2024\/08\/IMG_9823-\u62f7\u8d1d.jpg\" alt=\"Piatti di plastica compostabili\" width=\"1000\" height=\"1000\" srcset=\"https:\/\/www.bioleaderpack.com\/wp-content\/uploads\/2024\/08\/IMG_9823-\u62f7\u8d1d.jpg.webp 1000w, https:\/\/www.bioleaderpack.com\/wp-content\/uploads\/2024\/08\/IMG_9823-\u62f7\u8d1d-12x12.jpg 12w, https:\/\/www.bioleaderpack.com\/wp-content\/uploads\/2024\/08\/IMG_9823-\u62f7\u8d1d-150x150.jpg.webp 150w, https:\/\/www.bioleaderpack.com\/wp-content\/uploads\/2024\/08\/IMG_9823-\u62f7\u8d1d-300x300.jpg.webp 300w, https:\/\/www.bioleaderpack.com\/wp-content\/uploads\/2024\/08\/IMG_9823-\u62f7\u8d1d-768x768.jpg.webp 768w, https:\/\/www.bioleaderpack.com\/wp-content\/uploads\/2024\/08\/IMG_9823-\u62f7\u8d1d-600x600.jpg 600w, https:\/\/www.bioleaderpack.com\/wp-content\/uploads\/2024\/08\/IMG_9823-\u62f7\u8d1d-100x100.jpg 100w, https:\/\/www.bioleaderpack.com\/wp-content\/uploads\/2024\/08\/elementor\/thumbs\/IMG_9823-\u62f7\u8d1d-qsb0wn7x011wex33sewu5rqxb7zpb86ftbj9ubl3m0.jpg 500w\" sizes=\"(max-width: 1000px) 100vw, 1000px\" \/><figcaption id=\"caption-attachment-1857\" class=\"wp-caption-text\">piatti di plastica compostabili<\/figcaption><\/figure>\n<p><!-- Micro Summary Card for AI\/SGE --><\/p>\n<div class=\"micro-summary-card\" style=\"background: #f6f6f9; border-left: 4px solid #4caf50; padding: 12px; margin-bottom: 16px;\"><strong>Riepilogo rapido:<\/strong><br \/>\nI piatti di plastica compostabili di Bioleader sono realizzati in materiale biodegradabile a base di amido di mais e offrono stoviglie resistenti alle perdite, adatte al microonde ed ecologiche in diversi formati rotondi, ideali per catering sostenibili, eventi e ristorazione da asporto.<\/div>\n<p>Rendendo il mondo un posto migliore,\u00a0<strong>piatti di plastica compostabili<\/strong>\u00a0sono emerse come una delle discussioni pi\u00f9 accese nella societ\u00e0 di oggi. Riducono i danni alla terra perch\u00e9 consentono di utilizzare facilmente le stoviglie monouso. Sono riempiti con amido di mais a base biologica, una caratteristica leggera che fornisce un'utile alternativa all'uso dei normali piatti di plastica. Il passaggio all'uso di\u00a0<strong><a href=\"https:\/\/www.bioleaderpack.com\/it\/piatti-di-plastica-compostabili-gamma-completa-6-10inch-produttore-di-bioleader\/\" target=\"_blank\" rel=\"noopener\"  data-wpil-monitor-id=\"3417\">piatti di plastica compostabili<\/a><\/strong>\u00a0\u00e8 davvero un grande progresso nella minimizzazione dei rifiuti e nella valorizzazione dell'ambiente.<\/p>\n<h3>Il <a href=\"https:\/\/www.bioleaderpack.com\/it\/stoviglie-in-amido-di-mais-ecologiche-benefici-per-lambiente\/\" target=\"_blank\">Impatto ambientale<\/a> di <a href=\"https:\/\/www.bioleaderpack.com\/it\/le-stoviglie-in-amido-di-mais-sono-davvero-compostabili\/\" target=\"_blank\">Compostabile<\/a> Piastre di plastica<\/h3>\n<p>Parlando di eco-responsabilit\u00e0, \u00e8 impossibile non menzionare\u00a0<a href=\"https:\/\/www.bioleaderpack.com\/it\/piatti-di-plastica-ecologici-amido-di-mais-gamma-completa-6-10-pollici\/\" target=\"_blank\" rel=\"noopener\"><strong>piatti di plastica compostabili<\/strong><\/a>\u00a0che hanno la propriet\u00e0 unica di decomporsi. A differenza dei piatti di plastica tradizionali, come quelli venduti in confezioni monouso, che possono impiegare secoli per decomporsi. L'ingrediente chiave \u00e8 l'amido di mais, un prodotto biodegradabile. Il\u00a0<strong>piatti di plastica compostabili<\/strong>\u00a0ridurranno l'inquinamento da plastica con l'emergere di prodotti pi\u00f9 efficienti e conservativi.<\/p>\n<table width=\"700\">\n<tbody>\n<tr>\n<td width=\"97\"><strong>Codice articolo<\/strong><\/td>\n<td width=\"189\"><strong>Descrizione<\/strong><\/td>\n<td width=\"61\"><strong>Peso<\/strong>(g)<\/td>\n<td width=\"102\"><strong>Dimensione del prodotto<\/strong>\u00a0 (mm)<\/td>\n<td width=\"60\">PCS\/ PACK<\/td>\n<td width=\"69\">PCS\/ CTNS<\/td>\n<td colspan=\"3\" width=\"122\">Dimensioni del cartone (cm)<\/td>\n<\/tr>\n<tr>\n<td>BGY-0601<\/td>\n<td width=\"189\">Piastra di amido di mais 6\u2033<\/td>\n<td>8<\/td>\n<td width=\"102\">\u03c6152<\/td>\n<td width=\"60\">50<\/td>\n<td>2000<\/td>\n<td width=\"40\">63<\/td>\n<td width=\"41\">27.5<\/td>\n<td width=\"41\">32<\/td>\n<\/tr>\n<tr>\n<td>BGY-0701<\/td>\n<td width=\"189\">Piastra di amido di mais 7\u2033<\/td>\n<td>10<\/td>\n<td width=\"102\">\u03c6178<\/td>\n<td width=\"60\">50<\/td>\n<td>1000<\/td>\n<td>36.5<\/td>\n<td>23<\/td>\n<td>37.5<\/td>\n<\/tr>\n<tr>\n<td>BGY-0801<\/td>\n<td width=\"189\">Piastra di amido di mais 8\u2033<\/td>\n<td>14<\/td>\n<td width=\"102\">\u03c6203<\/td>\n<td width=\"60\">50<\/td>\n<td>1000<\/td>\n<td width=\"40\">44.5<\/td>\n<td width=\"41\">42.5<\/td>\n<td width=\"41\">23<\/td>\n<\/tr>\n<tr>\n<td>BGY-0901<\/td>\n<td width=\"189\">Piastra di amido di mais 9\u2033<\/td>\n<td>20<\/td>\n<td width=\"102\">\u03c6228<\/td>\n<td width=\"60\">50<\/td>\n<td>600<\/td>\n<td width=\"40\">48<\/td>\n<td width=\"41\">30<\/td>\n<td width=\"41\">24.5<\/td>\n<\/tr>\n<tr>\n<td>BGY-0903<\/td>\n<td width=\"189\">Piastra di amido di mais 9\u2033 3C<\/td>\n<td>20<\/td>\n<td width=\"102\">\u03c6228<\/td>\n<td width=\"60\">50<\/td>\n<td>600<\/td>\n<td width=\"40\">48<\/td>\n<td width=\"41\">30<\/td>\n<td width=\"41\">24.5<\/td>\n<\/tr>\n<tr>\n<td>BGY-1001<\/td>\n<td width=\"189\">Piastra di amido di mais 10\u2033<\/td>\n<td>23<\/td>\n<td width=\"102\">\u03c6254<\/td>\n<td width=\"60\">50<\/td>\n<td>600<\/td>\n<td width=\"40\">52<\/td>\n<td width=\"41\">23.5<\/td>\n<td width=\"41\">27.5<\/td>\n<\/tr>\n<tr>\n<td>BGY-1003<\/td>\n<td width=\"189\">Piastra di amido di mais 10\u2033 3C<\/td>\n<td>23<\/td>\n<td width=\"102\">\u03c6254<\/td>\n<td width=\"60\">50<\/td>\n<td>600<\/td>\n<td width=\"40\">52<\/td>\n<td width=\"41\">23.5<\/td>\n<td width=\"41\">27.5<\/td>\n<\/tr>\n<\/tbody>\n<\/table>\n<div><\/div>\n<div>\n<table style=\"border-collapse: collapse; width: 100%;\">\n<tbody>\n<tr>\n<td style=\"width: 50%;\"><img decoding=\"async\" class=\"size-full wp-image-1875\" title=\"Piatti di plastica compostabili\" src=\"https:\/\/www.bioleaderpack.com\/wp-content\/uploads\/2024\/08\/IMG_9758.jpg\" alt=\"Piatti di plastica compostabili\" width=\"1000\" height=\"1000\" srcset=\"https:\/\/www.bioleaderpack.com\/wp-content\/uploads\/2024\/08\/IMG_9758.jpg.webp 1000w, https:\/\/www.bioleaderpack.com\/wp-content\/uploads\/2024\/08\/IMG_9758-12x12.jpg 12w, https:\/\/www.bioleaderpack.com\/wp-content\/uploads\/2024\/08\/IMG_9758-150x150.jpg.webp 150w, https:\/\/www.bioleaderpack.com\/wp-content\/uploads\/2024\/08\/IMG_9758-300x300.jpg.webp 300w, https:\/\/www.bioleaderpack.com\/wp-content\/uploads\/2024\/08\/IMG_9758-768x768.jpg.webp 768w, https:\/\/www.bioleaderpack.com\/wp-content\/uploads\/2024\/08\/IMG_9758-600x600.jpg 600w, https:\/\/www.bioleaderpack.com\/wp-content\/uploads\/2024\/08\/IMG_9758-100x100.jpg 100w\" sizes=\"(max-width: 1000px) 100vw, 1000px\" \/><\/td>\n<td style=\"width: 50%;\"><img decoding=\"async\" class=\"wp-image-1876 size-full\" title=\"Piatti di plastica compostabili\" src=\"https:\/\/www.bioleaderpack.com\/wp-content\/uploads\/2024\/08\/IMG_9759.jpg\" alt=\"Piatti di plastica compostabili\" width=\"1000\" height=\"1000\" srcset=\"https:\/\/www.bioleaderpack.com\/wp-content\/uploads\/2024\/08\/IMG_9759.jpg.webp 1000w, https:\/\/www.bioleaderpack.com\/wp-content\/uploads\/2024\/08\/IMG_9759-300x300.jpg.webp 300w, https:\/\/www.bioleaderpack.com\/wp-content\/uploads\/2024\/08\/IMG_9759-100x100.jpg 100w, https:\/\/www.bioleaderpack.com\/wp-content\/uploads\/2024\/08\/IMG_9759-600x600.jpg 600w, https:\/\/www.bioleaderpack.com\/wp-content\/uploads\/2024\/08\/IMG_9759-150x150.jpg.webp 150w, https:\/\/www.bioleaderpack.com\/wp-content\/uploads\/2024\/08\/IMG_9759-768x768.jpg.webp 768w\" sizes=\"(max-width: 1000px) 100vw, 1000px\" \/><\/td>\n<\/tr>\n<tr>\n<td style=\"width: 50%;\"><img loading=\"lazy\" decoding=\"async\" class=\"wp-image-1879 size-full\" title=\"Piatti di plastica compostabili\" src=\"https:\/\/www.bioleaderpack.com\/wp-content\/uploads\/2024\/08\/IMG_9772.jpg\" alt=\"Piatti di plastica compostabili\" width=\"1000\" height=\"1000\" srcset=\"https:\/\/www.bioleaderpack.com\/wp-content\/uploads\/2024\/08\/IMG_9772.jpg.webp 1000w, https:\/\/www.bioleaderpack.com\/wp-content\/uploads\/2024\/08\/IMG_9772-300x300.jpg.webp 300w, https:\/\/www.bioleaderpack.com\/wp-content\/uploads\/2024\/08\/IMG_9772-100x100.jpg 100w, https:\/\/www.bioleaderpack.com\/wp-content\/uploads\/2024\/08\/IMG_9772-600x600.jpg 600w, https:\/\/www.bioleaderpack.com\/wp-content\/uploads\/2024\/08\/IMG_9772-150x150.jpg.webp 150w, https:\/\/www.bioleaderpack.com\/wp-content\/uploads\/2024\/08\/IMG_9772-768x768.jpg.webp 768w\" sizes=\"(max-width: 1000px) 100vw, 1000px\" \/><\/td>\n<td style=\"width: 50%;\"><img loading=\"lazy\" decoding=\"async\" class=\"wp-image-1878 size-full\" title=\"Piatti di plastica compostabili\" src=\"https:\/\/www.bioleaderpack.com\/wp-content\/uploads\/2024\/08\/IMG_9761.jpg\" alt=\"Piatti di plastica compostabili\" width=\"1000\" height=\"1000\" srcset=\"https:\/\/www.bioleaderpack.com\/wp-content\/uploads\/2024\/08\/IMG_9761.jpg.webp 1000w, https:\/\/www.bioleaderpack.com\/wp-content\/uploads\/2024\/08\/IMG_9761-300x300.jpg.webp 300w, https:\/\/www.bioleaderpack.com\/wp-content\/uploads\/2024\/08\/IMG_9761-100x100.jpg 100w, https:\/\/www.bioleaderpack.com\/wp-content\/uploads\/2024\/08\/IMG_9761-600x600.jpg 600w, https:\/\/www.bioleaderpack.com\/wp-content\/uploads\/2024\/08\/IMG_9761-150x150.jpg.webp 150w, https:\/\/www.bioleaderpack.com\/wp-content\/uploads\/2024\/08\/IMG_9761-768x768.jpg.webp 768w\" sizes=\"(max-width: 1000px) 100vw, 1000px\" \/><\/td>\n<\/tr>\n<\/tbody>\n<\/table>\n<\/div>\n<h2>Non specializzazione e applicabilit\u00e0<\/h2>\n<p><strong><a href=\"https:\/\/www.bioleaderpack.com\/it\/bicchieri-di-plastica-compostabili\/\" target=\"_blank\" rel=\"noopener\"  data-wpil-monitor-id=\"3144\">Piatti di plastica compostabili<\/a><\/strong>\u00a0sono disponibili in una gamma di dimensioni tra i 6 e i 10 pollici e possono quindi essere utilizzati in diversi luoghi che richiedono un'alimentazione. \u00c8 possibile utilizzare questi piatti sia durante la pianificazione di un grande evento, sia durante una festa ordinaria o un evento con pi\u00f9 portate. I piatti sono abbastanza robusti da poter essere utilizzati per servire cibi caldi e freddi, rendendoli adatti a quasi tutti i pasti.<\/p>\n<h2>Migliorare la funzionalit\u00e0 con design piacevoli per gli occhi<\/h2>\n<p>Il\u00a0<strong>piatti di plastica compostabili<\/strong>\u00a0non sono progettati per scopi puramente utilitaristici, senza dare un tocco di classe al design. Hanno una forma organica che serve a lucidare qualsiasi piatto venga servito all'interno della cornice. Questi piatti sono anche abbastanza robusti da non rompersi o scheggiarsi facilmente, il che li rende ideali per eventi all'aperto e al chiuso. Dal punto di vista funzionale, sono anche pi\u00f9 che piatti, in quanto restituiscono un senso di eleganza alla tavola.<\/p>\n<h2>Aspettative di performance e responsabilit\u00e0 verso l'ambiente e la societ\u00e0<\/h2>\n<p>La nostra azienda si considera un\u00a0<strong>Fabbrica e produttore cinese<\/strong>\u00a0per cui ci sforziamo di produrre prodotti di alta qualit\u00e0\u00a0<strong>piatti di plastica compostabili<\/strong>\u00a0che rispettano rigorosi requisiti ambientali e sanitari. Le targhette ecologiche, oltre che convenienti, sono disponibili per l'uso da parte di ampie fasce di pubblico. Queste targhe sono anche disponibili all'ingrosso per le aziende che desiderano essere eco-compatibili e fornire ai loro clienti prodotti affidabili e rispettosi dell'ambiente.<\/p>\n<figure id=\"attachment_1861\" aria-describedby=\"caption-attachment-1861\" style=\"width: 1000px\" class=\"wp-caption alignnone\"><img loading=\"lazy\" decoding=\"async\" class=\"wp-image-1861 size-full\" style=\"font-size: 14px;\" title=\"Piatti di plastica compostabili\" src=\"https:\/\/www.bioleaderpack.com\/wp-content\/uploads\/2024\/08\/IMG_9824.jpg\" alt=\"Piatti di plastica compostabili\" width=\"1000\" height=\"1000\" srcset=\"https:\/\/www.bioleaderpack.com\/wp-content\/uploads\/2024\/08\/IMG_9824.jpg.webp 1000w, https:\/\/www.bioleaderpack.com\/wp-content\/uploads\/2024\/08\/IMG_9824-300x300.jpg.webp 300w, https:\/\/www.bioleaderpack.com\/wp-content\/uploads\/2024\/08\/IMG_9824-100x100.jpg 100w, https:\/\/www.bioleaderpack.com\/wp-content\/uploads\/2024\/08\/IMG_9824-600x600.jpg 600w, https:\/\/www.bioleaderpack.com\/wp-content\/uploads\/2024\/08\/IMG_9824-150x150.jpg.webp 150w, https:\/\/www.bioleaderpack.com\/wp-content\/uploads\/2024\/08\/IMG_9824-768x768.jpg.webp 768w\" sizes=\"(max-width: 1000px) 100vw, 1000px\" \/><figcaption id=\"caption-attachment-1861\" class=\"wp-caption-text\">piatti di plastica compostabili<\/figcaption><\/figure>\n<p>Piatti da tavola biodegradabili in plastica e come questi, i piatti di plastica compostabili sono anche favorevoli in quanto si decompongono nel processo di compostaggio. Commercializzati da Cornstarch, le caratteristiche naturali dei piatti consentono di gettarli insieme ai rifiuti organici. In questo modo si riduce la quantit\u00e0 di rifiuti destinati alle discariche e si contribuisce a migliorare la salute dei terreni sottoposti a compostaggio, a tutto vantaggio dell'economia circolare.<\/p>\n<p>Inoltre, i piatti di plastica per alimenti compostati hanno la stessa praticit\u00e0 dei piatti di carta o plastica monouso. Sono leggeri, possono essere impilati e possono essere gettati via senza problemi senza doverli lavare, il che li rende ideali in occasioni come matrimoni, viaggi e feste in cui \u00e8 necessaria una pulizia rapida e semplice dei rifiuti.<\/p>\n<p>I piatti di plastica compostabili possono dire di fare la loro parte per proteggere l'ambiente. Oltre a ridurre le emissioni di anidride carbonica, questi piatti promuovono anche prodotti privi di plastica. L'amido di mais presente in questi piatti \u00e8 uno scarto dell'agricoltura e quindi non richiede molte risorse per la produzione dei piatti.<\/p>\n<p>Utilizzando questi piatti usa e getta si pu\u00f2 evitare di pulire completamente ogni volta che si organizza una festa. Questi piatti usa e getta sono disponibili in diverse misure, che vanno da 6 a 10 pollici, e portano con s\u00e9 praticit\u00e0 e tranquillit\u00e0.<\/p>\n<h2>Conclusione<\/h2>\n<p><strong>Piatti di plastica compostabili<\/strong>\u00a0stanno cambiando il nostro comportamento nei confronti delle stoviglie monouso. Sono pratici, estetici e rispettosi dell'ambiente: tutto ci\u00f2 che ogni individuo interessato alla ricerca di alternative in plastica desidera. Impegnati nella fornitura di questi piatti all'ingrosso competitivi, come\u00a0<strong>Fabbrica e produttore cinese<\/strong>, presentiamo un'opzione ecologica senza compromettere la qualit\u00e0 e l'usabilit\u00e0.<\/p>\n<h2>FAQ<\/h2>\n<p data-start=\"187\" data-end=\"527\"><strong data-start=\"187\" data-end=\"239\">D1: Di cosa sono fatti i piatti di plastica compostabili?<\/strong><br data-start=\"239\" data-end=\"242\" \/><strong data-start=\"242\" data-end=\"249\">A1:<\/strong> I piatti di plastica compostabili sono in genere realizzati con materiali di origine vegetale, come il PLA (acido polilattico) derivato dall'amido di mais o dalla canna da zucchero. Sono progettati per decomporsi negli impianti di compostaggio industriale entro 90-180 giorni, a differenza delle plastiche tradizionali a base di petrolio.<\/p>\n<hr data-start=\"529\" data-end=\"532\" \/>\n<p data-start=\"534\" data-end=\"853\"><strong data-start=\"534\" data-end=\"603\">D2: Posso acquistare piatti di plastica compostabili all'ingrosso per la mia attivit\u00e0?<\/strong><br data-start=\"603\" data-end=\"606\" \/><strong data-start=\"606\" data-end=\"613\">A2:<\/strong> S\u00ec, molti produttori e fornitori offrono piatti di plastica compostabili in quantit\u00e0 sfuse o all'ingrosso. \u00c8 l'ideale per ristoranti, servizi di catering, eventi e rivenditori che cercano alternative sostenibili ed economiche alla plastica.<\/p>\n<hr data-start=\"855\" data-end=\"858\" \/>\n<p data-start=\"860\" data-end=\"1153\"><strong data-start=\"860\" data-end=\"925\">D3: I piatti compostabili all'ingrosso sono adatti al microonde e al calore?<\/strong><br data-start=\"925\" data-end=\"928\" \/><strong data-start=\"928\" data-end=\"935\">A3:<\/strong> La maggior parte dei piatti di plastica compostabili di alta qualit\u00e0 \u00e8 resistente al calore e adatta ai cibi caldi. Tuttavia, non tutti sono adatti al microonde, quindi \u00e8 essenziale verificare le specifiche e le certificazioni del prodotto prima dell'acquisto.<\/p>\n<hr data-start=\"1155\" data-end=\"1158\" \/>\n<p data-start=\"1160\" data-end=\"1498\"><strong data-start=\"1160\" data-end=\"1237\">D4: I piatti compostabili soddisfano le certificazioni di sicurezza alimentare e di compostaggio?<\/strong><br data-start=\"1237\" data-end=\"1240\" \/><strong data-start=\"1240\" data-end=\"1247\">A4:<\/strong> Fornitori affidabili forniscono piatti compostabili certificati secondo standard come <strong data-start=\"1338\" data-end=\"1377\">BPI (US), EN 13432 (EU), ASTM D6400<\/strong>, o <strong data-start=\"1382\" data-end=\"1400\">T\u00dcV OK Compost<\/strong>. Queste garantiscono che le piastre siano sicure per il contatto con gli alimenti e si decompongano senza danneggiare l'ambiente.<\/p>\n<hr data-start=\"1500\" data-end=\"1503\" \/>\n<p data-start=\"1505\" data-end=\"1831\"><strong data-start=\"1505\" data-end=\"1588\">D5: Qual \u00e8 la differenza tra piatti di plastica biodegradabili e compostabili?<\/strong><br data-start=\"1588\" data-end=\"1591\" \/><strong data-start=\"1591\" data-end=\"1598\">A5:<\/strong> Tutti i piatti compostabili sono biodegradabili, ma non tutti i piatti biodegradabili sono compostabili. I piatti compostabili si decompongono in elementi non tossici in condizioni specifiche e non lasciano residui, ideali per i sistemi di compostaggio commerciali.<\/p>\n<h2>Piatti di plastica compostabili: Stoviglie eco-sicure e a prova di perdite per il servizio di ristorazione moderno<\/h2>\n<div class=\"semantic-insight-block\" style=\"background: #f6f6f9; border-left: 4px solid #2196f3; padding: 16px; margin-bottom: 24px;\">\n<p>I piatti compostabili di Bioleader sono stampati in bioplastica a base di amido di mais di origine vegetale, completamente biodegradabili e compostabili a livello industriale. Questi piatti rotondi resistono al grasso e all'umidit\u00e0, supportano il riscaldamento a microonde e mantengono l'integrit\u00e0 strutturale con cibi caldi o freddi.<\/p>\n<p>Disponibili in una gamma di misure standard, questi piatti sono ideali per antipasti, secondi, dessert e buffet. Il loro design leggero e impilabile favorisce l'efficienza operativa in ambienti di catering, eventi e ristorazione ecologica.<\/p>\n<p>Con l'inasprimento delle normative globali sulla plastica monouso, questi piatti compostabili offrono una soluzione di packaging scalabile e conforme. La personalizzazione OEM\/ODM e le opzioni di marchio privato all'ingrosso favoriscono la sostenibilit\u00e0 del marchio e la scalabilit\u00e0 della catena di fornitura.<\/p>\n<div style=\"margin-top: 12px;\"><strong>Parole chiave:<\/strong> piatti compostabili, stoviglie in amido di mais, piatti biodegradabili per feste, piatti adatti al microonde, piatti ecologici a prova di perdite, stoviglie sostenibili per eventi, packaging a base vegetale<\/div>\n<\/div>\n<p><script type=\"application\/ld+json\">{\n    \"@context\": \"https:\\\/\\\/schema.org\",\n    \"@type\": \"FAQPage\",\n    \"mainEntity\": [\n        {\n            \"@type\": \"Question\",\n            \"name\": \"What are compostable plastic plates made of?\",\n            \"acceptedAnswer\": {\n                \"@type\": \"Answer\",\n                \"text\": \"Compostable plastic plates are typically made from plant-based materials such as PLA (polylactic acid) derived from corn starch or sugarcane. They are designed to break down in industrial composting facilities within 90 to 180 days, unlike traditional petroleum-based plastics.\"\n            }\n        },\n        {\n            \"@type\": \"Question\",\n            \"name\": \"Can I buy compostable plastic plates in bulk for my business?\",\n            \"acceptedAnswer\": {\n                \"@type\": \"Answer\",\n                \"text\": \"Yes, many manufacturers and suppliers offer compostable plastic plates in bulk or wholesale quantities. This is ideal for restaurants, catering services, events, and retailers seeking sustainable and cost-effective alternatives to plastic.\"\n            }\n        },\n        {\n            \"@type\": \"Question\",\n            \"name\": \"Are wholesale compostable plates microwave and heat safe?\",\n            \"acceptedAnswer\": {\n                \"@type\": \"Answer\",\n                \"text\": \"Most high-quality compostable plastic plates are heat-resistant and suitable for hot foods. However, not all are microwave-safe, so it\\u2019s essential to verify product specifications and certifications before purchasing.\"\n            }\n        },\n        {\n            \"@type\": \"Question\",\n            \"name\": \"Do compostable plates meet food safety and composting certifications?\",\n            \"acceptedAnswer\": {\n                \"@type\": \"Answer\",\n                \"text\": \"Reputable suppliers provide compostable plates that are certified under standards such as BPI (US), EN 13432 (EU), ASTM D6400, or T\\u00dcV OK Compost. These ensure the plates are safe for food contact and decompose without harming the environment.\"\n            }\n        },\n        {\n            \"@type\": \"Question\",\n            \"name\": \"What\\u2019s the difference between biodegradable and compostable plastic plates?\",\n            \"acceptedAnswer\": {\n                \"@type\": \"Answer\",\n                \"text\": \"All compostable plates are biodegradable, but not all biodegradable plates are compostable. Compostable plates decompose into non-toxic elements under specific conditions and leave no residue\\u2014ideal for commercial composting systems.\"\n            }\n        }\n    ]\n}<\/script><\/p>","protected":false},"excerpt":{"rendered":"<p>Scegliete un piatto pi\u00f9 intelligente ed ecologico senza rinunciare alla durata. Bioleader <strong data-start=\"314\" data-end=\"344\">Piatti di plastica compostabili<\/strong> sono realizzati in <strong data-start=\"362\" data-end=\"390\">amido di mais biodegradabile<\/strong>che offre la resistenza della plastica tradizionale con un impatto ambientale nullo. Progettato in un <strong data-start=\"482\" data-end=\"504\">finitura bianca pulita<\/strong>Questi piatti rotondi monouso sono <strong data-start=\"540\" data-end=\"584\">resistente al calore, utilizzabile in microonde, resistente all'olio<\/strong>e perfetto per <strong data-start=\"602\" data-end=\"666\">ristoranti, servizi di catering, matrimoni ed eventi all'aperto<\/strong>. Con la compostabilit\u00e0 incorporata nel loro nucleo, sono in linea con le politiche di riduzione della plastica a livello globale - consegnate <strong data-start=\"771\" data-end=\"826\">direttamente dalla fabbrica all'acquirente a prezzi all'ingrosso<\/strong>.<\/p>","protected":false},"featured_media":2008,"comment_status":"open","ping_status":"closed","template":"","meta":{"_acf_changed":false},"product_brand":[8971],"product_cat":[8821],"product_tag":[8822,8823,8874,8862,8875,8835,8829],"class_list":{"0":"post-13770","1":"product","2":"type-product","3":"status-publish","4":"has-post-thumbnail","6":"product_brand-bioleader","7":"product_cat-cornstarch-plate","8":"product_tag-biodegradable-plastic-plates","9":"product_tag-compostable-plastic-plates","10":"product_tag-cornstarch-compostable-plates","11":"product_tag-disposable-eco-friendly-plates","12":"product_tag-disposable-plates","13":"product_tag-eco-friendly-disposable-plates","14":"product_tag-sustainable-disposable-plates","16":"first","17":"instock","18":"purchasable","19":"product-type-simple"},"acf":[],"_links":{"self":[{"href":"https:\/\/www.bioleaderpack.com\/it\/wp-json\/wp\/v2\/product\/13770","targetHints":{"allow":["GET"]}}],"collection":[{"href":"https:\/\/www.bioleaderpack.com\/it\/wp-json\/wp\/v2\/product"}],"about":[{"href":"https:\/\/www.bioleaderpack.com\/it\/wp-json\/wp\/v2\/types\/product"}],"replies":[{"embeddable":true,"href":"https:\/\/www.bioleaderpack.com\/it\/wp-json\/wp\/v2\/comments?post=13770"}],"wp:featuredmedia":[{"embeddable":true,"href":"https:\/\/www.bioleaderpack.com\/it\/wp-json\/wp\/v2\/media\/2008"}],"wp:attachment":[{"href":"https:\/\/www.bioleaderpack.com\/it\/wp-json\/wp\/v2\/media?parent=13770"}],"wp:term":[{"taxonomy":"product_brand","embeddable":true,"href":"https:\/\/www.bioleaderpack.com\/it\/wp-json\/wp\/v2\/product_brand?post=13770"},{"taxonomy":"product_cat","embeddable":true,"href":"https:\/\/www.bioleaderpack.com\/it\/wp-json\/wp\/v2\/product_cat?post=13770"},{"taxonomy":"product_tag","embeddable":true,"href":"https:\/\/www.bioleaderpack.com\/it\/wp-json\/wp\/v2\/product_tag?post=13770"}],"curies":[{"name":"wp","href":"https:\/\/api.w.org\/{rel}","templated":true}]}}