{"id":13589,"date":"2023-03-18T16:17:25","date_gmt":"2023-03-18T08:17:25","guid":{"rendered":"https:\/\/www.bioleaderpack.com\/de\/produkt\/einwegteller-mit-5-fachern-papier-mittagessentablett-mit-deckel\/"},"modified":"2026-04-24T16:55:35","modified_gmt":"2026-04-24T08:55:35","slug":"vassoio-per-il-pranzo-in-carta-monouso-a-5-scomparti-con-coperchio","status":"publish","type":"product","link":"https:\/\/www.bioleaderpack.com\/it\/prodotto\/vassoio-per-il-pranzo-in-carta-monouso-a-5-scomparti-con-coperchio\/","title":{"rendered":"Vassoio di carta per il pranzo monouso a 5 scomparti con coperchio"},"content":{"rendered":"<div class=\"adweb-template-19 adweb-table-container\">\n<div class=\"adweb-template-1\" style=\"text-align: center;\">\n<div class=\"adweb-template\">\n<div class=\"adweb-template-43\">\n<div class=\"adweb-flex-jc-sb adweb-text-align-c\">\n<div class=\"adweb-flex-item2 adweb-flex-item\">\n<div>\n<table style=\"border-collapse: collapse; width: 100%;\">\n<tbody>\n<tr>\n<td style=\"width: 50%;\"><img fetchpriority=\"high\" decoding=\"async\" class=\"\" title=\"Vassoio di carta per il pranzo a 5 scomparti monouso con coperchio\" src=\"https:\/\/www.bioleaderpack.com\/wp-content\/uploads\/2023\/03\/T0092_1679155804031.jpg\" alt=\"Vassoio di carta per il pranzo a 5 scomparti monouso con coperchio\" width=\"682\" height=\"689\" \/><\/td>\n<td style=\"width: 50%;\"><img decoding=\"async\" class=\"\" title=\"Vassoio di carta per il pranzo a 5 scomparti monouso con coperchio\" src=\"https:\/\/www.bioleaderpack.com\/wp-content\/uploads\/2023\/03\/T00912_1679155845462.jpg\" alt=\"Vassoio di carta per il pranzo a 5 scomparti monouso con coperchio\" width=\"689\" height=\"689\" \/><\/td>\n<\/tr>\n<tr>\n<td style=\"width: 50%;\"><img decoding=\"async\" class=\"\" title=\"Vassoio di carta per il pranzo a 5 scomparti monouso con coperchio\" src=\"https:\/\/www.bioleaderpack.com\/wp-content\/uploads\/2023\/03\/T0094_1679156065045.jpg\" alt=\"Vassoio di carta per il pranzo a 5 scomparti monouso con coperchio\" width=\"680\" height=\"680\" \/><\/td>\n<td style=\"width: 50%;\"><img loading=\"lazy\" decoding=\"async\" class=\"\" title=\"Vassoio di carta per il pranzo a 5 scomparti monouso con coperchio\" src=\"https:\/\/www.bioleaderpack.com\/wp-content\/uploads\/2023\/03\/T0095_1679155923560.jpg\" alt=\"Vassoio di carta per il pranzo a 5 scomparti monouso con coperchio\" width=\"689\" height=\"689\" \/><\/td>\n<\/tr>\n<\/tbody>\n<\/table>\n<\/div>\n<div style=\"text-align: left;\">\n<div class=\"micro-summary-card\" style=\"background: #f6f6f9; border-left: 4px solid #4caf50; padding: 12px; margin-bottom: 16px;\"><strong>Riepilogo rapido:<\/strong><br \/>\nLe vaschette per il pranzo in carta monouso Bioleader\u00ae a 5 scomparti con coperchio sono prodotte con bagassa di canna da zucchero, prive di PFAS e certificate compostabili. Ideali per le scuole, le mense e le consegne di pasti, offrono un servizio sicuro, organizzato e sostenibile.<\/div>\n<\/div>\n<\/div>\n<\/div>\n<\/div>\n<\/div>\n<\/div>\n<\/div>\n<h2>Introduzione<\/h2>\n<p>Man mano che il mondo diventa pi\u00f9 consapevole dell'impatto che ha sull'ambiente, aumenta anche la necessit\u00e0 di soluzioni di imballaggio alimentare sostenibili, pratiche ed efficienti. Presentiamo il nostro<strong> Piatti a 5 scomparti in bagassa<\/strong>\u00a0e\u00a0<strong>Vassoio di carta per il pranzo<\/strong>\u00a0con il coperchio, cercando di fare del nostro meglio per affrontare i vari aspetti della moderna industria della ristorazione con una certa enfasi sull'ambiente. Questi\u00a0<strong>Vassoi per il pranzo a 5 scomparti<\/strong>\u00a0sono fatti di bagassa di canna da zucchero, un'opzione molto pi\u00f9 ecologica e sostenibile rispetto alle vaschette di plastica o di polistirolo.<\/p>\n<h2>Materiali e sostenibilit\u00e0<\/h2>\n<p>Il nostro\u00a0<strong>Piatti a 5 scomparti<\/strong>\u00a0e\u00a0<strong>Vassoio di carta per il pranzo<\/strong>\u00a0\u00e8 fatto di\u00a0<strong>bagassa di canna da zucchero<\/strong>che \u00e8 una fonte rinnovabile. Questo materiale viene estratto dalla produzione di zucchero ed \u00e8 quindi idealmente sensibile all'ambiente, pur essendo orientato alle prestazioni. Il\u00a0<strong>Vassoio a 5 scomparti<\/strong>\u00a0fa in modo che i diversi alimenti vengano forniti con un'adeguata separazione, senza combinazioni, rendendo pi\u00f9 appropriato il servizio di menu equilibrati. Questi <strong>Piatti a 5 scomparti<\/strong>\u00a0possono essere costituiti da materiali che non inquinano l'ambiente, in quanto completamente compostabili e biodegradabili, favorendo cos\u00ec il ripristino delle regioni in cui opera la vostra azienda e la valorizzazione di un ambiente sano.<\/p>\n<table style=\"border-collapse: collapse; width: 100%;\">\n<tbody>\n<tr>\n<td style=\"width: 50%;\"><img loading=\"lazy\" decoding=\"async\" class=\"wp-image-1317 alignleft\" title=\"Vassoio di carta per il pranzo a 5 scomparti monouso con coperchio\" src=\"https:\/\/www.bioleaderpack.com\/wp-content\/uploads\/2023\/03\/T009-3-1024x1024-1.jpg\" alt=\"Vassoio di carta per il pranzo a 5 scomparti monouso con coperchio\" width=\"686\" height=\"686\" srcset=\"https:\/\/www.bioleaderpack.com\/wp-content\/uploads\/2023\/03\/T009-3-1024x1024-1.jpg.webp 1024w, https:\/\/www.bioleaderpack.com\/wp-content\/uploads\/2023\/03\/T009-3-1024x1024-1-300x300.jpg.webp 300w, https:\/\/www.bioleaderpack.com\/wp-content\/uploads\/2023\/03\/T009-3-1024x1024-1-100x100.jpg 100w, https:\/\/www.bioleaderpack.com\/wp-content\/uploads\/2023\/03\/T009-3-1024x1024-1-600x600.jpg 600w, https:\/\/www.bioleaderpack.com\/wp-content\/uploads\/2023\/03\/T009-3-1024x1024-1-150x150.jpg.webp 150w, https:\/\/www.bioleaderpack.com\/wp-content\/uploads\/2023\/03\/T009-3-1024x1024-1-768x768.jpg.webp 768w\" sizes=\"(max-width: 686px) 100vw, 686px\" \/><\/td>\n<td style=\"width: 50%;\"><img loading=\"lazy\" decoding=\"async\" class=\"wp-image-1315\" title=\"Vassoio di carta per il pranzo a 5 scomparti monouso con coperchio\" src=\"https:\/\/www.bioleaderpack.com\/wp-content\/uploads\/2023\/03\/T009-1-scaled-1.jpg\" alt=\"Vassoio di carta per il pranzo a 5 scomparti monouso con coperchio\" width=\"680\" height=\"680\" srcset=\"https:\/\/www.bioleaderpack.com\/wp-content\/uploads\/2023\/03\/T009-1-scaled-1.jpg.webp 2560w, https:\/\/www.bioleaderpack.com\/wp-content\/uploads\/2023\/03\/T009-1-scaled-1-300x300.jpg.webp 300w, https:\/\/www.bioleaderpack.com\/wp-content\/uploads\/2023\/03\/T009-1-scaled-1-100x100.jpg 100w, https:\/\/www.bioleaderpack.com\/wp-content\/uploads\/2023\/03\/T009-1-scaled-1-600x600.jpg 600w, https:\/\/www.bioleaderpack.com\/wp-content\/uploads\/2023\/03\/T009-1-scaled-1-1024x1024.jpg.webp 1024w, https:\/\/www.bioleaderpack.com\/wp-content\/uploads\/2023\/03\/T009-1-scaled-1-150x150.jpg.webp 150w, https:\/\/www.bioleaderpack.com\/wp-content\/uploads\/2023\/03\/T009-1-scaled-1-768x768.jpg.webp 768w, https:\/\/www.bioleaderpack.com\/wp-content\/uploads\/2023\/03\/T009-1-scaled-1-1536x1536.jpg.webp 1536w, https:\/\/www.bioleaderpack.com\/wp-content\/uploads\/2023\/03\/T009-1-scaled-1-2048x2048.jpg.webp 2048w\" sizes=\"(max-width: 680px) 100vw, 680px\" \/><\/td>\n<\/tr>\n<\/tbody>\n<\/table>\n<div class=\"adweb-template\">\n<div class=\"adweb-template-43\">\n<div class=\"adweb-flex-jc-sb adweb-text-align-c\">\n<div class=\"adweb-flex-item2 adweb-flex-item\"><\/div>\n<\/div>\n<\/div>\n<\/div>\n<h2>Caratteristiche e vantaggi<\/h2>\n<ul>\n<li>\n<h4>Materiale ecologico<\/h4>\n<\/li>\n<\/ul>\n<p>Impieghiamo la bagassa di canna da zucchero per la produzione dei nostri\u00a0<strong>Piatti a 5 scomparti<\/strong>\u00a0presenta un'opzione ecologica nell'uso e nello smaltimento delle vaschette. Si tratta di un prodotto riciclabile, compostabile e biodegradabile che soddisfa i consumatori e le aziende che rispettano l'ambiente.<\/p>\n<ul>\n<li>\n<h4>100% Biodegradabile e compostabile<\/h4>\n<\/li>\n<\/ul>\n<p>I piatti si staccano naturalmente in un sito di compostaggio, senza generare detriti che contribuirebbero ai rifiuti in discarica. Questo sceglie il nostro\u00a0<strong>Vassoio per il pranzo a 5 scomparti<\/strong>\u00a0un'idea sensata per i fornitori di servizi alimentari che desiderano diventare pi\u00f9 rispettosi dell'ambiente.<\/p>\n<ul>\n<li>\n<h4>Durevole e robusto<\/h4>\n<\/li>\n<\/ul>\n<p>Il\u00a0<strong>Vassoio di carta per il pranzo<\/strong>\u00a0\u00e8 piuttosto leggero ma abbastanza resistente. A causa della forma del\u00a0<strong>Vassoio a 5 scomparti<\/strong>\u00c8 in grado di contenere diversi tipi di alimenti senza che questi si rovescino e la maggior parte di essi contiene molti componenti alimentari.<\/p>\n<ul>\n<li>\n<h4>Sicuro per l'uso alimentare<\/h4>\n<\/li>\n<\/ul>\n<p>Questi\u00a0<strong>Piatti a 5 scomparti<\/strong>\u00a0mirano a soddisfare i requisiti di sicurezza alimentare. Non contengono sostanze pericolose e possono essere utilizzati per alimenti caldi o freddi, il che significa che serviamo i pasti in modo sicuro e protetto.<\/p>\n<ul>\n<li>\n<h4>Applicazioni versatili<\/h4>\n<\/li>\n<\/ul>\n<p>Senza dubbio, i piatti possono essere utilizzati per l'asporto, nei ristoranti, nei supermercati, nei servizi di consegna di cibo e in qualsiasi altro luogo. Il design dei piatti\u00a0<strong>Vassoio per il pranzo a 5 scomparti<\/strong>\u00a0permette di servire comodamente porzioni diverse di pasti, aggiungendo cos\u00ec flessibilit\u00e0 a qualsiasi attivit\u00e0 di ristorazione.<\/p>\n<table style=\"border-collapse: collapse; width: 100%;\">\n<tbody>\n<tr>\n<td style=\"width: 50%;\"><img loading=\"lazy\" decoding=\"async\" class=\"\" style=\"border-style: none; max-width: 100%; border-radius: 0px; box-shadow: none;\" title=\"Vassoio di carta per il pranzo a 5 scomparti monouso con coperchio\" src=\"https:\/\/www.bioleaderpack.com\/wp-content\/uploads\/2023\/03\/T0093_1679156026079.jpg\" alt=\"Vassoio di carta per il pranzo a 5 scomparti monouso con coperchio\" width=\"682\" height=\"682\" \/><\/td>\n<td style=\"width: 50%;\"><img loading=\"lazy\" decoding=\"async\" class=\"\" style=\"border-style: none; max-width: 100%; border-radius: 0px; box-shadow: none;\" title=\"Vassoio di carta per il pranzo a 5 scomparti monouso con coperchio\" src=\"https:\/\/www.bioleaderpack.com\/wp-content\/uploads\/2023\/03\/T009bense3_1679155996309.jpg\" alt=\"Vassoio di carta per il pranzo a 5 scomparti monouso con coperchio\" width=\"718\" height=\"718\" \/><\/td>\n<\/tr>\n<\/tbody>\n<\/table>\n<p>&nbsp;<\/p>\n<h2>Scenari d'uso<\/h2>\n<p>Il nostro\u00a0<strong>Piatti a 5 scomparti<\/strong>\u00a0sarebbero utili, soprattutto per le aziende che necessitano di soluzioni efficaci, sicure ed ecologiche per il confezionamento degli alimenti. Questi piatti sono ideali anche per i ristoranti che servono pasti completi, poich\u00e9 ogni componente del cibo non entra in contatto con l'altro. Per le operazioni di asporto e consegna di cibo, c'\u00e8 il\u00a0<strong>Vassoio di carta per il pranzo<\/strong>\u00a0con un coperchio che funge da copertura per evitare che si rovescino durante il trasporto o la miscelazione dei pasti. Anche i supermercati potranno utilizzare queste\u00a0<strong>Vassoi per il pranzo a 5 scomparti<\/strong>\u00a0di vendere pasti preconfezionati che renderanno pi\u00f9 facile e sicura la vita dei clienti che desiderano mangiare in viaggio.<\/p>\n<h2>Processo di produzione<\/h2>\n<p>Le vaschette per il pranzo a 5 scomparti con coperchio sono realizzate con i pi\u00f9 moderni metodi di\u00a0<a href=\"https:\/\/www.bioleaderpack.com\/it\/sullo-stampaggio-della-pasta\/\" target=\"_blank\"><strong>stampaggio della pasta di carta<\/strong><\/a>\u00a0tecnologia. La pasta di bagassa di canna da zucchero viene prima trasformata nella forma necessaria del vassoio e poi confezionata all'interno. Con questo approccio, la qualit\u00e0 e la resistenza vengono mantenute grazie all'uso di tecniche controllate. Questo metodo non \u00e8 solo economico, ma anche ecologico, in quanto prevede l'uso di una materia prima rinnovabile e riduce al minimo gli sprechi.<\/p>\n<figure id=\"attachment_1319\" aria-describedby=\"caption-attachment-1319\" style=\"width: 1024px\" class=\"wp-caption alignnone\"><img loading=\"lazy\" decoding=\"async\" class=\"wp-image-1319 size-large\" title=\"Vassoio di carta per il pranzo a 5 scomparti monouso con coperchio\" src=\"https:\/\/www.bioleaderpack.com\/wp-content\/uploads\/2023\/03\/T009-6-1024x1024.jpg\" alt=\"Vassoio di carta per il pranzo a 5 scomparti monouso con coperchio\" width=\"1024\" height=\"1024\" srcset=\"https:\/\/www.bioleaderpack.com\/wp-content\/uploads\/2023\/03\/T009-6-1024x1024.jpg.webp 1024w, https:\/\/www.bioleaderpack.com\/wp-content\/uploads\/2023\/03\/T009-6-300x300.jpg.webp 300w, https:\/\/www.bioleaderpack.com\/wp-content\/uploads\/2023\/03\/T009-6-100x100.jpg 100w, https:\/\/www.bioleaderpack.com\/wp-content\/uploads\/2023\/03\/T009-6-600x600.jpg 600w, https:\/\/www.bioleaderpack.com\/wp-content\/uploads\/2023\/03\/T009-6-150x150.jpg.webp 150w, https:\/\/www.bioleaderpack.com\/wp-content\/uploads\/2023\/03\/T009-6-768x768.jpg.webp 768w, https:\/\/www.bioleaderpack.com\/wp-content\/uploads\/2023\/03\/T009-6-1536x1536.jpg.webp 1536w, https:\/\/www.bioleaderpack.com\/wp-content\/uploads\/2023\/03\/T009-6.jpg.webp 2000w\" sizes=\"(max-width: 1024px) 100vw, 1024px\" \/><figcaption id=\"caption-attachment-1319\" class=\"wp-caption-text\">Piastre a 5 scomparti<\/figcaption><\/figure>\n<h2>Conclusione<\/h2>\n<p>Mentre cerchiamo decisori in materia di gestione dei rifiuti alimentari alla ricerca dell&#039;imballaggio alimentare pi\u00f9 efficiente per i loro prodotti, il nostro <a href=\"https:\/\/www.bioleaderpack.com\/it\/perche-le-scuole-devono-sostituire-immediatamente-le-vaschette-monouso-per-la-refezione-scolastica\/\" target=\"_blank\" rel=\"noopener\" data-wpil-monitor-id=\"280\">Piatti monouso a 5 scomparti e vassoio di carta per il pranzo<\/a> con copertura si adattano perfettamente agli aspetti prestazionali. Costruiti in bagassa di canna da zucchero, quindi\u00a0<strong>Vassoi per il pranzo a 5 scomparti<\/strong>\u00a0un buon equilibrio tra funzionalit\u00e0 e attenzione all'ambiente. Investendo in vaschette a 5 scomparti, le organizzazioni commerciali possono servire i propri clienti con la totale garanzia del massimo livello di qualit\u00e0, sicurezza e sostenibilit\u00e0. Che si tratti di ristoranti, take away, supermercati o servizi di catering, questi vassoi rappresentano una soluzione flessibile ed economica per tutte le esigenze di confezionamento degli alimenti.<\/p>\n<p><strong>FAQ<\/strong><\/p>\n<h4 data-start=\"126\" data-end=\"184\">1. A cosa servono le piastre monouso a 5 scomparti?<\/h4>\n<p data-start=\"186\" data-end=\"425\">I piatti monouso a 5 scomparti sono comunemente utilizzati per la preparazione dei pasti, i pranzi scolastici, i servizi di ristorazione ospedaliera e i pasti da asporto. Gli scomparti aiutano a separare i diversi alimenti, evitando che i sapori si mescolino e garantendo una presentazione organizzata.<\/p>\n<h4 data-start=\"427\" data-end=\"488\">2. I vassoi di carta per il pranzo con scomparti sono ecologici?<\/h4>\n<p data-start=\"490\" data-end=\"684\">S\u00ec, i vassoi di carta per il pranzo a 5 scomparti di alta qualit\u00e0 sono in genere realizzati con materiali biodegradabili, come la canna da zucchero o la fibra stampata, che li rendono compostabili e sicuri per l'ambiente.<\/p>\n<h4 data-start=\"686\" data-end=\"736\">3. Questi vassoi a scomparti possono essere utilizzati nel microonde?<\/h4>\n<p data-start=\"738\" data-end=\"925\">La maggior parte delle vaschette compostabili a base di bagassa sono adatte al microonde e sono in grado di riscaldare gli alimenti senza deformarsi o fuoriuscire. Verificare sempre le specifiche del prodotto per averne conferma.<\/p>\n<h4 data-start=\"927\" data-end=\"980\">4. Le vaschette sono dotate di coperchio per l'uso da asporto?<\/h4>\n<p data-start=\"982\" data-end=\"1163\">S\u00ec, molte vaschette monouso per il pranzo a 5 scomparti sono dotate di coperchi coordinati, trasparenti o in fibra, per una chiusura sicura, che le rende ideali per le esigenze di asporto, consegna o confezionamento dei pasti.<\/p>\n<h4 data-start=\"1165\" data-end=\"1231\">5. I vassoi di carta a 5 scomparti sono abbastanza resistenti per i pasti caldi?<\/h4>\n<p data-start=\"1233\" data-end=\"1404\">Assolutamente. Questi vassoi sono progettati per gestire cibi caldi, oleosi o saporiti senza che si impregnino, il che li rende perfetti sia per i servizi di ristorazione informale che per quelli commerciali.<\/p>\n<div class=\"packaging-insight-card\" style=\"background: #f6f6f9; border-left: 4px solid #2196f3; padding: 16px; margin-bottom: 24px;\">\n<h2>Approfondimento sul packaging: Perch\u00e9 i vassoi di carta per il pranzo a 5 scomparti Bioleader\u00ae sono il punto di riferimento per pasti organizzati ed ecologici<\/h2>\n<p>Le vaschette per il pranzo in carta monouso a 5 scomparti con coperchio Bioleader\u00ae sono progettate per un servizio pasti organizzato, sicuro e sostenibile. Prodotte a partire da bagassa di canna da zucchero rinnovabile 100%, queste vaschette sono prive di PFAS, di plastica e certificate compostabili, garantendo la sicurezza alimentare e la conformit\u00e0 ambientale per scuole, mense e programmi di ristorazione istituzionali.<\/p>\n<p>Il design a cinque scomparti consente di mantenere separati e presentabili gli antipasti, i contorni e i dessert, mentre il coperchio sicuro mantiene la freschezza per l'asporto o la consegna. La struttura robusta e la resistenza ai grassi li rendono adatti a cibi caldi o freddi in ambienti diversi.<\/p>\n<p>Certificate secondo le norme EN13432 e ASTM D6400, le vaschette Bioleader\u00ae sono conformi agli standard globali in materia di imballaggi compostabili e facilitano l'esportazione in regioni in cui vige un rigido divieto di utilizzo della plastica monouso.<\/p>\n<div style=\"margin: 12px 0;\"><strong>Opzione per scuole, ospedali e programmi di ristorazione:<\/strong><br \/>\n\u00c8 possibile scegliere tra confezioni sfuse, scomparti di varie dimensioni e opzioni OEM\/private label per la personalizzazione del marchio e l'approvvigionamento su larga scala.<\/div>\n<div style=\"margin: 12px 0;\"><strong>Considerazione per i team di approvvigionamento e di conformit\u00e0:<\/strong><br \/>\nPer le gare d'appalto del settore pubblico e gli obiettivi ESG, privilegiate i vassoi con certificazione di compostabilit\u00e0 indipendente, materiale sicuro per gli alimenti e privo di PFAS e fornitura stabile da parte di un produttore tracciabile come Bioleader\u00ae.<\/div>\n<p><strong>Tendenza del settore:<\/strong><br \/>\nLe vaschette multicomparto compostabili sono ormai uno standard per la consegna di pasti moderni e organizzati nei settori dell'istruzione, della sanit\u00e0 e della ristorazione istituzionale, in risposta al cambiamento globale verso l'eliminazione dei rifiuti e della plastica.<\/p>\n<div style=\"margin-top: 8px;\"><strong>Parole chiave:<\/strong><br \/>\nPiatti a 5 scomparti, vassoio per il pranzo in carta monouso, vassoio in canna da zucchero, vassoio per il pasto compostabile, vassoio per la scuola senza PFAS, fabbrica di vassoi in bagassa, produttore di vassoi in carta<\/div>\n<\/div>\n<p><script type=\"application\/ld+json\">{\n    \"@context\": \"https:\\\/\\\/schema.org\",\n    \"@type\": \"FAQPage\",\n    \"mainEntity\": [\n        {\n            \"@type\": \"Question\",\n            \"name\": \"What are disposable 5 compartment plates used for?\",\n            \"acceptedAnswer\": {\n                \"@type\": \"Answer\",\n                \"text\": \"Disposable 5 compartment plates are commonly used for meal prep, school lunches, hospital food services, and takeaway meals. The compartments help separate different food items, preventing flavor mixing and ensuring organized presentation.\"\n            }\n        },\n        {\n            \"@type\": \"Question\",\n            \"name\": \"Are paper lunch trays with compartments eco-friendly?\",\n            \"acceptedAnswer\": {\n                \"@type\": \"Answer\",\n                \"text\": \"Yes, high-quality 5 compartment paper lunch trays are typically made from biodegradable materials such as sugarcane bagasse or molded fiber, making them compostable and safe for the environment.\"\n            }\n        },\n        {\n            \"@type\": \"Question\",\n            \"name\": \"Can these compartment trays be microwaved?\",\n            \"acceptedAnswer\": {\n                \"@type\": \"Answer\",\n                \"text\": \"Most compostable compartment trays made from bagasse are microwave-safe and can handle reheating food without warping or leaking. Always check the product specifications for confirmation.\"\n            }\n        },\n        {\n            \"@type\": \"Question\",\n            \"name\": \"Do the trays come with lids for takeaway use?\",\n            \"acceptedAnswer\": {\n                \"@type\": \"Answer\",\n                \"text\": \"Yes, many disposable 5 compartment lunch trays include matching lids\\u2014either clear or fiber-based\\u2014for secure closure, making them ideal for takeaway, delivery, or meal packing needs.\"\n            }\n        },\n        {\n            \"@type\": \"Question\",\n            \"name\": \"Are 5 compartment paper trays strong enough for hot meals?\",\n            \"acceptedAnswer\": {\n                \"@type\": \"Answer\",\n                \"text\": \"Absolutely. These trays are designed to handle hot, oily, or saucy foods without soaking through, making them perfect for both casual and commercial food service settings.\"\n            }\n        }\n    ]\n}<\/script><\/p>","protected":false},"excerpt":{"rendered":"<p data-start=\"166\" data-end=\"772\">Siete alla ricerca di una soluzione comoda ed ecologica per la preparazione dei pasti, per i pasti da asporto o per i pranzi scolastici? I contenitori monouso Bioleader\u00ae sono <strong>Vaschette per il pranzo a 5 scomparti con coperchio<\/strong> sono realizzate in materiale biodegradabile di bagassa, offrendo un'alternativa sostenibile alla plastica. Progettati con cinque sezioni per alimenti e un coperchio coordinato, questi vassoi sono resistenti al calore, a prova di perdite, utilizzabili in microonde e impilabili, perfetti per mense, catering, pasti in stile bento e servizi di ristorazione istituzionali. Ideali per gli acquirenti all'ingrosso alla ricerca di vassoi per il pranzo in carta compostabile che garantiscano funzionalit\u00e0, durata e sostenibilit\u00e0 a un costo competitivo.<\/p>","protected":false},"featured_media":17943,"comment_status":"open","ping_status":"closed","template":"","meta":{"_acf_changed":false},"product_brand":[8971],"product_cat":[7149,7148],"product_tag":[6989,6990,6448,6449,6450,6991,6992,6994,6995,6453,6999,7000],"class_list":{"0":"post-13589","1":"product","2":"type-product","3":"status-publish","4":"has-post-thumbnail","6":"product_brand-bioleader","7":"product_cat-bagasse-plates","8":"product_cat-bagasse-tray","9":"product_tag-5-compartment-disposable-plates","10":"product_tag-5-compartment-disposable-plates-with-lids","11":"product_tag-5-compartment-food-trays","12":"product_tag-5-compartment-lunch-trays","13":"product_tag-5-compartment-meal-tray","14":"product_tag-5-compartment-paper-plates","15":"product_tag-5-compartment-plates","16":"product_tag-5-compartment-plates-with-lids","17":"product_tag-5-compartment-tray","18":"product_tag-5-compartment-tray-with-lid","19":"product_tag-biodegradable-5-compartment-plates","20":"product_tag-biodegradable-5-compartment-trays","22":"first","23":"instock","24":"purchasable","25":"product-type-simple"},"acf":[],"_links":{"self":[{"href":"https:\/\/www.bioleaderpack.com\/it\/wp-json\/wp\/v2\/product\/13589","targetHints":{"allow":["GET"]}}],"collection":[{"href":"https:\/\/www.bioleaderpack.com\/it\/wp-json\/wp\/v2\/product"}],"about":[{"href":"https:\/\/www.bioleaderpack.com\/it\/wp-json\/wp\/v2\/types\/product"}],"replies":[{"embeddable":true,"href":"https:\/\/www.bioleaderpack.com\/it\/wp-json\/wp\/v2\/comments?post=13589"}],"wp:featuredmedia":[{"embeddable":true,"href":"https:\/\/www.bioleaderpack.com\/it\/wp-json\/wp\/v2\/media\/17943"}],"wp:attachment":[{"href":"https:\/\/www.bioleaderpack.com\/it\/wp-json\/wp\/v2\/media?parent=13589"}],"wp:term":[{"taxonomy":"product_brand","embeddable":true,"href":"https:\/\/www.bioleaderpack.com\/it\/wp-json\/wp\/v2\/product_brand?post=13589"},{"taxonomy":"product_cat","embeddable":true,"href":"https:\/\/www.bioleaderpack.com\/it\/wp-json\/wp\/v2\/product_cat?post=13589"},{"taxonomy":"product_tag","embeddable":true,"href":"https:\/\/www.bioleaderpack.com\/it\/wp-json\/wp\/v2\/product_tag?post=13589"}],"curies":[{"name":"wp","href":"https:\/\/api.w.org\/{rel}","templated":true}]}}