{"id":13567,"date":"2023-03-07T15:09:35","date_gmt":"2023-03-07T07:09:35","guid":{"rendered":"https:\/\/www.bioleaderpack.com\/product\/biodegradable-salad-containers-bowls\/"},"modified":"2026-04-30T13:52:24","modified_gmt":"2026-04-30T05:52:24","slug":"contenitori-per-insalata-biodegradabili-ciotole","status":"publish","type":"product","link":"https:\/\/www.bioleaderpack.com\/it\/prodotto\/contenitori-per-insalata-biodegradabili-ciotole\/","title":{"rendered":"Contenitori e ciotole per insalata biodegradabili"},"content":{"rendered":"<div class=\"adweb-template-19 adweb-table-container\">\n<table style=\"border-collapse: collapse; width: 100%; height: 72px;\">\n<tbody>\n<tr style=\"height: 24px;\">\n<td style=\"width: 50%; height: 24px;\"><img fetchpriority=\"high\" decoding=\"async\" class=\"\" src=\"https:\/\/www.bioleaderpack.com\/wp-content\/uploads\/2023\/03\/L012Size_1678201580462-2.jpg\" alt=\"ciotola in bagassa quadrata\" width=\"527\" height=\"527\" \/><\/td>\n<td style=\"width: 50%; height: 24px;\"><img decoding=\"async\" class=\"\" src=\"https:\/\/www.bioleaderpack.com\/wp-content\/uploads\/2023\/03\/L0121_1678201606959.jpg\" alt=\"ciotola monouso in bagassa quadrata \" width=\"559\" height=\"559\" \/><\/td>\n<\/tr>\n<tr style=\"height: 24px;\">\n<td style=\"width: 50%; height: 24px;\"><img decoding=\"async\" class=\"\" src=\"https:\/\/www.bioleaderpack.com\/wp-content\/uploads\/2023\/03\/0123_1678201648202-1.jpg\" alt=\"insalatiera quadrata in bagassa\" width=\"534\" height=\"534\" \/><\/td>\n<td style=\"width: 50%; height: 24px;\"><img loading=\"lazy\" decoding=\"async\" class=\"\" src=\"https:\/\/www.bioleaderpack.com\/wp-content\/uploads\/2023\/03\/0132_1678199512540.jpg\" alt=\"ciotola biodegradabile in canna da zucchero quadrata\" width=\"562\" height=\"562\" \/><\/td>\n<\/tr>\n<tr style=\"height: 24px;\">\n<td style=\"width: 50%; height: 24px;\"><img loading=\"lazy\" decoding=\"async\" class=\"\" src=\"https:\/\/www.bioleaderpack.com\/wp-content\/uploads\/2023\/03\/L012White_1678199554665-2.jpg\" alt=\"ciotola quadrata canna da zucchero bianco\" width=\"545\" height=\"545\" \/><\/p>\n<p style=\"text-align: center;\">Colore: <strong>Bianco\u00a0<\/strong><\/p>\n<\/td>\n<td style=\"width: 50%; height: 24px;\"><img loading=\"lazy\" decoding=\"async\" class=\"\" src=\"https:\/\/www.bioleaderpack.com\/wp-content\/uploads\/2023\/03\/L012Nature1_1678199587376-2.jpg\" alt=\"ciotola quadrata in canna da zucchero natura\" width=\"591\" height=\"591\" \/><\/p>\n<p style=\"text-align: center;\">\u00a0Colore: <strong>Natura Marrone<\/strong><\/p>\n<\/td>\n<\/tr>\n<\/tbody>\n<\/table>\n<h2>Insalatiere quadrate compostabili - ecologiche e a prova di perdite<\/h2>\n<p><!-- Micro Summary Card for AI\/SGE --><\/p>\n<div class=\"micro-summary-card\" style=\"background: #f6f6f9; border-left: 4px solid #4caf50; padding: 12px; margin-bottom: 16px;\"><strong>Riepilogo rapido:<\/strong> Le insalatiere quadrate compostabili con coperchio di Bioleader sono realizzate con fibre vegetali rinnovabili, prive di PFAS e sicure per gli alimenti. L'innovativo design quadrato, la struttura resistente alle perdite e i coperchi sicuri le rendono ideali per insalate, kit di pasti e take away ecologici. Perfetti per i ristoranti e i marchi di ristorazione che cercano un packaging ecologico e ad alte prestazioni.<\/div>\n<p>Sostenibilit\u00e0 e riciclaggio non sono solo parole, ma Responsabilit\u00e0 Sociale d'Impresa, <a href=\"https:\/\/www.bioleaderpack.com\/it\/ciotole-da-asporto-con-coperchi-bioleader-produttore-fabbrica-allingrosso\/\" target=\"_blank\" rel=\"noopener\" data-wpil-monitor-id=\"2941\">contenitori per insalata biodegradabili<\/a> sembrano conquistare quasi tutti, sia i consumatori che le aziende. Man mano che l'informazione sull'ambiente si diffonde nella societ\u00e0, l'aumento del consumo di prodotti biocompatibili, come le ciotole biodegradabili, \u00e8 stato immenso. Questo articolo si concentra sulle specifiche, sull'usabilit\u00e0 e sugli aspetti di marketing dei contenitori biodegradabili, con particolare riguardo agli attributi che li rendono il futuro dei pasti ecologici fuori casa, compreso il motivo per cui sono considerati il futuro.<\/p>\n<h2>Innovazione del materiale: Bagassa di canna da zucchero<\/h2>\n<p>Una delle materie prime utilizzate per produrre queste insalatiere biodegradabili \u00e8 lo scarto della lavorazione della canna da zucchero, chiamato bagassa di canna. La plastica o qualsiasi altra risorsa non biodegradabile non pu\u00f2 essere sostituita, quindi quando \u00e8 finita, \u00e8 finita. La bagassa di canna da zucchero \u00e8 un materiale plastico ecologico, che non richiede produzione o smaltimento come gli altri articoli. L'utilizzo di questo materiale incorporer\u00e0 elementi Volvo nella produzione di contenitori per insalata biodegradabili.<\/p>\n<p>&nbsp;<\/p>\n<table style=\"border-collapse: collapse; width: 100%;\">\n<tbody>\n<tr>\n<td style=\"width: 50%;\"><img loading=\"lazy\" decoding=\"async\" class=\"\" src=\"https:\/\/www.bioleaderpack.com\/wp-content\/uploads\/2023\/03\/L013NatureFlatLid_1678199821434-2-scaled.jpg\" alt=\"ciotola in canna da zucchero con coperchio in PET\" width=\"590\" height=\"590\" \/><\/p>\n<p style=\"text-align: center;\"><strong>Coperchio piatto in PET<\/strong><\/p>\n<\/td>\n<td style=\"width: 50%;\"><img loading=\"lazy\" decoding=\"async\" class=\"\" src=\"https:\/\/www.bioleaderpack.com\/wp-content\/uploads\/2023\/03\/L013NatureDomeLid_1678199848126-1.jpg\" alt=\"ciotola in canna da zucchero con coperchio in plastica\" width=\"576\" height=\"576\" \/><\/p>\n<p style=\"text-align: center;\"><strong>Coperchio a cupola in PET<\/strong><\/p>\n<\/td>\n<\/tr>\n<\/tbody>\n<\/table>\n<p>&nbsp;<\/p>\n<h2>Tecniche di produzione avanzate: <a href=\"https:\/\/www.bioleaderpack.com\/it\/che-cose-il-processo-di-stampaggio-della-polpa-di-cellulosa-per-imballaggio\/\" target=\"_blank\">Stampaggio della pasta di carta<\/a><\/h2>\n<p>Il nostro\u00a0<strong>confezione di insalata biodegradabile<\/strong>\u00a0\u00e8 stata progettata con le pi\u00f9 recenti tecnologie di\u00a0<strong>stampaggio della pasta di carta<\/strong> tecnologia. In questo processo, la bagassa della canna da zucchero viene trasformata in una pasta che pu\u00f2 essere modellata in varie forme e dimensioni per produrre\u00a0<strong>ciotole biodegradabili<\/strong>. Questa tecnica consente anche di\u00a0<strong>insalatiera biodegradabile<\/strong> prodotti che devono essere rigidi ed ergonomici, per poter affrontare non solo le insalate, ma anche altri alimenti come le zuppe e i noodles.<\/p>\n<h2>Caratteristiche e vantaggi principali<\/h2>\n<h3>1. Utilizzo di materiali ecologici: Ciotola ecologica compostabile<\/h3>\n<p>Il pi\u00f9 grande vantaggio di questi coprivaschette in plastica \u00e8 l'impatto ambientale. Queste ciotole sono interamente compostabili, ovvero tutti i materiali utilizzati per realizzare l'imballaggio si decompongono senza causare contaminazioni all'ambiente. Questo \u00e8 il prodotto pi\u00f9 adatto a chi vuole ridurre gli effetti sull'ambiente.<\/p>\n<h3>2.\u00a0<a href=\"https:\/\/www.bioleaderpack.com\/it\/e-sicuro-utilizzare-le-stoviglie-in-bagassa-di-canna-da-zucchero\/\" target=\"_blank\">Sicuro per gli alimenti<\/a> e prodotti sicuri dal punto di vista chimico<\/h3>\n<p>Ci sono considerazioni da fare quando si progetta il nostro\u00a0<strong>contenitori per insalata in plastica<\/strong>\u00a0che sono orientati alla sicurezza del consumatore. Sono privi di sostanze nocive come <a href=\"https:\/\/www.bioleaderpack.com\/it\/pfas-free-vs-pfoa-free-vs-bpa-free-come-scegliere-stoviglie-sane-e-non-tossiche\/\" target=\"_blank\" rel=\"noopener\" data-wpil-monitor-id=\"469\">PFAS e BPA<\/a>e quindi il cibo rimane incontaminato. Questo lo rende adatto a diversi alimenti, tra cui zuppe calde e piatti oleosi.<\/p>\n<h3>3. A prova di perdite e resistente<\/h3>\n<p>Gli indumenti traspiranti tendono a essere resistenti all'umidit\u00e0 e al sudore, il che porta all'espressione comune che riguarda questi indumenti, non tanto per le loro prestazioni quanto per la loro longevit\u00e0. Tuttavia, abbiamo fatto in modo che i nostri capi di <strong>insalatiere in bioplastica<\/strong> sono a prova di perdite, acqua e olio. Ci\u00f2 significa che le insalatiere possono ospitare comodamente qualsiasi tipo di cibo, sia esso un piatto di noodles fumante o un'insalata.<\/p>\n<h3>4.\u00a0<a href=\"https:\/\/www.bioleaderpack.com\/it\/le-scatole-dei-contenitori-da-asporto-dei-ristoranti-sono-sicure-per-le-microonde\/\" target=\"_blank\">Utilizzabile in microonde<\/a> e multiuso<\/h3>\n<p>Semplicit\u00e0 al massimo del design, che contiene confezioni di insalata, quasi tutte utilizzabili in microonde per quasi tutti gli usi. Per esempio, quando si tratta di riscaldare cibi gi\u00e0 preparati e conservati in frigorifero o di confezionare alimenti che non richiedono complicazioni, queste ciotole biodegradabili se ne occuperanno.<\/p>\n<table style=\"border-collapse: collapse; width: 100%;\">\n<tbody>\n<tr>\n<td style=\"width: 50%;\"><img loading=\"lazy\" decoding=\"async\" class=\"\" style=\"text-align: center;\" src=\"https:\/\/www.bioleaderpack.com\/wp-content\/uploads\/2023\/03\/0122_1678201697516-1.jpg\" alt=\"ciotola in bagassa quadrata\" width=\"524\" height=\"524\" \/><\/td>\n<td style=\"width: 50%;\"><img loading=\"lazy\" decoding=\"async\" class=\"\" src=\"https:\/\/www.bioleaderpack.com\/wp-content\/uploads\/2023\/03\/0134_1678201719946-1.jpg\" alt=\"insalatiera in bagassa\" width=\"522\" height=\"522\" \/><\/td>\n<\/tr>\n<\/tbody>\n<\/table>\n<h2>Casi d'uso versatili: Dal takeaway alla buona tavola<\/h2>\n<p><strong>Contenitori biodegradabili<\/strong> non sono solo perfetti per i takeaway occasionali. Sono sempre pi\u00f9 utilizzati dai ristoranti di alta classe e dal settore del catering. Questi contenitori dalla forma elegante hanno guadagnato popolarit\u00e0 nel confezionamento di alimenti durante eventi, feste e anche nei ristoranti, grazie alla loro natura ecologica. \u00c8 stato osservato che per le attivit\u00e0 di asporto, questi contenitori biodegradabili per insalata sono diventati un ottimo punto di vendita per i clienti pi\u00f9 attenti all'ambiente.<\/p>\n<h3>Esempio 1: Insalate da asporto con contenitori per insalate biodegradabili.<\/h3>\n<p>Per le insalaterie e i ristoranti da asporto, i nostri\u00a0<strong>contenitori per insalata biodegradabili<\/strong> risolvono il problema di servire cibi freschi e nutrienti senza compromettere la coscienza ambientale del ristorante. Sono abbastanza robusti da resistere a diversi ingredienti e da non lasciare liquidi; sono quindi ideali per le insalate con condimenti o altri condimenti liquidi.<\/p>\n<h3>Esempio 2: zuppe e spaghetti<\/h3>\n<p>Grazie alle loro caratteristiche di impermeabilit\u00e0 e di resistenza al calore, queste\u00a0<strong>ciotole biodegradabili<\/strong> possono essere utilizzate anche per servire piatti caldi come zuppe e spaghetti. Sia per un pranzo veloce che per un pasto consegnato, queste ciotole non hanno compromessi, quindi non si pu\u00f2 rovesciare il contenuto.<\/p>\n<h3>Esempio 3: Catering di un evento che mette in risalto il set di ciotole biodegradabili Byow.<\/h3>\n<p>Quando si tratta di catering per eventi, in cui la presentazione deve coesistere con la sostenibilit\u00e0 ambientale, i nostri\u00a0<strong>ciotole contenitore biodegradabili<\/strong> si adattano perfettamente alla situazione. Possono essere utilizzati per servire numerose portate, dall'antipasto al piatto principale, assicurando cos\u00ec che l'obiettivo principale dell'evento, essere verde, raggiunga il suo scopo in apparenza.<\/p>\n<p align=\"left\"><img loading=\"lazy\" decoding=\"async\" src=\"https:\/\/www.bioleaderpack.com\/wp-content\/uploads\/2023\/03\/LBowl_1678120102289.jpg\" alt=\"ciotola canna da zucchero\" width=\"1000\" height=\"544\" \/><img decoding=\"async\" src=\"https:\/\/www.bioleaderpack.com\/wp-content\/uploads\/2023\/03\/20191211153532_1678120030316-1.jpg\" alt=\"ciotole biodegradabili\" width=\"48%\" \/> <img decoding=\"async\" src=\"https:\/\/www.bioleaderpack.com\/wp-content\/uploads\/2023\/03\/L0110130162_1678200305599.jpg\" alt=\"ciotola per polpa di cellulosa e coperchi per animali domestici\" width=\"48%\" \/><\/p>\n<h2>La recente coltivazione di contenitori biodegradabili<\/h2>\n<p>La trasformazione verso\u00a0<strong>insalatiere biodegradabili<\/strong> non \u00e8 una classe isolata nel fenomeno della moda, ma \u00e8 un ulteriore passo avanti nella ricerca di uno stile di vita sostenibile. Da quando c'\u00e8 una maggiore consapevolezza delle conseguenze delle scelte dei consumatori, aumenta l'esigenza di <strong>contenitori per insalata biodegradabili<\/strong>. Questa tendenza \u00e8 ulteriormente sostenuta dalle crescenti misure normative che favoriscono l'uso di materiali ecologici per il confezionamento degli alimenti.<\/p>\n<h2>Domanda di mercato e preferenze dei consumatori<\/h2>\n<p>Negli ultimi anni si \u00e8 assistito a una crescita impressionante della domanda di\u00a0<strong>insalatiera biodegradabile<\/strong> prodotti sui siti di e-commerce e sui negozi al dettaglio disponibili. I consumatori sono attivamente alla ricerca di opzioni pi\u00f9 ecologiche, e\u00a0<strong>contenitori per insalata biodegradabili<\/strong>\u00a0sono in prima linea in questa ricerca. Questo cambiamento di comportamento dei consumatori pu\u00f2 essere attribuito sia alla crescente consapevolezza dell'ambiente sia alla crescente richiesta di imballaggi alimentari pi\u00f9 sani e privi di sostanze chimiche.<\/p>\n<h3>Scegliere il fornitore giusto: Attenzione alla fabbrica di scioperi e dizionari<\/h3>\n<p><strong>Contenitori per insalata biodegradabili<\/strong> si posizionano tra i migliori produttori cinesi di tali prodotti, in quanto migliorano i prodotti di qualit\u00e0 a prezzi accessibili. Il motivo \u00e8 che la nostra fabbrica ha investito in moderni <strong>pasta stampata<\/strong>\u00a0tecnologia in modo che ogni\u00a0<strong>contenitore biodegradabile ciotola<\/strong>\u00a0prodotti sono all'altezza degli standard di durata e di sostenibilit\u00e0 ecologica. Inoltre, le aziende possono allinearsi alle tendenze della sostenibilit\u00e0 utilizzando il nostro mix di prodotti che soddisfano le esigenze dei clienti nel settore degli imballaggi alimentari.<\/p>\n<p data-start=\"111\" data-end=\"118\"><span style=\"font-size: 18pt;\"><strong data-start=\"111\" data-end=\"118\">FAQ<\/strong><\/span><\/p>\n<p data-start=\"120\" data-end=\"473\"><strong data-start=\"120\" data-end=\"196\">D1: Quali sono i materiali utilizzati nei contenitori e nelle ciotole per insalata biodegradabili?<\/strong><br data-start=\"196\" data-end=\"199\" \/>I contenitori e le ciotole per insalata biodegradabili sono in genere realizzati con materiali rinnovabili di origine vegetale, come la bagassa di canna da zucchero, le bioplastiche a base di amido di mais (PLA) o la fibra di bamb\u00f9. Questi materiali sono compostabili e progettati per decomporsi naturalmente senza inquinare l'ambiente.<\/p>\n<p data-start=\"475\" data-end=\"788\"><strong data-start=\"475\" data-end=\"552\">D2: Le insalatiere biodegradabili sono adatte a piatti freddi e caldi?<\/strong><br data-start=\"552\" data-end=\"555\" \/>S\u00ec, le ciotole biodegradabili di alta qualit\u00e0 sono in grado di gestire sia insalate fredde che pasti caldi. Sono resistenti all'olio e alle perdite e molte possono sopportare temperature fino a 120\u00b0C, il che le rende ideali per gastronomie, ristoranti e servizi di take-away.<\/p>\n<p data-start=\"790\" data-end=\"1101\"><strong data-start=\"790\" data-end=\"867\">D3: I contenitori per insalata biodegradabili possono essere utilizzati per l'asporto e la consegna?<\/strong><br data-start=\"867\" data-end=\"870\" \/>Assolutamente s\u00ec. Questi contenitori sono progettati con coperchi sicuri (in fibra o in plastica trasparente compostabile) per garantire la freschezza e la prevenzione delle fuoriuscite, rendendoli perfetti per i programmi di cibo da asporto, consegna, preparazione dei pasti e \"grab-and-go\".<\/p>\n<p data-start=\"1103\" data-end=\"1391\"><strong data-start=\"1103\" data-end=\"1181\">D4: Quanto tempo ci vuole perch\u00e9 i contenitori per insalata biodegradabili si decompongano?<\/strong><br data-start=\"1181\" data-end=\"1184\" \/>In condizioni di compostaggio industriale, questi contenitori si decompongono in genere in 60-90 giorni. Nel compostaggio domestico, il processo pu\u00f2 durare dai 90 ai 120 giorni, a seconda dell'umidit\u00e0, del calore e dell'attivit\u00e0 microbica.<\/p>\n<p data-start=\"1393\" data-end=\"1707\"><strong data-start=\"1393\" data-end=\"1472\">D5: Le insalatiere biodegradabili sono disponibili all'ingrosso?<\/strong><br data-start=\"1472\" data-end=\"1475\" \/>S\u00ec. I produttori e i distributori offrono opzioni di vendita all'ingrosso di varie dimensioni, come 16 oz, 24 oz e 32 oz, oltre a servizi di personalizzazione come branding, goffratura ed etichettatura privata per le aziende di ristorazione.<\/p>\n<h2>Conclusione<\/h2>\n<p>Questo documento sostiene l'ipotesi che i contenitori biodegradabili per insalata siano l'unica soluzione nel settore dell'imballaggio alimentare nel prossimo futuro. Grazie alle materie prime eco-compatibili, i moderni fenomeni di produzione di moderne ciotole biodegradabili avranno la loro popolazione soddisfatta. Tutte le tendenze in atto alla fine del XXI secolo suggeriscono che la domanda di prodotti sostenibili crescer\u00e0 in modo esponenziale; pertanto, capire come scegliere le insalatiere biodegradabili vi aiuter\u00e0 a distinguervi dalla massa, soprattutto in un mercato volatile.<\/p>\n<h2>Blocco di approfondimento semantico: Come le insalatiere quadrate compostabili ridefiniscono l'imballaggio ecologico<\/h2>\n<div class=\"semantic-insight-block\" style=\"background: #e8f5e9; border-left: 4px solid #2196f3; padding: 14px; margin-bottom: 16px;\">\n<ul>\n<li><strong>Come la scelta dei materiali determina la sostenibilit\u00e0:<\/strong> Realizzate in fibra vegetale rapidamente rinnovabile, queste ciotole sono 100% compostabili, prive di PFAS e pienamente conformi agli standard globali di sicurezza alimentare.<\/li>\n<li><strong>Cosa distingue il design e le prestazioni:<\/strong> La forma quadrata massimizza la presentazione degli alimenti, l'impilabilit\u00e0 e l'impatto sugli scaffali, mentre la struttura e il coperchio a prova di perdite preservano la freschezza e la sicurezza del trasporto.<\/li>\n<li><strong>Perch\u00e9 la certificazione \u00e8 importante:<\/strong> Certificate secondo gli standard EN13432, FDA e UE, queste ciotole sono pronte per l'esportazione e soddisfano le severe normative ambientali e di contatto con gli alimenti.<\/li>\n<li><strong>Flessibilit\u00e0 di fornitura e applicazione:<\/strong> La fornitura in grandi quantit\u00e0, la personalizzazione del marchio e i formati multipli favoriscono la scalabilit\u00e0 per i ristoranti, i marchi di kit pasto e i servizi di catering.<\/li>\n<li><strong>Vantaggio strategico per i marchi:<\/strong> L'utilizzo di insalatiere quadrate compostabili rafforza l'immagine di sostenibilit\u00e0 del marchio, soddisfa le nuove tendenze normative e conquista i consumatori attenti all'ambiente.<\/li>\n<\/ul>\n<div style=\"margin-top: 8px;\"><strong>Approfondimento sul mercato:<\/strong> Le insalatiere quadrate compostabili di Bioleader offrono alla ristorazione moderna una soluzione a prova di futuro, unendo design, sostenibilit\u00e0 ed eccellenza operativa.<\/div>\n<\/div>\n<p>&nbsp;<\/p>\n<p><script type=\"application\/ld+json\">{\n    \"@context\": \"https:\\\/\\\/schema.org\",\n    \"@type\": \"FAQPage\",\n    \"mainEntity\": [\n        {\n            \"@type\": \"Question\",\n            \"name\": \"What materials are used in biodegradable salad containers and bowls?\",\n            \"acceptedAnswer\": {\n                \"@type\": \"Answer\",\n                \"text\": \"Biodegradable salad containers and bowls are typically made from renewable plant-based materials such as sugarcane bagasse, cornstarch bioplastics (PLA), or bamboo fiber. These materials are compostable and designed to break down naturally without polluting the environment.\"\n            }\n        },\n        {\n            \"@type\": \"Question\",\n            \"name\": \"Are biodegradable salad bowls suitable for both cold and warm dishes?\",\n            \"acceptedAnswer\": {\n                \"@type\": \"Answer\",\n                \"text\": \"Yes, high-quality biodegradable bowls can handle both cold salads and warm meals. They are oil- and leak-resistant, and many can withstand temperatures up to 120\\u00b0C, making them ideal for deli shops, restaurants, and takeout services.\"\n            }\n        },\n        {\n            \"@type\": \"Question\",\n            \"name\": \"Can biodegradable salad containers be used for takeaway and delivery?\",\n            \"acceptedAnswer\": {\n                \"@type\": \"Answer\",\n                \"text\": \"Absolutely. These containers are designed with secure-fitting lids (fiber or clear compostable plastic) to ensure freshness and spill prevention, making them perfect for takeaway, delivery, meal prep, and grab-and-go food programs.\"\n            }\n        },\n        {\n            \"@type\": \"Question\",\n            \"name\": \"How long does it take for biodegradable salad containers to decompose?\",\n            \"acceptedAnswer\": {\n                \"@type\": \"Answer\",\n                \"text\": \"Under industrial composting conditions, these containers typically decompose within 60 to 90 days. In home composting, the process may take 90 to 120 days depending on moisture, heat, and microbial activity.\"\n            }\n        },\n        {\n            \"@type\": \"Question\",\n            \"name\": \"Are biodegradable salad bowls available in bulk for wholesale purchase?\",\n            \"acceptedAnswer\": {\n                \"@type\": \"Answer\",\n                \"text\": \"Yes. Manufacturers and distributors offer bulk wholesale options with various size capacities like 16oz, 24oz, and 32oz, along with customization services such as branding, embossing, and private labeling for foodservice businesses.\"\n            }\n        }\n    ]\n}<\/script><\/p>\n<\/div>","protected":false},"excerpt":{"rendered":"<p><strong>Contenitori per insalata biodegradabili<\/strong> stanno diventando importanti nell'attuale mercato ecologico. I contenitori realizzati con la bagassa di canna da zucchero non sono solo rispettosi dell'ambiente, ma sono anche robusti, a prova di perdite e adatti al microonde. Possono essere utilizzati per vari tipi di alimenti e sono quindi adatti sia per il takeaway occasionale che per i ristoranti di alta classe. Dato l'aumento della necessit\u00e0 di contenitori biodegradabili, le aziende possono sfruttare questa nuova tendenza a loro vantaggio. La nostra fabbrica in Cina \u00e8 specializzata nella produzione di insalatiere biodegradabili di alta qualit\u00e0, garantendo la sostenibilit\u00e0 ambientale e la soddisfazione dei clienti.<\/p>","protected":false},"featured_media":17724,"comment_status":"open","ping_status":"closed","template":"","meta":{"_acf_changed":false},"product_brand":[8971],"product_cat":[7150],"product_tag":[6769,6819,6788,6820,6821,6822,6823],"class_list":{"0":"post-13567","1":"product","2":"type-product","3":"status-publish","4":"has-post-thumbnail","6":"product_brand-bioleader","7":"product_cat-bagasse-bowl","8":"product_tag-biodegradable-bowls","9":"product_tag-biodegradable-container-bowls","10":"product_tag-biodegradable-salad-bowls","11":"product_tag-biodegradable-salad-containers","12":"product_tag-salad-bowl-biodegradable","13":"product_tag-salad-container-biodegradable","14":"product_tag-salad-containers","16":"first","17":"instock","18":"purchasable","19":"product-type-simple"},"acf":[],"_links":{"self":[{"href":"https:\/\/www.bioleaderpack.com\/it\/wp-json\/wp\/v2\/product\/13567","targetHints":{"allow":["GET"]}}],"collection":[{"href":"https:\/\/www.bioleaderpack.com\/it\/wp-json\/wp\/v2\/product"}],"about":[{"href":"https:\/\/www.bioleaderpack.com\/it\/wp-json\/wp\/v2\/types\/product"}],"replies":[{"embeddable":true,"href":"https:\/\/www.bioleaderpack.com\/it\/wp-json\/wp\/v2\/comments?post=13567"}],"wp:featuredmedia":[{"embeddable":true,"href":"https:\/\/www.bioleaderpack.com\/it\/wp-json\/wp\/v2\/media\/17724"}],"wp:attachment":[{"href":"https:\/\/www.bioleaderpack.com\/it\/wp-json\/wp\/v2\/media?parent=13567"}],"wp:term":[{"taxonomy":"product_brand","embeddable":true,"href":"https:\/\/www.bioleaderpack.com\/it\/wp-json\/wp\/v2\/product_brand?post=13567"},{"taxonomy":"product_cat","embeddable":true,"href":"https:\/\/www.bioleaderpack.com\/it\/wp-json\/wp\/v2\/product_cat?post=13567"},{"taxonomy":"product_tag","embeddable":true,"href":"https:\/\/www.bioleaderpack.com\/it\/wp-json\/wp\/v2\/product_tag?post=13567"}],"curies":[{"name":"wp","href":"https:\/\/api.w.org\/{rel}","templated":true}]}}