{"id":13566,"date":"2023-03-07T14:46:48","date_gmt":"2023-03-07T06:46:48","guid":{"rendered":"https:\/\/www.bioleaderpack.com\/product\/compostable-salad-bowls-square-from-sugarcane-bagasse\/"},"modified":"2026-04-30T14:33:36","modified_gmt":"2026-04-30T06:33:36","slug":"insalatiere-compostabili-quadrate","status":"publish","type":"product","link":"https:\/\/www.bioleaderpack.com\/it\/prodotto\/insalatiere-compostabili-quadrate\/","title":{"rendered":"Insalatiere compostabili ricavate dalla bagassa di canna da zucchero"},"content":{"rendered":"<table style=\"border-collapse: collapse; width: 100%;\">\n<tbody>\n<tr>\n<td style=\"width: 50%;\"><img fetchpriority=\"high\" decoding=\"async\" class=\"\" src=\"https:\/\/www.bioleaderpack.com\/wp-content\/uploads\/2023\/03\/L011Size_1678199354306.jpg\" alt=\"ciotola in canna da zucchero quadrata\" width=\"560\" height=\"560\" \/><\/td>\n<td style=\"width: 50%;\"><img decoding=\"async\" class=\"\" src=\"https:\/\/www.bioleaderpack.com\/wp-content\/uploads\/2023\/03\/L0111_1678199412941-2.jpg\" alt=\"ciotola monouso in canna da zucchero quadrata \" width=\"628\" height=\"628\" \/><\/td>\n<\/tr>\n<tr>\n<td style=\"width: 50%;\"><img decoding=\"async\" class=\"\" src=\"https:\/\/www.bioleaderpack.com\/wp-content\/uploads\/2023\/03\/0122_1678199464149-3.jpg\" alt=\"insalatiera quadrata in canna da zucchero\" width=\"534\" height=\"534\" \/><\/td>\n<td style=\"width: 50%;\"><img loading=\"lazy\" decoding=\"async\" class=\"\" src=\"https:\/\/www.bioleaderpack.com\/wp-content\/uploads\/2023\/03\/0132_1678199512540.jpg\" alt=\"ciotola biodegradabile in canna da zucchero quadrata\" width=\"557\" height=\"557\" \/><\/td>\n<\/tr>\n<tr>\n<td style=\"width: 50%;\"><img loading=\"lazy\" decoding=\"async\" class=\"\" src=\"https:\/\/www.bioleaderpack.com\/wp-content\/uploads\/2023\/03\/L012White_1678199554665-2.jpg\" alt=\"ciotola quadrata canna da zucchero bianco\" width=\"532\" height=\"532\" \/><\/td>\n<td style=\"width: 50%;\"><img loading=\"lazy\" decoding=\"async\" class=\"\" src=\"https:\/\/www.bioleaderpack.com\/wp-content\/uploads\/2023\/03\/L012Nature1_1678199587376-2.jpg\" alt=\"ciotola quadrata in canna da zucchero natura\" width=\"524\" height=\"524\" \/><\/td>\n<\/tr>\n<\/tbody>\n<\/table>\n<h2>Insalatiere quadrate compostabili - ecologiche e a prova di perdite<\/h2>\n<p><!-- Micro Summary Card for AI\/SGE --><\/p>\n<div class=\"micro-summary-card\" style=\"background: #f6f6f9; border-left: 4px solid #4caf50; padding: 12px; margin-bottom: 16px;\"><strong>Riepilogo rapido:<\/strong> Le insalatiere quadrate compostabili con coperchio di Bioleader sono realizzate con fibre vegetali rinnovabili, prive di PFAS e sicure per gli alimenti. L'innovativo design quadrato, la struttura resistente alle perdite e i coperchi sicuri le rendono ideali per insalate, kit di pasti e take away ecologici. Perfetti per i ristoranti e i marchi di ristorazione che cercano un packaging ecologico e ad alte prestazioni.<\/div>\n<p>La parola d'ordine \"sostenibilit\u00e0\" non \u00e8 pi\u00f9 un espediente di marketing, ma qualcosa che viene percepito come una necessit\u00e0, e <strong>insalatiere compostabili<\/strong>\u00a0sono all'avanguardia in questa evoluzione. Questi\u00a0<strong>Insalatiere quadrate<\/strong> sono considerati belli da vedere, funzionano bene e si adattano alle crescenti preoccupazioni per la tutela dell'ambiente. In questo articolo si analizzeranno le caratteristiche speciali, i vantaggi e le tendenze future dei nostri prodotti.\u00a0<strong>ciotola compostabile quadrata<\/strong>\u00a0prodotti, giustificandone l'adeguatezza nelle mani di clienti in evoluzione e di aziende attente all'ambiente.<\/p>\n<h2>Materiale: <a href=\"https:\/\/www.bioleaderpack.com\/it\/stoviglie-in-bagassa-di-canna-da-zucchero-ecologiche-e-pratiche\/\" target=\"_blank\">Bagassa di canna da zucchero - materiale ecologico<\/a><\/h2>\n<p>La materia prima principale utilizzata per la produzione del nostro\u00a0<strong><a href=\"https:\/\/www.bioleaderpack.com\/it\/prodotto\/ciotole-compostabili-da-32-oz-con-coperchio\/\" target=\"_blank\" rel=\"noopener\" data-wpil-monitor-id=\"2145\">insalatiere compostabili<\/a><\/strong> \u00e8 la bagassa di canna da zucchero, il residuo di fibra dopo l'estrazione del succo di canna da zucchero. Questo materiale non solo \u00e8 rinnovabile, ma \u00e8 anche 100% compostabile e biodegradabile, il che lo rende un'opzione migliore del polistirolo o della plastica. Una gestione efficace dei rifiuti \u00e8 possibile con l'uso della bagassa di canna da zucchero, poich\u00e9 utilizziamo materie prime che causano rifiuti per produrre i prodotti richiesti. Questo spiega la nostra responsabilit\u00e0 di produttori nei confronti delle prestazioni e della sostenibilit\u00e0 ambientale della produzione.<\/p>\n<table style=\"border-collapse: collapse; width: 100%;\">\n<tbody>\n<tr>\n<td style=\"width: 50%;\"><img loading=\"lazy\" decoding=\"async\" class=\"\" src=\"https:\/\/www.bioleaderpack.com\/wp-content\/uploads\/2023\/03\/L013NatureFlatLid_1678199821434-2-scaled.jpg\" alt=\"ciotola in canna da zucchero con coperchio in PET\" width=\"510\" height=\"510\" \/><\/p>\n<p style=\"text-align: center;\"><strong>Coperchio piatto in PET<\/strong><\/p>\n<\/td>\n<td style=\"width: 50%;\"><img loading=\"lazy\" decoding=\"async\" class=\"\" src=\"https:\/\/www.bioleaderpack.com\/wp-content\/uploads\/2023\/03\/L013NatureDomeLid_1678199848126-1.jpg\" alt=\"ciotola in canna da zucchero con coperchio in plastica\" width=\"527\" height=\"527\" \/><\/p>\n<p style=\"text-align: center;\"><strong>Coperchio a cupola in PET<\/strong><\/p>\n<\/td>\n<\/tr>\n<\/tbody>\n<\/table>\n<h2>Metodologia di produzione: Perfezione con <a href=\"https:\/\/www.bioleaderpack.com\/it\/che-cose-il-processo-di-stampaggio-della-polpa-di-cellulosa-per-imballaggio\/\" target=\"_blank\">Stampaggio della pasta di carta<\/a><\/h2>\n<p>Il\u00a0<strong>Insalatiere quadrate<\/strong>\u00a0appartengono alla nuova generazione di prodotti fabbricati dall'azienda.\u00a0<strong><a href=\"https:\/\/www.bioleaderpack.com\/it\/sullo-stampaggio-della-pasta\/\" target=\"_blank\" rel=\"noopener\" data-wpil-monitor-id=\"2222\">stampaggio della pasta di carta<\/a><\/strong>\u00a0industria. Questa tecnica comprende la lavorazione e la spappolatura <a href=\"https:\/\/www.bioleaderpack.com\/it\/guida-completa-ai-prodotti-di-bagassa-quadrata\/\" target=\"_blank\" rel=\"noopener\" data-wpil-monitor-id=\"1157\">bagassa di canna da zucchero e modellarla in modo da formare un quadrato.<\/a>. Questo metodo di produzione garantisce che ogni\u00a0<strong>ciotola compostabile quadrata<\/strong>\u00a0non solo \u00e8 robusto, ma anche uniforme nella densit\u00e0.<\/p>\n<p>Il processo di stampaggio della pasta \u00e8 sufficientemente preciso da creare ciotole leggere e resistenti, adatte a molti aspetti del settore della ristorazione. Inoltre, questa tecnica consente uno scarso spreco di materie prime durante la produzione, contribuendo ulteriormente a migliorare la sostenibilit\u00e0 ambientale dei prodotti.<\/p>\n<h2>Caratteristiche principali<\/h2>\n<h3>1. Sicuro per la Terra e completamente biodegradabile<\/h3>\n<p>Quando si tratta di <strong>insalatiere compostabili<\/strong>L'aspetto pi\u00f9 critico che spinge le vendite \u00e8 il fatto che sia \"verde\". Queste ciotole, se collocate in una zona di compostaggio, si decompongono completamente e forniscono nutrienti utili al terreno senza lasciare tossine. Sono quindi ideali sia per le aziende che per i consumatori che desiderano essere ecologici.<\/p>\n<h3>2. Biodegradabili e privi di sostanze chimiche dannose<\/h3>\n<p>Ecco perch\u00e9 i loro <a href=\"https:\/\/www.bioleaderpack.com\/it\/pfas-free-vs-pfoa-free-vs-bpa-free-come-scegliere-stoviglie-sane-e-non-tossiche\/\" target=\"_blank\" rel=\"noopener\" data-wpil-monitor-id=\"468\">PFAS o BPA<\/a> contenuto \u00e8 nullo. In questo modo, il cibo rimane incontaminato e queste ciotole possono essere utilizzate per qualsiasi tipo di alimento, compresi i prodotti caldi oleosi e acidi. L'aspetto privo di sostanze chimiche di questi articoli li rende molto interessanti sia per i consumatori attenti alla salute sia per le aziende che mirano a fornire alternative pi\u00f9 pulite al confezionamento degli alimenti.<\/p>\n<h3>3. Completamente <a href=\"https:\/\/www.bioleaderpack.com\/it\/come-possono-le-scatole-di-farina-di-bagassa-di-canna-da-zucchero-raggiungere-la-resistenza-allacqua-e-allolio\/\" target=\"_blank\">Impermeabile, a prova di perdite e resistente all'olio<\/a><\/h3>\n<p>Uno degli aspetti positivi della nostra... \u00e8 che dura diversi giorni senza perdite e infiltrazioni di acqua o olio. Queste caratteristiche consentono alle nostre ciotole di adattarsi a diversi tipi di pasti, dalle foglie fresche alla zuppa, dai noodles fritti al curry. Queste ciotole sono molto robuste, tanto che anche l'uso di cibi pesanti e oleosi non comporta alcun rischio, il che \u00e8 comodo per mangiare sia all'interno che all'esterno.<\/p>\n<h3>4. <a href=\"https:\/\/www.bioleaderpack.com\/it\/le-scatole-dei-contenitori-da-asporto-dei-ristoranti-sono-sicure-per-le-microonde\/\" target=\"_blank\">Utilizzabile in microonde<\/a> e versatile<\/h3>\n<p>Le nostre insalatiere monouso compostabili sono utilizzabili in microonde e aiutano i consumatori a riscaldare il cibo. Queste caratteristiche, insieme alla versatilit\u00e0 del materiale, le rendono adatte a un'ampia gamma di operazioni di ristorazione, comprese le consegne da asporto e il catering. Queste ciotole sono in grado di soddisfare le nuove esigenze dei clienti, sia che si tratti di riscaldare un pasto a casa, sia che si tratti di preparare un pasto alla velocit\u00e0 di chi esce dalla porta.<\/p>\n<table style=\"border-collapse: collapse; width: 100%;\">\n<tbody>\n<tr>\n<td style=\"width: 50%;\"><img loading=\"lazy\" decoding=\"async\" class=\"\" style=\"text-align: center;\" src=\"https:\/\/www.bioleaderpack.com\/wp-content\/uploads\/2023\/03\/013_1678199919421.jpg\" alt=\"ciotola in canna da zucchero quadrata\" width=\"558\" height=\"558\" \/><\/td>\n<td style=\"width: 50%;\"><img loading=\"lazy\" decoding=\"async\" class=\"\" src=\"https:\/\/www.bioleaderpack.com\/wp-content\/uploads\/2023\/03\/01342_1678199935648.jpg\" alt=\"insalatiera in canna da zucchero\" width=\"506\" height=\"506\" \/><\/td>\n<\/tr>\n<\/tbody>\n<\/table>\n<h2>Scenari d'uso: Versatilit\u00e0 in ogni pasto<\/h2>\n<h3>Esempio 1: Takeout e consegna<\/h3>\n<p>Per i ristoranti e le caffetterie che offrono un sistema di asporto e consegna, i nostri prodotti sono ecologici e pratici, grazie al corretto imballaggio SCM Solution. Queste ciotole sono molto comode per accogliere insalate, zuppe e altri tipi di cucina, garantendo che il cibo venga consegnato in modo sicuro e intatto. Poich\u00e9 la domanda del mercato \u00e8 in gran parte guidata da queste ciotole da portata tradizionali in termoplastica potenziata, non c'\u00e8 dubbio che in questo settore lo spreco sia ancora pi\u00f9 verde.<\/p>\n<h3>Esempio 2: Catering ed eventi<\/h3>\n<p>Servizi come il catering possono essere serviti molto bene con le nostre ciotole quadrate compostabili salva-stole. Eleganti nella forma e moderne nel look, queste ciotole sono un'ottima soluzione per servire il cibo e abbelliscono qualsiasi piatto. Per una festa aziendale, un matrimonio o un qualsiasi evento informale, queste ciotole conferiscono classe all'evento senza compromettere le misure ecologiche.<\/p>\n<h3>Esempio 3: Ristorazione in negozio<\/h3>\n<p>Anche per i pasti in negozio, le nostre insalatiere sono compostabili e quindi adatte a questo scopo. Sono un sostituto ecologico delle ciotole monouso in plastica o ceramica. Per questi ristoranti, queste ciotole possono essere utilizzate per servire insalate, pasta o anche dessert, sapendo di non compromettere l'ecocompatibilit\u00e0 dell'ambiente.<\/p>\n<h2>Tendenze di mercato: L'ascesa degli imballaggi compostabili<\/h2>\n<p>La domanda di insalatiere compostabili \u00e8 in aumento e ci\u00f2 pu\u00f2 essere attribuito alla tendenza mondiale alla sostenibilit\u00e0. Oggi i consumatori sono pi\u00f9 consapevoli della sostenibilit\u00e0 nelle loro decisioni di acquisto e sono alla ricerca di prodotti di questo tipo. Lo stesso si evince dall'aumento dell'acquisto di insalatiere quadrate, soprattutto nei siti di e-commerce e nei punti vendita al dettaglio, dove questi prodotti sono considerati un prodotto ecologico di prima qualit\u00e0.<\/p>\n<h3>Preferenze dei consumatori e risposta dell'industria<\/h3>\n<p>Mentre i consumatori sono sempre pi\u00f9 attenti all'ambiente, le aziende si mettono al passo e inseriscono le necessarie\u00a0<strong>ciotola compostabile quadrata<\/strong> prodotti nella loro gamma. Questa transizione non riguarda solo il desiderio di alimentazione dei consumatori, ma anche le dinamiche legislative che incoraggiano l'uso di prodotti compostabili. Il nostro\u00a0<strong>Insalatiere quadrate<\/strong>\u00a0\u00e8 uno dei prodotti leader del settore, che offre ai consumatori soluzioni sicure senza compromettere le operazioni commerciali.<\/p>\n<h2>Perch\u00e9 scegliere noi: eccellenza nella produzione e sostenibilit\u00e0<\/h2>\n<p>Essendo una delle principali aziende cinesi, abbiamo aiutato molti clienti ad acquistare le migliori\u00a0<strong>insalatiere compostabili,<\/strong>\u00a0sempre a prezzi di vendita all'ingrosso senza sconti. La fabbrica di produzione\u00a0<strong>ciotola compostabile quadrata<\/strong>\u00a0\u00e8 dotato di un moderno <strong>stampaggio della pasta di carta<\/strong> e di garantire che ogni prodotto realizzato sia della qualit\u00e0 richiesta. Scegliendo i nostri prodotti, le organizzazioni soddisfano le aspettative dei clienti che desiderano un imballaggio ecologico e sostengono un'organizzazione attenta all'ambiente.<\/p>\n<hr \/>\n<p><span style=\"font-size: 18pt;\"><strong>FAQ<\/strong><\/span><\/p>\n<p><strong>D1: Di cosa sono fatte le insalatiere quadrate compostabili?<\/strong><br \/>\nQueste ciotole sono realizzate in bagassa di canna da zucchero, un sottoprodotto fibroso della produzione dello zucchero. Si tratta di un materiale rinnovabile e compostabile, modellato in contenitori durevoli adatti al confezionamento di alimenti ecologici.<\/p>\n<p><strong>D2: Sono quadrati <a href=\"https:\/\/www.bioleaderpack.com\/it\/prodotto\/insalatiere-da-asporto-in-canna-da-zucchero\/\" target=\"_blank\" rel=\"noopener\" data-wpil-monitor-id=\"2221\">insalatiere in canna da zucchero<\/a> sicuro per i cibi freschi e caldi?<\/strong><br \/>\nS\u00ec, sono sicure per gli alimenti e possono contenere sia insalate fredde che piatti caldi. Sono resistenti all'olio, a prova di perdite e possono sopportare temperature fino a 120\u00b0C, il che li rende ideali per una variet\u00e0 di applicazioni di ristorazione.<\/p>\n<p><strong>D3: Le ciotole quadrate in bagassa sono dotate di coperchio per l'asporto?<\/strong><br \/>\nLa maggior parte dei quadrati <a href=\"https:\/\/www.bioleaderpack.com\/it\/prodotto\/insalatiera-in-bagassa-di-canna-da-zucchero-con-coperchio\/\" target=\"_blank\" rel=\"noopener\" data-wpil-monitor-id=\"2163\">Le insalatiere in bagassa sono state progettate con coperchi compatibili<\/a> in fibra o bioplastica PLA. I coperchi a tenuta stagna rendono le ciotole ideali per i pasti da asporto, per le consegne e per i pasti \"grab-and-go\".<\/p>\n<p><strong>D4: Posso compostare le insalatiere quadrate di canna da zucchero a casa mia?<\/strong><br \/>\nS\u00ec, queste ciotole sono compostabili in casa in condizioni adeguate. Nel compostaggio domestico si decompongono in genere in 90-120 giorni, mentre nel compostaggio industriale si decompongono in 60-90 giorni.<\/p>\n<p><strong>D5: Sono quadrati <a href=\"https:\/\/www.bioleaderpack.com\/it\/prodotto\/piatti-e-ciotole-biodegradabili-e-compostabili\/\" target=\"_blank\" rel=\"noopener\" data-wpil-monitor-id=\"2223\">ciotole compostabili disponibili all'ingrosso<\/a> per la vendita all'ingrosso?<\/strong><br \/>\nSicuramente. I fornitori offrono opzioni di vendita all'ingrosso di ciotole quadrate da 16 oz, 24 oz e 32 oz, con o senza coperchio. Sono molto apprezzate da ristoranti, insalaterie, servizi di consegna di cibo e rivenditori eco-consapevoli.<\/p>\n<p>&nbsp;<\/p>\n<table style=\"border-collapse: collapse; width: 100%;\">\n<tbody>\n<tr>\n<td style=\"width: 100%;\"><img loading=\"lazy\" decoding=\"async\" src=\"https:\/\/www.bioleaderpack.com\/wp-content\/uploads\/2023\/03\/LBowl_1678120102289.jpg\" alt=\"ciotola canna da zucchero Insalatiere monouso compostabili\" width=\"1000\" height=\"544\" \/><\/td>\n<\/tr>\n<\/tbody>\n<\/table>\n<table style=\"border-collapse: collapse; width: 100%;\">\n<tbody>\n<tr>\n<td style=\"width: 50%;\"><img loading=\"lazy\" decoding=\"async\" class=\"\" src=\"https:\/\/www.bioleaderpack.com\/wp-content\/uploads\/2023\/03\/20191211153532_1678120030316-1.jpg\" alt=\"ciotole biodegradabili\" width=\"513\" height=\"513\" \/><\/td>\n<td style=\"width: 50%;\"><img loading=\"lazy\" decoding=\"async\" class=\"\" src=\"https:\/\/www.bioleaderpack.com\/wp-content\/uploads\/2023\/03\/L0110130162_1678200305599.jpg\" alt=\"ciotola per polpa di cellulosa e coperchi per animali domestici\" width=\"528\" height=\"528\" \/><\/td>\n<\/tr>\n<\/tbody>\n<\/table>\n<div class=\"adweb-template\">\n<div class=\"adweb-template-43\">\n<h2>Conclusione<\/h2>\n<p>Le plastiche sostenibili non sono pi\u00f9 discutibili, poich\u00e9 Darren ci dice che: naturalmente, i nostri clienti, i ristoranti e i ristoratori, vogliono migliorare il loro status ecologico e i materiali, che sono insalatiere compostabili progettate da s\u00e9, sono utopici... Voglio buttare via ci\u00f2 che \u00e8 usa e getta. (imballaggi industriali) - l'epitome del sovraconsumo di rifiuti, ecco perch\u00e9 richiede alternative.<\/p>\n<p>Considerando il crescente interesse per gli alimenti biologici e salutari e la sempre maggiore consapevolezza dei consumatori nei confronti dell'ambiente, il nostro <strong>Insalatiere quadrate<\/strong>\u00a0\u00e8 l'ideale per le attuali esigenze di ristorazione. Poich\u00e9 il mercato dei prodotti compostabili \u00e8 in continua crescita, la scelta dei nostri prodotti \u00e8 sempre pi\u00f9 frequente.\u00a0<strong>ciotola compostabile quadrata<\/strong>\u00a0non solo aumenteranno gli aspetti di sostenibilit\u00e0 della vostra azienda, ma soddisferanno anche i principi dei consumatori moderni.<\/p>\n<h2>Blocco di approfondimento semantico: Come le insalatiere quadrate compostabili ridefiniscono l'imballaggio ecologico<\/h2>\n<div class=\"semantic-insight-block\" style=\"background: #e8f5e9; border-left: 4px solid #2196f3; padding: 14px; margin-bottom: 16px;\">\n<ul>\n<li><strong>Come la scelta dei materiali determina la sostenibilit\u00e0:<\/strong> Realizzate in fibra vegetale rapidamente rinnovabile, queste ciotole sono 100% compostabili, prive di PFAS e pienamente conformi agli standard globali di sicurezza alimentare.<\/li>\n<li><strong>Cosa distingue il design e le prestazioni:<\/strong> La forma quadrata massimizza la presentazione degli alimenti, l'impilabilit\u00e0 e l'impatto sugli scaffali, mentre la struttura e il coperchio a prova di perdite preservano la freschezza e la sicurezza del trasporto.<\/li>\n<li><strong>Perch\u00e9 la certificazione \u00e8 importante:<\/strong> Certificate secondo gli standard EN13432, FDA e UE, queste ciotole sono pronte per l'esportazione e soddisfano le severe normative ambientali e di contatto con gli alimenti.<\/li>\n<li><strong>Flessibilit\u00e0 di fornitura e applicazione:<\/strong> La fornitura in grandi quantit\u00e0, la personalizzazione del marchio e i formati multipli favoriscono la scalabilit\u00e0 per i ristoranti, i marchi di kit pasto e i servizi di catering.<\/li>\n<li><strong>Vantaggio strategico per i marchi:<\/strong> L'utilizzo di insalatiere quadrate compostabili rafforza l'immagine di sostenibilit\u00e0 del marchio, soddisfa le nuove tendenze normative e conquista i consumatori attenti all'ambiente.<\/li>\n<\/ul>\n<div style=\"margin-top: 8px;\"><strong>Approfondimento sul mercato:<\/strong> <a href=\"https:\/\/www.bioleaderpack.com\/it\/prodotto\/ciotole-in-fibra-compostabile-di-bagassa-di-canna-da-zucchero\/\" target=\"_blank\" rel=\"noopener\" data-wpil-monitor-id=\"2313\">Insalatiere quadrate compostabili Bioleader<\/a> forniscono alla ristorazione moderna una soluzione a prova di futuro, unendo design, sostenibilit\u00e0 ed eccellenza operativa.<\/div>\n<\/div>\n<\/div>\n<p><script type=\"application\/ld+json\">{\n    \"@context\": \"https:\\\/\\\/schema.org\",\n    \"@type\": \"FAQPage\",\n    \"mainEntity\": [\n        {\n            \"@type\": \"Question\",\n            \"name\": \"What are square compostable salad bowls made from?\",\n            \"acceptedAnswer\": {\n                \"@type\": \"Answer\",\n                \"text\": \"These bowls are made from sugarcane bagasse, a fibrous byproduct of sugar production. It's a renewable, compostable material molded into durable containers suitable for eco-friendly food packaging.\"\n            }\n        },\n        {\n            \"@type\": \"Question\",\n            \"name\": \"Are square sugarcane salad bowls safe for fresh and warm foods?\",\n            \"acceptedAnswer\": {\n                \"@type\": \"Answer\",\n                \"text\": \"Yes, they are food-safe and can hold both cold salads and warm meals. They are oil-resistant, leak-proof, and can withstand temperatures up to 120\\u00b0C, making them ideal for a variety of foodservice applications.\"\n            }\n        },\n        {\n            \"@type\": \"Question\",\n            \"name\": \"Do square bagasse bowls come with lids for takeaway?\",\n            \"acceptedAnswer\": {\n                \"@type\": \"Answer\",\n                \"text\": \"Most square bagasse salad bowls are designed with compatible lids made from either fiber or PLA bioplastic. These secure-fit lids make the bowls ideal for takeaway, delivery, and grab-and-go meals.\"\n            }\n        },\n        {\n            \"@type\": \"Question\",\n            \"name\": \"Can I compost square sugarcane salad bowls at home?\",\n            \"acceptedAnswer\": {\n                \"@type\": \"Answer\",\n                \"text\": \"Yes, these bowls are home compostable under suitable conditions. In home composting, they typically decompose in 90 to 120 days, while in industrial composting they break down within 60 to 90 days.\"\n            }\n        },\n        {\n            \"@type\": \"Question\",\n            \"name\": \"Are square compostable bowls available in bulk for wholesale?\",\n            \"acceptedAnswer\": {\n                \"@type\": \"Answer\",\n                \"text\": \"Definitely. Suppliers offer bulk wholesale options for 16oz, 24oz, and 32oz square bowls, with or without lids. They are popular among restaurants, salad bars, food delivery services, and eco-conscious retailers.\"\n            }\n        }\n    ]\n}<\/script><\/p>\n<\/div>","protected":false},"excerpt":{"rendered":"<p><strong>Insalatiere compostabili<\/strong> offrono una soluzione sostenibile per la ristorazione moderna, combinando i materiali ecologici della canna da zucchero con tecniche di produzione avanzate. Il nostro <strong>Insalatiere quadrate<\/strong> sono progettati per essere durevoli, a prova di perdite e versatili, per soddisfare un'ampia gamma di applicazioni di ristorazione, dall'asporto alla consegna, dalla ristorazione in negozio al catering. Con l'aumento della popolazione di consumatori che scelgono di acquistare questi prodotti, anche i nostri prodotti sono in grado di soddisfare le esigenze dei consumatori.\u00a0<strong>ciotola compostabile quadrata<\/strong>\u00a0prodotti si adattano alle esigenze del mercato aziendale. Le aziende possono essere sicure di fornire <a href=\"https:\/\/www.bioleaderpack.com\/it\/showroom\/imballaggi-alimentari-rispettosi-dellambiente\/\" target=\"_blank\" rel=\"noopener\" data-wpil-monitor-id=\"2220\">imballaggi alimentari rispettosi dell'ambiente<\/a> soluzioni senza compromettere la qualit\u00e0 dei loro prodotti.<\/p>\n<div id=\"whale-data-ext\" data-event=\"v2\" data-version=\"2.2.7\"><\/div>","protected":false},"featured_media":17871,"comment_status":"open","ping_status":"closed","template":"","meta":{"_acf_changed":false},"product_brand":[8971],"product_cat":[7150],"product_tag":[6816,6817,6818],"class_list":{"0":"post-13566","1":"product","2":"type-product","3":"status-publish","4":"has-post-thumbnail","6":"product_brand-bioleader","7":"product_cat-bagasse-bowl","8":"product_tag-compostable-bowl-square","9":"product_tag-compostable-salad-bowls","10":"product_tag-salad-bowls-square","12":"first","13":"instock","14":"purchasable","15":"product-type-simple"},"acf":[],"_links":{"self":[{"href":"https:\/\/www.bioleaderpack.com\/it\/wp-json\/wp\/v2\/product\/13566","targetHints":{"allow":["GET"]}}],"collection":[{"href":"https:\/\/www.bioleaderpack.com\/it\/wp-json\/wp\/v2\/product"}],"about":[{"href":"https:\/\/www.bioleaderpack.com\/it\/wp-json\/wp\/v2\/types\/product"}],"replies":[{"embeddable":true,"href":"https:\/\/www.bioleaderpack.com\/it\/wp-json\/wp\/v2\/comments?post=13566"}],"wp:featuredmedia":[{"embeddable":true,"href":"https:\/\/www.bioleaderpack.com\/it\/wp-json\/wp\/v2\/media\/17871"}],"wp:attachment":[{"href":"https:\/\/www.bioleaderpack.com\/it\/wp-json\/wp\/v2\/media?parent=13566"}],"wp:term":[{"taxonomy":"product_brand","embeddable":true,"href":"https:\/\/www.bioleaderpack.com\/it\/wp-json\/wp\/v2\/product_brand?post=13566"},{"taxonomy":"product_cat","embeddable":true,"href":"https:\/\/www.bioleaderpack.com\/it\/wp-json\/wp\/v2\/product_cat?post=13566"},{"taxonomy":"product_tag","embeddable":true,"href":"https:\/\/www.bioleaderpack.com\/it\/wp-json\/wp\/v2\/product_tag?post=13566"}],"curies":[{"name":"wp","href":"https:\/\/api.w.org\/{rel}","templated":true}]}}