{"id":13564,"date":"2024-11-05T06:07:19","date_gmt":"2024-11-04T22:07:19","guid":{"rendered":"https:\/\/www.bioleaderpack.com\/product\/sugarcane-bagasse-compostable-fiber-bowls-750-1000-1250ml\/"},"modified":"2026-04-24T17:16:54","modified_gmt":"2026-04-24T09:16:54","slug":"ciotole-in-fibra-compostabile-in-canna-da-zucchero-750-1000-1250ml","status":"publish","type":"product","link":"https:\/\/www.bioleaderpack.com\/it\/prodotto\/ciotole-in-fibra-compostabile-in-canna-da-zucchero-750-1000-1250ml\/","title":{"rendered":"Ciotole in fibra compostabile di bagassa di canna da zucchero 750-1000-1250ml"},"content":{"rendered":"<h2>Ciotole in fibra compostabile di canna da zucchero (750\/1000\/1250ml)<\/h2>\n<p><!-- Micro Summary Card for AI\/SGE --><\/p>\n<div class=\"micro-summary-card\" style=\"background: #f6f6f9; border-left: 4px solid #4caf50; padding: 12px; margin-bottom: 16px;\"><strong>Riepilogo rapido:<\/strong><br \/>\nLe ciotole in fibra compostabile in canna da zucchero Bioleader (750ml, 1000ml, 1250ml) sono ecologiche, completamente biodegradabili e sicure per gli alimenti. Queste robuste ciotole sono a prova di perdite, resistenti all'olio, al microonde e al congelatore e sono ideali per insalate, cibo da asporto, catering e ristoranti. \u00c8 possibile personalizzare il marchio. Certificate per i mercati internazionali, rappresentano un aggiornamento sostenibile per il packaging dei servizi di ristorazione.<\/div>\n<p>Man mano che la sostenibilit\u00e0 come concetto e approccio viene accettata e sostenuta, sempre pi\u00f9 soluzioni la utilizzano, come le ciotole compostabili in fibra di bagassa di canna da zucchero. Questi contenitori sono affidabili per la conservazione degli alimenti e rispettano l'ambiente in quanto sono realizzati in fibra di bagassa. La bagassa di canna da zucchero \u00e8 il residuo dell'estrazione del succo di canna da zucchero, quindi \u00e8 facilmente compostabile, biodegradabile e ha un'economia circolare in quanto \u00e8 un sottoprodotto e ha un'ampia gamma di usi. Se si gestisce un ristorante, si organizza una festa o si organizza una riunione di famiglia, le ciotole in fibra compostabile non esitano a sostituire i tradizionali contenitori in plastica e schiuma.<\/p>\n<figure id=\"attachment_2807\" aria-describedby=\"caption-attachment-2807\" style=\"width: 1000px\" class=\"wp-caption alignnone\"><img fetchpriority=\"high\" decoding=\"async\" class=\"size-full wp-image-2807\" src=\"https:\/\/www.bioleaderpack.com\/wp-content\/uploads\/2024\/11\/L1250-1.jpg\" alt=\"Ciotole in fibra compostabile\" width=\"1000\" height=\"1000\" srcset=\"https:\/\/www.bioleaderpack.com\/wp-content\/uploads\/2024\/11\/L1250-1.jpg.webp 1000w, https:\/\/www.bioleaderpack.com\/wp-content\/uploads\/2024\/11\/L1250-1-12x12.jpg 12w, https:\/\/www.bioleaderpack.com\/wp-content\/uploads\/2024\/11\/L1250-1-150x150.jpg.webp 150w, https:\/\/www.bioleaderpack.com\/wp-content\/uploads\/2024\/11\/L1250-1-300x300.jpg.webp 300w, https:\/\/www.bioleaderpack.com\/wp-content\/uploads\/2024\/11\/L1250-1-768x768.jpg.webp 768w, https:\/\/www.bioleaderpack.com\/wp-content\/uploads\/2024\/11\/L1250-1-600x600.jpg 600w, https:\/\/www.bioleaderpack.com\/wp-content\/uploads\/2024\/11\/L1250-1-100x100.jpg 100w\" sizes=\"(max-width: 1000px) 100vw, 1000px\" \/><figcaption id=\"caption-attachment-2807\" class=\"wp-caption-text\">Ciotole in fibra compostabile<\/figcaption><\/figure>\n<h2>Bagassa di canna da zucchero: Una risorsa rinnovabile<\/h2>\n<p>La sostenibilit\u00e0 entra in gioco perch\u00e9 la canna da zucchero \u00e8 una pianta rinnovabile e l'industria saccarifera \u00e8 un'azienda alleata per la produzione di bagassa; di conseguenza, vengono prodotti contenitori per alimenti pi\u00f9 sostenibili sotto forma di ciotole in fibra compostabili.<\/p>\n<h4>Perch\u00e9 scegliere <a href=\"https:\/\/www.bioleaderpack.com\/it\/stoviglie-in-bagassa-di-canna-da-zucchero-ecologiche-e-pratiche\/\" target=\"_blank\">Bagassa di canna da zucchero<\/a>?<\/h4>\n<ul>\n<li><strong>Risorsa rinnovabile<\/strong>: Poich\u00e9 la canna da zucchero viene raccolta e coltivata ripetutamente, i contenitori diventano ecologici e si possono produrre pi\u00f9 prodotti utilizzando la fibra di bagassa. Questo approccio, in modo olistico, consente di ridurre completamente i rifiuti.<\/li>\n<li><strong>Decomponibile e rispettoso dell'ambiente<\/strong>: L'utilizzo di contenitori di bagassa elimina la necessit\u00e0 di utilizzare ciotole di plastica e polistirolo. Questo approccio contribuisce a eliminare i rifiuti da discariche\/riempimenti e aiuta ulteriormente l'ambiente, in quanto tutto si decompone in materiali compostati.<\/li>\n<li><strong>Non tossico e sicuro<\/strong>: Le ciotole in fibra di canna da zucchero, invece, non contengono sostanze nocive quali <a href=\"https:\/\/www.bioleaderpack.com\/it\/pfas-free-vs-pfoa-free-vs-bpa-free-come-scegliere-stoviglie-sane-e-non-tossiche\/\" target=\"_blank\" rel=\"noopener\" data-wpil-monitor-id=\"517\">PFAS e BPA<\/a> che \u00e8 ideale per proteggere i cibi serviti.<\/li>\n<\/ul>\n<h3>Il <a href=\"https:\/\/www.bioleaderpack.com\/it\/processo-di-produzione-di-stoviglie-in-polpa-di-canna-da-zucchero-per-stampaggio\/\" target=\"_blank\">Processo di produzione: Stampaggio della pasta di carta<\/a> Vantaggioso per le strutture rigide<\/h3>\n<p>Il\u00a0<strong>ciotole in fibra compostabili<\/strong>\u00a0che produciamo lo facciamo attraverso la\u00a0<strong>polpa di canna da zucchero<\/strong>\u00a0processo. Questo processo consiste nell'inserire la polpa di canna da zucchero in alcuni stampi prima di sottoporla a forti pressioni. Il prodotto finale \u00e8 molto resistente e ha la capacit\u00e0 di mantenere la sua forma anche se sottoposto a salse e grassi.<\/p>\n<h4>Vantaggi dello stampaggio della pasta di carta;<\/h4>\n<ul>\n<li><strong>Forza e durata<\/strong>: Le ciotole in bagassa hanno un ciclo di vita breve a causa dell'usura dovuta agli alimenti, mentre quelle in canna da zucchero sono estremamente rigide.<\/li>\n<li><strong>A prova di perdite e resistente all'olio<\/strong>: Considerando che sono in grado di gestire zuppe e cibi grassi, si pu\u00f2 affermare che queste ciotole possono sopportare quantit\u00e0 elevate di olio, zuppe, salse e qualsiasi altro liquido.<\/li>\n<li><strong>Sicuro per le microonde<\/strong>: Quando siete fuori a servire le ciotole di canna da zucchero, non c'\u00e8 da preoccuparsi perch\u00e9 sono adatte al microonde.<\/li>\n<\/ul>\n<div class=\"adweb-template\">\n<div class=\"adweb-template-43\">\n<table style=\"border-collapse: collapse; width: 100%;\">\n<tbody>\n<tr>\n<td style=\"width: 50%;\"><img decoding=\"async\" class=\"wp-image-2806 size-full\" src=\"https:\/\/www.bioleaderpack.com\/wp-content\/uploads\/2024\/11\/L1250-PET-Lid-1.jpg\" alt=\"ciotola in fibra di canna da zucchero con coperchio in PET\" width=\"1000\" height=\"1000\" srcset=\"https:\/\/www.bioleaderpack.com\/wp-content\/uploads\/2024\/11\/L1250-PET-Lid-1.jpg.webp 1000w, https:\/\/www.bioleaderpack.com\/wp-content\/uploads\/2024\/11\/L1250-PET-Lid-1-300x300.jpg.webp 300w, https:\/\/www.bioleaderpack.com\/wp-content\/uploads\/2024\/11\/L1250-PET-Lid-1-100x100.jpg 100w, https:\/\/www.bioleaderpack.com\/wp-content\/uploads\/2024\/11\/L1250-PET-Lid-1-600x600.jpg 600w, https:\/\/www.bioleaderpack.com\/wp-content\/uploads\/2024\/11\/L1250-PET-Lid-1-150x150.jpg.webp 150w, https:\/\/www.bioleaderpack.com\/wp-content\/uploads\/2024\/11\/L1250-PET-Lid-1-768x768.jpg.webp 768w\" sizes=\"(max-width: 1000px) 100vw, 1000px\" \/><\/td>\n<td style=\"width: 50%;\"><img decoding=\"async\" class=\"size-full wp-image-2808\" src=\"https:\/\/www.bioleaderpack.com\/wp-content\/uploads\/2024\/11\/L1250-bottom-1.jpg\" alt=\"ciotole in fibra di bagassa\" width=\"1000\" height=\"1000\" srcset=\"https:\/\/www.bioleaderpack.com\/wp-content\/uploads\/2024\/11\/L1250-bottom-1.jpg.webp 1000w, https:\/\/www.bioleaderpack.com\/wp-content\/uploads\/2024\/11\/L1250-bottom-1-300x300.jpg.webp 300w, https:\/\/www.bioleaderpack.com\/wp-content\/uploads\/2024\/11\/L1250-bottom-1-100x100.jpg 100w, https:\/\/www.bioleaderpack.com\/wp-content\/uploads\/2024\/11\/L1250-bottom-1-600x600.jpg 600w, https:\/\/www.bioleaderpack.com\/wp-content\/uploads\/2024\/11\/L1250-bottom-1-150x150.jpg.webp 150w, https:\/\/www.bioleaderpack.com\/wp-content\/uploads\/2024\/11\/L1250-bottom-1-768x768.jpg.webp 768w\" sizes=\"(max-width: 1000px) 100vw, 1000px\" \/><\/td>\n<\/tr>\n<\/tbody>\n<\/table>\n<\/div>\n<\/div>\n<h2>Caratteristiche e vantaggi principali delle ciotole biodegradabili monouso in polpa di carta<\/h2>\n<h4>Rispettoso dell'ambiente<\/h4>\n<ul>\n<li><a href=\"https:\/\/www.bioleaderpack.com\/it\/sono-biodegradabili-e-compostabili-lo-stesso\/\" target=\"_blank\"><strong>Biodegradabile e compostabile<\/strong><\/a>: Queste ciotole biodegradabili usa e getta sono compostabili, il che rende pi\u00f9 facile l'ambiente nel lungo periodo e minaccia l'inquinamento da plastica.<\/li>\n<li><strong>Non tossico<\/strong>: Queste ciotole sono realizzate senza l'utilizzo di PFAS e BPA, il che le rende esenti da lisciviazione chimica nel cibo servito.<\/li>\n<\/ul>\n<h4>Applicazione multiuso:<\/h4>\n<ul>\n<li><strong>Adatto a tutti gli alimenti<\/strong>: Per asciugare le insalate e per servire la zuppa di noodles, queste ciotole sono adatte a contenere tutto. Sono anche chiamate ciotole biodegradabili.<\/li>\n<li><strong>Ottimo per la consegna e l'asporto<\/strong>: Queste ciotole monouso biodegradabili sono ideali per la consegna o l'asporto da parte di ristoranti, food truck e aziende di e-catering. Un efficace mezzo di imballaggio sostenibile.<\/li>\n<\/ul>\n<h2>Casi d'uso: Ogni ciotola di pasta di carta ha una sorta di applicazione e utilizzo in un determinato momento e luogo.<\/h2>\n<p>Queste ciotole in pasta di carta sono abbastanza versatili da poter essere utilizzate per molte applicazioni.<\/p>\n<ul>\n<li><strong>Ristoranti e negozi da asporto<\/strong>: Questo servizio \u00e8 molto utile nei negozi da asporto. Questi piatti sono atossici e non fanno seccare il cibo. Si mantengono freschi fino alla consegna.<\/li>\n<li><strong>Catering e altri eventi<\/strong>: Queste ciotole sono biodegradabili e consentono di organizzare piccole e grandi riunioni senza preoccuparsi di aggiungere inutili rifiuti ecologici. Questo vi permette di fare catering senza preoccuparvi dei rifiuti di plastica.<\/li>\n<li><strong>Picnic e attivit\u00e0 all'aperto<\/strong>: Le ciotole biodegradabili monouso possono essere un'ottima opzione per mangiare all'aperto o durante un picnic, perch\u00e9 sono leggere e resistenti.<\/li>\n<\/ul>\n<table style=\"border-collapse: collapse; width: 100%;\">\n<tbody>\n<tr>\n<td style=\"width: 100%;\"><img loading=\"lazy\" decoding=\"async\" class=\"size-full wp-image-2809\" src=\"https:\/\/www.bioleaderpack.com\/wp-content\/uploads\/2024\/11\/L750-1250-Sugarcane-bagasse-salad-bowl-750-1000-1250ml-1.jpg\" alt=\"ciotole biodegradabili\" width=\"1000\" height=\"1000\" srcset=\"https:\/\/www.bioleaderpack.com\/wp-content\/uploads\/2024\/11\/L750-1250-Sugarcane-bagasse-salad-bowl-750-1000-1250ml-1.jpg.webp 1000w, https:\/\/www.bioleaderpack.com\/wp-content\/uploads\/2024\/11\/L750-1250-Sugarcane-bagasse-salad-bowl-750-1000-1250ml-1-300x300.jpg.webp 300w, https:\/\/www.bioleaderpack.com\/wp-content\/uploads\/2024\/11\/L750-1250-Sugarcane-bagasse-salad-bowl-750-1000-1250ml-1-100x100.jpg 100w, https:\/\/www.bioleaderpack.com\/wp-content\/uploads\/2024\/11\/L750-1250-Sugarcane-bagasse-salad-bowl-750-1000-1250ml-1-600x600.jpg 600w, https:\/\/www.bioleaderpack.com\/wp-content\/uploads\/2024\/11\/L750-1250-Sugarcane-bagasse-salad-bowl-750-1000-1250ml-1-150x150.jpg.webp 150w, https:\/\/www.bioleaderpack.com\/wp-content\/uploads\/2024\/11\/L750-1250-Sugarcane-bagasse-salad-bowl-750-1000-1250ml-1-768x768.jpg.webp 768w\" sizes=\"(max-width: 1000px) 100vw, 1000px\" \/><\/td>\n<\/tr>\n<\/tbody>\n<\/table>\n<table style=\"border-collapse: collapse; width: 100%;\">\n<tbody>\n<tr>\n<td style=\"width: 33.3333%;\"><img loading=\"lazy\" decoding=\"async\" class=\"wp-image-2802 size-full\" src=\"https:\/\/www.bioleaderpack.com\/wp-content\/uploads\/2024\/11\/L750-1.jpg\" alt=\"Ciotole biodegradabili in bagassa di canna da zucchero per insalata\" width=\"1000\" height=\"1000\" srcset=\"https:\/\/www.bioleaderpack.com\/wp-content\/uploads\/2024\/11\/L750-1.jpg.webp 1000w, https:\/\/www.bioleaderpack.com\/wp-content\/uploads\/2024\/11\/L750-1-12x12.jpg 12w, https:\/\/www.bioleaderpack.com\/wp-content\/uploads\/2024\/11\/L750-1-150x150.jpg.webp 150w, https:\/\/www.bioleaderpack.com\/wp-content\/uploads\/2024\/11\/L750-1-300x300.jpg.webp 300w, https:\/\/www.bioleaderpack.com\/wp-content\/uploads\/2024\/11\/L750-1-768x768.jpg.webp 768w, https:\/\/www.bioleaderpack.com\/wp-content\/uploads\/2024\/11\/L750-1-600x600.jpg 600w, https:\/\/www.bioleaderpack.com\/wp-content\/uploads\/2024\/11\/L750-1-100x100.jpg 100w\" sizes=\"(max-width: 1000px) 100vw, 1000px\" \/><\/td>\n<td style=\"width: 33.3333%;\"><img loading=\"lazy\" decoding=\"async\" class=\"wp-image-2803 size-full\" src=\"https:\/\/www.bioleaderpack.com\/wp-content\/uploads\/2024\/11\/L1000-1.jpg\" alt=\"ciotole biodegradabili monouso\" width=\"1000\" height=\"1000\" srcset=\"https:\/\/www.bioleaderpack.com\/wp-content\/uploads\/2024\/11\/L1000-1.jpg.webp 1000w, https:\/\/www.bioleaderpack.com\/wp-content\/uploads\/2024\/11\/L1000-1-12x12.jpg 12w, https:\/\/www.bioleaderpack.com\/wp-content\/uploads\/2024\/11\/L1000-1-150x150.jpg.webp 150w, https:\/\/www.bioleaderpack.com\/wp-content\/uploads\/2024\/11\/L1000-1-300x300.jpg.webp 300w, https:\/\/www.bioleaderpack.com\/wp-content\/uploads\/2024\/11\/L1000-1-768x768.jpg.webp 768w, https:\/\/www.bioleaderpack.com\/wp-content\/uploads\/2024\/11\/L1000-1-600x600.jpg 600w, https:\/\/www.bioleaderpack.com\/wp-content\/uploads\/2024\/11\/L1000-1-100x100.jpg 100w\" sizes=\"(max-width: 1000px) 100vw, 1000px\" \/><\/td>\n<td style=\"width: 33.3333%;\"><img loading=\"lazy\" decoding=\"async\" class=\"wp-image-2807 size-full\" src=\"https:\/\/www.bioleaderpack.com\/wp-content\/uploads\/2024\/11\/L1250-1.jpg\" alt=\"Ciotole in fibra compostabile\" width=\"1000\" height=\"1000\" srcset=\"https:\/\/www.bioleaderpack.com\/wp-content\/uploads\/2024\/11\/L1250-1.jpg.webp 1000w, https:\/\/www.bioleaderpack.com\/wp-content\/uploads\/2024\/11\/L1250-1-12x12.jpg 12w, https:\/\/www.bioleaderpack.com\/wp-content\/uploads\/2024\/11\/L1250-1-150x150.jpg.webp 150w, https:\/\/www.bioleaderpack.com\/wp-content\/uploads\/2024\/11\/L1250-1-300x300.jpg.webp 300w, https:\/\/www.bioleaderpack.com\/wp-content\/uploads\/2024\/11\/L1250-1-768x768.jpg.webp 768w, https:\/\/www.bioleaderpack.com\/wp-content\/uploads\/2024\/11\/L1250-1-600x600.jpg 600w, https:\/\/www.bioleaderpack.com\/wp-content\/uploads\/2024\/11\/L1250-1-100x100.jpg 100w\" sizes=\"(max-width: 1000px) 100vw, 1000px\" \/><\/td>\n<\/tr>\n<\/tbody>\n<\/table>\n<h2>La crescente domanda di prodotti sostenibili<\/h2>\n<p>Con l'aumento dei consumatori attenti alle questioni ambientali, l'uso di ciotole in fibra compostabile \u00e8 in crescita. Le persone iniziano a essere socialmente responsabili delle loro azioni, scoprendo come le loro scelte influiscono sull'ambiente. Di conseguenza, si cercano opzioni che possano servire ai loro scopi senza danneggiare il pianeta.<\/p>\n<h4>Perch\u00e9 i clienti amano le ciotole in fibra di canna da zucchero:<\/h4>\n<ul>\n<li><strong>La sostenibilit\u00e0 al centro<\/strong>: Un numero sempre maggiore di clienti si rivolge alle ciotole in bagassa, in quanto rappresentano la migliore opzione ecologica per la vita quotidiana a basso sforzo, come la normale alimentazione, la conduzione di feste e persino per l'asporto.<\/li>\n<li><strong>Pratico per un'ampia gamma di alimenti<\/strong>: Queste ciotole biodegradabili funzionano bene con tutti i tipi di cibo! Che si tratti di insalate, zuppe o cibo da asporto, le prestazioni sono eccellenti.<\/li>\n<li><strong>Una scelta sicura<\/strong>: Con la preoccupazione per i contenitori per alimenti che potrebbero essere carichi di sostanze chimiche nocive, le ciotole di canna da zucchero diventano l'opzione migliore per questi consumatori, poich\u00e9 i contenitori sono privi di tali ingredienti.<\/li>\n<\/ul>\n<h2>Soluzioni su misura per le imprese<\/h2>\n<p>Una cosa su cui siamo d'accordo \u00e8 che l'immagine del marchio \u00e8 fondamentale quanto il prodotto. \u00c8 qui che ci distinguiamo: forniamo ciotole in fibra di canna da zucchero pronte all'uso e personalizzate, adatte alle esigenze di diverse aziende. Indipendentemente da chi sia il vostro pubblico o da dove vi rivolgiate a lui, sia esso globale o locale, la dimensione adatta pu\u00f2 essere determinata solo dalla confezione.<\/p>\n<h4>Offriamo personalizzazioni che includono:<\/h4>\n<ul>\n<li><strong>Imballaggio con marchio<\/strong>: I sacchi o le scatole possono avere loghi o disegni personalizzati per migliorare la visibilit\u00e0 del marchio della vostra azienda, consentendovi al contempo di utilizzare gli stessi per le vostre bocce di bagassa.<\/li>\n<li><strong>Variet\u00e0 di dimensioni<\/strong>: Anche se avete bisogno di servire porzioni singole per i pasti, non dovete preoccuparvi perch\u00e9 abbiamo una gamma di formati, anche grandi porzioni che vengono utilizzate per il catering.<\/li>\n<\/ul>\n<h2>Domande e risposte pi\u00f9 frequenti sulle ciotole in fibra di bagassa di canna da zucchero<\/h2>\n<ol>\n<li><strong>Queste ciotole possono essere utilizzate nel microonde?<\/strong><\/li>\n<\/ol>\n<p>La presenza di una funzione per il microonde \u00e8 molto comoda e si d\u00e0 il caso che le ciotole di canna da zucchero siano adatte al microonde. Quindi si possono utilizzare per riscaldare velocemente i cibi.<\/p>\n<ol start=\"2\">\n<li><strong>Queste ciotole sono in grado di sopportare cibi caldi?<\/strong><\/li>\n<\/ol>\n<p>Non dovrete assolutamente preoccuparvi, perch\u00e9 le nostre ciotole in fibra di bagassa sono abbastanza resistenti da sopportare temperature che vanno dal congelamento all'ebollizione.<\/p>\n<ol start=\"3\">\n<li><strong>Qual \u00e8 la durata di vita di queste ciotole in termini di decomposizione?<\/strong><\/li>\n<\/ol>\n<p>Esistono prove a sostegno della constatazione che attestano che\u00a0<a href=\"https:\/\/www.bioleaderpack.com\/it\/prodotto\/piatti-e-ciotole-biodegradabili-e-compostabili\/\" target=\"_blank\" rel=\"noopener\" data-wpil-monitor-id=\"2131\">ciotole compostabili<\/a>\u00a0in condizioni ideali pu\u00f2 decomporsi in pezzi delle dimensioni di un granello in 60 giorni, aiutando cos\u00ec l'ambiente piuttosto che ricorrere alla plastica.<\/p>\n<h2>Perch\u00e9 scegliere le ciotole in fibra di bagassa di canna da zucchero Bioleader\u00ae?<\/h2>\n<div class=\"semantic-content-block\" style=\"background: #f9fafb; border-left: 4px solid #43a047; padding: 14px 18px 16px 18px; margin-bottom: 20px;\"><strong>Compostabilit\u00e0 e conformit\u00e0:<\/strong><br \/>\nQueste ciotole sono realizzate con bagassa di canna da zucchero 100%, che offre una completa compostabilit\u00e0 e una biodegradabilit\u00e0 certificata (EN13432, BPI, FDA food contact safe). Si decompongono naturalmente, riducendo i rifiuti in discarica e sostenendo le tendenze eco-regolatorie globali.<strong>Prestazioni per la ristorazione moderna:<\/strong><br \/>\nProgettate per le esigenze del mondo reale, le ciotole sono a prova di perdite, resistenti al grasso e sicure per l'uso in microonde e congelatori. I formati multipli (750 ml, 1000 ml, 1250 ml) si adattano a tutto, dalle insalate fresche ai noodles caldi e alle porzioni per il catering.<strong>Valore del marchio e adattamento al mercato:<\/strong><br \/>\nGrazie alla stampa personalizzabile, le ciotole aiutano i marchi alimentari a migliorare le credenziali ecologiche e la percezione da parte dei clienti, aspetto cruciale in quanto la sostenibilit\u00e0 influenza le tendenze della ristorazione e del take away in tutto il mondo. La fornitura in grandi quantit\u00e0 direttamente dalla fabbrica garantisce l'efficienza dei costi.<strong>L'intuizione degli esperti:<\/strong><br \/>\n\"Con l'avanzare dei divieti sulla plastica monouso e delle normative EPR a livello globale, le ciotole in fibra compostabili di Bioleader offrono una soluzione di packaging pronta per il futuro, in linea con le priorit\u00e0 ambientali e operative di ristoranti e aziende di catering.\"<strong>Punto di decisione:<\/strong><br \/>\nPer gli acquirenti di prodotti alimentari che cercano di combinare sostenibilit\u00e0, conformit\u00e0 e prestazioni pratiche, le ciotole in bagassa di canna da zucchero di Bioleader sono una scelta collaudata e pronta per il mercato, direttamente dal produttore.<\/div>\n<p>&nbsp;<\/p>\n<p><script type=\"application\/ld+json\">{\n    \"@context\": \"https:\\\/\\\/schema.org\",\n    \"@type\": \"FAQPage\",\n    \"mainEntity\": [\n        {\n            \"@type\": \"Question\",\n            \"name\": \"Can these bowls be used in a microwave?\",\n            \"acceptedAnswer\": {\n                \"@type\": \"Answer\",\n                \"text\": \"Providing a microwave-safe feature is very convenient, and yes sugarcane bowls happen to be microwave-safe. So you can consider them for quick food reheating.\"\n            }\n        },\n        {\n            \"@type\": \"Question\",\n            \"name\": \"Will these bowls be able to withstand hot foods?\",\n            \"acceptedAnswer\": {\n                \"@type\": \"Answer\",\n                \"text\": \"Definitely, you will not have to be concerned about that as our bagasse fiber bowls are strong enough to withstand near-freezing to boiling temperatures.\"\n            }\n        },\n        {\n            \"@type\": \"Question\",\n            \"name\": \"What is the life span of these bowls in terms of decomposition?\",\n            \"acceptedAnswer\": {\n                \"@type\": \"Answer\",\n                \"text\": \"There is evidence that supports the finding attesting that compostable bowls under ideal conditions can decompose into pieces the size of grains in 60 days sure helps the environment rather than resorting to plastic.\"\n            }\n        }\n    ]\n}<\/script><\/p>","protected":false},"excerpt":{"rendered":"<p>In un'epoca che richiede soluzioni sostenibili, <a href=\"https:\/\/www.bioleaderpack.com\/it\/prodotto\/ciotole-in-fibra-compostabile-di-bagassa-di-canna-da-zucchero\/\" target=\"_blank\" rel=\"noopener\" data-wpil-monitor-id=\"2312\">Le ciotole in fibra compostabile in bagassa di canna da zucchero di Bioleader<\/a><strong> (750ml, 1000ml, 1250ml)<\/strong> ridefiniscono il concetto di imballaggio alimentare ecologico. Realizzate con polpa di canna da zucchero rapidamente rinnovabile, queste ciotole offrono piena compostabilit\u00e0 e biodegradabilit\u00e0, garantendo al tempo stesso solide prestazioni: resistenti all'olio, alle perdite, al microonde e al congelatore. Versatili per insalate, noodles, riso o pasti da asporto, sono ideali per ristoranti, catering e marchi di ristorazione che perseguono sostenibilit\u00e0 e qualit\u00e0. Grazie alla stampa personalizzabile, ai prezzi di fabbrica competitivi e alla rigorosa certificazione internazionale, Bioleader si posiziona come produttore di riferimento per gli acquirenti di imballaggi alimentari di nuova generazione.<\/p>","protected":false},"featured_media":2807,"comment_status":"open","ping_status":"closed","template":"","meta":{"_acf_changed":false},"product_brand":[8971],"product_cat":[7150,7146,7145],"product_tag":[6754,6797,6798,6772,6799],"class_list":{"0":"post-13564","1":"product","2":"type-product","3":"status-publish","4":"has-post-thumbnail","6":"product_brand-bioleader","7":"product_cat-bagasse-bowl","8":"product_cat-bagasse-food-container","9":"product_cat-bagasse-packaging","10":"product_tag-bagasse-bowls","11":"product_tag-bagasse-fiber-bowls","12":"product_tag-compostable-fiber-bowls","13":"product_tag-sugarcane-bowls","14":"product_tag-sugarcane-fiber-bowls","16":"first","17":"instock","18":"purchasable","19":"product-type-simple"},"acf":[],"_links":{"self":[{"href":"https:\/\/www.bioleaderpack.com\/it\/wp-json\/wp\/v2\/product\/13564","targetHints":{"allow":["GET"]}}],"collection":[{"href":"https:\/\/www.bioleaderpack.com\/it\/wp-json\/wp\/v2\/product"}],"about":[{"href":"https:\/\/www.bioleaderpack.com\/it\/wp-json\/wp\/v2\/types\/product"}],"replies":[{"embeddable":true,"href":"https:\/\/www.bioleaderpack.com\/it\/wp-json\/wp\/v2\/comments?post=13564"}],"wp:featuredmedia":[{"embeddable":true,"href":"https:\/\/www.bioleaderpack.com\/it\/wp-json\/wp\/v2\/media\/2807"}],"wp:attachment":[{"href":"https:\/\/www.bioleaderpack.com\/it\/wp-json\/wp\/v2\/media?parent=13564"}],"wp:term":[{"taxonomy":"product_brand","embeddable":true,"href":"https:\/\/www.bioleaderpack.com\/it\/wp-json\/wp\/v2\/product_brand?post=13564"},{"taxonomy":"product_cat","embeddable":true,"href":"https:\/\/www.bioleaderpack.com\/it\/wp-json\/wp\/v2\/product_cat?post=13564"},{"taxonomy":"product_tag","embeddable":true,"href":"https:\/\/www.bioleaderpack.com\/it\/wp-json\/wp\/v2\/product_tag?post=13564"}],"curies":[{"name":"wp","href":"https:\/\/api.w.org\/{rel}","templated":true}]}}