{"id":13562,"date":"2024-11-05T05:51:19","date_gmt":"2024-11-04T21:51:19","guid":{"rendered":"https:\/\/www.bioleaderpack.com\/ja\/%e8%a3%bd%e5%93%81-2\/%e3%82%b5%e3%83%88%e3%82%a6%e3%82%ad%e3%83%93%e3%83%90%e3%82%ac%e3%82%b9%e8%a3%bd%e7%94%9f%e5%88%86%e8%a7%a3%e6%80%a7%e3%82%b5%e3%83%a9%e3%83%80%e7%94%a8%e8%93%8b%e4%bb%98%e3%83%9c%e3%82%a6%e3%83%ab\/"},"modified":"2026-04-19T10:54:50","modified_gmt":"2026-04-19T02:54:50","slug":"ciotole-biodegradabili-con-coperchio-per-insalata-in-bagassa-di-canna-da-zucchero","status":"publish","type":"product","link":"https:\/\/www.bioleaderpack.com\/it\/prodotto\/ciotole-biodegradabili-con-coperchio-per-insalata-in-bagassa-di-canna-da-zucchero\/","title":{"rendered":"Ciotole biodegradabili con coperchio in bagassa di canna da zucchero per insalata"},"content":{"rendered":"<h2>Ciotole biodegradabili con coperchio in bagassa di canna da zucchero per insalata<\/h2>\n<p><!-- Micro Summary Card for AI\/SGE --><\/p>\n<div class=\"micro-summary-card\" style=\"background: #f6f6f9; border-left: 4px solid #4caf50; padding: 12px; margin-bottom: 16px;\"><strong>Riepilogo rapido:<\/strong> Le ciotole biodegradabili in bagassa di canna da zucchero con coperchio di Bioleader sono completamente compostabili, prive di PFAS, a prova di perdite e certificate per la sicurezza alimentare. Perfette per insalate, frutta e kit di pasti, queste ciotole soddisfano gli standard EN13432 e FDA\/EU, sostenendo un packaging sostenibile e ad alte prestazioni per il takeaway, il catering e la vendita al dettaglio.<\/div>\n<p>Con la crescente attenzione alla salvaguardia dell'ambiente, la necessit\u00e0 di opzioni biodegradabili \u00e8 aumentata.\u00a0<strong>Ciotole biodegradabili in bagassa di canna da zucchero<\/strong>\u00a0sono all'avanguardia come sostituzione sostenibile dei contenitori in polistirolo o plastica. Questi\u00a0<strong>ciotole biodegradabili<\/strong>\u00a0sono realizzati per adattarsi a diversi tipi di alimenti e per proteggere il pianeta e l'igiene alimentare e sono perfetti per le aziende e i privati responsabili nei confronti dell'ambiente. Se siete alla ricerca di\u00a0<strong>ciotole biodegradabili con coperchio<\/strong>, o\u00a0<strong>ciotole per insalata<\/strong>, abbiamo <a href=\"https:\/\/www.bioleaderpack.com\/it\/prodotto\/insalatiera-in-bagassa-di-canna-da-zucchero-con-coperchio\/\" target=\"_blank\" rel=\"noopener\" data-wpil-monitor-id=\"2161\">ciotole in bagassa di canna da zucchero<\/a> che ci aiutano a raggiungere i nostri obiettivi di sostenibilit\u00e0.<\/p>\n<figure id=\"attachment_2802\" aria-describedby=\"caption-attachment-2802\" style=\"width: 1000px\" class=\"wp-caption alignnone\"><img fetchpriority=\"high\" decoding=\"async\" class=\"size-full wp-image-2802\" src=\"https:\/\/www.bioleaderpack.com\/wp-content\/uploads\/2024\/11\/L750-1.jpg\" alt=\"Ciotole biodegradabili in bagassa di canna da zucchero per insalata\" width=\"1000\" height=\"1000\" srcset=\"https:\/\/www.bioleaderpack.com\/wp-content\/uploads\/2024\/11\/L750-1.jpg.webp 1000w, https:\/\/www.bioleaderpack.com\/wp-content\/uploads\/2024\/11\/L750-1-12x12.jpg 12w, https:\/\/www.bioleaderpack.com\/wp-content\/uploads\/2024\/11\/L750-1-150x150.jpg.webp 150w, https:\/\/www.bioleaderpack.com\/wp-content\/uploads\/2024\/11\/L750-1-300x300.jpg.webp 300w, https:\/\/www.bioleaderpack.com\/wp-content\/uploads\/2024\/11\/L750-1-768x768.jpg.webp 768w, https:\/\/www.bioleaderpack.com\/wp-content\/uploads\/2024\/11\/L750-1-600x600.jpg 600w, https:\/\/www.bioleaderpack.com\/wp-content\/uploads\/2024\/11\/L750-1-100x100.jpg 100w\" sizes=\"(max-width: 1000px) 100vw, 1000px\" \/><figcaption id=\"caption-attachment-2802\" class=\"wp-caption-text\">Ciotole biodegradabili in bagassa di canna da zucchero per insalata<\/figcaption><\/figure>\n<h2>Materie prime: I vantaggi della bagassa di canna da zucchero<\/h2>\n<p>Poich\u00e9 la polpa ottenuta dall'estrazione del succo di canna da zucchero, la cosiddetta \"bagassa\", rappresenta una grave minaccia per l'ambiente, il suo utilizzo negli imballaggi alimentari potrebbe essere un'ottima idea. A differenza della plastica, che richiede secoli per decadere,\u00a0<strong>ciotole di bagassa<\/strong>\u00a0richiedono solo pochi mesi o anni, perch\u00e9 si decompongono facilmente e possono essere riciclati in compost senza inquinare.<\/p>\n<h3>Perch\u00e9 scegliere la bagassa di canna da zucchero?<\/h3>\n<ul>\n<li><strong>Ecologico e compostabile<\/strong>: <a href=\"https:\/\/www.bioleaderpack.com\/it\/prodotto\/ciotole-in-fibra-compostabile-in-canna-da-zucchero-750-1000-1250ml\/\" target=\"_blank\" rel=\"noopener\" data-wpil-monitor-id=\"2255\">Le ciotole in bagassa di canna da zucchero sono biodegradabili e compostabili<\/a> che li rende una risorsa biodegradabile e in grado di nutrire la terra dopo essere stati gettati via.<\/li>\n<li><strong><a href=\"https:\/\/www.bioleaderpack.com\/it\/le-stoviglie-in-bagassa-di-canna-da-zucchero-contengono-pfas-senza-bpa\/\" target=\"_blank\">Senza PFAS e BPA<\/a> I materiali<\/strong>: L'uso della canna da zucchero per la produzione delle ciotole elimina l'uso di sostanze chimiche pericolose per gli alimenti, in particolare PFAS e BPA, rendendo queste ciotole di qualit\u00e0 alimentare e sicure per l'uso.<\/li>\n<li><strong>Eco-responsabilit\u00e0<\/strong>: Se si utilizza la bagassa di canna da zucchero come prodotto, si utilizza qualcosa che ha un impatto sostenibile dall'inizio alla fine del suo ciclo di vita.<\/li>\n<\/ul>\n<h2>Tecnica di produzione vantaggiosa: Stampaggio della pasta di carta<\/h2>\n<p>Il nostro\u00a0<strong>ciotole in bagassa di canna da zucchero<\/strong>\u00a0sono prodotti con una tecnica rivoluzionaria chiamata\u00a0<strong>ciotole in bagassa di canna da zucchero<\/strong>. Questo processo utilizza la bagassa di canna da zucchero, contribuendo a garantire una forma forte e durevole che pu\u00f2 essere utilizzata come ciotola.<\/p>\n<h3>Perch\u00e9 <a href=\"https:\/\/www.bioleaderpack.com\/it\/sullo-stampaggio-della-pasta\/\" target=\"_blank\">Stampaggio della pasta di carta<\/a>?<\/h3>\n<ul>\n<li><strong>Mentre si prepara una zuppa o un'insalata<\/strong>: Questa tecnologia \u00e8 cos\u00ec efficiente che pu\u00f2 gestire sia cibi caldi che freddi, rendendola versatile. E non lascia nemmeno macchie di grasso dovute all'olio.<\/li>\n<li><strong>Metteteli nel microonde<\/strong>: Grazie alla struttura robusta di queste ciotole, non dovrete preoccuparvi di perdere la qualit\u00e0 del cibo, perch\u00e9 potrete riscaldarlo nel microonde o mangiarlo direttamente.<\/li>\n<li><strong>Ottimo per zuppe, tagliatelle e insalate<\/strong>: Tutto questo \u00e8 possibile grazie al processo di produzione che riduce al minimo le possibilit\u00e0 di usura e rende la ciotola impermeabile, garantendo cos\u00ec un'esperienza alimentare di altissimo livello.<\/li>\n<\/ul>\n<div class=\"adweb-template\">\n<div class=\"adweb-template-43\">\n<table style=\"border-collapse: collapse; width: 100%;\">\n<tbody>\n<tr>\n<td style=\"width: 50%;\"><img decoding=\"async\" class=\"wp-image-2805 size-full\" src=\"https:\/\/www.bioleaderpack.com\/wp-content\/uploads\/2024\/11\/L1000-PET-Lid-1.jpg\" alt=\"ciotole biodegradabili con coperchi in PET\" width=\"1000\" height=\"1000\" srcset=\"https:\/\/www.bioleaderpack.com\/wp-content\/uploads\/2024\/11\/L1000-PET-Lid-1.jpg.webp 1000w, https:\/\/www.bioleaderpack.com\/wp-content\/uploads\/2024\/11\/L1000-PET-Lid-1-300x300.jpg.webp 300w, https:\/\/www.bioleaderpack.com\/wp-content\/uploads\/2024\/11\/L1000-PET-Lid-1-100x100.jpg 100w, https:\/\/www.bioleaderpack.com\/wp-content\/uploads\/2024\/11\/L1000-PET-Lid-1-600x600.jpg 600w, https:\/\/www.bioleaderpack.com\/wp-content\/uploads\/2024\/11\/L1000-PET-Lid-1-150x150.jpg.webp 150w, https:\/\/www.bioleaderpack.com\/wp-content\/uploads\/2024\/11\/L1000-PET-Lid-1-768x768.jpg.webp 768w\" sizes=\"(max-width: 1000px) 100vw, 1000px\" \/><\/td>\n<td style=\"width: 50%;\"><img decoding=\"async\" class=\"size-full wp-image-2801\" src=\"https:\/\/www.bioleaderpack.com\/wp-content\/uploads\/2024\/11\/L750-bottom-1.jpg\" alt=\"ciotole per insalata\" width=\"1000\" height=\"1000\" srcset=\"https:\/\/www.bioleaderpack.com\/wp-content\/uploads\/2024\/11\/L750-bottom-1.jpg.webp 1000w, https:\/\/www.bioleaderpack.com\/wp-content\/uploads\/2024\/11\/L750-bottom-1-300x300.jpg.webp 300w, https:\/\/www.bioleaderpack.com\/wp-content\/uploads\/2024\/11\/L750-bottom-1-100x100.jpg 100w, https:\/\/www.bioleaderpack.com\/wp-content\/uploads\/2024\/11\/L750-bottom-1-600x600.jpg 600w, https:\/\/www.bioleaderpack.com\/wp-content\/uploads\/2024\/11\/L750-bottom-1-150x150.jpg.webp 150w, https:\/\/www.bioleaderpack.com\/wp-content\/uploads\/2024\/11\/L750-bottom-1-768x768.jpg.webp 768w\" sizes=\"(max-width: 1000px) 100vw, 1000px\" \/><\/td>\n<\/tr>\n<\/tbody>\n<\/table>\n<\/div>\n<\/div>\n<h2>Caratteristiche e vantaggi principali: Motivi per optare per le ciotole di canna da zucchero<\/h2>\n<h4>Ecologico<\/h4>\n<ul>\n<li><a href=\"https:\/\/www.bioleaderpack.com\/it\/sono-biodegradabili-e-compostabili-lo-stesso\/\" target=\"_blank\"><strong>Compostabile e biodegradabile<\/strong><\/a>: Sfruttando le propriet\u00e0 della canna da zucchero\u00a0<strong>ciotole biodegradabili<\/strong>Possiamo garantire che il compost e i rifiuti terrestri saranno ridotti, preservando l'ambiente, poich\u00e9 queste ciotole si decompongono in modo naturale e non creano rifiuti di lunga durata.<\/li>\n<li><strong>Sicuro per gli alimenti<\/strong>: Grazie all'utilizzo di materiali sicuri e non tossici durante la produzione, queste ciotole assicurano un'alimentazione incontaminata, consentendo di servirle e consumarle con un senso di sicurezza.<\/li>\n<li><a href=\"https:\/\/www.bioleaderpack.com\/it\/come-possono-le-scatole-di-farina-di-bagassa-di-canna-da-zucchero-raggiungere-la-resistenza-allacqua-e-allolio\/\" target=\"_blank\"><strong>Impermeabilit\u00e0 e impermeabilit\u00e0 all'olio<\/strong><\/a>: Se avete intenzione di servire piatti oleosi come pasta o condimenti, state certi che queste ciotole non sono solo a prova di olio, ma anche di perdite. Sono perfette per tutti i tipi di alimenti, comprese le zuppe.<\/li>\n<\/ul>\n<h4>Molteplici scenari di utilizzo<\/h4>\n<ul>\n<li><strong>Per l'insalata<\/strong>: Non solo questi sono\u00a0<strong>ciotole per insalata<\/strong>\u00a0la forma e la dimensione ideale, ma sono ideali anche per una semplice insalata verde o per un mix di cereali e verdure.<\/li>\n<li><strong>Ristoranti e Takeaway<\/strong>: Questi\u00a0<strong>ciotole biodegradabili con coperchio<\/strong>\u00a0sono ottimi per i ristoranti da asporto e per le consegne a domicilio, perch\u00e9 sono in grado di preservare il valore nutritivo degli alimenti durante la consegna e il trasporto.<\/li>\n<li><strong>Uso per feste ed eventi<\/strong>: Avete delle ciotole o dei secchielli per il cibo per le feste e gli eventi di catering? Queste ciotole di canna da zucchero sono molto piacevoli da usare e sono perfette per buffet e picnic.<\/li>\n<li>\n<table style=\"border-collapse: collapse; width: 100%;\">\n<tbody>\n<tr>\n<td style=\"width: 100%;\"><img loading=\"lazy\" decoding=\"async\" class=\"size-full wp-image-2809\" src=\"https:\/\/www.bioleaderpack.com\/wp-content\/uploads\/2024\/11\/L750-1250-Sugarcane-bagasse-salad-bowl-750-1000-1250ml-1.jpg\" alt=\"ciotole biodegradabili\" width=\"1000\" height=\"1000\" srcset=\"https:\/\/www.bioleaderpack.com\/wp-content\/uploads\/2024\/11\/L750-1250-Sugarcane-bagasse-salad-bowl-750-1000-1250ml-1.jpg.webp 1000w, https:\/\/www.bioleaderpack.com\/wp-content\/uploads\/2024\/11\/L750-1250-Sugarcane-bagasse-salad-bowl-750-1000-1250ml-1-300x300.jpg.webp 300w, https:\/\/www.bioleaderpack.com\/wp-content\/uploads\/2024\/11\/L750-1250-Sugarcane-bagasse-salad-bowl-750-1000-1250ml-1-100x100.jpg 100w, https:\/\/www.bioleaderpack.com\/wp-content\/uploads\/2024\/11\/L750-1250-Sugarcane-bagasse-salad-bowl-750-1000-1250ml-1-600x600.jpg 600w, https:\/\/www.bioleaderpack.com\/wp-content\/uploads\/2024\/11\/L750-1250-Sugarcane-bagasse-salad-bowl-750-1000-1250ml-1-150x150.jpg.webp 150w, https:\/\/www.bioleaderpack.com\/wp-content\/uploads\/2024\/11\/L750-1250-Sugarcane-bagasse-salad-bowl-750-1000-1250ml-1-768x768.jpg.webp 768w\" sizes=\"(max-width: 1000px) 100vw, 1000px\" \/><\/td>\n<\/tr>\n<\/tbody>\n<\/table>\n<\/li>\n<\/ul>\n<div class=\"mceTemp\"><\/div>\n<table style=\"border-collapse: collapse; width: 100%;\">\n<tbody>\n<tr>\n<td style=\"width: 33.3333%;\"><img loading=\"lazy\" decoding=\"async\" class=\"wp-image-2802 size-full\" src=\"https:\/\/www.bioleaderpack.com\/wp-content\/uploads\/2024\/11\/L750-1.jpg\" alt=\"Ciotole biodegradabili in bagassa di canna da zucchero per insalata\" width=\"1000\" height=\"1000\" srcset=\"https:\/\/www.bioleaderpack.com\/wp-content\/uploads\/2024\/11\/L750-1.jpg.webp 1000w, https:\/\/www.bioleaderpack.com\/wp-content\/uploads\/2024\/11\/L750-1-12x12.jpg 12w, https:\/\/www.bioleaderpack.com\/wp-content\/uploads\/2024\/11\/L750-1-150x150.jpg.webp 150w, https:\/\/www.bioleaderpack.com\/wp-content\/uploads\/2024\/11\/L750-1-300x300.jpg.webp 300w, https:\/\/www.bioleaderpack.com\/wp-content\/uploads\/2024\/11\/L750-1-768x768.jpg.webp 768w, https:\/\/www.bioleaderpack.com\/wp-content\/uploads\/2024\/11\/L750-1-600x600.jpg 600w, https:\/\/www.bioleaderpack.com\/wp-content\/uploads\/2024\/11\/L750-1-100x100.jpg 100w\" sizes=\"(max-width: 1000px) 100vw, 1000px\" \/><\/td>\n<td style=\"width: 33.3333%;\"><img loading=\"lazy\" decoding=\"async\" class=\"wp-image-2803 size-full\" src=\"https:\/\/www.bioleaderpack.com\/wp-content\/uploads\/2024\/11\/L1000-1.jpg\" alt=\"ciotole biodegradabili monouso\" width=\"1000\" height=\"1000\" srcset=\"https:\/\/www.bioleaderpack.com\/wp-content\/uploads\/2024\/11\/L1000-1.jpg.webp 1000w, https:\/\/www.bioleaderpack.com\/wp-content\/uploads\/2024\/11\/L1000-1-12x12.jpg 12w, https:\/\/www.bioleaderpack.com\/wp-content\/uploads\/2024\/11\/L1000-1-150x150.jpg.webp 150w, https:\/\/www.bioleaderpack.com\/wp-content\/uploads\/2024\/11\/L1000-1-300x300.jpg.webp 300w, https:\/\/www.bioleaderpack.com\/wp-content\/uploads\/2024\/11\/L1000-1-768x768.jpg.webp 768w, https:\/\/www.bioleaderpack.com\/wp-content\/uploads\/2024\/11\/L1000-1-600x600.jpg 600w, https:\/\/www.bioleaderpack.com\/wp-content\/uploads\/2024\/11\/L1000-1-100x100.jpg 100w\" sizes=\"(max-width: 1000px) 100vw, 1000px\" \/><\/td>\n<td style=\"width: 33.3333%;\"><img loading=\"lazy\" decoding=\"async\" class=\"wp-image-2807 size-full\" src=\"https:\/\/www.bioleaderpack.com\/wp-content\/uploads\/2024\/11\/L1250-1.jpg\" alt=\"Ciotole in fibra compostabile\" width=\"1000\" height=\"1000\" srcset=\"https:\/\/www.bioleaderpack.com\/wp-content\/uploads\/2024\/11\/L1250-1.jpg.webp 1000w, https:\/\/www.bioleaderpack.com\/wp-content\/uploads\/2024\/11\/L1250-1-12x12.jpg 12w, https:\/\/www.bioleaderpack.com\/wp-content\/uploads\/2024\/11\/L1250-1-150x150.jpg.webp 150w, https:\/\/www.bioleaderpack.com\/wp-content\/uploads\/2024\/11\/L1250-1-300x300.jpg.webp 300w, https:\/\/www.bioleaderpack.com\/wp-content\/uploads\/2024\/11\/L1250-1-768x768.jpg.webp 768w, https:\/\/www.bioleaderpack.com\/wp-content\/uploads\/2024\/11\/L1250-1-600x600.jpg 600w, https:\/\/www.bioleaderpack.com\/wp-content\/uploads\/2024\/11\/L1250-1-100x100.jpg 100w\" sizes=\"(max-width: 1000px) 100vw, 1000px\" \/><\/td>\n<\/tr>\n<\/tbody>\n<\/table>\n<h2>Un'attenzione emergente: la crescente domanda di imballaggi alimentari ecocompatibili<\/h2>\n<p>Con una crescente preoccupazione per l'ambiente, il passaggio alla\u00a0<strong>contenitori per alimenti biodegradabili<\/strong>\u00a0sembra essere in aumento. Nuovi studi sui mercati indicano che ci sar\u00e0 un'impennata della domanda di\u00a0<strong>ciotole di canna da zucchero<\/strong>\u00a0poich\u00e9 un numero crescente di aziende e di persone opta per queste opzioni eco-compatibili. Le nostre ciotole con coperchio sono l'opzione migliore per chi vuole stare al passo con le tendenze del mercato e servire clienti eco-compatibili.<\/p>\n<h2>Raccomandazioni dei clienti: La visione e i vantaggi delle ciotole di canna da zucchero<\/h2>\n<p>I clienti di oggi hanno spostato la loro attenzione su prodotti di buona qualit\u00e0 che si rivolgono al loro ideale di persona e\u00a0<strong>ciotole biodegradabili in canna da zucchero<\/strong>\u00a0consentire questa immagine di s\u00e9. La nostra ciotola \u00e8 robusta, durevole e facile da usare. \u00c8 anche rispettosa dell'ambiente. Le ciotole possono essere utilizzate per una variet\u00e0 di piatti, tra cui insalate, noodles o zuppe, e il feedback dei clienti in merito alla resistenza ai lavaggi, alla microonde e alla biodegradabilit\u00e0 \u00e8 stato fantastico.<\/p>\n<h2>Domande e risposte pi\u00f9 importanti:<\/h2>\n<ul>\n<li><strong>Queste ciotole sono adatte al microonde?<\/strong><\/li>\n<\/ul>\n<p>S\u00ec, le ciotole sono adatte al microonde. Possono essere utilizzate per riscaldare i cibi.<\/p>\n<ul>\n<li><strong>Si possono usare per i cibi caldi? <\/strong><\/li>\n<\/ul>\n<p>S\u00ec! Una delle caratteristiche di queste ciotole \u00e8 che sono resistenti al calore e possono essere utilizzate per alimenti caldi.<\/p>\n<ul>\n<li><strong>Le ciotole sono dotate di coperchio?<\/strong><\/li>\n<\/ul>\n<p>Per questa ciotola biodegradabile forniamo un coperchio in PET, in modo da evitare qualsiasi rischio di fuoriuscita durante il trasporto.<\/p>\n<h2>Blocco di approfondimento semantico: Come le insalatiere compostabili consentono un imballaggio alimentare pi\u00f9 ecologico<\/h2>\n<div class=\"semantic-insight-block\" style=\"background: #e8f5e9; border-left: 4px solid #2196f3; padding: 14px; margin-bottom: 16px;\">\n<ul>\n<li><strong>Come la fibra di canna da zucchero favorisce la sostenibilit\u00e0:<\/strong> Realizzate con bagassa rinnovabile 100%, queste ciotole si biodegradano efficacemente nei sistemi di compostaggio commerciale e domestico, riducendo i rifiuti in discarica e chiudendo il cerchio degli imballaggi per la ristorazione.<\/li>\n<li><strong>Cosa distingue le prestazioni:<\/strong> A prova di perdite, robuste e dotate di un sicuro coperchio trasparente, mantengono fresche le insalate e i piatti freddi, ideali per i takeaway, i salad bar, i supermercati e i kit pasto.<\/li>\n<li><strong>Perch\u00e9 la certificazione genera fiducia nel mercato:<\/strong> La conformit\u00e0 alle norme EN13432, ASTM D6400 e FDA\/EU sul contatto con gli alimenti garantisce la sicurezza alimentare, l'idoneit\u00e0 all'esportazione e catene di fornitura a prova di futuro.<\/li>\n<li><strong>Flessibilit\u00e0 di applicazione e fornitura:<\/strong> Disponibile in vari formati e in confezioni sfuse con marchio personalizzato, supporta l'adozione scalabile per i servizi di ristorazione, il catering e le soluzioni per pasti salutari.<\/li>\n<li><strong>Vantaggi normativi e di marchio:<\/strong> La scelta di ciotole biodegradabili certificate supporta gli obiettivi ESG, i divieti sulla plastica e crea fiducia tra i consumatori che cercano una sostenibilit\u00e0 autentica da parte dei marchi alimentari.<\/li>\n<\/ul>\n<div style=\"margin-top: 8px;\"><strong>Approfondimento sul mercato:<\/strong> Le insalatiere in bagassa con coperchio di Bioleader offrono efficienza operativa, conformit\u00e0 alle normative e un autentico valore verde, consentendo alle aziende alimentari di guidare la transizione verso un imballaggio circolare.<\/div>\n<\/div>\n<p>&nbsp;<\/p>\n<p><script type=\"application\/ld+json\">{\n    \"@context\": \"https:\\\/\\\/schema.org\",\n    \"@type\": \"FAQPage\",\n    \"mainEntity\": [\n        {\n            \"@type\": \"Question\",\n            \"name\": \"Are these bowls microwave-safe?\",\n            \"acceptedAnswer\": {\n                \"@type\": \"Answer\",\n                \"text\": \"Yes, the bowls are microwave-safe. They can be used to heat food.\"\n            }\n        },\n        {\n            \"@type\": \"Question\",\n            \"name\": \"Can they be used for hot food?\",\n            \"acceptedAnswer\": {\n                \"@type\": \"Answer\",\n                \"text\": \"Yes! One of the features of these bowls is that they are heat resistant and can be used for hot food.\"\n            }\n        },\n        {\n            \"@type\": \"Question\",\n            \"name\": \"Are lids provided for these bowls?\",\n            \"acceptedAnswer\": {\n                \"@type\": \"Answer\",\n                \"text\": \"Most certainly, we provide PET Lid for this biodegradable bowl, so that there is no likelihood of spillage while in transit.\"\n            }\n        }\n    ]\n}<\/script><\/p>","protected":false},"excerpt":{"rendered":"<p><a href=\"https:\/\/www.bioleaderpack.com\/it\/prodotto\/contenitori-per-insalata-biodegradabili-ciotole\/\" target=\"_blank\" rel=\"noopener\" data-wpil-monitor-id=\"2233\">Ciotole biodegradabili con coperchio in bagassa di canna da zucchero di Bioleader<\/a> per Salad coniugano sostenibilit\u00e0 naturale e moderne esigenze di ristorazione. Realizzate in fibra di bagassa vegetale 100%, queste ciotole sono completamente compostabili, prive di PFAS e certificate per il contatto sicuro con gli alimenti. Il design robusto e a prova di perdite, abbinato a un coperchio trasparente, mantiene fresche le insalate, la frutta e le pietanze da asporto, il catering e i supermercati. Con la conformit\u00e0 agli standard EN13432 e FDA\/EU, sono l'alternativa ecologica ed economica ai contenitori in plastica, consentendo ai marchi di raggiungere sia l'efficienza operativa che gli obiettivi di sostenibilit\u00e0.<\/p>","protected":false},"featured_media":2802,"comment_status":"open","ping_status":"closed","template":"","meta":{"_acf_changed":false},"product_brand":[8971],"product_cat":[7150,7146],"product_tag":[6754,6769,6787,6796,6772],"class_list":{"0":"post-13562","1":"product","2":"type-product","3":"status-publish","4":"has-post-thumbnail","6":"product_brand-bioleader","7":"product_cat-bagasse-bowl","8":"product_cat-bagasse-food-container","9":"product_tag-bagasse-bowls","10":"product_tag-biodegradable-bowls","11":"product_tag-biodegradable-bowls-with-lids","12":"product_tag-bowls-for-salad","13":"product_tag-sugarcane-bowls","15":"first","16":"instock","17":"purchasable","18":"product-type-simple"},"acf":[],"_links":{"self":[{"href":"https:\/\/www.bioleaderpack.com\/it\/wp-json\/wp\/v2\/product\/13562","targetHints":{"allow":["GET"]}}],"collection":[{"href":"https:\/\/www.bioleaderpack.com\/it\/wp-json\/wp\/v2\/product"}],"about":[{"href":"https:\/\/www.bioleaderpack.com\/it\/wp-json\/wp\/v2\/types\/product"}],"replies":[{"embeddable":true,"href":"https:\/\/www.bioleaderpack.com\/it\/wp-json\/wp\/v2\/comments?post=13562"}],"wp:featuredmedia":[{"embeddable":true,"href":"https:\/\/www.bioleaderpack.com\/it\/wp-json\/wp\/v2\/media\/2802"}],"wp:attachment":[{"href":"https:\/\/www.bioleaderpack.com\/it\/wp-json\/wp\/v2\/media?parent=13562"}],"wp:term":[{"taxonomy":"product_brand","embeddable":true,"href":"https:\/\/www.bioleaderpack.com\/it\/wp-json\/wp\/v2\/product_brand?post=13562"},{"taxonomy":"product_cat","embeddable":true,"href":"https:\/\/www.bioleaderpack.com\/it\/wp-json\/wp\/v2\/product_cat?post=13562"},{"taxonomy":"product_tag","embeddable":true,"href":"https:\/\/www.bioleaderpack.com\/it\/wp-json\/wp\/v2\/product_tag?post=13562"}],"curies":[{"name":"wp","href":"https:\/\/api.w.org\/{rel}","templated":true}]}}