{"id":13560,"date":"2023-03-12T15:16:34","date_gmt":"2023-03-12T07:16:34","guid":{"rendered":"https:\/\/www.bioleaderpack.com\/it\/prodotto\/sugarcane-bagasse-salad-bowl-with-lid-32oz-1000ml\/"},"modified":"2026-04-10T15:06:14","modified_gmt":"2026-04-10T07:06:14","slug":"insalatiera-in-bagassa-di-canna-da-zucchero-con-coperchio","status":"publish","type":"product","link":"https:\/\/www.bioleaderpack.com\/it\/prodotto\/insalatiera-in-bagassa-di-canna-da-zucchero-con-coperchio\/","title":{"rendered":"Insalatiera in bagassa di canna da zucchero con coperchio 32 oz 1000ml"},"content":{"rendered":"<div class=\"adweb-template-19 adweb-table-container\">\n<div class=\"adweb-template-1\" style=\"text-align: center;\">\n<div class=\"adweb-template\">\n<div class=\"adweb-template-43\">\n<div class=\"adweb-flex-jc-sb adweb-text-align-c\">\n<div class=\"adweb-flex-item2 adweb-flex-item\">\n<div>\n<table style=\"border-collapse: collapse; width: 100%;\">\n<tbody>\n<tr>\n<td style=\"width: 50%;\"><img fetchpriority=\"high\" decoding=\"async\" class=\"\" src=\"https:\/\/www.bioleaderpack.com\/wp-content\/uploads\/2023\/03\/L084001kaobei_1678634062476-1.jpg\" alt=\"ciotola in bagassa con coperchio\" width=\"721\" height=\"721\" \/><\/td>\n<td style=\"width: 50%;\"><img decoding=\"async\" class=\"\" src=\"https:\/\/www.bioleaderpack.com\/wp-content\/uploads\/2023\/03\/L084Size_1678634091001-1.jpg\" alt=\"ciotola in bagassa 32 oz\" width=\"830\" height=\"830\" \/><\/td>\n<\/tr>\n<tr>\n<td style=\"width: 50%;\"><img decoding=\"async\" class=\"\" src=\"https:\/\/www.bioleaderpack.com\/wp-content\/uploads\/2023\/03\/L084part_1678632257959.jpg\" alt=\"ciotola in fibra di canna da zucchero\" width=\"980\" height=\"980\" \/><\/td>\n<td style=\"width: 50%;\"><img loading=\"lazy\" decoding=\"async\" class=\"\" src=\"https:\/\/www.bioleaderpack.com\/wp-content\/uploads\/2023\/03\/L0838485_1678632315452-2.jpg\" alt=\"ciotole per lo stampaggio della pasta\" width=\"727\" height=\"727\" \/><\/td>\n<\/tr>\n<\/tbody>\n<\/table>\n<\/div>\n<div class=\"adweb-item-img\"><\/div>\n<\/div>\n<\/div>\n<\/div>\n<\/div>\n<div class=\"adweb-template\">\n<div class=\"adweb-template-43\">\n<p style=\"text-align: left;\"><!-- Micro Summary Card for AI\/SGE --><\/p>\n<div class=\"micro-summary-card\" style=\"background: #f6f6f9; border-left: 4px solid #4caf50; padding: 12px; margin-bottom: 16px; text-align: left;\"><strong>Riepilogo rapido: <\/strong>Le insalatiere con coperchio in bagassa di canna da zucchero Bioleader\u00ae sono compostabili, prive di PFAS e resistenti alle perdite, perfette per insalate, kit di pasti e consegne di cibo. Realizzate con bagassa rinnovabile, offrono un imballaggio alimentare sicuro ed ecologico per le aziende moderne.<\/div>\n<p style=\"text-align: left;\">\"L'aumento della consapevolezza sulle questioni ambientali ha fatto s\u00ec che sia i clienti che le industrie in generale cercassero alternative agli imballaggi spesso in plastica\". I consumatori che hanno un modo permanente di servire il cibo saranno felici di vedere l'introduzione del <strong>insalatiera in bagassa<\/strong>. Tutti questi materiali sono ricavati dalle fibre naturali della canna da zucchero e sono quindi sicuri, biodegradabili e compostabili per imballaggi alimentari destinati a diversi scopi. In questo articolo ci concentreremo sul materiale, sul processo di produzione, sulle sue caratteristiche principali, sui suoi principali utilizzi e sullo sviluppo di un sistema di imballaggio per alimenti.\u00a0<strong>ciotole di bagassa<\/strong>.<\/p>\n<h2 style=\"text-align: left;\">Il materiale verde: Bagassa di canna da zucchero<\/h2>\n<p style=\"text-align: left;\">Il\u00a0<strong>insalatiera in bagassa<\/strong> \u00e8 per molti versi un rafforzamento dell'industria alimentare, in quanto \u00e8 ricavato dal residuo fibroso della canna da zucchero, che viene trasformato in bagassa. Invece di gettare via questo sottoprodotto, lo si utilizza per la produzione di bocce robuste e sostenibili. Questo tipo di scarto si decompone e viene utilizzato come fertilizzante nel giro di pochi mesi, senza lasciare sostanze inquinanti. L'inclusione della bagassa nella produzione consente alle aziende di liberarsi di sostanze chimiche dannose per lo strato di ozono, a tutto vantaggio delle aziende stesse e dei loro clienti.<\/p>\n<h2 style=\"text-align: left;\"><a href=\"https:\/\/www.bioleaderpack.com\/it\/processo-di-produzione-di-stoviglie-in-polpa-di-canna-da-zucchero-per-stampaggio\/\" target=\"_blank\">Processo di produzione: Stampaggio della pasta di carta<\/a>.<\/h2>\n<p style=\"text-align: left;\">Il\u00a0<strong>insalatiera in canna da zucchero<\/strong>\u00a0\u00e8 prodotto con un metodo ecologico chiamato stampaggio della pasta di carta. Questa tecnica consente di produrre un materiale resistente e leggero.\u00a0<strong>ciotola in bagassa<\/strong>\u00a0dalle fibre naturali di bagassa. La pasta viene poi modellata nella forma desiderata e pressata, assicurando che il prodotto finale sia forte e a prova di perdite, resistente all'umidit\u00e0 e all'olio. Questo metodo innovativo garantisce che tutti i\u00a0<strong>ciotola bagassa<\/strong>\u00a0sono molto affidabili nel mantenere le loro forme durante l'uso, quindi sono ideali per l'imballaggio degli alimenti.<\/p>\n<table style=\"border-collapse: collapse; width: 100%;\">\n<tbody>\n<tr>\n<td style=\"width: 50%;\"><img loading=\"lazy\" decoding=\"async\" class=\"\" src=\"https:\/\/www.bioleaderpack.com\/wp-content\/uploads\/2023\/03\/L085Lids_1678632379385-1.jpg\" alt=\"ciotole in fibra di cellulosa con coperchio\" width=\"1050\" height=\"1050\" \/><\/p>\n<p><strong>Ciotola con coperchio in polpa di cellulosa<\/strong><\/td>\n<td style=\"width: 50%;\"><img loading=\"lazy\" decoding=\"async\" class=\"\" src=\"https:\/\/www.bioleaderpack.com\/wp-content\/uploads\/2023\/03\/L085Lid_fuben_1678632408961-1.jpg\" alt=\"ciotole per la pasta con coperchi di plastica\" width=\"776\" height=\"776\" \/><\/p>\n<p><strong>Ciotola con coperchio in plastica PET<\/strong><\/td>\n<\/tr>\n<tr>\n<td style=\"width: 50%;\"><img loading=\"lazy\" decoding=\"async\" class=\"\" src=\"https:\/\/www.bioleaderpack.com\/wp-content\/uploads\/2023\/03\/L083084085Size_1678632011650-2.jpg\" alt=\"ciotola di canna da zucchero con coperchio\" width=\"915\" height=\"915\" \/><\/p>\n<p><strong>ciotola di bagassa per insalata<\/strong><\/td>\n<td style=\"width: 50%;\"><img loading=\"lazy\" decoding=\"async\" class=\"\" src=\"https:\/\/www.bioleaderpack.com\/wp-content\/uploads\/2023\/03\/L0838485withLid_1678632041679-2.jpg\" alt=\"ciotola in canna da zucchero con coperchi per animali domestici\" width=\"910\" height=\"910\" \/><\/p>\n<p><strong>\u00a0ciotola in bagassa con coperchio<\/strong><\/td>\n<\/tr>\n<\/tbody>\n<\/table>\n<\/div>\n<\/div>\n<\/div>\n<\/div>\n<h2>Caratteristiche principali dell'insalatiera Bagasse con coperchio<\/h2>\n<p>Qual \u00e8 l'elemento che rende il\u00a0<strong>ciotola in bagassa con coperchio<\/strong> cos\u00ec diverso e vantaggioso rispetto a qualsiasi altro imballaggio per alimenti? Include, ma non si limita a queste ciotole, che sono:<\/p>\n<ul>\n<li><a href=\"https:\/\/www.bioleaderpack.com\/it\/sono-biodegradabili-e-compostabili-lo-stesso\/\" target=\"_blank\"><strong>Compostabile e biodegradabile<\/strong><\/a>: Il\u00a0<strong>ciotola in bagassa<\/strong> non lascia alcuno xenobiotico dopo la sua decomposizione, essendo naturalmente compostabile in un cestino.<\/li>\n<li><a href=\"https:\/\/www.bioleaderpack.com\/it\/le-stoviglie-in-bagassa-di-canna-da-zucchero-contengono-pfas-senza-bpa\/\" target=\"_blank\"><strong>Senza PFAS e BPA<\/strong><\/a>: Pertanto, il cibo confezionato in queste ciotole non sar\u00e0 dannoso, poich\u00e9 queste ciotole non contengono plastica, che \u00e8 fonte di contaminanti.<\/li>\n<li><a href=\"https:\/\/www.bioleaderpack.com\/it\/come-possono-le-scatole-di-farina-di-bagassa-di-canna-da-zucchero-raggiungere-la-resistenza-allacqua-e-allolio\/\" target=\"_blank\"><strong>A prova di perdite e resistente all'olio<\/strong><\/a>: Con la capacit\u00e0 di contenere acqua o sostanze oleose, queste ciotole non possono avere le prestazioni desiderate, ma hanno comunque un posto vantaggioso e sostenibile.<\/li>\n<li><a href=\"https:\/\/www.bioleaderpack.com\/it\/le-stoviglie-in-bagassa-di-canna-da-zucchero-sono-in-grado-di-resistere-alle-alte-temperature-come-quelle-di-una-zuppa-calda-o-di-un-forno-a-microonde\/\" target=\"_blank\"><strong>Adatto al microonde e resistente al calore<\/strong><\/a>: \u00c8 adatto per il riscaldamento, il che \u00e8 molto conveniente sia per gli utenti finali che per le aziende alimentari.<\/li>\n<li><strong>Forte e adattabile<\/strong>: Questa ciotola \u00e8 altrettanto comoda per servire insalate, cibi vascolari, zuppe, noodles o riso nel tempo senza compromettere la sua forma o il suo scopo.<\/li>\n<\/ul>\n<div class=\"adweb-template\">\n<div class=\"adweb-template-43\">\n<div class=\"adweb-flex-jc-sb adweb-text-align-c\">\n<div class=\"adweb-flex-item2 adweb-flex-item\">\n<div>\n<table style=\"border-collapse: collapse; width: 100%; height: 351px;\">\n<tbody>\n<tr style=\"height: 351px;\">\n<td style=\"width: 50%; height: 351px;\"><img loading=\"lazy\" decoding=\"async\" class=\"\" style=\"border-style: none; max-width: 100%; border-radius: 0px; box-shadow: none;\" src=\"https:\/\/www.bioleaderpack.com\/wp-content\/uploads\/2023\/03\/L057white_1678632152724-3.png\" alt=\"ciotola in canna da zucchero bianca\" width=\"821\" height=\"821\" \/><\/p>\n<p style=\"text-align: center;\"><strong>Colore: <span style=\"font-weight: bolder;\">Bianco\u00a0<\/span><\/strong><\/p>\n<\/td>\n<td style=\"width: 50%; height: 351px;\"><img loading=\"lazy\" decoding=\"async\" class=\"\" style=\"border-style: none; max-width: 100%; border-radius: 0px; box-shadow: none;\" src=\"https:\/\/www.bioleaderpack.com\/wp-content\/uploads\/2023\/03\/L057nature_1678632172529-2.jpg\" alt=\"natura della ciotola di canna da zucchero\" width=\"908\" height=\"908\" \/><\/p>\n<p style=\"text-align: center;\"><strong>\u00a0Colore: <span style=\"font-weight: bolder;\">Natura Marrone<\/span><\/strong><\/p>\n<\/td>\n<\/tr>\n<\/tbody>\n<\/table>\n<\/div>\n<\/div>\n<\/div>\n<\/div>\n<\/div>\n<h2>Ampia gamma di scenari d'uso<\/h2>\n<p>Il\u00a0<strong>ciotola di canna da zucchero<\/strong>\u00a0possono essere adattati per l'uso in vari ambienti di ristorazione ed essere di qualit\u00e0 ecologica. Di seguito sono riportati alcuni esempi di come il\u00a0<strong>insalatiera in bagassa<\/strong>\u00a0possono essere utilizzati per le applicazioni pi\u00f9 comuni:<\/p>\n<ul>\n<li><strong>Asporto e consegna<\/strong>: Popolare sul mercato delle insalate calde e fredde nei ristoranti e nei caff\u00e8, il\u00a0<strong>insalatiera con coperchio<\/strong>\u00a0garantisce la freschezza e la sicurezza dal rovesciamento del contenuto.<\/li>\n<li><strong>Catering ed eventi<\/strong>: Per ogni occasione, che si tratti di una serata di gala o di un brunch informale, queste\u00a0<strong>insalatiere in canna da zucchero<\/strong>\u00a0sono un'ottima alternativa agli usa e getta in plastica che possono essere utilizzati per l'asporto e poi gettati nel compost.<\/li>\n<li><strong>Uso domestico<\/strong>: Queste ciotole possono aiutare a preparare i pasti e a conservare gli avanzi in modo ecologico, in quanto possono essere utilizzate, cotte al microonde e poi gettate senza problemi.<\/li>\n<\/ul>\n<p>Questa idoneit\u00e0 contribuisce a spiegare la popolarit\u00e0 della\u00a0<strong>ciotola in bagassa con coperchio<\/strong> sia in ambiente pubblico che domestico, dove la praticit\u00e0 supera le preoccupazioni ecologiche.<\/p>\n<h2>La tendenza crescente dell'imballaggio sostenibile nel marketing<\/h2>\n<p>Man mano che la sostenibilit\u00e0 diventa un aspetto fondamentale nelle scelte dei consumatori, la popolarit\u00e0 di\u00a0<strong>insalatiere in canna da zucchero<\/strong> e altre alternative ecologiche \u00e8 in aumento. I consumatori sono sempre pi\u00f9 alla ricerca di imballaggi non solo efficaci ma anche responsabili. Con questi prodotti, le aziende aiutano il mondo nella lotta contro l'inquinamento da plastica e, allo stesso tempo, servono una base di clienti in crescita con abitudini di acquisto ecologiche.<\/p>\n<p>Visibilmente,\u00a0<strong>ciotole di bagassa<\/strong> sono un ottimo segnale dell'impegno di un ristorante verso la sostenibilit\u00e0, sia esso una catena di ristorazione o un piccolo ristorante locale, e contribuiscono anche al branding. Questa tendenza si osserva anche in siti online come Amazon, Alibaba e Ets,y, che hanno visto crescere la necessit\u00e0 di tali forniture e l'imballaggio ecologico \u00e8 uno dei pi\u00f9 apprezzati dai clienti.<\/p>\n<table style=\"border-collapse: collapse; width: 100%;\">\n<tbody>\n<tr>\n<td style=\"width: 50%;\"><img loading=\"lazy\" decoding=\"async\" class=\"\" src=\"https:\/\/www.bioleaderpack.com\/wp-content\/uploads\/2023\/03\/0844_1678634132198-1.jpg\" alt=\"insalatiera in bagassa\" width=\"942\" height=\"942\" \/><\/td>\n<td style=\"width: 50%;\"><img loading=\"lazy\" decoding=\"async\" class=\"\" src=\"https:\/\/www.bioleaderpack.com\/wp-content\/uploads\/2023\/03\/0845_1678634163241-1.jpg\" alt=\"ciotola in bagassa biodegradabile con coperchio\" width=\"836\" height=\"836\" \/><\/td>\n<\/tr>\n<\/tbody>\n<\/table>\n<h2>I motivi per cui le insalatiere Bagasse sono le preferite dai clienti<\/h2>\n<p>Per i clienti che praticano la sostenibilit\u00e0, il <strong>ciotola in bagassa con coperchio<\/strong>\u00a0\u00e8 un ottimo prodotto da avere per i motivi indicati di seguito:<\/p>\n<ul>\n<li><strong>Riduzione dei rifiuti di grandi dimensioni<\/strong>: Questo materiale \u00e8 un bioprodotto, quindi queste ciotole sono eccellenti per i consumatori che puntano alla gestione dei rifiuti.<\/li>\n<li><strong>Soprattutto la sicurezza alimentare<\/strong>: La maggior parte degli acquirenti cerca queste forme di imballaggio e vuole che siano prive di tossine, come ad esempio <a href=\"https:\/\/www.bioleaderpack.com\/it\/pfas-free-vs-pfoa-free-vs-bpa-free-come-scegliere-stoviglie-sane-e-non-tossiche\/\" target=\"_blank\" rel=\"noopener\" data-wpil-monitor-id=\"473\">PFAS e BPA<\/a> possono ottenere queste ciotole sicure.<\/li>\n<li><strong>Tempestivit\u00e0 ed efficienza:<\/strong> I consumatori sono soddisfatti del fatto che queste ciotole, pur essendo biodegradabili, siano in grado di resistere a cibi caldi e unti, poich\u00e9 non ci sono compromessi sulla tenuta.<\/li>\n<\/ul>\n<p>La crescente attenzione per le scelte eco-compatibili, insieme all'utilizzabilit\u00e0 di queste ciotole, rende il <strong>insalatiera in canna da zucchero<\/strong>\u00a0un'ampia gamma di consumatori.<\/p>\n<figure style=\"width: 1153px\" class=\"wp-caption alignnone\"><img loading=\"lazy\" decoding=\"async\" class=\"\" src=\"https:\/\/www.bioleaderpack.com\/wp-content\/uploads\/2023\/03\/LBowl_1678120102289.jpg\" alt=\"ciotola canna da zucchero\" width=\"1153\" height=\"627\" \/><figcaption class=\"wp-caption-text\">ciotola bagassa<\/figcaption><\/figure>\n<figure style=\"width: 1080px\" class=\"wp-caption alignnone\"><img loading=\"lazy\" decoding=\"async\" src=\"https:\/\/www.bioleaderpack.com\/wp-content\/uploads\/2023\/03\/20191211153532_1678120030316-1.jpg\" alt=\"ciotole biodegradabili\" width=\"1080\" height=\"1080\" \/><figcaption class=\"wp-caption-text\">Insalatiera di carta con coperchio<\/figcaption><\/figure>\n<h2>Domande frequenti sulle insalatiere in Bagasse<\/h2>\n<p><strong>1. Queste ciotole possono essere utilizzate con cibi caldi?<\/strong><\/p>\n<p>S\u00ec, il cibo caldo pu\u00f2 essere servito nella\u00a0<strong>ciotola in bagassa<\/strong>\u00c8 resistente al calore e lavabile in lavastoviglie. In queste ciotole si possono servire zuppe calde, noodles e stufati. Inoltre, possono essere utilizzate nel microonde per essere riscaldate facilmente.<\/p>\n<p><strong>2. Qual \u00e8 il periodo di degrado di queste ciotole?<\/strong><\/p>\n<p>Le ciotole impiegano da tre a sei mesi per decomporsi in un ambiente di compostaggio. Sono destinate a decomporsi entro 90-180 giorni e non lasciano residui tossici.<\/p>\n<p><strong>3. Queste ciotole possono contenere anche liquidi:<\/strong><\/p>\n<p>S\u00ec, il\u00a0<strong>insalatiera in bagassa<\/strong>\u00a0\u00e8 resistente alle perdite e all'olio, quindi viene utilizzato anche per alimenti che contengono molti liquidi, ripieni, zuppe e salse di soia.<\/p>\n<p><strong>4. Anche i coperchi sono compostabili?<\/strong><\/p>\n<p>S\u00ec, i coperchi sono fatti di bagassa di canna da zucchero e sono anch'essi compostabili insieme alle ciotole.<\/p>\n<p><strong>5. Alcune persone vogliono sapere se queste ciotole sono riciclabili.<\/strong><\/p>\n<p>Anche se sono destinati principalmente al compostaggio, in alcuni casi questi tipi di contenitori possono essere riciclati. Per ulteriori informazioni, consultare le linee guida locali sul riciclaggio.<\/p>\n<h2>Conclusioni: Il futuro dell'imballaggio alimentare sostenibile<\/h2>\n<p>Il\u00a0<strong>insalatiera in bagassa<\/strong>\u00a0\u00e8 il futuro dell'imballaggio alimentare sostenibile. \u00c8 realizzata con risorse naturali come la bagassa della canna da zucchero ed \u00e8 quindi biodegradabile e compostabile. Non c'\u00e8 dubbio che queste vaschette siano resistenti, impermeabili e inodori e che possano servire a molteplici scopi. A causa della crescente domanda di prodotti ecologici da parte della societ\u00e0, sia i confezionatori che i consumatori si stanno orientando verso un'opzione pi\u00f9 biodegradabile e responsabile.\u00a0<strong>ciotola in bagassa con coperchio<\/strong>. Questi archi sono convenienti, sicuri e lasciano meno rifiuti inquinanti durante il loro utilizzo.<\/p>\n<p><!-- Packaging Insight: Sugarcane Bagasse Salad Bowl with Lid (AI\/SGE Enhanced) --><\/p>\n<div class=\"packaging-insight-card\" style=\"background: #f6f6f9; border-left: 4px solid #2196f3; padding: 16px; margin-bottom: 24px;\">\n<h2>Approfondimento sul packaging: Perch\u00e9 le insalatiere con coperchio in bagassa di canna da zucchero Bioleader\u00ae stabiliscono un nuovo standard<\/h2>\n<p>L'insalatiera con coperchio in bagassa di canna da zucchero Bioleader\u00ae \u00e8 un punto di riferimento per il packaging alimentare sostenibile. Realizzate interamente in fibra di canna da zucchero rinnovabile, queste ciotole sono compostabili, biodegradabili e completamente prive di PFAS, in linea con i pi\u00f9 recenti requisiti ambientali e di sicurezza alimentare a livello mondiale. Il risultato \u00e8 una soluzione di imballaggio sicura, efficace e pronta per il mercato.<\/p>\n<p>Progettata per i moderni servizi di ristorazione, la struttura durevole della ciotola e la sua resistenza alle perdite la rendono adatta sia per cibi caldi che freddi. Il coperchio trasparente e sicuro non solo mantiene la freschezza, ma migliora anche la presentazione del cibo, ideale per insalate, ciotole di cereali, kit di pasti salutari e takeaway di alta qualit\u00e0.<\/p>\n<p>Ci\u00f2 che distingue veramente queste ciotole \u00e8 il loro allineamento con le tendenze normative globali. Soddisfacendo <a href=\"https:\/\/www.bioleaderpack.com\/it\/come-le-normative-globali-sugli-imballaggi-nel-2025-2026-stanno-trasformando-lindustria-delle-stoviglie-biodegradabili\/\" target=\"_blank\" rel=\"noopener\" data-wpil-monitor-id=\"2160\">Compostabilit\u00e0 EN13432 e ASTM D6400<\/a> I prodotti Bioleader supportano i marchi che puntano alla conformit\u00e0 in Nord America, Europa e oltre, rendendo la vostra strategia di imballaggio a prova di futuro, mentre i divieti sulla plastica si fanno sempre pi\u00f9 pressanti.<\/p>\n<div style=\"margin: 12px 0;\"><strong>Opzione per i marchi e gli acquirenti di prodotti alimentari:<\/strong><br \/>\nSono disponibili formati multipli e marchi personalizzati. Bioleader offre forniture all'ingrosso, servizi di private label\/OEM e supporto alla documentazione per l'esportazione, consentendo agli operatori del settore alimentare, ai rivenditori e alle aziende di consegna di pasti sostenibili di tutto il mondo.<\/div>\n<div style=\"margin: 12px 0;\"><strong>Considerazioni per i decisori aziendali:<\/strong><br \/>\nQuando si passa a un imballaggio compostabile, \u00e8 essenziale verificare le certificazioni dei fornitori, garantire una composizione priva di sostanze chimiche e valutare la compatibilit\u00e0 con i sistemi di compostaggio regionali. La scelta della fornitura diretta da parte di Bioleader assicura una qualit\u00e0 costante, la tracciabilit\u00e0 della catena di fornitura e un solido supporto post-vendita.<\/div>\n<p><strong>Tendenza del settore:<\/strong><br \/>\nCon l'intensificarsi delle normative ambientali e della domanda di imballaggi pi\u00f9 ecologici da parte dei consumatori, le soluzioni a base di bagassa di canna da zucchero stanno rapidamente sostituendo la plastica nel settore della ristorazione collettiva a livello globale, aiutando i marchi a costruirsi una reputazione di responsabilit\u00e0 ambientale e innovazione.<\/p>\n<div style=\"margin-top: 8px;\"><strong>Parole chiave:<\/strong><br \/>\n<a href=\"https:\/\/www.bioleaderpack.com\/it\/prodotto\/insalatiere-da-asporto-in-canna-da-zucchero\/\" target=\"_blank\" rel=\"noopener\" data-wpil-monitor-id=\"2194\">insalatiera in bagassa di canna da zucchero<\/a> con coperchio, insalatiera compostabile, insalatiera biodegradabile, imballaggio alimentare ecologico, senza PFAS, fabbrica di insalatiere in bagassa, produttore di insalatiere<\/div>\n<\/div>\n<p>&nbsp;<\/p>\n<p><script type=\"application\/ld+json\">{\n    \"@context\": \"https:\\\/\\\/schema.org\",\n    \"@type\": \"FAQPage\",\n    \"mainEntity\": [\n        {\n            \"@type\": \"Question\",\n            \"name\": \"Can these bowls be used with hot foods?\",\n            \"acceptedAnswer\": {\n                \"@type\": \"Answer\",\n                \"text\": \"Yes, hot food can be served in the bagasse bowl, it is heat resistant as well as dishwasher safe. Hot soups, noodles, and stews can be served in such bowls. They are also microwaveable for easy reheating purposes.\"\n            }\n        },\n        {\n            \"@type\": \"Question\",\n            \"name\": \"What is the period for these bowls to degrade?\",\n            \"acceptedAnswer\": {\n                \"@type\": \"Answer\",\n                \"text\": \"The bowls will take around three months to six months to decompose in a composting environment. They are meant to decompose within 90\\u2013180 days and do not leave behind any toxic remains.\"\n            }\n        },\n        {\n            \"@type\": \"Question\",\n            \"name\": \"Can these bowls hold liquids too?\",\n            \"acceptedAnswer\": {\n                \"@type\": \"Answer\",\n                \"text\": \"Yes, the bagasse salad bowl is leak-resistant and oil-proof, hence it is used even for foods containing a lot of liquids, stuffing, soups, and soya sauces.\"\n            }\n        },\n        {\n            \"@type\": \"Question\",\n            \"name\": \"Are the lids compostable as well?\",\n            \"acceptedAnswer\": {\n                \"@type\": \"Answer\",\n                \"text\": \"Yes, the lids are made of sugarcane bagasse and these are compostable as well along with the bowls.\"\n            }\n        },\n        {\n            \"@type\": \"Question\",\n            \"name\": \"Some people want to know, are these bowls recyclable?\",\n            \"acceptedAnswer\": {\n                \"@type\": \"Answer\",\n                \"text\": \"Even though they are mainly intended for composting there are some instances wherein these types of containers could be put for recycling. Refer to local recycling guidelines for more information.\"\n            }\n        }\n    ]\n}<\/script><\/p>","protected":false},"excerpt":{"rendered":"<p>Bioleader\u00ae <strong>insalatiere in canna da zucchero con coperchio<\/strong> offrono il massimo in termini di packaging alimentare sostenibile, sicuro e versatile. Realizzate con bagassa rinnovabile 100%, queste ciotole sono completamente compostabili, prive di PFAS e progettate per gestire cibi caldi e freddi con un'affidabile resistenza alle perdite. I coperchi trasparenti ad incastro sicuro le rendono ideali per insalate, kit di pasti e consegne di cibo, offrendo prestazioni ecologiche, una forte presentazione e un valore direttamente dalla fabbrica. Perfetti per le aziende che cercano imballaggi ecologici certificati a prezzi competitivi.<\/p>","protected":false},"featured_media":18111,"comment_status":"open","ping_status":"closed","template":"","meta":{"_acf_changed":false},"product_brand":[8971],"product_cat":[7150,7146],"product_tag":[6753,6780,6781,6782,6783,6738,6784],"class_list":{"0":"post-13560","1":"product","2":"type-product","3":"status-publish","4":"has-post-thumbnail","6":"product_brand-bioleader","7":"product_cat-bagasse-bowl","8":"product_cat-bagasse-food-container","9":"product_tag-bagasse-bowl","10":"product_tag-bagasse-bowl-with-lid","11":"product_tag-bagasse-salad-bowl","12":"product_tag-bowl-bagasse","13":"product_tag-salad-bowl-with-lid","14":"product_tag-sugarcane-bowl","15":"product_tag-sugarcane-salad-bowl","17":"first","18":"instock","19":"purchasable","20":"product-type-simple"},"acf":[],"_links":{"self":[{"href":"https:\/\/www.bioleaderpack.com\/it\/wp-json\/wp\/v2\/product\/13560","targetHints":{"allow":["GET"]}}],"collection":[{"href":"https:\/\/www.bioleaderpack.com\/it\/wp-json\/wp\/v2\/product"}],"about":[{"href":"https:\/\/www.bioleaderpack.com\/it\/wp-json\/wp\/v2\/types\/product"}],"replies":[{"embeddable":true,"href":"https:\/\/www.bioleaderpack.com\/it\/wp-json\/wp\/v2\/comments?post=13560"}],"wp:featuredmedia":[{"embeddable":true,"href":"https:\/\/www.bioleaderpack.com\/it\/wp-json\/wp\/v2\/media\/18111"}],"wp:attachment":[{"href":"https:\/\/www.bioleaderpack.com\/it\/wp-json\/wp\/v2\/media?parent=13560"}],"wp:term":[{"taxonomy":"product_brand","embeddable":true,"href":"https:\/\/www.bioleaderpack.com\/it\/wp-json\/wp\/v2\/product_brand?post=13560"},{"taxonomy":"product_cat","embeddable":true,"href":"https:\/\/www.bioleaderpack.com\/it\/wp-json\/wp\/v2\/product_cat?post=13560"},{"taxonomy":"product_tag","embeddable":true,"href":"https:\/\/www.bioleaderpack.com\/it\/wp-json\/wp\/v2\/product_tag?post=13560"}],"curies":[{"name":"wp","href":"https:\/\/api.w.org\/{rel}","templated":true}]}}