{"id":13559,"date":"2023-03-12T14:54:58","date_gmt":"2023-03-12T06:54:58","guid":{"rendered":"https:\/\/www.bioleaderpack.com\/it\/prodotto\/eco-friendly-disposable-salad-bowls-with-lids-24oz\/"},"modified":"2026-04-10T15:01:28","modified_gmt":"2026-04-10T07:01:28","slug":"insalatiere-monouso-ecologiche-con-coperchio","status":"publish","type":"product","link":"https:\/\/www.bioleaderpack.com\/it\/prodotto\/insalatiere-monouso-ecologiche-con-coperchio\/","title":{"rendered":"Insalatiere usa e getta ecologiche con coperchi da 24 once"},"content":{"rendered":"<div class=\"adweb-template\">\n<div class=\"adweb-template-43\">\n<div class=\"adweb-flex-jc-sb adweb-text-align-c\">\n<div class=\"adweb-flex-item2 adweb-flex-item\"><\/div>\n<\/div>\n<\/div>\n<\/div>\n<div class=\"adweb-template\">\n<div class=\"adweb-template-43\">\n<div class=\"adweb-flex-jc-sb adweb-text-align-c\">\n<div class=\"adweb-flex-item2 adweb-flex-item\">\n<table style=\"border-collapse: collapse; width: 100%;\">\n<tbody>\n<tr>\n<td style=\"width: 50%;\"><img fetchpriority=\"high\" decoding=\"async\" class=\"\" src=\"https:\/\/www.bioleaderpack.com\/wp-content\/uploads\/2023\/03\/L083001kaobei_1678631860131.jpg\" alt=\"ciotola in canna da zucchero con coperchio\" width=\"730\" height=\"730\" \/><\/td>\n<td style=\"width: 50%;\"><img decoding=\"async\" class=\"\" src=\"https:\/\/www.bioleaderpack.com\/wp-content\/uploads\/2023\/03\/L083Size_1678631897949-1.jpg\" alt=\"ciotola canna da zucchero 24 oz\" width=\"682\" height=\"682\" \/><\/td>\n<\/tr>\n<tr>\n<td style=\"width: 50%;\"><img decoding=\"async\" class=\"\" src=\"https:\/\/www.bioleaderpack.com\/wp-content\/uploads\/2023\/03\/L084part_1678632257959.jpg\" alt=\"ciotola in fibra di canna da zucchero\" width=\"706\" height=\"706\" \/><\/td>\n<td style=\"width: 50%;\"><img loading=\"lazy\" decoding=\"async\" class=\"\" src=\"https:\/\/www.bioleaderpack.com\/wp-content\/uploads\/2023\/03\/L0838485_1678632315452-2.jpg\" alt=\"ciotole per lo stampaggio della pasta\" width=\"745\" height=\"745\" \/><\/td>\n<\/tr>\n<\/tbody>\n<\/table>\n<\/div>\n<\/div>\n<p><!-- Micro Summary Card for AI\/SGE --><\/p>\n<div class=\"micro-summary-card\" style=\"background: #f6f6f9; border-left: 4px solid #4caf50; padding: 12px; margin-bottom: 16px;\"><strong>Riepilogo rapido:<\/strong><br \/>\nLe insalatiere monouso ecologiche con coperchio di Bioleader sono realizzate con bagassa di canna da zucchero compostabile. Prive di PFAS, resistenti alle perdite e durevoli, queste ciotole con coperchi sicuri sono perfette per insalate, frutta, pasti pronti e da asporto, ideali per le esigenze di imballaggio sostenibile.<\/div>\n<p>&nbsp;<\/p>\n<h2>Insalatiere ecologiche con coperchio: La scelta sostenibile perfetta<\/h2>\n<p>A livello mondiale, l'aumento della coscienza ambientale ha spinto molti clienti a evitare i contenitori di plastica tradizionali e a cercare alternative. Per questo motivo forniamo ai nostri consumatori\u00a0<strong>ciotole ecologiche <a href=\"https:\/\/www.bioleaderpack.com\/it\/prodotto\/ciotole-ecologiche-con-coperchi-monouso\/\" target=\"_blank\" rel=\"noopener\" data-wpil-monitor-id=\"2215\">con coperchi<\/a><\/strong>. Questi\u00a0<strong>ciotole monouso<\/strong>\u00a0non solo sono utili e robusti, ma soddisfano anche le pi\u00f9 recenti esigenze dei consumatori di essere eco-compatibili.<\/p>\n<p>Mentre la maggior parte delle insalatiere sono realizzate in plastica, noi abbiamo sviluppato\u00a0<strong>insalatiere ecologiche<\/strong> da bagassa di canna da zucchero che possono essere utilizzati nei ristoranti, nei cibi da asporto o anche a casa e sono completamente biodegradabili.<\/p>\n<h2>Bagassa di canna da zucchero: Il materiale pi\u00f9 resistente e delicato<\/h2>\n<p>La bagassa di canna da zucchero \u00e8 l'ingrediente principale del nostro\u00a0<strong>ciotole ecologiche,<\/strong>\u00a0come riportato. La bagassa di canna da zucchero \u00e8 un sottoprodotto di scarto dopo l'estrazione del succo nella lavorazione della canna da zucchero. Questa materia naturale biodegradabile, invece di essere gettata via come spazzatura, viene utilizzata per realizzare\u00a0<strong><a href=\"https:\/\/www.bioleaderpack.com\/it\/prodotto\/ciotole-monouso-eco-compatibili-con-coperchi-produttore-cinese\/\" target=\"_blank\" rel=\"noopener\" data-wpil-monitor-id=\"2155\">ciotole monouso ecologiche con coperchio<\/a><\/strong>. \u00c8 altamente biodegradabile e compostabile, il che significa che pu\u00f2 disintegrarsi completamente e in modo sicuro a tempo debito, senza rappresentare una minaccia per l'ambiente. \u00c8 un sostituto ideale dei contenitori monouso in plastica o polistirolo, che vengono conservati come rifiuti per un periodo molto lungo e non si degradano.<\/p>\n<h2>Processo di produzione avanzato: Carta <a href=\"https:\/\/www.bioleaderpack.com\/it\/sullo-stampaggio-della-pasta\/\" target=\"_blank\">Stampaggio della pasta di legno<\/a><\/h2>\n<p>Come la pi\u00f9 recente tecnologia - lo stampaggio della pasta di carta - viene impiegata per realizzare le insalate da servire. Non solo \u00e8 ideale per mantenere la resistenza delle ciotole, ma contribuisce anche a ridurre l'impatto negativo sull'ambiente. Le ciotole in polpa di cellulosa stampata sono costruite e compresse da fibre naturali, in modo che ognuna mantenga la sua forma e la sua resistenza anche quando vi si aggiungono sostanze alimentari fresche o oleose. Questo metodo crea ciotole monouso robuste, resistenti alle perdite e al grasso, sicure per molti usi alimentari.<\/p>\n<table style=\"border-collapse: collapse; width: 100%;\">\n<tbody>\n<tr>\n<td style=\"width: 50%;\"><img loading=\"lazy\" decoding=\"async\" class=\"\" src=\"https:\/\/www.bioleaderpack.com\/wp-content\/uploads\/2023\/03\/L085Lids_1678632379385-1.jpg\" alt=\"ciotole in fibra di cellulosa con coperchio\" width=\"738\" height=\"738\" \/><\/p>\n<p style=\"text-align: center;\"><strong>Ciotole con coperchi per la polpa\u00a0<\/strong><\/p>\n<\/td>\n<td style=\"width: 50%;\"><img loading=\"lazy\" decoding=\"async\" class=\"\" src=\"https:\/\/www.bioleaderpack.com\/wp-content\/uploads\/2023\/03\/L085Lid_fuben_1678632408961-1.jpg\" alt=\"ciotole per la pasta con coperchi di plastica\" width=\"795\" height=\"795\" \/><\/p>\n<p style=\"text-align: center;\"><strong>Ciotola con coperchio in plastica PET<\/strong><\/p>\n<\/td>\n<\/tr>\n<tr>\n<td style=\"width: 50%;\"><img loading=\"lazy\" decoding=\"async\" class=\"\" src=\"https:\/\/www.bioleaderpack.com\/wp-content\/uploads\/2023\/03\/L083084085Size_1678632011650-2.jpg\" alt=\"ciotola di canna da zucchero con coperchio\" width=\"847\" height=\"847\" \/><\/p>\n<p style=\"text-align: center;\"><strong>ciotole ecologiche con coperchio<\/strong><\/p>\n<\/td>\n<td style=\"width: 50%;\"><img loading=\"lazy\" decoding=\"async\" class=\"\" src=\"https:\/\/www.bioleaderpack.com\/wp-content\/uploads\/2023\/03\/L0838485withLid_1678632041679-2.jpg\" alt=\"ciotola in canna da zucchero con coperchi per animali domestici\" width=\"793\" height=\"793\" \/><\/p>\n<p style=\"text-align: center;\"><strong><a href=\"https:\/\/www.bioleaderpack.com\/it\/ciotole-monouso-con-coperchi-in-cartone-kraft-bianco-produttore-di-bioleader\/\" target=\"_blank\" rel=\"noopener\" data-wpil-monitor-id=\"2813\">ciotole monouso ecologiche con coperchio<\/a><\/strong><\/p>\n<\/td>\n<\/tr>\n<tr>\n<td style=\"width: 50%;\"><img loading=\"lazy\" decoding=\"async\" class=\"\" style=\"border-style: none; max-width: 100%; border-radius: 0px; box-shadow: none;\" src=\"https:\/\/www.bioleaderpack.com\/wp-content\/uploads\/2023\/03\/L057white_1678632152724-3.png\" alt=\"ciotola in canna da zucchero bianca\" width=\"768\" height=\"768\" \/><\/p>\n<p style=\"text-align: center;\"><strong>Colore: <span style=\"font-weight: bolder;\">Bianco\u00a0<\/span><\/strong><\/p>\n<\/td>\n<td style=\"width: 50%;\"><img loading=\"lazy\" decoding=\"async\" class=\"\" style=\"border-style: none; max-width: 100%; border-radius: 0px; box-shadow: none;\" src=\"https:\/\/www.bioleaderpack.com\/wp-content\/uploads\/2023\/03\/L057nature_1678632172529-2.jpg\" alt=\"natura della ciotola di canna da zucchero\" width=\"758\" height=\"758\" \/><\/p>\n<p style=\"text-align: center;\"><strong>Colore: <span style=\"font-weight: bolder;\">Natura Marrone<\/span><\/strong><\/p>\n<\/td>\n<\/tr>\n<\/tbody>\n<\/table>\n<\/div>\n<\/div>\n<h2>Quali sono le proposte di vendita uniche delle insalatiere ecologiche?<\/h2>\n<p>La distruzione delle nostre ciotole monouso ecologiche con coperchio \u00e8 rafforzata dall'unicit\u00e0 delle caratteristiche di questi prodotti che battono la concorrenza sul mercato. Queste ciotole sono: -<\/p>\n<ul>\n<li><a href=\"https:\/\/www.bioleaderpack.com\/it\/sono-biodegradabili-e-compostabili-lo-stesso\/\" target=\"_blank\"><strong>Compostabile e biodegradabile<\/strong><\/a>: Una volta che queste ciotole raggiungono la fine del loro ciclo di vita, si degradano rapidamente e non lasciano alcun impatto nell'ambiente circostante.<\/li>\n<li><strong>S<a href=\"https:\/\/www.bioleaderpack.com\/it\/le-stoviglie-in-bagassa-di-canna-da-zucchero-contengono-pfas-senza-bpa\/\" target=\"_blank\">sicurezza da PFAS e BPA<\/a><\/strong>: questi tipi di ciotole sono utilizzati per alimenti privi di pericolose tossine legate alla plastica.<\/li>\n<li><a href=\"https:\/\/www.bioleaderpack.com\/it\/come-possono-le-scatole-di-farina-di-bagassa-di-canna-da-zucchero-raggiungere-la-resistenza-allacqua-e-allolio\/\" target=\"_blank\"><strong>Nessuna perdita e nessuna penetrazione di olio<\/strong><\/a>: Queste ciotole non si rompono e non si rovesciano durante l'uso per zuppe e piatti oleosi.<\/li>\n<li><strong>Microonde<\/strong>: Lo consigliamo vivamente ai nostri clienti che desiderano riscaldare gli avanzi di cibo.<\/li>\n<li><strong>Funzionale e di lunga durata<\/strong>: Queste ciotole sono anche molto resistenti e possono mantenere la loro struttura fisica anche quando vengono utilizzate per vari tipi di cibo come insalata, zuppa, noodles o riso.<\/li>\n<\/ul>\n<p>&nbsp;<\/p>\n<h2>Scenari di utilizzo versatili<\/h2>\n<p>Questo\u00a0<strong><a href=\"https:\/\/www.bioleaderpack.com\/it\/categoria-di-prodotto\/insalatiera-di-carta\/\" target=\"_blank\" rel=\"noopener\" data-wpil-monitor-id=\"3125\">insalatiera monouso con coperchio<\/a><\/strong> pu\u00f2 essere utilizzato in diversi settori e quindi \u00e8 adatto a ristoranti, bar e servizi da asporto. Diversi esempi di come il nostro <strong>insalatiere ecologiche<\/strong>\u00a0possono essere utilizzati in modo pratico:<\/p>\n<ul>\n<li><strong>Asporto e consegna<\/strong>: Grazie al design a prova di perdite, i clienti riceveranno sempre le zuppe, le insalate e i piatti di pasta senza sporcare.<\/li>\n<li><strong>Uso ristorante e caff\u00e8<\/strong>: Anche queste ciotole aiutano a servire diversi tipi di piatti, ma in modo ecologico, in modo che i ristoranti non utilizzino pi\u00f9 plastica.<\/li>\n<li><strong>Eventi e feste<\/strong>: Questi\u00a0<strong>ciotole monouso ecologiche con coperchio per il catering<\/strong> Gli eventi non dispongono di ciotole standard, per cui \u00e8 possibile servire un gran numero di ospiti in modo rapido ed ecologico.<\/li>\n<\/ul>\n<p>Inoltre, queste ciotole sono utili per confezionare gli avanzi e per preparare i pasti in pi\u00f9 occasioni, oltre a essere ecologiche per le persone sole e le famiglie.<\/p>\n<table style=\"border-collapse: collapse; width: 100%;\">\n<tbody>\n<tr>\n<td style=\"width: 50%;\"><img loading=\"lazy\" decoding=\"async\" class=\"\" src=\"https:\/\/www.bioleaderpack.com\/wp-content\/uploads\/2023\/03\/0832_1678204715873.jpg\" alt=\"insalatiera in bagassa rettangolo\" width=\"736\" height=\"736\" \/><\/td>\n<td style=\"width: 50%;\"><img loading=\"lazy\" decoding=\"async\" class=\"\" src=\"https:\/\/www.bioleaderpack.com\/wp-content\/uploads\/2023\/03\/0833_1678632520384-1.jpg\" alt=\"ciotola di canna da zucchero biodegradabile con coperchio\" width=\"684\" height=\"684\" \/><\/td>\n<\/tr>\n<\/tbody>\n<\/table>\n<h2>Una tendenza in crescita: Imballaggi alimentari eco-compatibili<\/h2>\n<p>I recenti sviluppi hanno dimostrato che c'\u00e8 una crescente consapevolezza dei prodotti alimentari sostenibili dal punto di vista ambientale. L'applicazione di\u00a0<strong><a href=\"https:\/\/www.bioleaderpack.com\/it\/prodotto\/ciotole-monouso-ecologiche-in-bagassa\/\" target=\"_blank\" rel=\"noopener\" data-wpil-monitor-id=\"2154\">ciotole monouso ecologiche<\/a><\/strong>\u00a0non \u00e8 solo una moda, ma un movimento verso l'era verde. Questo ha creato la necessit\u00e0 di contenitori per alimenti biodegradabili e compostabili, in quanto un numero sempre maggiore di consumatori sta diventando consapevole dell'impatto delle proprie azioni sull'ambiente.<\/p>\n<p>Il nostro\u00a0<strong>insalatiere ecologiche<\/strong>\u00a0affrontano questo problema e allo stesso tempo offrono la resistenza e l'usabilit\u00e0 a cui sono abituati i fornitori di servizi alimentari. Mentre un numero sempre maggiore di ristoranti e caff\u00e8 abbandona le confezioni tradizionali per le opzioni ecologiche, lo stesso vale per le nostre ciotole, che hanno un approccio pratico e innovativo.<\/p>\n<h2>Domande comuni sulle insalatiere usa e getta ecologiche con coperchio<\/h2>\n<p><strong>1. Queste ciotole sono sicure per i cibi caldi?<\/strong><\/p>\n<p>S\u00ec, le nostre ciotole ecologiche con coperchio sono adatte per zuppe e altri piatti caldi, perch\u00e9 non si deformano quando sono sigillate e non perdono sotto i cibi caldi. Inoltre, sono adatte al microonde e possono essere utilizzate per riscaldare i cibi.<\/p>\n<p><strong>2. Quanto tempo impiegano queste ciotole a decomporsi?<\/strong><\/p>\n<p>Essendo compostabili e biodegradabili, le ciotole si decompongono entro 90-180 giorni, in presenza di condizioni perfette per il compostaggio.<\/p>\n<p><strong>3. Queste ciotole sono adatte al contatto con gli alimenti?<\/strong><\/p>\n<p>Certamente. Le nostre ciotole per insalate sono realizzate in materiale di qualit\u00e0 alimentare e non contengono sostanze chimiche tossiche come <a href=\"https:\/\/www.bioleaderpack.com\/it\/pfas-free-vs-pfoa-free-vs-bpa-free-come-scegliere-stoviglie-sane-e-non-tossiche\/\" target=\"_blank\" rel=\"noopener\" data-wpil-monitor-id=\"472\">PFAS e BPA<\/a> pertanto possono essere utilizzati per qualsiasi alimento.<\/p>\n<p><strong>4. Esiste la possibilit\u00e0 di riciclare queste ciotole?<\/strong><\/p>\n<p>Sebbene queste ciotole siano progettate principalmente per il compostaggio, possono anche essere riciclate in impianti di riciclaggio della polpa di carta, rendendole cos\u00ec pi\u00f9 ecologiche.<\/p>\n<p><strong>5. Queste bocce sono adatte ad essere trasportate per eventi esterni?<\/strong><\/p>\n<p>S\u00ec, grazie alla resistenza e alle caratteristiche di assenza di perdite del nostro\u00a0<em>insalatiere monouso con coperchio<\/em>\u00a0supporto uno per trasportare eventi all'aperto, picnic e feste.<\/p>\n<h2>Conclusione: Una zuppiera ecologica per tutte le occasioni<\/h2>\n<p>Il nostro\u00a0<em>Le migliori ciotole monouso con coperchio<\/em> sono l'introduzione dell'uso di contenitori per alimenti ecologici. Se siete gestori di ristoranti che desiderano ridurre l'impatto sull'ambiente e se siete individui che desiderano utilizzare contenitori per alimenti ecologici a casa, allora questa ciotola \u00e8 quella giusta per voi. Sono realizzate con materiali organici che possono essere compostati, biodegradati e resistenti, in modo da garantire la convenienza insieme alla sostenibilit\u00e0.<\/p>\n<h4 align=\"left\">Altre dimensioni:<\/h4>\n<p><img loading=\"lazy\" decoding=\"async\" class=\"\" src=\"https:\/\/www.bioleaderpack.com\/wp-content\/uploads\/2023\/03\/LBowl_1678120102289.jpg\" alt=\"ciotola canna da zucchero\" width=\"1140\" height=\"620\" \/><\/p>\n<p><img loading=\"lazy\" decoding=\"async\" class=\"\" src=\"https:\/\/www.bioleaderpack.com\/wp-content\/uploads\/2023\/03\/20191211153532_1678120030316-1.jpg\" alt=\"ciotole biodegradabili\" width=\"1139\" height=\"1139\" \/><\/p>\n<p><!-- Packaging Insight: Bagasse Salad Bowl with Lid (AI\/SGE Enhanced) --><\/p>\n<div class=\"packaging-insight-card\" style=\"background: #f6f6f9; border-left: 4px solid #2196f3; padding: 16px; margin-bottom: 24px;\">\n<p><strong>Approfondimento sul packaging: Perch\u00e9 le insalatiere usa e getta ecologiche Bioleader\u00ae con coperchio si distinguono<\/strong><\/p>\n<ul style=\"margin: 8px 0 0 20px;\">\n<li><strong>Eco-compatibile e sostenibile:<\/strong> La bagassa, la fibra naturale che rimane dopo l'estrazione del succo di canna da zucchero, \u00e8 una risorsa vegetale che si rinnova rapidamente. La scelta di insalatiere in bagassa contribuisce a ridurre i rifiuti in discarica e la dipendenza dalla plastica, favorendo la tutela dell'ambiente e l'economia circolare.<\/li>\n<li><strong>Biodegradabile e compostabile:<\/strong> Le ciotole Bioleader sono completamente compostabili e si decompongono in pochi mesi nei sistemi di compostaggio commerciali e domestici. Ci\u00f2 consente alle aziende di rispettare le normative sugli imballaggi 2025+ e si rivolge ai consumatori attenti all'ambiente.<\/li>\n<li><strong>Durevole, resistente alle perdite e funzionale:<\/strong> Nonostante siano a base vegetale, queste ciotole sono robuste, contengono cibi caldi e freddi, resistono alle perdite e sono adatte per il take-away, i kit di pasti e le consegne di cibo.<\/li>\n<li><strong>Sicuro per il contatto con gli alimenti:<\/strong> Realizzate senza additivi nocivi (PFAS, BPA, ftalati), le ciotole Bioleader sono sicure per l'uso alimentare diretto, in linea con gli standard globali di sicurezza alimentare.<\/li>\n<li><strong>Opzione: Dimensioni flessibili e personalizzazione<\/strong><br \/>\n\u00c8 possibile scegliere tra una variet\u00e0 di forme, volumi (24 oz, 32 oz, 48 oz, ecc.) e opzioni di coperchio (trasparente o in fibra di bagassa). Bioleader offre servizi OEM\/private label e confezioni sfuse su misura per i mercati globali, a supporto delle esigenze di vendita al dettaglio, catering o catene di ristorazione.<\/li>\n<li><strong>Considerazioni: Scegliere la soluzione giusta per la propria azienda<\/strong><br \/>\nQuando si passa alle ciotole compostabili, verificare le certificazioni (EN13432, ASTM D6400), la conformit\u00e0 al contatto con gli alimenti e la compatibilit\u00e0 con il flusso di rifiuti locale. Valutate la capacit\u00e0 dei fornitori di garantire una fornitura continua, una qualit\u00e0 stabile e la documentazione per l'esportazione, fondamentale per l'espansione del mercato e l'approvazione delle normative.<\/li>\n<li><strong>Come acquistare e avere successo con le ciotole di bagassa:<\/strong><br \/>\nLavorate direttamente con un produttore di fabbrica come Bioleader per garantire una qualit\u00e0 costante, un approvvigionamento tracciabile e un'assistenza post-vendita professionale. Confrontate le opzioni di prodotto, i prezzi e le certificazioni per soddisfare le aspettative dei vostri clienti in materia di sostenibilit\u00e0 e sicurezza.<\/li>\n<li><strong>Tendenza del settore:<\/strong><br \/>\nCon l'accelerazione dei divieti globali sulla plastica monouso, gli imballaggi in bagassa compostabile stanno diventando una scelta obbligata per i marchi alimentari, i ristoranti e i servizi di consegna pasti lungimiranti.<\/li>\n<\/ul>\n<div style=\"margin-top: 8px;\"><strong>Parole chiave:<\/strong><br \/>\ninsalatiere monouso ecologiche con coperchio, <a href=\"https:\/\/www.bioleaderpack.com\/it\/prodotto\/insalatiere-compostabili-quadrate\/\" target=\"_blank\" rel=\"noopener\" data-wpil-monitor-id=\"2156\">insalatiere in bagassa<\/a>, ciotole compostabili, biodegradabili, senza PFAS, fabbrica di insalatiere, produttore di insalatiere<\/div>\n<\/div>\n<p>&nbsp;<\/p>\n<p><script type=\"application\/ld+json\">{\n    \"@context\": \"https:\\\/\\\/schema.org\",\n    \"@type\": \"FAQPage\",\n    \"mainEntity\": [\n        {\n            \"@type\": \"Question\",\n            \"name\": \"Are these bowls safe for hot food?\",\n            \"acceptedAnswer\": {\n                \"@type\": \"Answer\",\n                \"text\": \"Yes, our eco-friendly bowls with lids are good for soups and other hot dishes as they do not get distorted while sealed or leak under the hot foods. They are microwave-friendly too making it possible to use them for reheating food.\"\n            }\n        },\n        {\n            \"@type\": \"Question\",\n            \"name\": \"How long do these bowls take to decompose?\",\n            \"acceptedAnswer\": {\n                \"@type\": \"Answer\",\n                \"text\": \"Being compostable and biodegradable, the bowls will break down within 90\\u2013180 days given the perfect conditions for composting.\"\n            }\n        },\n        {\n            \"@type\": \"Question\",\n            \"name\": \"Are these bowls suitable for contact with foods?\",\n            \"acceptedAnswer\": {\n                \"@type\": \"Answer\",\n                \"text\": \"Definitely. Our bowls for salads are made from food-grade material and contain no toxic chemicals such as PFAS and BPA therefore they can be used for any food.\"\n            }\n        },\n        {\n            \"@type\": \"Question\",\n            \"name\": \"Are there possibilities of recycling these bowls?\",\n            \"acceptedAnswer\": {\n                \"@type\": \"Answer\",\n                \"text\": \"Although these bowls are designed mainly for composting they can also be recycled in paper pulp recycling facilities thus making them more eco-friendly.\"\n            }\n        },\n        {\n            \"@type\": \"Question\",\n            \"name\": \"Are these bowls appropriate to carry for outside events?\",\n            \"acceptedAnswer\": {\n                \"@type\": \"Answer\",\n                \"text\": \"Yes, because of the strength and the leak-free features of our disposable salad bowls with lids support one to carry outdoor events, picnics, and parties.\"\n            }\n        }\n    ]\n}<\/script><\/p>","protected":false},"excerpt":{"rendered":"<p>Bioleader\u00ae <strong>insalatiere monouso ecologiche con coperchio<\/strong> stabiliscono un nuovo standard per gli imballaggi alimentari sostenibili. Realizzate con bagassa di canna da zucchero rinnovabile, queste ciotole compostabili sono prive di PFAS, durevoli e resistenti alle perdite e offrono una conservazione e un trasporto sicuri per insalate, frutta e kit di pasti. I loro coperchi trasparenti e sicuri migliorano la presentazione e la praticit\u00e0, rendendole la scelta ideale per ristoranti, take away, catering e consegne di pasti salutari. Scegliete Bioleader per un imballaggio ecologico di alta qualit\u00e0, conveniente e conforme alle normative mondiali, direttamente dalla fabbrica.<\/p>","protected":false},"featured_media":18046,"comment_status":"open","ping_status":"closed","template":"","meta":{"_acf_changed":false},"product_brand":[8971],"product_cat":[7146,7150],"product_tag":[6773,6725,6774,6775,6777,6778],"class_list":{"0":"post-13559","1":"product","2":"type-product","3":"status-publish","4":"has-post-thumbnail","6":"product_brand-bioleader","7":"product_cat-bagasse-food-container","8":"product_cat-bagasse-bowl","9":"product_tag-disposable-salad-bowls-with-lids","10":"product_tag-eco-disposable-bowls","11":"product_tag-eco-friendly-bowl","12":"product_tag-eco-friendly-bowls-with-lids","13":"product_tag-eco-friendly-disposable-bowls-with-lids","14":"product_tag-eco-friendly-salad-bowls","16":"first","17":"instock","18":"purchasable","19":"product-type-simple"},"acf":[],"_links":{"self":[{"href":"https:\/\/www.bioleaderpack.com\/it\/wp-json\/wp\/v2\/product\/13559","targetHints":{"allow":["GET"]}}],"collection":[{"href":"https:\/\/www.bioleaderpack.com\/it\/wp-json\/wp\/v2\/product"}],"about":[{"href":"https:\/\/www.bioleaderpack.com\/it\/wp-json\/wp\/v2\/types\/product"}],"replies":[{"embeddable":true,"href":"https:\/\/www.bioleaderpack.com\/it\/wp-json\/wp\/v2\/comments?post=13559"}],"wp:featuredmedia":[{"embeddable":true,"href":"https:\/\/www.bioleaderpack.com\/it\/wp-json\/wp\/v2\/media\/18046"}],"wp:attachment":[{"href":"https:\/\/www.bioleaderpack.com\/it\/wp-json\/wp\/v2\/media?parent=13559"}],"wp:term":[{"taxonomy":"product_brand","embeddable":true,"href":"https:\/\/www.bioleaderpack.com\/it\/wp-json\/wp\/v2\/product_brand?post=13559"},{"taxonomy":"product_cat","embeddable":true,"href":"https:\/\/www.bioleaderpack.com\/it\/wp-json\/wp\/v2\/product_cat?post=13559"},{"taxonomy":"product_tag","embeddable":true,"href":"https:\/\/www.bioleaderpack.com\/it\/wp-json\/wp\/v2\/product_tag?post=13559"}],"curies":[{"name":"wp","href":"https:\/\/api.w.org\/{rel}","templated":true}]}}