{"id":13556,"date":"2023-03-15T16:15:07","date_gmt":"2023-03-15T08:15:07","guid":{"rendered":"https:\/\/www.bioleaderpack.com\/product\/biodegradable-sugarcane-bagasse-bowl-bulk-wholesale\/"},"modified":"2026-04-24T17:40:30","modified_gmt":"2026-04-24T09:40:30","slug":"ciotola-biodegradabile-in-bagassa-di-canna-da-zucchero","status":"publish","type":"product","link":"https:\/\/www.bioleaderpack.com\/it\/prodotto\/ciotola-biodegradabile-in-bagassa-di-canna-da-zucchero\/","title":{"rendered":"Ciotola biodegradabile in bagassa di canna da zucchero all'ingrosso"},"content":{"rendered":"<table style=\"border-collapse: collapse; width: 100%;\">\n<tbody>\n<tr>\n<td style=\"width: 50%;\"><img fetchpriority=\"high\" decoding=\"async\" class=\"\" src=\"https:\/\/www.bioleaderpack.com\/wp-content\/uploads\/2023\/03\/L0640_1678896697514-1.jpg\" alt=\"insalatiera in bagassa monouso \" width=\"711\" height=\"711\" \/><\/td>\n<td style=\"width: 50%;\"><img decoding=\"async\" class=\"\" src=\"https:\/\/www.bioleaderpack.com\/wp-content\/uploads\/2023\/03\/L06412_1678896670522.jpg\" alt=\"ciotola in bagassa da 24 oz\" width=\"698\" height=\"698\" \/><\/td>\n<\/tr>\n<\/tbody>\n<\/table>\n<table style=\"border-collapse: collapse; width: 100%;\">\n<tbody>\n<tr>\n<td style=\"width: 100%;\"><img decoding=\"async\" src=\"https:\/\/www.bioleaderpack.com\/wp-content\/uploads\/2023\/03\/LBowl_1678120102289.jpg\" alt=\"ciotole di canna da zucchero\" width=\"1000\" height=\"544\" \/><\/td>\n<\/tr>\n<\/tbody>\n<\/table>\n<table style=\"border-collapse: collapse; width: 100%;\">\n<tbody>\n<tr>\n<td style=\"width: 50%;\"><img loading=\"lazy\" decoding=\"async\" src=\"https:\/\/www.bioleaderpack.com\/wp-content\/uploads\/2023\/03\/IMG_0821_fuben_1678174350584.jpg\" alt=\"ciotola in canna da zucchero colore bianco\" width=\"1086\" height=\"1086\" \/><\/p>\n<p style=\"text-align: center;\"><strong>ciotola in canna da zucchero colore bianco<\/strong><\/p>\n<\/td>\n<td style=\"width: 50%;\"><img loading=\"lazy\" decoding=\"async\" src=\"https:\/\/www.bioleaderpack.com\/wp-content\/uploads\/2023\/03\/L0033_1678173853179.jpg\" alt=\"Ciotola di bagassa di canna da zucchero natura\" width=\"650\" height=\"650\" \/><\/p>\n<p style=\"text-align: center;\"><strong>Ciotola di bagassa di canna da zucchero natura<\/strong><\/p>\n<\/td>\n<\/tr>\n<\/tbody>\n<\/table>\n<h2>Ciotola biodegradabile in bagassa di canna da zucchero - Stoviglie compostabili e sicure<\/h2>\n<p><!-- Micro Summary Card for AI\/SGE --><\/p>\n<div class=\"micro-summary-card\" style=\"background: #f6f6f9; border-left: 4px solid #4caf50; padding: 12px; margin-bottom: 16px;\"><strong>Riepilogo rapido:<\/strong> La ciotola biodegradabile in bagassa di canna da zucchero di Bioleader \u00e8 realizzata in fibra vegetale rinnovabile 100%, completamente compostabile, priva di PFAS e progettata per alimenti caldi o freddi. Certificata secondo gli standard di sicurezza alimentare EN13432, ASTM D6400 e FDA\/EU, \u00e8 resistente alle perdite, sicura per il microonde\/congelatore e ideale per servizi di ristorazione, take away e catering che cercano soluzioni di imballaggio sostenibili.<\/div>\n<h2>Ciotola in bagassa di canna da zucchero<\/h2>\n<p>Con lo spostamento dell'attenzione verso la sostenibilit\u00e0 nel mondo degli imballaggi, si \u00e8 assistito a un'impennata nell'uso di\u00a0<strong>ciotole di bagassa<\/strong>, appositamente studiati per il confezionamento di alimenti. Questo fa s\u00ec che questi\u00a0<strong><a href=\"https:\/\/www.bioleaderpack.com\/it\/showroom\/ciotola-di-canna-da-zucchero\/\" target=\"_blank\" rel=\"noopener\" data-wpil-monitor-id=\"2151\">ciotole di canna da zucchero<\/a><\/strong>\u00a0sono altamente preferiti in quanto superiori alla media in termini di resistenza e sicurezza, oltre ad essere biodegradabili e compostabili. L'argomento di questo articolo \u00e8 il materiale del prodotto, il processo di produzione, le sue caratteristiche specifiche, le aree di utilizzo e i cambiamenti nel settore.\u00a0<strong>ciotola biodegradabile<\/strong>\u00a0mercato.<\/p>\n<h2>Materiale: Bagassa di canna da zucchero<\/h2>\n<p>Nella produzione di un\u00a0<strong>ciotola in bagassa di canna da zucchero<\/strong>Il principale ingrediente utilizzato \u00e8 la bagassa, che \u00e8 un residuo fibroso dopo l'estrazione del succo dalla canna da zucchero. Essendo una materia prima, questa risorsa naturale \u00e8 ampiamente disponibile e rinnovabile, quindi \u00e8 un'opzione migliore rispetto alle ciotole di plastica o di polistirolo. Oltre a essere ecologica, la bagassa di canna da zucchero \u00e8 sempre presente nell'ambiente. Come il polietilene, che pu\u00f2 impiegare centinaia di anni per decadere, <strong><a href=\"https:\/\/www.bioleaderpack.com\/it\/prodotto\/ciotole-in-canna-da-zucchero-da-32-oz\/\" target=\"_blank\" rel=\"noopener\" data-wpil-monitor-id=\"2175\">ciotole in bagassa di canna da zucchero<\/a><\/strong>\u00a0possono deteriorarsi in meno di 90 giorni se posti in un ambiente di compostaggio industriale.<\/p>\n<h2>Processo di produzione: <a href=\"https:\/\/www.bioleaderpack.com\/it\/sullo-stampaggio-della-pasta\/\" target=\"_blank\">Stampaggio della pasta di legno<\/a><\/h2>\n<p>La realizzazione di un\u00a0<strong>ciotola biodegradabile<\/strong> dalla canna da zucchero spiega l'importanza dello stampaggio della pasta di carta nel processo di produzione generale. In questo metodo, le fibre di bagassa vengono trasformate in una pasta, che viene poi modellata in ciotole ad alta pressione.<\/p>\n<p>In questo modo si \u00e8 riusciti a produrre un recipiente resistente e che non perde liquidi o olio, come una tipica ciotola. Dopo l'aggiunta di pasta di carta e una volta che la resina si \u00e8 asciugata, le ciotole possono essere modellate in diverse dimensioni e forme a seconda delle esigenze delle unit\u00e0 alimentari. La natura semplice di questa operazione riduce non solo la quantit\u00e0 di energia impiegata, ma anche il costo, con l'effetto di rendere pi\u00f9 semplice il processo di produzione. <strong>ciotole in bagassa di canna da zucchero<\/strong>\u00a0attraente sia per i produttori che per i consumatori.<\/p>\n<table style=\"border-collapse: collapse; width: 100%;\">\n<tbody>\n<tr>\n<td style=\"width: 50%;\"><img loading=\"lazy\" decoding=\"async\" class=\"\" style=\"text-align: center;\" src=\"https:\/\/www.bioleaderpack.com\/wp-content\/uploads\/2023\/03\/0635_1678896773967-1.jpg\" alt=\"ciotola in canna da zucchero compostabile\" width=\"695\" height=\"695\" \/><\/td>\n<td style=\"width: 50%;\"><img loading=\"lazy\" decoding=\"async\" class=\"\" src=\"https:\/\/www.bioleaderpack.com\/wp-content\/uploads\/2023\/03\/0633_1678896807391-2.jpg\" alt=\"insalatiera in canna da zucchero monouso\" width=\"732\" height=\"732\" \/><\/td>\n<\/tr>\n<\/tbody>\n<\/table>\n<h2><\/h2>\n<h2>Caratteristiche principali della ciotola<\/h2>\n<p>Il\u00a0<strong>ciotola di canna da zucchero<\/strong>\u00a0\u00e8 dotato di diverse caratteristiche che lo rendono ecologico, diverso da qualsiasi altro contenitore monouso:<\/p>\n<ul>\n<li>\n<h4><a href=\"https:\/\/www.bioleaderpack.com\/it\/sono-biodegradabili-e-compostabili-lo-stesso\/\" target=\"_blank\">Biodegradabile e compostabile<\/a><\/h4>\n<\/li>\n<\/ul>\n<p>Per sottolinearlo ancora una volta, queste ciotole spariscono in un attimo, senza lasciare traccia di alcun rifiuto tossico. Non devono essere smaltite esclusivamente nei centri, ma possono essere fatte anche a casa, soprattutto per chi pu\u00f2 permettersi un po' di spazio per il giardinaggio.<\/p>\n<ul>\n<li>\n<h4><a href=\"https:\/\/www.bioleaderpack.com\/it\/e-sicuro-utilizzare-le-stoviglie-in-bagassa-di-canna-da-zucchero\/\" target=\"_blank\">Sicuro per gli alimenti e privo di sostanze chimiche<\/a><\/h4>\n<\/li>\n<\/ul>\n<p>Tutte le ciotole di bagassa sono prodotte senza l&#039;uso di sostanze chimiche nocive come <a href=\"https:\/\/www.bioleaderpack.com\/it\/pfas-free-vs-pfoa-free-vs-bpa-free-come-scegliere-stoviglie-sane-e-non-tossiche\/\" target=\"_blank\" rel=\"noopener\" data-wpil-monitor-id=\"478\">PFAS e BPA<\/a>, che sono pericolosi per la salute umana se inalati o ingeriti attraverso gli alimenti.<\/p>\n<ul>\n<li>\n<h4>Impermeabile e a prova di perdite<\/h4>\n<\/li>\n<\/ul>\n<p>Esistono ciotole biodegradabili costruite in modo tale da poter trasportare il cibo in forma di zuppa senza che si disperda o si dissolva.<\/p>\n<ul>\n<li>\n<h4><a href=\"https:\/\/www.bioleaderpack.com\/it\/come-possono-le-scatole-di-farina-di-bagassa-di-canna-da-zucchero-raggiungere-la-resistenza-allacqua-e-allolio\/\" target=\"_blank\">Resistente all'olio<\/a><\/h4>\n<\/li>\n<\/ul>\n<p>Queste ciotole sono realizzate in modo tale che anche le sostanze oleose, come i condimenti per l'insalata, le tagliatelle e le sostanze oleose, non le danneggino o le macchino.<\/p>\n<ul>\n<li>\n<h4><a href=\"https:\/\/www.bioleaderpack.com\/it\/i-piatti-di-carta-di-bagassa-di-canna-da-zucchero-possono-essere-utilizzati-nel-microonde\/\" target=\"_blank\">Utilizzabile in microonde<\/a><\/h4>\n<\/li>\n<\/ul>\n<p>Un altro grande vantaggio \u00e8 che queste ciotole sono utilizzabili nel microonde, il che favorisce la facilit\u00e0 di riscaldare gli alimenti all'interno del contenitore stesso.<\/p>\n<h2>Costi e benefici<\/h2>\n<h3>Vantaggi<\/h3>\n<ul>\n<li><strong>Meno inquinamento.<\/strong> Queste ciotole sono prive di pieghe e di tossine, quindi sono compostabili ed eliminano la scusa di gettare rifiuti tossici.<\/li>\n<li><strong>Non tossico e non pericoloso<\/strong>: Queste sostanze non contengono sostanze nocive come PFAS e BPA.<\/li>\n<li><strong>Ampio utilizzo<\/strong>: Nelle ciotole \u00e8 possibile riscaldare o raffreddare gli alimenti, nonch\u00e9 versare liquidi o cibi grassi.<\/li>\n<li><strong>Forte<\/strong>: Impregnati con un materiale che li rende a prova di perdite e resistenti al riscaldamento a microonde per un maggiore comfort.<\/li>\n<\/ul>\n<h3>Svantaggi<\/h3>\n<ul>\n<li><strong>Pi\u00f9 costoso<\/strong>: Le ciotole biodegradabili saranno probabilmente di piccole dimensioni e non avranno altri pregiudizi rispetto a quelle in plastica, e anche quella nota come Styro sta scomparendo lentamente con l'aumento della domanda.<\/li>\n<li><strong>Resistenza limitata al tempo<\/strong>: Anche se \u00e8 ottimo per brevi periodi di utilizzo,\u00a0<strong>ciotole di bagassa<\/strong>\u00a0potrebbe non sopportare la conservazione di alimenti umidi o pesanti per un periodo prolungato.<\/li>\n<\/ul>\n<div class=\"adweb-item-img\"><img loading=\"lazy\" decoding=\"async\" class=\"\" src=\"https:\/\/www.bioleaderpack.com\/wp-content\/uploads\/2023\/03\/0634_1678896831860-2.jpg\" alt=\"ciotola in canna da zucchero\" width=\"899\" height=\"899\" \/><\/div>\n<p><strong>ciotola in bagassa di canna da zucchero <\/strong><\/p>\n<div class=\"adweb-item-img\"><img loading=\"lazy\" decoding=\"async\" class=\"\" src=\"https:\/\/www.bioleaderpack.com\/wp-content\/uploads\/2023\/03\/063_1678896861343.jpg\" alt=\"ciotola di canna da zucchero per noddle\" width=\"897\" height=\"897\" \/><\/div>\n<p><strong>ciotola canna da zucchero 24 oz<\/strong><\/p>\n<h2>Casi d'uso e applicazioni pratiche<\/h2>\n<p><strong>Bocce di bagassa di canna da zucchero<\/strong>\u00a0hanno molte applicazioni e sono polivalenti, in grado di coprire un'ampia gamma di applicazioni:<\/p>\n<ol>\n<li><strong>Ristoranti e takeaway<\/strong>...indipendentemente da tutto ci\u00f2, dal consumo interno o esterno, dalla consegna di\u00a0<strong>ciotole di canna da zucchero<\/strong> rimane un'opzione valida per la preparazione dei pasti. Grazie alla loro capacit\u00e0 di trattenere l'umidit\u00e0 e di resistere ai grassi, le ciotole di canna da zucchero possono essere utilizzate per zuppe, noodles, insalate e simili.<\/li>\n<li><strong>Feste ed eventi<\/strong>: I padroni di casa che hanno a cuore l'ambiente e l'aspetto degli oggetti da smaltire che vengono dati agli ospiti per questi scopi sono l'ideale per queste ciotole. Sono utili per le occasioni di smaltimento rapido dei rifiuti dopo un programma.<\/li>\n<li><strong>Ristorazione e imballaggio alimentare<\/strong>: Non solo i ristoranti, ma anche molti altri fornitori di servizi di catering hanno iniziato a utilizzare questi contenitori monouso verde scuro per i grandi eventi. Sono versatili nella forma e possono contenere molti tipi di cibo e allo stesso tempo sono il meglio in termini di pratiche ambientali.<\/li>\n<li><strong>Uso domestico<\/strong>: Aumento della consapevolezza di\u00a0<strong>ciotole in bagassa di canna da zucchero<\/strong> \u00e8 diventato di uso domestico per molti individui. Si possono usare per i pasti in famiglia, per i picnic e per i barbecue, e ci\u00f2 che \u00e8 ancora pi\u00f9 interessante \u00e8 che non contribuiscono allo smaltimento dei rifiuti in eccesso.<\/li>\n<\/ol>\n<h2>Strada del mercato<\/h2>\n<p>Con l'aumento della consapevolezza e della preoccupazione dei consumatori e delle aziende per l'impatto ambientale, il mercato delle ciotole biodegradabili e di altre opzioni di imballaggio \u00e8 in crescita. Il recente divieto di vendere plastica monouso in molte nazioni ha spinto il passaggio a opzioni non plastiche, come ad esempio le ciotole in bagassa di canna da zucchero. La maggior parte dei grandi ristoranti e delle catene di fast-food ha promesso di adottare imballaggi ecologici e le ciotole in bagassa di canna da zucchero partecipano attivamente a questa causa.<\/p>\n<p>I produttori pensano sempre fuori dagli schemi, realizzando ciotole di dimensioni, contorni e forme diverse per soddisfare un mercato sempre pi\u00f9 variegato. Poich\u00e9 un numero sempre maggiore di aziende inizier\u00e0 a proiettare la propria curva di ecocompatibilit\u00e0, la domanda di ciotole a basso costo, <a href=\"https:\/\/www.bioleaderpack.com\/it\/prodotto\/ciotole-di-canna-da-zucchero-monouso\/\" target=\"_blank\" rel=\"noopener\" data-wpil-monitor-id=\"2150\">ciotole sostenibili in bagassa di canna da zucchero<\/a> si prevede un ulteriore aumento.<\/p>\n<h4 align=\"left\">Altre dimensioni:<\/h4>\n<figure style=\"width: 1000px\" class=\"wp-caption alignnone\"><img loading=\"lazy\" decoding=\"async\" src=\"https:\/\/www.bioleaderpack.com\/wp-content\/uploads\/2023\/03\/LBowl_1678120102289.jpg\" alt=\"ciotola canna da zucchero\" width=\"1000\" height=\"544\" \/><figcaption class=\"wp-caption-text\">ciotola di canna da zucchero<\/figcaption><\/figure>\n<figure style=\"width: 1000px\" class=\"wp-caption alignnone\"><img loading=\"lazy\" decoding=\"async\" src=\"https:\/\/www.bioleaderpack.com\/wp-content\/uploads\/2023\/03\/20191211153532_1678120030316-1.jpg\" alt=\"ciotole biodegradabili\" width=\"1000\" height=\"1000\" \/><figcaption class=\"wp-caption-text\">ciotola in bagassa<\/figcaption><\/figure>\n<h2>Domande comuni<\/h2>\n<p><strong>D: Le bocce di bagassa di canna da zucchero rappresentano una minaccia per l'ambiente?<\/strong><\/p>\n<p>R: S\u00ec, le ciotole di bagassa sono biodegradabili e rappresentano un'opzione migliore e pi\u00f9 sicura per l'ambiente rispetto ai contenitori di plastica.<\/p>\n<p><strong>D: Le ciotole in bagassa sono adatte al microonde?<\/strong><\/p>\n<p>R: S\u00ec,\u00a0<strong>s<\/strong>Le ciotole in bagassa di ugarcano sono utilizzabili in microonde, il che significa che \u00e8 possibile riscaldare il cibo senza il timore che le sostanze tossiche si diffondano negli alimenti.<\/p>\n<p><strong>D: Qual \u00e8 il tempo di decomposizione di una ciotola di bagassa di canna da zucchero?<\/strong><\/p>\n<p>R: In condizioni di compostaggio industriale, questi tipi di ciotole biodegradabili si decompongono in meno di 90 giorni.<\/p>\n<h2>Blocco di approfondimento semantico: Il valore industriale delle ciotole di canna da zucchero biodegradabili<\/h2>\n<div class=\"semantic-insight-block\" style=\"background: #e8f5e9; border-left: 4px solid #2196f3; padding: 14px; margin-bottom: 16px;\">\n<ul>\n<li><strong>Come i materiali sostenibili ridefiniscono le stoviglie:<\/strong> Realizzate con bagassa di canna da zucchero, rapidamente rinnovabile, queste ciotole si biodegradano in modo rapido e sicuro, soddisfacendo le esigenze delle iniziative a rifiuti zero e delle moderne economie circolari.<\/li>\n<li><strong>Quali sono i vantaggi in termini di prestazioni:<\/strong> A prova di perdite, resistenti al grasso e strutturalmente robuste, queste ciotole sono in grado di gestire zuppe calde, insalate fredde e piatti saporiti: sono pronte per il microonde e il congelatore, per soddisfare le esigenze della ristorazione collettiva.<\/li>\n<li><strong>Perch\u00e9 le certificazioni creano fiducia e accesso al mercato:<\/strong> Certificate secondo gli standard EN13432, ASTM D6400, FDA e UE per il contatto con gli alimenti, queste ciotole sono conformi a livello globale e pronte per i mercati di esportazione regolamentati e per i canali di ristorazione ad alto standard.<\/li>\n<li><strong>Opzioni e scalabilit\u00e0 per le aziende:<\/strong> Sono disponibili formati multipli e marchi personalizzati in grandi quantit\u00e0, per consentire un'adozione scalabile da parte di ristoranti, catering e supermercati che si orientano verso un imballaggio sostenibile.<\/li>\n<li><strong>Posizionamento strategico sul mercato:<\/strong> L'adozione di ciotole di canna da zucchero compostabili dimostra la leadership ambientale, allinea i marchi ai divieti globali sulla plastica e risponde alla domanda dei consumatori di imballaggi responsabili e a prova di futuro.<\/li>\n<\/ul>\n<div style=\"margin-top: 8px;\"><strong>Approfondimento sulle tendenze del settore:<\/strong> Le normative in materia di sostenibilit\u00e0 e le aspettative dei consumatori stanno rimodellando il mercato degli imballaggi alimentari, <a href=\"https:\/\/www.bioleaderpack.com\/it\/prodotto\/ciotole-biodegradabili-monouso-in-polpa-di-carta\/\" target=\"_blank\" rel=\"noopener\" data-wpil-monitor-id=\"2182\">Le ciotole di bagassa di Bioleader<\/a> dare ai marchi la possibilit\u00e0 di essere leader nella conformit\u00e0, nell'innovazione e nella creazione di valore verde.<\/div>\n<\/div>\n<p>&nbsp;<\/p>\n<p><script type=\"application\/ld+json\">{\n    \"@context\": \"https:\\\/\\\/schema.org\",\n    \"@type\": \"FAQPage\",\n    \"mainEntity\": [\n        {\n            \"@type\": \"Question\",\n            \"name\": \"Do sugarcane bagasse bowls pose a threat to the environment?\",\n            \"acceptedAnswer\": {\n                \"@type\": \"Answer\",\n                \"text\": \"Yes, the bagasse bowls are biodegradable and are a better and more environmentally safe option than plastic containers.\"\n            }\n        },\n        {\n            \"@type\": \"Question\",\n            \"name\": \"Are bagasse bowls microwave-safe?\",\n            \"acceptedAnswer\": {\n                \"@type\": \"Answer\",\n                \"text\": \"Yes, sugarcane bagasse bowls are microwavable, which means you can warm the food without the fear of toxic substances leeching into the food.\"\n            }\n        },\n        {\n            \"@type\": \"Question\",\n            \"name\": \"What\\u2019s the decomposition time of a sugarcane bagasse bowl?\",\n            \"acceptedAnswer\": {\n                \"@type\": \"Answer\",\n                \"text\": \"Under industrial composting conditions, these types of biodegradable bowls would decompose in less than 90 days.\"\n            }\n        }\n    ]\n}<\/script><\/p>","protected":false},"excerpt":{"rendered":"<p><strong data-start=\"224\" data-end=\"364\">Ecologiche, robuste ed eleganti, le ciotole biodegradabili in bagassa di canna da zucchero di Bioleader sono la scelta ideale per un imballaggio alimentare sostenibile.<\/strong> Realizzate con fibre di canna da zucchero rinnovabili, queste ciotole compostabili offrono una forte resistenza al calore, prestazioni a prova di perdite e zero contenuto di plastica. Adatte per zuppe calde, insalate fredde, noodles e piatti a base di cereali, sono adatte sia per la tavola che per l'asporto. 100% biodegradabili e privi di PFAS, riflettono l'impegno per la sicurezza ambientale senza compromettere la qualit\u00e0 o l'aspetto. Progettate per gli operatori della ristorazione, i distributori e i marchi attenti all'ambiente, queste ciotole sono affidabili, convenienti e conformi agli standard internazionali di compostabilit\u00e0.<\/p>","protected":false},"featured_media":17740,"comment_status":"open","ping_status":"closed","template":"","meta":{"_acf_changed":false},"product_brand":[8971],"product_cat":[7150],"product_tag":[6753,6754,6661,6756,6738],"class_list":{"0":"post-13556","1":"product","2":"type-product","3":"status-publish","4":"has-post-thumbnail","6":"product_brand-bioleader","7":"product_cat-bagasse-bowl","8":"product_tag-bagasse-bowl","9":"product_tag-bagasse-bowls","10":"product_tag-biodegradable-bowl","11":"product_tag-sugacrane-bagsse-bowl","12":"product_tag-sugarcane-bowl","14":"first","15":"instock","16":"purchasable","17":"product-type-simple"},"acf":[],"_links":{"self":[{"href":"https:\/\/www.bioleaderpack.com\/it\/wp-json\/wp\/v2\/product\/13556","targetHints":{"allow":["GET"]}}],"collection":[{"href":"https:\/\/www.bioleaderpack.com\/it\/wp-json\/wp\/v2\/product"}],"about":[{"href":"https:\/\/www.bioleaderpack.com\/it\/wp-json\/wp\/v2\/types\/product"}],"replies":[{"embeddable":true,"href":"https:\/\/www.bioleaderpack.com\/it\/wp-json\/wp\/v2\/comments?post=13556"}],"wp:featuredmedia":[{"embeddable":true,"href":"https:\/\/www.bioleaderpack.com\/it\/wp-json\/wp\/v2\/media\/17740"}],"wp:attachment":[{"href":"https:\/\/www.bioleaderpack.com\/it\/wp-json\/wp\/v2\/media?parent=13556"}],"wp:term":[{"taxonomy":"product_brand","embeddable":true,"href":"https:\/\/www.bioleaderpack.com\/it\/wp-json\/wp\/v2\/product_brand?post=13556"},{"taxonomy":"product_cat","embeddable":true,"href":"https:\/\/www.bioleaderpack.com\/it\/wp-json\/wp\/v2\/product_cat?post=13556"},{"taxonomy":"product_tag","embeddable":true,"href":"https:\/\/www.bioleaderpack.com\/it\/wp-json\/wp\/v2\/product_tag?post=13556"}],"curies":[{"name":"wp","href":"https:\/\/api.w.org\/{rel}","templated":true}]}}