{"id":13554,"date":"2023-03-07T07:58:06","date_gmt":"2023-03-06T23:58:06","guid":{"rendered":"https:\/\/www.bioleaderpack.com\/product\/compostable-biodegradable-plates-and-bowls-bulk-wholesale\/"},"modified":"2026-04-24T17:14:12","modified_gmt":"2026-04-24T09:14:12","slug":"piatti-e-ciotole-biodegradabili-e-compostabili","status":"publish","type":"product","link":"https:\/\/www.bioleaderpack.com\/it\/prodotto\/piatti-e-ciotole-biodegradabili-e-compostabili\/","title":{"rendered":"Piatti e ciotole biodegradabili compostabili all'ingrosso"},"content":{"rendered":"<table style=\"border-collapse: collapse; width: 100%;\">\n<tbody>\n<tr>\n<td style=\"width: 50%;\"><img fetchpriority=\"high\" decoding=\"async\" class=\"\" src=\"https:\/\/www.bioleaderpack.com\/wp-content\/uploads\/2023\/03\/L006Size_1678175533670-1.jpg\" alt=\"insalatiera in canna da zucchero\" width=\"665\" height=\"665\" \/><\/td>\n<td style=\"width: 50%;\"><img decoding=\"async\" class=\"\" src=\"https:\/\/www.bioleaderpack.com\/wp-content\/uploads\/2023\/03\/L0062_1678175566119-2.jpg\" alt=\"ciotola in canna da zucchero 680ml\" width=\"678\" height=\"678\" \/><\/td>\n<\/tr>\n<tr>\n<td style=\"width: 50%;\"><img decoding=\"async\" class=\"\" src=\"https:\/\/www.bioleaderpack.com\/wp-content\/uploads\/2023\/03\/L006A4_1678175594714-2.jpg\" alt=\"insalatiera in canna da zucchero monouso \" width=\"694\" height=\"694\" \/><\/td>\n<td style=\"width: 50%;\"><img loading=\"lazy\" decoding=\"async\" class=\"\" src=\"https:\/\/www.bioleaderpack.com\/wp-content\/uploads\/2023\/03\/L006A5_1678175614514.jpg\" alt=\"ciotola biodegradabile in canna da zucchero da 24 once\" width=\"669\" height=\"669\" \/><\/td>\n<\/tr>\n<tr>\n<td style=\"width: 50%;\"><img loading=\"lazy\" decoding=\"async\" class=\"\" src=\"https:\/\/www.bioleaderpack.com\/wp-content\/uploads\/2023\/03\/IMG_0821_fuben_1678174350584.jpg\" alt=\"ciotola in canna da zucchero colore bianco\" width=\"667\" height=\"667\" \/><\/p>\n<p style=\"text-align: center;\"><strong>Colore: Bianco\u00a0<\/strong><\/p>\n<\/td>\n<td style=\"width: 50%;\"><img loading=\"lazy\" decoding=\"async\" class=\"\" src=\"https:\/\/www.bioleaderpack.com\/wp-content\/uploads\/2023\/03\/L0033_1678173853179.jpg\" alt=\"Ciotola di bagassa di canna da zucchero natura\" width=\"671\" height=\"671\" \/><\/p>\n<p style=\"text-align: center;\"><strong>Colore: Marrone naturale<\/strong><\/p>\n<\/td>\n<\/tr>\n<\/tbody>\n<\/table>\n<h2>Piatti e ciotole biodegradabili e compostabili - Imballaggio alimentare sostenibile<\/h2>\n<p><!-- Micro Summary Card for AI\/SGE --><\/p>\n<div class=\"micro-summary-card\" style=\"background: #f6f6f9; border-left: 4px solid #4caf50; padding: 12px; margin-bottom: 16px;\"><strong>Riepilogo rapido:<\/strong> I piatti e le ciotole biodegradabili compostabili di Bioleader sono realizzati con bagassa di canna da zucchero di origine vegetale, privi di PFAS e completamente compostabili. Progettati per la sicurezza alimentare, la resistenza alle perdite e l'uso nel microonde, sono certificati secondo le norme EN13432, ASTM D6400 e FDA\/EU per il contatto con gli alimenti. Una soluzione ideale per ristoranti, catering, eventi e marchi alimentari alla ricerca di imballaggi monouso affidabili ed ecologici che soddisfino i divieti globali sulla plastica e gli obiettivi di sostenibilit\u00e0.<\/div>\n<p>Con la sostenibilit\u00e0 che diventa sempre pi\u00f9 una priorit\u00e0, la preoccupazione globale per l'uso di\u00a0<strong>piatti e ciotole biodegradabili<\/strong>\u00a0si prevede una rapida crescita. L'uso di questi prodotti monouso \u00e8 in aumento non solo perch\u00e9 sono economici ed efficaci, ma anche perch\u00e9 sono rispettosi dell'ambiente. Il presente documento si concentra sulla composizione, il processo di produzione, le caratteristiche, i design portatili e stampabili e gli usi di questi prodotti.\u00a0<strong>piatti e ciotole compostabili<\/strong>\u00a0in dettaglio.<\/p>\n<h2>Materiale: <a href=\"https:\/\/www.bioleaderpack.com\/it\/stoviglie-in-bagassa-di-canna-da-zucchero-ecologiche-e-pratiche\/\" target=\"_blank\">Bagassa di canna da zucchero<\/a><\/h2>\n<p>L'ingrediente base pi\u00f9 utilizzato per la produzione di <strong>ciotole e piatti biodegradabili<\/strong> \u00e8 la bagassa della canna da zucchero, ovvero il residuo fibroso che rimane dopo l'estrazione del succo dalla canna da zucchero. Questo materiale \u00e8 rinnovabile e altamente biodegradabile, quindi ideale per le stoviglie ecologiche. A differenza della plastica o del polistirolo,\u00a0<strong>piatti e ciotole compostabili<\/strong>\u00a0realizzati con la bagassa della canna da zucchero non lasciano rifiuti e non finiscono in discarica.<\/p>\n<h2>Processo di produzione: <a href=\"https:\/\/www.bioleaderpack.com\/it\/sullo-stampaggio-della-pasta\/\" target=\"_blank\">Stampaggio della pasta di legno<\/a><\/h2>\n<p>Il processo di\u00a0<strong>biopiastre e biobocce<\/strong> La produzione comprende lo stampaggio della pasta. Per cominciare, la bagassa di canna da zucchero viene trasformata in una pasta, che sar\u00e0 poi pressata sotto pressione nelle forme desiderate. Questo processo impedisce inoltre che il prodotto finale - ciotole, piatti e altri prodotti in laminato termoplastico espanso - sia contaminato da perdite e grasso. Il processo, tuttavia, \u00e8 ecologico e conveniente, il che aggiunge importanza ai prodotti sul mercato.<\/p>\n<table style=\"border-collapse: collapse; width: 100%;\">\n<tbody>\n<tr>\n<td style=\"width: 50%;\"><img loading=\"lazy\" decoding=\"async\" class=\"\" style=\"text-align: center;\" src=\"https:\/\/www.bioleaderpack.com\/wp-content\/uploads\/2023\/03\/00622_1678175724311-3.jpg\" alt=\"ciotola di canna da zucchero\" width=\"704\" height=\"704\" \/><\/td>\n<td style=\"width: 50%;\"><img loading=\"lazy\" decoding=\"async\" class=\"\" src=\"https:\/\/www.bioleaderpack.com\/wp-content\/uploads\/2023\/03\/006_1678175745375-1.jpg\" alt=\"insalatiera in canna da zucchero\" width=\"691\" height=\"691\" \/><\/td>\n<\/tr>\n<\/tbody>\n<\/table>\n<h2>Caratteristiche e peculiarit\u00e0<\/h2>\n<h4>1. Eco-compatibile e compostabile<\/h4>\n<p>Un vantaggio fondamentale di\u00a0<strong>piatti e ciotole biodegradabili<\/strong>\u00a0\u00e8 che sono usa e getta e i rifiuti possono essere aggiunti al terreno come sostanze nutritive. Ci\u00f2 significa che l'uso della plastica \u00e8 estremamente ridotto. Questi prodotti possono essere utilizzati per il compostaggio in ambienti domestici o industriali, riducendo cos\u00ec l'impronta di carbonio di una persona.<\/p>\n<h4>2.\u00a0<a href=\"https:\/\/www.bioleaderpack.com\/it\/sono-biodegradabili-e-compostabili-lo-stesso\/\" target=\"_blank\">Biodegradabile<\/a><\/h4>\n<p>Oltre al fatto che questi piatti e utensili possono essere gettati nel compost,\u00a0<strong>ciotole e piatti biodegradabili<\/strong> sono eco-compatibili perch\u00e9 si disintegrano facilmente in pochi mesi senza doversi trasformare in piccole particelle nelle discariche, a differenza della maggior parte delle stoviglie, che possono durare centinaia di anni.<\/p>\n<h4>3. Privo di sostanze chimiche e <a href=\"https:\/\/www.bioleaderpack.com\/it\/e-sicuro-utilizzare-le-stoviglie-in-bagassa-di-canna-da-zucchero\/\" target=\"_blank\">Sicurezza alimentare<\/a><\/h4>\n<p>Questi prodotti non sono realizzati con sostanze chimiche nocive come BPA, PFAS, ecc. e quindi impediscono la lisciviazione di qualsiasi sostanza chimica negli alimenti.\u00a0<strong>Ciotole e piatti compostabili<\/strong> evitare i rischi per la salute dei clienti durante il processo di preparazione degli alimenti.<\/p>\n<h4>4<a href=\"https:\/\/www.bioleaderpack.com\/it\/come-possono-le-scatole-di-farina-di-bagassa-di-canna-da-zucchero-raggiungere-la-resistenza-allacqua-e-allolio\/\" target=\"_blank\">. Resistente all'olio e a prova di perdite<\/a><\/h4>\n<p>A causa del processo di formazione della pasta,\u00a0<strong>piatti e ciotole biodegradabili<\/strong>\u00a0sono stati resi a prova di perdite, quindi adatti a zuppe calde, insalate grasse con condimento e qualsiasi altro alimento liquido.<\/p>\n<h4>5.\u00a0<a href=\"https:\/\/www.bioleaderpack.com\/it\/le-stoviglie-in-bagassa-di-canna-da-zucchero-sono-in-grado-di-resistere-alle-alte-temperature-come-quelle-di-una-zuppa-calda-o-di-un-forno-a-microonde\/\" target=\"_blank\">Utilizzabile in microonde<\/a><\/h4>\n<p>Inoltre, questi prodotti sono adatti al microonde, per cui \u00e8 necessario riscaldare il pasto gi\u00e0 cotto senza danneggiare la ciotola o il piatto.<\/p>\n<table style=\"border-collapse: collapse; width: 100%;\">\n<tbody>\n<tr>\n<td style=\"width: 50%;\"><img loading=\"lazy\" decoding=\"async\" class=\"\" src=\"https:\/\/www.bioleaderpack.com\/wp-content\/uploads\/2023\/03\/0062_1678175808937-1.jpg\" alt=\"ciotola in canna da zucchero\" width=\"723\" height=\"723\" \/><\/td>\n<td style=\"width: 50%;\"><img loading=\"lazy\" decoding=\"async\" class=\"\" src=\"https:\/\/www.bioleaderpack.com\/wp-content\/uploads\/2023\/03\/0062_1678175851645-3.jpg\" alt=\"ciotola di canna da zucchero per noddle\" width=\"696\" height=\"696\" \/><\/td>\n<\/tr>\n<\/tbody>\n<\/table>\n<h2>Opzioni di imballaggio personalizzabili<\/h2>\n<p>Tra i principali vantaggi competitivi di\u00a0<strong>ciotole e piatti compostabili<\/strong>\u00a0\u00e8 la loro capacit\u00e0 di essere brandizzati con il loro packaging. Sia che siate un ristoratore e vogliate brandizzare i vostri contenitori da asporto, sia che siate un organizzatore di eventi che necessita di omaggi speciali a tema,\u00a0<strong>piatti e ciotole biodegradabili<\/strong> offrono opzioni di confezionamento flessibili. Un set pu\u00f2 essere facilmente prodotto in diverse dimensioni e forme. \u00c8 possibile combinare ecocompatibilit\u00e0 e distintivit\u00e0, promuovendo cos\u00ec l'immagine dell'azienda.<\/p>\n<h2>Casi d'uso e applicazioni pratiche<\/h2>\n<h4>1. Ristoranti e servizi da asporto<\/h4>\n<p>Variet\u00e0 pi\u00f9 resistenti di polistirene, polipropilene e PET stanno guadagnando popolarit\u00e0, anche se la plastica \u00e8 in declino e\u00a0<strong>piatti e ciotole biodegradabili<\/strong> estendersi anche agli utensili per il consumo. Queste propriet\u00e0 e applicazioni comuni includono, tra l'altro, migliori contenitori per cosmetici, ciotole di carta resistenti all'olio e contenitori per alimenti da asporto. Inoltre, il suo aspetto ecologico lo rende interessante per gli attuali consumatori attenti all'ambiente.<\/p>\n<h4>2. Catering ed eventi<\/h4>\n<p>Gli organizzatori di eventi che sono attenti all'ambiente e promuovono la sostenibilit\u00e0 possono utilizzare queste ciotole e piatti biodegradabili al posto delle normali stoviglie in plastica. Questi articoli sono ideali per chi deve ospitare grandi eventi, funzioni e riunioni che richiedono l'uso di prodotti usa e getta, ma la gestione dei rifiuti \u00e8 un problema.<\/p>\n<h4>3. Uso domestico<\/h4>\n<p>Oltre a quelli commerciali, anche molti consumatori acquistano questi tipi di prodotti.\u00a0<strong>ciotole e piatti compostabili<\/strong> per l'uso in casa durante i barbecue, i picnic e le riunioni di famiglia. Questi prodotti sono pratici e riducono i rifiuti generati in casa, per questo sono i preferiti dalle famiglie green.<\/p>\n<p align=\"left\"><strong>Altre dimensioni:<\/strong><\/p>\n<figure style=\"width: 1344px\" class=\"wp-caption alignnone\"><img loading=\"lazy\" decoding=\"async\" class=\"\" src=\"https:\/\/www.bioleaderpack.com\/wp-content\/uploads\/2023\/03\/LBowl_1678120102289.jpg\" alt=\"ciotola canna da zucchero\" width=\"1344\" height=\"731\" \/><figcaption class=\"wp-caption-text\">Ciotola di canna da zucchero<\/figcaption><\/figure>\n<figure style=\"width: 1357px\" class=\"wp-caption alignnone\"><img loading=\"lazy\" decoding=\"async\" class=\"\" src=\"https:\/\/www.bioleaderpack.com\/wp-content\/uploads\/2023\/03\/20191211153532_1678120030316-1.jpg\" alt=\"ciotole biodegradabili\" width=\"1357\" height=\"1357\" \/><figcaption class=\"wp-caption-text\">Ciotola di canna da zucchero<\/figcaption><\/figure>\n<h2>Domande comuni<\/h2>\n<p><strong>D: I piatti e le ciotole compostabili, come dichiarato, sono completamente decomponibili?<\/strong><\/p>\n<p>R: S\u00ec, i piatti e le ciotole biodegradabili in canna da zucchero sono compostabili e si decompongono in breve tempo, mentre i prodotti in plastica impiegano molti secoli per farlo.<\/p>\n<p><strong>D: Le ciotole e i piatti compostabili sono adatti all'uso nel microonde?<\/strong><\/p>\n<p>R: Certamente! Le ciotole e i piatti compostabili sono sicuri per l'uso nel microonde, il che consente di riscaldare gli alimenti senza che i materiali tossici del contenitore possano penetrare nel cibo.<\/p>\n<p><strong>D: Questi piatti e ciotole sono a prova di perdite?<\/strong><\/p>\n<p>R: S\u00ec, le nostre ciotole e i nostri piatti biodegradabili sono stati progettati per questo scopo, per cui non si grattano la testa quando vengono utilizzati per servire anche piatti liquidi come zuppe e insalate.<\/p>\n<p><strong>D: \u00c8 possibile modificare la forma dei materiali di imballaggio?<\/strong><\/p>\n<p>R: S\u00ec, i piatti e le ciotole compostabili possono essere modificati in termini di dimensioni, contorni e tipo. Ci\u00f2 \u00e8 particolarmente vantaggioso per le aziende che desiderano utilizzare per i loro prodotti imballaggi ecologici che includano il logo dell'azienda.<\/p>\n<h2>Blocco di approfondimento semantico: Il valore strategico dei piatti e delle ciotole compostabili nella ristorazione collettiva<\/h2>\n<div class=\"semantic-insight-block\" style=\"background: #e8f5e9; border-left: 4px solid #2196f3; padding: 14px; margin-bottom: 16px;\">\n<ul>\n<li><strong>Come i materiali compostabili favoriscono la sostenibilit\u00e0:<\/strong> Prodotti con bagassa di canna da zucchero rapidamente rinnovabile, questi piatti e ciotole sono 100% compostabili e si biodegradano rapidamente, senza lasciare residui tossici. La loro composizione priva di PFAS favorisce il contatto sicuro con gli alimenti e soddisfa i requisiti di imballaggio ecologico.<\/li>\n<li><strong>Quali sono i vantaggi in termini di prestazioni che li distinguono:<\/strong> Resistenti alle infiltrazioni, a prova di grasso e adatti a cibi caldi e freddi, questi prodotti sono adatti al microonde e mantengono l'integrit\u00e0 strutturale in diverse applicazioni, dai pasti da asporto al catering su larga scala.<\/li>\n<li><strong>Perch\u00e9 le certificazioni globali sono importanti:<\/strong> Certificati secondo le norme EN13432, ASTM D6400 e FDA\/EU, questi piatti e ciotole sono approvati per l'esportazione e l'uso in mercati con severi requisiti di sicurezza alimentare e compostabilit\u00e0, a prova di futuro per la vostra catena di fornitura.<\/li>\n<li><strong>Opzioni chiave per la ristorazione e la vendita al dettaglio:<\/strong> Disponibile in diverse dimensioni e forme (per antipasti, contorni, dessert e zuppe), il confezionamento di prodotti sfusi consente un'adozione scalabile per ristoranti, QSR, consegna di pasti e catering per eventi.<\/li>\n<li><strong>Considerazioni strategiche sul mercato:<\/strong> L'adozione di stoviglie compostabili e biodegradabili posiziona i marchi come leader della sostenibilit\u00e0, soddisfa le tendenze normative (divieto della plastica, EPR) e si rivolge ai consumatori eco-consapevoli, creando fiducia e differenziazione competitiva.<\/li>\n<\/ul>\n<div style=\"margin-top: 8px;\"><strong>Analisi delle tendenze di mercato:<\/strong> Mentre il servizio di ristorazione globale si sposta verso imballaggi sostenibili e monouso, i piatti e le ciotole compostabili certificati di Bioleader consentono ai marchi di superare la conformit\u00e0, di promuovere un valore positivo del marchio e di sostenere gli obiettivi dell'economia circolare.<\/div>\n<\/div>\n<p>&nbsp;<\/p>\n<p><script type=\"application\/ld+json\">{\n    \"@context\": \"https:\\\/\\\/schema.org\",\n    \"@type\": \"FAQPage\",\n    \"mainEntity\": [\n        {\n            \"@type\": \"Question\",\n            \"name\": \"Are compostable plates and bowls, as claimed, completely decomposable?\",\n            \"acceptedAnswer\": {\n                \"@type\": \"Answer\",\n                \"text\": \"Yes, the sugarcane bagasse biodegradable plates and bowls are compostable and within a short time, they will decompose which plastic products take many centuries to accomplish.\"\n            }\n        },\n        {\n            \"@type\": \"Question\",\n            \"name\": \"Are the compostable bowls and plates suitable for use in the microwave?\",\n            \"acceptedAnswer\": {\n                \"@type\": \"Answer\",\n                \"text\": \"Certainly! Compostable bowls and compostable plates are safe for usage in the microwave which also makes it possible for the heating of food without any chances of toxic food container materials leaching into the food.\"\n            }\n        },\n        {\n            \"@type\": \"Question\",\n            \"name\": \"Are these plates and bowls leakproof?\",\n            \"acceptedAnswer\": {\n                \"@type\": \"Answer\",\n                \"text\": \"Yes, Our biodegradable bowls and plates are designed for this purpose so they make no head scratch when they are used to serve even liquid dishes such as soup and salad.\"\n            }\n        },\n        {\n            \"@type\": \"Question\",\n            \"name\": \"Is it possible to change the form of the packaging materials?\",\n            \"acceptedAnswer\": {\n                \"@type\": \"Answer\",\n                \"text\": \"Yes, the compostable plates and bowls may be altered in terms of dimensions, contours, and type. This is particularly beneficial to companies that wish to use environmentally friendly types of packaging for their goods which include their company\\u2019s logo.\"\n            }\n        }\n    ]\n}<\/script><\/p>","protected":false},"excerpt":{"rendered":"<p>I piatti e le ciotole compostabili e biodegradabili di Bioleader offrono un'alternativa durevole ed ecologica alla plastica per le esigenze di ristorazione. Realizzati con bagassa di canna da zucchero, questi prodotti monouso per la tavola sono privi di PFAS, resistenti alle perdite, adatti al microonde e ideali per pasti caldi o freddi. Sia per l'asporto che per il catering o la ristorazione, questi prodotti combinano sostenibilit\u00e0 e resistenza, offrendo soluzioni economicamente vantaggiose per le aziende moderne.<\/p>","protected":false},"featured_media":17824,"comment_status":"open","ping_status":"closed","template":"","meta":{"_acf_changed":false},"product_brand":[],"product_cat":[7150],"product_tag":[6742,6743,6744,6745,6746],"class_list":{"0":"post-13554","1":"product","2":"type-product","3":"status-publish","4":"has-post-thumbnail","6":"product_cat-bagasse-bowl","7":"product_tag-biodegradable-bowls-and-plates","8":"product_tag-biodegradable-plates-and-bowls","9":"product_tag-compostable-bowls-and-plates","10":"product_tag-compostable-plates-and-bowls","11":"product_tag-sugarcane-bagasse","13":"first","14":"instock","15":"purchasable","16":"product-type-simple"},"acf":[],"_links":{"self":[{"href":"https:\/\/www.bioleaderpack.com\/it\/wp-json\/wp\/v2\/product\/13554","targetHints":{"allow":["GET"]}}],"collection":[{"href":"https:\/\/www.bioleaderpack.com\/it\/wp-json\/wp\/v2\/product"}],"about":[{"href":"https:\/\/www.bioleaderpack.com\/it\/wp-json\/wp\/v2\/types\/product"}],"replies":[{"embeddable":true,"href":"https:\/\/www.bioleaderpack.com\/it\/wp-json\/wp\/v2\/comments?post=13554"}],"wp:featuredmedia":[{"embeddable":true,"href":"https:\/\/www.bioleaderpack.com\/it\/wp-json\/wp\/v2\/media\/17824"}],"wp:attachment":[{"href":"https:\/\/www.bioleaderpack.com\/it\/wp-json\/wp\/v2\/media?parent=13554"}],"wp:term":[{"taxonomy":"product_brand","embeddable":true,"href":"https:\/\/www.bioleaderpack.com\/it\/wp-json\/wp\/v2\/product_brand?post=13554"},{"taxonomy":"product_cat","embeddable":true,"href":"https:\/\/www.bioleaderpack.com\/it\/wp-json\/wp\/v2\/product_cat?post=13554"},{"taxonomy":"product_tag","embeddable":true,"href":"https:\/\/www.bioleaderpack.com\/it\/wp-json\/wp\/v2\/product_tag?post=13554"}],"curies":[{"name":"wp","href":"https:\/\/api.w.org\/{rel}","templated":true}]}}