{"id":13552,"date":"2023-03-13T08:48:58","date_gmt":"2023-03-13T00:48:58","guid":{"rendered":"https:\/\/www.bioleaderpack.com\/product\/eco-friendly-disposable-plates-and-bowls-sustainable\/"},"modified":"2026-04-24T17:13:25","modified_gmt":"2026-04-24T09:13:25","slug":"piatti-e-ciotole-monouso-ecologici-sostenibili","status":"publish","type":"product","link":"https:\/\/www.bioleaderpack.com\/it\/prodotto\/piatti-e-ciotole-monouso-ecologici-sostenibili\/","title":{"rendered":"Piatti e ciotole monouso eco-compatibili Sostenibili"},"content":{"rendered":"<table style=\"border-collapse: collapse; width: 100%;\">\n<tbody>\n<tr>\n<td style=\"width: 100%;\"><img fetchpriority=\"high\" decoding=\"async\" class=\"\" src=\"https:\/\/www.bioleaderpack.com\/wp-content\/uploads\/2023\/03\/20191211153532_1678120030316-1.jpg\" alt=\"ciotola ecologica\" width=\"1119\" height=\"1119\" \/><\/td>\n<\/tr>\n<\/tbody>\n<\/table>\n<table style=\"border-collapse: collapse; width: 100%;\">\n<tbody>\n<tr>\n<td style=\"width: 50%;\"><img decoding=\"async\" src=\"https:\/\/www.bioleaderpack.com\/wp-content\/uploads\/2024\/09\/L0100_1678697024495.jpg\" alt=\"piatti e ciotole ecologici\" width=\"1000\" height=\"1000\" \/><\/td>\n<td style=\"width: 50%;\"><img decoding=\"async\" src=\"https:\/\/www.bioleaderpack.com\/wp-content\/uploads\/2024\/09\/L0102_1678697072872.jpg\" alt=\"ciotola ecologica da 16 oz\" width=\"1000\" height=\"1000\" \/><\/td>\n<\/tr>\n<tr>\n<td style=\"width: 50%;\"><img loading=\"lazy\" decoding=\"async\" src=\"https:\/\/www.bioleaderpack.com\/wp-content\/uploads\/2023\/03\/IMG_0821_fuben_1678174350584.jpg\" alt=\"ciotole ecologiche di colore bianco\" width=\"1086\" height=\"1086\" \/><\/p>\n<p style=\"text-align: center;\"><strong>Colore: Bianco\u00a0<\/strong><\/p>\n<\/td>\n<td style=\"width: 50%;\"><img loading=\"lazy\" decoding=\"async\" class=\"\" src=\"https:\/\/www.bioleaderpack.com\/wp-content\/uploads\/2023\/03\/L0033_1678173853179.jpg\" alt=\"Ciotola di bagassa di canna da zucchero natura\" width=\"702\" height=\"702\" \/><\/p>\n<p style=\"text-align: center;\"><strong>Colore: Marrone naturale<\/strong><\/p>\n<\/td>\n<\/tr>\n<\/tbody>\n<\/table>\n<h2>Piatti e ciotole monouso ecologici (Bagassa di canna da zucchero)<\/h2>\n<p><!-- Micro Summary Card for AI\/SGE --><\/p>\n<div class=\"micro-summary-card\" style=\"background: #f6f6f9; border-left: 4px solid #4caf50; padding: 12px; margin-bottom: 16px;\"><strong>Riepilogo rapido:<\/strong> I piatti e le ciotole monouso ecologici di Bioleader sono prodotti con bagassa di canna da zucchero, completamente compostabili, privi di PFAS e a prova di perdite. Resistenti al microonde e al grasso, sono certificati secondo la norma EN13432 e gli standard USA\/EU per il contatto con gli alimenti. Ideali per ristoranti, catering, eventi e attivit\u00e0 di asporto che cercano stoviglie sostenibili e ad alte prestazioni, in grado di soddisfare i divieti globali sulla plastica e le aspettative ecologiche dei consumatori.<\/div>\n<p>Con la tendenza globale alla promozione di stili di vita ecologici,\u00a0<strong>piatti e ciotole monouso ecologici<\/strong> sono oggi le opzioni preferite sia dai clienti che dalle aziende. Queste alternative hanno fornito una via d'uscita funzionale che non costringe a sacrificare la convenienza. In questo articolo, da un lato, analizzeremo a fondo la composizione, la specialit\u00e0 tecnologica, i vantaggi unici dell'impiego e l'estensibilit\u00e0 dell'imballaggio dei prodotti.\u00a0<strong>piatti e ciotole ecologici. Noi<\/strong>\u00a0si analizzer\u00e0 anche la storia e lo sviluppo delle tendenze di mercato e della domanda dei clienti per la produzione di stoviglie in plastica.<\/p>\n<h2>Materiale: Bagassa di canna da zucchero<\/h2>\n<p>La bagassa di canna da zucchero, scarto dell'industria saccarifera, \u00e8 la materia prima di base per la produzione della maggior parte dei prodotti, se non di tutti, <strong>piatti e ciotole monouso ecologici<\/strong>. La bagassa \u00e8 ricostituibile e biodegradabile, motivo per cui \u00e8 ampiamente utilizzata per la produzione di posate ecologiche. A differenza della plastica, che richiede centinaia di anni prima di decomporsi definitivamente, <strong>ciotole ecologiche<\/strong> a base di bagassa di canna da zucchero impiegano poco tempo a disintegrarsi, eliminando tutti i rifiuti nocivi. Per questo motivo sono molto apprezzati sia dai consumatori che dai produttori, che si impegnano a rispettare l'ambiente.<\/p>\n<h2><a href=\"https:\/\/www.bioleaderpack.com\/it\/processo-di-produzione-di-stoviglie-in-polpa-di-canna-da-zucchero-per-stampaggio\/\" target=\"_blank\">Processo di produzione: Tecnologia di stampaggio della pasta di cellulosa<\/a><\/h2>\n<p>La produzione di piatti e ciotole, che comunemente scompone il bacino in piccole particelle, si riferisce a un metodo rapido ed efficiente chiamato procedura di stampaggio della polpa. La bagassa, solitamente tagliata in piccoli pezzi, viene trasformata in polpa e modellata in forme come piatti e ciotole. Lo stampaggio ad alta pressione viene effettuato per creare prodotti pi\u00f9 robusti, a prova di perdite e resistenti all'olio e al grasso. Questo processo \u00e8 economico e rispettoso dell'ambiente, per cui i piatti e le ciotole sostenibili sono accessibili agli utenti di vari settori.<\/p>\n<table style=\"border-collapse: collapse; width: 100%;\">\n<tbody>\n<tr>\n<td style=\"width: 50%;\"><img loading=\"lazy\" decoding=\"async\" class=\"\" style=\"text-align: center;\" src=\"https:\/\/www.bioleaderpack.com\/wp-content\/uploads\/2023\/03\/00622_1678175724311-4.jpg\" alt=\"ciotola di canna da zucchero\" width=\"748\" height=\"748\" \/><\/td>\n<td style=\"width: 50%;\"><img loading=\"lazy\" decoding=\"async\" class=\"\" src=\"https:\/\/www.bioleaderpack.com\/wp-content\/uploads\/2023\/03\/006_1678175745375-2.jpg\" alt=\"insalatiera in canna da zucchero\" width=\"687\" height=\"687\" \/><\/td>\n<\/tr>\n<\/tbody>\n<\/table>\n<h2>Caratteristiche e funzionalit\u00e0 principali<\/h2>\n<h4>1.\u00a0<a href=\"https:\/\/www.bioleaderpack.com\/it\/sono-biodegradabili-e-compostabili-lo-stesso\/\" target=\"_blank\">Compostabile e biodegradabile<\/a><\/h4>\n<p>Tra i tanti <a href=\"https:\/\/www.bioleaderpack.com\/it\/prodotto\/piatti-di-carta-usa-e-getta-ecologici\/\" target=\"_blank\" rel=\"noopener\" data-wpil-monitor-id=\"1959\">piatti monouso ecologici<\/a> I piatti e le ciotole sono unici, perch\u00e9 sono sia compostabili che biodegradabili. &amp;Compostabili - scarti di frutta e verdura - il problema globale che l'America sta affrontando, sono composti da una variet\u00e0 di materiali biodegradabili e compostabili, che vanno dalla plastica alla pasta di legno o alla fibra.<\/p>\n<h4>2.\u00a0<a href=\"https:\/\/www.bioleaderpack.com\/it\/e-sicuro-utilizzare-le-stoviglie-in-bagassa-di-canna-da-zucchero\/\" target=\"_blank\">Sicuro per gli alimenti e privo di sostanze chimiche<\/a><\/h4>\n<p>La sicurezza e l'igiene degli alimenti guidano le decisioni sul tipo di imballaggio da utilizzare. Anche i piatti e le ciotole ecologici sono <a href=\"https:\/\/www.bioleaderpack.com\/it\/le-stoviglie-in-bagassa-di-canna-da-zucchero-contengono-pfas-senza-bpa\/\" target=\"_blank\">Senza PFAS e senza BPA<\/a> e ci\u00f2 significa che sono privi di sostanze tossiche. Si pu\u00f2 gustare il cibo senza temere che il contenuto tossico degli utensili possa contaminare gli alimenti.<\/p>\n<h4>3.\u00a0<a href=\"https:\/\/www.bioleaderpack.com\/it\/come-possono-le-scatole-di-farina-di-bagassa-di-canna-da-zucchero-raggiungere-la-resistenza-allacqua-e-allolio\/\" target=\"_blank\">A prova di perdite e resistente all'olio<\/a> Caratteristiche<\/h4>\n<p>Nonostante siano composti da materiali naturali, questi\u00a0<strong>ciotole monouso ecologiche<\/strong> sono a prova di perdite, di olio e di grasso. Ci\u00f2 consente di utilizzarle per diversi tipi di alimenti, zuppe, insalate o cibi oleosi.<\/p>\n<h4>4.\u00a0<a href=\"https:\/\/www.bioleaderpack.com\/it\/i-piatti-di-carta-di-bagassa-di-canna-da-zucchero-possono-essere-utilizzati-nel-microonde\/\" target=\"_blank\">Microonde<\/a> e Forte<\/h4>\n<p>La possibilit\u00e0 di cuocere in microonde \u00e8 un altro punto a favore della\u00a0<strong>piatti e ciotole sostenibili<\/strong>. Sia a casa che al ristorante, si possono sempre riscaldare le ciotole e i piatti con le proprie porzioni di cibo e gustarle senza preoccuparsi di modifiche strutturali.<\/p>\n<h2>Casi d'uso e applicazioni pratiche<\/h2>\n<h4>1. Ristoranti e servizi da asporto<\/h4>\n<p>I ristoranti, in particolare quelli che si occupano di consegne, fanno un buon uso del\u00a0<strong>ciotole monouso ecologiche<\/strong>\u00a0per l'asporto. Ci\u00f2 consente di raggiungere l'obiettivo di far trapelare il cibo durante il processo di consegna. Questi piatti e ciotole sono adatti a diversi piatti, dalle insalate ai noodles alle zuppe, e quindi le opzioni del menu non sono limitate a pochi elementi.<\/p>\n<h4>2. Feste ed eventi<\/h4>\n<p>Quando un ospite vuole essere accompagnato da un pranzo e una cena senza compromettere i propri valori, pu\u00f2 avvalersi dell'uso di <strong>piatti e ciotole monouso ecologici<\/strong> per feste di compleanno, matrimoni e altre funzioni. Il fatto che siano attraenti ed ecologici allo stesso tempo li rende i preferiti dagli organizzatori che desiderano ridurre il pi\u00f9 possibile l'impatto e rimanere pratici.<\/p>\n<h4>3. Ristorazione e imballaggio alimentare<\/h4>\n<p>I catering e le unit\u00e0 di servizio Food Package si stanno ora muovendo verso\u00a0<strong>piatti e confezioni biodegradabili.<\/strong> Questa qualit\u00e0 consente di utilizzarli per un'ampia variet\u00e0 di sostanze alimentari, grazie alla loro robustezza e resistenza agli oli. Inoltre, essendo personalizzabili, le aziende possono inserire sulle confezioni disegni o altre forme di promozione, migliorandone la praticit\u00e0 e l'eleganza.<\/p>\n<table style=\"border-collapse: collapse; width: 100%;\">\n<tbody>\n<tr>\n<td style=\"width: 50%;\"><img loading=\"lazy\" decoding=\"async\" class=\"\" src=\"https:\/\/www.bioleaderpack.com\/wp-content\/uploads\/2023\/03\/0062_1678175808937-3.jpg\" alt=\"ciotola in canna da zucchero\" width=\"708\" height=\"708\" \/><\/td>\n<td style=\"width: 50%;\"><img loading=\"lazy\" decoding=\"async\" class=\"\" src=\"https:\/\/www.bioleaderpack.com\/wp-content\/uploads\/2023\/03\/0062_1678175851645-4.jpg\" alt=\"ciotola di canna da zucchero per noddle\" width=\"690\" height=\"690\" \/><\/td>\n<\/tr>\n<\/tbody>\n<\/table>\n<div>\n<div>\n<div>\n<div>\n<h2>Opzioni di imballaggio personalizzabili<\/h2>\n<p>La personalizzazione degli imballaggi \u00e8 tra i minori meriti dell'ecocompatibilit\u00e0.<strong>\u00a0piatti e ciotole<\/strong>. Trovare le dimensioni e le forme pi\u00f9 attraenti per il branding che comunicano al meglio il messaggio dell'azienda. Se lo scopo \u00e8 quello di contenitori da asporto, il normale uso di tali imballaggi viene sostituito con quello di imballaggi ecologici, che mantengono la promessa del marchio.<\/p>\n<h3>Tendenze di mercato e preferenze dei consumatori<\/h3>\n<p>La crescente attenzione alla sostenibilit\u00e0 ha fatto crescere l'esigenza di piatti e ciotole monouso ecologici. Sempre pi\u00f9 consumatori accettano la sfida di essere eco-responsabili e, dall'altra parte, le aziende si stanno muovendo per includere le ciotole ecologiche nel loro utilizzo.<\/p>\n<p>Inoltre, la crescente preoccupazione dei clienti per i prodotti usa e getta e il loro desiderio di alternative ecologiche ha aperto la strada all'accettazione di piatti e ciotole sostenibili su Amazon e Etsy. Anche diversi ristoranti hanno adottato questi prodotti perch\u00e9 si rendono conto che l'ecocompatibilit\u00e0 non \u00e8 solo una moda, ma piuttosto una trasformazione fondamentale nel modo di pensare dei consumatori.<\/p>\n<h2>Scelte del cliente:<\/h2>\n<p>Perch\u00e9 le aziende scelgono stoviglie sostenibili Per diversi motivi. Oggi le aziende sono pi\u00f9 inclini a utilizzare piatti e ciotole ecologici.<\/p>\n<ol>\n<li><strong>Impatto ambientale:<\/strong> Il motivo principale \u00e8 la necessit\u00e0 di affrontare i problemi ambientali. Le aziende che utilizzano piatti e ciotole sostenibili dimostrano la loro volont\u00e0 di contribuire a ridurre l'inquinamento da plastica e a pulire il mondo.<\/li>\n<li><strong>Appello dei consumatori<\/strong>: Alcuni ritengono che i consumatori chiedano di sostenere tali iniziative ambientali, in particolare alle aziende con cui hanno a che fare. Utilizzando ciotole ecologiche, i clienti hanno la certezza dell'impegno dell'azienda verso l'ecocompatibilit\u00e0. Ci\u00f2 contribuisce a creare fiducia tra l'azienda e i suoi clienti.<\/li>\n<li><strong>Conformit\u00e0 alle normative<\/strong>: Le normative sulla gestione della plastica vengono introdotte in diverse parti del mondo, in concomitanza con l'espansione di nuovi territori.\u00a0<strong>Piatti e ciotole monouso ecologici<\/strong> sono invece un'alternativa adeguata che non ha vincoli con queste regole, pur offrendo comodit\u00e0 usa e getta.<\/li>\n<\/ol>\n<\/div>\n<\/div>\n<\/div>\n<\/div>\n<h2><img loading=\"lazy\" decoding=\"async\" class=\"alignnone wp-image-2723\" title=\"ciotola in bagassa di canna da zucchero\" src=\"https:\/\/www.bioleaderpack.com\/wp-content\/uploads\/2024\/10\/sugarcane-bagasse-bowl-1-1024x575.jpg\" alt=\"\" width=\"1071\" height=\"601\" srcset=\"https:\/\/www.bioleaderpack.com\/wp-content\/uploads\/2024\/10\/sugarcane-bagasse-bowl-1-1024x575.jpg.webp 1024w, https:\/\/www.bioleaderpack.com\/wp-content\/uploads\/2024\/10\/sugarcane-bagasse-bowl-1-600x337.jpg 600w, https:\/\/www.bioleaderpack.com\/wp-content\/uploads\/2024\/10\/sugarcane-bagasse-bowl-1-300x169.jpg.webp 300w, https:\/\/www.bioleaderpack.com\/wp-content\/uploads\/2024\/10\/sugarcane-bagasse-bowl-1-768x431.jpg.webp 768w, https:\/\/www.bioleaderpack.com\/wp-content\/uploads\/2024\/10\/sugarcane-bagasse-bowl-1.jpg.webp 1200w\" sizes=\"(max-width: 1071px) 100vw, 1071px\" \/><\/h2>\n<h2>Domande comuni<\/h2>\n<p><strong>D: Si possono usare piatti e ciotole ecologici nel microonde?<\/strong><\/p>\n<p>R: S\u00ec, questi\u00a0<a href=\"https:\/\/www.bioleaderpack.com\/it\/prodotto\/piatti-monouso-eco-compatibili-personalizzati-per-feste\/\" target=\"_blank\" rel=\"noopener\" data-wpil-monitor-id=\"1739\">piatti ecologici<\/a> Le ciotole e le scodelle, tuttavia, possono essere utilizzate nel microonde perch\u00e9 consentono di riscaldare gli alimenti senza compromettere la struttura del contenitore.<\/p>\n<p><strong>D: Offrite etichette private anche per il confezionamento di piatti e ciotole verdi?<\/strong><\/p>\n<p>R: Certamente! Le aziende possono personalizzare l'uso delle ciotole monouso ecologiche modificando i disegni, le dimensioni e persino le forme disponibili per soddisfare le loro esigenze.<\/p>\n<p><strong>D: Quanto durano le ciotole eco-disponibili?<\/strong><\/p>\n<p>R: Le ciotole monouso ecologiche realizzate in bagassa di canna da zucchero possono biodegradarsi in modo affidabile e sicuro dopo un paio di mesi con un corretto compostaggio, offrendo un'opzione molto pi\u00f9 ecologica della plastica.<\/p>\n<h2>Blocco di approfondimento semantico: Elevare l'imballaggio degli alimenti con piatti e ciotole sostenibili<\/h2>\n<div class=\"semantic-insight-block\" style=\"background: #e8f5e9; border-left: 4px solid #2196f3; padding: 14px; margin-bottom: 16px;\">\n<ul>\n<li><strong>Il materiale definisce la sostenibilit\u00e0:<\/strong><br \/>\nRealizzati con polpa di bagassa di canna da zucchero rinnovabile, questi piatti e ciotole offrono una rapida biodegradazione e una compostabilit\u00e0 industriale\/casa senza sostanze chimiche PFAS, garantendo sicurezza e integrit\u00e0 ambientale.<\/li>\n<li><strong>Prestazioni affidabili nell'uso reale:<\/strong><br \/>\nA prova di perdite, resistenti al grasso e utilizzabili in microonde, questi articoli per la tavola sono sufficientemente robusti per cibi caldi, oleosi e freddi, ideali per diverse attivit\u00e0 di ristorazione.<\/li>\n<li><strong>Conformit\u00e0 e certificazione complete:<\/strong><br \/>\nSoddisfa gli standard EN13432, ASTM D6400, FDA e UE per il contatto con gli alimenti, supportando l'idoneit\u00e0 all'esportazione e la prontezza normativa per i mercati con divieti sulla plastica monouso e quadri EPR.<\/li>\n<li><strong>Strategia di approvvigionamento scalabile:<\/strong><br \/>\nDisponibili in diverse forme e dimensioni (piatti da 6 a 12 pollici; ciotole di vari volumi), vengono forniti all'ingrosso per soddisfare le richieste di confezionamento di catering, eventi e vendita al dettaglio su larga scala.<\/li>\n<li><strong>Opportunit\u00e0 per i consumatori e i marchi:<\/strong><br \/>\nL'utilizzo di stoviglie biodegradabili certificate rafforza l'immagine di sostenibilit\u00e0 del marchio, ha una risonanza con i consumatori attenti all'ambiente e aiuta le aziende ad allinearsi con il cambiamento del 2025 verso le normative verdi e le aspettative ESG.<\/li>\n<\/ul>\n<div style=\"margin-top: 8px;\"><strong>Approfondimento strategico:<\/strong><br \/>\nIn un'epoca in cui le normative ambientali e la consapevolezza dei consumatori accelerano la richiesta di imballaggi privi di plastica, i piatti e le ciotole a base di canna da zucchero di Bioleader offrono una soluzione a prova di futuro e ad alta integrit\u00e0, trasformando la praticit\u00e0 del monouso in un impatto sostenibile.<\/div>\n<\/div>\n<p>&nbsp;<\/p>\n<p><script type=\"application\/ld+json\">{\n    \"@context\": \"https:\\\/\\\/schema.org\",\n    \"@type\": \"FAQPage\",\n    \"mainEntity\": [\n        {\n            \"@type\": \"Question\",\n            \"name\": \"Can you use eco friendly plates and bowls in the microwave?\",\n            \"acceptedAnswer\": {\n                \"@type\": \"Answer\",\n                \"text\": \"Yes, these eco-friendly plates and bowls However, are safe to be used in the microwave as they allow for food to be reheated without compromising the structure of the container.\"\n            }\n        },\n        {\n            \"@type\": \"Question\",\n            \"name\": \"Do you offer private labels for the packaging as well of green plates and bowls?\",\n            \"acceptedAnswer\": {\n                \"@type\": \"Answer\",\n                \"text\": \"Of course! Companies can personalize the use of eco-friendly disposable bowls by altering the designs, sizes, and even shapes available to satisfy their demands.\"\n            }\n        },\n        {\n            \"@type\": \"Question\",\n            \"name\": \"How long do eco-disposable bowls last?\",\n            \"acceptedAnswer\": {\n                \"@type\": \"Answer\",\n                \"text\": \"Eco-friendly disposable bowls made out of sugarcane bagasse can reliably and safely biodegrade after a couple of months with proper composting, which provides a much more eco-friendly option than plastic.\"\n            }\n        }\n    ]\n}<\/script><\/p>","protected":false},"excerpt":{"rendered":"<p data-start=\"331\" data-end=\"824\">Aggiornate il vostro packaging per la ristorazione con i piatti e le ciotole monouso ecologici di Bioleader, realizzati con bagassa rinnovabile e progettati per la sostenibilit\u00e0. Queste soluzioni biodegradabili e compostabili sono ideali per servire piatti caldi o freddi in ambienti di catering, takeaway o dinner-in. Robuste, resistenti ai grassi e prive di PFAS, uniscono responsabilit\u00e0 ambientale e prestazioni affidabili. Una scelta ideale per i marchi attenti all'ambiente che cercano alternative economiche alla plastica o alla schiuma.<\/p>","protected":false},"featured_media":18038,"comment_status":"open","ping_status":"closed","template":"","meta":{"_acf_changed":false},"product_brand":[8971],"product_cat":[7150],"product_tag":[6725,6714,6726,6728,6729,6731],"class_list":{"0":"post-13552","1":"product","2":"type-product","3":"status-publish","4":"has-post-thumbnail","6":"product_brand-bioleader","7":"product_cat-bagasse-bowl","8":"product_tag-eco-disposable-bowls","9":"product_tag-eco-friendly-bowls","10":"product_tag-eco-friendly-disposable-bowls","11":"product_tag-eco-friendly-disposable-plates-and-bowls","12":"product_tag-eco-friendly-plates-and-bowls","13":"product_tag-sustainable-plates-and-bowls","15":"first","16":"instock","17":"purchasable","18":"product-type-simple"},"acf":[],"_links":{"self":[{"href":"https:\/\/www.bioleaderpack.com\/it\/wp-json\/wp\/v2\/product\/13552","targetHints":{"allow":["GET"]}}],"collection":[{"href":"https:\/\/www.bioleaderpack.com\/it\/wp-json\/wp\/v2\/product"}],"about":[{"href":"https:\/\/www.bioleaderpack.com\/it\/wp-json\/wp\/v2\/types\/product"}],"replies":[{"embeddable":true,"href":"https:\/\/www.bioleaderpack.com\/it\/wp-json\/wp\/v2\/comments?post=13552"}],"wp:featuredmedia":[{"embeddable":true,"href":"https:\/\/www.bioleaderpack.com\/it\/wp-json\/wp\/v2\/media\/18038"}],"wp:attachment":[{"href":"https:\/\/www.bioleaderpack.com\/it\/wp-json\/wp\/v2\/media?parent=13552"}],"wp:term":[{"taxonomy":"product_brand","embeddable":true,"href":"https:\/\/www.bioleaderpack.com\/it\/wp-json\/wp\/v2\/product_brand?post=13552"},{"taxonomy":"product_cat","embeddable":true,"href":"https:\/\/www.bioleaderpack.com\/it\/wp-json\/wp\/v2\/product_cat?post=13552"},{"taxonomy":"product_tag","embeddable":true,"href":"https:\/\/www.bioleaderpack.com\/it\/wp-json\/wp\/v2\/product_tag?post=13552"}],"curies":[{"name":"wp","href":"https:\/\/api.w.org\/{rel}","templated":true}]}}