{"id":13548,"date":"2023-03-15T16:03:37","date_gmt":"2023-03-15T08:03:37","guid":{"rendered":"https:\/\/www.bioleaderpack.com\/product\/sustainable-paper-pulp-bowls-from-sugarcane-fiber\/"},"modified":"2026-04-24T17:07:04","modified_gmt":"2026-04-24T09:07:04","slug":"ciotole-in-polpa-di-carta-sostenibile","status":"publish","type":"product","link":"https:\/\/www.bioleaderpack.com\/it\/prodotto\/ciotole-in-polpa-di-carta-sostenibile\/","title":{"rendered":"Ciotole sostenibili in polpa di carta da fibra di canna da zucchero"},"content":{"rendered":"<div class=\"adweb-template-19 adweb-table-container\">\n<table style=\"border-collapse: collapse; width: 100%;\">\n<tbody>\n<tr>\n<td style=\"width: 50%;\"><img fetchpriority=\"high\" decoding=\"async\" class=\"\" src=\"https:\/\/www.bioleaderpack.com\/wp-content\/uploads\/2023\/03\/L061Size_1678895881408-1.jpg\" alt=\"ciotola in fibra di cellulosa\" width=\"609\" height=\"612\" \/><\/td>\n<td style=\"width: 50%;\"><img decoding=\"async\" class=\"\" src=\"https:\/\/www.bioleaderpack.com\/wp-content\/uploads\/2023\/03\/L061ce3_1678895930362-1.jpg\" alt=\"ciotola per piante 12 oz\" width=\"592\" height=\"592\" \/><\/td>\n<\/tr>\n<tr>\n<td style=\"width: 50%;\"><img decoding=\"async\" class=\"\" src=\"https:\/\/www.bioleaderpack.com\/wp-content\/uploads\/2023\/03\/L061ce6_1678895954147-1.jpg\" alt=\"ciotola per polpa monouso da 12 oz \" width=\"610\" height=\"610\" \/><\/td>\n<td style=\"width: 50%;\"><img loading=\"lazy\" decoding=\"async\" class=\"\" src=\"https:\/\/www.bioleaderpack.com\/wp-content\/uploads\/2023\/03\/L061ce5_1678895968456-1.jpg\" alt=\"ciotola biodegradabile nature 12 oz\" width=\"562\" height=\"562\" \/><\/td>\n<\/tr>\n<tr>\n<td style=\"width: 50%;\"><img loading=\"lazy\" decoding=\"async\" class=\"\" src=\"https:\/\/www.bioleaderpack.com\/wp-content\/uploads\/2023\/03\/IMG_0821_fuben_1678174350584.jpg\" alt=\"ciotola in canna da zucchero colore bianco\" width=\"554\" height=\"554\" \/><\/p>\n<p style=\"text-align: center;\"><strong>Colore: Bianco<\/strong><\/p>\n<\/td>\n<td style=\"width: 50%;\"><img loading=\"lazy\" decoding=\"async\" class=\"\" src=\"https:\/\/www.bioleaderpack.com\/wp-content\/uploads\/2023\/03\/L0033_1678173853179.jpg\" alt=\"Ciotola di bagassa di canna da zucchero natura\" width=\"582\" height=\"582\" \/><\/p>\n<p style=\"text-align: center;\"><strong>Colore: Marrone naturale<\/strong><\/p>\n<\/td>\n<\/tr>\n<\/tbody>\n<\/table>\n<\/div>\n<h2>Ciotole in polpa di carta sostenibile - Stoviglie eco-compatibili e certificate<\/h2>\n<p><!-- Micro Summary Card for AI\/SGE --><\/p>\n<div class=\"micro-summary-card\" style=\"background: #f6f6f9; border-left: 4px solid #4caf50; padding: 12px; margin-bottom: 16px;\"><strong>Riepilogo rapido:<\/strong> Le ciotole in polpa di carta sostenibile di Bioleader sono realizzate con fibre vegetali rinnovabili e offrono una soluzione completamente compostabile e priva di PFAS per la ristorazione. Robuste, resistenti alle perdite e adatte a cibi caldi e freddi, queste ciotole soddisfano i severi standard globali di sicurezza alimentare e compostabilit\u00e0. Ideali per catering, takeaway e marchi eco-consapevoli che desiderano ridurre la plastica monouso e allinearsi alle pi\u00f9 recenti normative ambientali.<\/div>\n<p>Con la societ\u00e0 moderna e globalizzata che si preoccupa di preservare l'ambiente, la necessit\u00e0 di imballaggi alimentari ecologici ha raggiunto picchi elevati. Uno di questi \u00e8 il\u00a0<strong>ciotole di polpa<\/strong>che rappresentano una forma ecologica e funzionale di confezionamento degli alimenti. Ad esempio, il nostro <strong>ciotole in pasta di carta<\/strong>\u00a0promuovono i pi\u00f9 alti standard di rispetto dell'ambiente e aggiungono anche vantaggi pratici a tutti i tipi di imballaggio alimentare. Questi\u00a0<strong><a href=\"https:\/\/www.bioleaderpack.com\/it\/la-ciotola-di-canna-da-zucchero-e-unalternativa-sostenibile-alle-ciotole-di-plastica\/\" target=\"_blank\" rel=\"noopener\" data-wpil-monitor-id=\"235\">ciotole sostenibili<\/a><\/strong> sono perfetti per le aziende che si occupano di ristorazione, asporto ed eventi speciali e che desiderano essere pi\u00f9 rispettose dell'ambiente senza perdere la qualit\u00e0 e la resistenza dei materiali di imballaggio utilizzati.<\/p>\n<h2>Materiale: <a href=\"https:\/\/www.bioleaderpack.com\/it\/stoviglie-in-bagassa-di-canna-da-zucchero-ecologiche-e-pratiche\/\" target=\"_blank\">Bagassa di canna da zucchero: un materiale ecologico e riciclabile<\/a><\/h2>\n<p>Il componente principale del nostro\u00a0<strong><a href=\"https:\/\/www.bioleaderpack.com\/it\/prodotto\/ciotole-monouso-compostabili-ciotola-in-pasta-di-carta\/\" target=\"_blank\" rel=\"noopener\" data-wpil-monitor-id=\"2086\">ciotole in pasta di carta<\/a><\/strong>\u00a0\u00e8 ricavato da uno scarto vegetale chiamato bagassa di canna da zucchero, prodotto durante la produzione dello zucchero. Invece di sprecare questo tipo di materiale, ora viene trasformato in tale\u00a0<strong>ciotole sostenibili<\/strong>Non solo per uno o due motivi, ma per tutti i motivi, in modo da non sprecare nulla della pianta di canna da zucchero. Rispettosa del clima e del suolo, la bagassa di canna da zucchero \u00e8 un prodotto di scarto pulito, abbondante, rinnovabile e compostabile, che si presta a essere utilizzato negli imballaggi alimentari e nell'ambiente.<\/p>\n<p>Il nostro\u00a0<strong>ciotole di polpa<\/strong> sono prodotti attraverso il procedimento altamente produttivo e rapido chiamato \"stampaggio della pasta di carta\". Con questo metodo, la bagassa della canna da zucchero viene trasformata in una pasta da cui si ricavano le dimensioni e la forma richieste della ciotola. Lo stampaggio della pasta non solo richiede meno energia, ma comporta anche meno sprechi durante la produzione del prodotto finale. Utilizzando questa tecnologia di stampaggio della polpa, possiamo produrre <strong>ciotole in pasta di carta<\/strong> che sono leggeri, ma in cui si possono inserire cibi caldi e freddi.<\/p>\n<table style=\"border-collapse: collapse; width: 100%;\">\n<tbody>\n<tr>\n<td style=\"width: 50%;\"><img loading=\"lazy\" decoding=\"async\" class=\"\" style=\"text-align: center;\" src=\"https:\/\/www.bioleaderpack.com\/wp-content\/uploads\/2023\/03\/0442_1678724289585.jpg\" alt=\"ciotola in canna da zucchero monouso\" width=\"537\" height=\"537\" \/><\/td>\n<td style=\"width: 50%;\"><img loading=\"lazy\" decoding=\"async\" class=\"\" src=\"https:\/\/www.bioleaderpack.com\/wp-content\/uploads\/2023\/03\/0443_1678724319331.jpg\" alt=\"insalatiera in polpa di cellulosa monouso\" width=\"546\" height=\"546\" \/><\/td>\n<\/tr>\n<\/tbody>\n<\/table>\n<h2>Caratteristiche principali<\/h2>\n<p>Il nostro\u00a0<strong>ciotole sostenibili<\/strong> includono i seguenti vantaggi che li collocano in una classe superiore rispetto ai tradizionali contenitori per alimenti: In primo luogo, i loro attributi e rischi<\/p>\n<ul>\n<li>\n<h4>Ecologico<\/h4>\n<\/li>\n<\/ul>\n<p>Le nostre ciotole sono realizzate con materiali organici e naturali che non comportano alcun pericolo per l'ambiente grazie alla loro compostabilit\u00e0.<\/p>\n<ul>\n<li>\n<h4>Compostabile e biodegradabile<\/h4>\n<\/li>\n<\/ul>\n<p>Queste ciotole sono realizzate con materiali privi di materie plastiche che lasciano sostanze chimiche al momento dello smaltimento, garantendo la conservazione dell'equilibrio ecologico.<\/p>\n<ul>\n<li>\n<h4>Sicuro per gli alimenti<\/h4>\n<\/li>\n<\/ul>\n<p>Con <a href=\"https:\/\/www.bioleaderpack.com\/it\/le-stoviglie-in-bagassa-di-canna-da-zucchero-contengono-pfas-senza-bpa\/\" target=\"_blank\">senza sostanze chimiche PFAS o BPA<\/a>Tutte le nostre ciotole per mandorle possono essere utilizzate per il contatto con gli alimenti.<\/p>\n<ul>\n<li>\n<h4>A prova di perdite e di acqua<\/h4>\n<\/li>\n<\/ul>\n<p>Questi\u00a0<strong>ciotole di polpa<\/strong> sono progettati per impedire la fuoriuscita dei liquidi alimentari e si rovinano strutturalmente anche quando vengono riempiti con zuppe o alimenti contenenti oli.<\/p>\n<ul>\n<li>\n<h4>Utilizzabile in microonde<\/h4>\n<\/li>\n<\/ul>\n<p>Queste ciotole possono essere tenute nel forno a microonde per riscaldare gli avanzi di cibo o per servire i cibi appena cucinati.<\/p>\n<p>Queste caratteristiche hanno fatto s\u00ec che il nostro\u00a0<strong>ciotole in pasta di carta<\/strong> uno strumento efficace per le esigenze di confezionamento degli alimenti, per cui gli acquirenti consapevoli si salvano da acquisti dannosi e anche la produzione di entrambi gli alimenti avrebbe senso.<\/p>\n<table style=\"border-collapse: collapse; width: 100%;\">\n<tbody>\n<tr>\n<td style=\"width: 50%;\"><img loading=\"lazy\" decoding=\"async\" class=\"\" src=\"https:\/\/www.bioleaderpack.com\/wp-content\/uploads\/2023\/03\/0445_1678724345339.jpg\" alt=\"ciotola per polpa di canna da zucchero\" width=\"577\" height=\"577\" \/><\/td>\n<td style=\"width: 50%;\"><img loading=\"lazy\" decoding=\"async\" class=\"\" src=\"https:\/\/www.bioleaderpack.com\/wp-content\/uploads\/2023\/03\/L061ce4_1678896189712-1.jpg\" alt=\"ciotola di canna da zucchero da asporto\" width=\"555\" height=\"555\" \/><\/td>\n<\/tr>\n<\/tbody>\n<\/table>\n<h2>Possibili applicazioni: Infine, adatto a qualsiasi scopo<\/h2>\n<p>Il nostro\u00a0<strong>ciotole di polpa<\/strong> offrono una grande flessibilit\u00e0 nella variet\u00e0 dei tipi di cibo serviti, che consente anche di raggiungere diversi livelli di ristorazione:<\/p>\n<ul>\n<li>\n<h4>Insalate in ciotola<\/h4>\n<\/li>\n<\/ul>\n<p>La superficie resistente all'olio \u00e8 anche inodore e sensibile all'oscurit\u00e0 del condimento, quindi incapace di assorbire eccessivamente il condimento dell'insalata.<\/p>\n<ul>\n<li>\n<h4>Ciotole di noodle<\/h4>\n<\/li>\n<\/ul>\n<p>Queste ciotole sono davvero utili e riempite di noodles caldi, poich\u00e9 non fuoriescono brodo o salsa e il cuore \u00e8 ben riposto all'interno.<\/p>\n<ul>\n<li>\n<h4>Ciotole per zuppa<\/h4>\n<\/li>\n<\/ul>\n<p>A causa della natura delle vaschette in pasta di carta, l'umidit\u00e0 e le conseguenti perdite d'acqua possono essere trascurate quando si maneggiano contenuti caldi come le zuppe.<\/p>\n<p>Sono ideali per ristoranti, servizi da asporto o anche per la preparazione di pasti a casa. Dai ristoranti fast-casual agli eventi con catering, le nostre\u00a0<strong><a href=\"https:\/\/www.bioleaderpack.com\/it\/prodotto\/ciotole-di-canna-da-zucchero-monouso\/\" target=\"_blank\" rel=\"noopener\" data-wpil-monitor-id=\"2140\">ciotole sostenibili<\/a><\/strong>\u00a0forniscono un imballaggio per alimenti efficace ed ecologico. Inoltre, possono essere di diverse dimensioni per ospitare piccoli spuntini o pasti completi.<\/p>\n<h2>Imballaggi personalizzati: Una soluzione che risolve i vostri problemi<\/h2>\n<p>Sappiamo bene che ogni cliente ha le proprie esigenze quando si tratta di <strong>ciotole in pasta di carta<\/strong>Per questo motivo vi viene data la possibilit\u00e0 di personalizzarli. Che si tratti di un logo, di un marchio o di forme non standard, siamo in grado di soddisfare le vostre esigenze di personalizzazione. La personalizzazione non \u00e8 solo vantaggiosa per il marketing, ma assicura che lo stile di imballaggio sia appropriato per il tipo di cibo che servite.<\/p>\n<h2>L'imballaggio ecologico \u00e8 di moda<\/h2>\n<p>La migliore comprensione delle minacce ambientali ha influenzato la maggior parte dei consumatori ad usare\u00a0<strong>ciotole sostenibili<\/strong>\u00a0e altri\u00a0<strong>soluzioni di imballaggio sostenibili<\/strong>. Un numero sempre maggiore di ristoranti e aziende di ristorazione sta abbandonando la plastica e scegliendo di usare\u00a0<strong>ciotole di polpa<\/strong>\u00a0invece. Con il passare del tempo, questa inclinazione continuer\u00e0 ad essere mantenuta, e la sostenibilit\u00e0 sar\u00e0 una considerazione forte sia per le aziende che per la gente comune.<\/p>\n<h2>Perch\u00e9 scegliere le nostre ciotole in polpa di carta?<\/h2>\n<p>La nostra azienda \u00e8 tra i pi\u00f9 ricercati produttori e fornitori all'ingrosso cinesi di <strong>ciotole di polpa<\/strong>e il nostro obiettivo \u00e8 produrre solo imballaggi di alta qualit\u00e0 e rispettosi dell'ambiente. In termini di produzione sostenibile, il fattore di produzione di beni forti, pratici e piuttosto importanti deriva dal desiderio di cambiare e crescere. Le ciotole in pasta di carta sono uno di questi prodotti che offre tutte le garanzie di sicurezza ai clienti senza compromettere la natura dell'azienda di soddisfare i clienti.<\/p>\n<p align=\"left\">Altre dimensioni:<\/p>\n<figure style=\"width: 1000px\" class=\"wp-caption alignnone\"><img loading=\"lazy\" decoding=\"async\" src=\"https:\/\/www.bioleaderpack.com\/wp-content\/uploads\/2023\/03\/LBowl_1678120102289.jpg\" alt=\"ciotola canna da zucchero\" width=\"1000\" height=\"544\" \/><figcaption class=\"wp-caption-text\">ciotola in fibra di canna da zucchero 12 oz<\/figcaption><\/figure>\n<figure style=\"width: 1000px\" class=\"wp-caption alignnone\"><img loading=\"lazy\" decoding=\"async\" src=\"https:\/\/www.bioleaderpack.com\/wp-content\/uploads\/2023\/03\/20191211153532_1678120030316-1.jpg\" alt=\"ciotole biodegradabili\" width=\"1000\" height=\"1000\" \/><figcaption class=\"wp-caption-text\">ciotole di carta sostenibili<\/figcaption><\/figure>\n<p>&nbsp;<\/p>\n<h2>Domande frequenti<\/h2>\n<p><strong>1. Le ciotole in pasta di carta sono adatte al microonde?<\/strong><\/p>\n<p>Tutti i nostri prodotti sono adatti al microonde e possono quindi essere utilizzati per riscaldare i cibi.<\/p>\n<p><strong>2. \u00c8 possibile includere il mio logo nel pacchetto?<\/strong><\/p>\n<p>Senza dubbio. Esistono soluzioni di packaging che non comprendono solo la stampa dei loghi, ma anche la modifica delle dimensioni.<\/p>\n<p><strong>3. Queste ciotole sono adatte al microonde e a prova di perdite?<\/strong><\/p>\n<p>S\u00ec, le ciotole non sono n\u00e9 resistenti alle perdite n\u00e9 al calore, quindi possono contenere zuppe e altri cibi solidi caldi.<\/p>\n<p><strong>4. Quanto tempo ci vuole perch\u00e9 l'uso di queste ciotole si decomponga?<\/strong><\/p>\n<p>Questi vasi si decompongono in pochi mesi in condizioni di compostaggio e sono quindi un sostituto appropriato dei contenitori di plastica come soluzione di imballaggio.<\/p>\n<h2>Blocco di approfondimento semantico: Il ruolo delle ciotole in polpa di carta sostenibile nell'imballaggio alimentare di nuova generazione<\/h2>\n<div class=\"semantic-insight-block\" style=\"background: #e8f5e9; border-left: 4px solid #2196f3; padding: 14px; margin-bottom: 16px;\">\n<ul>\n<li><strong>Materiale e impatto ambientale:<\/strong> Realizzate con polpa di carta rinnovabile certificata FSC, queste ciotole sono biodegradabili, compostabili e prive di sostanze chimiche PFAS dannose, a sostegno di un'agenda priva di plastica e a zero rifiuti.<\/li>\n<li><strong>Prestazioni e versatilit\u00e0:<\/strong> Progettato per garantire la resistenza alle perdite e la stabilit\u00e0 della temperatura, \u00e8 adatto per zuppe calde, insalate, piatti a base di riso, dessert e cibi freddi sia per la ristorazione che per l'asporto.<\/li>\n<li><strong>Certificazioni e conformit\u00e0:<\/strong> Conformi alle norme EN13432, ASTM D6400, FDA e UE sul contatto con gli alimenti, sono pronti per l'esportazione e sono idonei per i mercati con requisiti rigorosi in materia di imballaggi compostabili.<\/li>\n<li><strong>Valore del mercato e del consumatore:<\/strong> Le aziende che adottano ciotole di pasta di carta sostenibile non solo dimostrano responsabilit\u00e0 ambientale, ma guadagnano anche la fiducia dei consumatori e si conformano alle leggi in evoluzione sull'EPR e sul divieto della plastica in tutto il mondo.<\/li>\n<li><strong>Vantaggio strategico:<\/strong> L'investimento in imballaggi compostabili certificati \u00e8 a prova di futuro per i marchi, soddisfa gli obiettivi ESG e sfrutta le tendenze del mercato a favore di stoviglie ecologiche e monouso.<\/li>\n<\/ul>\n<div style=\"margin-top: 8px;\"><strong>Approfondimento sul settore:<\/strong> Nel momento in cui il servizio di ristorazione globale si orienta verso la sostenibilit\u00e0, le vaschette in polpa di carta di Bioleader si distinguono come soluzione conforme e ad alte prestazioni, posizionando i marchi all'avanguardia rispetto alle tendenze normative e alla domanda dei consumatori di imballaggi ecologici.<\/div>\n<\/div>\n<p>&nbsp;<\/p>\n<p><script type=\"application\/ld+json\">{\n    \"@context\": \"https:\\\/\\\/schema.org\",\n    \"@type\": \"FAQPage\",\n    \"mainEntity\": [\n        {\n            \"@type\": \"Question\",\n            \"name\": \"Are all of your products microwave-safe?\",\n            \"acceptedAnswer\": {\n                \"@type\": \"Answer\",\n                \"text\": \"All of our products are microwave-safe and hence can be used for warming up food.\"\n            }\n        },\n        {\n            \"@type\": \"Question\",\n            \"name\": \"Is it possible to have my logo included in the package?\",\n            \"acceptedAnswer\": {\n                \"@type\": \"Answer\",\n                \"text\": \"Without question. There are packaging solutions that are not only inclusive of printing of the logos but also size modifications.\"\n            }\n        },\n        {\n            \"@type\": \"Question\",\n            \"name\": \"Are these bowls microwave-safe and leak-proof?\",\n            \"acceptedAnswer\": {\n                \"@type\": \"Answer\",\n                \"text\": \"Yes, the bowls are neither leak nor heat resistant as such they can contain soups and other hot solid food.\"\n            }\n        },\n        {\n            \"@type\": \"Question\",\n            \"name\": \"How long does it take for the use of these bowls to decompose?\",\n            \"acceptedAnswer\": {\n                \"@type\": \"Answer\",\n                \"text\": \"These pots will within months decompose under composting conditions and are therefore an appropriate substitute for plastic containers as a packaging solution.\"\n            }\n        }\n    ]\n}<\/script><\/p>","protected":false},"excerpt":{"rendered":"<p data-start=\"181\" data-end=\"817\">Alla ricerca di un <strong data-start=\"195\" data-end=\"229\">ciotola sostenibile e senza plastica<\/strong> che bilancia l'eco-responsabilit\u00e0 con le prestazioni pratiche? Il sistema Bioleader\u00ae <strong data-start=\"304\" data-end=\"336\">Ciotole in polpa di carta sostenibile<\/strong> sono realizzati in <strong data-start=\"354\" data-end=\"385\">bagassa di canna da zucchero rinnovabile<\/strong>, offrendo un <strong data-start=\"398\" data-end=\"431\">biodegradabile e compostabile<\/strong> soluzione per il moderno packaging dei servizi di ristorazione. Progettate per alimenti sia caldi che freddi, queste ciotole sono <strong data-start=\"529\" data-end=\"547\">adatto al microonde<\/strong>, <strong data-start=\"549\" data-end=\"566\">resistente all'olio<\/strong>, e <strong data-start=\"572\" data-end=\"586\">a prova di perdite<\/strong>-Ideale per pasti da asporto, catering e vendita al dettaglio eco-consapevole. Con un'estetica pulita e una funzionalit\u00e0 superiore, soddisfano gli standard globali di sostenibilit\u00e0, offrendo al contempo prezzi competitivi e disponibilit\u00e0 all'ingrosso per i mercati di esportazione.<\/p>","protected":false},"featured_media":18127,"comment_status":"open","ping_status":"closed","template":"","meta":{"_acf_changed":false},"product_brand":[8971],"product_cat":[7150],"product_tag":[6700,6672,6701,6702,6703,6704,6705,6706,6708,6709,6710],"class_list":{"0":"post-13548","1":"product","2":"type-product","3":"status-publish","4":"has-post-thumbnail","6":"product_brand-bioleader","7":"product_cat-bagasse-bowl","8":"product_tag-biodegradable-pulp-bowl-12oz","9":"product_tag-disposable-bowl-made-from-sugarcane","10":"product_tag-paper-bowl-sustainable","11":"product_tag-paper-pulp-bowls","12":"product_tag-plant-fiber-bowl-12oz","13":"product_tag-pulp-bowl-12oz","14":"product_tag-pulp-bowls","15":"product_tag-pulp-molding-bowls","16":"product_tag-sugarcane-fiber-bowl-12oz","17":"product_tag-sustainable-bowls","18":"product_tag-sustainable-paper-bowls","20":"first","21":"instock","22":"purchasable","23":"product-type-simple"},"acf":[],"_links":{"self":[{"href":"https:\/\/www.bioleaderpack.com\/it\/wp-json\/wp\/v2\/product\/13548","targetHints":{"allow":["GET"]}}],"collection":[{"href":"https:\/\/www.bioleaderpack.com\/it\/wp-json\/wp\/v2\/product"}],"about":[{"href":"https:\/\/www.bioleaderpack.com\/it\/wp-json\/wp\/v2\/types\/product"}],"replies":[{"embeddable":true,"href":"https:\/\/www.bioleaderpack.com\/it\/wp-json\/wp\/v2\/comments?post=13548"}],"wp:featuredmedia":[{"embeddable":true,"href":"https:\/\/www.bioleaderpack.com\/it\/wp-json\/wp\/v2\/media\/18127"}],"wp:attachment":[{"href":"https:\/\/www.bioleaderpack.com\/it\/wp-json\/wp\/v2\/media?parent=13548"}],"wp:term":[{"taxonomy":"product_brand","embeddable":true,"href":"https:\/\/www.bioleaderpack.com\/it\/wp-json\/wp\/v2\/product_brand?post=13548"},{"taxonomy":"product_cat","embeddable":true,"href":"https:\/\/www.bioleaderpack.com\/it\/wp-json\/wp\/v2\/product_cat?post=13548"},{"taxonomy":"product_tag","embeddable":true,"href":"https:\/\/www.bioleaderpack.com\/it\/wp-json\/wp\/v2\/product_tag?post=13548"}],"curies":[{"name":"wp","href":"https:\/\/api.w.org\/{rel}","templated":true}]}}