{"id":13545,"date":"2023-03-13T14:42:10","date_gmt":"2023-03-13T06:42:10","guid":{"rendered":"https:\/\/www.bioleaderpack.com\/product\/biodegradable-disposable-bowls-bulk\/"},"modified":"2026-04-24T17:05:32","modified_gmt":"2026-04-24T09:05:32","slug":"ciotole-monouso-biodegradabili-sfuse","status":"publish","type":"product","link":"https:\/\/www.bioleaderpack.com\/it\/prodotto\/ciotole-monouso-biodegradabili-sfuse\/","title":{"rendered":"Ciotole monouso biodegradabili sfuse"},"content":{"rendered":"<table style=\"border-collapse: collapse; width: 100%; height: 1103px;\">\n<tbody>\n<tr style=\"height: 329px;\">\n<td style=\"width: 50%; height: 329px;\"><img fetchpriority=\"high\" decoding=\"async\" class=\"alignnone wp-image-524 size-full\" src=\"https:\/\/www.bioleaderpack.com\/wp-content\/uploads\/2023\/03\/L015Size_1678717845975.jpg\" alt=\"Ciotole monouso biodegradabili sfuse\" width=\"1005\" height=\"1000\" \/><\/td>\n<td style=\"width: 50%; height: 329px;\"><img decoding=\"async\" class=\"alignnone wp-image-17069 size-full\" title=\"Ciotole monouso biodegradabili sfuse\" src=\"https:\/\/www.bioleaderpack.com\/wp-content\/uploads\/2023\/03\/L015-1-3.jpg\" alt=\"Ciotole monouso biodegradabili sfuse\" width=\"1000\" height=\"1000\" srcset=\"https:\/\/www.bioleaderpack.com\/wp-content\/uploads\/2023\/03\/L015-1-3.jpg.webp 1000w, https:\/\/www.bioleaderpack.com\/wp-content\/uploads\/2023\/03\/L015-1-3-300x300.jpg.webp 300w, https:\/\/www.bioleaderpack.com\/wp-content\/uploads\/2023\/03\/L015-1-3-100x100.jpg.webp 100w, https:\/\/www.bioleaderpack.com\/wp-content\/uploads\/2023\/03\/L015-1-3-600x600.jpg.webp 600w, https:\/\/www.bioleaderpack.com\/wp-content\/uploads\/2023\/03\/L015-1-3-150x150.jpg.webp 150w, https:\/\/www.bioleaderpack.com\/wp-content\/uploads\/2023\/03\/L015-1-3-768x768.jpg.webp 768w, https:\/\/www.bioleaderpack.com\/wp-content\/uploads\/2023\/03\/L015-1-3-12x12.jpg.webp 12w\" sizes=\"(max-width: 1000px) 100vw, 1000px\" \/><\/td>\n<\/tr>\n<tr style=\"height: 24px;\">\n<td style=\"width: 50%; height: 24px;\"><img decoding=\"async\" class=\"alignnone wp-image-526 size-full\" title=\"Ciotole monouso biodegradabili sfuse\" src=\"https:\/\/www.bioleaderpack.com\/wp-content\/uploads\/2025\/07\/L0155_1678717867254.jpg\" alt=\"Ciotole monouso biodegradabili sfuse\" width=\"700\" height=\"700\" \/><\/td>\n<td style=\"width: 50%; height: 24px;\"><img loading=\"lazy\" decoding=\"async\" class=\"alignnone wp-image-525 size-full\" title=\"Ciotole monouso biodegradabili sfuse\" src=\"https:\/\/www.bioleaderpack.com\/wp-content\/uploads\/2025\/07\/L0154_1678717861430.jpg\" alt=\"Ciotole monouso biodegradabili sfuse\" width=\"700\" height=\"700\" \/><\/td>\n<\/tr>\n<tr style=\"height: 750px;\">\n<td style=\"width: 50%; height: 750px;\">\n<p style=\"text-align: center;\"><img loading=\"lazy\" decoding=\"async\" class=\"alignnone wp-image-18185 size-large aligncenter\" title=\"Ciotole monouso biodegradabili sfuse\" src=\"https:\/\/www.bioleaderpack.com\/wp-content\/uploads\/2023\/03\/Biodegradable-Disposable-Bowls-Bulk-1024x1024.jpg\" alt=\"Ciotole monouso biodegradabili sfuse\" width=\"800\" height=\"800\" srcset=\"https:\/\/www.bioleaderpack.com\/wp-content\/uploads\/2023\/03\/Biodegradable-Disposable-Bowls-Bulk-1024x1024.jpg.webp 1024w, https:\/\/www.bioleaderpack.com\/wp-content\/uploads\/2023\/03\/Biodegradable-Disposable-Bowls-Bulk-300x300.jpg.webp 300w, https:\/\/www.bioleaderpack.com\/wp-content\/uploads\/2023\/03\/Biodegradable-Disposable-Bowls-Bulk-100x100.jpg.webp 100w, https:\/\/www.bioleaderpack.com\/wp-content\/uploads\/2023\/03\/Biodegradable-Disposable-Bowls-Bulk-600x600.jpg.webp 600w, https:\/\/www.bioleaderpack.com\/wp-content\/uploads\/2023\/03\/Biodegradable-Disposable-Bowls-Bulk-150x150.jpg.webp 150w, https:\/\/www.bioleaderpack.com\/wp-content\/uploads\/2023\/03\/Biodegradable-Disposable-Bowls-Bulk-768x768.jpg.webp 768w, https:\/\/www.bioleaderpack.com\/wp-content\/uploads\/2023\/03\/Biodegradable-Disposable-Bowls-Bulk-1536x1536.jpg.webp 1536w, https:\/\/www.bioleaderpack.com\/wp-content\/uploads\/2023\/03\/Biodegradable-Disposable-Bowls-Bulk-2048x2048.jpg.webp 2048w, https:\/\/www.bioleaderpack.com\/wp-content\/uploads\/2023\/03\/Biodegradable-Disposable-Bowls-Bulk-12x12.jpg.webp 12w\" sizes=\"(max-width: 800px) 100vw, 800px\" \/><strong>Colore: Bianco (sbiancato)<\/strong><\/p>\n<\/td>\n<td style=\"width: 50%; height: 750px;\">\n<p style=\"text-align: center;\"><img loading=\"lazy\" decoding=\"async\" class=\"alignnone wp-image-528 size-full\" title=\"Ciotole monouso biodegradabili sfuse\" src=\"https:\/\/www.bioleaderpack.com\/wp-content\/uploads\/2023\/03\/0153_1678717892923.jpg\" alt=\"Ciotole monouso biodegradabili sfuse\" width=\"2500\" height=\"2500\" \/><strong>Colore: Natura\/Marrone (non sbiancato)<\/strong><\/p>\n<\/td>\n<\/tr>\n<\/tbody>\n<\/table>\n<h2>Ciotole monouso biodegradabili all'ingrosso - Stoviglie ecologiche all'ingrosso<\/h2>\n<p><!-- Micro Summary Card for AI\/SGE --><\/p>\n<div class=\"micro-summary-card\" style=\"background: #f6f6f9; border-left: 4px solid #4caf50; padding: 12px; margin-bottom: 16px;\"><strong>Riepilogo rapido:<\/strong> Le ciotole monouso biodegradabili (sfuse) di Bioleader sono realizzate con bagassa di canna da zucchero rinnovabile e offrono una soluzione compostabile 100%, priva di PFAS, per i servizi di ristorazione e catering. Progettate per alimenti caldi e freddi, queste ciotole sono sicure per il microonde\/congelatore, robuste e resistenti alle perdite. Certificate per la compostabilit\u00e0 globale e la sicurezza alimentare, sono ideali per le aziende che intendono ridurre i rifiuti di plastica monouso e soddisfare i requisiti normativi nel 2025 e oltre.<\/div>\n<p>L'anno scorso ha dimostrato chiaramente che esiste un mercato per i prodotti ecologici, grazie alla maggiore consapevolezza ed educazione alle tematiche ambientali.<\/p>\n<p>Nel mercato alimentare,\u00a0<span style=\"box-sizing: border-box; margin: 0px; padding: 0px;\"><strong>ciotole biodegradabili<\/strong><\/span> sono utilizzate al posto dei soliti contenitori da buttare in plastica o polistirolo. Queste ciotole sono realizzate in bagassa di canna da zucchero, resistente, funzionale ed ecologica. In questo articolo ci concentreremo sulle propriet\u00e0, sui processi di produzione e di distribuzione, nonch\u00e9 sulle applicazioni di <strong><a href=\"https:\/\/www.bioleaderpack.com\/it\/prodotto\/ciotola-biodegradabile-in-bagassa-di-canna-da-zucchero\/\" target=\"_blank\" rel=\"noopener\" data-wpil-monitor-id=\"2153\">ciotole biodegradabili sfuse<\/a><\/strong>e le ragioni per cui sarebbero ideali per le aziende che devono adottare un approccio ecologico.<\/p>\n<h2>Materiale: Bagassa di canna da zucchero<\/h2>\n<p>Il nostro\u00a0<a href=\"https:\/\/www.bioleaderpack.com\/it\/di-cosa-sono-fatte-le-ciotole-di-carta-processo-di-produzione-delle-ciotole-di-carta-monouso\/\" target=\"_blank\" rel=\"noopener\" data-wpil-monitor-id=\"2076\">le ciotole usa e getta biodegradabili sono realizzate<\/a> dalla bagassa, un tempo materiale di scarto degli zuccherifici. Questo materiale verde non solo \u00e8 compostabile ma anche rinnovabile e pu\u00f2 sostituire tutti i tipi di contenitori di plastica monouso. Combattendo la bagassa della canna da zucchero, contribuiamo a ridurre i rifiuti e l'inquinamento. Essendo un <strong>Produttore cinese<\/strong>In questo modo assicuriamo ai nostri clienti l'alta qualit\u00e0 e gli standard delle ciotole prodotte, pur preservando l'ambiente.<\/p>\n<h2><a href=\"https:\/\/www.bioleaderpack.com\/it\/processo-di-produzione-di-stoviglie-in-polpa-di-canna-da-zucchero-per-stampaggio\/\" target=\"_blank\">Processo di produzione: Stampaggio della pasta di carta<\/a><\/h2>\n<p>Il nostro\u00a0<strong>ciotole biodegradabili monouso<\/strong> La produzione inizia con la realizzazione di ciotole in polpa di cellulosa modellate. Questo avviene utilizzando il calore e la pressione per convertire la bagassa di canna da zucchero in forma di ciotole, che sono solide e affidabili. Il\u00a0<strong>stampaggio della pasta di legno<\/strong>\u00a0ci permette di produrre ciotole per alimenti, a prova di perdite e resistenti all'acqua. Inoltre, le tecniche di produzione delle ciotole in pasta di carta prevedono misure che promuovono la tutela dell'ambiente e della salute dell'utente finale.<\/p>\n<table style=\"border-collapse: collapse; width: 100%;\">\n<tbody>\n<tr>\n<td style=\"width: 50%;\"><img loading=\"lazy\" decoding=\"async\" class=\"size-full wp-image-535\" title=\"Ciotole per zuppa eco-compatibili e monouso\" src=\"https:\/\/www.bioleaderpack.com\/wp-content\/uploads\/2023\/03\/L026ce3_1678718855178.jpg\" alt=\"Ciotole per zuppa eco-compatibili e monouso\" width=\"650\" height=\"650\" \/><\/td>\n<td style=\"width: 50%;\"><img loading=\"lazy\" decoding=\"async\" class=\"size-full wp-image-517\" title=\"Ciotole compostabili da 32 once con coperchio\" src=\"https:\/\/www.bioleaderpack.com\/wp-content\/uploads\/2023\/03\/L0141_1678716224141.jpg\" alt=\"Ciotole compostabili da 32 once con coperchio\" width=\"700\" height=\"700\" \/><\/td>\n<\/tr>\n<\/tbody>\n<\/table>\n<h2>Caratteristiche principali delle ciotole monouso biodegradabili<\/h2>\n<p>Oltre a essere confezionato con materiali sicuri per i nostri clienti, l'imballaggio deve essere anche funzionale. Ci sono diversi aspetti del nostro <strong>ciotole monouso biodegradabili,<\/strong>\u00a0per questo motivo sono cos\u00ec popolari tra i consumatori:<\/p>\n<ul>\n<li><strong>Eco-compatibile e compostabile<\/strong>: Queste ciotole sono 100% compostabili, il che significa che dopo ogni utilizzo si decompongono e quindi non contribuiscono ai rifiuti di discarica e all'inquinamento da plastica.<\/li>\n<li><strong>Alimenti sicuri e privi di sostanze chimiche nocive<\/strong>: Le ciotole in uso non contengono PFAS, BPA e quindi non ci sono inquinanti nocivi negli alimenti.<\/li>\n<li><strong>A prova di perdite e resistente all'olio<\/strong>: Le ciotole sviluppate sono in grado di resistere a olio e cibi grassi senza perdite.<\/li>\n<li><strong>Utilizzabile in microonde<\/strong>: Pu\u00f2 essere utilizzato nel microonde, quindi non \u00e8 necessario trasferire il cibo in una ciotola adatta al microonde solo per riscaldarlo.<\/li>\n<\/ul>\n<p>Tutte queste caratteristiche rendono\u00a0<strong>ciotole biodegradabili sfuse<\/strong> un'opzione valida per qualsiasi azienda alimentare, ristorante o servizio di catering.<\/p>\n<h2>Applicazione delle ciotole biodegradabili<\/h2>\n<p>Nuovo\u00a0<strong>ciotole biodegradabili monouso<\/strong>\u00a0sono cos\u00ec utili che possono essere utilizzate in diverse situazioni. Se lavorate nel settore della ristorazione, ad esempio in un food truck o in un matrimonio, queste ciotole sono l'opzione migliore per conservare gli alimenti in modo sicuro. Ecco alcuni esempi di applicazioni pratiche:<\/p>\n<ul>\n<li><strong>Pasti da asporto:<\/strong> Le ciotole sono adatte per servire insalate, zuppe e tagliatelle, e il fatto che siano conservabili permette di evitare la fuoriuscita di liquidi e oli durante il trasporto.<\/li>\n<li><strong>Servizi di catering:<\/strong> Per i servizi di catering ecologici, queste ciotole aiutano a non utilizzare la plastica monouso, che rappresenta un grande spreco durante gli eventi.<\/li>\n<li><strong>Ristoranti e caff\u00e8:<\/strong> Per i ristoranti o le caffetterie che includono opzioni di ristorazione e di asporto, l'uso di ciotole monouso biodegradabili migliora l'immagine del marchio in termini di tutela dell'ambiente.<\/li>\n<\/ul>\n<p>Queste ciotole possono ospitare diversi tipi di alimenti, rendendole adatte a qualsiasi evento con un ambiente sicuro e un uso efficiente di spazio e tempo.<\/p>\n<figure id=\"attachment_2251\" aria-describedby=\"caption-attachment-2251\" style=\"width: 1000px\" class=\"wp-caption alignnone\"><img loading=\"lazy\" decoding=\"async\" class=\"size-full wp-image-2251\" title=\"Ciotole in fibra compostabile di bagassa di canna da zucchero\" src=\"https:\/\/www.bioleaderpack.com\/wp-content\/uploads\/2023\/03\/L-Bowl.jpg\" alt=\"Ciotole in fibra compostabile di bagassa di canna da zucchero\" width=\"1000\" height=\"544\" srcset=\"https:\/\/www.bioleaderpack.com\/wp-content\/uploads\/2023\/03\/L-Bowl.jpg.webp 1000w, https:\/\/www.bioleaderpack.com\/wp-content\/uploads\/2023\/03\/L-Bowl-600x326.jpg 600w, https:\/\/www.bioleaderpack.com\/wp-content\/uploads\/2023\/03\/L-Bowl-300x163.jpg.webp 300w, https:\/\/www.bioleaderpack.com\/wp-content\/uploads\/2023\/03\/L-Bowl-768x418.jpg.webp 768w\" sizes=\"(max-width: 1000px) 100vw, 1000px\" \/><figcaption id=\"caption-attachment-2251\" class=\"wp-caption-text\">Ciotole in fibra compostabile di bagassa di canna da zucchero<\/figcaption><\/figure>\n<h2>Branding intelligente con alternative di imballaggio flessibile<\/h2>\n<p>Il branding \u00e8 considerato un elemento fondamentale per l'avvio di un'attivit\u00e0. Per far s\u00ec che il vostro marchio venga riconosciuto, forniamo ai clienti un servizio conveniente e personalizzabile. <strong>ciotole biodegradabili sfuse<\/strong>\u00a0imballaggio. Aggiungendo il logo della vostra azienda, selezionando determinati colori o personalizzando il design della confezione, possiamo offrirvi assistenza per soddisfare i requisiti della vostra attivit\u00e0. Questo aiuta anche a fare marketing locale e a costruire la fiducia dei clienti nei vostri sforzi di sostenibilit\u00e0.<\/p>\n<h2>L'ascesa degli imballaggi ecologici<\/h2>\n<p>Con l'aumento della popolazione mondiale, sono aumentate anche le preoccupazioni per l'ambiente e, di conseguenza, i consumatori e le aziende sono alla ricerca di una soluzione eco-consapevole ai materiali di imballaggio convenzionali. Tali <strong>ciotole biodegradabili usa e getta<\/strong> una tendenza inutile e ricca di sensazioni verso i contenitori per alimenti a base biologica che sta conquistando il mondo. L'aumento dei marchi ecologici, unito agli sforzi per ridurre i rifiuti di plastica, ha spinto prodotti come i nostri contenitori per alimenti a base biologica. <strong>ciotole monouso biodegradabili<\/strong>\u00a0al bordo anteriore dello spazio.<\/p>\n<p>Queste ciotole risponderanno soprattutto alla crescente esigenza di prodotti sostenibili in siti sostenibili. Dato che le persone stanno diventando sempre pi\u00f9 consapevoli delle soluzioni eco-centriche, le aziende che forniscono prodotti biodegradabili saranno in prima linea.<\/p>\n<h2>Perch\u00e9 scegliere noi: un produttore cinese affidabile<\/h2>\n<p>In qualit\u00e0 di leader\u00a0<strong>fabbrica in Cina<\/strong> e un\u00a0<strong>ciotole biodegradabili all'ingrosso<\/strong>, ci dedichiamo a prodotti sostenibili e di alta qualit\u00e0. Monouso <strong>ciotole biodegradabili<\/strong> sono offerti all'ingrosso e garantiscono a ogni azienda un imballaggio da asporto conveniente ed ecologico. Siamo orgogliosi di offrire prodotti a prezzi ragionevoli, durevoli e compostabili, che contribuiscono a ridurre al minimo gli sprechi nel settore della ristorazione.<\/p>\n<p>Scegliendo la nostra gamma di\u00a0<strong>ciotole monouso biodegradabili<\/strong>, si ha la certezza che non solo si tratta di un prodotto eccellente, ma che sta anche rendendo il mondo un posto migliore.<\/p>\n<figure id=\"attachment_1046\" aria-describedby=\"caption-attachment-1046\" style=\"width: 800px\" class=\"wp-caption alignnone\"><img loading=\"lazy\" decoding=\"async\" class=\"size-large wp-image-1046\" title=\"Ciotole in fibra compostabile di bagassa di canna da zucchero\" src=\"https:\/\/www.bioleaderpack.com\/wp-content\/uploads\/2024\/05\/20191211153532_1678120030316-1024x1024.jpg\" alt=\"Ciotole in fibra compostabile di bagassa di canna da zucchero\" width=\"800\" height=\"800\" srcset=\"https:\/\/www.bioleaderpack.com\/wp-content\/uploads\/2024\/05\/20191211153532_1678120030316-1024x1024.jpg.webp 1024w, https:\/\/www.bioleaderpack.com\/wp-content\/uploads\/2024\/05\/20191211153532_1678120030316-12x12.jpg 12w, https:\/\/www.bioleaderpack.com\/wp-content\/uploads\/2024\/05\/20191211153532_1678120030316-150x150.jpg.webp 150w, https:\/\/www.bioleaderpack.com\/wp-content\/uploads\/2024\/05\/20191211153532_1678120030316-300x300.jpg.webp 300w, https:\/\/www.bioleaderpack.com\/wp-content\/uploads\/2024\/05\/20191211153532_1678120030316-768x768.jpg.webp 768w, https:\/\/www.bioleaderpack.com\/wp-content\/uploads\/2024\/05\/20191211153532_1678120030316-600x600.jpg 600w, https:\/\/www.bioleaderpack.com\/wp-content\/uploads\/2024\/05\/20191211153532_1678120030316-100x100.jpg 100w, https:\/\/www.bioleaderpack.com\/wp-content\/uploads\/2024\/05\/20191211153532_1678120030316.jpg.webp 1080w\" sizes=\"(max-width: 800px) 100vw, 800px\" \/><figcaption id=\"caption-attachment-1046\" class=\"wp-caption-text\">Ciotole in fibra compostabile di bagassa di canna da zucchero<\/figcaption><\/figure>\n<h2>FAQ<\/h2>\n<ul>\n<li><strong>Le ciotole di cui sopra possono essere utilizzate per cibi caldi e freddi?<\/strong><\/li>\n<\/ul>\n<p>S\u00ec, il\u00a0<strong>ciotole monouso biodegradabili<\/strong>\u00a0possono essere utilizzati per cibi caldi e freddi. Sono sufficientemente resistenti per trasportare cibi caldi e liquidi senza perdite.<\/p>\n<ul>\n<li><strong>Quanto tempo impiegano queste ciotole a decomporsi?<\/strong><\/li>\n<\/ul>\n<p>In situazioni di compostaggio sano, questi\u00a0<strong>ciotole biodegradabili monouso<\/strong>\u00a0si biodegrada in un periodo compreso tra i 60 e i 90 giorni, il che \u00e8 abbastanza favorevole per l'ambiente.<\/p>\n<ul>\n<li><strong>Posso usare queste ciotole nel microonde?<\/strong><\/li>\n<\/ul>\n<p>S\u00ec, il nostro\u00a0<strong>ciotole biodegradabili sfuse<\/strong>\u00a0sono adatti al microonde, per aiutare gli utenti che desiderano riscaldare i pasti per renderli pi\u00f9 appetibili.<\/p>\n<ul>\n<li><strong>Dimensioni della ciotola disponibili?<\/strong><\/li>\n<\/ul>\n<p>S\u00ec, forniamo servizi a prezzi accessibili\u00a0<strong>ciotole biodegradabili sfuse<\/strong>\u00a0in una variet\u00e0 di dimensioni per coprire un ampio spettro di imballaggi per alimenti, da una quantit\u00e0 minima a una grande quantit\u00e0 di cibo.<\/p>\n<h2>Conclusione<\/h2>\n<p>Quando si tratta del nostro\u00a0<strong>ciotole monouso biodegradabili<\/strong>, si occupano di imballaggi alimentari in modo sicuro per Madre Natura, senza sacrificare l'efficienza o la robustezza. Costruiti a partire da bagassa di canna da zucchero e fabbricati con un processo di <strong>stampaggio della pasta di legno<\/strong> tecnica, queste ciotole sono compostabili, a prova di perdite e adatte al microonde, e possono essere adattate alle esigenze del vostro marchio. Che si tratti di un ristorante, di un catering o di un'attivit\u00e0 di food truck, i nostri <strong>ciotole biodegradabili monouso<\/strong>\u00a0vi aiuter\u00e0 a compensare l'impatto ambientale e ad offrire ai vostri clienti una scelta migliore. Con un vasto portafoglio di produzione e prezzi altamente competitivi, siamo in grado di fornire prodotti all'ingrosso a prezzi convenienti nella crescente ricerca di\u00a0<strong>idee di packaging sostenibile<\/strong>.<\/p>\n<h2>Blocco di approfondimento semantico: Perch\u00e9 le ciotole biodegradabili sfuse stanno rivoluzionando l'imballaggio degli alimenti<\/h2>\n<div class=\"semantic-insight-block\" style=\"background: #e8f5e9; border-left: 4px solid #2196f3; padding: 14px; margin-bottom: 16px;\">\n<ul>\n<li><strong>Innovazione dei materiali:<\/strong> Prodotte con 100% di polpa di canna da zucchero naturale (bagassa), queste ciotole sono a base vegetale, biodegradabili e compostabili: un ottimo sostituto dei prodotti monouso in plastica o schiuma.<\/li>\n<li><strong>Sicuro e certificato:<\/strong> Privo di PFAS e conforme agli standard EN13432, ASTM D6400, BPI e FDA\/EU per il contatto con gli alimenti, garantisce l'idoneit\u00e0 all'esportazione negli Stati Uniti, nell'UE e nei mercati globali.<\/li>\n<li><strong>Versatilit\u00e0 funzionale:<\/strong> Grazie all'elevata resistenza al calore e al freddo, alla costruzione a prova di perdite e alla struttura robusta, queste ciotole sono adatte per zuppe, noodles, insalate, riso e dessert, per soddisfare le esigenze sia del ristorante che del take-away.<\/li>\n<li><strong>Vantaggio delle forniture sfuse:<\/strong> Gli imballaggi sfusi supportano gli acquirenti su larga scala, gli operatori del catering, degli eventi e della ristorazione collettiva alla ricerca di catene di approvvigionamento sostenibili ed efficaci dal punto di vista dei costi.<\/li>\n<li><strong>Allineamento normativo:<\/strong> Soddisfa i crescenti requisiti normativi per la riduzione della plastica e la responsabilit\u00e0 estesa del produttore (EPR) in Nord America, Europa e APAC.<\/li>\n<li><strong>Impatto del marchio:<\/strong> Il passaggio alle ciotole biodegradabili dimostra la leadership ambientale, rafforza il valore verde del marchio e si allinea alla domanda dei consumatori di imballaggi sostenibili.<\/li>\n<\/ul>\n<div style=\"margin-top: 8px;\"><strong>Prospettiva del settore:<\/strong> Mentre i governi impongono divieti pi\u00f9 severi sulla plastica monouso, le stoviglie biodegradabili sfuse di Bioleader posizionano le aziende all'avanguardia nell'innovazione ecologica e nella conformit\u00e0 alle normative.<\/div>\n<\/div>\n<p><script type=\"application\/ld+json\">{\n    \"@context\": \"https:\\\/\\\/schema.org\",\n    \"@type\": \"FAQPage\",\n    \"mainEntity\": [\n        {\n            \"@type\": \"Question\",\n            \"name\": \"Are the above-mentioned bowls ok to be used for hot and cold foods?\",\n            \"acceptedAnswer\": {\n                \"@type\": \"Answer\",\n                \"text\": \"Yes, the biodegradable disposable bowls can be used for both hot and cold foods. They are strong enough to carry hot food and liquid content without leaking.\"\n            }\n        },\n        {\n            \"@type\": \"Question\",\n            \"name\": \"How long do these bowls take to decompose?\",\n            \"acceptedAnswer\": {\n                \"@type\": \"Answer\",\n                \"text\": \"In healthy composting situations, these disposable biodegradable bowls will biodegrade within a period of 60 to 90 days which is quite favorable to the environment.\"\n            }\n        },\n        {\n            \"@type\": \"Question\",\n            \"name\": \"Can I use these bowls in the microwave?\",\n            \"acceptedAnswer\": {\n                \"@type\": \"Answer\",\n                \"text\": \"Yes, our biodegradable bowls bulk are microwave safe, helping users who wish to reheat their meals to make them more palatable.\"\n            }\n        },\n        {\n            \"@type\": \"Question\",\n            \"name\": \"Available bowl sizes?\",\n            \"acceptedAnswer\": {\n                \"@type\": \"Answer\",\n                \"text\": \"Yes, we provide affordable biodegradable bowls bulk in a variety of sizes to cover a broad spectrum of food packaging, from very little to a large amount of food.\"\n            }\n        }\n    ]\n}<\/script><\/p>","protected":false},"excerpt":{"rendered":"<div class=\"flex max-w-full flex-col flex-grow\">\n<div class=\"min-h-[20px] text-message flex w-full flex-col items-end gap-2 whitespace-normal break-words [.text-message+&amp;]:mt-5\" dir=\"auto\" data-message-author-role=\"assistant\" data-message-id=\"337f978a-96d0-4773-9a6b-5a74f41b63e4\">\n<div class=\"flex w-full flex-col gap-1 empty:hidden first:pt-[3px]\">\n<div class=\"markdown prose w-full break-words dark:prose-invert light\">\n<p>Il <strong>biodegradabile <\/strong><a href=\"https:\/\/www.bioleaderpack.com\/it\/prodotto\/ciotole-di-canna-da-zucchero-monouso\/\" target=\"_blank\" rel=\"noopener\" data-wpil-monitor-id=\"2077\">Le ciotole monouso sono un alimento sostenibile e pratico.<\/a> realizzati con la bagassa della canna da zucchero, sono compostabili, a prova di perdite, adatti al microonde e privi di sostanze chimiche nocive, il che li rende ideali per diversi tipi di alimenti, dalle insalate alle zuppe. Le loro applicazioni versatili li rendono perfetti per ristoranti, takeaway e servizi di catering alla ricerca di soluzioni di imballaggio ecologiche. Prodotto da <strong>stampati in pasta di legno<\/strong> Queste ciotole sono personalizzabili per adattarsi all'identit\u00e0 del vostro marchio. Con la crescente tendenza al packaging sostenibile, le nostre <strong>ciotole biodegradabili sfuse<\/strong> sono una scelta intelligente per le aziende che danno priorit\u00e0 alla responsabilit\u00e0 ambientale.<\/p>\n<\/div>\n<\/div>\n<\/div>\n<\/div>","protected":false},"featured_media":17311,"comment_status":"open","ping_status":"closed","template":"","meta":{"_acf_changed":false},"product_brand":[8971],"product_cat":[7150],"product_tag":[6661,6662,6663,6664,6665,6667,6668,6669,6671],"class_list":{"0":"post-13545","1":"product","2":"type-product","3":"status-publish","4":"has-post-thumbnail","6":"product_brand-bioleader","7":"product_cat-bagasse-bowl","8":"product_tag-biodegradable-bowl","9":"product_tag-biodegradable-bowls-bulk","10":"product_tag-biodegradable-disposable-bowls","11":"product_tag-disposable-biodegradable-bowls","12":"product_tag-disposable-bowl","13":"product_tag-disposable-bowl-bulk","14":"product_tag-disposable-sugarcane-small-bowl","15":"product_tag-small-bowl-disposable","16":"product_tag-small-bowl-sugarcane","18":"first","19":"instock","20":"purchasable","21":"product-type-simple"},"acf":[],"_links":{"self":[{"href":"https:\/\/www.bioleaderpack.com\/it\/wp-json\/wp\/v2\/product\/13545","targetHints":{"allow":["GET"]}}],"collection":[{"href":"https:\/\/www.bioleaderpack.com\/it\/wp-json\/wp\/v2\/product"}],"about":[{"href":"https:\/\/www.bioleaderpack.com\/it\/wp-json\/wp\/v2\/types\/product"}],"replies":[{"embeddable":true,"href":"https:\/\/www.bioleaderpack.com\/it\/wp-json\/wp\/v2\/comments?post=13545"}],"wp:featuredmedia":[{"embeddable":true,"href":"https:\/\/www.bioleaderpack.com\/it\/wp-json\/wp\/v2\/media\/17311"}],"wp:attachment":[{"href":"https:\/\/www.bioleaderpack.com\/it\/wp-json\/wp\/v2\/media?parent=13545"}],"wp:term":[{"taxonomy":"product_brand","embeddable":true,"href":"https:\/\/www.bioleaderpack.com\/it\/wp-json\/wp\/v2\/product_brand?post=13545"},{"taxonomy":"product_cat","embeddable":true,"href":"https:\/\/www.bioleaderpack.com\/it\/wp-json\/wp\/v2\/product_cat?post=13545"},{"taxonomy":"product_tag","embeddable":true,"href":"https:\/\/www.bioleaderpack.com\/it\/wp-json\/wp\/v2\/product_tag?post=13545"}],"curies":[{"name":"wp","href":"https:\/\/api.w.org\/{rel}","templated":true}]}}