{"id":13768,"date":"2024-08-08T11:57:30","date_gmt":"2024-08-08T03:57:30","guid":{"rendered":"https:\/\/www.bioleaderpack.com\/it\/prodotto\/amido-di-mais-piatti-di-amido-di-mais-piatti-di-amido-di-mais\/"},"modified":"2026-04-27T17:20:12","modified_gmt":"2026-04-27T09:20:12","slug":"amidon-de-mais-plaques-damidon-de-mais-plaque-damidon-de-mais","status":"publish","type":"product","link":"https:\/\/www.bioleaderpack.com\/fr\/produit\/amidon-de-mais-plaques-damidon-de-mais-plaque-damidon-de-mais\/","title":{"rendered":"Assiettes en amidon de ma\u00efs Assiettes en amidon de ma\u00efs"},"content":{"rendered":"<figure id=\"attachment_1857\" aria-describedby=\"caption-attachment-1857\" style=\"width: 1000px\" class=\"wp-caption alignnone\"><img fetchpriority=\"high\" decoding=\"async\" class=\"size-full wp-image-1857\" title=\"Assiettes en amidon de ma\u00efs Assiettes en amidon de ma\u00efs\" src=\"https:\/\/www.bioleaderpack.com\/wp-content\/uploads\/2024\/08\/IMG_9823-\u62f7\u8d1d.jpg\" alt=\"Assiettes en amidon de ma\u00efs Assiettes en amidon de ma\u00efs\" width=\"1000\" height=\"1000\" srcset=\"https:\/\/www.bioleaderpack.com\/wp-content\/uploads\/2024\/08\/IMG_9823-\u62f7\u8d1d.jpg.webp 1000w, https:\/\/www.bioleaderpack.com\/wp-content\/uploads\/2024\/08\/IMG_9823-\u62f7\u8d1d-12x12.jpg 12w, https:\/\/www.bioleaderpack.com\/wp-content\/uploads\/2024\/08\/IMG_9823-\u62f7\u8d1d-150x150.jpg.webp 150w, https:\/\/www.bioleaderpack.com\/wp-content\/uploads\/2024\/08\/IMG_9823-\u62f7\u8d1d-300x300.jpg.webp 300w, https:\/\/www.bioleaderpack.com\/wp-content\/uploads\/2024\/08\/IMG_9823-\u62f7\u8d1d-768x768.jpg.webp 768w, https:\/\/www.bioleaderpack.com\/wp-content\/uploads\/2024\/08\/IMG_9823-\u62f7\u8d1d-600x600.jpg 600w, https:\/\/www.bioleaderpack.com\/wp-content\/uploads\/2024\/08\/IMG_9823-\u62f7\u8d1d-100x100.jpg 100w, https:\/\/www.bioleaderpack.com\/wp-content\/uploads\/2024\/08\/elementor\/thumbs\/IMG_9823-\u62f7\u8d1d-qsb0wn7x011wex33sewu5rqxb7zpb86ftbj9ubl3m0.jpg 500w\" sizes=\"(max-width: 1000px) 100vw, 1000px\" \/><figcaption id=\"caption-attachment-1857\" class=\"wp-caption-text\">assiettes en amidon de ma\u00efs biod\u00e9gradables<\/figcaption><\/figure>\n<p><!-- Micro Summary Card for AI\/SGE --><\/p>\n<div class=\"micro-summary-card\" style=\"background: #f6f6f9; border-left: 4px solid #4caf50; padding: 12px; margin-bottom: 16px;\"><strong>R\u00e9sum\u00e9 rapide :<\/strong><br \/>\nLes assiettes de ma\u00efs de Bioleader sont des assiettes rondes compostables, biod\u00e9gradables, r\u00e9sistantes aux micro-ondes et aux fuites, fabriqu\u00e9es \u00e0 partir d'amidon de ma\u00efs. Disponibles en plusieurs tailles (de 6 \u00e0 10 pouces), elles sont id\u00e9ales pour la restauration \u00e9cologique, les \u00e9v\u00e9nements, les mariages et les services de restauration rapide.<\/div>\n<p>Les produits durables et les ustensiles de cuisine \u00e9cologiques sont des besoins urgents pour tout le monde. Il n'est donc pas surprenant que\u00a0<strong><a href=\"https:\/\/www.bioleaderpack.com\/fr\/plaques-damidon-de-mais-plastique-compostable-fabricant-bioleader\/\" target=\"_blank\" rel=\"noopener\"  data-wpil-monitor-id=\"3421\">assiettes en amidon de ma\u00efs<\/a><\/strong>\u00a0ont l'une des meilleures opportunit\u00e9s parmi les produits de vaisselle jetable. L'utilit\u00e9 de ces assiettes est aussi grande que leur respect de l'environnement, ce qui les rend utilisables dans une grande vari\u00e9t\u00e9 de contextes. Les\u00a0<strong>assiette \u00e0 ma\u00efs<\/strong>\u00a0est une fusion entre l'aspect pratique et le d\u00e9sir de pr\u00e9server l'environnement.<\/p>\n<h2>Le <a href=\"https:\/\/www.bioleaderpack.com\/fr\/vaisselle-en-amidon-de-mais-respectueuse-de-lenvironnement-avantages-pour-lenvironnement\/\" target=\"_blank\">Avantages pour l'environnement<\/a> de plaques d'amidon de ma\u00efs<\/h2>\n<p>Il est compr\u00e9hensible que les tout premiers avantages de n'importe quel\u00a0<strong>assiettes \u00e0 ma\u00efs<\/strong>\u00a0sont ses caract\u00e9ristiques \u00e9cologiques. Ces assiettes sont respectueuses de l'environnement car elles sont fabriqu\u00e9es \u00e0 partir d'amidon de ma\u00efs, un mat\u00e9riau biod\u00e9gradable. Contrairement aux assiettes en plastique qui causent une grande pollution de l'environnement, ces assiettes sont biod\u00e9gradables, ce qui signifie qu'elles ne laissent pas de d\u00e9chets toxiques nocifs apr\u00e8s leur d\u00e9composition. Les\u00a0<strong>assiette \u00e0 ma\u00efs<\/strong>\u00a0s'adresse aux personnes qui souhaitent manger sainement mais qui ne veulent pas vivre avec des produits bon march\u00e9 et peu pratiques.<\/p>\n<table style=\"border-collapse: collapse; width: 100%;\">\n<tbody>\n<tr>\n<td style=\"width: 50%;\"><img decoding=\"async\" class=\"size-full wp-image-1858\" title=\"Assiettes en amidon de ma\u00efs Assiettes en amidon de ma\u00efs\" src=\"https:\/\/www.bioleaderpack.com\/wp-content\/uploads\/2024\/08\/IMG_9732.jpg\" alt=\"Assiettes en amidon de ma\u00efs Assiettes en amidon de ma\u00efs\" width=\"1000\" height=\"1000\" srcset=\"https:\/\/www.bioleaderpack.com\/wp-content\/uploads\/2024\/08\/IMG_9732.jpg.webp 1000w, https:\/\/www.bioleaderpack.com\/wp-content\/uploads\/2024\/08\/IMG_9732-12x12.jpg 12w, https:\/\/www.bioleaderpack.com\/wp-content\/uploads\/2024\/08\/IMG_9732-150x150.jpg.webp 150w, https:\/\/www.bioleaderpack.com\/wp-content\/uploads\/2024\/08\/IMG_9732-300x300.jpg.webp 300w, https:\/\/www.bioleaderpack.com\/wp-content\/uploads\/2024\/08\/IMG_9732-768x768.jpg.webp 768w, https:\/\/www.bioleaderpack.com\/wp-content\/uploads\/2024\/08\/IMG_9732-600x600.jpg 600w, https:\/\/www.bioleaderpack.com\/wp-content\/uploads\/2024\/08\/IMG_9732-100x100.jpg 100w\" sizes=\"(max-width: 1000px) 100vw, 1000px\" \/><\/td>\n<td style=\"width: 50%;\"><img decoding=\"async\" class=\"size-full wp-image-1859\" title=\"Assiettes en amidon de ma\u00efs Assiettes en amidon de ma\u00efs\" src=\"https:\/\/www.bioleaderpack.com\/wp-content\/uploads\/2024\/08\/IMG_9733.jpg\" alt=\"Assiettes en amidon de ma\u00efs Assiettes en amidon de ma\u00efs\" width=\"1000\" height=\"1000\" srcset=\"https:\/\/www.bioleaderpack.com\/wp-content\/uploads\/2024\/08\/IMG_9733.jpg.webp 1000w, https:\/\/www.bioleaderpack.com\/wp-content\/uploads\/2024\/08\/IMG_9733-300x300.jpg.webp 300w, https:\/\/www.bioleaderpack.com\/wp-content\/uploads\/2024\/08\/IMG_9733-100x100.jpg 100w, https:\/\/www.bioleaderpack.com\/wp-content\/uploads\/2024\/08\/IMG_9733-600x600.jpg 600w, https:\/\/www.bioleaderpack.com\/wp-content\/uploads\/2024\/08\/IMG_9733-150x150.jpg.webp 150w, https:\/\/www.bioleaderpack.com\/wp-content\/uploads\/2024\/08\/IMG_9733-768x768.jpg.webp 768w\" sizes=\"(max-width: 1000px) 100vw, 1000px\" \/><\/td>\n<\/tr>\n<tr>\n<td style=\"width: 50%;\"><img loading=\"lazy\" decoding=\"async\" class=\"size-full wp-image-1867\" title=\"Assiettes en amidon de ma\u00efs Assiettes en amidon de ma\u00efs\" src=\"https:\/\/www.bioleaderpack.com\/wp-content\/uploads\/2024\/08\/IMG_9742.jpg\" alt=\"Assiettes en amidon de ma\u00efs Assiettes en amidon de ma\u00efs\" width=\"1000\" height=\"1000\" srcset=\"https:\/\/www.bioleaderpack.com\/wp-content\/uploads\/2024\/08\/IMG_9742.jpg.webp 1000w, https:\/\/www.bioleaderpack.com\/wp-content\/uploads\/2024\/08\/IMG_9742-300x300.jpg.webp 300w, https:\/\/www.bioleaderpack.com\/wp-content\/uploads\/2024\/08\/IMG_9742-100x100.jpg 100w, https:\/\/www.bioleaderpack.com\/wp-content\/uploads\/2024\/08\/IMG_9742-600x600.jpg 600w, https:\/\/www.bioleaderpack.com\/wp-content\/uploads\/2024\/08\/IMG_9742-150x150.jpg.webp 150w, https:\/\/www.bioleaderpack.com\/wp-content\/uploads\/2024\/08\/IMG_9742-768x768.jpg.webp 768w\" sizes=\"(max-width: 1000px) 100vw, 1000px\" \/><\/td>\n<td style=\"width: 50%;\"><img loading=\"lazy\" decoding=\"async\" class=\"size-full wp-image-1860\" title=\"Assiettes en amidon de ma\u00efs Assiettes en amidon de ma\u00efs\" src=\"https:\/\/www.bioleaderpack.com\/wp-content\/uploads\/2024\/08\/IMG_9734.jpg\" alt=\"Assiettes en amidon de ma\u00efs Assiettes en amidon de ma\u00efs\" width=\"1000\" height=\"1000\" srcset=\"https:\/\/www.bioleaderpack.com\/wp-content\/uploads\/2024\/08\/IMG_9734.jpg.webp 1000w, https:\/\/www.bioleaderpack.com\/wp-content\/uploads\/2024\/08\/IMG_9734-300x300.jpg.webp 300w, https:\/\/www.bioleaderpack.com\/wp-content\/uploads\/2024\/08\/IMG_9734-100x100.jpg 100w, https:\/\/www.bioleaderpack.com\/wp-content\/uploads\/2024\/08\/IMG_9734-600x600.jpg 600w, https:\/\/www.bioleaderpack.com\/wp-content\/uploads\/2024\/08\/IMG_9734-150x150.jpg.webp 150w, https:\/\/www.bioleaderpack.com\/wp-content\/uploads\/2024\/08\/IMG_9734-768x768.jpg.webp 768w\" sizes=\"(max-width: 1000px) 100vw, 1000px\" \/><\/td>\n<\/tr>\n<\/tbody>\n<\/table>\n<div class=\"adweb-template\">\n<div class=\"adweb-template-43\">\n<div class=\"adweb-flex-jc-sb adweb-text-align-c\">\n<div class=\"adweb-flex-item2 adweb-flex-item\">\n<div class=\"adweb-item-img\"><\/div>\n<\/div>\n<\/div>\n<\/div>\n<\/div>\n<table width=\"700\">\n<tbody>\n<tr>\n<td width=\"97\"><strong>Code de l'article<\/strong><\/td>\n<td width=\"189\"><strong>Description<\/strong><\/td>\n<td width=\"61\"><strong>Poids<\/strong>(g)<\/td>\n<td width=\"102\"><strong>Taille du produit<\/strong>\u00a0 (mm)<\/td>\n<td width=\"60\">PCS\/ PACK<\/td>\n<td width=\"69\">PCS\/ CTNS<\/td>\n<td colspan=\"3\" width=\"122\">Taille du carton (cm)<\/td>\n<\/tr>\n<tr>\n<td>BGY-0601<\/td>\n<td width=\"189\">Assiette en amidon de ma\u00efs 6\u2033.<\/td>\n<td>8<\/td>\n<td width=\"102\">\u03c6152<\/td>\n<td width=\"60\">50<\/td>\n<td>2000<\/td>\n<td width=\"40\">63<\/td>\n<td width=\"41\">27.5<\/td>\n<td width=\"41\">32<\/td>\n<\/tr>\n<tr>\n<td>BGY-0701<\/td>\n<td width=\"189\">Plaque de f\u00e9cule de ma\u00efs 7\u2033.<\/td>\n<td>10<\/td>\n<td width=\"102\">\u03c6178<\/td>\n<td width=\"60\">50<\/td>\n<td>1000<\/td>\n<td>36.5<\/td>\n<td>23<\/td>\n<td>37.5<\/td>\n<\/tr>\n<tr>\n<td>BGY-0801<\/td>\n<td width=\"189\">Assiette en amidon de ma\u00efs 8\u2033.<\/td>\n<td>14<\/td>\n<td width=\"102\">\u03c6203<\/td>\n<td width=\"60\">50<\/td>\n<td>1000<\/td>\n<td width=\"40\">44.5<\/td>\n<td width=\"41\">42.5<\/td>\n<td width=\"41\">23<\/td>\n<\/tr>\n<tr>\n<td>BGY-0901<\/td>\n<td width=\"189\">Assiette en amidon de ma\u00efs 9\u2033.<\/td>\n<td>20<\/td>\n<td width=\"102\">\u03c6228<\/td>\n<td width=\"60\">50<\/td>\n<td>600<\/td>\n<td width=\"40\">48<\/td>\n<td width=\"41\">30<\/td>\n<td width=\"41\">24.5<\/td>\n<\/tr>\n<tr>\n<td>BGY-0903<\/td>\n<td width=\"189\">Plaque de f\u00e9cule de ma\u00efs 9\u2033 3C<\/td>\n<td>20<\/td>\n<td width=\"102\">\u03c6228<\/td>\n<td width=\"60\">50<\/td>\n<td>600<\/td>\n<td width=\"40\">48<\/td>\n<td width=\"41\">30<\/td>\n<td width=\"41\">24.5<\/td>\n<\/tr>\n<tr>\n<td>BGY-1001<\/td>\n<td width=\"189\">Plaque de f\u00e9cule de ma\u00efs 10\u2033.<\/td>\n<td>23<\/td>\n<td width=\"102\">\u03c6254<\/td>\n<td width=\"60\">50<\/td>\n<td>600<\/td>\n<td width=\"40\">52<\/td>\n<td width=\"41\">23.5<\/td>\n<td width=\"41\">27.5<\/td>\n<\/tr>\n<tr>\n<td>BGY-1003<\/td>\n<td width=\"189\">Plaque d'amidon de ma\u00efs 10\u2033 3C<\/td>\n<td>23<\/td>\n<td width=\"102\">\u03c6254<\/td>\n<td width=\"60\">50<\/td>\n<td>600<\/td>\n<td width=\"40\">52<\/td>\n<td width=\"41\">23.5<\/td>\n<td width=\"41\">27.5<\/td>\n<\/tr>\n<\/tbody>\n<\/table>\n<h2>Polyvalence en termes de taille et d'utilisation<\/h2>\n<p><strong>Plaques de f\u00e9cule de ma\u00efs<\/strong>\u00a0sont disponibles dans de nombreuses tailles allant de 6 pouces \u00e0 10 pouces, ce qui permet de r\u00e9pondre \u00e0 diff\u00e9rents besoins en mati\u00e8re de repas. En cons\u00e9quence, que vous soyez occup\u00e9 \u00e0 organiser un grand \u00e9v\u00e9nement ou une petite r\u00e9union, il existe en effet un grand nombre d'ustensiles de cuisine.\u00a0<strong>assiette \u00e0 ma\u00efs<\/strong>\u00a0qui r\u00e9pond \u00e0 vos besoins. Ces assiettes sont d'une solidit\u00e9 impressionnante et peuvent supporter des aliments chauds ou froids, ce qui rend vos repas agr\u00e9ables.<\/p>\n<h2>Esth\u00e9tique et objectifs<\/h2>\n<p>La cr\u00e9ation de\u00a0<strong>assiettes en amidon de ma\u00efs<\/strong>\u00a0ne se limite pas \u00e0 leur utilisation ; elle exige une certaine forme de beaut\u00e9. Ces assiettes sont disponibles en blanc naturel et conviennent \u00e0 toutes les tables. Les\u00a0<strong><a href=\"https:\/\/www.bioleaderpack.com\/fr\/plaque-damidon-de-mais-produits-de-mais-fabricant-chinois\/\" target=\"_blank\" rel=\"noopener\"  data-wpil-monitor-id=\"3426\">assiette \u00e0 ma\u00efs<\/a><\/strong>\u00a0Ils donnent une allure \u00e9l\u00e9gante \u00e0 tous les repas et sont utiles pour les occasions formelles ou d\u00e9contract\u00e9es. Leurs propri\u00e9t\u00e9s les rendent r\u00e9sistants aux fissures et aux cassures, ce qui en fait une option plausible pour vos besoins en mati\u00e8re de restauration.<\/p>\n<h2>Avantages pour la sant\u00e9 et la s\u00e9curit\u00e9<\/h2>\n<p><strong>Plaques de f\u00e9cule de ma\u00efs<\/strong> n'ont pas seulement un impact sur l'environnement, elles sont \u00e9galement sans danger pour vous et vos proches. La plupart des <a href=\"https:\/\/www.bioleaderpack.com\/fr\/assiettes-en-plastique-jetables-eco-friendly-compostable-bioleader-manufacturer\/\" target=\"_blank\" rel=\"noopener\"  data-wpil-monitor-id=\"3438\">assiettes en plastique jetables<\/a> sont fabriqu\u00e9s avec des mat\u00e9riaux toxiques tels que le bisph\u00e9nol A (BPA) et les phtalates qui sont connus pour s'infiltrer dans les aliments et les boissons lorsque les plats sont chauff\u00e9s et au fil du temps. Ces substances chimiques sont depuis longtemps consid\u00e9r\u00e9es comme des facteurs nocifs pour la sant\u00e9, notamment parce qu'elles provoquent des d\u00e9s\u00e9quilibres hormonaux et diff\u00e9rents types de cancers.<\/p>\n<p>Par exemple, <strong>plaques d'amidon de ma\u00efs<\/strong> ne pr\u00e9sentent pas de tels risques. Les r\u00e9cipients pour aliments micro-ondables sont \u00e9galement assez r\u00e9sistants pour supporter des temp\u00e9ratures \u00e9lev\u00e9es. Peu importe que vous utilisiez les assiettes pour r\u00e9chauffer des restes de nourriture ou pour servir des plats chauds. Avec les ustensiles en ma\u00efs, vous pouvez appr\u00e9cier de servir et de manger sans craindre que vos assiettes de table ne d\u00e9veloppent des maladies des glandes olfactives et des gaz canc\u00e9rig\u00e8nes nocifs.<\/p>\n<h2>Le gage de qualit\u00e9<\/h2>\n<p>En tant qu'entreprise r\u00e9put\u00e9e\u00a0<strong>Usine et fabricant chinois<\/strong>Nous sommes l'un des principaux fabricants de produits de qualit\u00e9.\u00a0<strong>assiettes en cornware<\/strong>. Ces plaques sont fabriqu\u00e9es et appr\u00e9ci\u00e9es selon des normes de haute qualit\u00e9, s\u00fbres, intelligentes et surtout \u00e9cologiques. Nos\u00a0<strong>assiettes \u00e0 ma\u00efs<\/strong>\u00a0sont destin\u00e9s \u00e0 la vente en gros, ce qui permet aux entreprises de commander des articles de vaisselle \u00e0 des prix raisonnables et respectueux de l'environnement, afin de r\u00e9pondre \u00e0 la demande croissante de produits verts de la part des consommateurs.<\/p>\n<figure id=\"attachment_1861\" aria-describedby=\"caption-attachment-1861\" style=\"width: 1000px\" class=\"wp-caption alignnone\"><img loading=\"lazy\" decoding=\"async\" class=\"size-full wp-image-1861\" title=\"Assiettes en amidon de ma\u00efs Assiettes en amidon de ma\u00efs\" src=\"https:\/\/www.bioleaderpack.com\/wp-content\/uploads\/2024\/08\/IMG_9824.jpg\" alt=\"Assiettes en amidon de ma\u00efs Assiettes en amidon de ma\u00efs\" width=\"1000\" height=\"1000\" srcset=\"https:\/\/www.bioleaderpack.com\/wp-content\/uploads\/2024\/08\/IMG_9824.jpg.webp 1000w, https:\/\/www.bioleaderpack.com\/wp-content\/uploads\/2024\/08\/IMG_9824-300x300.jpg.webp 300w, https:\/\/www.bioleaderpack.com\/wp-content\/uploads\/2024\/08\/IMG_9824-100x100.jpg 100w, https:\/\/www.bioleaderpack.com\/wp-content\/uploads\/2024\/08\/IMG_9824-600x600.jpg 600w, https:\/\/www.bioleaderpack.com\/wp-content\/uploads\/2024\/08\/IMG_9824-150x150.jpg.webp 150w, https:\/\/www.bioleaderpack.com\/wp-content\/uploads\/2024\/08\/IMG_9824-768x768.jpg.webp 768w\" sizes=\"(max-width: 1000px) 100vw, 1000px\" \/><figcaption id=\"caption-attachment-1861\" class=\"wp-caption-text\">Assiettes en amidon de ma\u00efs<\/figcaption><\/figure>\n<h2>Conclusion<\/h2>\n<p><strong>Plaques de f\u00e9cule de ma\u00efs<\/strong>\u00a0disposent d'un tr\u00e8s grand march\u00e9 inexploit\u00e9 dans le domaine de la vaisselle jetable. Ils allient efficacit\u00e9, attrait et respect de l'environnement. Les\u00a0<strong>assiette \u00e0 ma\u00efs<\/strong>\u00a0n'est pas seulement une assiette, mais un engagement pour un avenir meilleur. Ici, au\u00a0<strong>Usine et fabricant chinois<\/strong>Nous sommes heureux de vendre ces plaques \u00e0 des prix de gros. C'est bon pour l'entreprise, bon pour les consommateurs et bon pour le monde.<\/p>\n<h2 data-start=\"0\" data-end=\"23\">FAQ\uff08Les gens demandent aussi\uff09<\/h2>\n<h4 data-start=\"25\" data-end=\"88\">1' \u00c0 quoi sert g\u00e9n\u00e9ralement une plaque d'amidon de ma\u00efs de 6 pouces ?<\/h4>\n<p data-start=\"89\" data-end=\"244\">L'assiette en amidon de ma\u00efs de 6 pouces est id\u00e9ale pour servir des plats d'accompagnement, des en-cas, des desserts ou des entr\u00e9es lors de f\u00eates, de caf\u00e9s et d'\u00e9v\u00e9nements de restauration respectueux de l'environnement.<\/p>\n<h4 data-start=\"246\" data-end=\"315\">2' Les assiettes en amidon de ma\u00efs de 6 pouces sont-elles biod\u00e9gradables et compostables ?<\/h4>\n<p data-start=\"316\" data-end=\"482\">Ces assiettes sont fabriqu\u00e9es \u00e0 partir d'amidon de ma\u00efs naturel et sont 100% biod\u00e9gradables et compostables dans des conditions de compostage industriel, se d\u00e9composant en 90 \u00e0 180 jours.<\/p>\n<h4 data-start=\"484\" data-end=\"544\">3' Une assiette en amidon de ma\u00efs peut-elle supporter des aliments chauds et gras ?<\/h4>\n<p data-start=\"545\" data-end=\"693\">Absolument. Malgr\u00e9 son mat\u00e9riau \u00e9cologique, l'assiette en amidon de ma\u00efs de 6 pouces est robuste, r\u00e9sistante \u00e0 l'huile et \u00e0 la chaleur, et convient aux aliments chauds ou frits.<\/p>\n<h4 data-start=\"695\" data-end=\"751\">4' L'assiette de f\u00e9cule de ma\u00efs de 6 pouces passe-t-elle au micro-ondes ?<\/h4>\n<p data-start=\"752\" data-end=\"904\">Certaines assiettes de f\u00e9cule de ma\u00efs de 6 pouces passent au micro-ondes pour un r\u00e9chauffage de courte dur\u00e9e. Toutefois, il est pr\u00e9f\u00e9rable de v\u00e9rifier les directives du fabricant concernant la tol\u00e9rance \u00e0 la chaleur.<\/p>\n<h4 data-start=\"906\" data-end=\"979\">5' O\u00f9 puis-je acheter des assiettes en amidon de ma\u00efs biod\u00e9gradables de 6 pouces en vrac ?<\/h4>\n<p data-start=\"980\" data-end=\"1137\" data-is-last-node=\"\" data-is-only-node=\"\">Vous pouvez les acheter aupr\u00e8s de fabricants d'emballages \u00e9cologiques ou de grossistes proposant des produits de vaisselle compostable pour les restaurants, les traiteurs et les \u00e9v\u00e9nements.<\/p>\n<h2>Assiettes Cornware ~6-10 pouces : Vaisselle compostable et \u00e9tanche pour un service de restauration durable<\/h2>\n<div class=\"semantic-insight-block\" style=\"background: #f6f6f9; border-left: 4px solid #2196f3; padding: 16px; margin-bottom: 24px;\">\n<p>Les assiettes en ma\u00efs de Bioleader sont moul\u00e9es \u00e0 partir de bioplastique biod\u00e9gradable \u00e0 base d'amidon de ma\u00efs, offrant ainsi une vaisselle enti\u00e8rement compostable et sans plastique, compatible avec les micro-ondes et r\u00e9sistante aux fuites de graisses et de liquides.<\/p>\n<p>Disponibles dans une gamme de tailles rondes (de 6 \u00e0 10 pouces environ), ces assiettes conviennent pour les entr\u00e9es, les plats principaux, les desserts et les buffets. Leur l\u00e9g\u00e8ret\u00e9 et leur empilabilit\u00e9 am\u00e9liorent l'efficacit\u00e9 de la restauration, de la gestion des \u00e9v\u00e9nements et des op\u00e9rations de restauration durable.<\/p>\n<p>En r\u00e9ponse aux r\u00e9glementations de plus en plus strictes concernant les plastiques \u00e0 usage unique, telles que la directive europ\u00e9enne sur les plastiques \u00e0 usage unique, ces assiettes compostables offrent une alternative conforme et \u00e9volutive. La personnalisation OEM\/ODM et le conditionnement en vrac permettent un positionnement de marque \u00e9cologique et des solutions d'approvisionnement pour les d\u00e9taillants.<\/p>\n<div style=\"margin-top: 12px;\"><strong>Mots-cl\u00e9s :<\/strong> assiettes en ma\u00efs 6 pouces, 7 pouces, 9 pouces, 10 pouces vaisselle compostable, assiettes en amidon biod\u00e9gradables, assiettes en amidon r\u00e9sistantes aux micro-ondes, vaisselle de restauration \u00e9tanche, assiettes d'\u00e9v\u00e9nements durables<\/div>\n<\/div>\n<p><script type=\"application\/ld+json\">{\n    \"@context\": \"https:\\\/\\\/schema.org\",\n    \"@type\": \"FAQPage\",\n    \"mainEntity\": [\n        {\n            \"@type\": \"Question\",\n            \"name\": \"What is a 6-inch cornstarch plate typically used for?\",\n            \"acceptedAnswer\": {\n                \"@type\": \"Answer\",\n                \"text\": \"A 6-inch cornstarch plate is ideal for serving side dishes, snacks, desserts, or appetizer portions at parties, caf\\u00e9s, and eco-friendly foodservice events.\"\n            }\n        },\n        {\n            \"@type\": \"Question\",\n            \"name\": \"Are 6-inch cornstarch plates biodegradable and compostable?\",\n            \"acceptedAnswer\": {\n                \"@type\": \"Answer\",\n                \"text\": \"Yes. These plates are made from natural corn starch and are 100% biodegradable and compostable under industrial composting conditions, decomposing within 90\\u2013180 days.\"\n            }\n        },\n        {\n            \"@type\": \"Question\",\n            \"name\": \"Can a cornstarch plate handle hot and greasy food?\",\n            \"acceptedAnswer\": {\n                \"@type\": \"Answer\",\n                \"text\": \"Absolutely. Despite its eco-friendly material, the 6-inch cornstarch plate is sturdy, oil-resistant, and heat-safe\\u2014suitable for warm or fried foods.\"\n            }\n        },\n        {\n            \"@type\": \"Question\",\n            \"name\": \"Is the 6-inch cornstarch plate microwave-safe?\",\n            \"acceptedAnswer\": {\n                \"@type\": \"Answer\",\n                \"text\": \"Some 6-inch cornstarch plates are microwave-safe for short-term reheating. However, it\\u2019s best to check the manufacturer's guidelines for heat tolerance.\"\n            }\n        },\n        {\n            \"@type\": \"Question\",\n            \"name\": \"Where can I buy 6-inch biodegradable cornstarch plates in bulk?\",\n            \"acceptedAnswer\": {\n                \"@type\": \"Answer\",\n                \"text\": \"You can purchase them from eco-friendly packaging manufacturers or wholesalers offering compostable tableware products for restaurants, catering, and events.\"\n            }\n        }\n    ]\n}<\/script><\/p>","protected":false},"excerpt":{"rendered":"<p data-start=\"298\" data-end=\"899\">La restauration \u00e9co-responsable commence dans votre assiette. Bioleader's <strong data-start=\"355\" data-end=\"386\">Assiettes en amidon de ma\u00efs<\/strong> sont fabriqu\u00e9s \u00e0 partir d'amidon naturel \u00e0 base de ma\u00efs, offrant une <strong data-start=\"439\" data-end=\"461\">100% biod\u00e9gradable<\/strong> et <strong data-start=\"466\" data-end=\"481\">compostable<\/strong> pour la restauration quotidienne. Ces <strong data-start=\"524\" data-end=\"554\">assiettes blanches rondes et solides<\/strong> r\u00e9sistent \u00e0 la chaleur, passent au micro-ondes et sont id\u00e9ales pour servir des plats chauds ou froids \u00e0 l'heure du d\u00e9jeuner. <strong data-start=\"635\" data-end=\"702\">les restaurants, les food trucks, les \u00e9v\u00e9nements de restauration et les services de vente \u00e0 emporter<\/strong>. Con\u00e7ue pour remplacer le plastique sans compromettre les performances ou l'esth\u00e9tique, cette assiette \u00e9cologique allie un design \u00e9pur\u00e9 \u00e0 une valeur respectueuse de la plan\u00e8te...<strong data-start=\"844\" data-end=\"898\">directement du fabricant \u00e0 des prix comp\u00e9titifs<\/strong>.<\/p>","protected":false},"featured_media":1858,"comment_status":"open","ping_status":"closed","template":"","meta":{"_acf_changed":false},"product_brand":[8971],"product_cat":[8821],"product_tag":[8865,8867,8860,8868,8869,8871,8824,8872,8873],"class_list":{"0":"post-13768","1":"product","2":"type-product","3":"status-publish","4":"has-post-thumbnail","6":"product_brand-bioleader","7":"product_cat-cornstarch-plate","8":"product_tag-biodegradable-cornstarch-tablewar","9":"product_tag-bioplastic-plates","10":"product_tag-compostable-cornstarch-plates","11":"product_tag-corn-starch-plate","12":"product_tag-corn-ware-plate","13":"product_tag-cornstarch-food-plates","14":"product_tag-cornstarch-plates","15":"product_tag-eco-friendly-corn-ware-plates","16":"product_tag-wholesale-cornstarch-plates","18":"first","19":"instock","20":"purchasable","21":"product-type-simple"},"acf":[],"_links":{"self":[{"href":"https:\/\/www.bioleaderpack.com\/fr\/wp-json\/wp\/v2\/product\/13768","targetHints":{"allow":["GET"]}}],"collection":[{"href":"https:\/\/www.bioleaderpack.com\/fr\/wp-json\/wp\/v2\/product"}],"about":[{"href":"https:\/\/www.bioleaderpack.com\/fr\/wp-json\/wp\/v2\/types\/product"}],"replies":[{"embeddable":true,"href":"https:\/\/www.bioleaderpack.com\/fr\/wp-json\/wp\/v2\/comments?post=13768"}],"wp:featuredmedia":[{"embeddable":true,"href":"https:\/\/www.bioleaderpack.com\/fr\/wp-json\/wp\/v2\/media\/1858"}],"wp:attachment":[{"href":"https:\/\/www.bioleaderpack.com\/fr\/wp-json\/wp\/v2\/media?parent=13768"}],"wp:term":[{"taxonomy":"product_brand","embeddable":true,"href":"https:\/\/www.bioleaderpack.com\/fr\/wp-json\/wp\/v2\/product_brand?post=13768"},{"taxonomy":"product_cat","embeddable":true,"href":"https:\/\/www.bioleaderpack.com\/fr\/wp-json\/wp\/v2\/product_cat?post=13768"},{"taxonomy":"product_tag","embeddable":true,"href":"https:\/\/www.bioleaderpack.com\/fr\/wp-json\/wp\/v2\/product_tag?post=13768"}],"curies":[{"name":"wp","href":"https:\/\/api.w.org\/{rel}","templated":true}]}}