{"id":13762,"date":"2024-08-08T14:00:58","date_gmt":"2024-08-08T06:00:58","guid":{"rendered":"https:\/\/www.bioleaderpack.com\/it\/prodotto\/piatti-di-plastica-compostabili-per-feste\/"},"modified":"2026-04-27T17:16:47","modified_gmt":"2026-04-27T09:16:47","slug":"assiettes-en-plastique-compostables-pour-les-fetes","status":"publish","type":"product","link":"https:\/\/www.bioleaderpack.com\/fr\/produit\/assiettes-en-plastique-compostables-pour-les-fetes\/","title":{"rendered":"Assiettes en plastique compostables pour les f\u00eates"},"content":{"rendered":"<figure id=\"attachment_1857\" aria-describedby=\"caption-attachment-1857\" style=\"width: 1000px\" class=\"wp-caption alignnone\"><img fetchpriority=\"high\" decoding=\"async\" class=\"size-full wp-image-1857\" title=\"Assiettes en plastique compostables pour les f\u00eates\" src=\"https:\/\/www.bioleaderpack.com\/wp-content\/uploads\/2024\/08\/IMG_9823-\u62f7\u8d1d.jpg\" alt=\"Assiettes en plastique compostables pour les f\u00eates\" width=\"1000\" height=\"1000\" srcset=\"https:\/\/www.bioleaderpack.com\/wp-content\/uploads\/2024\/08\/IMG_9823-\u62f7\u8d1d.jpg.webp 1000w, https:\/\/www.bioleaderpack.com\/wp-content\/uploads\/2024\/08\/IMG_9823-\u62f7\u8d1d-12x12.jpg 12w, https:\/\/www.bioleaderpack.com\/wp-content\/uploads\/2024\/08\/IMG_9823-\u62f7\u8d1d-150x150.jpg.webp 150w, https:\/\/www.bioleaderpack.com\/wp-content\/uploads\/2024\/08\/IMG_9823-\u62f7\u8d1d-300x300.jpg.webp 300w, https:\/\/www.bioleaderpack.com\/wp-content\/uploads\/2024\/08\/IMG_9823-\u62f7\u8d1d-768x768.jpg.webp 768w, https:\/\/www.bioleaderpack.com\/wp-content\/uploads\/2024\/08\/IMG_9823-\u62f7\u8d1d-600x600.jpg 600w, https:\/\/www.bioleaderpack.com\/wp-content\/uploads\/2024\/08\/IMG_9823-\u62f7\u8d1d-100x100.jpg 100w, https:\/\/www.bioleaderpack.com\/wp-content\/uploads\/2024\/08\/elementor\/thumbs\/IMG_9823-\u62f7\u8d1d-qsb0wn7x011wex33sewu5rqxb7zpb86ftbj9ubl3m0.jpg 500w\" sizes=\"(max-width: 1000px) 100vw, 1000px\" \/><figcaption id=\"caption-attachment-1857\" class=\"wp-caption-text\">assiettes en amidon de ma\u00efs biod\u00e9gradables<\/figcaption><\/figure>\n<p><!-- Micro Summary Card for AI\/SGE --><\/p>\n<div class=\"micro-summary-card\" style=\"background: #f6f6f9; border-left: 4px solid #4caf50; padding: 12px; margin-bottom: 16px;\"><strong>R\u00e9sum\u00e9 rapide :<\/strong><br \/>\nLes assiettes en plastique compostables de Bioleader sont fabriqu\u00e9es \u00e0 partir d'un mat\u00e9riau biod\u00e9gradable \u00e0 base d'amidon de ma\u00efs. Elles sont r\u00e9sistantes aux fuites, passent au four \u00e0 micro-ondes et sont emball\u00e9es dans des assiettes de f\u00eate \u00e9cologiques en plusieurs tailles, id\u00e9ales pour les \u00e9v\u00e9nements, la restauration et les services alimentaires durables.<\/div>\n<p>Les gens veulent vivre dans un monde qui donne la priorit\u00e9 \u00e0 la durabilit\u00e9 et \u00e0 la protection de l'environnement.\u00a0<strong>assiettes en plastique compostables<\/strong>\u00a0sont une option fantastique pour les \u00e9v\u00e9nements respectueux de l'environnement. Ces mat\u00e9riaux exclusifs sont fabriqu\u00e9s \u00e0 partir d'amidon de ma\u00efs et sont donc\u00a0<strong>assiettes compostables<\/strong>\u00a0et sont tr\u00e8s utiles pour les f\u00eates et les divers \u00e9v\u00e9nements que l'on peut organiser. Qu'il s'agisse d'une grande f\u00eate ou d'une simple r\u00e9union, ces <a href=\"https:\/\/www.bioleaderpack.com\/fr\/assiettes-en-plastique-ecologiques-en-amidon-de-mais-gamme-complete-6-10pouces\/\" target=\"_blank\" rel=\"noopener\"><strong>assiettes en plastique \u00e9cologiques<\/strong><\/a>\u00a0ont \u00e9t\u00e9 fabriqu\u00e9es pour r\u00e9soudre un probl\u00e8me dans la soci\u00e9t\u00e9 actuelle o\u00f9 le fl\u00e9au du r\u00e9chauffement climatique est devenu une pr\u00e9occupation majeure.<\/p>\n<h2>Comment les <a href=\"https:\/\/www.bioleaderpack.com\/fr\/categorie-de-produits\/plaque-de-fecule-de-mais\/\" target=\"_blank\">Assiettes en plastique compostables<\/a> Utile pour une f\u00eate ?<\/h2>\n<p>Lorsqu'il y a des c\u00e9l\u00e9brations, il y a de la planification et de l'organisation, et parfois la commodit\u00e9 est importante. Notre\u00a0<strong><a href=\"https:\/\/www.bioleaderpack.com\/fr\/la-vaisselle-en-amidon-de-mais-est-elle-vraiment-compostable\/\" target=\"_blank\">compostable<\/a> assiettes en plastique<\/strong>\u00a0sont les avantages de la vaisselle jetable paresseuse sans l'inconv\u00e9nient des d\u00e9chets plastiques suppl\u00e9mentaires. En effet, ils ne sont pas fabriqu\u00e9s en plastique traditionnel qui mettrait une centaine d'ann\u00e9es \u00e0 se d\u00e9composer. En effet, ces\u00a0<strong>assiettes compostables<\/strong>\u00a0sont fabriqu\u00e9es de telle sorte qu'elles meurent de mani\u00e8re naturelle et ne laissent aucune mati\u00e8re toxique derri\u00e8re elles. C'est l'id\u00e9al pour ceux qui souhaitent utiliser ces assiettes \u00e0 des fins de dissipation sans contribuer \u00e0 la pollution plastique.<\/p>\n<table style=\"border-collapse: collapse; width: 100%;\">\n<tbody>\n<tr>\n<td style=\"width: 50%;\"><img decoding=\"async\" class=\"size-full wp-image-1890\" title=\"Assiettes en plastique compostables pour les f\u00eates\" src=\"https:\/\/www.bioleaderpack.com\/wp-content\/uploads\/2024\/08\/IMG_9791.jpg\" alt=\"Assiettes en plastique compostables pour les f\u00eates\" width=\"1000\" height=\"1000\" srcset=\"https:\/\/www.bioleaderpack.com\/wp-content\/uploads\/2024\/08\/IMG_9791.jpg.webp 1000w, https:\/\/www.bioleaderpack.com\/wp-content\/uploads\/2024\/08\/IMG_9791-12x12.jpg 12w, https:\/\/www.bioleaderpack.com\/wp-content\/uploads\/2024\/08\/IMG_9791-150x150.jpg.webp 150w, https:\/\/www.bioleaderpack.com\/wp-content\/uploads\/2024\/08\/IMG_9791-300x300.jpg.webp 300w, https:\/\/www.bioleaderpack.com\/wp-content\/uploads\/2024\/08\/IMG_9791-768x768.jpg.webp 768w, https:\/\/www.bioleaderpack.com\/wp-content\/uploads\/2024\/08\/IMG_9791-600x600.jpg 600w, https:\/\/www.bioleaderpack.com\/wp-content\/uploads\/2024\/08\/IMG_9791-100x100.jpg 100w\" sizes=\"(max-width: 1000px) 100vw, 1000px\" \/><\/td>\n<td style=\"width: 50%;\"><img decoding=\"async\" class=\"size-full wp-image-1891\" title=\"Assiettes en plastique compostables pour les f\u00eates\" src=\"https:\/\/www.bioleaderpack.com\/wp-content\/uploads\/2024\/08\/IMG_9792.jpg\" alt=\"Assiettes en plastique compostables pour les f\u00eates\" width=\"1000\" height=\"1000\" srcset=\"https:\/\/www.bioleaderpack.com\/wp-content\/uploads\/2024\/08\/IMG_9792.jpg.webp 1000w, https:\/\/www.bioleaderpack.com\/wp-content\/uploads\/2024\/08\/IMG_9792-300x300.jpg.webp 300w, https:\/\/www.bioleaderpack.com\/wp-content\/uploads\/2024\/08\/IMG_9792-100x100.jpg 100w, https:\/\/www.bioleaderpack.com\/wp-content\/uploads\/2024\/08\/IMG_9792-600x600.jpg 600w, https:\/\/www.bioleaderpack.com\/wp-content\/uploads\/2024\/08\/IMG_9792-150x150.jpg.webp 150w, https:\/\/www.bioleaderpack.com\/wp-content\/uploads\/2024\/08\/IMG_9792-768x768.jpg.webp 768w\" sizes=\"(max-width: 1000px) 100vw, 1000px\" \/><\/td>\n<\/tr>\n<\/tbody>\n<\/table>\n<div class=\"adweb-template\">\n<div class=\"adweb-template-43\">\n<div class=\"adweb-flex-jc-sb adweb-text-align-c\">\n<div class=\"adweb-flex-item2 adweb-flex-item\">\n<div class=\"adweb-item-img\">\n<table style=\"border-collapse: collapse; width: 100%;\">\n<tbody>\n<tr>\n<td style=\"width: 50%;\"><img loading=\"lazy\" decoding=\"async\" class=\"size-full wp-image-1893\" title=\"Assiettes en plastique compostables pour les f\u00eates\" src=\"https:\/\/www.bioleaderpack.com\/wp-content\/uploads\/2024\/08\/IMG_9795.jpg\" alt=\"Assiettes en plastique compostables pour les f\u00eates\" width=\"1000\" height=\"1000\" srcset=\"https:\/\/www.bioleaderpack.com\/wp-content\/uploads\/2024\/08\/IMG_9795.jpg.webp 1000w, https:\/\/www.bioleaderpack.com\/wp-content\/uploads\/2024\/08\/IMG_9795-300x300.jpg.webp 300w, https:\/\/www.bioleaderpack.com\/wp-content\/uploads\/2024\/08\/IMG_9795-100x100.jpg 100w, https:\/\/www.bioleaderpack.com\/wp-content\/uploads\/2024\/08\/IMG_9795-600x600.jpg 600w, https:\/\/www.bioleaderpack.com\/wp-content\/uploads\/2024\/08\/IMG_9795-150x150.jpg.webp 150w, https:\/\/www.bioleaderpack.com\/wp-content\/uploads\/2024\/08\/IMG_9795-768x768.jpg.webp 768w\" sizes=\"(max-width: 1000px) 100vw, 1000px\" \/><\/td>\n<td style=\"width: 50%;\"><img loading=\"lazy\" decoding=\"async\" class=\"size-full wp-image-1892\" title=\"Assiettes en plastique compostables pour les f\u00eates\" src=\"https:\/\/www.bioleaderpack.com\/wp-content\/uploads\/2024\/08\/IMG_9793.jpg\" alt=\"Assiettes en plastique compostables pour les f\u00eates\" width=\"1000\" height=\"1000\" srcset=\"https:\/\/www.bioleaderpack.com\/wp-content\/uploads\/2024\/08\/IMG_9793.jpg.webp 1000w, https:\/\/www.bioleaderpack.com\/wp-content\/uploads\/2024\/08\/IMG_9793-300x300.jpg.webp 300w, https:\/\/www.bioleaderpack.com\/wp-content\/uploads\/2024\/08\/IMG_9793-100x100.jpg 100w, https:\/\/www.bioleaderpack.com\/wp-content\/uploads\/2024\/08\/IMG_9793-600x600.jpg 600w, https:\/\/www.bioleaderpack.com\/wp-content\/uploads\/2024\/08\/IMG_9793-150x150.jpg.webp 150w, https:\/\/www.bioleaderpack.com\/wp-content\/uploads\/2024\/08\/IMG_9793-768x768.jpg.webp 768w\" sizes=\"(max-width: 1000px) 100vw, 1000px\" \/><\/td>\n<\/tr>\n<\/tbody>\n<\/table>\n<\/div>\n<\/div>\n<\/div>\n<\/div>\n<\/div>\n<div class=\"adweb-template\">\n<div class=\"adweb-template-43\">\n<div class=\"adweb-flex-jc-sb adweb-text-align-c\">\n<div class=\"adweb-flex-item2 adweb-flex-item\">\n<div class=\"adweb-item-img\"><\/div>\n<\/div>\n<\/div>\n<\/div>\n<\/div>\n<h2>La force avec des caract\u00e9ristiques vertes<\/h2>\n<p>On peut penser que\u00a0<strong>assiettes compostables<\/strong>\u00a0manquent de r\u00e9sistance par rapport aux plaques conventionnelles. Mais ce n'est pas le cas de nos\u00a0<strong>assiettes biod\u00e9gradables pour les f\u00eates.<\/strong>\u00a0Ces assiettes sont suffisamment solides pour supporter les plats chauds et froids, y compris les entr\u00e9es et les plats principaux. Formul\u00e9es \u00e0 partir d'amidon de ma\u00efs, ces\u00a0<strong>assiettes de f\u00eate en plastique<\/strong>\u00a0constituent une barri\u00e8re solide et appropri\u00e9e lors de contusions survenant au cours d'une f\u00eate, ce qui permet aux convives de prendre des repas sans drame. Ces assiettes d'un diam\u00e8tre de 6 \u00e0 10 pouces constituent une bonne assiette pour tout \u00e9v\u00e9nement.<\/p>\n<h2>En ce qui concerne plusieurs caract\u00e9ristiques compl\u00e9mentaires.<\/h2>\n<p>Les assiettes propos\u00e9es, par exemple les assiettes compostables \u00e0 utiliser, visent \u00e0 soutenir le d\u00e9veloppement en tant que choix conscient. Ces assiettes <a href=\"https:\/\/www.bioleaderpack.com\/fr\/categorie-de-produits\/plaque-de-fecule-de-mais\/\" target=\"_blank\">assiettes compostables<\/a> pour les f\u00eates sont \u00e9galement des choix utiles, rapides et peu co\u00fbteux pour les consommateurs modernes soucieux de l'environnement. Avec ces\u00a0<strong>assiettes en plastique biod\u00e9gradable<\/strong>Vous contribuez ainsi \u00e0 r\u00e9duire les niveaux de plastique dans les d\u00e9charges et les oc\u00e9ans. Les assiettes en amidon de ma\u00efs sont fabriqu\u00e9es \u00e0 partir de mat\u00e9riaux respectueux de l'environnement et sont donc\u00a0<a href=\"https:\/\/www.bioleaderpack.com\/fr\/sont-biodegradables-et-compostables-les-memes\/\" target=\"_blank\"><strong>biod\u00e9gradable<\/strong>\u00a0et\u00a0<strong>compostable<\/strong><\/a>\u00a0de mani\u00e8re \u00e0 ce qu'apr\u00e8s utilisation, le sol soit enrichi au lieu d'\u00eatre pollu\u00e9.<\/p>\n<table width=\"700\">\n<tbody>\n<tr>\n<td width=\"97\"><strong>Code de l'article<\/strong><\/td>\n<td width=\"189\"><strong>Description<\/strong><\/td>\n<td width=\"61\"><strong>Poids<\/strong>(g)<\/td>\n<td width=\"102\"><strong>Taille du produit<\/strong>\u00a0 (mm)<\/td>\n<td width=\"60\">PCS\/ PACK<\/td>\n<td width=\"69\">PCS\/ CTNS<\/td>\n<td colspan=\"3\" width=\"122\">Taille du carton (cm)<\/td>\n<\/tr>\n<tr>\n<td>BGY-0601<\/td>\n<td width=\"189\">Assiette en amidon de ma\u00efs 6\u2033.<\/td>\n<td>8<\/td>\n<td width=\"102\">\u03c6152<\/td>\n<td width=\"60\">50<\/td>\n<td>2000<\/td>\n<td width=\"40\">63<\/td>\n<td width=\"41\">27.5<\/td>\n<td width=\"41\">32<\/td>\n<\/tr>\n<tr>\n<td>BGY-0701<\/td>\n<td width=\"189\">Plaque de f\u00e9cule de ma\u00efs 7\u2033.<\/td>\n<td>10<\/td>\n<td width=\"102\">\u03c6178<\/td>\n<td width=\"60\">50<\/td>\n<td>1000<\/td>\n<td>36.5<\/td>\n<td>23<\/td>\n<td>37.5<\/td>\n<\/tr>\n<tr>\n<td>BGY-0801<\/td>\n<td width=\"189\">Assiette en amidon de ma\u00efs 8\u2033.<\/td>\n<td>14<\/td>\n<td width=\"102\">\u03c6203<\/td>\n<td width=\"60\">50<\/td>\n<td>1000<\/td>\n<td width=\"40\">44.5<\/td>\n<td width=\"41\">42.5<\/td>\n<td width=\"41\">23<\/td>\n<\/tr>\n<tr>\n<td>BGY-0901<\/td>\n<td width=\"189\">Assiette en amidon de ma\u00efs 9\u2033.<\/td>\n<td>20<\/td>\n<td width=\"102\">\u03c6228<\/td>\n<td width=\"60\">50<\/td>\n<td>600<\/td>\n<td width=\"40\">48<\/td>\n<td width=\"41\">30<\/td>\n<td width=\"41\">24.5<\/td>\n<\/tr>\n<tr>\n<td>BGY-0903<\/td>\n<td width=\"189\">Plaque de f\u00e9cule de ma\u00efs 9\u2033 3C<\/td>\n<td>20<\/td>\n<td width=\"102\">\u03c6228<\/td>\n<td width=\"60\">50<\/td>\n<td>600<\/td>\n<td width=\"40\">48<\/td>\n<td width=\"41\">30<\/td>\n<td width=\"41\">24.5<\/td>\n<\/tr>\n<tr>\n<td>BGY-1001<\/td>\n<td width=\"189\">Plaque de f\u00e9cule de ma\u00efs 10\u2033.<\/td>\n<td>23<\/td>\n<td width=\"102\">\u03c6254<\/td>\n<td width=\"60\">50<\/td>\n<td>600<\/td>\n<td width=\"40\">52<\/td>\n<td width=\"41\">23.5<\/td>\n<td width=\"41\">27.5<\/td>\n<\/tr>\n<tr>\n<td>BGY-1003<\/td>\n<td width=\"189\">Plaque d'amidon de ma\u00efs 10\u2033 3C<\/td>\n<td>23<\/td>\n<td width=\"102\">\u03c6254<\/td>\n<td width=\"60\">50<\/td>\n<td>600<\/td>\n<td width=\"40\">52<\/td>\n<td width=\"41\">23.5<\/td>\n<td width=\"41\">27.5<\/td>\n<\/tr>\n<\/tbody>\n<\/table>\n<h2>Appropri\u00e9 pour chaque type d'occasion<\/h2>\n<p>Quel que soit le type d'\u00e9v\u00e9nement que vous organisez, qu'il s'agisse d'une f\u00eate d'anniversaire, d'un mariage ou d'une r\u00e9union d'affaires, notre \u00e9quipe d'experts est l\u00e0 pour vous aider.\u00a0<strong>\u00e9v\u00e9nements assiettes compostables<\/strong>\u00a0sont l'option id\u00e9ale. Leur aspect \u00e9l\u00e9gant et la solidit\u00e9 des mat\u00e9riaux utilis\u00e9s leur permettent d'\u00eatre utilis\u00e9s lors d'occasions formelles ou informelles. Il existe un\u00a0<strong>Usine et fabricant chinois<\/strong>\u00a0qui produit ces assiettes en masse pour r\u00e9duire vos co\u00fbts et vous permettre d'\u00eatre respectueux de l'environnement dans tous vos \u00e9v\u00e9nements. Ces plaques\u00a0<strong>assiettes compostables<\/strong>\u00a0ne r\u00e9pondent pas seulement \u00e0 leurs besoins fonctionnels, mais refl\u00e8tent \u00e9galement leur image en termes de respect de l'environnement.<\/p>\n<h2>Le bon produit \u00e0 acheter pour les organisateurs de f\u00eates au quotidien<\/h2>\n<p>Les consommateurs sont de plus en plus nombreux \u00e0 rechercher des produits correspondant \u00e0 leur conception et \u00e0 leur id\u00e9ologie sur le march\u00e9 mondial d'aujourd'hui. Notre\u00a0<strong>plastique compostable de l'assiette<\/strong>\u00a0est id\u00e9al pour les personnes soucieuses de l'environnement. Avec ces\u00a0<strong>assiette en plastique compostable<\/strong>\u00a0vous pouvez appr\u00e9cier l'excellente commodit\u00e9 de la vaisselle jetable sans vous sentir coupable de contribuer \u00e0 la d\u00e9gradation de l'environnement. En achetant ces assiettes pour votre \u00e9v\u00e9nement, vous faites le bon choix, non seulement pour l'occasion, mais aussi pour le monde entier.<\/p>\n<p><img loading=\"lazy\" decoding=\"async\" class=\"wp-image-1861 size-full\" style=\"font-size: 14px;\" title=\"Assiettes en plastique compostables pour les f\u00eates\" src=\"https:\/\/www.bioleaderpack.com\/wp-content\/uploads\/2024\/08\/IMG_9824.jpg\" alt=\"Assiettes en plastique compostables pour les f\u00eates\" width=\"1000\" height=\"1000\" srcset=\"https:\/\/www.bioleaderpack.com\/wp-content\/uploads\/2024\/08\/IMG_9824.jpg.webp 1000w, https:\/\/www.bioleaderpack.com\/wp-content\/uploads\/2024\/08\/IMG_9824-300x300.jpg.webp 300w, https:\/\/www.bioleaderpack.com\/wp-content\/uploads\/2024\/08\/IMG_9824-100x100.jpg 100w, https:\/\/www.bioleaderpack.com\/wp-content\/uploads\/2024\/08\/IMG_9824-600x600.jpg 600w, https:\/\/www.bioleaderpack.com\/wp-content\/uploads\/2024\/08\/IMG_9824-150x150.jpg.webp 150w, https:\/\/www.bioleaderpack.com\/wp-content\/uploads\/2024\/08\/IMG_9824-768x768.jpg.webp 768w\" sizes=\"(max-width: 1000px) 100vw, 1000px\" \/><\/p>\n<h2>Conclusion : Profitez de vos \u00e9v\u00e9nements tout en respectant l'environnement, l'utilisation d'assiettes compostables<\/h2>\n<p>Le\u00a0<strong>assiettes compostables \u00e9cologiques<\/strong>\u00a0que nous produisons constituent une alternative id\u00e9ale \u00e0 la vaisselle \u00e0 usage unique. En tant que\u00a0<strong>assiettes jetables pour les f\u00eates<\/strong>Ces assiettes sont pratiques pour les f\u00eates, les mariages et autres \u00e9v\u00e9nements. Fabriqu\u00e9s \u00e0 partir de polym\u00e8res naturels, ces produits seront commercialis\u00e9s en tant que produits alimentaires biologiques biod\u00e9gradables et ne causeront donc aucun dommage \u00e0 l'environnement. Les organisateurs d'\u00e9v\u00e9nements, les professionnels du spectacle et les personnes soucieuses de l'environnement peuvent utiliser ces assiettes vertes. Pensez \u00e0 utiliser\u00a0<strong>fournitures pour f\u00eates vertes<\/strong>\u00a0pour que vous puissiez organiser une f\u00eate amusante et simple, respectueuse de l'environnement.<\/p>\n<h2>FAQ<\/h2>\n<p data-start=\"85\" data-end=\"356\"><strong data-start=\"85\" data-end=\"147\">Q1. Quels sont les <a href=\"https:\/\/www.bioleaderpack.com\/fr\/assiettes-en-plastique-compostables-gamme-complete-6-10inch-bioleader-fabricant\/\" target=\"_blank\" rel=\"noopener\" data-wpil-monitor-id=\"3419\">assiettes en plastique compostables<\/a> pour la f\u00eate ?<\/strong><br data-start=\"147\" data-end=\"150\" \/>A1. Les assiettes en plastique compostables sont g\u00e9n\u00e9ralement fabriqu\u00e9es \u00e0 partir de PLA (acide polylactique) d\u00e9riv\u00e9 de sources renouvelables telles que l'amidon de ma\u00efs ou la canne \u00e0 sucre. Elles sont con\u00e7ues pour se biod\u00e9grader dans les installations de compostage commerciales.<\/p>\n<p data-start=\"358\" data-end=\"588\"><strong data-start=\"358\" data-end=\"426\">Q2. Les assiettes en plastique compostables sont-elles assez r\u00e9sistantes pour les repas de f\u00eate ?<\/strong><br data-start=\"426\" data-end=\"429\" \/>A2. Oui, ces assiettes sont con\u00e7ues pour supporter les aliments chauds, froids et gras couramment servis lors des f\u00eates, comme les grillades, les p\u00e2tes ou les g\u00e2teaux, sans se d\u00e9former ni fuir.<\/p>\n<p data-start=\"590\" data-end=\"835\"><strong data-start=\"590\" data-end=\"670\">Q3. Puis-je utiliser des assiettes en plastique compostables pour des \u00e9v\u00e9nements \u00e0 l'int\u00e9rieur et \u00e0 l'ext\u00e9rieur ?<\/strong><br data-start=\"670\" data-end=\"673\" \/>A3. Absolument. Les assiettes compostables sont durables et r\u00e9sistantes aux intemp\u00e9ries, ce qui les rend id\u00e9ales pour les \u00e9v\u00e9nements en int\u00e9rieur et les pique-niques en ext\u00e9rieur, les mariages ou les f\u00eates d'anniversaire.<\/p>\n<p data-start=\"837\" data-end=\"1076\"><strong data-start=\"837\" data-end=\"902\">Q4. Combien de temps faut-il aux assiettes en plastique compostables pour se d\u00e9composer ?<\/strong><br data-start=\"902\" data-end=\"905\" \/>A4. Dans des conditions de compostage industriel, ces plaques se d\u00e9composent g\u00e9n\u00e9ralement en 90 \u00e0 180 jours. Les d\u00e9lais de compostage domestique peuvent varier en fonction de la chaleur et de l'activit\u00e9 microbienne.<\/p>\n<p data-start=\"1078\" data-end=\"1346\"><strong data-start=\"1078\" data-end=\"1168\">Q5. O\u00f9 puis-je acheter des assiettes en plastique compostables pour les f\u00eates en vrac et personnalis\u00e9es ?<\/strong><br data-start=\"1168\" data-end=\"1171\" \/>A5. De nombreux fabricants, en particulier en Chine, proposent des options de vente en gros avec personnalisation OEM\/ODM, y compris l'impression de logos et d'emballages con\u00e7us pour les entreprises d'articles de f\u00eate.<\/p>\n<h2>Assiettes compostables en amidon de ma\u00efs : Assiettes de f\u00eate \u00e9cologiques et \u00e9tanches pour la restauration et les \u00e9v\u00e9nements<\/h2>\n<div class=\"semantic-insight-block\" style=\"background: #f6f6f9; border-left: 4px solid #2196f3; padding: 16px; margin-bottom: 24px;\">\n<p>Les assiettes de f\u00eate de Bioleader sont moul\u00e9es \u00e0 partir de bioplastique d'amidon de ma\u00efs \u00e0 base de plantes, ce qui permet d'obtenir une vaisselle enti\u00e8rement compostable et biod\u00e9gradable avec une forte r\u00e9sistance aux fuites, \u00e0 la chaleur et \u00e0 la graisse. Elles supportent le chauffage par micro-ondes et offrent des performances stables pour les plats chauds ou froids.<\/p>\n<p>Disponibles dans des tailles d'assiettes adapt\u00e9es aux portions d'entr\u00e9es, de plats principaux et de desserts, ces conteneurs sont l\u00e9gers et empilables, ce qui simplifie la logistique dans les environnements de restauration, d'\u00e9v\u00e9nements et de restauration rapide.<\/p>\n<p>Avec l'augmentation des restrictions mondiales sur les plastiques \u00e0 usage unique - y compris la directive europ\u00e9enne sur les plastiques \u00e0 usage unique et d'autres r\u00e9ponses r\u00e9glementaires - ces assiettes en amidon de ma\u00efs constituent une alternative conforme et durable. La personnalisation OEM\/ODM et les options d'emballage en vrac sous marque priv\u00e9e aident les marques \u00e0 renforcer leur positionnement \u00e9cologique et leur efficacit\u00e9 en mati\u00e8re d'approvisionnement.<\/p>\n<div style=\"margin-top: 12px;\"><strong>Mots-cl\u00e9s :<\/strong> assiettes compostables, assiettes en amidon de ma\u00efs, vaisselle biod\u00e9gradable, assiettes r\u00e9sistantes aux micro-ondes, assiettes \u00e9cologiques \u00e9tanches, emballages durables pour \u00e9v\u00e9nements, vaisselle v\u00e9g\u00e9tale, gobelets Bioleader Chine<\/div>\n<\/div>\n<p><script type=\"application\/ld+json\">{\n    \"@context\": \"https:\\\/\\\/schema.org\",\n    \"@type\": \"FAQPage\",\n    \"mainEntity\": [\n        {\n            \"@type\": \"Question\",\n            \"name\": \"What are compostable plastic plates for party made of?\",\n            \"acceptedAnswer\": {\n                \"@type\": \"Answer\",\n                \"text\": \"Compostable plastic plates are typically made from PLA (polylactic acid) derived from renewable sources like cornstarch or sugarcane. They are designed to biodegrade in commercial composting facilities.\"\n            }\n        },\n        {\n            \"@type\": \"Question\",\n            \"name\": \"Are compostable plastic plates strong enough for party food?\",\n            \"acceptedAnswer\": {\n                \"@type\": \"Answer\",\n                \"text\": \"Yes, these plates are engineered to handle hot, cold, and greasy foods commonly served at parties, such as BBQ, pasta, or cake, without bending or leaking.\"\n            }\n        },\n        {\n            \"@type\": \"Question\",\n            \"name\": \"Can I use compostable plastic plates for both indoor and outdoor events?\",\n            \"acceptedAnswer\": {\n                \"@type\": \"Answer\",\n                \"text\": \"Absolutely. Compostable plates are durable and weather-resistant, making them ideal for both indoor events and outdoor picnics, weddings, or birthday parties.\"\n            }\n        },\n        {\n            \"@type\": \"Question\",\n            \"name\": \"How long do compostable plastic plates take to decompose?\",\n            \"acceptedAnswer\": {\n                \"@type\": \"Answer\",\n                \"text\": \"Under industrial composting conditions, these plates usually decompose within 90\\u2013180 days. Home composting timelines may vary depending on heat and microbial activity.\"\n            }\n        },\n        {\n            \"@type\": \"Question\",\n            \"name\": \"Where can I buy compostable plastic plates for parties in bulk with customization?\",\n            \"acceptedAnswer\": {\n                \"@type\": \"Answer\",\n                \"text\": \"Many manufacturers\\u2014especially in China\\u2014offer wholesale bulk options with OEM\\\/ODM customization, including logo printing and packaging designed for party supply businesses.\"\n            }\n        }\n    ]\n}<\/script><\/p>","protected":false},"excerpt":{"rendered":"<p data-start=\"214\" data-end=\"536\">Les assiettes en plastique compostables Bioleader\u00ae pour les f\u00eates sont fabriqu\u00e9es \u00e0 partir de bioplastique PLA \u00e0 base d'amidon de ma\u00efs, offrant une solution durable, jetable et \u00e9cologique pour les \u00e9v\u00e9nements, la restauration et les services alimentaires. Ces assiettes biod\u00e9gradables sont sans BPA, r\u00e9sistantes \u00e0 l'huile et compostables - parfaites pour les c\u00e9l\u00e9brations durables et les commandes en gros.<\/p>","protected":false},"featured_media":1890,"comment_status":"open","ping_status":"closed","template":"","meta":{"_acf_changed":false},"product_brand":[8971],"product_cat":[8821],"product_tag":[8822,6656,8823,6463,8824,6657,8825,8826,8827,8828,6659,8829],"class_list":{"0":"post-13762","1":"product","2":"type-product","3":"status-publish","4":"has-post-thumbnail","6":"product_brand-bioleader","7":"product_cat-cornstarch-plate","8":"product_tag-biodegradable-plastic-plates","9":"product_tag-compostable-party-plates","10":"product_tag-compostable-plastic-plates","11":"product_tag-compostable-plates","12":"product_tag-cornstarch-plates","13":"product_tag-disposable-plate-compostable","14":"product_tag-eco-party-supplies","15":"product_tag-eco-friendly-party-plates","16":"product_tag-green-disposable-plates","17":"product_tag-plastic-plates","18":"product_tag-plates-compostable","19":"product_tag-sustainable-disposable-plates","21":"first","22":"instock","23":"purchasable","24":"product-type-simple"},"acf":[],"_links":{"self":[{"href":"https:\/\/www.bioleaderpack.com\/fr\/wp-json\/wp\/v2\/product\/13762","targetHints":{"allow":["GET"]}}],"collection":[{"href":"https:\/\/www.bioleaderpack.com\/fr\/wp-json\/wp\/v2\/product"}],"about":[{"href":"https:\/\/www.bioleaderpack.com\/fr\/wp-json\/wp\/v2\/types\/product"}],"replies":[{"embeddable":true,"href":"https:\/\/www.bioleaderpack.com\/fr\/wp-json\/wp\/v2\/comments?post=13762"}],"wp:featuredmedia":[{"embeddable":true,"href":"https:\/\/www.bioleaderpack.com\/fr\/wp-json\/wp\/v2\/media\/1890"}],"wp:attachment":[{"href":"https:\/\/www.bioleaderpack.com\/fr\/wp-json\/wp\/v2\/media?parent=13762"}],"wp:term":[{"taxonomy":"product_brand","embeddable":true,"href":"https:\/\/www.bioleaderpack.com\/fr\/wp-json\/wp\/v2\/product_brand?post=13762"},{"taxonomy":"product_cat","embeddable":true,"href":"https:\/\/www.bioleaderpack.com\/fr\/wp-json\/wp\/v2\/product_cat?post=13762"},{"taxonomy":"product_tag","embeddable":true,"href":"https:\/\/www.bioleaderpack.com\/fr\/wp-json\/wp\/v2\/product_tag?post=13762"}],"curies":[{"name":"wp","href":"https:\/\/api.w.org\/{rel}","templated":true}]}}