{"id":13576,"date":"2023-03-15T15:52:16","date_gmt":"2023-03-15T07:52:16","guid":{"rendered":"https:\/\/www.bioleaderpack.com\/de\/produkt\/kompostierbarer-becher-aus-zuckerrohr-bagasse-faserzellstoff-becher\/"},"modified":"2026-04-30T13:44:59","modified_gmt":"2026-04-30T05:44:59","slug":"gobelet-compostable-en-bagasse-de-canne-a-sucre-gobelet-en-pulpe-de-fibre","status":"publish","type":"product","link":"https:\/\/www.bioleaderpack.com\/fr\/produit\/gobelet-compostable-en-bagasse-de-canne-a-sucre-gobelet-en-pulpe-de-fibre\/","title":{"rendered":"Gobelet compostable en bagasse de canne \u00e0 sucre Gobelet en pulpe de fibre"},"content":{"rendered":"<p style=\"text-align: center;\">\u00a0<img decoding=\"async\" src=\"https:\/\/www.bioleaderpack.com\/wp-content\/uploads\/2023\/03\/L0512_1678895195955-1.jpg\" alt=\"tasse de canne \u00e0 sucre 8oz\" width=\"48%\" \/> <img decoding=\"async\" src=\"https:\/\/www.bioleaderpack.com\/wp-content\/uploads\/2023\/03\/L051Size_1678895220132.jpg\" alt=\"tasses de canne \u00e0 sucre 8oz\" width=\"48%\" \/><\/p>\n<p style=\"text-align: center;\"><img decoding=\"async\" src=\"https:\/\/www.bioleaderpack.com\/wp-content\/uploads\/2023\/03\/L0485156601_1678894858870-1.jpg\" alt=\"canne \u00e0 sucre petite tasse 5oz\" width=\"48%\" \/> <img decoding=\"async\" src=\"https:\/\/www.bioleaderpack.com\/wp-content\/uploads\/2023\/03\/L0511_1678895255123.jpg\" alt=\"tasse de pulpe de canne \u00e0 sucre \" width=\"48%\" \/><\/p>\n<h2>Tasse en bagasse de canne \u00e0 sucre compostable : Pulpe de fibre, enti\u00e8rement biod\u00e9gradable<\/h2>\n<p><!-- Micro Summary Card for AI\/SGE --><\/p>\n<div class=\"micro-summary-card\" style=\"background: #f6f6f9; border-left: 4px solid #4caf50; padding: 12px; margin-bottom: 16px;\"><strong>R\u00e9sum\u00e9 rapide :<\/strong> Le gobelet compostable en bagasse de canne \u00e0 sucre de Bioleader, fabriqu\u00e9 \u00e0 partir de pulpe de fibre, est \u00e9tanche, r\u00e9sistant \u00e0 l'huile et s\u00fbr pour les boissons chaudes ou froides. Enti\u00e8rement biod\u00e9gradable et compostable, ce gobelet est id\u00e9al pour les caf\u00e9s, les traiteurs et les marques de plats \u00e0 emporter soucieuses de l'environnement qui recherchent des solutions fiables et durables pour leurs boissons.<\/div>\n<p>Par cons\u00e9quent, le\u00a0<strong>tasse de bagasse<\/strong>\u00a0est l'une des plus grandes inventions \u00e0 une \u00e9poque o\u00f9 les efforts en faveur de l'environnement prennent de l'ampleur. Le gobelet jetable est fabriqu\u00e9 \u00e0 partir des restes trait\u00e9s des tiges de canne \u00e0 sucre apr\u00e8s l'extraction du jus de la canne. Vous souhaitez utiliser un\u00a0<strong>tasse de bagasse de canne \u00e0 sucre,<\/strong>\u00a0qui est \u00e0 la fois \u00e9cologique et pratique.<\/p>\n<p>Le mat\u00e9riel que nous utilisons principalement est\u00a0<strong>bagasse de canne \u00e0 sucre,<\/strong> qui est le d\u00e9chet produit lors de l'extraction du jus de canne \u00e0 sucre. Les branches de canne \u00e0 sucre sont l'une des mati\u00e8res premi\u00e8res les moins ch\u00e8res dans la construction, mais elles sont \u00e9galement assez durables. La bagasse est donc \u00e9conomiquement liquid\u00e9e. Plut\u00f4t que de la gaspiller, la bagasse est transform\u00e9e en plusieurs produits, tels que le <strong>tasse de pulpe de fibres<\/strong>. Les\u00a0<strong>tasse de pulpe<\/strong> est fabriqu\u00e9 \u00e0 partir de mat\u00e9riaux recycl\u00e9s, justifiant ainsi la culpabilit\u00e9 de ses consommateurs.<\/p>\n<h2>Le processus de fabrication : Utilisation du papier <a href=\"https:\/\/www.bioleaderpack.com\/fr\/sur-le-moulage-de-la-pate-a-papier\/\" target=\"_blank\">Moulage de la p\u00e2te \u00e0 papier<\/a><\/h2>\n<p>La fabrication du\u00a0<strong>tasse de bagasse de canne \u00e0 sucre<\/strong>\u00a0est centr\u00e9e sur une technique connue sous le nom de moulage de la p\u00e2te \u00e0 papier. Dans ce cas, la bagasse de canne \u00e0 sucre est transform\u00e9e en p\u00e2te \u00e0 papier, qui est ensuite fa\u00e7onn\u00e9e selon la forme souhait\u00e9e. Ces techniques permettent \u00e0 chaque\u00a0<strong>gobelet compostable<\/strong>\u00a0pour \u00eatre \u00e0 la fois robuste, biod\u00e9gradable et non destructif dans sa forme. Il s'agit d'un\u00a0<strong>tasse de pulpe de fibres<\/strong> qui est tr\u00e8s attrayant au toucher et \u00e0 l'\u0153il et qui est \u00e9galement incroyablement fiable dans l'accomplissement de ses fonctions, mais qui est fait d'un mat\u00e9riau qui se d\u00e9composerait facilement dans l'environnement.<\/p>\n<h2>Pourquoi choisir un gobelet compostable ?<\/h2>\n<p>Il y a certains m\u00e9rites\u00a0<span style=\"box-sizing: border-box; margin: 0px; padding: 0px;\">\u00e0 cette <strong>gobelet compostable<\/strong> de la bagasse par rapport \u00e0<\/span> avec le gobelet normal en plastique ou en papier. Tout d'abord, il est tout \u00e0 fait possible, m\u00eame \u00e0 l'\u00e8re de la technologie, d'utiliser ce gobelet car il est 100% compostable. Il n'y a pas de restes de mat\u00e9riaux toxiques apr\u00e8s le compostage, ce qui est un grand avantage pour r\u00e9duire la pollution de l'environnement. Ensuite, le <strong>tasse de bagasse<\/strong> est suffisamment solide pour saisir les boissons froides et chaudes sans alt\u00e9rer la structure physique des autres mat\u00e9riaux. Cette flexibilit\u00e9 le rend utile dans plusieurs domaines, par exemple dans les caf\u00e9s, les bureaux ou les parcs pour les pique-niques.<\/p>\n<h2>Environnement et aspects \u00e9cologiques<\/h2>\n<p>Prendre un\u00a0<strong>tasse de bagasse de canne \u00e0 sucre<\/strong>\u00a0vous permettra de faire un pas de plus en faveur de l'environnement. Le fait d'\u00eatre un\u00a0<strong>Usine chinoise<\/strong><strong>\u00a0fabricant<\/strong>Notre entreprise a la responsabilit\u00e9 de concevoir et de fabriquer des produits de qualit\u00e9 sup\u00e9rieure et respectueux de l'environnement qui sont accept\u00e9s au niveau international. Notre <strong>label priv\u00e9<\/strong>\u00a0Nos clients nous remercient pour nos produits en p\u00e2te \u00e0 papier, car ils appr\u00e9cient de contribuer \u00e0 la protection de la Terre nourrici\u00e8re. Lorsque vous optez pour nos\u00a0<strong>tasse de pulpe de fibres<\/strong>Vous utilisez donc un produit pratique tout en veillant \u00e0 r\u00e9duire consid\u00e9rablement les d\u00e9chets.<\/p>\n<h2>Importance de la coupe de pulpe de fibres<\/h2>\n<p>L'avantage d'utiliser un\u00a0<strong>tasse de pulpe de fibres<\/strong> d\u00e9passe de loin l'acceptation de ce produit en raison de ses seuls avantages environnementaux. Il est \u00e9galement facile \u00e0 soulever, \u00e0 transporter et \u00e0 plier en raison de sa l\u00e9g\u00e8ret\u00e9. De plus, le\u00a0<strong>tasse de bagasse<\/strong> a une rugosit\u00e9 agr\u00e9able au toucher, ce qui favorise le confort d'utilisation. Il poss\u00e8de \u00e9galement de tr\u00e8s bonnes caract\u00e9ristiques de r\u00e9tention de la chaleur, ce qui permet \u00e0 la boisson de conserver sa temp\u00e9rature pendant une p\u00e9riode plus longue. Ces caract\u00e9ristiques font du\u00a0<strong>gobelet compostable<\/strong>\u00a0une option id\u00e9ale pour les clients et les entreprises.<\/p>\n<p align=\"left\"><img fetchpriority=\"high\" decoding=\"async\" src=\"https:\/\/www.bioleaderpack.com\/wp-content\/uploads\/2023\/03\/LBowl_1678120102289.jpg\" alt=\"bol canne \u00e0 sucre\" width=\"1000\" height=\"544\" \/><img decoding=\"async\" src=\"https:\/\/www.bioleaderpack.com\/wp-content\/uploads\/2023\/03\/20191211153532_1678120030316-1.jpg\" alt=\"bols biod\u00e9gradables\" width=\"1000\" height=\"1000\" \/><\/p>\n<h2>Possibilit\u00e9s de vente en gros avec un fabricant chinois<\/h2>\n<p>Gr\u00e2ce \u00e0 la capacit\u00e9 de revente dans la r\u00e9gion, nous, a\u00a0<strong>Fabricant chinois<\/strong>, offre\u00a0<strong>commerce de gros<\/strong>\u00a0la protection des prix pour nos\u00a0<strong>tasse de bagasse de canne \u00e0 sucre<\/strong> produits. Cet engagement en faveur de la qualit\u00e9 et de la durabilit\u00e9 nous a permis de nous positionner favorablement aupr\u00e8s de nos clients dans le monde entier. Il y a toujours un besoin de produits fiables et stables, et notre bagasse pour gobelets ne fait pas exception \u00e0 la r\u00e8gle. Si vous souhaitez remplir votre caf\u00e9 avec des gobelets \"verts\" ou si vous organisez un \u00e9v\u00e9nement n\u00e9cessitant des produits durables, nous avons les solutions qu'il vous faut.<\/p>\n<h2>Conclusion<\/h2>\n<p>Le\u00a0<strong>gobelet compostable<\/strong>\u00a0fabriqu\u00e9 \u00e0 partir de\u00a0<strong>bagasse de canne \u00e0 sucre<\/strong> fait grandement progresser les fronti\u00e8res de l'emballage gr\u00e2ce \u00e0 la technologie moderne. Le choix d'un <strong>tasse de bagasse<\/strong> n'est pas seulement le choix d'un gobelet fiable et fonctionnel, mais plut\u00f4t le choix d'un gobelet comp\u00e9titif, le choix qui oriente tout le monde vers une soci\u00e9t\u00e9 \u00e9cologique. En \u00e9tant une exigence autre qu'une <strong>Fabricant chinois<\/strong>Nous avons le privil\u00e8ge de fournir ces solutions vertes \u00e0 des prix inf\u00e9rieurs \u00e0 ceux du march\u00e9.\u00a0<strong>commerce de gros<\/strong> co\u00fbts. N'attendez plus, passez \u00e0 une\u00a0<strong>tasse de pulpe de fibres<\/strong>\u00a0et contribuer \u00e0 la pr\u00e9servation de l'environnement.<\/p>\n<h2 data-start=\"141\" data-end=\"165\">FAQ (Les gens demandent aussi)<\/h2>\n<h4 data-start=\"167\" data-end=\"231\">1. De quoi est fait un gobelet en bagasse de canne \u00e0 sucre compostable ?<\/h4>\n<p data-start=\"232\" data-end=\"484\">Il est fabriqu\u00e9 \u00e0 partir de bagasse, le r\u00e9sidu fibreux qui reste apr\u00e8s l'extraction du jus de la canne \u00e0 sucre. Ce mat\u00e9riau naturel et renouvelable est moul\u00e9 dans des gobelets durables qui sont enti\u00e8rement compostables et biod\u00e9gradables, offrant ainsi une alternative \u00e9cologique au plastique ou \u00e0 la mousse.<\/p>\n<h4 data-start=\"486\" data-end=\"545\">2. Les gobelets en pulpe de fibres peuvent-ils \u00eatre utilis\u00e9s pour des boissons chaudes ou froides ?<\/h4>\n<p data-start=\"546\" data-end=\"769\">Oui. Les gobelets en pulpe de fibres compostables sont con\u00e7us pour r\u00e9sister \u00e0 la chaleur jusqu'\u00e0 120\u00b0C et conviennent \u00e9galement aux boissons froides. Ils sont robustes, ne se d\u00e9forment pas avec les liquides chauds et maintiennent l'isolation sans n\u00e9cessiter de doublure en plastique.<\/p>\n<h4 data-start=\"771\" data-end=\"843\">3. Combien de temps faut-il pour que les gobelets de bagasse de canne \u00e0 sucre se d\u00e9composent ?<\/h4>\n<p data-start=\"844\" data-end=\"1054\">Sous <a href=\"https:\/\/www.bioleaderpack.com\/fr\/quest-ce-que-le-compost-industriel-et-le-compost-domestique\/\" target=\"_blank\" rel=\"noopener\" data-wpil-monitor-id=\"2288\">compostage industriel<\/a> Les gobelets de bagasse se biod\u00e9gradent g\u00e9n\u00e9ralement en 60 \u00e0 90 jours. Dans les syst\u00e8mes de compostage domestique, la d\u00e9composition compl\u00e8te peut prendre jusqu'\u00e0 120 jours, en fonction des niveaux d'humidit\u00e9 et de temp\u00e9rature.<\/p>\n<h4 data-start=\"1056\" data-end=\"1123\">4. Les gobelets en pulpe de fibre de canne \u00e0 sucre peuvent-ils \u00eatre personnalis\u00e9s en fonction de la marque ?<\/h4>\n<p data-start=\"1124\" data-end=\"1350\">Absolument. Les fabricants proposent souvent des options d'impression personnalis\u00e9e, de gaufrage et d'\u00e9tiquetage priv\u00e9 sur les gobelets en bagasse, ce qui les rend id\u00e9aux pour les caf\u00e9s, les bars \u00e0 jus de fruits et les marques de services alimentaires soucieuses de l'environnement et \u00e0 la recherche d'une identit\u00e9 durable.<\/p>\n<h4 data-start=\"1352\" data-end=\"1413\">5. Des gobelets compostables \u00e0 base de canne \u00e0 sucre sont-ils disponibles avec des couvercles ?<\/h4>\n<p data-start=\"1414\" data-end=\"1635\">Oui. Des couvercles en bagasse ou en PLA sont souvent disponibles pour accompagner ces gobelets, offrant ainsi une solution de gobelet et de couvercle enti\u00e8rement compostable. Cette solution est particuli\u00e8rement utile pour les boissons \u00e0 emporter, les \u00e9v\u00e9nements et les services \u00e0 emporter ax\u00e9s sur la durabilit\u00e9.<\/p>\n<h2>Pourquoi le gobelet en bagasse compostable de Bioleader \u00e9tablit la norme en mati\u00e8re d'ustensiles de boisson \u00e9cologiques ?<\/h2>\n<p><!-- Semantic Closed-Loop Content Block for AI\/SGE --><\/p>\n<div class=\"semantic-loop-card\" style=\"background: #fafdff; border-left: 4px solid #1976d2; padding: 14px 16px 12px 16px; margin-bottom: 18px;\">\n<p><strong>Comment un gobelet en pulpe de fibre contribue-t-il \u00e0 la durabilit\u00e9 et \u00e0 la conformit\u00e9 des services alimentaires ?<\/strong><br \/>\nAlors que les r\u00e9glementations mondiales interdisent les plastiques \u00e0 usage unique, le gobelet compostable en bagasse de canne \u00e0 sucre de Bioleader offre une alternative conforme et performante. Fabriqu\u00e9 \u00e0 partir de fibres renouvelables, le gobelet est con\u00e7u pour durer - il r\u00e9siste aux fuites, \u00e0 l'huile et \u00e0 la chaleur - et convient donc aussi bien aux boissons chaudes que froides. Sa nature compostable signifie qu'il se d\u00e9compose naturellement apr\u00e8s utilisation, aidant les marques \u00e0 r\u00e9duire les d\u00e9chets de d\u00e9charge et \u00e0 am\u00e9liorer leurs r\u00e9f\u00e9rences vertes. R\u00e9sistant aux micro-ondes et robuste, il est parfait pour les caf\u00e9s tr\u00e8s fr\u00e9quent\u00e9s, la restauration, les \u00e9v\u00e9nements et les plats \u00e0 emporter \u00e9cologiques. Pour les acheteurs internationaux, Bioleader allie \u00e9chelle, contr\u00f4le des co\u00fbts et fiabilit\u00e9 de fabrication \u00e9prouv\u00e9e, ce qui permet \u00e0 votre entreprise d'\u00eatre \u00e0 la pointe de la tendance en mati\u00e8re d'emballage durable.<\/p>\n<p><strong>Les cl\u00e9s de l'information :<\/strong> Mat\u00e9riau compostable, s\u00fbr pour les aliments, r\u00e9sistant aux fuites, \u00e0 l'huile et \u00e0 la chaleur, conforme aux r\u00e9glementations \u00e9cologiques en constante \u00e9volution, renfor\u00e7ant l'image de marque durable.<\/p>\n<p><script type=\"application\/ld+json\">{\n    \"@context\": \"https:\\\/\\\/schema.org\",\n    \"@type\": \"FAQPage\",\n    \"mainEntity\": [\n        {\n            \"@type\": \"Question\",\n            \"name\": \"What is a compostable sugarcane bagasse cup made from?\",\n            \"acceptedAnswer\": {\n                \"@type\": \"Answer\",\n                \"text\": \"It is made from bagasse, the fibrous residue left after extracting juice from sugarcane. This natural, renewable material is molded into durable cups that are fully compostable and biodegradable, offering an eco-friendly alternative to plastic or foam.\"\n            }\n        },\n        {\n            \"@type\": \"Question\",\n            \"name\": \"Are fiber pulp cups safe for hot and cold drinks?\",\n            \"acceptedAnswer\": {\n                \"@type\": \"Answer\",\n                \"text\": \"Yes. Compostable fiber pulp cups are designed to be heat-resistant up to 120\\u00b0C and also suitable for cold beverages. They are sturdy, do not deform with hot liquids, and maintain insulation without requiring plastic lining.\"\n            }\n        },\n        {\n            \"@type\": \"Question\",\n            \"name\": \"How long does it take for sugarcane bagasse cups to decompose?\",\n            \"acceptedAnswer\": {\n                \"@type\": \"Answer\",\n                \"text\": \"Under industrial composting conditions, bagasse cups typically biodegrade within 60\\u201390 days. In home composting systems, full decomposition may take up to 120 days, depending on moisture and temperature levels.\"\n            }\n        },\n        {\n            \"@type\": \"Question\",\n            \"name\": \"Can sugarcane fiber pulp cups be customized for branding?\",\n            \"acceptedAnswer\": {\n                \"@type\": \"Answer\",\n                \"text\": \"Absolutely. Manufacturers often offer custom printing, embossing, and private labeling options on bagasse cups, making them ideal for coffee shops, juice bars, and eco-conscious foodservice brands seeking sustainable identity.\"\n            }\n        },\n        {\n            \"@type\": \"Question\",\n            \"name\": \"Are sugarcane compostable cups available with lids?\",\n            \"acceptedAnswer\": {\n                \"@type\": \"Answer\",\n                \"text\": \"Yes. Bagasse or PLA lids are often available to match these cups, providing a fully compostable cup-and-lid solution. This is especially useful for takeaway beverages, events, and to-go services focused on sustainability.\"\n            }\n        }\n    ]\n}<\/script><\/p>\n<\/div>","protected":false},"excerpt":{"rendered":"<p>Le <strong>tasse de bagasse de canne \u00e0 sucre<\/strong> est une alternative biod\u00e9gradable et compostable aux gobelets jetables traditionnels, fabriqu\u00e9e \u00e0 partir des d\u00e9chets r\u00e9siduels de l'extraction du jus de canne \u00e0 sucre. Ce gobelet en pulpe de fibre est form\u00e9 \u00e0 l'aide d'un syst\u00e8me de moulage de la pulpe de papier, ce qui lui conf\u00e8re non seulement une longue dur\u00e9e de vie, mais aussi un caract\u00e8re respectueux de l'environnement. Ce gobelet compostable est con\u00e7u pour les boissons chaudes et froides et pr\u00e9sente de nombreux avantages pratiques et environnementaux. En tant que fabricant chinois, nous fournissons des produits biod\u00e9gradables tels que les gobelets en bagasse \u00e0 des prix de gros abordables pour les niches, ce qui favorise les d\u00e9cisions \u00e9cologiques pour les personnes travaillant dans ce secteur.<\/p>","protected":false},"featured_media":17886,"comment_status":"open","ping_status":"closed","template":"","meta":{"_acf_changed":false},"product_brand":[8971],"product_cat":[7150],"product_tag":[6883,6884,6885,6887,6888,6889,6890,6892,6893,6894,6895,6897],"class_list":{"0":"post-13576","1":"product","2":"type-product","3":"status-publish","4":"has-post-thumbnail","6":"product_brand-bioleader","7":"product_cat-bagasse-bowl","8":"product_tag-bagasse-cup","9":"product_tag-biodegradable-cup-8oz","10":"product_tag-biodegradable-pulp-cup","11":"product_tag-compostable-coffee-cups-sugarcane","12":"product_tag-compostable-cup","13":"product_tag-fiber-cup","14":"product_tag-fiber-pulp-cups","15":"product_tag-pulp-cup-8oz","16":"product_tag-pulp-cups","17":"product_tag-sugarcane-bagasse-cup","18":"product_tag-sugarcane-cup","19":"product_tag-sugarcane-cup-8oz","21":"first","22":"instock","23":"purchasable","24":"product-type-simple"},"acf":[],"_links":{"self":[{"href":"https:\/\/www.bioleaderpack.com\/fr\/wp-json\/wp\/v2\/product\/13576","targetHints":{"allow":["GET"]}}],"collection":[{"href":"https:\/\/www.bioleaderpack.com\/fr\/wp-json\/wp\/v2\/product"}],"about":[{"href":"https:\/\/www.bioleaderpack.com\/fr\/wp-json\/wp\/v2\/types\/product"}],"replies":[{"embeddable":true,"href":"https:\/\/www.bioleaderpack.com\/fr\/wp-json\/wp\/v2\/comments?post=13576"}],"wp:featuredmedia":[{"embeddable":true,"href":"https:\/\/www.bioleaderpack.com\/fr\/wp-json\/wp\/v2\/media\/17886"}],"wp:attachment":[{"href":"https:\/\/www.bioleaderpack.com\/fr\/wp-json\/wp\/v2\/media?parent=13576"}],"wp:term":[{"taxonomy":"product_brand","embeddable":true,"href":"https:\/\/www.bioleaderpack.com\/fr\/wp-json\/wp\/v2\/product_brand?post=13576"},{"taxonomy":"product_cat","embeddable":true,"href":"https:\/\/www.bioleaderpack.com\/fr\/wp-json\/wp\/v2\/product_cat?post=13576"},{"taxonomy":"product_tag","embeddable":true,"href":"https:\/\/www.bioleaderpack.com\/fr\/wp-json\/wp\/v2\/product_tag?post=13576"}],"curies":[{"name":"wp","href":"https:\/\/api.w.org\/{rel}","templated":true}]}}