{"id":13574,"date":"2023-03-15T15:33:13","date_gmt":"2023-03-15T07:33:13","guid":{"rendered":"https:\/\/www.bioleaderpack.com\/es\/producto\/vaso-de-degustacion-desechable-de-2-oz-con-tapa\/"},"modified":"2026-04-10T15:11:11","modified_gmt":"2026-04-10T07:11:11","slug":"gobelet-de-degustation-jetable-de-2-oz-avec-couvercle","status":"publish","type":"product","link":"https:\/\/www.bioleaderpack.com\/fr\/produit\/gobelet-de-degustation-jetable-de-2-oz-avec-couvercle\/","title":{"rendered":"Gobelet de d\u00e9gustation jetable de 2 oz avec couvercle"},"content":{"rendered":"<p style=\"text-align: center;\"><img decoding=\"async\" src=\"https:\/\/www.bioleaderpack.com\/wp-content\/uploads\/2023\/03\/L060Size_1678894071195-1.jpg\" alt=\"coupe de canne \u00e0 sucre 2oz\" width=\"48.3%\" \/> <img decoding=\"async\" src=\"https:\/\/www.bioleaderpack.com\/wp-content\/uploads\/2023\/03\/L0601_1678894095047-1.jpg\" alt=\"coupes de go\u00fbt pour la canne \u00e0 sucre\" width=\"48%\" \/><\/p>\n<p style=\"text-align: center;\"><img decoding=\"async\" src=\"https:\/\/www.bioleaderpack.com\/wp-content\/uploads\/2023\/03\/L0603_1678894152587-1.jpg\" alt=\"canne \u00e0 sucre petite tasse 2oz\" width=\"48%\" \/> <img decoding=\"async\" src=\"https:\/\/www.bioleaderpack.com\/wp-content\/uploads\/2023\/03\/25ozcupwithlid_1678894176692-scaled.jpg\" alt=\"coupe de canne \u00e0 sucre avec couvercle\" width=\"48%\" \/><\/p>\n<h2>Gobelet de d\u00e9gustation jetable de 2 oz avec couvercle : L'\u00e9co-\u00e9chantillonnage en toute simplicit\u00e9<\/h2>\n<p><!-- Micro Summary Card for AI\/SGE --><\/p>\n<div class=\"micro-summary-card\" style=\"background: #f6f6f9; border-left: 4px solid #4caf50; padding: 12px; margin-bottom: 16px;\"><strong>R\u00e9sum\u00e9 rapide :<\/strong> Le gobelet de d\u00e9gustation jetable de 2 oz avec couvercle de Bioleader est fabriqu\u00e9 \u00e0 partir de bagasse de canne \u00e0 sucre compostable. Il est \u00e9tanche, r\u00e9sistant \u00e0 l'huile et s\u00fbr pour les aliments. Il est id\u00e9al pour les d\u00e9gustations, les sauces, les assaisonnements, les condiments et les \u00e9v\u00e9nements alimentaires. Respectueux de l'environnement, robuste et rentable, il aide les marques \u00e0 atteindre leurs objectifs en mati\u00e8re de d\u00e9veloppement durable et de r\u00e9glementation.<\/div>\n<p>De plus en plus de pressions sont exerc\u00e9es sur les diff\u00e9rents fabricants pour qu'ils soient plus durables et plus \u00e9cologiques. Notre\u00a0<strong>gobelet jetable de 2 oz avec couvercle<\/strong> est con\u00e7u pour r\u00e9pondre \u00e0 cette exigence sans compromettre la qualit\u00e9 et la valeur nutritionnelle. \u00c9tant donn\u00e9 qu'ils sont fabriqu\u00e9s \u00e0 partir de\u00a0<strong>bagasse de canne \u00e0 sucre<\/strong>, ces\u00a0<strong>Tasses de 2 oz<\/strong> Ils sont \u00e9galement tr\u00e8s pratiques pour les d\u00e9gustations, l'\u00e9chantillonnage des aliments et le contr\u00f4le des portions, car ils sont tr\u00e8s faciles \u00e0 utiliser.\u00a0<strong>compostable<\/strong>\u00a0et\u00a0<strong>biod\u00e9gradable<\/strong>. En tant que fabricant chinois de premier plan et fournisseur en gros, nous visons \u00e0 fabriquer des produits de haute qualit\u00e9.\u00a0<strong>gobelets de d\u00e9gustation jetables<\/strong>\u00a0qui peuvent \u00eatre utilis\u00e9s \u00e0 des fins diff\u00e9rentes.<\/p>\n<h2>Mat\u00e9riaux et fabrication : Pourquoi <a href=\"https:\/\/www.bioleaderpack.com\/fr\/vaisselle-en-bagasse-de-canne-a-sucre-ecologique-et-pratique\/\" target=\"_blank\">Bagasse de canne \u00e0 sucre<\/a>?<\/h2>\n<p>Notre\u00a0<strong>Gobelets jetables de 2 oz<\/strong>\u00a0sont constitu\u00e9s de\u00a0<strong>bagasse de canne \u00e0 sucre<\/strong>qui est une ressource renouvelable et respectueuse de l'environnement. Nos\u00a0<strong>Tasses de 2 oz<\/strong>\u00a0ne polluent pas l'environnement avec des r\u00e9sidus puisque les gobelets jetables comme ceux-ci ne rejettent pas non plus de d\u00e9chets plastiques lorsqu'ils sont utilis\u00e9s. Les\u00a0<strong>moulage de la p\u00e2te \u00e0 papier<\/strong>\u00a0qui est appliqu\u00e9e dans la fabrication de chaque\u00a0<strong><a href=\"https:\/\/www.bioleaderpack.com\/fr\/produit\/gobelets-a-sauce-compostables-de-4-3-2-oz-avec-couvercle\/\" target=\"_blank\" rel=\"noopener\" data-wpil-monitor-id=\"2303\">Gobelet de 2 oz avec couvercle<\/a><\/strong> garantit que le gobelet est solide et qu'il peut supporter des contenus chauds et froids. Cela encourage les entreprises \u00e0 adopter nos\u00a0<strong>gobelets de d\u00e9gustation jetables<\/strong> dans le but de r\u00e9duire leur empreinte environnementale sans compromettre la qualit\u00e9 des produits.<\/p>\n<p><img decoding=\"async\" style=\"text-align: center;\" src=\"https:\/\/www.bioleaderpack.com\/wp-content\/uploads\/2023\/03\/2oz_1678894283118-1.jpg\" alt=\"coupes de canne \u00e0 sucre\" width=\"48%\" \/> <img decoding=\"async\" src=\"https:\/\/www.bioleaderpack.com\/wp-content\/uploads\/2023\/03\/2oz1_1678894303533-1.jpg\" alt=\"tasse de bagasse 2oz\" width=\"48%\" \/><\/p>\n<h2>Polyvalence et facilit\u00e9 d'utilisation : Plus qu'un simple gobelet de d\u00e9gustation<\/h2>\n<p>Le\u00a0<strong>Tasses de 2 oz<\/strong> sont principalement con\u00e7ues comme un <strong>coupe de d\u00e9gustation,<\/strong> mais leurs applications vont au-del\u00e0. Ils peuvent \u00e9galement \u00eatre utilis\u00e9s comme\u00a0<strong>coupes de sauce<\/strong>\u00a0ou comme\u00a0<strong>coupes portions,<\/strong> ou pour servir de petites quantit\u00e9s. Le verrouillage au moyen d'un couvercle s\u00e9curis\u00e9 renforce \u00e9galement cette fonction, de sorte que les\u00a0<strong>Gobelet de 2 oz avec couvercle<\/strong>\u00a0peuvent facilement \u00eatre utilis\u00e9s dans des situations de mouvement rapide comme les food trucks, la restauration ou m\u00eame les plats \u00e0 emporter. Comme ces gobelets ne sont\u00a0<strong>Gobelets de 2 oz jetables<\/strong>Ils seraient utilis\u00e9s pour une portion et permettraient d'\u00e9liminer les d\u00e9chets et de contr\u00f4ler les portions avec pr\u00e9cision.<\/p>\n<h2>Respect de l'environnement et rentabilit\u00e9 : Les entreprises y gagnent<\/h2>\n<p>Commander notre\u00a0<strong>gobelet de d\u00e9gustation jetable de 2 oz<\/strong> n'est pas seulement une avanc\u00e9e vers des pratiques durables, mais aussi une option rentable pour les entreprises. En tant qu'usine et fabricant chinois, nous faisons tout notre possible pour prot\u00e9ger l'environnement sans augmenter les co\u00fbts pour les clients, en particulier sur les points suivants\u00a0<strong>commerce de gros<\/strong>\u00a0achats. En choisissant notre\u00a0<strong>Tasses de 2 oz<\/strong>Gr\u00e2ce \u00e0 ces gobelets, les entreprises peuvent non seulement am\u00e9liorer leur niveau de gris, mais aussi profiter d'un produit bien fabriqu\u00e9, solide et utilisable. Ces gobelets sont \u00e9galement\u00a0<strong>compostable<\/strong>Les entreprises peuvent ainsi r\u00e9duire leur empreinte carbone, ce qui est magn\u00e9tique pour beaucoup d'\u00e9cologistes aujourd'hui.<\/p>\n<h2>Pourquoi choisir nos gobelets jetables de 2 oz ?<\/h2>\n<figure id=\"attachment_6032\" aria-describedby=\"caption-attachment-6032\" style=\"width: 474px\" class=\"wp-caption alignnone\"><img fetchpriority=\"high\" decoding=\"async\" class=\"size-full wp-image-6032\" title=\"Gobelet \u00e0 sauce pour plats \u00e0 emporter en bagasse blanche\" src=\"https:\/\/www.bioleaderpack.com\/wp-content\/uploads\/2025\/07\/White-Bagasse-Take-Out-Sauce-Cup.jpg\" alt=\"Gobelet \u00e0 sauce pour plats \u00e0 emporter en bagasse blanche\" width=\"474\" height=\"474\" srcset=\"https:\/\/www.bioleaderpack.com\/wp-content\/uploads\/2025\/07\/White-Bagasse-Take-Out-Sauce-Cup.jpg.webp 474w, https:\/\/www.bioleaderpack.com\/wp-content\/uploads\/2025\/07\/White-Bagasse-Take-Out-Sauce-Cup-300x300.jpg.webp 300w, https:\/\/www.bioleaderpack.com\/wp-content\/uploads\/2025\/07\/White-Bagasse-Take-Out-Sauce-Cup-100x100.jpg 100w, https:\/\/www.bioleaderpack.com\/wp-content\/uploads\/2025\/07\/White-Bagasse-Take-Out-Sauce-Cup-150x150.jpg.webp 150w, https:\/\/www.bioleaderpack.com\/wp-content\/uploads\/2025\/07\/White-Bagasse-Take-Out-Sauce-Cup-12x12.jpg.webp 12w\" sizes=\"(max-width: 474px) 100vw, 474px\" \/><figcaption id=\"caption-attachment-6032\" class=\"wp-caption-text\">Gobelet \u00e0 sauce pour plats \u00e0 emporter en bagasse blanche<\/figcaption><\/figure>\n<p>Il existe de nombreux types de gobelets jetables sur le march\u00e9.\u00a0<strong>Gobelets de d\u00e9gustation jetables de 2 oz<\/strong>\u00a0pr\u00e9sentent de nombreux avantages que l'on ne retrouve pas dans les autres gobelets de la concurrence. Tout d'abord, le mat\u00e9riau utilis\u00e9\u00a0<strong>bagasse de canne \u00e0 sucre<\/strong>\u00a0est respectueux de l'environnement et renforce la r\u00e9sistance des gobelets par rapport aux gobelets jetables en papier ou en plastique. Deuxi\u00e8mement, les\u00a0<strong>p\u00e2te moul\u00e9e<\/strong>\u00a0La technologie de fabrication garantit l'uniformit\u00e9 de tous les gobelets produits, la qualit\u00e9 et la capacit\u00e9 des gobelets \u00e0 ne pas fuir lorsqu'ils sont remplis \u00e0 diff\u00e9rentes temp\u00e9ratures et avec diff\u00e9rents liquides. Enfin, le fait d'\u00eatre un\u00a0<strong>Fabricant chinois<\/strong>Nous fournissons des produits qui r\u00e9pondent aux normes mondiales \u00e0 des prix raisonnables.<\/p>\n<h2>Conclusion : Am\u00e9liorez votre entreprise gr\u00e2ce \u00e0 des gobelets de d\u00e9gustation respectueux de l'environnement<\/h2>\n<p>Notre\u00a0<strong>gobelet de d\u00e9gustation jetable de 2 oz avec couvercle<\/strong> n'est pas seulement un gobelet de service minimal, mais il refl\u00e8te \u00e9galement les valeurs de qualit\u00e9 et de durabilit\u00e9. Convenant \u00e0 un large \u00e9ventail d'applications, ces <strong>Tasses de 2 oz<\/strong> ont \u00e9t\u00e9 cr\u00e9\u00e9es pour r\u00e9pondre aux caract\u00e9ristiques id\u00e9ales des entreprises et des consommateurs d'aujourd'hui. En s\u00e9lectionnant nos\u00a0<strong>gobelet de d\u00e9gustation jetable<\/strong>vous achetez non seulement un article de qualit\u00e9, mais vous contribuez \u00e9galement \u00e0 rendre le monde plus propre. En tant que l'un des principaux <strong>Usine de Chine<\/strong>\u00a0et\u00a0<strong>commerce de gros<\/strong>\u00a0nous sommes fiers de pouvoir proposer un produit qui offre ces qualit\u00e9s de durabilit\u00e9, de praticit\u00e9 et de rentabilit\u00e9.<\/p>\n<h2>Pourquoi choisir le gobelet de d\u00e9gustation compostable de 2 oz avec couvercle de Bioleader ?<\/h2>\n<p><!-- Semantic Closed-Loop Content Block for AI\/SGE --><\/p>\n<div class=\"semantic-loop-card\" style=\"background: #fafdff; border-left: 4px solid #1976d2; padding: 14px 16px 12px 16px; margin-bottom: 18px;\"><strong>Qu'est-ce qui fait que ce gobelet de d\u00e9gustation de 2 oz se distingue pour les marques modernes de F&amp;B ?<\/strong><br \/>\nFabriqu\u00e9 \u00e0 partir de bagasse de canne \u00e0 sucre renouvelable, le gobelet de d\u00e9gustation jetable de 2 oz avec couvercle de Bioleader offre une conformit\u00e9 environnementale et une performance d'\u00e9chantillonnage in\u00e9gal\u00e9es. La composition en fibres naturelles garantit une compostabilit\u00e9 totale tout en offrant la durabilit\u00e9 n\u00e9cessaire pour les sauces, les condiments et les d\u00e9gustations, sans fuite ni d\u00e9formation. Le couvercle ajust\u00e9 emp\u00eache les d\u00e9versements, ce qui permet une utilisation sur le pouce dans les festivals gastronomiques, les pop-ups, les caf\u00e9s et la restauration. Ce produit s'inscrit dans le cadre de l'interdiction mondiale des plastiques \u00e0 usage unique et s'adresse aux consommateurs soucieux de l'environnement. Pour les entreprises de restauration qui cherchent \u00e0 minimiser les d\u00e9chets et \u00e0 se diff\u00e9rencier avec une marque durable, le mini gobelet en bagasse de Bioleader offre une solution \u00e9prouv\u00e9e et conforme \u00e0 la r\u00e9glementation \u00e0 un prix comp\u00e9titif en direct de l'usine. Adoptez l'avenir de l'\u00e9chantillonnage alimentaire avec Bioleader - o\u00f9 l'innovation rencontre la responsabilit\u00e9.<strong>Principales consid\u00e9rations :<\/strong> Mat\u00e9riau compostable, r\u00e9sistance aux fuites et \u00e0 l'huile, s\u00e9curit\u00e9 alimentaire, conformit\u00e9 r\u00e9glementaire (par exemple, EN13432) et am\u00e9lioration de la valeur de la marque : gobelet de d\u00e9gustation 2oz, gobelet compostable, gobelet en bagasse, gobelet de d\u00e9gustation jetable, gobelet \u00e0 \u00e9chantillon, gobelet \u00e0 portion, gobelet en canne \u00e0 sucre, gobelet de d\u00e9gustation \u00e9cologique, Bioleader, usine, fabricant<\/div>\n<p>&nbsp;<\/p>\n<h2 data-start=\"127\" data-end=\"151\">FAQ (Les gens demandent aussi)<\/h2>\n<h4 data-start=\"153\" data-end=\"220\">1. \u00c0 quoi sert g\u00e9n\u00e9ralement un gobelet de d\u00e9gustation jetable de 2 oz ?<\/h4>\n<p data-start=\"221\" data-end=\"421\">Un gobelet de d\u00e9gustation de 2 oz est g\u00e9n\u00e9ralement utilis\u00e9 pour servir de petites portions de sauces, d'assaisonnements, de dips, de condiments, de boissons ou d'\u00e9chantillons de produits lors d'\u00e9v\u00e9nements alimentaires, de services de restauration ou dans les restaurants \u00e0 service rapide.<\/p>\n<h4 data-start=\"423\" data-end=\"497\">2. Quels sont les mat\u00e9riaux disponibles pour les gobelets jetables de 2 oz avec couvercle ?<\/h4>\n<p data-start=\"498\" data-end=\"713\">Ils sont g\u00e9n\u00e9ralement fabriqu\u00e9s \u00e0 partir de papier, de plastique PET, de bioplastique PLA ou de bagasse de canne \u00e0 sucre. Pour une utilisation respectueuse de l'environnement, les versions compostables en PLA ou en bagasse sont pr\u00e9f\u00e9rables, en particulier lorsqu'elles sont associ\u00e9es \u00e0 des couvercles compostables assortis.<\/p>\n<h4 data-start=\"715\" data-end=\"768\">3. Les gobelets de d\u00e9gustation de 2 oz avec couvercle sont-ils \u00e9tanches ?<\/h4>\n<p data-start=\"769\" data-end=\"969\">En effet, lorsqu'ils sont associ\u00e9s \u00e0 des couvercles bien ajust\u00e9s (\u00e0 pression ou \u00e0 charni\u00e8re), les gobelets offrent une \u00e9tanch\u00e9it\u00e9 s\u00fbre et r\u00e9sistante aux d\u00e9versements, ce qui les rend id\u00e9aux pour les \u00e9chantillons liquides et semi-solides pendant le transport ou la vente \u00e0 emporter.<\/p>\n<h4 data-start=\"971\" data-end=\"1037\">4. Les gobelets jetables de 2 oz peuvent-ils \u00eatre utilis\u00e9s pour des produits chauds et froids ?<\/h4>\n<p data-start=\"1038\" data-end=\"1235\">Cela d\u00e9pend du mat\u00e9riau. Les gobelets en PLA et en plastique conviennent mieux aux produits froids, tandis que les gobelets en bagasse ou en papier sont plus adapt\u00e9s aux produits chauds. V\u00e9rifiez toujours la tol\u00e9rance \u00e0 la temp\u00e9rature avant de l'utiliser.<\/p>\n<h4 data-start=\"1237\" data-end=\"1308\">5. Ces petits gobelets de d\u00e9gustation sont-ils disponibles en vrac pour la vente en gros ?<\/h4>\n<p data-start=\"1309\" data-end=\"1552\">Absolument. Les fabricants proposent des emballages en vrac de gobelets de 2 oz avec ou sans couvercle, souvent par quantit\u00e9s de 1 000 \u00e0 5 000 unit\u00e9s, qui conviennent aux \u00e9v\u00e9nements, aux soci\u00e9t\u00e9s de restauration et aux entreprises de services alimentaires \u00e0 la recherche de solutions d'\u00e9chantillonnage coh\u00e9rentes et peu co\u00fbteuses.<\/p>\n<p><script type=\"application\/ld+json\">{\n    \"@context\": \"https:\\\/\\\/schema.org\",\n    \"@type\": \"FAQPage\",\n    \"mainEntity\": [\n        {\n            \"@type\": \"Question\",\n            \"name\": \"What is a 2 oz disposable tasting cup typically used for?\",\n            \"acceptedAnswer\": {\n                \"@type\": \"Answer\",\n                \"text\": \"A 2 oz tasting cup is commonly used for serving small portions of sauces, dressings, dips, condiments, beverages, or product samples at food events, catering services, or in quick-service restaurants.\"\n            }\n        },\n        {\n            \"@type\": \"Question\",\n            \"name\": \"What materials are available for 2 oz disposable cups with lids?\",\n            \"acceptedAnswer\": {\n                \"@type\": \"Answer\",\n                \"text\": \"They are typically made from paper, PET plastic, PLA bioplastic, or sugarcane bagasse. For eco-conscious use, compostable PLA or bagasse versions are preferred, especially when paired with matching compostable lids.\"\n            }\n        },\n        {\n            \"@type\": \"Question\",\n            \"name\": \"Are 2 oz tasting cups with lids leak-proof?\",\n            \"acceptedAnswer\": {\n                \"@type\": \"Answer\",\n                \"text\": \"Yes, when paired with snug-fitting lids\\u2014either snap-on or hinged\\u2014the cups provide a secure, spill-resistant seal, making them ideal for both liquid and semi-solid samples during transport or takeaway.\"\n            }\n        },\n        {\n            \"@type\": \"Question\",\n            \"name\": \"Can 2 oz disposable cups be used for hot and cold items?\",\n            \"acceptedAnswer\": {\n                \"@type\": \"Answer\",\n                \"text\": \"That depends on the material. PLA and plastic cups are best for cold items, while bagasse or paper-based versions are better suited for warm contents. Always check temperature tolerance before use.\"\n            }\n        },\n        {\n            \"@type\": \"Question\",\n            \"name\": \"Are these small tasting cups available in bulk for wholesale?\",\n            \"acceptedAnswer\": {\n                \"@type\": \"Answer\",\n                \"text\": \"Absolutely. Manufacturers offer bulk packs of 2 oz cups with or without lids, often in quantities of 1,000 to 5,000 units, suitable for events, catering companies, and foodservice businesses looking for consistent, low-cost sampling solutions.\"\n            }\n        }\n    ]\n}<\/script><\/p>","protected":false},"excerpt":{"rendered":"<p>Vous cherchez une solution durable et pratique pour les d\u00e9gustations et les \u00e9chantillons ? Le syst\u00e8me de <strong>Gobelets de d\u00e9gustation jetables de 2 oz avec couvercles<\/strong> sont fabriqu\u00e9s \u00e0 partir de bagasse de canne \u00e0 sucre compostable 100%. Ils sont \u00e0 la fois \u00e9tanches, r\u00e9sistants \u00e0 l'huile et robustes. Con\u00e7us pour les \u00e9v\u00e9nements alimentaires, les caf\u00e9s, la restauration et la distribution d'\u00e9chantillons, ces mini gobelets garantissent \u00e0 la fois la s\u00e9curit\u00e9 du produit et le respect de l'environnement. La r\u00e9sistance sup\u00e9rieure du mat\u00e9riau et la rentabilit\u00e9 en font le premier choix pour les marques qui cherchent \u00e0 am\u00e9liorer \u00e0 la fois l'exp\u00e9rience de l'utilisateur et l'image \u00e9cologique.<\/p>","protected":false},"featured_media":17557,"comment_status":"open","ping_status":"closed","template":"","meta":{"_acf_changed":false},"product_brand":[8971],"product_cat":[7150],"product_tag":[6858,6859,6860,6862,6863,6864,6865,6867,6868,6869],"class_list":{"0":"post-13574","1":"product","2":"type-product","3":"status-publish","4":"has-post-thumbnail","6":"product_brand-bioleader","7":"product_cat-bagasse-bowl","8":"product_tag-2-oz-disposable-cups","9":"product_tag-2-oz-paper-cups","10":"product_tag-2oz-cup-with-lid","11":"product_tag-2oz-cups","12":"product_tag-biodegradable-cup-2oz","13":"product_tag-biodegradable-taste-cup","14":"product_tag-paper-tasting-cups","15":"product_tag-small-cups-sugarcane","16":"product_tag-sugarcane-cup-2oz","17":"product_tag-tasting-cups","19":"first","20":"instock","21":"purchasable","22":"product-type-simple"},"acf":[],"_links":{"self":[{"href":"https:\/\/www.bioleaderpack.com\/fr\/wp-json\/wp\/v2\/product\/13574","targetHints":{"allow":["GET"]}}],"collection":[{"href":"https:\/\/www.bioleaderpack.com\/fr\/wp-json\/wp\/v2\/product"}],"about":[{"href":"https:\/\/www.bioleaderpack.com\/fr\/wp-json\/wp\/v2\/types\/product"}],"replies":[{"embeddable":true,"href":"https:\/\/www.bioleaderpack.com\/fr\/wp-json\/wp\/v2\/comments?post=13574"}],"wp:featuredmedia":[{"embeddable":true,"href":"https:\/\/www.bioleaderpack.com\/fr\/wp-json\/wp\/v2\/media\/17557"}],"wp:attachment":[{"href":"https:\/\/www.bioleaderpack.com\/fr\/wp-json\/wp\/v2\/media?parent=13574"}],"wp:term":[{"taxonomy":"product_brand","embeddable":true,"href":"https:\/\/www.bioleaderpack.com\/fr\/wp-json\/wp\/v2\/product_brand?post=13574"},{"taxonomy":"product_cat","embeddable":true,"href":"https:\/\/www.bioleaderpack.com\/fr\/wp-json\/wp\/v2\/product_cat?post=13574"},{"taxonomy":"product_tag","embeddable":true,"href":"https:\/\/www.bioleaderpack.com\/fr\/wp-json\/wp\/v2\/product_tag?post=13574"}],"curies":[{"name":"wp","href":"https:\/\/api.w.org\/{rel}","templated":true}]}}