{"id":13567,"date":"2023-03-07T15:09:35","date_gmt":"2023-03-07T07:09:35","guid":{"rendered":"https:\/\/www.bioleaderpack.com\/product\/biodegradable-salad-containers-bowls\/"},"modified":"2026-04-30T13:52:24","modified_gmt":"2026-04-30T05:52:24","slug":"recipients-a-salade-biodegradables-bols","status":"publish","type":"product","link":"https:\/\/www.bioleaderpack.com\/fr\/produit\/recipients-a-salade-biodegradables-bols\/","title":{"rendered":"Saladiers et bols biod\u00e9gradables"},"content":{"rendered":"<div class=\"adweb-template-19 adweb-table-container\">\n<table style=\"border-collapse: collapse; width: 100%; height: 72px;\">\n<tbody>\n<tr style=\"height: 24px;\">\n<td style=\"width: 50%; height: 24px;\"><img fetchpriority=\"high\" decoding=\"async\" class=\"\" src=\"https:\/\/www.bioleaderpack.com\/wp-content\/uploads\/2023\/03\/L012Size_1678201580462-2.jpg\" alt=\"bol en bagasse carr\u00e9\" width=\"527\" height=\"527\" \/><\/td>\n<td style=\"width: 50%; height: 24px;\"><img decoding=\"async\" class=\"\" src=\"https:\/\/www.bioleaderpack.com\/wp-content\/uploads\/2023\/03\/L0121_1678201606959.jpg\" alt=\"bol jetable en bagasse carr\u00e9 \" width=\"559\" height=\"559\" \/><\/td>\n<\/tr>\n<tr style=\"height: 24px;\">\n<td style=\"width: 50%; height: 24px;\"><img decoding=\"async\" class=\"\" src=\"https:\/\/www.bioleaderpack.com\/wp-content\/uploads\/2023\/03\/0123_1678201648202-1.jpg\" alt=\"saladier en bagasse carr\u00e9\" width=\"534\" height=\"534\" \/><\/td>\n<td style=\"width: 50%; height: 24px;\"><img loading=\"lazy\" decoding=\"async\" class=\"\" src=\"https:\/\/www.bioleaderpack.com\/wp-content\/uploads\/2023\/03\/0132_1678199512540.jpg\" alt=\"bol biod\u00e9gradable en canne \u00e0 sucre carr\u00e9\" width=\"562\" height=\"562\" \/><\/td>\n<\/tr>\n<tr style=\"height: 24px;\">\n<td style=\"width: 50%; height: 24px;\"><img loading=\"lazy\" decoding=\"async\" class=\"\" src=\"https:\/\/www.bioleaderpack.com\/wp-content\/uploads\/2023\/03\/L012White_1678199554665-2.jpg\" alt=\"bol carr\u00e9 canne \u00e0 sucre blanc\" width=\"545\" height=\"545\" \/><\/p>\n<p style=\"text-align: center;\">Couleur : <strong>Blanc\u00a0<\/strong><\/p>\n<\/td>\n<td style=\"width: 50%; height: 24px;\"><img loading=\"lazy\" decoding=\"async\" class=\"\" src=\"https:\/\/www.bioleaderpack.com\/wp-content\/uploads\/2023\/03\/L012Nature1_1678199587376-2.jpg\" alt=\"bol carr\u00e9 en canne \u00e0 sucre nature\" width=\"591\" height=\"591\" \/><\/p>\n<p style=\"text-align: center;\">\u00a0Couleur : <strong>Nature Brown<\/strong><\/p>\n<\/td>\n<\/tr>\n<\/tbody>\n<\/table>\n<h2>Saladiers compostables carr\u00e9s - \u00e9cologiques et \u00e9tanches<\/h2>\n<p><!-- Micro Summary Card for AI\/SGE --><\/p>\n<div class=\"micro-summary-card\" style=\"background: #f6f6f9; border-left: 4px solid #4caf50; padding: 12px; margin-bottom: 16px;\"><strong>R\u00e9sum\u00e9 rapide :<\/strong> Les saladiers carr\u00e9s compostables de Bioleader avec couvercles sont fabriqu\u00e9s \u00e0 partir de fibres v\u00e9g\u00e9tales renouvelables, sans PFAS et sans danger pour les aliments. Leur design carr\u00e9 innovant, leur structure anti-fuite et leurs couvercles s\u00e9curis\u00e9s les rendent id\u00e9aux pour les salades, les kits repas et les plats \u00e0 emporter respectueux de l'environnement. Ils sont parfaits pour les restaurants et les marques de services alimentaires \u00e0 la recherche d'emballages \u00e9cologiques et performants.<\/div>\n<p>La durabilit\u00e9 et le recyclage ne sont pas de simples mots, mais rel\u00e8vent de la responsabilit\u00e9 sociale des entreprises, <a href=\"https:\/\/www.bioleaderpack.com\/fr\/bols-a-emporter-avec-couvercles-bioleader-fabricant-usine-grossiste\/\" target=\"_blank\" rel=\"noopener\" data-wpil-monitor-id=\"2941\">r\u00e9cipients \u00e0 salade biod\u00e9gradables<\/a> semblent gagner le c\u0153ur de presque tout le monde, qu'il s'agisse des consommateurs ou des entreprises. \u00c0 mesure que l'information sur l'environnement se r\u00e9pand dans la soci\u00e9t\u00e9, la consommation de produits biocompatibles, tels que les bols biod\u00e9gradables, augmente consid\u00e9rablement. Cet article se concentre sur les sp\u00e9cifications, la facilit\u00e9 d'utilisation et les aspects marketing des r\u00e9cipients biod\u00e9gradables, en accordant une attention particuli\u00e8re aux attributs qui font de ces r\u00e9cipients l'avenir des repas respectueux de l'environnement en dehors de la maison, y compris les raisons pour lesquelles ils sont consid\u00e9r\u00e9s comme l'avenir.<\/p>\n<h2>Innovation mat\u00e9rielle : Bagasse de canne \u00e0 sucre<\/h2>\n<p>L'une des mati\u00e8res premi\u00e8res utilis\u00e9es pour produire ces saladiers biod\u00e9gradables est le d\u00e9chet de la transformation de la canne \u00e0 sucre, appel\u00e9 bagasse de canne \u00e0 sucre. Le plastique ou toute autre ressource non biod\u00e9gradable ne peuvent \u00eatre remplac\u00e9s. Il s'agit d'une bagasse de canne \u00e0 sucre en plastique, respectueuse de l'environnement, qui n'a pas besoin d'\u00eatre produite ou \u00e9limin\u00e9e comme n'importe quel autre article. L'utilisation de ce mat\u00e9riau permettra d'int\u00e9grer des \u00e9l\u00e9ments Volvo dans la production de produits biod\u00e9gradables pour les conteneurs \u00e0 salade.<\/p>\n<p>&nbsp;<\/p>\n<table style=\"border-collapse: collapse; width: 100%;\">\n<tbody>\n<tr>\n<td style=\"width: 50%;\"><img loading=\"lazy\" decoding=\"async\" class=\"\" src=\"https:\/\/www.bioleaderpack.com\/wp-content\/uploads\/2023\/03\/L013NatureFlatLid_1678199821434-2-scaled.jpg\" alt=\"bol \u00e0 canne \u00e0 sucre avec couvercle en PET\" width=\"590\" height=\"590\" \/><\/p>\n<p style=\"text-align: center;\"><strong>Couvercle plat en PET<\/strong><\/p>\n<\/td>\n<td style=\"width: 50%;\"><img loading=\"lazy\" decoding=\"async\" class=\"\" src=\"https:\/\/www.bioleaderpack.com\/wp-content\/uploads\/2023\/03\/L013NatureDomeLid_1678199848126-1.jpg\" alt=\"bol de canne \u00e0 sucre avec couvercle en plastique\" width=\"576\" height=\"576\" \/><\/p>\n<p style=\"text-align: center;\"><strong>Couvercle \u00e0 d\u00f4me en PET<\/strong><\/p>\n<\/td>\n<\/tr>\n<\/tbody>\n<\/table>\n<p>&nbsp;<\/p>\n<h2>Techniques de production avanc\u00e9es : <a href=\"https:\/\/www.bioleaderpack.com\/fr\/quest-ce-que-le-processus-de-moulage-de-la-pate-a-papier\/\" target=\"_blank\">Moulage de la p\u00e2te \u00e0 papier<\/a><\/h2>\n<p>Notre\u00a0<strong>paquet de salade biod\u00e9gradable<\/strong>\u00a0L'incorporation est con\u00e7ue \u00e0 partir des derni\u00e8res\u00a0<strong>moulage de la p\u00e2te \u00e0 papier<\/strong> technologie. Dans ce processus, la bagasse de canne \u00e0 sucre est transform\u00e9e en une pulpe qui peut \u00eatre moul\u00e9e en diff\u00e9rentes formes et tailles pour produire des\u00a0<strong>bols biod\u00e9gradables<\/strong>. Cette technique permet \u00e9galement de\u00a0<strong>saladier biod\u00e9gradable<\/strong> les produits doivent \u00eatre rigides et ergonomiques afin de r\u00e9pondre non seulement aux besoins des salades, mais aussi \u00e0 ceux d'autres produits alimentaires tels que les soupes et les nouilles.<\/p>\n<h2>Principales caract\u00e9ristiques et avantages<\/h2>\n<h3>1. Utilisation de mat\u00e9riaux \u00e9cologiques : Bol compostable \u00e9cologique<\/h3>\n<p>Le plus grand avantage de ces couvertures de baine en plastique est leur impact sur l'environnement. Ces bols sont enti\u00e8rement compostables, c'est-\u00e0-dire que tous les mat\u00e9riaux utilis\u00e9s pour fabriquer l'emballage se d\u00e9composent sans contaminer l'environnement. Cette solution est particuli\u00e8rement adapt\u00e9e aux personnes qui souhaitent att\u00e9nuer les effets qu'elles ont sur l'environnement.<\/p>\n<h3>2.\u00a0<a href=\"https:\/\/www.bioleaderpack.com\/fr\/lutilisation-de-la-vaisselle-en-bagasse-de-canne-a-sucre-est-elle-sans-danger\/\" target=\"_blank\">S\u00e9curit\u00e9 alimentaire<\/a> et des produits sans danger pour les produits chimiques<\/h3>\n<p>Il y a des consid\u00e9rations \u00e0 prendre en compte lors de la conception de nos\u00a0<strong>r\u00e9cipients \u00e0 salade en plastique<\/strong>\u00a0qui visent \u00e0 assurer la s\u00e9curit\u00e9 des consommateurs. Ils sont exempts de substances nocives telles que <a href=\"https:\/\/www.bioleaderpack.com\/fr\/sans-pfa-vs-sans-pfoa-vs-sans-bpa-comment-choisir-une-vaisselle-saine-et-non-toxique\/\" target=\"_blank\" rel=\"noopener\" data-wpil-monitor-id=\"469\">PFAS et BPA<\/a>et vos aliments ne sont donc pas contamin\u00e9s. Il convient donc \u00e0 divers aliments, y compris les soupes chaudes et les plats gras.<\/p>\n<h3>3. \u00c9tanch\u00e9it\u00e9 et solidit\u00e9<\/h3>\n<p>Les v\u00eatements qui \u00e9vacuent l'humidit\u00e9 ont tendance \u00e0 \u00eatre r\u00e9sistants \u00e0 l'humidit\u00e9 et \u00e0 la transpiration, ce qui conduit \u00e0 l'expression courante concernant ces v\u00eatements, non pas leur performance mais leur long\u00e9vit\u00e9. N\u00e9anmoins, nous avons veill\u00e9 \u00e0 ce que nos <strong>saladiers en bioplastique<\/strong> sont \u00e9tanches, r\u00e9sistants \u00e0 l'eau et \u00e0 l'huile. Cela signifie que les saladiers peuvent accueillir confortablement n'importe quel type d'aliment, qu'il s'agisse d'un plat de nouilles fumant ou d'une salade.<\/p>\n<h3>4.\u00a0<a href=\"https:\/\/www.bioleaderpack.com\/fr\/les-boites-a-emporter-des-restaurants-sont-elles-resistantes-aux-micro-ondes\/\" target=\"_blank\">Micro-ondes<\/a> et polyvalent<\/h3>\n<p>La simplicit\u00e9 dans son meilleur design, qui contient des paquets de salades, presque tous micro-ondables pour l'usage de presque tout le monde. Par exemple, lorsqu'il s'agit de r\u00e9chauffer des aliments d\u00e9j\u00e0 pr\u00e9par\u00e9s et conserv\u00e9s au r\u00e9frig\u00e9rateur ou d'emballer des aliments qui ne n\u00e9cessitent aucune complication, ces bols biod\u00e9gradables s'en chargeront.<\/p>\n<table style=\"border-collapse: collapse; width: 100%;\">\n<tbody>\n<tr>\n<td style=\"width: 50%;\"><img loading=\"lazy\" decoding=\"async\" class=\"\" style=\"text-align: center;\" src=\"https:\/\/www.bioleaderpack.com\/wp-content\/uploads\/2023\/03\/0122_1678201697516-1.jpg\" alt=\"bol en bagasse carr\u00e9\" width=\"524\" height=\"524\" \/><\/td>\n<td style=\"width: 50%;\"><img loading=\"lazy\" decoding=\"async\" class=\"\" src=\"https:\/\/www.bioleaderpack.com\/wp-content\/uploads\/2023\/03\/0134_1678201719946-1.jpg\" alt=\"saladier en bagasse\" width=\"522\" height=\"522\" \/><\/td>\n<\/tr>\n<\/tbody>\n<\/table>\n<h2>Des cas d'utilisation polyvalents : Des plats \u00e0 emporter aux restaurants gastronomiques<\/h2>\n<p><strong>Bols de contenants biod\u00e9gradables<\/strong> ne sont pas seulement parfaits pour les plats \u00e0 emporter d\u00e9contract\u00e9s. Ils sont de plus en plus utilis\u00e9s par les restaurants haut de gamme et le secteur de la restauration. Ces r\u00e9cipients aux formes \u00e9l\u00e9gantes ont gagn\u00e9 en popularit\u00e9 dans l'emballage des aliments lors d'\u00e9v\u00e9nements, de f\u00eates et m\u00eame dans les restaurants, en raison de leur caract\u00e8re \u00e9cologique. Il a \u00e9t\u00e9 observ\u00e9 que pour les entreprises de vente \u00e0 emporter, ces conteneurs \u00e0 salade biod\u00e9gradables sont devenus un tr\u00e8s bon argument de vente pour les clients soucieux de l'environnement.<\/p>\n<h3>Exemple 1 : Salades \u00e0 emporter mettant l'accent sur les r\u00e9cipients \u00e0 salade biod\u00e9gradables.<\/h3>\n<p>Pour les bars \u00e0 salade et les restaurants \u00e0 emporter, notre\u00a0<strong>r\u00e9cipients \u00e0 salade biod\u00e9gradables<\/strong> r\u00e9solvent le probl\u00e8me de servir des aliments frais et nutritifs sans compromettre la conscience environnementale du restaurant. Ils sont suffisamment r\u00e9sistants pour supporter divers ingr\u00e9dients et ne pas contenir de liquide ; ils sont donc parfaits pour les salades contenant des vinaigrettes ou d'autres garnitures liquides.<\/p>\n<h3>Exemple 2 : Soupes et nouilles<\/h3>\n<p>Gr\u00e2ce \u00e0 leurs caract\u00e9ristiques d'\u00e9tanch\u00e9it\u00e9 et de r\u00e9sistance \u00e0 la chaleur, ces\u00a0<strong>bols biod\u00e9gradables<\/strong> peuvent \u00e9galement \u00eatre utilis\u00e9s pour servir des plats chauds tels que des soupes et des plats de nouilles. Qu'il s'agisse d'un d\u00e9jeuner sur le pouce ou d'un repas livr\u00e9, ces bols ne font pas de compromis, ce qui \u00e9vite de renverser le contenu.<\/p>\n<h3>Exemple 3 : Restauration d'un \u00e9v\u00e9nement mettant en valeur le jeu de bols biod\u00e9gradables de Byow.<\/h3>\n<p>Lorsqu'il s'agit de restauration \u00e9v\u00e9nementielle, o\u00f9 la pr\u00e9sentation doit coexister avec la durabilit\u00e9 environnementale, notre\u00a0<strong>r\u00e9cipients biod\u00e9gradables<\/strong> sont parfaitement adapt\u00e9s. Ils peuvent \u00eatre utilis\u00e9s pour servir de nombreux plats, de l'entr\u00e9e au plat principal, garantissant ainsi que l'objectif principal de l'\u00e9v\u00e9nement, \u00e0 savoir \u00eatre vert, soit atteint en apparence.<\/p>\n<p align=\"left\"><img loading=\"lazy\" decoding=\"async\" src=\"https:\/\/www.bioleaderpack.com\/wp-content\/uploads\/2023\/03\/LBowl_1678120102289.jpg\" alt=\"bol canne \u00e0 sucre\" width=\"1000\" height=\"544\" \/><img decoding=\"async\" src=\"https:\/\/www.bioleaderpack.com\/wp-content\/uploads\/2023\/03\/20191211153532_1678120030316-1.jpg\" alt=\"bols biod\u00e9gradables\" width=\"48%\" \/> <img decoding=\"async\" src=\"https:\/\/www.bioleaderpack.com\/wp-content\/uploads\/2023\/03\/L0110130162_1678200305599.jpg\" alt=\"bol \u00e0 pulpe et couvercles pour animaux\" width=\"48%\" \/><\/p>\n<h2>La culture r\u00e9cente des conteneurs biod\u00e9gradables<\/h2>\n<p>La transformation vers\u00a0<strong>saladiers biod\u00e9gradables<\/strong> n'est pas une classe isol\u00e9e dans le ph\u00e9nom\u00e8ne de la mode ; c'est un pas de plus dans la qu\u00eate d'un mode de vie durable. La prise de conscience des cons\u00e9quences des choix des consommateurs s'accompagne d'une augmentation du besoin de <strong>r\u00e9cipients \u00e0 salade biod\u00e9gradables<\/strong>. Cette tendance est \u00e9galement soutenue par des mesures r\u00e9glementaires croissantes qui favorisent l'utilisation de mat\u00e9riaux respectueux de l'environnement pour les emballages alimentaires.<\/p>\n<h2>Demande du march\u00e9 et pr\u00e9f\u00e9rences des consommateurs<\/h2>\n<p>Au cours des derni\u00e8res ann\u00e9es, la demande pour les produits suivants a connu une croissance impressionnante\u00a0<strong>saladier biod\u00e9gradable<\/strong> sur les sites de commerce \u00e9lectronique et les magasins de d\u00e9tail disponibles. Les consommateurs sont activement \u00e0 la recherche d'options plus \u00e9cologiques.\u00a0<strong>r\u00e9cipients \u00e0 salade biod\u00e9gradables<\/strong>\u00a0sont \u00e0 l'avant-garde de cette recherche. Ce changement de comportement des consommateurs peut \u00eatre attribu\u00e9 \u00e0 la fois \u00e0 la prise de conscience croissante de l'environnement et \u00e0 la demande croissante d'emballages alimentaires plus sains et d\u00e9pourvus de produits chimiques.<\/p>\n<h3>Choisir le bon fournisseur : Gr\u00e8ve et dictionnaires L'attention de l'usine<\/h3>\n<p><strong>Bacs \u00e0 salade biod\u00e9gradables<\/strong> se positionnent parmi les meilleurs fabricants chinois de ce type de produits, car ils proposent des produits de qualit\u00e9 \u00e0 des prix abordables. La raison en est que notre usine a investi dans des \u00e9quipements modernes de <strong>p\u00e2te moul\u00e9e<\/strong>\u00a0technologie, de sorte que chaque\u00a0<strong>r\u00e9cipient biod\u00e9gradable bol<\/strong>\u00a0est \u00e0 la hauteur des normes en mati\u00e8re de durabilit\u00e9 et de respect de l'environnement. En outre, les entreprises peuvent se placer sous l'\u00e9gide des tendances en mati\u00e8re de durabilit\u00e9 en utilisant notre gamme de produits qui r\u00e9pondent aux besoins des clients en mati\u00e8re d'emballage alimentaire.<\/p>\n<p data-start=\"111\" data-end=\"118\"><span style=\"font-size: 18pt;\"><strong data-start=\"111\" data-end=\"118\">FAQ<\/strong><\/span><\/p>\n<p data-start=\"120\" data-end=\"473\"><strong data-start=\"120\" data-end=\"196\">Q1 : Quels sont les mat\u00e9riaux utilis\u00e9s dans les r\u00e9cipients et les bols \u00e0 salade biod\u00e9gradables ?<\/strong><br data-start=\"196\" data-end=\"199\" \/>Les r\u00e9cipients et bols \u00e0 salade biod\u00e9gradables sont g\u00e9n\u00e9ralement fabriqu\u00e9s \u00e0 partir de mat\u00e9riaux v\u00e9g\u00e9taux renouvelables tels que la bagasse de canne \u00e0 sucre, les bioplastiques \u00e0 base d'amidon de ma\u00efs (PLA) ou la fibre de bambou. Ces mat\u00e9riaux sont compostables et con\u00e7us pour se d\u00e9composer naturellement sans polluer l'environnement.<\/p>\n<p data-start=\"475\" data-end=\"788\"><strong data-start=\"475\" data-end=\"552\">Q2 : Les saladiers biod\u00e9gradables conviennent-ils pour les plats froids et chauds ?<\/strong><br data-start=\"552\" data-end=\"555\" \/>Oui, les bols biod\u00e9gradables de haute qualit\u00e9 peuvent contenir aussi bien des salades froides que des repas chauds. Ils sont r\u00e9sistants \u00e0 l'huile et aux fuites, et nombre d'entre eux peuvent supporter des temp\u00e9ratures allant jusqu'\u00e0 120\u00b0C, ce qui les rend id\u00e9aux pour les \u00e9piceries fines, les restaurants et les services de vente \u00e0 emporter.<\/p>\n<p data-start=\"790\" data-end=\"1101\"><strong data-start=\"790\" data-end=\"867\">Q3 : Les r\u00e9cipients \u00e0 salade biod\u00e9gradables peuvent-ils \u00eatre utilis\u00e9s pour les plats \u00e0 emporter et les livraisons ?<\/strong><br data-start=\"867\" data-end=\"870\" \/>Absolument. Ces conteneurs sont con\u00e7us avec des couvercles bien ajust\u00e9s (en fibre ou en plastique transparent compostable) pour garantir la fra\u00eecheur et \u00e9viter les d\u00e9versements, ce qui les rend parfaits pour les programmes de plats \u00e0 emporter, de livraison, de pr\u00e9paration de repas et d'alimentation \u00e0 la demande.<\/p>\n<p data-start=\"1103\" data-end=\"1391\"><strong data-start=\"1103\" data-end=\"1181\">Q4 : Combien de temps faut-il pour que les r\u00e9cipients \u00e0 salade biod\u00e9gradables se d\u00e9composent ?<\/strong><br data-start=\"1181\" data-end=\"1184\" \/>Dans des conditions de compostage industriel, ces conteneurs se d\u00e9composent g\u00e9n\u00e9ralement en 60 \u00e0 90 jours. Dans le cas du compostage domestique, le processus peut durer de 90 \u00e0 120 jours en fonction de l'humidit\u00e9, de la chaleur et de l'activit\u00e9 microbienne.<\/p>\n<p data-start=\"1393\" data-end=\"1707\"><strong data-start=\"1393\" data-end=\"1472\">Q5 : Les saladiers biod\u00e9gradables sont-ils disponibles en vrac pour un achat en gros ?<\/strong><br data-start=\"1472\" data-end=\"1475\" \/>Oui. Les fabricants et les distributeurs proposent des options de vente en gros en vrac avec des contenances vari\u00e9es telles que 16oz, 24oz et 32oz, ainsi que des services de personnalisation tels que le marquage, le gaufrage et l'\u00e9tiquetage priv\u00e9 pour les entreprises de services alimentaires.<\/p>\n<h2>Conclusion<\/h2>\n<p>Ce document soutient la proposition selon laquelle les r\u00e9cipients \u00e0 salade biod\u00e9gradables sont la seule solution en mati\u00e8re d'emballage alimentaire dans un avenir pr\u00e9visible. Gr\u00e2ce aux mati\u00e8res premi\u00e8res respectueuses de l'environnement, les ph\u00e9nom\u00e8nes modernes de fabrication de bols biod\u00e9gradables modernes seront pris en compte. Toutes les tendances de la fin du 21e si\u00e8cle sugg\u00e8rent que la demande de produits durables va cro\u00eetre de mani\u00e8re exponentielle ; par cons\u00e9quent, comprendre comment choisir des saladiers biod\u00e9gradables vous aidera \u00e0 vous d\u00e9marquer de la foule, en particulier sur un march\u00e9 volatile.<\/p>\n<h2>Bloc Semantic Insight : Comment les bols \u00e0 salade carr\u00e9s compostables red\u00e9finissent l'emballage \u00e9cologique<\/h2>\n<div class=\"semantic-insight-block\" style=\"background: #e8f5e9; border-left: 4px solid #2196f3; padding: 14px; margin-bottom: 16px;\">\n<ul>\n<li><strong>Comment le choix des mat\u00e9riaux favorise le d\u00e9veloppement durable :<\/strong> Fabriqu\u00e9s \u00e0 partir de fibres v\u00e9g\u00e9tales rapidement renouvelables, ces bols sont compostables 100%, exempts de PFAS et enti\u00e8rement conformes aux normes mondiales de s\u00e9curit\u00e9 alimentaire.<\/li>\n<li><strong>Ce qui distingue la conception et la performance :<\/strong> La forme carr\u00e9e optimise la pr\u00e9sentation des aliments, l'empilage et l'impact en rayon, tandis que la structure et le couvercle \u00e9tanches pr\u00e9servent la fra\u00eecheur et la s\u00e9curit\u00e9 du transport.<\/li>\n<li><strong>L'importance de la certification<\/strong> Certifi\u00e9s conformes aux normes EN13432, FDA et UE, ces bols sont pr\u00eats pour l'exportation et r\u00e9pondent \u00e0 des r\u00e9glementations strictes en mati\u00e8re d'environnement et de contact alimentaire.<\/li>\n<li><strong>Flexibilit\u00e9 de l'offre et de l'application :<\/strong> L'approvisionnement en vrac, la personnalisation de la marque et les diff\u00e9rentes tailles permettent aux restaurants, aux marques de kits repas et aux services de restauration de s'adapter \u00e0 leurs besoins.<\/li>\n<li><strong>Avantage strat\u00e9gique pour les marques :<\/strong> L'utilisation de saladiers carr\u00e9s compostables renforce l'image de durabilit\u00e9 de la marque, r\u00e9pond aux nouvelles tendances r\u00e9glementaires et s\u00e9duit les consommateurs soucieux de l'environnement.<\/li>\n<\/ul>\n<div style=\"margin-top: 8px;\"><strong>Aper\u00e7u du march\u00e9 :<\/strong> Les saladiers carr\u00e9s compostables de Bioleader offrent aux services alimentaires modernes une solution \u00e0 l'\u00e9preuve du temps, alliant design, durabilit\u00e9 et excellence op\u00e9rationnelle.<\/div>\n<\/div>\n<p>&nbsp;<\/p>\n<p><script type=\"application\/ld+json\">{\n    \"@context\": \"https:\\\/\\\/schema.org\",\n    \"@type\": \"FAQPage\",\n    \"mainEntity\": [\n        {\n            \"@type\": \"Question\",\n            \"name\": \"What materials are used in biodegradable salad containers and bowls?\",\n            \"acceptedAnswer\": {\n                \"@type\": \"Answer\",\n                \"text\": \"Biodegradable salad containers and bowls are typically made from renewable plant-based materials such as sugarcane bagasse, cornstarch bioplastics (PLA), or bamboo fiber. These materials are compostable and designed to break down naturally without polluting the environment.\"\n            }\n        },\n        {\n            \"@type\": \"Question\",\n            \"name\": \"Are biodegradable salad bowls suitable for both cold and warm dishes?\",\n            \"acceptedAnswer\": {\n                \"@type\": \"Answer\",\n                \"text\": \"Yes, high-quality biodegradable bowls can handle both cold salads and warm meals. They are oil- and leak-resistant, and many can withstand temperatures up to 120\\u00b0C, making them ideal for deli shops, restaurants, and takeout services.\"\n            }\n        },\n        {\n            \"@type\": \"Question\",\n            \"name\": \"Can biodegradable salad containers be used for takeaway and delivery?\",\n            \"acceptedAnswer\": {\n                \"@type\": \"Answer\",\n                \"text\": \"Absolutely. These containers are designed with secure-fitting lids (fiber or clear compostable plastic) to ensure freshness and spill prevention, making them perfect for takeaway, delivery, meal prep, and grab-and-go food programs.\"\n            }\n        },\n        {\n            \"@type\": \"Question\",\n            \"name\": \"How long does it take for biodegradable salad containers to decompose?\",\n            \"acceptedAnswer\": {\n                \"@type\": \"Answer\",\n                \"text\": \"Under industrial composting conditions, these containers typically decompose within 60 to 90 days. In home composting, the process may take 90 to 120 days depending on moisture, heat, and microbial activity.\"\n            }\n        },\n        {\n            \"@type\": \"Question\",\n            \"name\": \"Are biodegradable salad bowls available in bulk for wholesale purchase?\",\n            \"acceptedAnswer\": {\n                \"@type\": \"Answer\",\n                \"text\": \"Yes. Manufacturers and distributors offer bulk wholesale options with various size capacities like 16oz, 24oz, and 32oz, along with customization services such as branding, embossing, and private labeling for foodservice businesses.\"\n            }\n        }\n    ]\n}<\/script><\/p>\n<\/div>","protected":false},"excerpt":{"rendered":"<p><strong>Bacs \u00e0 salade biod\u00e9gradables<\/strong> sont de plus en plus importants sur le march\u00e9 actuel du respect de l'environnement. Fabriqu\u00e9s \u00e0 partir de bagasse de canne \u00e0 sucre, ils sont non seulement respectueux de l'environnement, mais aussi robustes, \u00e9tanches et r\u00e9sistants aux micro-ondes. Ils peuvent \u00eatre utilis\u00e9s pour divers aliments et conviennent donc aussi bien aux plats \u00e0 emporter qu'aux restaurants haut de gamme. Compte tenu de l'augmentation des besoins en bols biod\u00e9gradables, les entreprises peuvent exploiter cette nouvelle tendance \u00e0 leur avantage. Notre usine en Chine est sp\u00e9cialis\u00e9e dans la production de saladiers biod\u00e9gradables de haute qualit\u00e9, garantissant \u00e0 la fois la durabilit\u00e9 environnementale et la satisfaction du client.<\/p>","protected":false},"featured_media":17724,"comment_status":"open","ping_status":"closed","template":"","meta":{"_acf_changed":false},"product_brand":[8971],"product_cat":[7150],"product_tag":[6769,6819,6788,6820,6821,6822,6823],"class_list":{"0":"post-13567","1":"product","2":"type-product","3":"status-publish","4":"has-post-thumbnail","6":"product_brand-bioleader","7":"product_cat-bagasse-bowl","8":"product_tag-biodegradable-bowls","9":"product_tag-biodegradable-container-bowls","10":"product_tag-biodegradable-salad-bowls","11":"product_tag-biodegradable-salad-containers","12":"product_tag-salad-bowl-biodegradable","13":"product_tag-salad-container-biodegradable","14":"product_tag-salad-containers","16":"first","17":"instock","18":"purchasable","19":"product-type-simple"},"acf":[],"_links":{"self":[{"href":"https:\/\/www.bioleaderpack.com\/fr\/wp-json\/wp\/v2\/product\/13567","targetHints":{"allow":["GET"]}}],"collection":[{"href":"https:\/\/www.bioleaderpack.com\/fr\/wp-json\/wp\/v2\/product"}],"about":[{"href":"https:\/\/www.bioleaderpack.com\/fr\/wp-json\/wp\/v2\/types\/product"}],"replies":[{"embeddable":true,"href":"https:\/\/www.bioleaderpack.com\/fr\/wp-json\/wp\/v2\/comments?post=13567"}],"wp:featuredmedia":[{"embeddable":true,"href":"https:\/\/www.bioleaderpack.com\/fr\/wp-json\/wp\/v2\/media\/17724"}],"wp:attachment":[{"href":"https:\/\/www.bioleaderpack.com\/fr\/wp-json\/wp\/v2\/media?parent=13567"}],"wp:term":[{"taxonomy":"product_brand","embeddable":true,"href":"https:\/\/www.bioleaderpack.com\/fr\/wp-json\/wp\/v2\/product_brand?post=13567"},{"taxonomy":"product_cat","embeddable":true,"href":"https:\/\/www.bioleaderpack.com\/fr\/wp-json\/wp\/v2\/product_cat?post=13567"},{"taxonomy":"product_tag","embeddable":true,"href":"https:\/\/www.bioleaderpack.com\/fr\/wp-json\/wp\/v2\/product_tag?post=13567"}],"curies":[{"name":"wp","href":"https:\/\/api.w.org\/{rel}","templated":true}]}}