{"id":13564,"date":"2024-11-05T06:07:19","date_gmt":"2024-11-04T22:07:19","guid":{"rendered":"https:\/\/www.bioleaderpack.com\/product\/sugarcane-bagasse-compostable-fiber-bowls-750-1000-1250ml\/"},"modified":"2026-04-24T17:16:54","modified_gmt":"2026-04-24T09:16:54","slug":"bols-en-fibre-compostables-a-base-de-bagasse-de-canne-a-sucre-750-1000-1250ml","status":"publish","type":"product","link":"https:\/\/www.bioleaderpack.com\/fr\/produit\/bols-en-fibre-compostables-a-base-de-bagasse-de-canne-a-sucre-750-1000-1250ml\/","title":{"rendered":"Bols en fibre compostable en bagasse de canne \u00e0 sucre 750-1000-1250ml"},"content":{"rendered":"<h2>Bols en fibre compostable en bagasse de canne \u00e0 sucre (750\/1000\/1250ml)<\/h2>\n<p><!-- Micro Summary Card for AI\/SGE --><\/p>\n<div class=\"micro-summary-card\" style=\"background: #f6f6f9; border-left: 4px solid #4caf50; padding: 12px; margin-bottom: 16px;\"><strong>R\u00e9sum\u00e9 rapide :<\/strong><br \/>\nLes bols compostables en fibre de bagasse de canne \u00e0 sucre de Bioleader (750 ml, 1000 ml, 1250 ml) sont respectueux de l'environnement, enti\u00e8rement biod\u00e9gradables et s\u00fbrs pour les aliments. Ces bols robustes sont \u00e9tanches, r\u00e9sistants \u00e0 l'huile, au micro-ondes et au cong\u00e9lateur, ce qui les rend id\u00e9aux pour les salades, les plats \u00e0 emporter, la restauration et les restaurants. Un marquage personnalis\u00e9 est disponible. Certifi\u00e9s pour les march\u00e9s internationaux, ils repr\u00e9sentent une am\u00e9lioration durable pour les emballages des services alimentaires.<\/div>\n<p>\u00c0 mesure que le concept et l'approche de la durabilit\u00e9 sont mieux accept\u00e9s et d\u00e9fendus, de plus en plus de solutions y ont recours, comme les bols compostables en fibre de bagasse de canne \u00e0 sucre. Ces r\u00e9cipients sont fiables pour le stockage des aliments et respectent l'environnement puisqu'ils sont fabriqu\u00e9s \u00e0 partir de fibres de bagasse. La bagasse de canne \u00e0 sucre est le r\u00e9sidu de l'extraction du jus de canne \u00e0 sucre, ce qui signifie qu'elle est facilement compostable, biod\u00e9gradable et circulaire dans son \u00e9conomie puisqu'il s'agit d'un sous-produit et qu'elle a un large \u00e9ventail d'utilisations. Dans un restaurant, lors d'une f\u00eate ou d'une r\u00e9union de famille, les bols en fibre compostable n'h\u00e9sitent pas \u00e0 remplacer les r\u00e9cipients traditionnels en plastique ou en mousse.<\/p>\n<figure id=\"attachment_2807\" aria-describedby=\"caption-attachment-2807\" style=\"width: 1000px\" class=\"wp-caption alignnone\"><img fetchpriority=\"high\" decoding=\"async\" class=\"size-full wp-image-2807\" src=\"https:\/\/www.bioleaderpack.com\/wp-content\/uploads\/2024\/11\/L1250-1.jpg\" alt=\"Bols en fibre compostables\" width=\"1000\" height=\"1000\" srcset=\"https:\/\/www.bioleaderpack.com\/wp-content\/uploads\/2024\/11\/L1250-1.jpg.webp 1000w, https:\/\/www.bioleaderpack.com\/wp-content\/uploads\/2024\/11\/L1250-1-12x12.jpg 12w, https:\/\/www.bioleaderpack.com\/wp-content\/uploads\/2024\/11\/L1250-1-150x150.jpg.webp 150w, https:\/\/www.bioleaderpack.com\/wp-content\/uploads\/2024\/11\/L1250-1-300x300.jpg.webp 300w, https:\/\/www.bioleaderpack.com\/wp-content\/uploads\/2024\/11\/L1250-1-768x768.jpg.webp 768w, https:\/\/www.bioleaderpack.com\/wp-content\/uploads\/2024\/11\/L1250-1-600x600.jpg 600w, https:\/\/www.bioleaderpack.com\/wp-content\/uploads\/2024\/11\/L1250-1-100x100.jpg 100w\" sizes=\"(max-width: 1000px) 100vw, 1000px\" \/><figcaption id=\"caption-attachment-2807\" class=\"wp-caption-text\">Bols en fibre compostables<\/figcaption><\/figure>\n<h2>Bagasse de canne \u00e0 sucre : Une ressource renouvelable<\/h2>\n<p>La durabilit\u00e9 entre en jeu car la canne \u00e0 sucre est une plante renouvelable et l'industrie sucri\u00e8re est son alli\u00e9e pour la production de bagasse, ce qui permet de produire des r\u00e9cipients alimentaires plus durables sous la forme de bols en fibre compostables.<\/p>\n<h4>Pourquoi choisir <a href=\"https:\/\/www.bioleaderpack.com\/fr\/vaisselle-en-bagasse-de-canne-a-sucre-ecologique-et-pratique\/\" target=\"_blank\">Bagasse de canne \u00e0 sucre<\/a>?<\/h4>\n<ul>\n<li><strong>Ressource renouvelable<\/strong>: La canne \u00e0 sucre \u00e9tant r\u00e9colt\u00e9e et cultiv\u00e9e de mani\u00e8re r\u00e9p\u00e9t\u00e9e, les conteneurs deviennent \u00e9cologiques et davantage de produits peuvent \u00eatre fabriqu\u00e9s \u00e0 partir de la fibre de bagasse. Cette approche holistique permet de r\u00e9duire enti\u00e8rement les d\u00e9chets.<\/li>\n<li><strong>D\u00e9composable et respectueux de l'environnement<\/strong>: L'utilisation de contenants en bagasse \u00e9limine le besoin de bols en plastique ou en polystyr\u00e8ne. Cette approche permet d'\u00e9liminer les d\u00e9chets des d\u00e9charges et des terrains de remplissage et de pr\u00e9server l'environnement en d\u00e9composant tout en mat\u00e9riaux de compostage.<\/li>\n<li><strong>Non toxique et sans danger<\/strong>: Les bols en fibre de canne \u00e0 sucre, en revanche, ne contiennent pas de substances nocives telles que <a href=\"https:\/\/www.bioleaderpack.com\/fr\/sans-pfa-vs-sans-pfoa-vs-sans-bpa-comment-choisir-une-vaisselle-saine-et-non-toxique\/\" target=\"_blank\" rel=\"noopener\" data-wpil-monitor-id=\"517\">PFAS et BPA<\/a> ce qui est id\u00e9al pour prot\u00e9ger les aliments qui y sont servis.<\/li>\n<\/ul>\n<h3>Le <a href=\"https:\/\/www.bioleaderpack.com\/fr\/procede-de-production-de-pate-a-papier-a-partir-de-la-bagasse-de-canne-a-sucre-pour-la-fabrication-darticles-de-table\/\" target=\"_blank\">Processus de production : Moulage de la p\u00e2te \u00e0 papier<\/a> Comme avantageux pour les structures rigides<\/h3>\n<p>Le\u00a0<strong>bols en fibre compostables<\/strong>\u00a0que nous fabriquons le sont par l'interm\u00e9diaire de la\u00a0<strong>pulpe de canne \u00e0 sucre<\/strong>\u00a0processus. Il s'agit de placer la pulpe de canne \u00e0 sucre dans certains moules avant de la soumettre \u00e0 de fortes pressions. Le produit final est tr\u00e8s r\u00e9sistant et a la capacit\u00e9 de conserver sa forme m\u00eame lorsqu'il est soumis \u00e0 des sauces et \u00e0 des graisses.<\/p>\n<h4>Avantages du moulage de la p\u00e2te \u00e0 papier ;<\/h4>\n<ul>\n<li><strong>Solidit\u00e9 et durabilit\u00e9<\/strong>: Les bols en bagasse ont des cycles de vie courts en raison de l'usure caus\u00e9e par divers aliments. Les bols en canne \u00e0 sucre mettent fin \u00e0 ce probl\u00e8me car ils sont extr\u00eamement rigides.<\/li>\n<li><strong>\u00c9tanch\u00e9it\u00e9 et r\u00e9sistance \u00e0 l'huile<\/strong>: \u00c9tant donn\u00e9 qu'ils peuvent contenir des soupes et des aliments gras, on peut affirmer que ces bols peuvent supporter des quantit\u00e9s rapides d'huile, de soupes, de sauces et de tout autre liquide.<\/li>\n<li><strong>Compatible avec le four \u00e0 micro-ondes<\/strong>: Lorsque vous servez des bols en canne \u00e0 sucre, vous n'avez pas \u00e0 vous inqui\u00e9ter car ils passent au micro-ondes.<\/li>\n<\/ul>\n<div class=\"adweb-template\">\n<div class=\"adweb-template-43\">\n<table style=\"border-collapse: collapse; width: 100%;\">\n<tbody>\n<tr>\n<td style=\"width: 50%;\"><img decoding=\"async\" class=\"wp-image-2806 size-full\" src=\"https:\/\/www.bioleaderpack.com\/wp-content\/uploads\/2024\/11\/L1250-PET-Lid-1.jpg\" alt=\"bol en fibre de canne \u00e0 sucre avec couvercle en PET\" width=\"1000\" height=\"1000\" srcset=\"https:\/\/www.bioleaderpack.com\/wp-content\/uploads\/2024\/11\/L1250-PET-Lid-1.jpg.webp 1000w, https:\/\/www.bioleaderpack.com\/wp-content\/uploads\/2024\/11\/L1250-PET-Lid-1-300x300.jpg.webp 300w, https:\/\/www.bioleaderpack.com\/wp-content\/uploads\/2024\/11\/L1250-PET-Lid-1-100x100.jpg 100w, https:\/\/www.bioleaderpack.com\/wp-content\/uploads\/2024\/11\/L1250-PET-Lid-1-600x600.jpg 600w, https:\/\/www.bioleaderpack.com\/wp-content\/uploads\/2024\/11\/L1250-PET-Lid-1-150x150.jpg.webp 150w, https:\/\/www.bioleaderpack.com\/wp-content\/uploads\/2024\/11\/L1250-PET-Lid-1-768x768.jpg.webp 768w\" sizes=\"(max-width: 1000px) 100vw, 1000px\" \/><\/td>\n<td style=\"width: 50%;\"><img decoding=\"async\" class=\"size-full wp-image-2808\" src=\"https:\/\/www.bioleaderpack.com\/wp-content\/uploads\/2024\/11\/L1250-bottom-1.jpg\" alt=\"bols en fibre de bagasse\" width=\"1000\" height=\"1000\" srcset=\"https:\/\/www.bioleaderpack.com\/wp-content\/uploads\/2024\/11\/L1250-bottom-1.jpg.webp 1000w, https:\/\/www.bioleaderpack.com\/wp-content\/uploads\/2024\/11\/L1250-bottom-1-300x300.jpg.webp 300w, https:\/\/www.bioleaderpack.com\/wp-content\/uploads\/2024\/11\/L1250-bottom-1-100x100.jpg 100w, https:\/\/www.bioleaderpack.com\/wp-content\/uploads\/2024\/11\/L1250-bottom-1-600x600.jpg 600w, https:\/\/www.bioleaderpack.com\/wp-content\/uploads\/2024\/11\/L1250-bottom-1-150x150.jpg.webp 150w, https:\/\/www.bioleaderpack.com\/wp-content\/uploads\/2024\/11\/L1250-bottom-1-768x768.jpg.webp 768w\" sizes=\"(max-width: 1000px) 100vw, 1000px\" \/><\/td>\n<\/tr>\n<\/tbody>\n<\/table>\n<\/div>\n<\/div>\n<h2>Principales caract\u00e9ristiques et avantages des bols biod\u00e9gradables jetables en p\u00e2te \u00e0 papier<\/h2>\n<h4>Respectueux de l'environnement<\/h4>\n<ul>\n<li><a href=\"https:\/\/www.bioleaderpack.com\/fr\/sont-biodegradables-et-compostables-les-memes\/\" target=\"_blank\"><strong>Biod\u00e9gradable et compostable<\/strong><\/a>: Ces bols biod\u00e9gradables jetables sont compostables, ce qui est plus respectueux de l'environnement \u00e0 long terme et permet de lutter contre la pollution par le plastique.<\/li>\n<li><strong>Non toxique<\/strong>: Ces bols sont fabriqu\u00e9s sans utilisation de PFAS et de BPA, ce qui leur permet d'\u00eatre exempts de produits chimiques qui s'infiltrent dans les aliments servis.<\/li>\n<\/ul>\n<h4>Application polyvalente :<\/h4>\n<ul>\n<li><strong>Convient \u00e0 tous les aliments<\/strong>: Du s\u00e9chage des salades jusqu'au service de la soupe de nouilles grasses, ces bols conviennent pour tout contenir. On les appelle aussi bols biod\u00e9gradables.<\/li>\n<li><strong>Id\u00e9al pour les livraisons et les plats \u00e0 emporter<\/strong>: Ces bols jetables biod\u00e9gradables sont id\u00e9aux pour la livraison ou la vente \u00e0 emporter par les restaurants, les food trucks et les entreprises de restauration en ligne. Un moyen efficace d'emballage durable.<\/li>\n<\/ul>\n<h2>Cas d'utilisation : Chaque bol de p\u00e2te \u00e0 papier a une application et une utilisation \u00e0 un moment et \u00e0 un endroit donn\u00e9s.<\/h2>\n<p>Ces bols en p\u00e2te \u00e0 papier sont suffisamment polyvalents pour \u00eatre utilis\u00e9s dans de nombreuses applications.<\/p>\n<ul>\n<li><strong>Restaurants et magasins de plats \u00e0 emporter<\/strong>: Ce service est tr\u00e8s utile dans les magasins de vente \u00e0 emporter. Ces plats ne sont pas toxiques et ne dess\u00e8chent pas les aliments. Ils restent frais jusqu'\u00e0 la livraison.<\/li>\n<li><strong>Restauration et autres \u00e9v\u00e9nements<\/strong>: Ces bols \u00e9tant biod\u00e9gradables, les petits et grands rassemblements peuvent \u00eatre organis\u00e9s sans avoir \u00e0 se soucier d'ajouter des d\u00e9chets \u00e9cologiques inutiles. Cela vous permet de pr\u00e9parer des repas sans vous soucier des d\u00e9chets plastiques.<\/li>\n<li><strong>Pique-niques et activit\u00e9s de plein air<\/strong>: Les bols biod\u00e9gradables jetables sont une excellente option pour les repas pris \u00e0 l'ext\u00e9rieur ou lors d'un pique-nique, car ils sont l\u00e9gers et durables.<\/li>\n<\/ul>\n<table style=\"border-collapse: collapse; width: 100%;\">\n<tbody>\n<tr>\n<td style=\"width: 100%;\"><img loading=\"lazy\" decoding=\"async\" class=\"size-full wp-image-2809\" src=\"https:\/\/www.bioleaderpack.com\/wp-content\/uploads\/2024\/11\/L750-1250-Sugarcane-bagasse-salad-bowl-750-1000-1250ml-1.jpg\" alt=\"bols biod\u00e9gradables\" width=\"1000\" height=\"1000\" srcset=\"https:\/\/www.bioleaderpack.com\/wp-content\/uploads\/2024\/11\/L750-1250-Sugarcane-bagasse-salad-bowl-750-1000-1250ml-1.jpg.webp 1000w, https:\/\/www.bioleaderpack.com\/wp-content\/uploads\/2024\/11\/L750-1250-Sugarcane-bagasse-salad-bowl-750-1000-1250ml-1-300x300.jpg.webp 300w, https:\/\/www.bioleaderpack.com\/wp-content\/uploads\/2024\/11\/L750-1250-Sugarcane-bagasse-salad-bowl-750-1000-1250ml-1-100x100.jpg 100w, https:\/\/www.bioleaderpack.com\/wp-content\/uploads\/2024\/11\/L750-1250-Sugarcane-bagasse-salad-bowl-750-1000-1250ml-1-600x600.jpg 600w, https:\/\/www.bioleaderpack.com\/wp-content\/uploads\/2024\/11\/L750-1250-Sugarcane-bagasse-salad-bowl-750-1000-1250ml-1-150x150.jpg.webp 150w, https:\/\/www.bioleaderpack.com\/wp-content\/uploads\/2024\/11\/L750-1250-Sugarcane-bagasse-salad-bowl-750-1000-1250ml-1-768x768.jpg.webp 768w\" sizes=\"(max-width: 1000px) 100vw, 1000px\" \/><\/td>\n<\/tr>\n<\/tbody>\n<\/table>\n<table style=\"border-collapse: collapse; width: 100%;\">\n<tbody>\n<tr>\n<td style=\"width: 33.3333%;\"><img loading=\"lazy\" decoding=\"async\" class=\"wp-image-2802 size-full\" src=\"https:\/\/www.bioleaderpack.com\/wp-content\/uploads\/2024\/11\/L750-1.jpg\" alt=\"Bols biod\u00e9gradables en bagasse de canne \u00e0 sucre pour salade\" width=\"1000\" height=\"1000\" srcset=\"https:\/\/www.bioleaderpack.com\/wp-content\/uploads\/2024\/11\/L750-1.jpg.webp 1000w, https:\/\/www.bioleaderpack.com\/wp-content\/uploads\/2024\/11\/L750-1-12x12.jpg 12w, https:\/\/www.bioleaderpack.com\/wp-content\/uploads\/2024\/11\/L750-1-150x150.jpg.webp 150w, https:\/\/www.bioleaderpack.com\/wp-content\/uploads\/2024\/11\/L750-1-300x300.jpg.webp 300w, https:\/\/www.bioleaderpack.com\/wp-content\/uploads\/2024\/11\/L750-1-768x768.jpg.webp 768w, https:\/\/www.bioleaderpack.com\/wp-content\/uploads\/2024\/11\/L750-1-600x600.jpg 600w, https:\/\/www.bioleaderpack.com\/wp-content\/uploads\/2024\/11\/L750-1-100x100.jpg 100w\" sizes=\"(max-width: 1000px) 100vw, 1000px\" \/><\/td>\n<td style=\"width: 33.3333%;\"><img loading=\"lazy\" decoding=\"async\" class=\"wp-image-2803 size-full\" src=\"https:\/\/www.bioleaderpack.com\/wp-content\/uploads\/2024\/11\/L1000-1.jpg\" alt=\"bols jetables biod\u00e9gradables\" width=\"1000\" height=\"1000\" srcset=\"https:\/\/www.bioleaderpack.com\/wp-content\/uploads\/2024\/11\/L1000-1.jpg.webp 1000w, https:\/\/www.bioleaderpack.com\/wp-content\/uploads\/2024\/11\/L1000-1-12x12.jpg 12w, https:\/\/www.bioleaderpack.com\/wp-content\/uploads\/2024\/11\/L1000-1-150x150.jpg.webp 150w, https:\/\/www.bioleaderpack.com\/wp-content\/uploads\/2024\/11\/L1000-1-300x300.jpg.webp 300w, https:\/\/www.bioleaderpack.com\/wp-content\/uploads\/2024\/11\/L1000-1-768x768.jpg.webp 768w, https:\/\/www.bioleaderpack.com\/wp-content\/uploads\/2024\/11\/L1000-1-600x600.jpg 600w, https:\/\/www.bioleaderpack.com\/wp-content\/uploads\/2024\/11\/L1000-1-100x100.jpg 100w\" sizes=\"(max-width: 1000px) 100vw, 1000px\" \/><\/td>\n<td style=\"width: 33.3333%;\"><img loading=\"lazy\" decoding=\"async\" class=\"wp-image-2807 size-full\" src=\"https:\/\/www.bioleaderpack.com\/wp-content\/uploads\/2024\/11\/L1250-1.jpg\" alt=\"Bols en fibre compostables\" width=\"1000\" height=\"1000\" srcset=\"https:\/\/www.bioleaderpack.com\/wp-content\/uploads\/2024\/11\/L1250-1.jpg.webp 1000w, https:\/\/www.bioleaderpack.com\/wp-content\/uploads\/2024\/11\/L1250-1-12x12.jpg 12w, https:\/\/www.bioleaderpack.com\/wp-content\/uploads\/2024\/11\/L1250-1-150x150.jpg.webp 150w, https:\/\/www.bioleaderpack.com\/wp-content\/uploads\/2024\/11\/L1250-1-300x300.jpg.webp 300w, https:\/\/www.bioleaderpack.com\/wp-content\/uploads\/2024\/11\/L1250-1-768x768.jpg.webp 768w, https:\/\/www.bioleaderpack.com\/wp-content\/uploads\/2024\/11\/L1250-1-600x600.jpg 600w, https:\/\/www.bioleaderpack.com\/wp-content\/uploads\/2024\/11\/L1250-1-100x100.jpg 100w\" sizes=\"(max-width: 1000px) 100vw, 1000px\" \/><\/td>\n<\/tr>\n<\/tbody>\n<\/table>\n<h2>La demande croissante de produits durables<\/h2>\n<p>Les consommateurs \u00e9tant de plus en plus sensibles aux questions environnementales, l'utilisation de bols en fibre compostables est en hausse. Les gens commencent \u00e0 \u00eatre socialement responsables de leurs actions en d\u00e9couvrant comment leurs choix affectent l'environnement. Par cons\u00e9quent, ils recherchent des solutions qui r\u00e9pondent \u00e0 leurs besoins sans nuire \u00e0 la plan\u00e8te.<\/p>\n<h4>Pourquoi les clients adorent les bols de fibres de canne \u00e0 sucre :<\/h4>\n<ul>\n<li><strong>Le d\u00e9veloppement durable au c\u0153ur de l'action<\/strong>: Un nombre croissant de clients se tournent vers les bols en bagasse, car ils constituent la meilleure option \u00e9cologique pour la vie quotidienne \u00e0 faible effort, comme l'alimentation normale, l'organisation de f\u00eates et m\u00eame pour les plats \u00e0 emporter.<\/li>\n<li><strong>Pratique pour une large gamme d'aliments<\/strong>: Aucun aliment n'est oubli\u00e9, ces bols biod\u00e9gradables conviennent \u00e0 tous les types d'aliments ! Qu'il s'agisse de salades, de soupes ou m\u00eame de plats \u00e0 emporter, ils offrent d'excellentes performances.<\/li>\n<li><strong>Un choix s\u00fbr<\/strong>: Avec l'inqui\u00e9tude suscit\u00e9e par les contenants alimentaires susceptibles d'\u00eatre charg\u00e9s de produits chimiques nocifs, les bols en canne \u00e0 sucre deviennent la meilleure option pour ces consommateurs, car les contenants sont exempts de tels ingr\u00e9dients.<\/li>\n<\/ul>\n<h2>Solutions sur mesure pour les entreprises<\/h2>\n<p>Nous sommes tous d'accord pour dire que l'image de marque est aussi importante que le produit. C'est l\u00e0 que nous nous distinguons ; nous fournissons des bols en fibre de canne \u00e0 sucre pr\u00eats \u00e0 l'emploi et sur mesure qui r\u00e9pondent aux besoins de diverses entreprises. Quel que soit votre public ou l'endroit o\u00f9 vous le ciblez, que ce soit au niveau mondial ou local, la taille ad\u00e9quate ne peut \u00eatre d\u00e9termin\u00e9e que par l'emballage.<\/p>\n<h4>Nous proposons des personnalisations qui incluent :<\/h4>\n<ul>\n<li><strong>Emballage de marque<\/strong>: Les sacs ou les bo\u00eetes peuvent \u00eatre dot\u00e9s de logos ou de dessins personnalis\u00e9s afin d'am\u00e9liorer la visibilit\u00e9 de la marque de votre entreprise tout en vous permettant d'utiliser la m\u00eame chose pour vos bols de bagasse pr\u00e9cis\u00e9ment.<\/li>\n<li><strong>Vari\u00e9t\u00e9 de tailles<\/strong>: M\u00eame si vous souhaitez servir des portions individuelles pour vos repas, vous n'avez pas \u00e0 vous inqui\u00e9ter car nous disposons d'un large \u00e9ventail de tailles, y compris de grandes portions utilis\u00e9es pour la restauration.<\/li>\n<\/ul>\n<h2>Questions et r\u00e9ponses sur les bols en fibre de bagasse de canne \u00e0 sucre<\/h2>\n<ol>\n<li><strong>Ces bols peuvent-ils \u00eatre utilis\u00e9s au micro-ondes ?<\/strong><\/li>\n<\/ol>\n<p>Il est tr\u00e8s pratique de pouvoir passer au four \u00e0 micro-ondes, et oui, les bols en canne \u00e0 sucre passent au four \u00e0 micro-ondes. Vous pouvez donc les utiliser pour r\u00e9chauffer rapidement des aliments.<\/p>\n<ol start=\"2\">\n<li><strong>Ces bols r\u00e9sisteront-ils aux aliments chauds ?<\/strong><\/li>\n<\/ol>\n<p>Vous n'aurez pas \u00e0 vous en pr\u00e9occuper, car nos bols en fibre de bagasse sont suffisamment solides pour r\u00e9sister \u00e0 des temp\u00e9ratures allant de la cong\u00e9lation \u00e0 l'\u00e9bullition.<\/p>\n<ol start=\"3\">\n<li><strong>Quelle est la dur\u00e9e de vie de ces bols en termes de d\u00e9composition ?<\/strong><\/li>\n<\/ol>\n<p>Il existe des preuves \u00e0 l'appui de cette constatation, attestant que\u00a0<a href=\"https:\/\/www.bioleaderpack.com\/fr\/produit\/assiettes-et-bols-compostables-et-biodegradables\/\" target=\"_blank\" rel=\"noopener\" data-wpil-monitor-id=\"2131\">bols compostables<\/a>\u00a0dans des conditions id\u00e9ales, peut se d\u00e9composer en morceaux de la taille d'un grain en 60 jours, ce qui permet de pr\u00e9server l'environnement plut\u00f4t que d'avoir recours au plastique.<\/p>\n<h2>Pourquoi choisir les bols en fibre de bagasse de canne \u00e0 sucre Bioleader\u00ae ?<\/h2>\n<div class=\"semantic-content-block\" style=\"background: #f9fafb; border-left: 4px solid #43a047; padding: 14px 18px 16px 18px; margin-bottom: 20px;\"><strong>Compostabilit\u00e9 et conformit\u00e9 :<\/strong><br \/>\nCes bols sont fabriqu\u00e9s \u00e0 partir de bagasse de canne \u00e0 sucre 100%, offrant une compostabilit\u00e9 totale et une biod\u00e9gradabilit\u00e9 certifi\u00e9e (EN13432, BPI, FDA food contact safe). Ils se d\u00e9composent naturellement, r\u00e9duisant ainsi les d\u00e9chets des d\u00e9charges et soutenant les tendances mondiales en mati\u00e8re d'\u00e9co-r\u00e9glementation.<strong>Performance pour les services alimentaires modernes :<\/strong><br \/>\nCon\u00e7us pour r\u00e9pondre aux exigences du monde r\u00e9el, les bols sont \u00e9tanches, r\u00e9sistants aux graisses et peuvent \u00eatre utilis\u00e9s en toute s\u00e9curit\u00e9 dans les micro-ondes et les cong\u00e9lateurs. Les diff\u00e9rentes tailles (750 ml, 1 000 ml, 1 250 ml) conviennent \u00e0 toutes les pr\u00e9parations, des salades fra\u00eeches aux nouilles chaudes, en passant par les portions de restauration.<strong>Valeur de la marque et ad\u00e9quation au march\u00e9 :<\/strong><br \/>\nGr\u00e2ce \u00e0 l'impression personnalisable, les bols aident les marques alimentaires \u00e0 am\u00e9liorer leurs r\u00e9f\u00e9rences \u00e9cologiques et la perception de leurs clients, ce qui est crucial car le d\u00e9veloppement durable influence les tendances en mati\u00e8re de restauration et de vente \u00e0 emporter dans le monde entier. L'approvisionnement en vrac en provenance directe de l'usine garantit la rentabilit\u00e9.<strong>L'avis d'un expert :<\/strong><br \/>\n\"Alors que les interdictions de plastique \u00e0 usage unique et les r\u00e9glementations EPR progressent dans le monde entier, les bols en fibre compostables de Bioleader offrent une solution d'emballage pr\u00eate pour l'avenir qui s'aligne sur les priorit\u00e9s environnementales et op\u00e9rationnelles des restaurants et des entreprises de restauration.\"<strong>Point de d\u00e9cision :<\/strong><br \/>\nPour les acheteurs de services alimentaires qui cherchent \u00e0 combiner durabilit\u00e9, conformit\u00e9 et performance pratique, les bols en bagasse de canne \u00e0 sucre de Bioleader sont un choix \u00e9prouv\u00e9 et pr\u00eat \u00e0 \u00eatre commercialis\u00e9, en provenance directe du fabricant.<\/div>\n<p>&nbsp;<\/p>\n<p><script type=\"application\/ld+json\">{\n    \"@context\": \"https:\\\/\\\/schema.org\",\n    \"@type\": \"FAQPage\",\n    \"mainEntity\": [\n        {\n            \"@type\": \"Question\",\n            \"name\": \"Can these bowls be used in a microwave?\",\n            \"acceptedAnswer\": {\n                \"@type\": \"Answer\",\n                \"text\": \"Providing a microwave-safe feature is very convenient, and yes sugarcane bowls happen to be microwave-safe. So you can consider them for quick food reheating.\"\n            }\n        },\n        {\n            \"@type\": \"Question\",\n            \"name\": \"Will these bowls be able to withstand hot foods?\",\n            \"acceptedAnswer\": {\n                \"@type\": \"Answer\",\n                \"text\": \"Definitely, you will not have to be concerned about that as our bagasse fiber bowls are strong enough to withstand near-freezing to boiling temperatures.\"\n            }\n        },\n        {\n            \"@type\": \"Question\",\n            \"name\": \"What is the life span of these bowls in terms of decomposition?\",\n            \"acceptedAnswer\": {\n                \"@type\": \"Answer\",\n                \"text\": \"There is evidence that supports the finding attesting that compostable bowls under ideal conditions can decompose into pieces the size of grains in 60 days sure helps the environment rather than resorting to plastic.\"\n            }\n        }\n    ]\n}<\/script><\/p>","protected":false},"excerpt":{"rendered":"<p>\u00c0 une \u00e9poque o\u00f9 l'on exige des solutions durables, <a href=\"https:\/\/www.bioleaderpack.com\/fr\/produit\/bols-en-fibre-compostables-a-base-de-bagasse-de-canne-a-sucre\/\" target=\"_blank\" rel=\"noopener\" data-wpil-monitor-id=\"2312\">Bols en fibre compostables \u00e0 base de bagasse de canne \u00e0 sucre de Bioleader<\/a><strong> (750ml, 1000ml, 1250ml)<\/strong> red\u00e9finissent les emballages alimentaires \u00e9cologiques. Fabriqu\u00e9s \u00e0 partir de pulpe de canne \u00e0 sucre rapidement renouvelable, ces bols sont enti\u00e8rement compostables et biod\u00e9gradables, tout en offrant des performances robustes : ils sont r\u00e9sistants \u00e0 l'huile, \u00e9tanches, compatibles avec les micro-ondes et la cong\u00e9lation. Polyvalents pour les salades, les nouilles, le riz ou les plats \u00e0 emporter, ils sont id\u00e9aux pour les restaurants, les traiteurs et les marques de services alimentaires qui recherchent \u00e0 la fois la durabilit\u00e9 et la qualit\u00e9. Avec une impression personnalisable, des prix d'usine comp\u00e9titifs et une certification internationale stricte, Bioleader se positionne comme le fabricant de choix pour les acheteurs d'emballages alimentaires de la prochaine g\u00e9n\u00e9ration.<\/p>","protected":false},"featured_media":2807,"comment_status":"open","ping_status":"closed","template":"","meta":{"_acf_changed":false},"product_brand":[8971],"product_cat":[7146,7150,7145],"product_tag":[6754,6797,6798,6772,6799],"class_list":{"0":"post-13564","1":"product","2":"type-product","3":"status-publish","4":"has-post-thumbnail","6":"product_brand-bioleader","7":"product_cat-bagasse-food-container","8":"product_cat-bagasse-bowl","9":"product_cat-bagasse-packaging","10":"product_tag-bagasse-bowls","11":"product_tag-bagasse-fiber-bowls","12":"product_tag-compostable-fiber-bowls","13":"product_tag-sugarcane-bowls","14":"product_tag-sugarcane-fiber-bowls","16":"first","17":"instock","18":"purchasable","19":"product-type-simple"},"acf":[],"_links":{"self":[{"href":"https:\/\/www.bioleaderpack.com\/fr\/wp-json\/wp\/v2\/product\/13564","targetHints":{"allow":["GET"]}}],"collection":[{"href":"https:\/\/www.bioleaderpack.com\/fr\/wp-json\/wp\/v2\/product"}],"about":[{"href":"https:\/\/www.bioleaderpack.com\/fr\/wp-json\/wp\/v2\/types\/product"}],"replies":[{"embeddable":true,"href":"https:\/\/www.bioleaderpack.com\/fr\/wp-json\/wp\/v2\/comments?post=13564"}],"wp:featuredmedia":[{"embeddable":true,"href":"https:\/\/www.bioleaderpack.com\/fr\/wp-json\/wp\/v2\/media\/2807"}],"wp:attachment":[{"href":"https:\/\/www.bioleaderpack.com\/fr\/wp-json\/wp\/v2\/media?parent=13564"}],"wp:term":[{"taxonomy":"product_brand","embeddable":true,"href":"https:\/\/www.bioleaderpack.com\/fr\/wp-json\/wp\/v2\/product_brand?post=13564"},{"taxonomy":"product_cat","embeddable":true,"href":"https:\/\/www.bioleaderpack.com\/fr\/wp-json\/wp\/v2\/product_cat?post=13564"},{"taxonomy":"product_tag","embeddable":true,"href":"https:\/\/www.bioleaderpack.com\/fr\/wp-json\/wp\/v2\/product_tag?post=13564"}],"curies":[{"name":"wp","href":"https:\/\/api.w.org\/{rel}","templated":true}]}}