{"id":13562,"date":"2024-11-05T05:51:19","date_gmt":"2024-11-04T21:51:19","guid":{"rendered":"https:\/\/www.bioleaderpack.com\/ja\/%e8%a3%bd%e5%93%81-2\/%e3%82%b5%e3%83%88%e3%82%a6%e3%82%ad%e3%83%93%e3%83%90%e3%82%ac%e3%82%b9%e8%a3%bd%e7%94%9f%e5%88%86%e8%a7%a3%e6%80%a7%e3%82%b5%e3%83%a9%e3%83%80%e7%94%a8%e8%93%8b%e4%bb%98%e3%83%9c%e3%82%a6%e3%83%ab\/"},"modified":"2026-04-19T10:54:50","modified_gmt":"2026-04-19T02:54:50","slug":"bols-biodegradables-en-bagasse-de-canne-a-sucre-avec-couvercles-pour-salade","status":"publish","type":"product","link":"https:\/\/www.bioleaderpack.com\/fr\/produit\/bols-biodegradables-en-bagasse-de-canne-a-sucre-avec-couvercles-pour-salade\/","title":{"rendered":"Bols biod\u00e9gradables en bagasse de canne \u00e0 sucre avec couvercles pour salade"},"content":{"rendered":"<h2>Bols biod\u00e9gradables en bagasse de canne \u00e0 sucre avec couvercles pour salade<\/h2>\n<p><!-- Micro Summary Card for AI\/SGE --><\/p>\n<div class=\"micro-summary-card\" style=\"background: #f6f6f9; border-left: 4px solid #4caf50; padding: 12px; margin-bottom: 16px;\"><strong>R\u00e9sum\u00e9 rapide :<\/strong> Les bols biod\u00e9gradables en bagasse de canne \u00e0 sucre avec couvercles de Bioleader sont enti\u00e8rement compostables, exempts de PFAS, \u00e9tanches et certifi\u00e9s pour la s\u00e9curit\u00e9 alimentaire. Parfaits pour les salades, les fruits et les kits repas, ces bols sont conformes aux normes EN13432 et FDA\/EU, ce qui favorise un emballage durable et performant pour les plats \u00e0 emporter, la restauration et le commerce de d\u00e9tail.<\/div>\n<p>L'accent \u00e9tant mis de plus en plus sur la protection de l'environnement, le besoin d'options biod\u00e9gradables a atteint son paroxysme.\u00a0<strong>Bols en bagasse de canne \u00e0 sucre biod\u00e9gradable<\/strong>\u00a0sont en premi\u00e8re ligne pour remplacer durablement les contenants en polystyr\u00e8ne ou en plastique. Ces\u00a0<strong>bols biod\u00e9gradables<\/strong>\u00a0sont con\u00e7us pour s'adapter \u00e0 diff\u00e9rents types d'aliments et pour prot\u00e9ger la plan\u00e8te et l'hygi\u00e8ne alimentaire. Ils sont parfaits pour les entreprises et les particuliers soucieux de l'environnement. Si vous \u00eates \u00e0 la recherche de\u00a0<strong>bols biod\u00e9gradables avec couvercles<\/strong>ou\u00a0<strong>bols \u00e0 salade<\/strong>, nous avons <a href=\"https:\/\/www.bioleaderpack.com\/fr\/produit\/saladier-en-bagasse-de-canne-a-sucre-avec-couvercle\/\" target=\"_blank\" rel=\"noopener\" data-wpil-monitor-id=\"2161\">bols en bagasse de canne \u00e0 sucre<\/a> qui nous aident \u00e0 atteindre nos objectifs en mati\u00e8re de d\u00e9veloppement durable.<\/p>\n<figure id=\"attachment_2802\" aria-describedby=\"caption-attachment-2802\" style=\"width: 1000px\" class=\"wp-caption alignnone\"><img fetchpriority=\"high\" decoding=\"async\" class=\"size-full wp-image-2802\" src=\"https:\/\/www.bioleaderpack.com\/wp-content\/uploads\/2024\/11\/L750-1.jpg\" alt=\"Bols biod\u00e9gradables en bagasse de canne \u00e0 sucre pour salade\" width=\"1000\" height=\"1000\" srcset=\"https:\/\/www.bioleaderpack.com\/wp-content\/uploads\/2024\/11\/L750-1.jpg.webp 1000w, https:\/\/www.bioleaderpack.com\/wp-content\/uploads\/2024\/11\/L750-1-12x12.jpg 12w, https:\/\/www.bioleaderpack.com\/wp-content\/uploads\/2024\/11\/L750-1-150x150.jpg.webp 150w, https:\/\/www.bioleaderpack.com\/wp-content\/uploads\/2024\/11\/L750-1-300x300.jpg.webp 300w, https:\/\/www.bioleaderpack.com\/wp-content\/uploads\/2024\/11\/L750-1-768x768.jpg.webp 768w, https:\/\/www.bioleaderpack.com\/wp-content\/uploads\/2024\/11\/L750-1-600x600.jpg 600w, https:\/\/www.bioleaderpack.com\/wp-content\/uploads\/2024\/11\/L750-1-100x100.jpg 100w\" sizes=\"(max-width: 1000px) 100vw, 1000px\" \/><figcaption id=\"caption-attachment-2802\" class=\"wp-caption-text\">Bols biod\u00e9gradables en bagasse de canne \u00e0 sucre pour salade<\/figcaption><\/figure>\n<h2>Les mat\u00e9riaux comptent : Les avantages de la bagasse de canne \u00e0 sucre<\/h2>\n<p>La pulpe obtenue lors de l'extraction du jus de canne \u00e0 sucre, la \"bagasse\", constitue une menace s\u00e9rieuse pour l'environnement ; son utilisation dans les emballages alimentaires peut donc \u00eatre une excellente id\u00e9e. Contrairement au plastique qui met des si\u00e8cles \u00e0 se d\u00e9grader,\u00a0<strong>bols en bagasse<\/strong>\u00a0ne prennent que quelques mois ou quelques ann\u00e9es, car ils se d\u00e9composent facilement et peuvent \u00eatre recycl\u00e9s en compost sans polluer.<\/p>\n<h3>Pourquoi choisir la bagasse de canne \u00e0 sucre ?<\/h3>\n<ul>\n<li><strong>Respectueux de l'environnement et compostable<\/strong>: <a href=\"https:\/\/www.bioleaderpack.com\/fr\/produit\/bols-en-fibre-compostables-a-base-de-bagasse-de-canne-a-sucre-750-1000-1250ml\/\" target=\"_blank\" rel=\"noopener\" data-wpil-monitor-id=\"2255\">Les bols en bagasse de canne \u00e0 sucre sont biod\u00e9gradables et compostables.<\/a> ce qui en fait une ressource biod\u00e9gradable qui nourrira la terre apr\u00e8s avoir \u00e9t\u00e9 jet\u00e9e.<\/li>\n<li><strong><a href=\"https:\/\/www.bioleaderpack.com\/fr\/la-vaisselle-en-bagasse-de-canne-a-sucre-contient-elle-du-pfas-et-est-elle-exempte-de-bpa\/\" target=\"_blank\">Sans PFAS ni BPA<\/a> Mat\u00e9riaux<\/strong>: L'utilisation de la bagasse de canne \u00e0 sucre pour la fabrication des bols \u00e9limine toute utilisation de produits chimiques dangereux pour l'alimentation, notamment les PFAS et le BPA, ce qui rend ces bols de qualit\u00e9 alimentaire et s\u00fbrs pour l'utilisation.<\/li>\n<li><strong>L'\u00e9co-responsabilit\u00e9<\/strong>: Si vous utilisez la bagasse de canne \u00e0 sucre comme produit, vous utilisez quelque chose qui a un impact durable du d\u00e9but \u00e0 la fin de son cycle de vie.<\/li>\n<\/ul>\n<h2>Technique de production avantageuse : Moulage de p\u00e2te \u00e0 papier<\/h2>\n<p>Notre\u00a0<strong>bols en bagasse de canne \u00e0 sucre<\/strong>\u00a0sont fabriqu\u00e9s \u00e0 l'aide d'une technique r\u00e9volutionnaire appel\u00e9e\u00a0<strong>bols en bagasse de canne \u00e0 sucre<\/strong>. Ce proc\u00e9d\u00e9 utilise la bagasse de canne \u00e0 sucre, ce qui permet d'obtenir une forme solide et durable pouvant \u00eatre utilis\u00e9e comme bol.<\/p>\n<h3>Pourquoi <a href=\"https:\/\/www.bioleaderpack.com\/fr\/sur-le-moulage-de-la-pate-a-papier\/\" target=\"_blank\">Moulage de la p\u00e2te \u00e0 papier<\/a>?<\/h3>\n<ul>\n<li><strong>Pendant la pr\u00e9paration de la soupe ou de la salade<\/strong>: Cette technologie est si efficace qu'elle peut traiter des aliments chauds et froids, ce qui la rend polyvalente. Elle ne laisse m\u00eame pas de taches de graisse dues \u00e0 l'huile.<\/li>\n<li><strong>Mettez-les au micro-ondes<\/strong>: Gr\u00e2ce \u00e0 la construction solide de ces bols, vous n'avez pas \u00e0 vous soucier de la perte de qualit\u00e9 des aliments, car vous pouvez les r\u00e9chauffer au micro-ondes ou les manger directement.<\/li>\n<li><strong>Bon pour les soupes, les nouilles et les salades<\/strong>: Tout cela est possible gr\u00e2ce au processus de production qui minimise les risques d'usure et rend le bol imperm\u00e9able, ce qui garantit une exp\u00e9rience alimentaire de premier ordre.<\/li>\n<\/ul>\n<div class=\"adweb-template\">\n<div class=\"adweb-template-43\">\n<table style=\"border-collapse: collapse; width: 100%;\">\n<tbody>\n<tr>\n<td style=\"width: 50%;\"><img decoding=\"async\" class=\"wp-image-2805 size-full\" src=\"https:\/\/www.bioleaderpack.com\/wp-content\/uploads\/2024\/11\/L1000-PET-Lid-1.jpg\" alt=\"bols biod\u00e9gradables avec couvercles en PET\" width=\"1000\" height=\"1000\" srcset=\"https:\/\/www.bioleaderpack.com\/wp-content\/uploads\/2024\/11\/L1000-PET-Lid-1.jpg.webp 1000w, https:\/\/www.bioleaderpack.com\/wp-content\/uploads\/2024\/11\/L1000-PET-Lid-1-300x300.jpg.webp 300w, https:\/\/www.bioleaderpack.com\/wp-content\/uploads\/2024\/11\/L1000-PET-Lid-1-100x100.jpg 100w, https:\/\/www.bioleaderpack.com\/wp-content\/uploads\/2024\/11\/L1000-PET-Lid-1-600x600.jpg 600w, https:\/\/www.bioleaderpack.com\/wp-content\/uploads\/2024\/11\/L1000-PET-Lid-1-150x150.jpg.webp 150w, https:\/\/www.bioleaderpack.com\/wp-content\/uploads\/2024\/11\/L1000-PET-Lid-1-768x768.jpg.webp 768w\" sizes=\"(max-width: 1000px) 100vw, 1000px\" \/><\/td>\n<td style=\"width: 50%;\"><img decoding=\"async\" class=\"size-full wp-image-2801\" src=\"https:\/\/www.bioleaderpack.com\/wp-content\/uploads\/2024\/11\/L750-bottom-1.jpg\" alt=\"bols \u00e0 salade\" width=\"1000\" height=\"1000\" srcset=\"https:\/\/www.bioleaderpack.com\/wp-content\/uploads\/2024\/11\/L750-bottom-1.jpg.webp 1000w, https:\/\/www.bioleaderpack.com\/wp-content\/uploads\/2024\/11\/L750-bottom-1-300x300.jpg.webp 300w, https:\/\/www.bioleaderpack.com\/wp-content\/uploads\/2024\/11\/L750-bottom-1-100x100.jpg 100w, https:\/\/www.bioleaderpack.com\/wp-content\/uploads\/2024\/11\/L750-bottom-1-600x600.jpg 600w, https:\/\/www.bioleaderpack.com\/wp-content\/uploads\/2024\/11\/L750-bottom-1-150x150.jpg.webp 150w, https:\/\/www.bioleaderpack.com\/wp-content\/uploads\/2024\/11\/L750-bottom-1-768x768.jpg.webp 768w\" sizes=\"(max-width: 1000px) 100vw, 1000px\" \/><\/td>\n<\/tr>\n<\/tbody>\n<\/table>\n<\/div>\n<\/div>\n<h2>Principales caract\u00e9ristiques et avantages : Raisons d'opter pour les bols en canne \u00e0 sucre<\/h2>\n<h4>Respect de l'environnement<\/h4>\n<ul>\n<li><a href=\"https:\/\/www.bioleaderpack.com\/fr\/sont-biodegradables-et-compostables-les-memes\/\" target=\"_blank\"><strong>Compostable et biod\u00e9gradable<\/strong><\/a>: En utilisant l'\u00e9nergie de la canne \u00e0 sucre\u00a0<strong>bols biod\u00e9gradables<\/strong>Gr\u00e2ce \u00e0 ces bols, nous pouvons nous assurer que le compost et les d\u00e9chets terrestres seront r\u00e9duits, ce qui pr\u00e9servera l'environnement, car ces bols sont garantis pour se d\u00e9composer naturellement et ne pas cr\u00e9er de d\u00e9chets de longue dur\u00e9e.<\/li>\n<li><strong>S\u00e9curit\u00e9 alimentaire<\/strong>: Gr\u00e2ce \u00e0 l'utilisation de mat\u00e9riaux s\u00fbrs et non toxiques lors de la fabrication, ces bols garantissent des aliments non contamin\u00e9s, ce qui permet de les servir et de les consommer en toute s\u00e9curit\u00e9.<\/li>\n<li><a href=\"https:\/\/www.bioleaderpack.com\/fr\/comment-les-boites-de-farine-de-bagasse-de-canne-a-sucre-peuvent-elles-resister-a-leau-et-a-lhuile\/\" target=\"_blank\"><strong>\u00c9tanch\u00e9it\u00e9 aux fuites et \u00e0 l'huile<\/strong><\/a>: Si vous pr\u00e9voyez de servir des plats gras tels que des p\u00e2tes ou de la vinaigrette, soyez assur\u00e9 que ces bols ne sont pas seulement r\u00e9sistants \u00e0 l'huile, mais aussi aux fuites. Ils sont parfaits pour tous les types d'aliments, y compris les soupes.<\/li>\n<\/ul>\n<h4>Sc\u00e9narios d'utilisation multiples<\/h4>\n<ul>\n<li><strong>Pour la salade<\/strong>: Non seulement ces\u00a0<strong>bols \u00e0 salade<\/strong>\u00a0La forme et la taille id\u00e9ales, mais aussi une simple salade verte ou un m\u00e9lange de c\u00e9r\u00e9ales et de l\u00e9gumes.<\/li>\n<li><strong>Restaurants et plats \u00e0 emporter<\/strong>: Ceux-ci\u00a0<strong>bols biod\u00e9gradables avec couvercles<\/strong>\u00a0sont parfaits pour les plats \u00e0 emporter et les livraisons des restaurants car ils sont capables de pr\u00e9server la valeur nutritive des aliments pendant la livraison et le transport des aliments.<\/li>\n<li><strong>Utilisation pour des f\u00eates et des \u00e9v\u00e9nements<\/strong>: Vous avez des bols ou des seaux \u00e0 nourriture pour les f\u00eates et les \u00e9v\u00e9nements de restauration ? Ces bols en canne \u00e0 sucre sont tr\u00e8s agr\u00e9ables \u00e0 utiliser et conviennent parfaitement aux buffets et aux pique-niques.<\/li>\n<li>\n<table style=\"border-collapse: collapse; width: 100%;\">\n<tbody>\n<tr>\n<td style=\"width: 100%;\"><img loading=\"lazy\" decoding=\"async\" class=\"size-full wp-image-2809\" src=\"https:\/\/www.bioleaderpack.com\/wp-content\/uploads\/2024\/11\/L750-1250-Sugarcane-bagasse-salad-bowl-750-1000-1250ml-1.jpg\" alt=\"bols biod\u00e9gradables\" width=\"1000\" height=\"1000\" srcset=\"https:\/\/www.bioleaderpack.com\/wp-content\/uploads\/2024\/11\/L750-1250-Sugarcane-bagasse-salad-bowl-750-1000-1250ml-1.jpg.webp 1000w, https:\/\/www.bioleaderpack.com\/wp-content\/uploads\/2024\/11\/L750-1250-Sugarcane-bagasse-salad-bowl-750-1000-1250ml-1-300x300.jpg.webp 300w, https:\/\/www.bioleaderpack.com\/wp-content\/uploads\/2024\/11\/L750-1250-Sugarcane-bagasse-salad-bowl-750-1000-1250ml-1-100x100.jpg 100w, https:\/\/www.bioleaderpack.com\/wp-content\/uploads\/2024\/11\/L750-1250-Sugarcane-bagasse-salad-bowl-750-1000-1250ml-1-600x600.jpg 600w, https:\/\/www.bioleaderpack.com\/wp-content\/uploads\/2024\/11\/L750-1250-Sugarcane-bagasse-salad-bowl-750-1000-1250ml-1-150x150.jpg.webp 150w, https:\/\/www.bioleaderpack.com\/wp-content\/uploads\/2024\/11\/L750-1250-Sugarcane-bagasse-salad-bowl-750-1000-1250ml-1-768x768.jpg.webp 768w\" sizes=\"(max-width: 1000px) 100vw, 1000px\" \/><\/td>\n<\/tr>\n<\/tbody>\n<\/table>\n<\/li>\n<\/ul>\n<div class=\"mceTemp\"><\/div>\n<table style=\"border-collapse: collapse; width: 100%;\">\n<tbody>\n<tr>\n<td style=\"width: 33.3333%;\"><img loading=\"lazy\" decoding=\"async\" class=\"wp-image-2802 size-full\" src=\"https:\/\/www.bioleaderpack.com\/wp-content\/uploads\/2024\/11\/L750-1.jpg\" alt=\"Bols biod\u00e9gradables en bagasse de canne \u00e0 sucre pour salade\" width=\"1000\" height=\"1000\" srcset=\"https:\/\/www.bioleaderpack.com\/wp-content\/uploads\/2024\/11\/L750-1.jpg.webp 1000w, https:\/\/www.bioleaderpack.com\/wp-content\/uploads\/2024\/11\/L750-1-12x12.jpg 12w, https:\/\/www.bioleaderpack.com\/wp-content\/uploads\/2024\/11\/L750-1-150x150.jpg.webp 150w, https:\/\/www.bioleaderpack.com\/wp-content\/uploads\/2024\/11\/L750-1-300x300.jpg.webp 300w, https:\/\/www.bioleaderpack.com\/wp-content\/uploads\/2024\/11\/L750-1-768x768.jpg.webp 768w, https:\/\/www.bioleaderpack.com\/wp-content\/uploads\/2024\/11\/L750-1-600x600.jpg 600w, https:\/\/www.bioleaderpack.com\/wp-content\/uploads\/2024\/11\/L750-1-100x100.jpg 100w\" sizes=\"(max-width: 1000px) 100vw, 1000px\" \/><\/td>\n<td style=\"width: 33.3333%;\"><img loading=\"lazy\" decoding=\"async\" class=\"wp-image-2803 size-full\" src=\"https:\/\/www.bioleaderpack.com\/wp-content\/uploads\/2024\/11\/L1000-1.jpg\" alt=\"bols jetables biod\u00e9gradables\" width=\"1000\" height=\"1000\" srcset=\"https:\/\/www.bioleaderpack.com\/wp-content\/uploads\/2024\/11\/L1000-1.jpg.webp 1000w, https:\/\/www.bioleaderpack.com\/wp-content\/uploads\/2024\/11\/L1000-1-12x12.jpg 12w, https:\/\/www.bioleaderpack.com\/wp-content\/uploads\/2024\/11\/L1000-1-150x150.jpg.webp 150w, https:\/\/www.bioleaderpack.com\/wp-content\/uploads\/2024\/11\/L1000-1-300x300.jpg.webp 300w, https:\/\/www.bioleaderpack.com\/wp-content\/uploads\/2024\/11\/L1000-1-768x768.jpg.webp 768w, https:\/\/www.bioleaderpack.com\/wp-content\/uploads\/2024\/11\/L1000-1-600x600.jpg 600w, https:\/\/www.bioleaderpack.com\/wp-content\/uploads\/2024\/11\/L1000-1-100x100.jpg 100w\" sizes=\"(max-width: 1000px) 100vw, 1000px\" \/><\/td>\n<td style=\"width: 33.3333%;\"><img loading=\"lazy\" decoding=\"async\" class=\"wp-image-2807 size-full\" src=\"https:\/\/www.bioleaderpack.com\/wp-content\/uploads\/2024\/11\/L1250-1.jpg\" alt=\"Bols en fibre compostables\" width=\"1000\" height=\"1000\" srcset=\"https:\/\/www.bioleaderpack.com\/wp-content\/uploads\/2024\/11\/L1250-1.jpg.webp 1000w, https:\/\/www.bioleaderpack.com\/wp-content\/uploads\/2024\/11\/L1250-1-12x12.jpg 12w, https:\/\/www.bioleaderpack.com\/wp-content\/uploads\/2024\/11\/L1250-1-150x150.jpg.webp 150w, https:\/\/www.bioleaderpack.com\/wp-content\/uploads\/2024\/11\/L1250-1-300x300.jpg.webp 300w, https:\/\/www.bioleaderpack.com\/wp-content\/uploads\/2024\/11\/L1250-1-768x768.jpg.webp 768w, https:\/\/www.bioleaderpack.com\/wp-content\/uploads\/2024\/11\/L1250-1-600x600.jpg 600w, https:\/\/www.bioleaderpack.com\/wp-content\/uploads\/2024\/11\/L1250-1-100x100.jpg 100w\" sizes=\"(max-width: 1000px) 100vw, 1000px\" \/><\/td>\n<\/tr>\n<\/tbody>\n<\/table>\n<h2>Un nouveau centre d'int\u00e9r\u00eat : la demande croissante d'emballages alimentaires respectueux de l'environnement<\/h2>\n<p>Dans un contexte de pr\u00e9occupation croissante pour l'environnement, l'\u00e9volution vers des syst\u00e8mes de gestion de l'eau et de l'\u00e9nergie est une r\u00e9alit\u00e9.\u00a0<strong>r\u00e9cipients alimentaires biod\u00e9gradables<\/strong>\u00a0semble \u00eatre en hausse. De nouvelles \u00e9tudes de march\u00e9 indiquent qu'il y aura une forte augmentation de la demande pour les produits de la mer.\u00a0<strong>bols de canne \u00e0 sucre<\/strong>\u00a0car un nombre croissant d'entreprises et de personnes optent pour ces options respectueuses de l'environnement. Nos bols avec couvercles seront la meilleure option pour ceux qui veulent suivre les tendances du march\u00e9 et servir des clients respectueux de l'environnement.<\/p>\n<h2>Recommandations des clients : La vision et les avantages des bols en canne \u00e0 sucre<\/h2>\n<p>Aujourd'hui, les clients s'int\u00e9ressent davantage aux produits de bonne qualit\u00e9 qui correspondent \u00e0 leur id\u00e9al personnel et \u00e0 leur personnalit\u00e9.\u00a0<strong>bols biod\u00e9gradables en canne \u00e0 sucre<\/strong>\u00a0permettent d'avoir cette image de soi. Notre bol est solide, durable et facile \u00e0 utiliser. Il est \u00e9galement respectueux de l'environnement. Les bols peuvent \u00eatre utilis\u00e9s pour une vari\u00e9t\u00e9 de plats, y compris les salades, les nouilles ou la soupe, et les commentaires des clients concernant la r\u00e9sistance au lavage, le passage au micro-ondes et la biod\u00e9gradabilit\u00e9 ont \u00e9t\u00e9 fantastiques.<\/p>\n<h2>Principales questions et r\u00e9ponses :<\/h2>\n<ul>\n<li><strong>Ces bols passent-ils au micro-ondes ?<\/strong><\/li>\n<\/ul>\n<p>Oui, les bols passent au micro-ondes. Ils peuvent \u00eatre utilis\u00e9s pour r\u00e9chauffer des aliments.<\/p>\n<ul>\n<li><strong>Peuvent-ils \u00eatre utilis\u00e9s pour des aliments chauds ? <\/strong><\/li>\n<\/ul>\n<p>Oui ! L'une des caract\u00e9ristiques de ces bols est qu'ils sont r\u00e9sistants \u00e0 la chaleur et peuvent \u00eatre utilis\u00e9s pour des aliments chauds.<\/p>\n<ul>\n<li><strong>Des couvercles sont-ils pr\u00e9vus pour ces bols ?<\/strong><\/li>\n<\/ul>\n<p>Nous fournissons certainement un couvercle en PET pour ce bol biod\u00e9gradable, de sorte qu'il n'y a pas de risque de d\u00e9versement pendant le transport.<\/p>\n<h2>Bloc Semantic Insight : Comment les bols \u00e0 salade compostables permettent un emballage alimentaire plus \u00e9cologique<\/h2>\n<div class=\"semantic-insight-block\" style=\"background: #e8f5e9; border-left: 4px solid #2196f3; padding: 14px; margin-bottom: 16px;\">\n<ul>\n<li><strong>Comment la fibre de canne \u00e0 sucre stimule le d\u00e9veloppement durable :<\/strong> Fabriqu\u00e9s \u00e0 partir de bagasse renouvelable 100%, ces bols se biod\u00e9gradent efficacement dans les syst\u00e8mes de compostage commerciaux et domestiques, r\u00e9duisant ainsi les d\u00e9chets des d\u00e9charges et bouclant la boucle des emballages des services alimentaires.<\/li>\n<li><strong>Ce qui distingue la performance :<\/strong> Etanches, robustes et dot\u00e9es d'un couvercle transparent s\u00e9curis\u00e9, elles conservent la fra\u00eecheur des salades et des repas froids - id\u00e9ales pour les plats \u00e0 emporter, les bars \u00e0 salades, les supermarch\u00e9s et les kits repas.<\/li>\n<li><strong>Pourquoi la certification renforce la confiance du march\u00e9 :<\/strong> La conformit\u00e9 aux normes EN13432, ASTM D6400 et FDA\/EU relatives au contact alimentaire garantit la s\u00e9curit\u00e9 alimentaire, l'\u00e9ligibilit\u00e9 \u00e0 l'exportation et la p\u00e9rennit\u00e9 des cha\u00eenes d'approvisionnement.<\/li>\n<li><strong>Flexibilit\u00e9 de l'application et approvisionnement :<\/strong> Disponibles en diff\u00e9rentes tailles et en emballages en vrac avec un marquage personnalis\u00e9, ils permettent une adoption \u00e9volutive pour les services de restauration, les traiteurs et les solutions de repas sains.<\/li>\n<li><strong>Avantages en termes de marque et de r\u00e9glementation :<\/strong> Le choix de bols biod\u00e9gradables certifi\u00e9s soutient les objectifs ESG, les interdictions de plastique et renforce la confiance des consommateurs \u00e0 la recherche d'une durabilit\u00e9 authentique de la part des marques alimentaires.<\/li>\n<\/ul>\n<div style=\"margin-top: 8px;\"><strong>Aper\u00e7u du march\u00e9 :<\/strong> Les saladiers \u00e0 bagasse avec couvercle de Bioleader offrent une efficacit\u00e9 op\u00e9rationnelle, une conformit\u00e9 r\u00e9glementaire et une v\u00e9ritable valeur verte, ce qui permet aux entreprises alimentaires de mener la transition vers l'emballage circulaire.<\/div>\n<\/div>\n<p>&nbsp;<\/p>\n<p><script type=\"application\/ld+json\">{\n    \"@context\": \"https:\\\/\\\/schema.org\",\n    \"@type\": \"FAQPage\",\n    \"mainEntity\": [\n        {\n            \"@type\": \"Question\",\n            \"name\": \"Are these bowls microwave-safe?\",\n            \"acceptedAnswer\": {\n                \"@type\": \"Answer\",\n                \"text\": \"Yes, the bowls are microwave-safe. They can be used to heat food.\"\n            }\n        },\n        {\n            \"@type\": \"Question\",\n            \"name\": \"Can they be used for hot food?\",\n            \"acceptedAnswer\": {\n                \"@type\": \"Answer\",\n                \"text\": \"Yes! One of the features of these bowls is that they are heat resistant and can be used for hot food.\"\n            }\n        },\n        {\n            \"@type\": \"Question\",\n            \"name\": \"Are lids provided for these bowls?\",\n            \"acceptedAnswer\": {\n                \"@type\": \"Answer\",\n                \"text\": \"Most certainly, we provide PET Lid for this biodegradable bowl, so that there is no likelihood of spillage while in transit.\"\n            }\n        }\n    ]\n}<\/script><\/p>","protected":false},"excerpt":{"rendered":"<p><a href=\"https:\/\/www.bioleaderpack.com\/fr\/produit\/recipients-a-salade-biodegradables-bols\/\" target=\"_blank\" rel=\"noopener\" data-wpil-monitor-id=\"2233\">Bols biod\u00e9gradables avec couvercles en bagasse de canne \u00e0 sucre de Bioleader<\/a> pour Salad allient durabilit\u00e9 naturelle et besoins modernes en mati\u00e8re de restauration. Fabriqu\u00e9s \u00e0 partir de fibres de bagasse v\u00e9g\u00e9tale 100%, ces bols sont enti\u00e8rement compostables, exempts de PFAS et certifi\u00e9s pour un contact s\u00fbr avec les aliments. Leur conception robuste et \u00e9tanche, associ\u00e9e \u00e0 un couvercle transparent, permet de conserver la fra\u00eecheur des salades, des fruits et des plats pr\u00e9par\u00e9s pour la vente \u00e0 emporter, la restauration et les supermarch\u00e9s. Conformes aux normes EN13432 et FDA\/EU, ils constituent une alternative \u00e9cologique et rentable aux r\u00e9cipients en plastique, permettant aux marques d'atteindre leurs objectifs en mati\u00e8re d'efficacit\u00e9 op\u00e9rationnelle et de d\u00e9veloppement durable.<\/p>","protected":false},"featured_media":2802,"comment_status":"open","ping_status":"closed","template":"","meta":{"_acf_changed":false},"product_brand":[8971],"product_cat":[7150,7146],"product_tag":[6754,6769,6787,6796,6772],"class_list":{"0":"post-13562","1":"product","2":"type-product","3":"status-publish","4":"has-post-thumbnail","6":"product_brand-bioleader","7":"product_cat-bagasse-bowl","8":"product_cat-bagasse-food-container","9":"product_tag-bagasse-bowls","10":"product_tag-biodegradable-bowls","11":"product_tag-biodegradable-bowls-with-lids","12":"product_tag-bowls-for-salad","13":"product_tag-sugarcane-bowls","15":"first","16":"instock","17":"purchasable","18":"product-type-simple"},"acf":[],"_links":{"self":[{"href":"https:\/\/www.bioleaderpack.com\/fr\/wp-json\/wp\/v2\/product\/13562","targetHints":{"allow":["GET"]}}],"collection":[{"href":"https:\/\/www.bioleaderpack.com\/fr\/wp-json\/wp\/v2\/product"}],"about":[{"href":"https:\/\/www.bioleaderpack.com\/fr\/wp-json\/wp\/v2\/types\/product"}],"replies":[{"embeddable":true,"href":"https:\/\/www.bioleaderpack.com\/fr\/wp-json\/wp\/v2\/comments?post=13562"}],"wp:featuredmedia":[{"embeddable":true,"href":"https:\/\/www.bioleaderpack.com\/fr\/wp-json\/wp\/v2\/media\/2802"}],"wp:attachment":[{"href":"https:\/\/www.bioleaderpack.com\/fr\/wp-json\/wp\/v2\/media?parent=13562"}],"wp:term":[{"taxonomy":"product_brand","embeddable":true,"href":"https:\/\/www.bioleaderpack.com\/fr\/wp-json\/wp\/v2\/product_brand?post=13562"},{"taxonomy":"product_cat","embeddable":true,"href":"https:\/\/www.bioleaderpack.com\/fr\/wp-json\/wp\/v2\/product_cat?post=13562"},{"taxonomy":"product_tag","embeddable":true,"href":"https:\/\/www.bioleaderpack.com\/fr\/wp-json\/wp\/v2\/product_tag?post=13562"}],"curies":[{"name":"wp","href":"https:\/\/api.w.org\/{rel}","templated":true}]}}