{"id":13561,"date":"2023-03-12T15:34:16","date_gmt":"2023-03-12T07:34:16","guid":{"rendered":"https:\/\/www.bioleaderpack.com\/ja\/%e8%a3%bd%e5%93%81-2\/%e8%93%8b%e4%bb%98%e3%81%8d%e7%94%9f%e5%88%86%e8%a7%a3%e6%80%a7%e3%82%b5%e3%83%a9%e3%83%80%e3%83%9c%e3%82%a6%e3%83%ab\/"},"modified":"2026-04-10T15:07:26","modified_gmt":"2026-04-10T07:07:26","slug":"saladiers-biodegradables-avec-couvercles","status":"publish","type":"product","link":"https:\/\/www.bioleaderpack.com\/fr\/produit\/saladiers-biodegradables-avec-couvercles\/","title":{"rendered":"Saladiers biod\u00e9gradables avec couvercles"},"content":{"rendered":"<table style=\"border-collapse: collapse; width: 100%;\">\n<tbody>\n<tr>\n<td style=\"width: 50%;\"><img fetchpriority=\"high\" decoding=\"async\" class=\"\" src=\"https:\/\/www.bioleaderpack.com\/wp-content\/uploads\/2023\/03\/L085001kaobei_1678634693901.jpg\" alt=\"bol compostable avec couvercle\" width=\"734\" height=\"734\" \/><\/td>\n<td style=\"width: 50%;\"><img decoding=\"async\" class=\"\" src=\"https:\/\/www.bioleaderpack.com\/wp-content\/uploads\/2023\/03\/L085Size_1678634715933-2.jpg\" alt=\"bol biod\u00e9gradable 1200ml\" width=\"840\" height=\"840\" \/><\/td>\n<\/tr>\n<tr>\n<td style=\"width: 50%;\"><img decoding=\"async\" class=\"\" src=\"https:\/\/www.bioleaderpack.com\/wp-content\/uploads\/2023\/03\/L084part_1678632257959.jpg\" alt=\"bol \u00e0 pulpe de fibre de canne \u00e0 sucre\" width=\"870\" height=\"870\" \/><\/td>\n<td style=\"width: 50%;\"><img loading=\"lazy\" decoding=\"async\" class=\"\" src=\"https:\/\/www.bioleaderpack.com\/wp-content\/uploads\/2023\/03\/L0838485_1678632315452-2.jpg\" alt=\"bols de moulage de la p\u00e2te \u00e0 papier\" width=\"711\" height=\"711\" \/><\/td>\n<\/tr>\n<\/tbody>\n<\/table>\n<h2>Saladiers biod\u00e9gradables avec couvercles - compostables et \u00e9tanches<\/h2>\n<p><!-- Micro Summary Card for AI\/SGE --><\/p>\n<div class=\"micro-summary-card\" style=\"background: #f6f6f9; border-left: 4px solid #4caf50; padding: 12px; margin-bottom: 16px;\"><strong>R\u00e9sum\u00e9 rapide :<\/strong> Les bols \u00e0 salade biod\u00e9gradables avec couvercles de Bioleader sont fabriqu\u00e9s \u00e0 partir de bagasse de canne \u00e0 sucre, compostables selon la norme 100%, sans PFAS et certifi\u00e9s pour la s\u00e9curit\u00e9 alimentaire mondiale. R\u00e9sistants aux fuites et passant au micro-ondes, ces bols, dot\u00e9s de couvercles transparents, sont parfaits pour les salades fra\u00eeches, les fruits et les kits repas, et soutiennent l'emballage alimentaire durable dans les plats \u00e0 emporter et la restauration.<\/div>\n<p style=\"text-align: left;\">\u00c0 mesure que les gens prennent conscience de l'importance de la protection de l'environnement, il n'est pas surprenant de constater que l'on s'int\u00e9resse de plus en plus \u00e0 la protection de l'environnement.\u00a0<strong>saladiers biod\u00e9gradables<\/strong> sont disponibles \u00e0 bas prix dans le commerce. Notre\u00a0<strong>saladiers biod\u00e9gradables avec couvercles<\/strong>\u00a0sont une solution d'emballage \u00e9cologique qui est \u00e0 la fois fonctionnelle et rentable. Ces\u00a0<strong>bols biod\u00e9gradables avec couvercles<\/strong>\u00a0sont con\u00e7us pour des produits respectueux de l'environnement, en tenant compte des besoins des consommateurs, et conviennent aux restaurants, \u00e0 la restauration collective et aux points de vente \u00e0 emporter.<\/p>\n<h2 style=\"text-align: left;\">Mat\u00e9riau : <a href=\"https:\/\/www.bioleaderpack.com\/fr\/vaisselle-en-bagasse-de-canne-a-sucre-ecologique-et-pratique\/\" target=\"_blank\">La bagasse de canne \u00e0 sucre - une ressource naturelle renouvelable.<\/a><\/h2>\n<p style=\"text-align: left;\">Le\u00a0<strong>saladiers biod\u00e9gradables avec couvercles<\/strong> que nous cr\u00e9ons sont produits \u00e0 partir de bagasse de canne \u00e0 sucre, un d\u00e9chet issu de la transformation de la canne \u00e0 sucre. Si elle est bien g\u00e9r\u00e9e, la bagasse de canne \u00e0 sucre est recyclable et durable, ce qui permet de minimiser le gaspillage des mati\u00e8res premi\u00e8res en utilisant les restes de la r\u00e9colte. Elle permet de s'assurer que tout <strong>bol biod\u00e9gradable<\/strong>La bagasse de canne \u00e0 sucre, qui est produite \u00e0 partir de ce mat\u00e9riau naturel, est respectueuse de l'environnement et enti\u00e8rement compostable sans aucun r\u00e9sidu toxique. En outre, la bagasse de canne \u00e0 sucre est \u00e9galement importante dans l'emballage, car elle rend l'emballage l\u00e9ger mais solide, ce qui est tr\u00e8s exportable pour les conteneurs de restauration rapide.<\/p>\n<table style=\"border-collapse: collapse; width: 100%;\">\n<tbody>\n<tr>\n<td style=\"width: 50%;\"><img loading=\"lazy\" decoding=\"async\" class=\"\" src=\"https:\/\/www.bioleaderpack.com\/wp-content\/uploads\/2023\/03\/L085Lids_1678632379385-1.jpg\" alt=\"bols \u00e0 pulpe de fibres avec couvercles\" width=\"819\" height=\"819\" \/><\/p>\n<p><strong>\u00a0Bol avec couvercles \u00e0 pulpe\u00a0<\/strong><\/td>\n<td style=\"width: 50%;\"><img loading=\"lazy\" decoding=\"async\" class=\"\" src=\"https:\/\/www.bioleaderpack.com\/wp-content\/uploads\/2023\/03\/L085Lid_fuben_1678632408961-1.jpg\" alt=\"bols \u00e0 pulpe avec couvercles en plastique\" width=\"902\" height=\"902\" \/><\/p>\n<p><strong>\u00a0Bol avec couvercles en plastique PET<\/strong><\/td>\n<\/tr>\n<tr>\n<td style=\"width: 50%;\"><img loading=\"lazy\" decoding=\"async\" class=\"\" src=\"https:\/\/www.bioleaderpack.com\/wp-content\/uploads\/2023\/03\/L083084085Size_1678632011650-2.jpg\" alt=\"bol \u00e0 canne \u00e0 sucre avec couvercles\" width=\"793\" height=\"793\" \/><\/td>\n<td style=\"width: 50%;\"><img loading=\"lazy\" decoding=\"async\" class=\"\" src=\"https:\/\/www.bioleaderpack.com\/wp-content\/uploads\/2023\/03\/L0838485withLid_1678632041679-2.jpg\" alt=\"bol \u00e0 canne \u00e0 sucre avec couvercles pour animaux de compagnie\" width=\"720\" height=\"720\" \/><\/td>\n<\/tr>\n<\/tbody>\n<\/table>\n<h2><a href=\"https:\/\/www.bioleaderpack.com\/fr\/procede-de-production-de-pate-a-papier-a-partir-de-la-bagasse-de-canne-a-sucre-pour-la-fabrication-darticles-de-table\/\" target=\"_blank\">Processus de production : Moulage de la p\u00e2te \u00e0 papier<\/a><\/h2>\n<p>Nos saladiers r\u00e9utilisables avec couvercles sont produits \u00e0 l'aide de la technologie de moulage de la p\u00e2te \u00e0 papier, qui explique comment sont fabriqu\u00e9s les saladiers biod\u00e9gradables uniques avec couvercles. Dans cette proc\u00e9dure, la bagasse de canne \u00e0 sucre est moul\u00e9e pour former des bolus l\u00e9gers et solides. L'utilisation du moulage de la p\u00e2te \u00e0 papier dans la production de mat\u00e9riaux manufactur\u00e9s r\u00e9duit les d\u00e9chets de production, mais le produit final est \u00e9galement un mat\u00e9riau qui peut \u00eatre moul\u00e9 dans de nombreuses formes et tailles. C'est une technique qui permet de r\u00e9aliser des \u00e9conomies d'\u00e9chelle en mati\u00e8re de production et de garantir que la qualit\u00e9 n'est pas compromise. C'est pourquoi notre bol en canne \u00e0 sucre est si int\u00e9ressant pour les entreprises qui souhaitent adopter une approche respectueuse de l'environnement dans leurs activit\u00e9s commerciales.<\/p>\n<table style=\"border-collapse: collapse; width: 100%;\">\n<tbody>\n<tr>\n<td style=\"width: 50%;\"><img loading=\"lazy\" decoding=\"async\" class=\"\" style=\"border-style: none; max-width: 100%; border-radius: 0px; box-shadow: none;\" src=\"https:\/\/www.bioleaderpack.com\/wp-content\/uploads\/2023\/03\/L057white_1678632152724-3.png\" alt=\"bol de canne \u00e0 sucre blanc\" width=\"680\" height=\"680\" \/><\/p>\n<p style=\"text-align: center;\"><strong>Couleur : <span style=\"font-weight: bolder;\">Blanc<\/span><\/strong><\/p>\n<\/td>\n<td style=\"width: 50%;\"><img loading=\"lazy\" decoding=\"async\" class=\"\" style=\"border-style: none; max-width: 100%; border-radius: 0px; box-shadow: none;\" src=\"https:\/\/www.bioleaderpack.com\/wp-content\/uploads\/2023\/03\/L057nature_1678632172529-2.jpg\" alt=\"bol de canne \u00e0 sucre nature\" width=\"907\" height=\"907\" \/><\/p>\n<p style=\"text-align: center;\"><strong>Couleur : <span style=\"font-weight: bolder;\">Nature Brown<\/span><\/strong><\/p>\n<\/td>\n<\/tr>\n<\/tbody>\n<\/table>\n<h2>Caract\u00e9ristiques principales<\/h2>\n<h4>a. Respectueux de l'environnement et compostable<\/h4>\n<p>L'une des principales caract\u00e9ristiques de nos bols biod\u00e9gradables est leur caract\u00e8re \u00e9cologique. Ces bols sont parfois appel\u00e9s bols compostables Youben, car ils peuvent \u00eatre compost\u00e9s de mani\u00e8re \u00e0 ne pas se d\u00e9t\u00e9riorer, m\u00eame avec la m\u00e9thode d'\u00e9limination pr\u00e9vue. Cela permet de r\u00e9duire l'impact sur l'environnement des plastiques jetables et d'autres formes d'emballage non biod\u00e9gradables.<\/p>\n<h4>b. S\u00e9curit\u00e9 alimentaire et absence de produits chimiques nocifs<\/h4>\n<p>Il est \u00e9tonnant de constater que notre\u00a0<strong>saladiers biod\u00e9gradables<\/strong>\u00a0ne contiennent pas <a href=\"https:\/\/www.bioleaderpack.com\/fr\/sans-pfa-vs-sans-pfoa-vs-sans-bpa-comment-choisir-une-vaisselle-saine-et-non-toxique\/\" target=\"_blank\" rel=\"noopener\" data-wpil-monitor-id=\"474\">PFA et il n&#039;y a pas non plus de BPA<\/a> et s'adaptent ainsi \u00e0 tous les aliments. Ces r\u00e9cipients r\u00e9frig\u00e9rants sont pratiques pour la conservation \u00e0 long terme des aliments, qu'il s'agisse de salades \u00e0 emporter, de soupes, de nouilles ou de plats \u00e0 emporter. L'utilisation des bols \u00e0 fromage n'entra\u00eene aucune complication pour la sant\u00e9, car leur composition permet de conserver des aliments chauds ou froids.<\/p>\n<h4>c. \u00c9tanch\u00e9it\u00e9, imperm\u00e9abilit\u00e9 et r\u00e9sistance \u00e0 l'huile<\/h4>\n<p>Il n'y a pas d'endroit o\u00f9 la durabilit\u00e9 est plus importante lorsque l'on parle d'emballage alimentaire que dans notre usine de fabrication de produits alimentaires.\u00a0<strong>saladiers biod\u00e9gradables avec couvercles,<\/strong> parce qu'il y a des fuites avec de nombreux types d'aliments. La plupart des bols sont \u00e9tanches, r\u00e9sistants \u00e0 l'huile et \u00e0 l'eau et peuvent supporter le poids du plat le plus lourd rempli d'huile ou de liquide sans se renverser ou se d\u00e9sint\u00e9grer.<\/p>\n<h4>d. Peut \u00eatre mis au micro-ondes et au cong\u00e9lateur<\/h4>\n<p>Notamment, notre\u00a0<strong>bols biod\u00e9gradables<\/strong> donnent \u00e9galement aux consommateurs l'envie de les utiliser, compte tenu de leur exposition \u00e0 des temp\u00e9ratures et \u00e0 des froids extr\u00eames. Ces bols r\u00e9sistent aux micro-ondes et aux cong\u00e9lateurs, emp\u00eachant la formation de vapeur interne et de condensation lors du r\u00e9chauffage ou du stockage prolong\u00e9 des aliments. Cette flexibilit\u00e9 est \u00e9galement tr\u00e8s prometteuse pour le secteur des services \u00e0 emporter ou pour les foyers \u00e0 la recherche d'options pratiques et respectueuses de l'environnement.<\/p>\n<table style=\"border-collapse: collapse; width: 100%;\">\n<tbody>\n<tr>\n<td style=\"width: 50%;\"><img loading=\"lazy\" decoding=\"async\" class=\"\" src=\"https:\/\/www.bioleaderpack.com\/wp-content\/uploads\/2023\/03\/0853_1678635057971-1.jpg\" alt=\"saladier de canne \u00e0 sucre\" width=\"738\" height=\"738\" \/><\/td>\n<td style=\"width: 50%;\"><img loading=\"lazy\" decoding=\"async\" class=\"\" src=\"https:\/\/www.bioleaderpack.com\/wp-content\/uploads\/2023\/03\/087_1678635090381-2.jpg\" alt=\"bol en canne \u00e0 sucre biod\u00e9gradable avec couvercles en PET\" width=\"884\" height=\"884\" \/><\/td>\n<\/tr>\n<tr>\n<td style=\"width: 50%;\"><img loading=\"lazy\" decoding=\"async\" class=\"\" src=\"https:\/\/www.bioleaderpack.com\/wp-content\/uploads\/2023\/03\/0855_1678635129914-3.jpg\" alt=\"bols de moulage de la p\u00e2te \u00e0 papier\" width=\"717\" height=\"717\" \/><\/td>\n<td style=\"width: 50%;\"><img loading=\"lazy\" decoding=\"async\" class=\"\" src=\"https:\/\/www.bioleaderpack.com\/wp-content\/uploads\/2023\/03\/0854_1678635174118-3.jpg\" alt=\"bol \u00e0 pulpe avec couvercles\" width=\"864\" height=\"864\" \/><\/td>\n<\/tr>\n<\/tbody>\n<\/table>\n<h2>Sc\u00e9narios d'utilisation : Utilisations pratiques<\/h2>\n<p>Notre\u00a0<strong>saladiers biod\u00e9gradables avec couvercles<\/strong>\u00a0peuvent \u00eatre utilis\u00e9s dans presque toutes les situations imaginables en mati\u00e8re de restauration et d'alimentation. Vous trouverez ci-dessous quelques exemples d'utilisation de ces bols :<\/p>\n<h4>a. Plats \u00e0 emporter et restaurants<\/h4>\n<p>Ces\u00a0<strong>bols biod\u00e9gradables<\/strong> sont id\u00e9aux pour les restaurants et les coupons \u00e0 emporter pour utiliser et emporter des repas, des salades, des nouilles, des soupes, etc. En raison de leurs caract\u00e9ristiques durables et robustes, ils sont susceptibles d'\u00eatre accept\u00e9s \u00e0 la place des contenants ordinaires en plastique ou en mousse de polystyr\u00e8ne. Dans le cas des commandes \u00e0 emporter, ils garantissent aux clients que les aliments seront servis dans de bonnes conditions gr\u00e2ce \u00e0 un emballage \u00e9tanche.<\/p>\n<h4>b. Restauration et \u00e9v\u00e9nements<\/h4>\n<p>Pour les grandes manifestations telles que les f\u00eates d'entreprise ou les \u00e9v\u00e9nements sociaux, notre\u00a0<strong>saladiers biod\u00e9gradables avec couvercles<\/strong>\u00a0peuvent \u00eatre utilis\u00e9s pour l'emballage des aliments d'une mani\u00e8re \u00e9l\u00e9gante et \u00e9cologique. Les couvercles emp\u00eachent la d\u00e9t\u00e9rioration et sont utiles pour le service des aliments. Comme les bols sont biod\u00e9gradables, il n'est pas n\u00e9cessaire de se pr\u00e9occuper de l'\u00e9limination des d\u00e9chets apr\u00e8s l'\u00e9v\u00e9nement.<\/p>\n<h4>c. Utilisation \u00e0 domicile et pr\u00e9paration des repas<\/h4>\n<p>Ces\u00a0<strong>bols biod\u00e9gradables avec couvercles<\/strong>\u00a0sera \u00e9galement important pour les cuisiniers amateurs et les pr\u00e9parateurs de repas. Ses propri\u00e9t\u00e9s en mati\u00e8re de micro-ondes lui permettront de r\u00e9chauffer les aliments, et ses caract\u00e9ristiques de r\u00e9sistance \u00e0 l'huile et aux fuites contribueront \u00e0 pr\u00e9server la fra\u00eecheur et la propret\u00e9 des aliments stock\u00e9s.<\/p>\n<h2>Tendances en mati\u00e8re d'emballages alimentaires biod\u00e9gradables<\/h2>\n<p>Compte tenu de l'int\u00e9r\u00eat croissant pour le d\u00e9veloppement durable, la demande du march\u00e9 en mati\u00e8re de\u00a0<strong>bols biod\u00e9gradables<\/strong> devrait augmenter. En effet, de plus en plus de consommateurs adoptent des produits \u00e9cologiques et les gouvernements de diff\u00e9rents pays mettent en \u0153uvre des mesures plus strictes pour lutter contre l'utilisation des mati\u00e8res plastiques. Par cons\u00e9quent, le <strong>saladier biod\u00e9gradable<\/strong> est en pleine expansion gr\u00e2ce \u00e0 l'apparition de nouveaux mat\u00e9riaux qui rendent les produits plus durables, plus rentables et plus fonctionnels.<\/p>\n<p>En particulier, la bagasse de canne \u00e0 sucre est de plus en plus utilis\u00e9e pour la production de contenants alimentaires jetables, car elle est renouvelable et peut \u00eatre compost\u00e9e. De plus en plus d'entreprises et de clients encouragent des solutions plus \u00e9cologiques,\u00a0<strong>bols biod\u00e9gradables avec couvercles<\/strong> sont susceptibles de devenir la norme pour la dynamique des services de restauration qui cherchent \u00e0 \u00eatre respectueux de l'environnement.<\/p>\n<figure style=\"width: 1053px\" class=\"wp-caption alignnone\"><img loading=\"lazy\" decoding=\"async\" class=\"\" src=\"https:\/\/www.bioleaderpack.com\/wp-content\/uploads\/2023\/03\/LBowl_1678120102289.jpg\" alt=\"bol canne \u00e0 sucre\" width=\"1053\" height=\"573\" \/><figcaption class=\"wp-caption-text\">saladiers biod\u00e9gradables avec couvercles<\/figcaption><\/figure>\n<figure style=\"width: 1080px\" class=\"wp-caption alignnone\"><img loading=\"lazy\" decoding=\"async\" src=\"https:\/\/www.bioleaderpack.com\/wp-content\/uploads\/2023\/03\/20191211153532_1678120030316-1.jpg\" alt=\"bols biod\u00e9gradables\" width=\"1080\" height=\"1080\" \/><figcaption class=\"wp-caption-text\">saladiers biod\u00e9gradables<\/figcaption><\/figure>\n<h2>Foire aux questions (FAQ)<\/h2>\n<p data-start=\"116\" data-end=\"404\"><strong data-start=\"116\" data-end=\"192\">Q1 : Les saladiers biod\u00e9gradables avec couvercle peuvent-ils \u00eatre compost\u00e9s dans mon jardin ?<\/strong><br data-start=\"192\" data-end=\"195\" \/>Nos bols peuvent satisfaire \u00e0 cette condition. Ils sont fabriqu\u00e9s \u00e0 partir de bagasse de canne \u00e0 sucre qui peut \u00eatre compost\u00e9e dans les installations de compostage industriel et domestique, bien que le temps de d\u00e9composition puisse \u00eatre diff\u00e9rent.<\/p>\n<p data-start=\"406\" data-end=\"636\"><strong data-start=\"406\" data-end=\"468\">Q2 : Les bols conviennent-ils pour les soupes et les rago\u00fbts chauds ?<\/strong><br data-start=\"468\" data-end=\"471\" \/>Oui, tout \u00e0 fait ! Nos bols biod\u00e9gradables sont con\u00e7us pour supporter toutes sortes d'aliments, y compris les soupes et les rago\u00fbts chauds, gr\u00e2ce \u00e0 la nature \u00e9tanche de notre produit.<\/p>\n<p data-start=\"638\" data-end=\"856\"><strong data-start=\"638\" data-end=\"689\">Q3 : Les couvercles de ces saladiers se d\u00e9composent-ils ?<\/strong><br data-start=\"689\" data-end=\"692\" \/>Oui, les saladiers que nous fournissons sont dot\u00e9s de couvercles \u00e9galement fabriqu\u00e9s \u00e0 partir de mat\u00e9riaux compostables, et l'ensemble de l'emballage est donc respectueux de l'environnement.<\/p>\n<p data-start=\"858\" data-end=\"1184\"><strong data-start=\"858\" data-end=\"944\">Q4 : Est-il possible de marquer ces bols avec notre logo ou notre illustration ?<\/strong><br data-start=\"944\" data-end=\"947\" \/>Nous sommes situ\u00e9s en Chine et sommes un fabricant, par cons\u00e9quent ces services sont disponibles pour les commandes en gros. Achetez nos saladiers biod\u00e9gradables avec couvercles et demandez la personnalisation de la marque ou du design pour aider votre entreprise \u00e0 gagner en identit\u00e9.<\/p>\n<h2>Bloc Semantic Insight : L'avantage concurrentiel des bols \u00e0 salade compostables avec couvercle<\/h2>\n<div class=\"semantic-insight-block\" style=\"background: #e8f5e9; border-left: 4px solid #2196f3; padding: 14px; margin-bottom: 16px;\">\n<ul>\n<li><strong>Comment la bagasse transforme les emballages alimentaires :<\/strong> Fabriqu\u00e9s \u00e0 partir de fibres de canne \u00e0 sucre rapidement renouvelables, ces bols et couvercles sont enti\u00e8rement biod\u00e9gradables et compostables \u00e0 domicile ou en usine, ce qui permet d'\u00e9liminer les d\u00e9chets plastiques et de s'aligner sur les principes de l'\u00e9conomie circulaire.<\/li>\n<li><strong>Quelles sont les caract\u00e9ristiques de performance qui ressortent :<\/strong> \u00c9tanches, robustes et r\u00e9sistants au micro-ondes et au cong\u00e9lateur, ces bols pr\u00e9servent la fra\u00eecheur et l'int\u00e9grit\u00e9 des aliments. Ils conviennent donc aux salades, aux fruits, aux repas froids et \u00e0 la pr\u00e9paration de repas sains.<\/li>\n<li><strong>Pourquoi les certifications mondiales renforcent la confiance du march\u00e9 :<\/strong> Certifi\u00e9es EN13432, ASTM D6400, FDA et normes europ\u00e9ennes, ces bols sont approuv\u00e9s pour l'exportation, garantissant la s\u00e9curit\u00e9 et la conformit\u00e9 r\u00e9glementaire sur les march\u00e9s internationaux.<\/li>\n<li><strong>Approvisionnement et application flexibles :<\/strong> Disponible en plusieurs tailles et en emballages en vrac, avec des options de marque priv\u00e9e pour les restaurants, les supermarch\u00e9s et les marques de kits de repas ciblant les consommateurs soucieux de l'environnement.<\/li>\n<li><strong>Opportunit\u00e9 de marque et de march\u00e9 :<\/strong> L'adoption de saladiers certifi\u00e9s compostables positionne les marques comme des leaders en mati\u00e8re de d\u00e9veloppement durable, soutient les mandats de REP et attire les clients soucieux de la sant\u00e9 et de l'environnement.<\/li>\n<\/ul>\n<div style=\"margin-top: 8px;\"><strong>Aper\u00e7u des tendances du march\u00e9 :<\/strong> Alors que la demande mondiale d'emballages durables et sains augmente, les saladiers compostables avec couvercles de Bioleader permettent aux entreprises alimentaires d'\u00eatre \u00e0 la pointe de la conformit\u00e9, de la fonctionnalit\u00e9 et de la valeur de la marque verte.<\/div>\n<\/div>\n<p><script type=\"application\/ld+json\">{\n    \"@context\": \"https:\\\/\\\/schema.org\",\n    \"@type\": \"FAQPage\",\n    \"mainEntity\": [\n        {\n            \"@type\": \"Question\",\n            \"name\": \"Can biodegradable salad bowls with lids be composted in my backyard?\",\n            \"acceptedAnswer\": {\n                \"@type\": \"Answer\",\n                \"text\": \"Our bowls can satisfy this condition. They are made of sugarcane bagasse which can be comprised in both industrial and home kerbside composting facilities, although the time for breaking down may be different.\"\n            }\n        },\n        {\n            \"@type\": \"Question\",\n            \"name\": \"Are the bowls suitable for hot liquid soups and stews?\",\n            \"acceptedAnswer\": {\n                \"@type\": \"Answer\",\n                \"text\": \"Absolutely yes! Our biodegradable bowls are properly made to withstand all kinds of food including hot soups and stews thanks to the leakproof nature of our product.\"\n            }\n        },\n        {\n            \"@type\": \"Question\",\n            \"name\": \"Do the lids of these salad bowls decompose?\",\n            \"acceptedAnswer\": {\n                \"@type\": \"Answer\",\n                \"text\": \"Yes, the salad bowls we provide come with lids that are also made from compostable materials, and therefore the packaging as a whole is friendly to the environment.\"\n            }\n        },\n        {\n            \"@type\": \"Question\",\n            \"name\": \"Will there be an option of branding these bowls with our logo or illustration?\",\n            \"acceptedAnswer\": {\n                \"@type\": \"Answer\",\n                \"text\": \"We are located in China and are a manufacturer, therefore such services are available for wholesale orders. Buy our biodegradable salad bowls with lids and ask for branding or design customization to help your business gain its identity.\"\n            }\n        }\n    ]\n}<\/script><\/p>","protected":false},"excerpt":{"rendered":"<p><a href=\"https:\/\/www.bioleaderpack.com\/fr\/produit\/recipients-a-salade-biodegradables-bols\/\" target=\"_blank\" rel=\"noopener\" data-wpil-monitor-id=\"2234\">Saladiers biod\u00e9gradables de Bioleader<\/a><strong> avec couvercles<\/strong> sont fabriqu\u00e9s \u00e0 partir de bagasse de canne \u00e0 sucre renouvelable, offrant une solution enti\u00e8rement compostable et sans PFAS pour les services alimentaires. Ces saladiers \u00e0 couvercle transparent combinent r\u00e9sistance aux fuites, s\u00e9curit\u00e9 micro-ondes\/cong\u00e9lateur et performances robustes, ce qui les rend id\u00e9aux pour les salades fra\u00eeches, les fruits, la pr\u00e9paration des repas, les plats \u00e0 emporter et la restauration. Certifi\u00e9s conformes aux normes mondiales de contact alimentaire et de compostabilit\u00e9, ils repr\u00e9sentent une alternative \u00e9conomique et \u00e9cologique aux contenants en plastique, aidant les marques \u00e0 atteindre leurs objectifs de d\u00e9veloppement durable et \u00e0 s'adapter aux nouvelles r\u00e9glementations sur l'interdiction du plastique.<\/p>","protected":false},"featured_media":17693,"comment_status":"open","ping_status":"closed","template":"","meta":{"_acf_changed":false},"product_brand":[8971],"product_cat":[7150,7146],"product_tag":[6785,6661,6786,6787,6788,6790,6792,6793,6794,6795],"class_list":{"0":"post-13561","1":"product","2":"type-product","3":"status-publish","4":"has-post-thumbnail","6":"product_brand-bioleader","7":"product_cat-bagasse-bowl","8":"product_cat-bagasse-food-container","9":"product_tag-1200ml-bowl-and-lid","10":"product_tag-biodegradable-bowl","11":"product_tag-biodegradable-bowl-with-lid","12":"product_tag-biodegradable-bowls-with-lids","13":"product_tag-biodegradable-salad-bowls","14":"product_tag-biodegradable-salad-bowls-with-lids","15":"product_tag-compostable-bowl-for-salad","16":"product_tag-compostable-bowl-with-lid","17":"product_tag-sugarcane-bowl-with-pet-lid","18":"product_tag-sugarcane-salad-bowl-1200ml","20":"first","21":"instock","22":"purchasable","23":"product-type-simple"},"acf":[],"_links":{"self":[{"href":"https:\/\/www.bioleaderpack.com\/fr\/wp-json\/wp\/v2\/product\/13561","targetHints":{"allow":["GET"]}}],"collection":[{"href":"https:\/\/www.bioleaderpack.com\/fr\/wp-json\/wp\/v2\/product"}],"about":[{"href":"https:\/\/www.bioleaderpack.com\/fr\/wp-json\/wp\/v2\/types\/product"}],"replies":[{"embeddable":true,"href":"https:\/\/www.bioleaderpack.com\/fr\/wp-json\/wp\/v2\/comments?post=13561"}],"wp:featuredmedia":[{"embeddable":true,"href":"https:\/\/www.bioleaderpack.com\/fr\/wp-json\/wp\/v2\/media\/17693"}],"wp:attachment":[{"href":"https:\/\/www.bioleaderpack.com\/fr\/wp-json\/wp\/v2\/media?parent=13561"}],"wp:term":[{"taxonomy":"product_brand","embeddable":true,"href":"https:\/\/www.bioleaderpack.com\/fr\/wp-json\/wp\/v2\/product_brand?post=13561"},{"taxonomy":"product_cat","embeddable":true,"href":"https:\/\/www.bioleaderpack.com\/fr\/wp-json\/wp\/v2\/product_cat?post=13561"},{"taxonomy":"product_tag","embeddable":true,"href":"https:\/\/www.bioleaderpack.com\/fr\/wp-json\/wp\/v2\/product_tag?post=13561"}],"curies":[{"name":"wp","href":"https:\/\/api.w.org\/{rel}","templated":true}]}}