{"id":13554,"date":"2023-03-07T07:58:06","date_gmt":"2023-03-06T23:58:06","guid":{"rendered":"https:\/\/www.bioleaderpack.com\/product\/compostable-biodegradable-plates-and-bowls-bulk-wholesale\/"},"modified":"2026-04-24T17:14:12","modified_gmt":"2026-04-24T09:14:12","slug":"assiettes-et-bols-compostables-et-biodegradables","status":"publish","type":"product","link":"https:\/\/www.bioleaderpack.com\/fr\/produit\/assiettes-et-bols-compostables-et-biodegradables\/","title":{"rendered":"Assiettes et bols biod\u00e9gradables compostables en gros"},"content":{"rendered":"<table style=\"border-collapse: collapse; width: 100%;\">\n<tbody>\n<tr>\n<td style=\"width: 50%;\"><img fetchpriority=\"high\" decoding=\"async\" class=\"\" src=\"https:\/\/www.bioleaderpack.com\/wp-content\/uploads\/2023\/03\/L006Size_1678175533670-1.jpg\" alt=\"saladier de canne \u00e0 sucre\" width=\"665\" height=\"665\" \/><\/td>\n<td style=\"width: 50%;\"><img decoding=\"async\" class=\"\" src=\"https:\/\/www.bioleaderpack.com\/wp-content\/uploads\/2023\/03\/L0062_1678175566119-2.jpg\" alt=\"bol de canne \u00e0 sucre 680ml\" width=\"678\" height=\"678\" \/><\/td>\n<\/tr>\n<tr>\n<td style=\"width: 50%;\"><img decoding=\"async\" class=\"\" src=\"https:\/\/www.bioleaderpack.com\/wp-content\/uploads\/2023\/03\/L006A4_1678175594714-2.jpg\" alt=\"saladier de canne \u00e0 sucre jetable \" width=\"694\" height=\"694\" \/><\/td>\n<td style=\"width: 50%;\"><img loading=\"lazy\" decoding=\"async\" class=\"\" src=\"https:\/\/www.bioleaderpack.com\/wp-content\/uploads\/2023\/03\/L006A5_1678175614514.jpg\" alt=\"bol biod\u00e9gradable en canne \u00e0 sucre 24oz\" width=\"669\" height=\"669\" \/><\/td>\n<\/tr>\n<tr>\n<td style=\"width: 50%;\"><img loading=\"lazy\" decoding=\"async\" class=\"\" src=\"https:\/\/www.bioleaderpack.com\/wp-content\/uploads\/2023\/03\/IMG_0821_fuben_1678174350584.jpg\" alt=\"bol de canne \u00e0 sucre couleur blanche\" width=\"667\" height=\"667\" \/><\/p>\n<p style=\"text-align: center;\"><strong>Couleur : blanc\u00a0<\/strong><\/p>\n<\/td>\n<td style=\"width: 50%;\"><img loading=\"lazy\" decoding=\"async\" class=\"\" src=\"https:\/\/www.bioleaderpack.com\/wp-content\/uploads\/2023\/03\/L0033_1678173853179.jpg\" alt=\"bol en bagasse de canne \u00e0 sucre nature\" width=\"671\" height=\"671\" \/><\/p>\n<p style=\"text-align: center;\"><strong>Couleur : Nature Brown<\/strong><\/p>\n<\/td>\n<\/tr>\n<\/tbody>\n<\/table>\n<h2>Assiettes et bols biod\u00e9gradables compostables - Emballages alimentaires durables<\/h2>\n<p><!-- Micro Summary Card for AI\/SGE --><\/p>\n<div class=\"micro-summary-card\" style=\"background: #f6f6f9; border-left: 4px solid #4caf50; padding: 12px; margin-bottom: 16px;\"><strong>R\u00e9sum\u00e9 rapide :<\/strong> Les assiettes et bols biod\u00e9gradables compostables de Bioleader sont fabriqu\u00e9s \u00e0 partir de bagasse de canne \u00e0 sucre v\u00e9g\u00e9tale, sans PFAS et enti\u00e8rement compostables. Con\u00e7us pour la s\u00e9curit\u00e9 alimentaire, la r\u00e9sistance aux fuites et l'utilisation au micro-ondes, ils sont certifi\u00e9s conformes aux normes EN13432, ASTM D6400 et FDA\/EU relatives au contact alimentaire. Une solution id\u00e9ale pour les restaurants, les traiteurs, les \u00e9v\u00e9nements et les marques alimentaires \u00e0 la recherche d'emballages fiables, \u00e9cologiques et \u00e0 usage unique qui r\u00e9pondent aux interdictions mondiales de plastique et aux objectifs de d\u00e9veloppement durable.<\/div>\n<p>Alors que le d\u00e9veloppement durable devient de plus en plus une priorit\u00e9, l'inqui\u00e9tude mondiale concernant l'utilisation de l'\u00e9nergie nucl\u00e9aire est de plus en plus grande.\u00a0<strong>assiettes et bols biod\u00e9gradables<\/strong>\u00a0devrait conna\u00eetre une croissance rapide. L'utilisation de ces produits jetables est en hausse, non seulement parce qu'ils sont bon march\u00e9 et efficaces, mais aussi parce qu'ils sont respectueux de l'environnement. Ce document se concentre sur la composition, le processus de fabrication, les caract\u00e9ristiques, les conceptions portables et imprimables, et les utilisations des produits suivants\u00a0<strong>assiettes et bols compostables<\/strong>\u00a0en d\u00e9tail.<\/p>\n<h2>Mat\u00e9riau : <a href=\"https:\/\/www.bioleaderpack.com\/fr\/vaisselle-en-bagasse-de-canne-a-sucre-ecologique-et-pratique\/\" target=\"_blank\">Bagasse de canne \u00e0 sucre<\/a><\/h2>\n<p>L'ingr\u00e9dient de base le plus utilis\u00e9 pour la fabrication de <strong>bols et assiettes biod\u00e9gradables<\/strong> est la bagasse de canne \u00e0 sucre, qui est le r\u00e9sidu fibreux restant apr\u00e8s l'extraction du jus de la canne \u00e0 sucre. Ce mat\u00e9riau est \u00e0 la fois renouvelable et hautement biod\u00e9gradable, et donc id\u00e9al pour la vaisselle \u00e9cologique. Contrairement au plastique ou au polystyr\u00e8ne,\u00a0<strong>assiettes et bols compostables<\/strong>\u00a0fabriqu\u00e9s \u00e0 partir de bagasse de canne \u00e0 sucre ne laissent pas de d\u00e9chets derri\u00e8re eux et ne finissent pas dans les d\u00e9charges.<\/p>\n<h2>Processus de production : <a href=\"https:\/\/www.bioleaderpack.com\/fr\/sur-le-moulage-de-la-pate-a-papier\/\" target=\"_blank\">Moulage de la p\u00e2te \u00e0 papier<\/a><\/h2>\n<p>Le processus de\u00a0<strong>bio-plaques et bio-ballons<\/strong> comprend le moulage de la pulpe. Pour commencer, la bagasse de canne \u00e0 sucre est transform\u00e9e en une p\u00e2te qui sera ensuite press\u00e9e sous pression dans les formes souhait\u00e9es. Ce proc\u00e9d\u00e9 permet \u00e9galement d'\u00e9viter les fuites et les graisses dans le produit final - bols, assiettes et autres produits compostables fabriqu\u00e9s \u00e0 partir de stratifi\u00e9s thermoplastiques expans\u00e9s disponibles sur le march\u00e9. Le processus est cependant respectueux de l'environnement et rentable, ce qui donne de l'importance aux produits sur le march\u00e9.<\/p>\n<table style=\"border-collapse: collapse; width: 100%;\">\n<tbody>\n<tr>\n<td style=\"width: 50%;\"><img loading=\"lazy\" decoding=\"async\" class=\"\" style=\"text-align: center;\" src=\"https:\/\/www.bioleaderpack.com\/wp-content\/uploads\/2023\/03\/00622_1678175724311-3.jpg\" alt=\"bol de canne \u00e0 sucre noddle\" width=\"704\" height=\"704\" \/><\/td>\n<td style=\"width: 50%;\"><img loading=\"lazy\" decoding=\"async\" class=\"\" src=\"https:\/\/www.bioleaderpack.com\/wp-content\/uploads\/2023\/03\/006_1678175745375-1.jpg\" alt=\"saladier de canne \u00e0 sucre\" width=\"691\" height=\"691\" \/><\/td>\n<\/tr>\n<\/tbody>\n<\/table>\n<h2>Caract\u00e9ristiques<\/h2>\n<h4>1. Respectueux de l'environnement et compostable<\/h4>\n<p>L'un des principaux avantages de la\u00a0<strong>assiettes et bols biod\u00e9gradables<\/strong>\u00a0est qu'ils sont jetables et que les d\u00e9chets peuvent \u00eatre ajout\u00e9s au sol en tant que nutriments. Cela signifie qu'il y a un besoin extr\u00eame d'utiliser du plastique. Ces produits peuvent \u00eatre compost\u00e9s dans des environnements domestiques ou industriels, ce qui permet de r\u00e9duire l'empreinte carbone d'une personne.<\/p>\n<h4>2.\u00a0<a href=\"https:\/\/www.bioleaderpack.com\/fr\/sont-biodegradables-et-compostables-les-memes\/\" target=\"_blank\">Biod\u00e9gradable<\/a><\/h4>\n<p>Outre le fait que ces assiettes et ustensiles peuvent \u00eatre jet\u00e9s au compost,\u00a0<strong>bols et assiettes biod\u00e9gradables<\/strong> sont \u00e9cologiques parce qu'ils se d\u00e9sint\u00e8grent facilement en quelques mois sans avoir \u00e0 se transformer en petites particules dans les d\u00e9charges, contrairement \u00e0 la plupart des articles de table, qui peuvent durer des centaines d'ann\u00e9es.<\/p>\n<h4>3. Exempt de produits chimiques et <a href=\"https:\/\/www.bioleaderpack.com\/fr\/lutilisation-de-la-vaisselle-en-bagasse-de-canne-a-sucre-est-elle-sans-danger\/\" target=\"_blank\">S\u00e9curit\u00e9 alimentaire<\/a><\/h4>\n<p>Ces produits ne contiennent pas de substances chimiques nocives telles que le BPA, les PFAS, etc., ce qui emp\u00eache la lixiviation des substances chimiques dans les aliments.\u00a0<strong>Bols et assiettes compostables<\/strong> exclure les risques pour la sant\u00e9 des consommateurs lors de la pr\u00e9paration des aliments.<\/p>\n<h4>4<a href=\"https:\/\/www.bioleaderpack.com\/fr\/comment-les-boites-de-farine-de-bagasse-de-canne-a-sucre-peuvent-elles-resister-a-leau-et-a-lhuile\/\" target=\"_blank\">. R\u00e9sistant \u00e0 l'huile et \u00e9tanche<\/a><\/h4>\n<p>En raison du processus de formation de la p\u00e2te,\u00a0<strong>assiettes et bols biod\u00e9gradables<\/strong>\u00a0ont \u00e9t\u00e9 rendues \u00e9tanches et conviennent donc aux soupes chaudes, aux salades grasses avec vinaigrette et \u00e0 tout autre aliment liquide.<\/p>\n<h4>5.\u00a0<a href=\"https:\/\/www.bioleaderpack.com\/fr\/la-vaisselle-en-bagasse-de-canne-a-sucre-peut-elle-resister-a-des-temperatures-elevees-telles-que-la-soupe-chaude-ou-le-chauffage-au-micro-ondes\/\" target=\"_blank\">Micro-ondes<\/a><\/h4>\n<p>En outre, ces produits sont compatibles avec les micro-ondes, d'o\u00f9 la n\u00e9cessit\u00e9 de r\u00e9chauffer le repas d\u00e9j\u00e0 cuit sans endommager ni le bol ni l'assiette.<\/p>\n<table style=\"border-collapse: collapse; width: 100%;\">\n<tbody>\n<tr>\n<td style=\"width: 50%;\"><img loading=\"lazy\" decoding=\"async\" class=\"\" src=\"https:\/\/www.bioleaderpack.com\/wp-content\/uploads\/2023\/03\/0062_1678175808937-1.jpg\" alt=\"bol de canne \u00e0 sucre\" width=\"723\" height=\"723\" \/><\/td>\n<td style=\"width: 50%;\"><img loading=\"lazy\" decoding=\"async\" class=\"\" src=\"https:\/\/www.bioleaderpack.com\/wp-content\/uploads\/2023\/03\/0062_1678175851645-3.jpg\" alt=\"bol \u00e0 canne \u00e0 sucre pour noddle\" width=\"696\" height=\"696\" \/><\/td>\n<\/tr>\n<\/tbody>\n<\/table>\n<h2>Options d'emballage personnalisables<\/h2>\n<p>Parmi les principaux avantages concurrentiels de\u00a0<strong>bols et assiettes compostables<\/strong>\u00a0est leur capacit\u00e9 \u00e0 \u00eatre marqu\u00e9s avec leur emballage. Que vous soyez restaurateur et que vous souhaitiez apposer votre marque sur vos contenants \u00e0 emporter ou organisateur d'\u00e9v\u00e9nements qui a besoin de cadeaux \u00e0 th\u00e8me,\u00a0<strong>assiettes et bols biod\u00e9gradables<\/strong> offrent des options d'emballage flexibles. Un ensemble peut \u00eatre facilement fabriqu\u00e9 en diff\u00e9rentes tailles et formes. Il est possible de combiner le respect de l'environnement et le caract\u00e8re distinctif, ce qui permet de promouvoir l'image de l'entreprise.<\/p>\n<h2>Cas d'utilisation et applications pratiques<\/h2>\n<h4>1. Restaurants et services \u00e0 emporter<\/h4>\n<p>Des vari\u00e9t\u00e9s plus r\u00e9sistantes de polystyr\u00e8ne, de polypropyl\u00e8ne et de PET gagnent en popularit\u00e9, alors m\u00eame que le plastique est en d\u00e9clin et que l'on assiste \u00e0 une augmentation de la consommation d'\u00e9nergie et des \u00e9missions de gaz \u00e0 effet de serre.\u00a0<strong>assiettes et bols biod\u00e9gradables<\/strong> s'\u00e9tendent aux ustensiles de cuisine. Ces propri\u00e9t\u00e9s et applications courantes comprennent notamment de meilleurs contenants pour les produits cosm\u00e9tiques, des bols en papier r\u00e9sistant \u00e0 l'huile et des contenants pour les repas \u00e0 emporter. De plus, son aspect \u00e9cologique le rend attrayant pour les consommateurs actuels qui sont soucieux de l'environnement.<\/p>\n<h4>2. Restauration et \u00e9v\u00e9nements<\/h4>\n<p>Les organisateurs d'\u00e9v\u00e9nements soucieux de l'environnement et de la durabilit\u00e9 peuvent utiliser ces bols et assiettes biod\u00e9gradables au lieu de la vaisselle en plastique ordinaire. Ces articles sont id\u00e9aux pour les personnes qui doivent organiser de grands \u00e9v\u00e9nements, des fonctions et des rassemblements qui n\u00e9cessitent l'utilisation de produits jetables, mais dont la gestion des d\u00e9chets pose probl\u00e8me.<\/p>\n<h4>3. Utilisation par les m\u00e9nages<\/h4>\n<p>Outre les entreprises commerciales, de nombreux consommateurs ach\u00e8tent \u00e9galement ce type de produits.\u00a0<strong>bols et assiettes compostables<\/strong> \u00e0 la maison pour les barbecues, les pique-niques et les repas de famille. Ces produits sont pratiques et r\u00e9duisent les d\u00e9chets produits par les m\u00e9nages, c'est pourquoi ils sont privil\u00e9gi\u00e9s par les m\u00e9nages verts.<\/p>\n<p align=\"left\"><strong>Autre taille :<\/strong><\/p>\n<figure style=\"width: 1344px\" class=\"wp-caption alignnone\"><img loading=\"lazy\" decoding=\"async\" class=\"\" src=\"https:\/\/www.bioleaderpack.com\/wp-content\/uploads\/2023\/03\/LBowl_1678120102289.jpg\" alt=\"bol canne \u00e0 sucre\" width=\"1344\" height=\"731\" \/><figcaption class=\"wp-caption-text\">Bol de canne \u00e0 sucre<\/figcaption><\/figure>\n<figure style=\"width: 1357px\" class=\"wp-caption alignnone\"><img loading=\"lazy\" decoding=\"async\" class=\"\" src=\"https:\/\/www.bioleaderpack.com\/wp-content\/uploads\/2023\/03\/20191211153532_1678120030316-1.jpg\" alt=\"bols biod\u00e9gradables\" width=\"1357\" height=\"1357\" \/><figcaption class=\"wp-caption-text\">Bol de canne \u00e0 sucre<\/figcaption><\/figure>\n<h2>Questions courantes<\/h2>\n<p><strong>Q : Les assiettes et bols compostables, tels qu'ils sont pr\u00e9sent\u00e9s, sont-ils totalement d\u00e9composables ?<\/strong><\/p>\n<p>R : Oui, les assiettes et bols biod\u00e9gradables en bagasse de canne \u00e0 sucre sont compostables et se d\u00e9composent en peu de temps, alors qu'il faut des si\u00e8cles pour que les produits en plastique le fassent.<\/p>\n<p><strong>Q : Les bols et assiettes compostables peuvent-ils \u00eatre utilis\u00e9s au micro-ondes ?<\/strong><\/p>\n<p>R : Certainement ! Les bols et assiettes compostables peuvent \u00eatre utilis\u00e9s en toute s\u00e9curit\u00e9 au micro-ondes, ce qui permet de r\u00e9chauffer les aliments sans que les mat\u00e9riaux toxiques des r\u00e9cipients ne s'infiltrent dans les aliments.<\/p>\n<p><strong>Q : Ces assiettes et bols sont-ils \u00e9tanches ?<\/strong><\/p>\n<p>R : Oui, nos bols et assiettes biod\u00e9gradables sont con\u00e7us \u00e0 cet effet. Ils ne font donc pas grincer des dents lorsqu'ils sont utilis\u00e9s pour servir des plats liquides tels que la soupe et la salade.<\/p>\n<p><strong>Q : Est-il possible de modifier la forme des mat\u00e9riaux d'emballage ?<\/strong><\/p>\n<p>R : Oui, les assiettes et les bols compostables peuvent \u00eatre modifi\u00e9s en termes de dimensions, de contours et de type. Cette possibilit\u00e9 est particuli\u00e8rement avantageuse pour les entreprises qui souhaitent utiliser des types d'emballage respectueux de l'environnement pour leurs produits et qui incluent le logo de leur entreprise.<\/p>\n<h2>Bloc Semantic Insight : La valeur strat\u00e9gique des assiettes et bols compostables dans les services alimentaires<\/h2>\n<div class=\"semantic-insight-block\" style=\"background: #e8f5e9; border-left: 4px solid #2196f3; padding: 14px; margin-bottom: 16px;\">\n<ul>\n<li><strong>Comment les mat\u00e9riaux compostables font progresser le d\u00e9veloppement durable :<\/strong> Fabriqu\u00e9s \u00e0 partir de bagasse de canne \u00e0 sucre rapidement renouvelable, ces assiettes et bols sont compostables 100% et se biod\u00e9gradent rapidement, sans laisser de r\u00e9sidus toxiques. Leur composition sans PFAS permet un contact s\u00fbr avec les aliments et r\u00e9pond aux exigences en mati\u00e8re d'emballage \u00e9cologique.<\/li>\n<li><strong>Quels sont les avantages en termes de performance qui les distinguent ?<\/strong> R\u00e9sistants aux fuites, aux graisses et aux aliments chauds ou froids, ces produits passent au micro-ondes et conservent leur int\u00e9grit\u00e9 structurelle dans diverses applications, des repas \u00e0 emporter \u00e0 la restauration \u00e0 grande \u00e9chelle.<\/li>\n<li><strong>Pourquoi les certifications mondiales sont importantes :<\/strong> Certifi\u00e9s EN13432, ASTM D6400 et FDA\/EU, ces assiettes et bols sont approuv\u00e9s pour l'exportation et l'utilisation sur des march\u00e9s o\u00f9 les exigences en mati\u00e8re de s\u00e9curit\u00e9 alimentaire et de compostabilit\u00e9 sont strictes, ce qui garantit l'avenir de votre cha\u00eene d'approvisionnement.<\/li>\n<li><strong>Options cl\u00e9s pour les services alimentaires et la vente au d\u00e9tail :<\/strong> Disponible en plusieurs tailles et formes (pour les entr\u00e9es, les accompagnements, les desserts et les soupes), l'emballage en vrac permet une adoption \u00e9volutive pour les restaurants, les QSR, la livraison de repas et la restauration \u00e9v\u00e9nementielle.<\/li>\n<li><strong>Consid\u00e9rations strat\u00e9giques sur le march\u00e9 :<\/strong> L'adoption de vaisselle compostable et biod\u00e9gradable positionne les marques comme des leaders en mati\u00e8re de d\u00e9veloppement durable, r\u00e9pond aux tendances r\u00e9glementaires (interdiction du plastique, REP) et attire les consommateurs soucieux de l'environnement, ce qui permet d'instaurer la confiance et de se diff\u00e9rencier de la concurrence.<\/li>\n<\/ul>\n<div style=\"margin-top: 8px;\"><strong>Aper\u00e7u des tendances du march\u00e9 :<\/strong> \u00c0 l'heure o\u00f9 les services alimentaires mondiaux s'orientent vers des emballages durables \u00e0 usage unique, les assiettes et bols compostables certifi\u00e9s de Bioleader permettent aux marques de d\u00e9passer la conformit\u00e9, de cr\u00e9er une valeur de marque positive et de soutenir les objectifs de l'\u00e9conomie circulaire.<\/div>\n<\/div>\n<p>&nbsp;<\/p>\n<p><script type=\"application\/ld+json\">{\n    \"@context\": \"https:\\\/\\\/schema.org\",\n    \"@type\": \"FAQPage\",\n    \"mainEntity\": [\n        {\n            \"@type\": \"Question\",\n            \"name\": \"Are compostable plates and bowls, as claimed, completely decomposable?\",\n            \"acceptedAnswer\": {\n                \"@type\": \"Answer\",\n                \"text\": \"Yes, the sugarcane bagasse biodegradable plates and bowls are compostable and within a short time, they will decompose which plastic products take many centuries to accomplish.\"\n            }\n        },\n        {\n            \"@type\": \"Question\",\n            \"name\": \"Are the compostable bowls and plates suitable for use in the microwave?\",\n            \"acceptedAnswer\": {\n                \"@type\": \"Answer\",\n                \"text\": \"Certainly! Compostable bowls and compostable plates are safe for usage in the microwave which also makes it possible for the heating of food without any chances of toxic food container materials leaching into the food.\"\n            }\n        },\n        {\n            \"@type\": \"Question\",\n            \"name\": \"Are these plates and bowls leakproof?\",\n            \"acceptedAnswer\": {\n                \"@type\": \"Answer\",\n                \"text\": \"Yes, Our biodegradable bowls and plates are designed for this purpose so they make no head scratch when they are used to serve even liquid dishes such as soup and salad.\"\n            }\n        },\n        {\n            \"@type\": \"Question\",\n            \"name\": \"Is it possible to change the form of the packaging materials?\",\n            \"acceptedAnswer\": {\n                \"@type\": \"Answer\",\n                \"text\": \"Yes, the compostable plates and bowls may be altered in terms of dimensions, contours, and type. This is particularly beneficial to companies that wish to use environmentally friendly types of packaging for their goods which include their company\\u2019s logo.\"\n            }\n        }\n    ]\n}<\/script><\/p>","protected":false},"excerpt":{"rendered":"<p>Les assiettes et bols compostables et biod\u00e9gradables de Bioleader offrent une alternative durable et \u00e9cologique au plastique pour les besoins de la restauration. Fabriqu\u00e9s \u00e0 partir de bagasse de canne \u00e0 sucre, ces produits de vaisselle jetables sont exempts de PFAS, r\u00e9sistants aux fuites, compatibles avec les micro-ondes et id\u00e9aux pour les repas chauds ou froids. Qu'ils soient destin\u00e9s \u00e0 la vente \u00e0 emporter, \u00e0 la restauration ou au restaurant, ils allient durabilit\u00e9 et solidit\u00e9, offrant ainsi des solutions rentables aux entreprises modernes.<\/p>","protected":false},"featured_media":17824,"comment_status":"open","ping_status":"closed","template":"","meta":{"_acf_changed":false},"product_brand":[],"product_cat":[7150],"product_tag":[6742,6743,6744,6745,6746],"class_list":{"0":"post-13554","1":"product","2":"type-product","3":"status-publish","4":"has-post-thumbnail","6":"product_cat-bagasse-bowl","7":"product_tag-biodegradable-bowls-and-plates","8":"product_tag-biodegradable-plates-and-bowls","9":"product_tag-compostable-bowls-and-plates","10":"product_tag-compostable-plates-and-bowls","11":"product_tag-sugarcane-bagasse","13":"first","14":"instock","15":"purchasable","16":"product-type-simple"},"acf":[],"_links":{"self":[{"href":"https:\/\/www.bioleaderpack.com\/fr\/wp-json\/wp\/v2\/product\/13554","targetHints":{"allow":["GET"]}}],"collection":[{"href":"https:\/\/www.bioleaderpack.com\/fr\/wp-json\/wp\/v2\/product"}],"about":[{"href":"https:\/\/www.bioleaderpack.com\/fr\/wp-json\/wp\/v2\/types\/product"}],"replies":[{"embeddable":true,"href":"https:\/\/www.bioleaderpack.com\/fr\/wp-json\/wp\/v2\/comments?post=13554"}],"wp:featuredmedia":[{"embeddable":true,"href":"https:\/\/www.bioleaderpack.com\/fr\/wp-json\/wp\/v2\/media\/17824"}],"wp:attachment":[{"href":"https:\/\/www.bioleaderpack.com\/fr\/wp-json\/wp\/v2\/media?parent=13554"}],"wp:term":[{"taxonomy":"product_brand","embeddable":true,"href":"https:\/\/www.bioleaderpack.com\/fr\/wp-json\/wp\/v2\/product_brand?post=13554"},{"taxonomy":"product_cat","embeddable":true,"href":"https:\/\/www.bioleaderpack.com\/fr\/wp-json\/wp\/v2\/product_cat?post=13554"},{"taxonomy":"product_tag","embeddable":true,"href":"https:\/\/www.bioleaderpack.com\/fr\/wp-json\/wp\/v2\/product_tag?post=13554"}],"curies":[{"name":"wp","href":"https:\/\/api.w.org\/{rel}","templated":true}]}}