{"id":13552,"date":"2023-03-13T08:48:58","date_gmt":"2023-03-13T00:48:58","guid":{"rendered":"https:\/\/www.bioleaderpack.com\/product\/eco-friendly-disposable-plates-and-bowls-sustainable\/"},"modified":"2026-04-24T17:13:25","modified_gmt":"2026-04-24T09:13:25","slug":"assiettes-et-bols-jetables-ecologiques-durables","status":"publish","type":"product","link":"https:\/\/www.bioleaderpack.com\/fr\/produit\/assiettes-et-bols-jetables-ecologiques-durables\/","title":{"rendered":"Assiettes et bols jetables \u00e9cologiques Durables"},"content":{"rendered":"<table style=\"border-collapse: collapse; width: 100%;\">\n<tbody>\n<tr>\n<td style=\"width: 100%;\"><img fetchpriority=\"high\" decoding=\"async\" class=\"\" src=\"https:\/\/www.bioleaderpack.com\/wp-content\/uploads\/2023\/03\/20191211153532_1678120030316-1.jpg\" alt=\"bol \u00e9cologique\" width=\"1119\" height=\"1119\" \/><\/td>\n<\/tr>\n<\/tbody>\n<\/table>\n<table style=\"border-collapse: collapse; width: 100%;\">\n<tbody>\n<tr>\n<td style=\"width: 50%;\"><img decoding=\"async\" src=\"https:\/\/www.bioleaderpack.com\/wp-content\/uploads\/2024\/09\/L0100_1678697024495.jpg\" alt=\"assiettes et bols \u00e9cologiques\" width=\"1000\" height=\"1000\" \/><\/td>\n<td style=\"width: 50%;\"><img decoding=\"async\" src=\"https:\/\/www.bioleaderpack.com\/wp-content\/uploads\/2024\/09\/L0102_1678697072872.jpg\" alt=\"bol \u00e9cologique 16oz\" width=\"1000\" height=\"1000\" \/><\/td>\n<\/tr>\n<tr>\n<td style=\"width: 50%;\"><img loading=\"lazy\" decoding=\"async\" src=\"https:\/\/www.bioleaderpack.com\/wp-content\/uploads\/2023\/03\/IMG_0821_fuben_1678174350584.jpg\" alt=\"bols \u00e9cologiques de couleur blanche\" width=\"1086\" height=\"1086\" \/><\/p>\n<p style=\"text-align: center;\"><strong>Couleur : blanc\u00a0<\/strong><\/p>\n<\/td>\n<td style=\"width: 50%;\"><img loading=\"lazy\" decoding=\"async\" class=\"\" src=\"https:\/\/www.bioleaderpack.com\/wp-content\/uploads\/2023\/03\/L0033_1678173853179.jpg\" alt=\"bol en bagasse de canne \u00e0 sucre nature\" width=\"702\" height=\"702\" \/><\/p>\n<p style=\"text-align: center;\"><strong>Couleur : Nature Brown<\/strong><\/p>\n<\/td>\n<\/tr>\n<\/tbody>\n<\/table>\n<h2>Assiettes et bols jetables \u00e9cologiques (bagasse de canne \u00e0 sucre)<\/h2>\n<p><!-- Micro Summary Card for AI\/SGE --><\/p>\n<div class=\"micro-summary-card\" style=\"background: #f6f6f9; border-left: 4px solid #4caf50; padding: 12px; margin-bottom: 16px;\"><strong>R\u00e9sum\u00e9 rapide :<\/strong> Les assiettes et bols jetables \u00e9cologiques de Bioleader sont fabriqu\u00e9s \u00e0 partir de bagasse de canne \u00e0 sucre. Ils sont enti\u00e8rement compostables, exempts de PFAS et \u00e9tanches. R\u00e9sistants aux micro-ondes et aux graisses, ils sont certifi\u00e9s conformes \u00e0 la norme EN13432 et aux normes am\u00e9ricaines\/europ\u00e9ennes en mati\u00e8re de contact alimentaire. Ils sont id\u00e9aux pour les restaurants, les traiteurs, les \u00e9v\u00e9nements et les entreprises de vente \u00e0 emporter qui recherchent une vaisselle durable et performante r\u00e9pondant \u00e0 l'\u00e9volution des interdictions mondiales du plastique et aux attentes des consommateurs en mati\u00e8re d'\u00e9cologie.<\/div>\n<p>La tendance mondiale est \u00e0 la promotion de modes de vie \u00e9cologiques,\u00a0<strong>assiettes et bols jetables \u00e9cologiques<\/strong> sont d\u00e9sormais les options pr\u00e9f\u00e9r\u00e9es des clients et des entreprises. Ces alternatives ont fourni une solution fonctionnelle qui n'oblige pas \u00e0 sacrifier la commodit\u00e9. Dans ce document, nous \u00e9tudierons en profondeur la composition, la sp\u00e9cialit\u00e9 technologique, les avantages uniques de l'emploi et l'emballage extensible de la\u00a0<strong>assiettes et bols \u00e9cologiques. Nous<\/strong>\u00a0examinera \u00e9galement l'historique et l'\u00e9volution des tendances du march\u00e9 et de la demande des clients pour la production de vaisselle en plastique.<\/p>\n<h2>Mat\u00e9riau : Bagasse de canne \u00e0 sucre<\/h2>\n<p>La bagasse de canne \u00e0 sucre, un d\u00e9chet de l'industrie sucri\u00e8re, sert de mati\u00e8re premi\u00e8re de base pour la fabrication de la plupart des produits, voire de tous, <strong>assiettes et bols jetables \u00e9cologiques<\/strong>. La bagasse est renouvelable et biod\u00e9gradable, c'est pourquoi elle est largement utilis\u00e9e pour fabriquer des couverts \u00e9cologiques. Contrairement aux plastiques, qui mettent des centaines d'ann\u00e9es \u00e0 se d\u00e9composer, <strong>bols \u00e9cologiques<\/strong> fabriqu\u00e9s \u00e0 partir de bagasse de canne \u00e0 sucre se d\u00e9sint\u00e8grent en peu de temps, \u00e9liminant ainsi tous les d\u00e9chets nocifs. C'est pourquoi ils sont appr\u00e9ci\u00e9s tant par les consommateurs que par les fabricants, qui s'efforcent tous de respecter l'environnement.<\/p>\n<h2><a href=\"https:\/\/www.bioleaderpack.com\/fr\/procede-de-production-de-pate-a-papier-a-partir-de-la-bagasse-de-canne-a-sucre-pour-la-fabrication-darticles-de-table\/\" target=\"_blank\">Processus de production : Technologie de moulage de la p\u00e2te \u00e0 papier<\/a><\/h2>\n<p>La fabrication de bols et d'assiettes, qui consiste g\u00e9n\u00e9ralement \u00e0 r\u00e9duire le bassin en petites particules, est une m\u00e9thode rapide et efficace appel\u00e9e proc\u00e9dure de moulage de la pulpe. La bagasse, g\u00e9n\u00e9ralement coup\u00e9e en petits morceaux, est transform\u00e9e en pulpe et moul\u00e9e dans des formes telles que des assiettes et des bols. Le moulage \u00e0 haute pression permet de cr\u00e9er des produits plus solides, \u00e9tanches et r\u00e9sistants \u00e0 l'huile et \u00e0 la graisse. Ce processus est \u00e9conomique et respectueux de l'environnement, de sorte que les assiettes et les bols durables sont abordables pour les utilisateurs de diverses industries.<\/p>\n<table style=\"border-collapse: collapse; width: 100%;\">\n<tbody>\n<tr>\n<td style=\"width: 50%;\"><img loading=\"lazy\" decoding=\"async\" class=\"\" style=\"text-align: center;\" src=\"https:\/\/www.bioleaderpack.com\/wp-content\/uploads\/2023\/03\/00622_1678175724311-4.jpg\" alt=\"bol de canne \u00e0 sucre noddle\" width=\"748\" height=\"748\" \/><\/td>\n<td style=\"width: 50%;\"><img loading=\"lazy\" decoding=\"async\" class=\"\" src=\"https:\/\/www.bioleaderpack.com\/wp-content\/uploads\/2023\/03\/006_1678175745375-2.jpg\" alt=\"saladier de canne \u00e0 sucre\" width=\"687\" height=\"687\" \/><\/td>\n<\/tr>\n<\/tbody>\n<\/table>\n<h2>Caract\u00e9ristiques principales<\/h2>\n<h4>1.\u00a0<a href=\"https:\/\/www.bioleaderpack.com\/fr\/sont-biodegradables-et-compostables-les-memes\/\" target=\"_blank\">Compostable et biod\u00e9gradable<\/a><\/h4>\n<p>Parmi les nombreux <a href=\"https:\/\/www.bioleaderpack.com\/fr\/produit\/assiettes-en-papier-jetables-ecologiques\/\" target=\"_blank\" rel=\"noopener\" data-wpil-monitor-id=\"1959\">assiettes jetables \u00e9cologiques<\/a> La vaisselle est compos\u00e9e de divers mat\u00e9riaux biod\u00e9gradables et compostables, allant du plastique \u00e0 la p\u00e2te \u00e0 papier ou \u00e0 la fibre.<\/p>\n<h4>2.\u00a0<a href=\"https:\/\/www.bioleaderpack.com\/fr\/lutilisation-de-la-vaisselle-en-bagasse-de-canne-a-sucre-est-elle-sans-danger\/\" target=\"_blank\">Sans danger pour les aliments et sans produits chimiques<\/a><\/h4>\n<p>Les pr\u00e9occupations en mati\u00e8re de s\u00e9curit\u00e9 alimentaire et d'hygi\u00e8ne guident les d\u00e9cisions relatives au type d'emballage alimentaire \u00e0 utiliser. Les assiettes et les bols \u00e9cologiques sont \u00e9galement <a href=\"https:\/\/www.bioleaderpack.com\/fr\/la-vaisselle-en-bagasse-de-canne-a-sucre-contient-elle-du-pfas-et-est-elle-exempte-de-bpa\/\" target=\"_blank\">Sans PFAS ni BPA<\/a> ce qui signifie qu'ils sont d\u00e9pourvus de substances toxiques. On peut savourer la nourriture sans craindre que les contenus toxiques des ustensiles ne contaminent les aliments.<\/p>\n<h4>3.\u00a0<a href=\"https:\/\/www.bioleaderpack.com\/fr\/comment-les-boites-de-farine-de-bagasse-de-canne-a-sucre-peuvent-elles-resister-a-leau-et-a-lhuile\/\" target=\"_blank\">\u00c9tanch\u00e9it\u00e9 et r\u00e9sistance \u00e0 l'huile<\/a> Caract\u00e9ristiques<\/h4>\n<p>Bien qu'elles soient compos\u00e9es de mat\u00e9riaux naturels, ces\u00a0<strong>bols jetables \u00e9cologiques<\/strong> sont \u00e9tanches, r\u00e9sistantes \u00e0 l'huile et \u00e0 la graisse. Elles peuvent donc \u00eatre utilis\u00e9es pour diff\u00e9rents types d'aliments, soupes, salades ou aliments gras.<\/p>\n<h4>4.\u00a0<a href=\"https:\/\/www.bioleaderpack.com\/fr\/les-assiettes-en-papier-a-base-de-bagasse-de-canne-a-sucre-peuvent-elles-etre-utilisees-au-micro-ondes\/\" target=\"_blank\">Micro-ondes<\/a> et forte<\/h4>\n<p>La possibilit\u00e9 de passer au micro-ondes est un autre avantage de ce produit.\u00a0<strong>assiettes et bols durables<\/strong>. Que ce soit \u00e0 la maison ou au restaurant, on peut toujours r\u00e9chauffer les bols et les assiettes remplis de sa portion de nourriture et la d\u00e9guster sans se soucier des changements structurels.<\/p>\n<h2>Cas d'utilisation et applications pratiques<\/h2>\n<h4>1. Restaurants et services \u00e0 emporter<\/h4>\n<p>Les restaurants, en particulier ceux qui sont ax\u00e9s sur la livraison, font bon usage des\u00a0<strong>bols jetables \u00e9cologiques<\/strong>\u00a0\u00e0 des fins de vente \u00e0 emporter. Cela leur permet d'atteindre leur objectif de faire fuir la nourriture pendant le processus de livraison. Ces assiettes et bols conviennent \u00e0 diff\u00e9rents plats, des salades aux nouilles en passant par les soupes, ce qui permet de ne pas limiter les options du menu \u00e0 quelques \u00e9l\u00e9ments seulement.<\/p>\n<h4>2. F\u00eates et \u00e9v\u00e9nements<\/h4>\n<p>Lorsqu'un h\u00f4te souhaite \u00eatre invit\u00e9 \u00e0 d\u00eener sans compromettre ses valeurs, il peut faire appel \u00e0 <strong>assiettes et bols jetables \u00e9cologiques<\/strong> pour les f\u00eates d'anniversaire, les mariages et d'autres \u00e9v\u00e9nements. Le fait qu'ils soient \u00e0 la fois attrayants et respectueux de l'environnement en fait les pr\u00e9f\u00e9r\u00e9s des organisateurs qui souhaitent r\u00e9duire l'impact autant que possible tout en restant pratiques.<\/p>\n<h4>3. Restauration et emballage alimentaire<\/h4>\n<p>Les traiteurs et les unit\u00e9s de services de conditionnement alimentaire s'orientent d\u00e9sormais vers\u00a0<strong>assiettes et emballages biod\u00e9gradables.<\/strong> Cette qualit\u00e9 leur permet d'\u00eatre utilis\u00e9s pour une grande vari\u00e9t\u00e9 de substances alimentaires, car ils sont solides et r\u00e9sistants \u00e0 l'huile. En outre, comme ils sont personnalisables, les entreprises peuvent y inclure des illustrations ou d'autres formes de promotion, ce qui renforce leur aspect pratique et leur \u00e9l\u00e9gance.<\/p>\n<table style=\"border-collapse: collapse; width: 100%;\">\n<tbody>\n<tr>\n<td style=\"width: 50%;\"><img loading=\"lazy\" decoding=\"async\" class=\"\" src=\"https:\/\/www.bioleaderpack.com\/wp-content\/uploads\/2023\/03\/0062_1678175808937-3.jpg\" alt=\"bol de canne \u00e0 sucre\" width=\"708\" height=\"708\" \/><\/td>\n<td style=\"width: 50%;\"><img loading=\"lazy\" decoding=\"async\" class=\"\" src=\"https:\/\/www.bioleaderpack.com\/wp-content\/uploads\/2023\/03\/0062_1678175851645-4.jpg\" alt=\"bol \u00e0 canne \u00e0 sucre pour noddle\" width=\"690\" height=\"690\" \/><\/td>\n<\/tr>\n<\/tbody>\n<\/table>\n<div>\n<div>\n<div>\n<div>\n<h2>Options d'emballage personnalisables<\/h2>\n<p>La personnalisation de l'emballage est l'un des moindres m\u00e9rites des emballages \u00e9cologiques.<strong>\u00a0assiettes et bols<\/strong>. Trouver les tailles et les formes les plus attrayantes pour le marquage qui communiquent le mieux le message de l'entreprise. Lorsqu'il s'agit de contenants pour les plats \u00e0 emporter, l'utilisation normale de ces emballages est remplac\u00e9e par un emballage \u00e9cologique, conform\u00e9ment \u00e0 la promesse de la marque.<\/p>\n<h3>Tendances du march\u00e9 et pr\u00e9f\u00e9rences des consommateurs<\/h3>\n<p>L'importance croissante accord\u00e9e au d\u00e9veloppement durable a entra\u00een\u00e9 un besoin accru d'assiettes et de bols jetables respectueux de l'environnement. Les consommateurs sont de plus en plus nombreux \u00e0 relever le d\u00e9fi de l'\u00e9co-responsabilit\u00e9 et, de leur c\u00f4t\u00e9, les entreprises s'orientent vers l'inclusion de bols \u00e9cologiques dans leur utilisation.<\/p>\n<p>Par ailleurs, l'inqui\u00e9tude croissante des consommateurs \u00e0 l'\u00e9gard des produits jetables et leur d\u00e9sir d'alternatives \u00e9cologiques ont ouvert la voie \u00e0 l'acceptation d'assiettes et de bols durables propos\u00e9s par Amazon et Etsy. Plusieurs restaurants ont \u00e9galement adopt\u00e9 ces produits parce qu'ils ont compris que le respect de l'environnement n'est pas une simple mode, mais plut\u00f4t une transformation fondamentale de la fa\u00e7on de penser des consommateurs.<\/p>\n<h2>Choix des clients :<\/h2>\n<p>Pourquoi les entreprises choisissent-elles de la vaisselle durable ? Les entreprises sont aujourd'hui plus enclines \u00e0 utiliser des assiettes et des bols \u00e9cologiques.<\/p>\n<ol>\n<li><strong>Impact sur l'environnement :<\/strong> La principale raison est la prise en compte des questions environnementales. Les entreprises qui utilisent des assiettes et des bols durables montrent leur volont\u00e9 de contribuer \u00e0 la r\u00e9duction de la pollution plastique et \u00e0 l'assainissement du monde.<\/li>\n<li><strong>Appel des consommateurs<\/strong>: Certains consid\u00e8rent que la demande des consommateurs soutient de telles initiatives environnementales, en particulier de la part des entreprises avec lesquelles ils traitent. En utilisant des bols \u00e9co-jetables, les clients sont assur\u00e9s de l'engagement de l'entreprise en faveur du respect de l'environnement. Cela contribue \u00e0 instaurer un climat de confiance entre l'entreprise et ses clients.<\/li>\n<li><strong>Respect des r\u00e8glements<\/strong>: Des r\u00e9glementations relatives \u00e0 la gestion des mati\u00e8res plastiques sont mises en place dans diff\u00e9rentes parties du globe \u00e0 mesure que de nouveaux territoires s'\u00e9tendent.\u00a0<strong>Assiettes et bols jetables \u00e9cologiques<\/strong> sont au contraire une alternative appropri\u00e9e qui n'a pas de restrictions avec ces r\u00e8gles, m\u00eame si elles offrent des commodit\u00e9s jetables.<\/li>\n<\/ol>\n<\/div>\n<\/div>\n<\/div>\n<\/div>\n<h2><img loading=\"lazy\" decoding=\"async\" class=\"alignnone wp-image-2723\" title=\"bol en bagasse de canne \u00e0 sucre\" src=\"https:\/\/www.bioleaderpack.com\/wp-content\/uploads\/2024\/10\/sugarcane-bagasse-bowl-1-1024x575.jpg\" alt=\"\" width=\"1071\" height=\"601\" srcset=\"https:\/\/www.bioleaderpack.com\/wp-content\/uploads\/2024\/10\/sugarcane-bagasse-bowl-1-1024x575.jpg.webp 1024w, https:\/\/www.bioleaderpack.com\/wp-content\/uploads\/2024\/10\/sugarcane-bagasse-bowl-1-600x337.jpg 600w, https:\/\/www.bioleaderpack.com\/wp-content\/uploads\/2024\/10\/sugarcane-bagasse-bowl-1-300x169.jpg.webp 300w, https:\/\/www.bioleaderpack.com\/wp-content\/uploads\/2024\/10\/sugarcane-bagasse-bowl-1-768x431.jpg.webp 768w, https:\/\/www.bioleaderpack.com\/wp-content\/uploads\/2024\/10\/sugarcane-bagasse-bowl-1.jpg.webp 1200w\" sizes=\"(max-width: 1071px) 100vw, 1071px\" \/><\/h2>\n<h2>Questions courantes<\/h2>\n<p><strong>Q : Peut-on utiliser des assiettes et des bols \u00e9cologiques au micro-ondes ?<\/strong><\/p>\n<p>R : Oui, ces\u00a0<a href=\"https:\/\/www.bioleaderpack.com\/fr\/produit\/assiettes-de-fete-jetables-personnalisees-et-respectueuses-de-lenvironnement\/\" target=\"_blank\" rel=\"noopener\" data-wpil-monitor-id=\"1739\">assiettes \u00e9cologiques<\/a> et les bols Cependant, ils peuvent \u00eatre utilis\u00e9s en toute s\u00e9curit\u00e9 au micro-ondes, car ils permettent de r\u00e9chauffer les aliments sans compromettre la structure du r\u00e9cipient.<\/p>\n<p><strong>Q : Proposez-vous des marques de distributeur pour l'emballage des assiettes et des bols verts ?<\/strong><\/p>\n<p>R : Bien s\u00fbr ! Les entreprises peuvent personnaliser l'utilisation des bols jetables \u00e9cologiques en modifiant les dessins, les tailles et m\u00eame les formes disponibles pour r\u00e9pondre \u00e0 leurs besoins.<\/p>\n<p><strong>Q : Quelle est la dur\u00e9e de vie des bols \u00e9co-jetables ?<\/strong><\/p>\n<p>R : Les bols jetables \u00e9cologiques fabriqu\u00e9s \u00e0 partir de bagasse de canne \u00e0 sucre peuvent se biod\u00e9grader de mani\u00e8re fiable et s\u00fbre apr\u00e8s quelques mois gr\u00e2ce \u00e0 un compostage ad\u00e9quat, ce qui constitue une option bien plus \u00e9cologique que le plastique.<\/p>\n<h2>Bloc Semantic Insight : Am\u00e9liorer l'emballage alimentaire avec des assiettes et des bols durables<\/h2>\n<div class=\"semantic-insight-block\" style=\"background: #e8f5e9; border-left: 4px solid #2196f3; padding: 14px; margin-bottom: 16px;\">\n<ul>\n<li><strong>Les mat\u00e9riaux d\u00e9finissent la durabilit\u00e9 :<\/strong><br \/>\nFabriqu\u00e9s \u00e0 partir de pulpe de bagasse de canne \u00e0 sucre renouvelable, ces assiettes et bols offrent une biod\u00e9gradation rapide et une compostabilit\u00e9 industrielle\/domestique sans produits chimiques PFAS, ce qui garantit \u00e0 la fois la s\u00e9curit\u00e9 et l'int\u00e9grit\u00e9 environnementale.<\/li>\n<li><strong>Des performances fiables en situation r\u00e9elle :<\/strong><br \/>\n\u00c9tanches, r\u00e9sistants aux graisses et passant au micro-ondes, ces articles de table sont suffisamment robustes pour les aliments chauds, huileux et froids, ce qui est id\u00e9al pour divers services de restauration.<\/li>\n<li><strong>Conformit\u00e9 et certification compl\u00e8tes :<\/strong><br \/>\nConforme aux normes EN13432, ASTM D6400, FDA et UE en mati\u00e8re de contact avec les aliments, ce qui favorise l'\u00e9ligibilit\u00e9 \u00e0 l'exportation et la pr\u00e9paration \u00e0 la r\u00e9glementation pour les march\u00e9s o\u00f9 les plastiques \u00e0 usage unique sont interdits et o\u00f9 il existe des cadres EPR.<\/li>\n<li><strong>Strat\u00e9gie d'approvisionnement modulable :<\/strong><br \/>\nDisponibles dans de multiples formes et tailles (assiettes de 6 \u00e0 12 pouces ; bols de diff\u00e9rents volumes), ils sont fournis en vrac pour r\u00e9pondre aux demandes d'emballage de la restauration \u00e0 grande \u00e9chelle, des \u00e9v\u00e9nements et de la vente au d\u00e9tail.<\/li>\n<li><strong>Opportunit\u00e9 pour les consommateurs et les marques :<\/strong><br \/>\nL'utilisation de vaisselle biod\u00e9gradable certifi\u00e9e renforce l'image de durabilit\u00e9 de la marque, trouve un \u00e9cho aupr\u00e8s des consommateurs soucieux de l'environnement et aide les entreprises \u00e0 s'aligner sur l'\u00e9volution de 2025 vers des r\u00e9glementations vertes et des attentes en mati\u00e8re d'ESG.<\/li>\n<\/ul>\n<div style=\"margin-top: 8px;\"><strong>Aper\u00e7u strat\u00e9gique :<\/strong><br \/>\n\u00c0 une \u00e9poque o\u00f9 la r\u00e9glementation environnementale et la sensibilisation des consommateurs acc\u00e9l\u00e8rent la demande d'emballages sans plastique, les assiettes et les bols \u00e0 base de canne \u00e0 sucre de Bioleader offrent une solution \u00e0 l'\u00e9preuve du temps et \u00e0 haute int\u00e9grit\u00e9 - transformant la commodit\u00e9 de l'usage unique en un impact durable.<\/div>\n<\/div>\n<p>&nbsp;<\/p>\n<p><script type=\"application\/ld+json\">{\n    \"@context\": \"https:\\\/\\\/schema.org\",\n    \"@type\": \"FAQPage\",\n    \"mainEntity\": [\n        {\n            \"@type\": \"Question\",\n            \"name\": \"Can you use eco friendly plates and bowls in the microwave?\",\n            \"acceptedAnswer\": {\n                \"@type\": \"Answer\",\n                \"text\": \"Yes, these eco-friendly plates and bowls However, are safe to be used in the microwave as they allow for food to be reheated without compromising the structure of the container.\"\n            }\n        },\n        {\n            \"@type\": \"Question\",\n            \"name\": \"Do you offer private labels for the packaging as well of green plates and bowls?\",\n            \"acceptedAnswer\": {\n                \"@type\": \"Answer\",\n                \"text\": \"Of course! Companies can personalize the use of eco-friendly disposable bowls by altering the designs, sizes, and even shapes available to satisfy their demands.\"\n            }\n        },\n        {\n            \"@type\": \"Question\",\n            \"name\": \"How long do eco-disposable bowls last?\",\n            \"acceptedAnswer\": {\n                \"@type\": \"Answer\",\n                \"text\": \"Eco-friendly disposable bowls made out of sugarcane bagasse can reliably and safely biodegrade after a couple of months with proper composting, which provides a much more eco-friendly option than plastic.\"\n            }\n        }\n    ]\n}<\/script><\/p>","protected":false},"excerpt":{"rendered":"<p data-start=\"331\" data-end=\"824\">Am\u00e9liorez vos emballages de restauration avec les assiettes et bols jetables \u00e9cologiques de Bioleader, fabriqu\u00e9s \u00e0 partir de bagasse renouvelable et con\u00e7us pour la durabilit\u00e9. Ces solutions biod\u00e9gradables et compostables sont id\u00e9ales pour servir des plats chauds ou froids dans la restauration, les plats \u00e0 emporter ou les restaurants. Robustes, r\u00e9sistants aux graisses et exempts de PFAS, ils allient responsabilit\u00e9 environnementale et performances fiables. Un choix id\u00e9al pour les marques soucieuses de l'environnement qui recherchent des alternatives \u00e9conomiques au plastique ou \u00e0 la mousse.<\/p>","protected":false},"featured_media":18038,"comment_status":"open","ping_status":"closed","template":"","meta":{"_acf_changed":false},"product_brand":[8971],"product_cat":[7150],"product_tag":[6725,6714,6726,6728,6729,6731],"class_list":{"0":"post-13552","1":"product","2":"type-product","3":"status-publish","4":"has-post-thumbnail","6":"product_brand-bioleader","7":"product_cat-bagasse-bowl","8":"product_tag-eco-disposable-bowls","9":"product_tag-eco-friendly-bowls","10":"product_tag-eco-friendly-disposable-bowls","11":"product_tag-eco-friendly-disposable-plates-and-bowls","12":"product_tag-eco-friendly-plates-and-bowls","13":"product_tag-sustainable-plates-and-bowls","15":"first","16":"instock","17":"purchasable","18":"product-type-simple"},"acf":[],"_links":{"self":[{"href":"https:\/\/www.bioleaderpack.com\/fr\/wp-json\/wp\/v2\/product\/13552","targetHints":{"allow":["GET"]}}],"collection":[{"href":"https:\/\/www.bioleaderpack.com\/fr\/wp-json\/wp\/v2\/product"}],"about":[{"href":"https:\/\/www.bioleaderpack.com\/fr\/wp-json\/wp\/v2\/types\/product"}],"replies":[{"embeddable":true,"href":"https:\/\/www.bioleaderpack.com\/fr\/wp-json\/wp\/v2\/comments?post=13552"}],"wp:featuredmedia":[{"embeddable":true,"href":"https:\/\/www.bioleaderpack.com\/fr\/wp-json\/wp\/v2\/media\/18038"}],"wp:attachment":[{"href":"https:\/\/www.bioleaderpack.com\/fr\/wp-json\/wp\/v2\/media?parent=13552"}],"wp:term":[{"taxonomy":"product_brand","embeddable":true,"href":"https:\/\/www.bioleaderpack.com\/fr\/wp-json\/wp\/v2\/product_brand?post=13552"},{"taxonomy":"product_cat","embeddable":true,"href":"https:\/\/www.bioleaderpack.com\/fr\/wp-json\/wp\/v2\/product_cat?post=13552"},{"taxonomy":"product_tag","embeddable":true,"href":"https:\/\/www.bioleaderpack.com\/fr\/wp-json\/wp\/v2\/product_tag?post=13552"}],"curies":[{"name":"wp","href":"https:\/\/api.w.org\/{rel}","templated":true}]}}