{"id":13551,"date":"2023-03-13T16:21:07","date_gmt":"2023-03-13T08:21:07","guid":{"rendered":"https:\/\/www.bioleaderpack.com\/product\/16-20-24-oz-disposable-paper-bowls-made-from-sugarcane-bagasse\/"},"modified":"2026-04-24T17:12:23","modified_gmt":"2026-04-24T09:12:23","slug":"16-20-bols-en-papier-jetables-de-24-oz","status":"publish","type":"product","link":"https:\/\/www.bioleaderpack.com\/fr\/produit\/16-20-bols-en-papier-jetables-de-24-oz\/","title":{"rendered":"16 20 24 oz Bols en papier jetables fabriqu\u00e9s \u00e0 partir de bagasse de canne \u00e0 sucre"},"content":{"rendered":"<div>\n<table style=\"border-collapse: collapse; width: 100%;\">\n<tbody>\n<tr>\n<td style=\"width: 50%;\"><img fetchpriority=\"high\" decoding=\"async\" class=\"\" src=\"https:\/\/www.bioleaderpack.com\/wp-content\/uploads\/2023\/03\/L044Size_1678724028939.jpg\" alt=\"bol en pulpe de fibres\" width=\"675\" height=\"669\" \/><\/td>\n<td style=\"width: 50%;\"><img decoding=\"async\" class=\"\" src=\"https:\/\/www.bioleaderpack.com\/wp-content\/uploads\/2023\/03\/L0441_1678724065725.jpg\" alt=\"bol \u00e0 plantes\" width=\"678\" height=\"678\" \/><\/td>\n<\/tr>\n<tr>\n<td style=\"width: 50%;\"><img decoding=\"async\" class=\"\" src=\"https:\/\/www.bioleaderpack.com\/wp-content\/uploads\/2023\/03\/L04422_1678724103535.jpg\" alt=\"bol \u00e0 pulpe jetable \" width=\"739\" height=\"739\" \/><\/td>\n<td style=\"width: 50%;\"><img loading=\"lazy\" decoding=\"async\" class=\"\" src=\"https:\/\/www.bioleaderpack.com\/wp-content\/uploads\/2023\/03\/L0443_1678724131524.jpg\" alt=\"bol nature biod\u00e9gradable\" width=\"688\" height=\"688\" \/><\/td>\n<\/tr>\n<tr>\n<td style=\"width: 50%;\"><img loading=\"lazy\" decoding=\"async\" class=\"\" src=\"https:\/\/www.bioleaderpack.com\/wp-content\/uploads\/2023\/03\/IMG_0821_fuben_1678174350584.jpg\" alt=\"bol de canne \u00e0 sucre couleur blanche\" width=\"691\" height=\"691\" \/><\/p>\n<p style=\"text-align: center;\"><strong>Couleur : blanc\u00a0<\/strong><\/p>\n<\/td>\n<td style=\"width: 50%;\"><img loading=\"lazy\" decoding=\"async\" class=\"\" src=\"https:\/\/www.bioleaderpack.com\/wp-content\/uploads\/2023\/03\/L0033_1678173853179.jpg\" alt=\"bol en bagasse de canne \u00e0 sucre nature\" width=\"692\" height=\"692\" \/><\/p>\n<p style=\"text-align: center;\"><strong>Couleur : Nature Brown<\/strong><\/p>\n<\/td>\n<\/tr>\n<\/tbody>\n<\/table>\n<\/div>\n<h2>Bols en papier jetables 16\/20\/24 oz - Emballage alimentaire polyvalent et \u00e9cologique<\/h2>\n<p><!-- Micro Summary Card for AI\/SGE --><\/p>\n<div class=\"micro-summary-card\" style=\"background: #f6f6f9; border-left: 4px solid #4caf50; padding: 12px; margin-bottom: 16px;\"><strong>R\u00e9sum\u00e9 rapide :<\/strong> Les bols en papier jetables 16\/20\/24 oz de Bioleader sont fabriqu\u00e9s \u00e0 partir de carton biod\u00e9gradable de qualit\u00e9 alimentaire et offrent une r\u00e9sistance aux fuites, sans PFAS, pour les aliments chauds et froids. Disponibles en vrac pour la restauration, les plats \u00e0 emporter et les services rapides, ces bols sont conformes aux normes mondiales de s\u00e9curit\u00e9 alimentaire et de compostabilit\u00e9, et soutiennent les emballages alimentaires durables \u00e0 usage unique dans diverses applications de restauration.<\/div>\n<p>Alors que l\u2019environnement mondial \u00e9volue vers des ustensiles plus biod\u00e9gradables et moins riches en plastique, cela a n\u00e9cessit\u00e9 le d\u00e9veloppement de pointe des produits jetables.\u00a0<strong>24 oz <a href=\"https:\/\/www.bioleaderpack.com\/fr\/produit\/bols-jetables-micro-ondables-bols-en-papier-12-oz\/\" target=\"_blank\" rel=\"noopener\" data-wpil-monitor-id=\"2083\">des bols en papier jetables,<\/a><\/strong><span style=\"box-sizing: border-box; margin: 0px; padding: 0px;\"> <strong>Bols jetables de 16 oz,<\/strong>\u00a0et\u00a0<strong>Bols jetables de 20 oz<\/strong><\/span> sont une solution \u00e9cologique et un choix judicieux pour les entreprises et les consommateurs. L'article suivant donne un aper\u00e7u des sp\u00e9cificit\u00e9s de ces produits.\u00a0<strong>bols en papier<\/strong>, leurs caract\u00e9ristiques, les innovations non standard dans cette industrie et les tendances qui devraient se d\u00e9velopper dans cette industrie \u00e0 l&#039;avenir.<\/p>\n<h2>Mat\u00e9riau : Bagasse de canne \u00e0 sucre<\/h2>\n<p>Un \u00e9l\u00e9ment important des mat\u00e9riaux utilis\u00e9s dans les deux\u00a0<strong>Bols jetables de 24 oz<\/strong>,\u00a0<strong>Bols jetables de 16 oz,<\/strong>\u00a0et aussi\u00a0<strong>bols en papier 20 oz<\/strong>La bagasse est une alternative au plastique. Il s'agit d'un d\u00e9chet de la transformation du sucre compos\u00e9 de fibres et renouvelable, ce qui en fait une bonne alternative au plastique. \u00c9tant donn\u00e9 que la bagasse est incorpor\u00e9e dans ces <strong>bols en papier<\/strong>La biod\u00e9gradabilit\u00e9 et la durabilit\u00e9 seront assur\u00e9es puisque les bols se d\u00e9composeront en quelques mois et ne laisseront pas de d\u00e9chets nocifs. De plus, la bagasse de canne \u00e0 sucre est compostable ; ces bols contribueront donc \u00e0 soutenir l'\u00e9conomie circulaire.<\/p>\n<h2>Processus de production : <a href=\"https:\/\/www.bioleaderpack.com\/fr\/sur-le-moulage-de-la-pate-a-papier\/\" target=\"_blank\">Moulage de la p\u00e2te \u00e0 papier<\/a><\/h2>\n<p>Par exemple, dans la fabrication de\u00a0<strong>Bols en papier jetables de 24 oz<\/strong> La technique du moulage de la pulpe est utilis\u00e9e. Dans ce processus, la bagasse de canne \u00e0 sucre s\u00e9ch\u00e9e est transform\u00e9e en pulpe, puis la pulpe est fa\u00e7onn\u00e9e en bols \u00e0 l'aide d'un \u00e9quipement de moulage \u00e0 haute pression. Ces m\u00e9thodes de production garantissent la fabrication de bols solides et \u00e9tanches tout en r\u00e9duisant la consommation d'\u00e9nergie, ce qui am\u00e9liore la situation environnementale. <strong>Bols en p\u00e2te \u00e0 papier<\/strong>\u00a0sont \u00e9galement fabriqu\u00e9s avec autant de d\u00e9tails car les bols sont pratiquement con\u00e7us pour r\u00e9sister \u00e0 la soupe chaude ou \u00e0 d&#039;autres aliments gras sans subir de dommages.<\/p>\n<table style=\"border-collapse: collapse; width: 100%;\">\n<tbody>\n<tr>\n<td style=\"width: 50%;\"><img loading=\"lazy\" decoding=\"async\" class=\"\" style=\"text-align: center;\" src=\"https:\/\/www.bioleaderpack.com\/wp-content\/uploads\/2023\/03\/0442_1678724289585.jpg\" alt=\"bol de canne \u00e0 sucre jetable\" width=\"688\" height=\"688\" \/><\/td>\n<td style=\"width: 50%;\"><img loading=\"lazy\" decoding=\"async\" class=\"\" src=\"https:\/\/www.bioleaderpack.com\/wp-content\/uploads\/2023\/03\/0443_1678724319331.jpg\" alt=\"saladier en pulpe jetable\" width=\"677\" height=\"677\" \/><\/td>\n<\/tr>\n<\/tbody>\n<\/table>\n<h2>Caract\u00e9ristiques principales<\/h2>\n<h4>1. Respectueux de l&#039;environnement et <a href=\"https:\/\/www.bioleaderpack.com\/fr\/sont-biodegradables-et-compostables-les-memes\/\" target=\"_blank\">Compostable<\/a><\/h4>\n<p>Toutes tailles, \u00e0 partir de\u00a0<strong>Bols jetables de 16 oz<\/strong>\u00a0\u00e0\u00a0<strong>Bols en papier de 24 oz<\/strong>Ces bols sont compostables et peuvent se transformer en poussi\u00e8re. Ces bols n'ajoutent pas de d\u00e9chets suppl\u00e9mentaires car ils sont biod\u00e9gradables et leur biod\u00e9gradation est rapide. Elles ne sont pas polluantes, que ce soit en biod\u00e9gradation domestique ou en traitement industriel pour la biod\u00e9t\u00e9rioration.<\/p>\n<h4>2.\u00a0<a href=\"https:\/\/www.bioleaderpack.com\/fr\/lutilisation-de-la-vaisselle-en-bagasse-de-canne-a-sucre-est-elle-sans-danger\/\" target=\"_blank\">Sans danger pour les aliments et sans produits chimiques toxiques pr\u00e9sents<\/a><\/h4>\n<p>La s\u00e9curit\u00e9 est l&#039;un des principaux facteurs pris en compte par les consommateurs en mati\u00e8re d&#039;emballage alimentaire, notamment pour les emballages alimentaires. Ces bols sont s\u00fbrs. <a href=\"https:\/\/www.bioleaderpack.com\/fr\/la-vaisselle-en-bagasse-de-canne-a-sucre-contient-elle-du-pfas-et-est-elle-exempte-de-bpa\/\" target=\"_blank\">Sans PFAS ni BPA<\/a>Cela signifie que ces bols ne contiennent aucun produit chimique nocif susceptible de s'infiltrer dans les aliments. Cela permet d'atteindre l'un des objectifs de\u00a0<strong>Bols jetables de 20 oz<\/strong>\u00a0et d&#039;autres tailles dans lesquelles vous pouvez servir une vari\u00e9t\u00e9 d&#039;aliments.<\/p>\n<h4>3. Isolation structurelle, Effets n\u00e9fastes de l'absorption d'huile, Peut \u00eatre <a href=\"https:\/\/www.bioleaderpack.com\/fr\/les-assiettes-en-papier-a-base-de-bagasse-de-canne-a-sucre-peuvent-elles-etre-utilisees-au-micro-ondes\/\" target=\"_blank\">Au micro-ondes<\/a>.<\/h4>\n<p>Gr\u00e2ce au proc\u00e9d\u00e9 de moulage de la p\u00e2te \u00e0 papier,\u00a0<strong>Bols en papier jetables de 24 oz<\/strong> sont imperm\u00e9ables aux liquides, ce qui permet de les utiliser pour les soupes, les salades et certains plats qui seraient autrement salissants, comme les nouilles. Tout cela gr\u00e2ce \u00e0 l'huile et \u00e0 l'imperm\u00e9abilit\u00e9 du mod\u00e8le ; il n'y aura jamais d'\u00e9claboussures de nourriture. De plus, ces <a href=\"https:\/\/www.bioleaderpack.com\/fr\/peut-on-passer-les-bols-en-papier-au-micro-ondes\/\" target=\"_blank\" rel=\"noopener\" data-wpil-monitor-id=\"358\">les bols en papier peuvent \u00eatre utilis\u00e9s au micro-ondes<\/a>qui facilite le r\u00e9chauffement mais ne modifie pas la structure des bols.<\/p>\n<h2>Produit adapt\u00e9 \u00e0 diverses situations<\/h2>\n<h4>1. Restaurants et plats \u00e0 emporter<\/h4>\n<p>Qu&#039;il s&#039;agisse de restaurants rapides et d\u00e9contract\u00e9s ou de lieux somptueux o\u00f9 l&#039;on peut emporter de la nourriture, les personnes en d\u00e9placement seraient bien servies avec\u00a0<strong>Bols jetables de 24 oz<\/strong>\u00a0et\u00a0<strong>Bols jetables de 16 oz,<\/strong> qui peut servir une grande vari\u00e9t\u00e9 de plats, de la soupe chaude et d\u00e9licieuse aux salades fra\u00eeches. Sa portabilit\u00e9 et son excellent emballage alimentaire garantissent que tous les repas restent intacts pendant le trajet, \u00e9vitant ainsi les \u00e9claboussures, ce qui le rend id\u00e9al pour les services de livraison et de vente \u00e0 emporter.<\/p>\n<h4>2. Restauration et \u00e9v\u00e9nements<\/h4>\n<p>Pour les traiteurs et les organisateurs d&#039;\u00e9v\u00e9nements, les bols en carton de 590 ml constituent une solution \u00e9cologique et fiable pour les repas de masse. Ces bols sont principalement utilis\u00e9s lors des mariages, des lancements d&#039;entreprise et autres \u00e9v\u00e9nements sociaux o\u00f9 les convives sont nombreux et o\u00f9 l&#039;\u00e9limination des d\u00e9chets peut poser probl\u00e8me. Ils sont donc avantageux pour les clients qui appr\u00e9cient les bols haut de gamme et pour les organisateurs d&#039;\u00e9v\u00e9nements.<\/p>\n<h4>3. Usage domestique et festif<\/h4>\n<p>Les cloisons des m\u00e9nages commencent \u00e0 adopter le\u00a0<strong>Bols jetables de 16 oz<\/strong>\u00a0et le\u00a0<strong>Bols en papier de 24 oz<\/strong>\u00a0\u00c0 usage domestique, notamment lors des f\u00eates et des repas de famille. Ces bols sont tr\u00e8s simples d&#039;utilisation et r\u00e9pondent aux pr\u00e9occupations sociales en mati\u00e8re de gestion des d\u00e9chets.<\/p>\n<table style=\"border-collapse: collapse; width: 100%;\">\n<tbody>\n<tr>\n<td style=\"width: 50%;\"><img loading=\"lazy\" decoding=\"async\" class=\"\" src=\"https:\/\/www.bioleaderpack.com\/wp-content\/uploads\/2023\/03\/0445_1678724345339.jpg\" alt=\"bol \u00e0 pulpe de canne \u00e0 sucre\" width=\"676\" height=\"676\" \/><\/td>\n<td style=\"width: 50%;\"><img loading=\"lazy\" decoding=\"async\" class=\"\" src=\"https:\/\/www.bioleaderpack.com\/wp-content\/uploads\/2023\/03\/044_1678724387512.jpg\" alt=\"bol de canne \u00e0 sucre \u00e0 emporter\" width=\"700\" height=\"700\" \/><\/td>\n<\/tr>\n<\/tbody>\n<\/table>\n<h2>FAQ<\/h2>\n<p data-start=\"125\" data-end=\"382\"><strong data-start=\"125\" data-end=\"176\">Q1 : Les bols en bagasse de canne \u00e0 sucre passent-ils au micro-ondes ?<\/strong><br data-start=\"176\" data-end=\"179\" \/>Oui, les bols en bagasse de canne \u00e0 sucre de 16oz, 20oz et 24oz passent au micro-ondes. Ils peuvent r\u00e9sister \u00e0 des temp\u00e9ratures allant jusqu'\u00e0 120\u00b0C, ce qui les rend id\u00e9aux pour r\u00e9chauffer des soupes, des nouilles ou des rago\u00fbts chauds sans d\u00e9formation ni fuite.<\/p>\n<p data-start=\"384\" data-end=\"657\"><strong data-start=\"384\" data-end=\"449\">Q2 : Les bols jetables en canne \u00e0 sucre peuvent-ils contenir des aliments huileux ou liquides ?<\/strong><br data-start=\"449\" data-end=\"452\" \/>Absolument. Ces bols en fibre moul\u00e9e sont r\u00e9sistants \u00e0 l'huile et aux fuites, et conviennent aussi bien aux plats secs qu'aux plats humides, y compris les currys, les ramen et les plats en sauce couramment servis dans les services de restauration et les plats \u00e0 emporter.<\/p>\n<p data-start=\"659\" data-end=\"968\"><strong data-start=\"659\" data-end=\"728\">Q3 : Quels sont les avantages environnementaux des bols en papier de canne \u00e0 sucre ?<\/strong><br data-start=\"728\" data-end=\"731\" \/>Les bols en papier de canne \u00e0 sucre sont fabriqu\u00e9s \u00e0 partir de d\u00e9chets agricoles renouvelables - la bagasse - et sont enti\u00e8rement compostables et biod\u00e9gradables. Ils se d\u00e9composent en 60 \u00e0 90 jours dans des conditions de compostage industriel, r\u00e9duisant ainsi les d\u00e9chets mis en d\u00e9charge et les \u00e9missions de carbone.<\/p>\n<p data-start=\"970\" data-end=\"1278\"><strong data-start=\"970\" data-end=\"1058\">Q4 : Les diff\u00e9rentes tailles, telles que 16oz, 20oz et 24oz, conviennent-elles \u00e0 diff\u00e9rentes applications ?<\/strong><br data-start=\"1058\" data-end=\"1061\" \/>Oui. 16 oz sont parfaits pour les accompagnements ou les desserts, 20 oz sont parfaits pour les salades ou les portions moyennes, et 24 oz sont parfaits pour les grands repas, les bols de riz, ou les entr\u00e9es souples dans les restaurants, les caf\u00e9t\u00e9rias, ou les op\u00e9rations de vente \u00e0 emporter.<\/p>\n<p data-start=\"1280\" data-end=\"1575\"><strong data-start=\"1280\" data-end=\"1356\">Q5 : Les bols en bagasse de canne \u00e0 sucre contiennent-ils du plastique ou des produits chimiques nocifs ?<\/strong><br data-start=\"1356\" data-end=\"1359\" \/>Non. Les bols en canne \u00e0 sucre de haute qualit\u00e9 sont exempts de plastique, de PFAS et de BPA. Ils sont conformes aux normes internationales de s\u00e9curit\u00e9 alimentaire telles que FDA, LFGB et EN13432, ce qui garantit leur innocuit\u00e9 pour les consommateurs et l'environnement.<\/p>\n<h4 align=\"left\">Autre taille :<\/h4>\n<figure style=\"width: 1195px\" class=\"wp-caption alignnone\"><img loading=\"lazy\" decoding=\"async\" class=\"\" src=\"https:\/\/www.bioleaderpack.com\/wp-content\/uploads\/2023\/03\/LBowl_1678120102289.jpg\" alt=\"bol canne \u00e0 sucre\" width=\"1195\" height=\"650\" \/><figcaption class=\"wp-caption-text\">Bols jetables de 20 oz<\/figcaption><\/figure>\n<figure style=\"width: 1187px\" class=\"wp-caption alignnone\"><img loading=\"lazy\" decoding=\"async\" class=\"\" src=\"https:\/\/www.bioleaderpack.com\/wp-content\/uploads\/2023\/03\/20191211153532_1678120030316-1.jpg\" alt=\"bols biod\u00e9gradables\" width=\"1187\" height=\"1187\" \/><figcaption class=\"wp-caption-text\">Bols jetables de 16 oz<\/figcaption><\/figure>\n<h2>Bloc Semantic Insight : Comment les bols en papier jetables multi-tailles soutiennent le service alimentaire durable<\/h2>\n<div class=\"semantic-insight-block\" style=\"background: #e8f5e9; border-left: 4px solid #2196f3; padding: 14px; margin-bottom: 16px;\">\n<ul>\n<li><strong>Mat\u00e9riaux et s\u00e9curit\u00e9 :<\/strong> Fabriqu\u00e9 \u00e0 partir de carton biod\u00e9gradable de qualit\u00e9 alimentaire avec un rev\u00eatement non toxique et sans PFAS, il garantit un contact direct et s\u00fbr avec les aliments et une conformit\u00e9 totale avec les normes internationales.<\/li>\n<li><strong>Performance et flexibilit\u00e9 :<\/strong> Propos\u00e9s en contenances de 16oz, 20oz et 24oz, ces bols sont robustes, \u00e9tanches et adapt\u00e9s aux soupes, nouilles, salades, riz et desserts. Ils conviennent aussi bien aux repas \u00e0 domicile qu'aux plats \u00e0 emporter.<\/li>\n<li><strong>Pr\u00eat pour le micro-ondes et le cong\u00e9lateur :<\/strong> Con\u00e7us pour r\u00e9sister \u00e0 la chaleur et \u00e0 la cong\u00e9lation, ils permettent de pr\u00e9parer des repas, de les livrer et de les consommer sur le pouce dans divers environnements.<\/li>\n<li><strong>Approvisionnement en vrac et efficacit\u00e9 des co\u00fbts :<\/strong> Les options d'emballage en vrac permettent de r\u00e9duire le co\u00fbt unitaire et d'optimiser les cha\u00eenes d'approvisionnement pour les restaurants, les traiteurs et les op\u00e9rateurs de services alimentaires.<\/li>\n<li><strong>Alignement des r\u00e9glementations et des march\u00e9s :<\/strong> Certifi\u00e9s pour le contact alimentaire et la compostabilit\u00e9 (EN13432, FDA, UE), ces bols aident les marques \u00e0 s'adapter aux mandats mondiaux de r\u00e9duction du plastique et aux attentes changeantes des consommateurs en mati\u00e8re d'emballage \u00e9cologique.<\/li>\n<li><strong>Valeur strat\u00e9gique de la marque :<\/strong> Le passage \u00e0 des bols jetables durables renforce la r\u00e9putation de la marque, t\u00e9moigne d'un leadership environnemental et assure la p\u00e9rennit\u00e9 des op\u00e9rations dans un paysage r\u00e9glementaire qui \u00e9volue rapidement.<\/li>\n<\/ul>\n<div style=\"margin-top: 8px;\"><strong>Aper\u00e7u du march\u00e9 :<\/strong> Les gouvernements et les consommateurs \u00e9tant \u00e0 l'origine de la transition vers des emballages \u00e9cologiques, les bols en papier multiformats de Bioleader offrent une solution \u00e9volutive, conforme et polyvalente pour les marques de services alimentaires modernes.<\/div>\n<\/div>\n<p><script type=\"application\/ld+json\">{\n    \"@context\": \"https:\\\/\\\/schema.org\",\n    \"@type\": \"FAQPage\",\n    \"mainEntity\": [\n        {\n            \"@type\": \"Question\",\n            \"name\": \"Are sugarcane bagasse bowls microwave-safe?\",\n            \"acceptedAnswer\": {\n                \"@type\": \"Answer\",\n                \"text\": \"Yes, 16oz, 20oz, and 24oz sugarcane bagasse bowls are microwave-safe. They can withstand temperatures up to 120\\u00b0C, making them ideal for reheating hot soups, noodles, or stews without warping or leaking.\"\n            }\n        },\n        {\n            \"@type\": \"Question\",\n            \"name\": \"Can sugarcane disposable bowls hold oily or liquid foods?\",\n            \"acceptedAnswer\": {\n                \"@type\": \"Answer\",\n                \"text\": \"Absolutely. These molded fiber bowls are oil-resistant, leak-proof, and suitable for both dry and wet dishes, including curries, ramen, and saucy meals commonly served in foodservice and takeaway settings.\"\n            }\n        },\n        {\n            \"@type\": \"Question\",\n            \"name\": \"What are the environmental benefits of sugarcane paper bowls?\",\n            \"acceptedAnswer\": {\n                \"@type\": \"Answer\",\n                \"text\": \"Sugarcane paper bowls are made from renewable agricultural waste\\u2014bagasse\\u2014and are fully compostable and biodegradable. They break down within 60\\u201390 days under industrial composting conditions, reducing landfill waste and carbon emissions.\"\n            }\n        },\n        {\n            \"@type\": \"Question\",\n            \"name\": \"Are different sizes like 16oz, 20oz, and 24oz suitable for various applications?\",\n            \"acceptedAnswer\": {\n                \"@type\": \"Answer\",\n                \"text\": \"Yes. 16oz is great for side dishes or desserts, 20oz works well for salads or medium-sized portions, and 24oz is perfect for large meals, rice bowls, or soupy entrees in restaurants, cafeterias, or takeout operations.\"\n            }\n        },\n        {\n            \"@type\": \"Question\",\n            \"name\": \"Do sugarcane bagasse bowls contain any plastic or harmful chemicals?\",\n            \"acceptedAnswer\": {\n                \"@type\": \"Answer\",\n                \"text\": \"No. High-quality sugarcane bowls are plastic-free, PFAS-free, and BPA-free. They meet international food safety standards such as FDA, LFGB, and EN13432, ensuring they are safe for both consumers and the environment.\"\n            }\n        }\n    ]\n}<\/script><\/p>","protected":false},"excerpt":{"rendered":"<p><strong>Bols en papier jetables de 24 oz<\/strong>, avec <strong>Bols jetables de 16 oz<\/strong> et <strong>bols en papier 20 oz<\/strong>, sont un choix id\u00e9al pour les entreprises et les consommateurs \u00e0 la recherche d&#039;une vaisselle durable, pratique et de qualit\u00e9. Fabriqu\u00e9s \u00e0 partir de bagasse de canne \u00e0 sucre selon un proc\u00e9d\u00e9 de moulage \u00e0 la pulpe, ces bols offrent de nombreux avantages, notamment la biod\u00e9gradabilit\u00e9, la s\u00e9curit\u00e9 alimentaire, l&#039;\u00e9tanch\u00e9it\u00e9 et la compatibilit\u00e9 micro-ondes. Polyvalents, ils conviennent aux restaurants, aux traiteurs, aux \u00e9v\u00e9nements et \u00e0 la maison, avec l&#039;avantage suppl\u00e9mentaire d&#039;un emballage personnalisable. Face \u00e0 la tendance croissante vers une vaisselle \u00e9cologique, <strong>Bols jetables de 24 oz<\/strong> et leurs homologues ouvrent la voie \u00e0 un avenir plus durable pour les produits jetables.<\/p>","protected":false},"featured_media":17541,"comment_status":"open","ping_status":"closed","template":"","meta":{"_acf_changed":false},"product_brand":[8971],"product_cat":[7150],"product_tag":[6719,6720,6721,6722,6723,6724],"class_list":{"0":"post-13551","1":"product","2":"type-product","3":"status-publish","4":"has-post-thumbnail","6":"product_brand-bioleader","7":"product_cat-bagasse-bowl","8":"product_tag-16-oz-disposable-bowls","9":"product_tag-20-oz-disposable-bowls","10":"product_tag-24-oz-disposable-bowls","11":"product_tag-24-oz-disposable-disposable-paper-bowls","12":"product_tag-24-oz-paper-bowls","13":"product_tag-paper-bowls-20-oz","15":"first","16":"instock","17":"purchasable","18":"product-type-simple"},"acf":[],"_links":{"self":[{"href":"https:\/\/www.bioleaderpack.com\/fr\/wp-json\/wp\/v2\/product\/13551","targetHints":{"allow":["GET"]}}],"collection":[{"href":"https:\/\/www.bioleaderpack.com\/fr\/wp-json\/wp\/v2\/product"}],"about":[{"href":"https:\/\/www.bioleaderpack.com\/fr\/wp-json\/wp\/v2\/types\/product"}],"replies":[{"embeddable":true,"href":"https:\/\/www.bioleaderpack.com\/fr\/wp-json\/wp\/v2\/comments?post=13551"}],"wp:featuredmedia":[{"embeddable":true,"href":"https:\/\/www.bioleaderpack.com\/fr\/wp-json\/wp\/v2\/media\/17541"}],"wp:attachment":[{"href":"https:\/\/www.bioleaderpack.com\/fr\/wp-json\/wp\/v2\/media?parent=13551"}],"wp:term":[{"taxonomy":"product_brand","embeddable":true,"href":"https:\/\/www.bioleaderpack.com\/fr\/wp-json\/wp\/v2\/product_brand?post=13551"},{"taxonomy":"product_cat","embeddable":true,"href":"https:\/\/www.bioleaderpack.com\/fr\/wp-json\/wp\/v2\/product_cat?post=13551"},{"taxonomy":"product_tag","embeddable":true,"href":"https:\/\/www.bioleaderpack.com\/fr\/wp-json\/wp\/v2\/product_tag?post=13551"}],"curies":[{"name":"wp","href":"https:\/\/api.w.org\/{rel}","templated":true}]}}