{"id":13548,"date":"2023-03-15T16:03:37","date_gmt":"2023-03-15T08:03:37","guid":{"rendered":"https:\/\/www.bioleaderpack.com\/product\/sustainable-paper-pulp-bowls-from-sugarcane-fiber\/"},"modified":"2026-04-24T17:07:04","modified_gmt":"2026-04-24T09:07:04","slug":"bols-en-pate-a-papier-durable","status":"publish","type":"product","link":"https:\/\/www.bioleaderpack.com\/fr\/produit\/bols-en-pate-a-papier-durable\/","title":{"rendered":"Bols en p\u00e2te \u00e0 papier durable \u00e0 partir de fibres de canne \u00e0 sucre"},"content":{"rendered":"<div class=\"adweb-template-19 adweb-table-container\">\n<table style=\"border-collapse: collapse; width: 100%;\">\n<tbody>\n<tr>\n<td style=\"width: 50%;\"><img fetchpriority=\"high\" decoding=\"async\" class=\"\" src=\"https:\/\/www.bioleaderpack.com\/wp-content\/uploads\/2023\/03\/L061Size_1678895881408-1.jpg\" alt=\"bol en pulpe de fibres\" width=\"609\" height=\"612\" \/><\/td>\n<td style=\"width: 50%;\"><img decoding=\"async\" class=\"\" src=\"https:\/\/www.bioleaderpack.com\/wp-content\/uploads\/2023\/03\/L061ce3_1678895930362-1.jpg\" alt=\"bol \u00e0 plantes 12oz\" width=\"592\" height=\"592\" \/><\/td>\n<\/tr>\n<tr>\n<td style=\"width: 50%;\"><img decoding=\"async\" class=\"\" src=\"https:\/\/www.bioleaderpack.com\/wp-content\/uploads\/2023\/03\/L061ce6_1678895954147-1.jpg\" alt=\"bol \u00e0 pulpe jetable 12oz \" width=\"610\" height=\"610\" \/><\/td>\n<td style=\"width: 50%;\"><img loading=\"lazy\" decoding=\"async\" class=\"\" src=\"https:\/\/www.bioleaderpack.com\/wp-content\/uploads\/2023\/03\/L061ce5_1678895968456-1.jpg\" alt=\"bol nature biod\u00e9gradable 12oz\" width=\"562\" height=\"562\" \/><\/td>\n<\/tr>\n<tr>\n<td style=\"width: 50%;\"><img loading=\"lazy\" decoding=\"async\" class=\"\" src=\"https:\/\/www.bioleaderpack.com\/wp-content\/uploads\/2023\/03\/IMG_0821_fuben_1678174350584.jpg\" alt=\"bol de canne \u00e0 sucre couleur blanche\" width=\"554\" height=\"554\" \/><\/p>\n<p style=\"text-align: center;\"><strong>Couleur : blanc<\/strong><\/p>\n<\/td>\n<td style=\"width: 50%;\"><img loading=\"lazy\" decoding=\"async\" class=\"\" src=\"https:\/\/www.bioleaderpack.com\/wp-content\/uploads\/2023\/03\/L0033_1678173853179.jpg\" alt=\"bol en bagasse de canne \u00e0 sucre nature\" width=\"582\" height=\"582\" \/><\/p>\n<p style=\"text-align: center;\"><strong>Couleur : Nature Brown<\/strong><\/p>\n<\/td>\n<\/tr>\n<\/tbody>\n<\/table>\n<\/div>\n<h2>Bols en p\u00e2te \u00e0 papier durable - Vaisselle \u00e9cologique et certifi\u00e9e<\/h2>\n<p><!-- Micro Summary Card for AI\/SGE --><\/p>\n<div class=\"micro-summary-card\" style=\"background: #f6f6f9; border-left: 4px solid #4caf50; padding: 12px; margin-bottom: 16px;\"><strong>R\u00e9sum\u00e9 rapide :<\/strong> Les bols en p\u00e2te \u00e0 papier durable de Bioleader sont fabriqu\u00e9s \u00e0 partir de fibres v\u00e9g\u00e9tales renouvelables et constituent une solution enti\u00e8rement compostable et exempte de PFAS pour les services alimentaires. Robustes, r\u00e9sistants aux fuites et adapt\u00e9s aux aliments chauds et froids, ces bols r\u00e9pondent aux normes internationales strictes en mati\u00e8re de s\u00e9curit\u00e9 alimentaire et de compostabilit\u00e9. Ils sont id\u00e9aux pour la restauration, les plats \u00e0 emporter et les marques soucieuses de l'environnement qui cherchent \u00e0 r\u00e9duire les plastiques \u00e0 usage unique et \u00e0 s'aligner sur les derni\u00e8res r\u00e9glementations en mati\u00e8re d'environnement.<\/div>\n<p>Avec la soci\u00e9t\u00e9 moderne et mondialis\u00e9e qui se pr\u00e9occupe de la pr\u00e9servation de l'environnement, le besoin d'emballages alimentaires respectueux de l'environnement a atteint des sommets. L'un d'entre eux est le\u00a0<strong>bols \u00e0 pulpe<\/strong>qui constituent une forme \u00e9cologique et fonctionnelle d'emballage alimentaire. Par exemple, notre <strong>bols en p\u00e2te \u00e0 papier<\/strong>\u00a0Les produits de l'Union europ\u00e9enne sont les plus respectueux de l'environnement et apportent des avantages pratiques \u00e0 tous les types d'emballages alimentaires. Ces\u00a0<strong><a href=\"https:\/\/www.bioleaderpack.com\/fr\/bol-en-canne-a-sucre-une-alternative-durable-aux-bols-en-plastique\/\" target=\"_blank\" rel=\"noopener\" data-wpil-monitor-id=\"235\">bols durables<\/a><\/strong> sont parfaits pour les entreprises de restauration, de vente \u00e0 emporter et d'\u00e9v\u00e9nements sp\u00e9ciaux qui souhaitent devenir plus respectueuses de l'environnement sans perdre la qualit\u00e9 et la solidit\u00e9 des mat\u00e9riaux d'emballage utilis\u00e9s.<\/p>\n<h2>Mat\u00e9riau : <a href=\"https:\/\/www.bioleaderpack.com\/fr\/vaisselle-en-bagasse-de-canne-a-sucre-ecologique-et-pratique\/\" target=\"_blank\">Bagasse de canne \u00e0 sucre - Un mat\u00e9riau \u00e9cologique et recyclable<\/a><\/h2>\n<p>L'\u00e9l\u00e9ment principal de notre\u00a0<strong><a href=\"https:\/\/www.bioleaderpack.com\/fr\/produit\/bols-jetables-compostables-bol-en-pulpe-de-papier\/\" target=\"_blank\" rel=\"noopener\" data-wpil-monitor-id=\"2086\">bols en p\u00e2te \u00e0 papier<\/a><\/strong>\u00a0est fabriqu\u00e9 \u00e0 partir d'un d\u00e9chet v\u00e9g\u00e9tal appel\u00e9 bagasse de canne \u00e0 sucre, qui est produit lors de la fabrication du sucre. Au lieu de gaspiller ce type de mat\u00e9riau, il est maintenant transform\u00e9 en de tels produits.\u00a0<strong>bols durables<\/strong>La bagasse de canne \u00e0 sucre est un produit propre, abondant, renouvelable et compostable, qui convient \u00e0 l'emballage alimentaire et \u00e0 l'environnement. Produit respectueux du climat et des sols, la bagasse de canne \u00e0 sucre est un d\u00e9chet propre, abondant, renouvelable et compostable, qui convient donc \u00e0 l'emballage alimentaire et \u00e0 l'environnement.<\/p>\n<p>Notre\u00a0<strong>bols \u00e0 pulpe<\/strong> sont fabriqu\u00e9s selon la proc\u00e9dure tr\u00e8s productive et rapide appel\u00e9e \"moulage de la pulpe de papier\". Dans cette m\u00e9thode, la bagasse de canne \u00e0 sucre est transform\u00e9e en une p\u00e2te \u00e0 partir de laquelle la taille et la forme requises du bol sont fabriqu\u00e9es. Le moulage de la p\u00e2te \u00e0 papier n\u00e9cessite non seulement moins d'\u00e9nergie, mais il y a \u00e9galement moins de pertes au cours de la production du produit final. Lorsque nous utilisons cette technologie de moulage de la pulpe, nous pouvons fabriquer <strong>bols en p\u00e2te \u00e0 papier<\/strong> qui sont l\u00e9gers, mais dans lesquels on peut placer des aliments chauds ou froids.<\/p>\n<table style=\"border-collapse: collapse; width: 100%;\">\n<tbody>\n<tr>\n<td style=\"width: 50%;\"><img loading=\"lazy\" decoding=\"async\" class=\"\" style=\"text-align: center;\" src=\"https:\/\/www.bioleaderpack.com\/wp-content\/uploads\/2023\/03\/0442_1678724289585.jpg\" alt=\"bol de canne \u00e0 sucre jetable\" width=\"537\" height=\"537\" \/><\/td>\n<td style=\"width: 50%;\"><img loading=\"lazy\" decoding=\"async\" class=\"\" src=\"https:\/\/www.bioleaderpack.com\/wp-content\/uploads\/2023\/03\/0443_1678724319331.jpg\" alt=\"saladier en pulpe jetable\" width=\"546\" height=\"546\" \/><\/td>\n<\/tr>\n<\/tbody>\n<\/table>\n<h2>Caract\u00e9ristiques principales<\/h2>\n<p>Notre\u00a0<strong>bols durables<\/strong> pr\u00e9sentent les avantages suivants, qui les placent dans une classe sup\u00e9rieure \u00e0 celle des conteneurs alimentaires traditionnels : Premi\u00e8rement, leurs caract\u00e9ristiques et les risques qu'ils pr\u00e9sentent<\/p>\n<ul>\n<li>\n<h4>Respect de l'environnement<\/h4>\n<\/li>\n<\/ul>\n<p>Nos bols sont fabriqu\u00e9s \u00e0 partir de mat\u00e9riaux organiques et naturels qui ne pr\u00e9sentent aucun danger pour l'environnement, car ils sont compostables.<\/p>\n<ul>\n<li>\n<h4>Compostable et biod\u00e9gradable<\/h4>\n<\/li>\n<\/ul>\n<p>Ces bols sont fabriqu\u00e9s \u00e0 partir de mat\u00e9riaux exempts de plastiques qui laissent des traces de produits chimiques lors de leur \u00e9limination, ce qui permet de pr\u00e9server l'\u00e9quilibre \u00e9cologique.<\/p>\n<ul>\n<li>\n<h4>S\u00e9curit\u00e9 alimentaire<\/h4>\n<\/li>\n<\/ul>\n<p>Avec <a href=\"https:\/\/www.bioleaderpack.com\/fr\/la-vaisselle-en-bagasse-de-canne-a-sucre-contient-elle-du-pfas-et-est-elle-exempte-de-bpa\/\" target=\"_blank\">pas de produits chimiques PFAS ou BPA<\/a>Tous nos bols \u00e0 amandes peuvent \u00eatre utilis\u00e9s pour le contact alimentaire.<\/p>\n<ul>\n<li>\n<h4>\u00c9tanch\u00e9it\u00e9 aux fuites et \u00e0 l'eau<\/h4>\n<\/li>\n<\/ul>\n<p>Ces\u00a0<strong>bols \u00e0 pulpe<\/strong> sont con\u00e7us pour emp\u00eacher les liquides alimentaires de se r\u00e9pandre et s'ab\u00eement structurellement m\u00eame lorsqu'ils sont remplis de soupes ou d'aliments contenant des huiles.<\/p>\n<ul>\n<li>\n<h4>Micro-ondes<\/h4>\n<\/li>\n<\/ul>\n<p>Ces bols peuvent \u00eatre conserv\u00e9s dans les fours \u00e0 micro-ondes pour r\u00e9chauffer les restes de nourriture ou servir les aliments qui viennent d'\u00eatre cuits.<\/p>\n<p>Ces caract\u00e9ristiques ont contribu\u00e9 \u00e0 faire de notre\u00a0<strong>bols en p\u00e2te \u00e0 papier<\/strong> un outil efficace pour l'emballage des aliments, ce qui permet aux acheteurs conscients d'\u00e9viter les achats nocifs et de pr\u00e9parer les deux types d'aliments.<\/p>\n<table style=\"border-collapse: collapse; width: 100%;\">\n<tbody>\n<tr>\n<td style=\"width: 50%;\"><img loading=\"lazy\" decoding=\"async\" class=\"\" src=\"https:\/\/www.bioleaderpack.com\/wp-content\/uploads\/2023\/03\/0445_1678724345339.jpg\" alt=\"bol \u00e0 pulpe de canne \u00e0 sucre\" width=\"577\" height=\"577\" \/><\/td>\n<td style=\"width: 50%;\"><img loading=\"lazy\" decoding=\"async\" class=\"\" src=\"https:\/\/www.bioleaderpack.com\/wp-content\/uploads\/2023\/03\/L061ce4_1678896189712-1.jpg\" alt=\"bol de canne \u00e0 sucre \u00e0 emporter\" width=\"555\" height=\"555\" \/><\/td>\n<\/tr>\n<\/tbody>\n<\/table>\n<h2>Applications possibles : Enfin, tout est possible<\/h2>\n<p>Notre\u00a0<strong>bols \u00e0 pulpe<\/strong> offrent une grande flexibilit\u00e9 dans la vari\u00e9t\u00e9 des types d'aliments servis, ce qui permet \u00e9galement d'offrir diff\u00e9rents niveaux de restauration :<\/p>\n<ul>\n<li>\n<h4>Salades Bols<\/h4>\n<\/li>\n<\/ul>\n<p>La surface r\u00e9sistante \u00e0 l'huile est \u00e9galement odorante et sensible \u00e0 l'obscurit\u00e9 de la vinaigrette, et donc incapable d'absorber une trop grande quantit\u00e9 de vinaigrette.<\/p>\n<ul>\n<li>\n<h4>Bols de nouilles<\/h4>\n<\/li>\n<\/ul>\n<p>Ces bols sont en effet utiles et remplis de nouilles chaudes, car aucun bouillon ou sauce ne suinte, et votre c\u0153ur est bien plac\u00e9 \u00e0 l'int\u00e9rieur.<\/p>\n<ul>\n<li>\n<h4>Bols de soupe<\/h4>\n<\/li>\n<\/ul>\n<p>En raison de la nature des bols en p\u00e2te \u00e0 papier, l'humidit\u00e9 et les fuites d'eau qui en r\u00e9sultent peuvent \u00eatre n\u00e9glig\u00e9es lors de la manipulation de produits chauds tels que les soupes.<\/p>\n<p>Elles sont id\u00e9ales pour les restaurants, les services de vente \u00e0 emporter ou m\u00eame pour la pr\u00e9paration de repas \u00e0 la maison. Qu'il s'agisse de restauration rapide ou d'\u00e9v\u00e9nements avec traiteur, nos\u00a0<strong><a href=\"https:\/\/www.bioleaderpack.com\/fr\/produit\/bols-jetables-en-canne-a-sucre\/\" target=\"_blank\" rel=\"noopener\" data-wpil-monitor-id=\"2140\">bols durables<\/a><\/strong>\u00a0offrent un emballage alimentaire efficace et \u00e9cologique. Ils peuvent \u00e9galement \u00eatre de diff\u00e9rentes tailles pour accueillir des petits encas ou des repas complets.<\/p>\n<h2>Emballage sur mesure : Une solution qui r\u00e9sout vos probl\u00e8mes<\/h2>\n<p>Nous savons tr\u00e8s bien que chaque client a ses propres besoins en mati\u00e8re de <strong>bols en p\u00e2te \u00e0 papier<\/strong>C'est pourquoi vous avez la possibilit\u00e9 de les personnaliser. Qu'il s'agisse d'un logo, de l'impression d'une marque ou de formes non standard, nous sommes en mesure de r\u00e9pondre \u00e0 vos besoins de personnalisation. La personnalisation n'est pas seulement b\u00e9n\u00e9fique pour le marketing, mais elle garantit que le style d'emballage est adapt\u00e9 au type d'aliments que vous servez.<\/p>\n<h2>L'emballage vert est en vogue<\/h2>\n<p>Une meilleure compr\u00e9hension des menaces environnementales a incit\u00e9 la plupart des consommateurs \u00e0 utiliser les produits de l'UE.\u00a0<strong>bols durables<\/strong>\u00a0et autres\u00a0<strong>solutions d'emballage durables<\/strong>. Un nombre croissant de restaurants et d'entreprises de restauration abandonnent le plastique et choisissent d'utiliser\u00a0<strong>bols \u00e0 pulpe<\/strong>\u00a0au lieu de cela. Au fil du temps, cette tendance se maintiendra, la durabilit\u00e9 \u00e9tant une consid\u00e9ration importante pour les entreprises comme pour les particuliers.<\/p>\n<h2>Pourquoi choisir nos bols en p\u00e2te \u00e0 papier ?<\/h2>\n<p>Notre soci\u00e9t\u00e9 est l'un des fabricants et fournisseurs en gros chinois les plus recherch\u00e9s pour les produits suivants <strong>bols \u00e0 pulpe<\/strong>et nous nous effor\u00e7ons de ne produire que des emballages de haute qualit\u00e9 et respectueux de l'environnement. En termes de fabrication durable, le facteur de production de biens solides, pratiques et tr\u00e8s importants \u00e9mane du d\u00e9sir de changement et de croissance. Les bols en p\u00e2te \u00e0 papier sont l'un de ces produits qui offrent toutes les dispositions de s\u00e9curit\u00e9 aux clients sans compromettre la nature de l'entreprise qui est de satisfaire les clients.<\/p>\n<p align=\"left\">Autre taille :<\/p>\n<figure style=\"width: 1000px\" class=\"wp-caption alignnone\"><img loading=\"lazy\" decoding=\"async\" src=\"https:\/\/www.bioleaderpack.com\/wp-content\/uploads\/2023\/03\/LBowl_1678120102289.jpg\" alt=\"bol canne \u00e0 sucre\" width=\"1000\" height=\"544\" \/><figcaption class=\"wp-caption-text\">bol en fibre de canne \u00e0 sucre 12oz<\/figcaption><\/figure>\n<figure style=\"width: 1000px\" class=\"wp-caption alignnone\"><img loading=\"lazy\" decoding=\"async\" src=\"https:\/\/www.bioleaderpack.com\/wp-content\/uploads\/2023\/03\/20191211153532_1678120030316-1.jpg\" alt=\"bols biod\u00e9gradables\" width=\"1000\" height=\"1000\" \/><figcaption class=\"wp-caption-text\">bols en papier durables<\/figcaption><\/figure>\n<p>&nbsp;<\/p>\n<h2>Questions fr\u00e9quemment pos\u00e9es<\/h2>\n<p><strong>1. Vos bols en p\u00e2te \u00e0 papier passent-ils au micro-ondes ?<\/strong><\/p>\n<p>Tous nos produits passent au micro-ondes et peuvent donc \u00eatre utilis\u00e9s pour r\u00e9chauffer les aliments.<\/p>\n<p><strong>2. Est-il possible d'inclure mon logo dans le paquet ?<\/strong><\/p>\n<p>Sans aucun doute. Il existe des solutions d'emballage qui comprennent non seulement l'impression des logos, mais aussi des modifications de taille.<\/p>\n<p><strong>3. Ces bols passent-ils au micro-ondes et sont-ils \u00e9tanches ?<\/strong><\/p>\n<p>Oui, les bols ne sont ni \u00e9tanches ni r\u00e9sistants \u00e0 la chaleur et peuvent donc contenir des soupes et d'autres aliments solides chauds.<\/p>\n<p><strong>4. Combien de temps faut-il pour que l'utilisation de ces bols se d\u00e9compose ?<\/strong><\/p>\n<p>Ces pots se d\u00e9composent en quelques mois dans des conditions de compostage et constituent donc un substitut appropri\u00e9 aux conteneurs en plastique en tant que solution d'emballage.<\/p>\n<h2>Bloc Semantic Insight : Le r\u00f4le des bols en p\u00e2te \u00e0 papier durable dans les emballages alimentaires de la prochaine g\u00e9n\u00e9ration<\/h2>\n<div class=\"semantic-insight-block\" style=\"background: #e8f5e9; border-left: 4px solid #2196f3; padding: 14px; margin-bottom: 16px;\">\n<ul>\n<li><strong>Impact sur les mat\u00e9riaux et l'environnement :<\/strong> Fabriqu\u00e9s \u00e0 partir de p\u00e2te \u00e0 papier renouvelable certifi\u00e9e FSC, ces bols sont biod\u00e9gradables, compostables et exempts de produits chimiques PFAS nocifs, ce qui favorise un programme sans plastique et z\u00e9ro d\u00e9chet.<\/li>\n<li><strong>Performance et polyvalence :<\/strong> Con\u00e7us pour r\u00e9sister aux fuites et \u00e0 la temp\u00e9rature, ils conviennent pour les soupes chaudes, les salades, les plats \u00e0 base de riz, les desserts et les aliments froids, que ce soit dans le cadre d'une restauration ou d'une vente \u00e0 emporter.<\/li>\n<li><strong>Certifications et conformit\u00e9 :<\/strong> Conformes aux normes EN13432, ASTM D6400, FDA et aux r\u00e9glementations de l'UE en mati\u00e8re de contact alimentaire, ils sont pr\u00eats pour l'exportation et peuvent \u00eatre utilis\u00e9s sur des march\u00e9s o\u00f9 les exigences en mati\u00e8re d'emballages compostables sont strictes.<\/li>\n<li><strong>Valeur du march\u00e9 et du consommateur :<\/strong> Les entreprises qui adoptent des bols de p\u00e2te \u00e0 papier durables font non seulement preuve de responsabilit\u00e9 environnementale, mais gagnent \u00e9galement la confiance des consommateurs et se conforment \u00e0 l'\u00e9volution des lois sur la REP et l'interdiction du plastique dans le monde entier.<\/li>\n<li><strong>Avantage strat\u00e9gique :<\/strong> Investir dans des emballages certifi\u00e9s compostables permet de prot\u00e9ger les marques \u00e0 l'avenir, d'atteindre les objectifs ESG et de tirer parti des tendances du march\u00e9 en faveur d'une vaisselle jetable respectueuse de l'environnement.<\/li>\n<\/ul>\n<div style=\"margin-top: 8px;\"><strong>Aper\u00e7u de l'industrie :<\/strong> Alors que les services alimentaires mondiaux s'orientent vers le d\u00e9veloppement durable, les bols en p\u00e2te \u00e0 papier de Bioleader se distinguent comme une solution conforme et performante, positionnant les marques \u00e0 l'avant-garde des tendances r\u00e9glementaires et de la demande des consommateurs en mati\u00e8re d'\u00e9co-emballages.<\/div>\n<\/div>\n<p>&nbsp;<\/p>\n<p><script type=\"application\/ld+json\">{\n    \"@context\": \"https:\\\/\\\/schema.org\",\n    \"@type\": \"FAQPage\",\n    \"mainEntity\": [\n        {\n            \"@type\": \"Question\",\n            \"name\": \"Are all of your products microwave-safe?\",\n            \"acceptedAnswer\": {\n                \"@type\": \"Answer\",\n                \"text\": \"All of our products are microwave-safe and hence can be used for warming up food.\"\n            }\n        },\n        {\n            \"@type\": \"Question\",\n            \"name\": \"Is it possible to have my logo included in the package?\",\n            \"acceptedAnswer\": {\n                \"@type\": \"Answer\",\n                \"text\": \"Without question. There are packaging solutions that are not only inclusive of printing of the logos but also size modifications.\"\n            }\n        },\n        {\n            \"@type\": \"Question\",\n            \"name\": \"Are these bowls microwave-safe and leak-proof?\",\n            \"acceptedAnswer\": {\n                \"@type\": \"Answer\",\n                \"text\": \"Yes, the bowls are neither leak nor heat resistant as such they can contain soups and other hot solid food.\"\n            }\n        },\n        {\n            \"@type\": \"Question\",\n            \"name\": \"How long does it take for the use of these bowls to decompose?\",\n            \"acceptedAnswer\": {\n                \"@type\": \"Answer\",\n                \"text\": \"These pots will within months decompose under composting conditions and are therefore an appropriate substitute for plastic containers as a packaging solution.\"\n            }\n        }\n    ]\n}<\/script><\/p>","protected":false},"excerpt":{"rendered":"<p data-start=\"181\" data-end=\"817\">\u00c0 la recherche d'un <strong data-start=\"195\" data-end=\"229\">bol durable, sans plastique<\/strong> qui concilie \u00e9co-responsabilit\u00e9 et performance pratique ? L'offre de Bioleader <strong data-start=\"304\" data-end=\"336\">Bols en p\u00e2te \u00e0 papier durable<\/strong> sont fabriqu\u00e9s \u00e0 partir de <strong data-start=\"354\" data-end=\"385\">bagasse de canne \u00e0 sucre renouvelable<\/strong>, offrant une <strong data-start=\"398\" data-end=\"431\">biod\u00e9gradable et compostable<\/strong> pour l'emballage des services alimentaires modernes. Con\u00e7us pour les aliments chauds et froids, ces bols sont <strong data-start=\"529\" data-end=\"547\">compatible avec les micro-ondes<\/strong>, <strong data-start=\"549\" data-end=\"566\">r\u00e9sistant \u00e0 l'huile<\/strong>et <strong data-start=\"572\" data-end=\"586\">\u00e9tanche<\/strong>-Id\u00e9al pour les plats \u00e0 emporter, la restauration et la vente au d\u00e9tail soucieuse de l'environnement. D'une esth\u00e9tique \u00e9pur\u00e9e et d'une fonctionnalit\u00e9 sup\u00e9rieure, ils r\u00e9pondent aux normes mondiales de durabilit\u00e9 tout en offrant des prix comp\u00e9titifs et une disponibilit\u00e9 en vrac pour les march\u00e9s d'exportation.<\/p>","protected":false},"featured_media":18127,"comment_status":"open","ping_status":"closed","template":"","meta":{"_acf_changed":false},"product_brand":[8971],"product_cat":[7150],"product_tag":[6700,6672,6701,6702,6703,6704,6705,6706,6708,6709,6710],"class_list":{"0":"post-13548","1":"product","2":"type-product","3":"status-publish","4":"has-post-thumbnail","6":"product_brand-bioleader","7":"product_cat-bagasse-bowl","8":"product_tag-biodegradable-pulp-bowl-12oz","9":"product_tag-disposable-bowl-made-from-sugarcane","10":"product_tag-paper-bowl-sustainable","11":"product_tag-paper-pulp-bowls","12":"product_tag-plant-fiber-bowl-12oz","13":"product_tag-pulp-bowl-12oz","14":"product_tag-pulp-bowls","15":"product_tag-pulp-molding-bowls","16":"product_tag-sugarcane-fiber-bowl-12oz","17":"product_tag-sustainable-bowls","18":"product_tag-sustainable-paper-bowls","20":"first","21":"instock","22":"purchasable","23":"product-type-simple"},"acf":[],"_links":{"self":[{"href":"https:\/\/www.bioleaderpack.com\/fr\/wp-json\/wp\/v2\/product\/13548","targetHints":{"allow":["GET"]}}],"collection":[{"href":"https:\/\/www.bioleaderpack.com\/fr\/wp-json\/wp\/v2\/product"}],"about":[{"href":"https:\/\/www.bioleaderpack.com\/fr\/wp-json\/wp\/v2\/types\/product"}],"replies":[{"embeddable":true,"href":"https:\/\/www.bioleaderpack.com\/fr\/wp-json\/wp\/v2\/comments?post=13548"}],"wp:featuredmedia":[{"embeddable":true,"href":"https:\/\/www.bioleaderpack.com\/fr\/wp-json\/wp\/v2\/media\/18127"}],"wp:attachment":[{"href":"https:\/\/www.bioleaderpack.com\/fr\/wp-json\/wp\/v2\/media?parent=13548"}],"wp:term":[{"taxonomy":"product_brand","embeddable":true,"href":"https:\/\/www.bioleaderpack.com\/fr\/wp-json\/wp\/v2\/product_brand?post=13548"},{"taxonomy":"product_cat","embeddable":true,"href":"https:\/\/www.bioleaderpack.com\/fr\/wp-json\/wp\/v2\/product_cat?post=13548"},{"taxonomy":"product_tag","embeddable":true,"href":"https:\/\/www.bioleaderpack.com\/fr\/wp-json\/wp\/v2\/product_tag?post=13548"}],"curies":[{"name":"wp","href":"https:\/\/api.w.org\/{rel}","templated":true}]}}