{"id":3,"date":"2022-01-26T17:22:33","date_gmt":"2022-01-26T09:22:33","guid":{"rendered":"https:\/\/www.bioleaderpack.com\/?page_id=3"},"modified":"2026-02-18T20:40:37","modified_gmt":"2026-02-18T12:40:37","slug":"politique-de-confidentialite","status":"publish","type":"page","link":"https:\/\/www.bioleaderpack.com\/fr\/politique-de-confidentialite\/","title":{"rendered":"Politique de confidentialit\u00e9 | Protection des donn\u00e9es de Bioleader\u00ae, conformit\u00e9 GDPR &amp; CCPA"},"content":{"rendered":"<p data-start=\"417\" data-end=\"493\"><em><strong data-start=\"462\" data-end=\"493\">Derni\u00e8re mise \u00e0 jour : Novembre 2025<\/strong><\/em><\/p>\n<p data-start=\"495\" data-end=\"795\">Au <b data-path-to-node=\"10,0\" data-index-in-node=\"0\">Bioleader\u00ae | \u53a6\u95e8\u5f7c\u5229\u5f97\u73af\u4fdd\u79d1\u6280\u6709\u9650\u516c\u53f8<\/b> <strong data-start=\"498\" data-end=\"566\">\u00a0(Xiamen Bioleader Environmental Protection Technology Co., Ltd.)<\/strong>Nous nous engageons \u00e0 prot\u00e9ger vos donn\u00e9es personnelles et \u00e0 maintenir une transparence totale sur la mani\u00e8re dont les informations sont collect\u00e9es, utilis\u00e9es, stock\u00e9es et sauvegard\u00e9es.<br data-start=\"718\" data-end=\"721\" \/>La pr\u00e9sente politique de confidentialit\u00e9 est conforme aux principales r\u00e9glementations mondiales en mati\u00e8re de donn\u00e9es, notamment :<\/p>\n<ul data-start=\"797\" data-end=\"935\">\n<li data-start=\"797\" data-end=\"826\">\n<p data-start=\"799\" data-end=\"826\"><strong data-start=\"799\" data-end=\"824\">GDPR (Union europ\u00e9enne)<\/strong><\/p>\n<\/li>\n<li data-start=\"827\" data-end=\"864\">\n<p data-start=\"829\" data-end=\"864\"><strong data-start=\"829\" data-end=\"862\">CCPA \/ CPRA (Californie, \u00c9tats-Unis)<\/strong><\/p>\n<\/li>\n<li data-start=\"865\" data-end=\"888\">\n<p data-start=\"867\" data-end=\"888\"><strong data-start=\"867\" data-end=\"886\">PIPL\uff08\u4e2d\u56fd\u4e2a\u4eba\u4fe1\u606f\u4fdd\u62a4\u6cd5\uff09<\/strong><\/p>\n<\/li>\n<li data-start=\"889\" data-end=\"913\">\n<p data-start=\"891\" data-end=\"913\"><strong data-start=\"891\" data-end=\"911\">PDPA (Singapour)<\/strong><\/p>\n<\/li>\n<li data-start=\"914\" data-end=\"935\">\n<p data-start=\"916\" data-end=\"935\"><strong data-start=\"916\" data-end=\"933\">LGPD (Br\u00e9sil)<\/strong><\/p>\n<\/li>\n<\/ul>\n<p data-start=\"937\" data-end=\"1079\">Cette politique s'applique \u00e0 l'utilisation que vous faites de :<br data-start=\"972\" data-end=\"975\" \/><strong data-start=\"975\" data-end=\"1008\">https:\/\/www.bioleaderpack.com<\/strong><br data-start=\"1008\" data-end=\"1011\" \/>et tous les services, formulaires et canaux de communication num\u00e9riques connexes.<\/p>\n<figure id=\"attachment_28391\" aria-describedby=\"caption-attachment-28391\" style=\"width: 1200px\" class=\"wp-caption alignnone\"><img fetchpriority=\"high\" decoding=\"async\" class=\"size-full wp-image-28391\" title=\"Politique de confidentialit\u00e9 de Bioleader Protection des donn\u00e9es 2025\" src=\"https:\/\/www.bioleaderpack.com\/wp-content\/uploads\/2025\/10\/Bioleader-Privacy-Policy-Data-Protection-2025.jpg\" alt=\"Politique de confidentialit\u00e9 de Bioleader\u00ae - Protection s\u00e9curis\u00e9e des donn\u00e9es et conformit\u00e9 au GDPR\" width=\"1200\" height=\"800\" srcset=\"https:\/\/www.bioleaderpack.com\/wp-content\/uploads\/2025\/10\/Bioleader-Privacy-Policy-Data-Protection-2025.jpg.webp 1200w, https:\/\/www.bioleaderpack.com\/wp-content\/uploads\/2025\/10\/Bioleader-Privacy-Policy-Data-Protection-2025-300x200.jpg.webp 300w, https:\/\/www.bioleaderpack.com\/wp-content\/uploads\/2025\/10\/Bioleader-Privacy-Policy-Data-Protection-2025-768x512.jpg.webp 768w, https:\/\/www.bioleaderpack.com\/wp-content\/uploads\/2025\/10\/Bioleader-Privacy-Policy-Data-Protection-2025-1024x683.jpg.webp 1024w, https:\/\/www.bioleaderpack.com\/wp-content\/uploads\/2025\/10\/Bioleader-Privacy-Policy-Data-Protection-2025-18x12.jpg 18w, https:\/\/www.bioleaderpack.com\/wp-content\/uploads\/2025\/10\/Bioleader-Privacy-Policy-Data-Protection-2025-600x400.jpg.webp 600w\" sizes=\"(max-width: 1200px) 100vw, 1200px\" \/><figcaption id=\"caption-attachment-28391\" class=\"wp-caption-text\">Bioleader\u00ae assure un traitement s\u00e9curis\u00e9 et transparent des donn\u00e9es en conformit\u00e9 avec le GDPR et le CCPA.<\/figcaption><\/figure>\n<hr data-start=\"1081\" data-end=\"1084\" \/>\n<h2 data-start=\"1086\" data-end=\"1105\"><strong data-start=\"1088\" data-end=\"1105\">1. Qui sommes-nous ?<\/strong><\/h2>\n<p data-start=\"1107\" data-end=\"1314\"><strong data-start=\"1107\" data-end=\"1175\"><b data-path-to-node=\"10,0\" data-index-in-node=\"0\">Bioleader\u00ae | \u53a6\u95e8\u5f7c\u5229\u5f97\u73af\u4fdd\u79d1\u6280\u6709\u9650\u516c\u53f8<\/b> (Xiamen Bioleader Environmental Protection Technology Co., Ltd.)<\/strong><br data-start=\"1175\" data-end=\"1178\" \/>\ud83d\udccd Address : No. 39 Xinglong Road, Xiamen, Fujian, Chine<br data-start=\"1233\" data-end=\"1236\" \/>\ud83d\udce7 Courriel : <a class=\"decorated-link cursor-pointer\" rel=\"noopener\" data-start=\"1246\" data-end=\"1268\">info@bioleaderpack.com<\/a><br data-start=\"1268\" data-end=\"1271\" \/>\ud83c\udf10 Site web : https:\/\/www.bioleaderpack.com<\/p>\n<p data-start=\"1316\" data-end=\"1483\">Nous sommes un fabricant et un exportateur de produits d'emballage alimentaire durables, notamment <strong>canne \u00e0 sucre<\/strong> <strong data-start=\"1401\" data-end=\"1482\">vaisselle en bagasse, vaisselle en amidon de ma\u00efs, gobelets en PLA, gobelets en papier, bols en papier, couverts compostables et r\u00e9cipients en papier kraft<\/strong>.<\/p>\n<hr data-start=\"1485\" data-end=\"1488\" \/>\n<h2 data-start=\"1490\" data-end=\"1521\"><strong data-start=\"1492\" data-end=\"1521\">2. Les informations que nous collectons<\/strong><\/h2>\n<p data-start=\"1523\" data-end=\"1651\">Nous recueillons des informations pour fournir des devis, r\u00e9pondre aux demandes de renseignements, am\u00e9liorer les performances du site web et soutenir la communication avec les clients.<\/p>\n<h3 data-start=\"1653\" data-end=\"1688\"><strong data-start=\"1656\" data-end=\"1688\">A. Donn\u00e9es personnelles que vous fournissez<\/strong><\/h3>\n<p data-start=\"1689\" data-end=\"1757\">Lorsque vous soumettez des formulaires (contact, demande de renseignements, devis), nous pouvons collecter des donn\u00e9es :<\/p>\n<ul data-start=\"1759\" data-end=\"1921\">\n<li data-start=\"1759\" data-end=\"1782\">\n<p data-start=\"1761\" data-end=\"1782\">Nom et raison sociale<\/p>\n<\/li>\n<li data-start=\"1783\" data-end=\"1815\">\n<p data-start=\"1785\" data-end=\"1815\">Adresse \u00e9lectronique et num\u00e9ro de t\u00e9l\u00e9phone<\/p>\n<\/li>\n<li data-start=\"1816\" data-end=\"1834\">\n<p data-start=\"1818\" data-end=\"1834\">Pays\/r\u00e9gion<\/p>\n<\/li>\n<li data-start=\"1835\" data-end=\"1870\">\n<p data-start=\"1837\" data-end=\"1870\">Exigences et messages relatifs aux produits<\/p>\n<\/li>\n<li data-start=\"1871\" data-end=\"1921\">\n<p data-start=\"1873\" data-end=\"1921\">Fichiers t\u00e9l\u00e9charg\u00e9s (dessins, sp\u00e9cifications, photos)<\/p>\n<\/li>\n<\/ul>\n<h3 data-start=\"1923\" data-end=\"1961\"><strong data-start=\"1926\" data-end=\"1961\">B. Donn\u00e9es collect\u00e9es automatiquement<\/strong><\/h3>\n<p data-start=\"1962\" data-end=\"2014\">Par le biais de cookies et d'outils d'analyse, nous pouvons traiter les donn\u00e9es suivantes<\/p>\n<ul data-start=\"2016\" data-end=\"2181\">\n<li data-start=\"2016\" data-end=\"2030\">\n<p data-start=\"2018\" data-end=\"2030\">Adresse IP<\/p>\n<\/li>\n<li data-start=\"2031\" data-end=\"2059\">\n<p data-start=\"2033\" data-end=\"2059\">Type de navigateur, syst\u00e8me d'exploitation, appareil<\/p>\n<\/li>\n<li data-start=\"2060\" data-end=\"2092\">\n<p data-start=\"2062\" data-end=\"2092\">Pages visit\u00e9es et temps pass\u00e9 sur le site<\/p>\n<\/li>\n<li data-start=\"2093\" data-end=\"2110\">\n<p data-start=\"2095\" data-end=\"2110\">URL de r\u00e9f\u00e9rence<\/p>\n<\/li>\n<li data-start=\"2111\" data-end=\"2135\">\n<p data-start=\"2113\" data-end=\"2135\">Pr\u00e9f\u00e9rences linguistiques<\/p>\n<\/li>\n<li data-start=\"2136\" data-end=\"2181\">\n<p data-start=\"2138\" data-end=\"2181\">Interactions avec les formulaires et les \u00e9l\u00e9ments de la page<\/p>\n<\/li>\n<\/ul>\n<h3 data-start=\"2183\" data-end=\"2206\"><strong data-start=\"2186\" data-end=\"2206\">C. T\u00e9l\u00e9chargements de m\u00e9dias<\/strong><\/h3>\n<p data-start=\"2207\" data-end=\"2295\">Si vous t\u00e9l\u00e9chargez des images, \u00e9vitez d'inclure les donn\u00e9es GPS EXIF. Les visiteurs peuvent extraire les donn\u00e9es int\u00e9gr\u00e9es.<\/p>\n<hr data-start=\"2297\" data-end=\"2300\" \/>\n<h2 data-start=\"2302\" data-end=\"2338\"><strong data-start=\"2304\" data-end=\"2338\">3. Comment nous utilisons vos informations<\/strong><\/h2>\n<p data-start=\"2340\" data-end=\"2408\">Nous traitons vos donn\u00e9es pour les objectifs commerciaux l\u00e9gitimes suivants :<\/p>\n<ul data-start=\"2410\" data-end=\"2745\">\n<li data-start=\"2410\" data-end=\"2460\">\n<p data-start=\"2412\" data-end=\"2460\">R\u00e9pondre aux demandes de renseignements et pr\u00e9parer les devis<\/p>\n<\/li>\n<li data-start=\"2461\" data-end=\"2503\">\n<p data-start=\"2463\" data-end=\"2503\">Communication des commandes et service \u00e0 la client\u00e8le<\/p>\n<\/li>\n<li data-start=\"2504\" data-end=\"2549\">\n<p data-start=\"2506\" data-end=\"2549\">Am\u00e9liorer la convivialit\u00e9 et les performances du site web<\/p>\n<\/li>\n<li data-start=\"2550\" data-end=\"2598\">\n<p data-start=\"2552\" data-end=\"2598\">Surveillance de la s\u00e9curit\u00e9 (Cloudflare \/ LiteSpeed)<\/p>\n<\/li>\n<li data-start=\"2599\" data-end=\"2659\">\n<p data-start=\"2601\" data-end=\"2659\">Analyse et optimisation des conversions (Google Analytics)<\/p>\n<\/li>\n<li data-start=\"2660\" data-end=\"2709\">\n<p data-start=\"2662\" data-end=\"2709\">Exp\u00e9rience utilisateur multilingue (TranslatePress)<\/p>\n<\/li>\n<li data-start=\"2710\" data-end=\"2745\">\n<p data-start=\"2712\" data-end=\"2745\">Protection anti-spam \/ anti-bot<\/p>\n<\/li>\n<\/ul>\n<h3 data-start=\"2747\" data-end=\"2765\"><strong data-start=\"2751\" data-end=\"2765\">Nous ne le faisons pas :<\/strong><\/h3>\n<p data-start=\"2766\" data-end=\"2955\">vendre, louer ou \u00e9changer vos informations personnelles<br data-start=\"2814\" data-end=\"2817\" \/>\u274c utiliser vos informations pour une prise de d\u00e9cision automatis\u00e9e affectant les droits<br data-start=\"2886\" data-end=\"2889\" \/>\u274c utiliser l'IA pour fixer des prix, n\u00e9gocier ou conclure des contrats sans l'approbation d'un \u00eatre humain<\/p>\n<hr data-start=\"2957\" data-end=\"2960\" \/>\n<h2 data-start=\"2962\" data-end=\"3004\"><strong data-start=\"2964\" data-end=\"3004\">4. Base juridique du traitement (GDPR)<\/strong><\/h2>\n<p data-start=\"3006\" data-end=\"3054\">En fonction de votre r\u00e9gion, nous traitons les donn\u00e9es sous :<\/p>\n<ul data-start=\"3056\" data-end=\"3318\">\n<li data-start=\"3056\" data-end=\"3095\">\n<p data-start=\"3058\" data-end=\"3095\"><strong data-start=\"3058\" data-end=\"3069\">Consentement<\/strong> - lorsque vous soumettez des formulaires<\/p>\n<\/li>\n<li data-start=\"3096\" data-end=\"3173\">\n<p data-start=\"3098\" data-end=\"3173\"><strong data-start=\"3098\" data-end=\"3122\">Ex\u00e9cution du contrat<\/strong> - pr\u00e9parer des devis ou r\u00e9pondre \u00e0 des demandes<\/p>\n<\/li>\n<li data-start=\"3174\" data-end=\"3250\">\n<p data-start=\"3176\" data-end=\"3250\"><strong data-start=\"3176\" data-end=\"3200\">Int\u00e9r\u00eats l\u00e9gitimes<\/strong> - analyse de sites web, s\u00e9curit\u00e9, pr\u00e9vention de la fraude<\/p>\n<\/li>\n<li data-start=\"3251\" data-end=\"3318\">\n<p data-start=\"3253\" data-end=\"3318\"><strong data-start=\"3253\" data-end=\"3273\">Conformit\u00e9 juridique<\/strong> - tenue de registres et exigences r\u00e9glementaires<\/p>\n<\/li>\n<\/ul>\n<hr data-start=\"3320\" data-end=\"3323\" \/>\n<h2 data-start=\"3325\" data-end=\"3365\"><strong data-start=\"3327\" data-end=\"3365\">5. Cookies et technologies de suivi<\/strong><\/h2>\n<p data-start=\"3367\" data-end=\"3418\">Nous utilisons des cookies pour am\u00e9liorer votre exp\u00e9rience de navigation.<\/p>\n<h3 data-start=\"3420\" data-end=\"3444\"><strong data-start=\"3424\" data-end=\"3444\">Types de cookies<\/strong><\/h3>\n<ul data-start=\"3445\" data-end=\"3710\">\n<li data-start=\"3445\" data-end=\"3512\">\n<p data-start=\"3447\" data-end=\"3512\"><strong data-start=\"3447\" data-end=\"3468\">Cookies essentiels<\/strong> - s\u00e9curit\u00e9, soumission de formulaire, session utilisateur<\/p>\n<\/li>\n<li data-start=\"3513\" data-end=\"3577\">\n<p data-start=\"3515\" data-end=\"3577\"><strong data-start=\"3515\" data-end=\"3537\">Cookies fonctionnels<\/strong> - s\u00e9lection de la langue (TranslatePress)<\/p>\n<\/li>\n<li data-start=\"3578\" data-end=\"3631\">\n<p data-start=\"3580\" data-end=\"3631\"><strong data-start=\"3580\" data-end=\"3601\">Cookies analytiques<\/strong> - aper\u00e7u des performances du site<\/p>\n<\/li>\n<li data-start=\"3632\" data-end=\"3710\">\n<p data-start=\"3634\" data-end=\"3710\"><strong data-start=\"3634\" data-end=\"3655\">Cookies marketing<\/strong> - uniquement lorsqu'ils sont actifs (par exemple, Google Ads, WhatsApp widget)<\/p>\n<\/li>\n<\/ul>\n<p data-start=\"3712\" data-end=\"3774\">Vous pouvez \u00e0 tout moment d\u00e9sactiver les cookies via les param\u00e8tres de votre navigateur.<\/p>\n<hr data-start=\"3776\" data-end=\"3779\" \/>\n<h2 data-start=\"3781\" data-end=\"3817\"><strong data-start=\"3783\" data-end=\"3817\">6. Services de tiers que nous utilisons<\/strong><\/h2>\n<p data-start=\"3819\" data-end=\"3912\">Vos donn\u00e9es peuvent \u00eatre trait\u00e9es par des services tiers de confiance \u00e0 des fins strictement op\u00e9rationnelles :<\/p>\n<div class=\"_tableContainer_1rjym_1\">\n<div class=\"group _tableWrapper_1rjym_13 flex w-fit flex-col-reverse\">\n<table class=\"w-fit min-w-(--thread-content-width)\" style=\"width: 65.2491%\" data-start=\"3914\" data-end=\"4335\">\n<thead data-start=\"3914\" data-end=\"3935\">\n<tr data-start=\"3914\" data-end=\"3935\">\n<th style=\"width: 49.6855%\" data-start=\"3914\" data-end=\"3924\" data-col-size=\"sm\">Service<\/th>\n<th style=\"width: 107.338%\" data-start=\"3924\" data-end=\"3935\" data-col-size=\"sm\">Objectif<\/th>\n<\/tr>\n<\/thead>\n<tbody data-start=\"3957\" data-end=\"4335\">\n<tr data-start=\"3957\" data-end=\"4013\">\n<td style=\"width: 49.6855%\" data-start=\"3957\" data-end=\"3980\" data-col-size=\"sm\"><strong data-start=\"3959\" data-end=\"3979\">Google Analytics<\/strong><\/td>\n<td style=\"width: 107.338%\" data-start=\"3980\" data-end=\"4013\" data-col-size=\"sm\">Informations sur le trafic (anonymes)<\/td>\n<\/tr>\n<tr data-start=\"4014\" data-end=\"4072\">\n<td style=\"width: 49.6855%\" data-start=\"4014\" data-end=\"4046\" data-col-size=\"sm\"><strong data-start=\"4016\" data-end=\"4045\">Cloudflare CDN &amp; Firewall<\/strong><\/td>\n<td style=\"width: 107.338%\" data-start=\"4046\" data-end=\"4072\" data-col-size=\"sm\">S\u00e9curit\u00e9 et performance<\/td>\n<\/tr>\n<tr data-start=\"4073\" data-end=\"4122\">\n<td style=\"width: 49.6855%\" data-start=\"4073\" data-end=\"4095\" data-col-size=\"sm\"><strong data-start=\"4075\" data-end=\"4094\">LiteSpeed Cache<\/strong><\/td>\n<td style=\"width: 107.338%\" data-start=\"4095\" data-end=\"4122\" data-col-size=\"sm\">Livraison optimis\u00e9e du site<\/td>\n<\/tr>\n<tr data-start=\"4123\" data-end=\"4169\">\n<td style=\"width: 49.6855%\" data-start=\"4123\" data-end=\"4144\" data-col-size=\"sm\"><strong data-start=\"4125\" data-end=\"4143\">TranslatePress<\/strong><\/td>\n<td style=\"width: 107.338%\" data-start=\"4144\" data-end=\"4169\" data-col-size=\"sm\">Localisation des langues<\/td>\n<\/tr>\n<tr data-start=\"4170\" data-end=\"4213\">\n<td style=\"width: 49.6855%\" data-start=\"4170\" data-end=\"4184\" data-col-size=\"sm\"><strong data-start=\"4172\" data-end=\"4183\">WPForms<\/strong><\/td>\n<td style=\"width: 107.338%\" data-start=\"4184\" data-end=\"4213\" data-col-size=\"sm\">Formulaires de contact et de devis<\/td>\n<\/tr>\n<tr data-start=\"4214\" data-end=\"4269\">\n<td style=\"width: 49.6855%\" data-start=\"4214\" data-end=\"4245\" data-col-size=\"sm\"><strong data-start=\"4216\" data-end=\"4244\">Widget WhatsApp Business<\/strong><\/td>\n<td style=\"width: 107.338%\" data-start=\"4245\" data-end=\"4269\" data-col-size=\"sm\">Communication directe<\/td>\n<\/tr>\n<tr data-start=\"4270\" data-end=\"4335\">\n<td style=\"width: 49.6855%\" data-start=\"4270\" data-end=\"4302\" data-col-size=\"sm\"><strong data-start=\"4272\" data-end=\"4301\">Elementor \/ Rank Math SEO<\/strong><\/td>\n<td style=\"width: 107.338%\" data-start=\"4302\" data-end=\"4335\" data-col-size=\"sm\">Rendu des pages et m\u00e9tadonn\u00e9es SEO<\/td>\n<\/tr>\n<\/tbody>\n<\/table>\n<\/div>\n<\/div>\n<p data-start=\"4337\" data-end=\"4429\">Tous les tiers traitent les donn\u00e9es conform\u00e9ment \u00e0 leurs propres politiques de confidentialit\u00e9 et aux normes internationales.<\/p>\n<hr data-start=\"4431\" data-end=\"4434\" \/>\n<h2 data-start=\"4436\" data-end=\"4459\"><strong data-start=\"4438\" data-end=\"4459\">7. Conservation des donn\u00e9es<\/strong><\/h2>\n<ul data-start=\"4461\" data-end=\"4671\">\n<li data-start=\"4461\" data-end=\"4511\">\n<p data-start=\"4463\" data-end=\"4511\">Registres des demandes de renseignements\/de devis : <strong data-start=\"4490\" data-end=\"4509\">jusqu'\u00e0 24 mois<\/strong><\/p>\n<\/li>\n<li data-start=\"4512\" data-end=\"4555\">\n<p data-start=\"4514\" data-end=\"4555\">Donn\u00e9es analytiques : anonymes et agr\u00e9g\u00e9es<\/p>\n<\/li>\n<li data-start=\"4556\" data-end=\"4612\">\n<p data-start=\"4558\" data-end=\"4612\">Cookies : <strong data-start=\"4567\" data-end=\"4586\">jusqu'\u00e0 12 mois<\/strong> sauf si elle est supprim\u00e9e manuellement<\/p>\n<\/li>\n<li data-start=\"4613\" data-end=\"4671\">\n<p data-start=\"4615\" data-end=\"4671\">Fichiers clients : stock\u00e9s uniquement \u00e0 des fins de communication commerciale<\/p>\n<\/li>\n<\/ul>\n<hr data-start=\"4673\" data-end=\"4676\" \/>\n<h2 data-start=\"4678\" data-end=\"4713\"><strong data-start=\"4680\" data-end=\"4713\">8. Protection des donn\u00e9es et s\u00e9curit\u00e9<\/strong><\/h2>\n<p data-start=\"4715\" data-end=\"4758\">Nous mettons en \u0153uvre des protections conformes aux normes de l'industrie :<\/p>\n<ul data-start=\"4760\" data-end=\"4924\">\n<li data-start=\"4760\" data-end=\"4778\">\n<p data-start=\"4762\" data-end=\"4778\">Cryptage SSL<\/p>\n<\/li>\n<li data-start=\"4779\" data-end=\"4820\">\n<p data-start=\"4781\" data-end=\"4820\">Pare-feu Cloudflare et att\u00e9nuation des attaques DDoS<\/p>\n<\/li>\n<li data-start=\"4821\" data-end=\"4849\">\n<p data-start=\"4823\" data-end=\"4849\">R\u00e8gles de s\u00e9curit\u00e9 de LiteSpeed<\/p>\n<\/li>\n<li data-start=\"4850\" data-end=\"4879\">\n<p data-start=\"4852\" data-end=\"4879\">Corrections r\u00e9guli\u00e8res des logiciels<\/p>\n<\/li>\n<li data-start=\"4880\" data-end=\"4924\">\n<p data-start=\"4882\" data-end=\"4924\">Contr\u00f4le d'acc\u00e8s pour le personnel autoris\u00e9 uniquement<\/p>\n<\/li>\n<\/ul>\n<hr data-start=\"4926\" data-end=\"4929\" \/>\n<h2 data-start=\"4931\" data-end=\"4972\"><strong data-start=\"4933\" data-end=\"4972\">9. Vos droits (GDPR \/ CCPA \/ PIPL)<\/strong><\/h2>\n<p data-start=\"4974\" data-end=\"5002\">Vous pouvez en faire la demande \u00e0 tout moment :<\/p>\n<ul data-start=\"5004\" data-end=\"5338\">\n<li data-start=\"5004\" data-end=\"5047\">\n<p data-start=\"5006\" data-end=\"5047\"><strong data-start=\"5006\" data-end=\"5016\">Acc\u00e8s<\/strong> - obtenir une copie de vos donn\u00e9es<\/p>\n<\/li>\n<li data-start=\"5048\" data-end=\"5095\">\n<p data-start=\"5050\" data-end=\"5095\"><strong data-start=\"5050\" data-end=\"5064\">Correction<\/strong> - corriger les informations inexactes<\/p>\n<\/li>\n<li data-start=\"5096\" data-end=\"5154\">\n<p data-start=\"5098\" data-end=\"5154\"><strong data-start=\"5098\" data-end=\"5110\">Suppression<\/strong> - effacer vos donn\u00e9es (lorsque la loi l'autorise)<\/p>\n<\/li>\n<li data-start=\"5155\" data-end=\"5193\">\n<p data-start=\"5157\" data-end=\"5193\"><strong data-start=\"5157\" data-end=\"5172\">Restriction<\/strong> - traitement des limites<\/p>\n<\/li>\n<li data-start=\"5194\" data-end=\"5237\">\n<p data-start=\"5196\" data-end=\"5237\"><strong data-start=\"5196\" data-end=\"5209\">Objection<\/strong> - refuser certaines utilisations<\/p>\n<\/li>\n<li data-start=\"5238\" data-end=\"5286\">\n<p data-start=\"5240\" data-end=\"5286\"><strong data-start=\"5240\" data-end=\"5255\">Portabilit\u00e9<\/strong> - demander des fichiers transf\u00e9rables<\/p>\n<\/li>\n<li data-start=\"5287\" data-end=\"5338\">\n<p data-start=\"5289\" data-end=\"5338\"><strong data-start=\"5289\" data-end=\"5306\">CCPA : Opt-Out<\/strong> du partage des donn\u00e9es \u00e0 des fins de marketing<\/p>\n<\/li>\n<\/ul>\n<p data-start=\"5340\" data-end=\"5398\">Exercer ses droits :<br data-start=\"5359\" data-end=\"5362\" \/>\ud83d\udce7 Courriel : <strong data-start=\"5372\" data-end=\"5398\"><a class=\"decorated-link cursor-pointer\" rel=\"noopener\" data-start=\"5374\" data-end=\"5396\">info@bioleaderpack.com<\/a><\/strong><\/p>\n<p data-start=\"5400\" data-end=\"5437\">Nous pouvons demander une v\u00e9rification d'identit\u00e9.<\/p>\n<hr data-start=\"5439\" data-end=\"5442\" \/>\n<h2 data-start=\"5444\" data-end=\"5482\"><strong data-start=\"5446\" data-end=\"5482\">10. Transferts internationaux de donn\u00e9es<\/strong><\/h2>\n<p data-start=\"5484\" data-end=\"5598\">En tant que fournisseur mondial, les donn\u00e9es peuvent \u00eatre trait\u00e9es dans :<br data-start=\"5531\" data-end=\"5534\" \/>\ud83c\udde8\ud83c\uddf3 Chine, \ud83c\uddf8\ud83c\uddec Singapour, \ud83c\uddfa\ud83c\uddf8 USA, \ud83c\uddea\ud83c\uddfa UE, ou autres r\u00e9gions.<\/p>\n<p data-start=\"5600\" data-end=\"5635\">Bioleader\u00ae assure la conformit\u00e9 avec :<\/p>\n<ul data-start=\"5637\" data-end=\"5778\">\n<li data-start=\"5637\" data-end=\"5676\">\n<p data-start=\"5639\" data-end=\"5676\">Clauses contractuelles types (CCN)<\/p>\n<\/li>\n<li data-start=\"5677\" data-end=\"5734\">\n<p data-start=\"5679\" data-end=\"5734\">Cadres de transfert internationaux Cloudflare et Google<\/p>\n<\/li>\n<li data-start=\"5735\" data-end=\"5778\">\n<p data-start=\"5737\" data-end=\"5778\">Exigences en mati\u00e8re de transferts transfrontaliers de l'IPPC<\/p>\n<\/li>\n<\/ul>\n<hr data-start=\"5780\" data-end=\"5783\" \/>\n<h2 data-start=\"5785\" data-end=\"5813\"><strong data-start=\"5787\" data-end=\"5813\">11. Vie priv\u00e9e des enfants<\/strong><\/h2>\n<p data-start=\"5815\" data-end=\"5916\">Notre site web est <strong data-start=\"5830\" data-end=\"5868\">ne s'adresse pas aux enfants de moins de 16 ans<\/strong>.<br data-start=\"5869\" data-end=\"5872\" \/>Nous ne collectons pas sciemment les donn\u00e9es des enfants.<\/p>\n<hr data-start=\"5918\" data-end=\"5921\" \/>\n<h2 data-start=\"5923\" data-end=\"5958\"><strong data-start=\"5925\" data-end=\"5958\">12. Prise de d\u00e9cision automatis\u00e9e<\/strong><\/h2>\n<p data-start=\"5960\" data-end=\"6006\">Bioleader\u00ae fait <strong data-start=\"5976\" data-end=\"5983\">pas<\/strong> utiliser les donn\u00e9es \u00e0 caract\u00e8re personnel :<\/p>\n<ul data-start=\"6008\" data-end=\"6093\">\n<li data-start=\"6008\" data-end=\"6031\">\n<p data-start=\"6010\" data-end=\"6031\">Tarification algorithmique<\/p>\n<\/li>\n<li data-start=\"6032\" data-end=\"6057\">\n<p data-start=\"6034\" data-end=\"6057\">N\u00e9gociation automatis\u00e9e<\/p>\n<\/li>\n<li data-start=\"6058\" data-end=\"6093\">\n<p data-start=\"6060\" data-end=\"6093\">D\u00e9cisions d'\u00e9ligibilit\u00e9 automatis\u00e9es<\/p>\n<\/li>\n<\/ul>\n<p data-start=\"6095\" data-end=\"6138\">Toutes les d\u00e9cisions importantes font l'objet d'un examen humain.<\/p>\n<hr data-start=\"6140\" data-end=\"6143\" \/>\n<h2 data-start=\"6145\" data-end=\"6169\"><strong data-start=\"6147\" data-end=\"6169\">13. Mises \u00e0 jour des politiques<\/strong><\/h2>\n<p data-start=\"6171\" data-end=\"6334\">Cette politique peut \u00eatre mise \u00e0 jour en fonction de l'\u00e9volution des technologies, des r\u00e9glementations ou des besoins des entreprises.<br data-start=\"6253\" data-end=\"6256\" \/>La derni\u00e8re version sera toujours affich\u00e9e sur cette page avec sa date d'entr\u00e9e en vigueur.<\/p>\n<hr data-start=\"6336\" data-end=\"6339\" \/>\n<h2 data-start=\"6341\" data-end=\"6361\"><strong data-start=\"6343\" data-end=\"6361\">14. Nous contacter<\/strong><\/h2>\n<p data-start=\"6363\" data-end=\"6545\"><strong data-start=\"6363\" data-end=\"6431\"><b data-path-to-node=\"10,0\" data-index-in-node=\"0\">Bioleader\u00ae | \u53a6\u95e8\u5f7c\u5229\u5f97\u73af\u4fdd\u79d1\u6280\u6709\u9650\u516c\u53f8<\/b> (Xiamen Bioleader Environmental Protection Technology Co., Ltd.)<\/strong><br data-start=\"6431\" data-end=\"6434\" \/>No. 39 Xinglong Road, Xiamen, Fujian, Chine<br data-start=\"6480\" data-end=\"6483\" \/>\ud83d\udce7 <a class=\"decorated-link cursor-pointer\" rel=\"noopener\" data-start=\"6486\" data-end=\"6508\">info@bioleaderpack.com<\/a><br data-start=\"6508\" data-end=\"6511\" \/>\ud83c\udf10 https:\/\/www.bioleaderpack.com<\/p>","protected":false},"excerpt":{"rendered":"<p>Derni\u00e8re mise \u00e0 jour : Novembre 2025 Chez Bioleader\u00ae | \u53a6\u95e8\u5f7c\u5229\u5f97\u73af\u4fdd\u79d1\u6280\u6709\u9650\u516c\u53f8 (Xiamen Bioleader Environmental Protection Technology Co., Ltd.), nous nous engageons \u00e0 prot\u00e9ger vos donn\u00e9es personnelles et \u00e0 maintenir une transparence totale sur la fa\u00e7on dont les informations sont collect\u00e9es, utilis\u00e9es, stock\u00e9es et sauvegard\u00e9es.Cette politique de confidentialit\u00e9 est conforme aux principales r\u00e9glementations mondiales en mati\u00e8re de donn\u00e9es, y compris : GDPR (Union europ\u00e9enne) CCPA \/ CPRA (Californie, \u00c9tats-Unis) PIPL\uff08\u4e2d\u56fd\u4e2a\u4eba\u4fe1\u606f\u4fdd\u62a4\u6cd5\uff09 PDPA [...]<\/p>","protected":false},"author":3,"featured_media":28391,"parent":0,"menu_order":236,"comment_status":"closed","ping_status":"open","template":"","meta":{"_acf_changed":false,"footnotes":""},"class_list":["post-3","page","type-page","status-publish","has-post-thumbnail","hentry"],"acf":[],"_links":{"self":[{"href":"https:\/\/www.bioleaderpack.com\/fr\/wp-json\/wp\/v2\/pages\/3","targetHints":{"allow":["GET"]}}],"collection":[{"href":"https:\/\/www.bioleaderpack.com\/fr\/wp-json\/wp\/v2\/pages"}],"about":[{"href":"https:\/\/www.bioleaderpack.com\/fr\/wp-json\/wp\/v2\/types\/page"}],"author":[{"embeddable":true,"href":"https:\/\/www.bioleaderpack.com\/fr\/wp-json\/wp\/v2\/users\/3"}],"replies":[{"embeddable":true,"href":"https:\/\/www.bioleaderpack.com\/fr\/wp-json\/wp\/v2\/comments?post=3"}],"version-history":[{"count":5,"href":"https:\/\/www.bioleaderpack.com\/fr\/wp-json\/wp\/v2\/pages\/3\/revisions"}],"predecessor-version":[{"id":37345,"href":"https:\/\/www.bioleaderpack.com\/fr\/wp-json\/wp\/v2\/pages\/3\/revisions\/37345"}],"wp:featuredmedia":[{"embeddable":true,"href":"https:\/\/www.bioleaderpack.com\/fr\/wp-json\/wp\/v2\/media\/28391"}],"wp:attachment":[{"href":"https:\/\/www.bioleaderpack.com\/fr\/wp-json\/wp\/v2\/media?parent=3"}],"curies":[{"name":"wp","href":"https:\/\/api.w.org\/{rel}","templated":true}]}}