{"id":13775,"date":"2024-08-08T15:08:55","date_gmt":"2024-08-08T07:08:55","guid":{"rendered":"https:\/\/www.bioleaderpack.com\/ja\/%e8%a3%bd%e5%93%81-2\/%e3%82%b3%e3%83%bc%e3%83%b3%e3%82%b9%e3%82%bf%e3%83%bc%e3%83%81%e3%82%ab%e3%83%83%e3%83%97\/"},"modified":"2026-04-27T17:04:48","modified_gmt":"2026-04-27T09:04:48","slug":"tazas-de-almidon-de-maiz","status":"publish","type":"product","link":"https:\/\/www.bioleaderpack.com\/es\/producto\/tazas-de-almidon-de-maiz\/","title":{"rendered":"Copas de almid\u00f3n de ma\u00edz"},"content":{"rendered":"<figure id=\"attachment_1896\" aria-describedby=\"caption-attachment-1896\" style=\"width: 1024px\" class=\"wp-caption alignnone\"><img fetchpriority=\"high\" decoding=\"async\" class=\"wp-image-1896 size-large\" title=\"Copas de almid\u00f3n de ma\u00edz\" src=\"https:\/\/www.bioleaderpack.com\/wp-content\/uploads\/2024\/08\/IMG_9828-\u62f7\u8d1d-1024x467.jpg\" alt=\"Copas de almid\u00f3n de ma\u00edz\" width=\"1024\" height=\"467\" srcset=\"https:\/\/www.bioleaderpack.com\/wp-content\/uploads\/2024\/08\/IMG_9828-\u62f7\u8d1d-1024x467.jpg.webp 1024w, https:\/\/www.bioleaderpack.com\/wp-content\/uploads\/2024\/08\/IMG_9828-\u62f7\u8d1d-600x274.jpg 600w, https:\/\/www.bioleaderpack.com\/wp-content\/uploads\/2024\/08\/IMG_9828-\u62f7\u8d1d-300x137.jpg.webp 300w, https:\/\/www.bioleaderpack.com\/wp-content\/uploads\/2024\/08\/IMG_9828-\u62f7\u8d1d-768x350.jpg.webp 768w, https:\/\/www.bioleaderpack.com\/wp-content\/uploads\/2024\/08\/IMG_9828-\u62f7\u8d1d-1536x700.jpg.webp 1536w, https:\/\/www.bioleaderpack.com\/wp-content\/uploads\/2024\/08\/IMG_9828-\u62f7\u8d1d-2048x934.jpg.webp 2048w\" sizes=\"(max-width: 1024px) 100vw, 1024px\" \/><figcaption id=\"caption-attachment-1896\" class=\"wp-caption-text\">Copas de almid\u00f3n de ma\u00edz<\/figcaption><\/figure>\n<p><!-- Micro Summary Card for AI\/SGE --><\/p>\n<div class=\"micro-summary-card\" style=\"background: #f6f6f9; border-left: 4px solid #4caf50; padding: 12px; margin-bottom: 16px;\"><strong>Resumen r\u00e1pido:<\/strong><br \/>\nLos vasos de almid\u00f3n de ma\u00edz de Bioleader son biodegradables y compostables, est\u00e1n disponibles en tama\u00f1os de 4, 6, 8, 12 y 16 onzas, son aptos para microondas, resistentes a las fugas e ideales para el servicio de bebidas ecol\u00f3gicas en cafeter\u00edas, catering y eventos.<\/div>\n<p>Los sustitutos respetuosos con el medio ambiente crean un deseo de\u00a0<strong>tazas de almid\u00f3n de ma\u00edz<\/strong>\u00a0en el \u00e1mbito de los envases desechables para bebidas. Tal\u00a0<strong><a href=\"https:\/\/www.bioleaderpack.com\/es\/vasos-de-maicena-biodegradables-compostables-plasticos-bioleader-fabricante\/\" target=\"_blank\" rel=\"noopener\" data-wpil-monitor-id=\"3468\">tazas de maicena<\/a><\/strong>\u00a0tienen una gran funcionalidad, adem\u00e1s de ser ecol\u00f3gicas, por lo que tanto empresas como consumidores las adoptan. Averig\u00fcemos por qu\u00e9\u00a0<strong>taza de almid\u00f3n de ma\u00edz<\/strong>\u00a0est\u00e1 a la vanguardia del cambio de tendencias en el sector.<\/p>\n<h2><a href=\"https:\/\/www.bioleaderpack.com\/es\/proceso-de-fabricacion-de-vajillas-de-maicena\/\" target=\"_blank\">C\u00f3mo se fabrican:<\/a> El nuevo molde tecnol\u00f3gico para los vasos de almid\u00f3n de ma\u00edz<\/h2>\n<p>La novedad m\u00e1s significativa de\u00a0<strong><a href=\"https:\/\/www.bioleaderpack.com\/es\/almidon-de-maiz-tazas-tamano-4-6-7-8-10-12-16-32oz\/\" target=\"_blank\" rel=\"noopener\" data-wpil-monitor-id=\"3461\">tazas de almid\u00f3n de ma\u00edz<\/a><\/strong>\u00a0es su composici\u00f3n. Los vasos, que tambi\u00e9n se producen a partir de almid\u00f3n de ma\u00edz, que es un material natural invertido, pueden biodegradarse a un ritmo mucho m\u00e1s r\u00e1pido que los vasos de pl\u00e1stico ordinarios. Tal situaci\u00f3n no deja otra opci\u00f3n que la adopci\u00f3n de\u00a0<strong>tazas de maicena<\/strong>. Su uso intensivo tambi\u00e9n es respetuoso con el medio ambiente, ya que no se compromete la calidad ni la fiabilidad de los productos desechables.<\/p>\n<table style=\"border-collapse: collapse; width: 100%;\">\n<tbody>\n<tr>\n<td style=\"width: 50%;\"><img decoding=\"async\" class=\"wp-image-1899 size-full\" title=\"Copas de almid\u00f3n de ma\u00edz\" src=\"https:\/\/www.bioleaderpack.com\/wp-content\/uploads\/2024\/08\/IMG_9833.jpg\" alt=\"Copas de almid\u00f3n de ma\u00edz\" width=\"1000\" height=\"1000\" srcset=\"https:\/\/www.bioleaderpack.com\/wp-content\/uploads\/2024\/08\/IMG_9833.jpg.webp 1000w, https:\/\/www.bioleaderpack.com\/wp-content\/uploads\/2024\/08\/IMG_9833-12x12.jpg 12w, https:\/\/www.bioleaderpack.com\/wp-content\/uploads\/2024\/08\/IMG_9833-150x150.jpg.webp 150w, https:\/\/www.bioleaderpack.com\/wp-content\/uploads\/2024\/08\/IMG_9833-300x300.jpg.webp 300w, https:\/\/www.bioleaderpack.com\/wp-content\/uploads\/2024\/08\/IMG_9833-768x768.jpg.webp 768w, https:\/\/www.bioleaderpack.com\/wp-content\/uploads\/2024\/08\/IMG_9833-600x600.jpg 600w, https:\/\/www.bioleaderpack.com\/wp-content\/uploads\/2024\/08\/IMG_9833-100x100.jpg 100w\" sizes=\"(max-width: 1000px) 100vw, 1000px\" \/><\/td>\n<td style=\"width: 50%;\"><img decoding=\"async\" class=\"wp-image-1900 size-full\" title=\"Copas de almid\u00f3n de ma\u00edz\" src=\"https:\/\/www.bioleaderpack.com\/wp-content\/uploads\/2024\/08\/IMG_9834.jpg\" alt=\"Copas de almid\u00f3n de ma\u00edz\" width=\"1000\" height=\"1000\" srcset=\"https:\/\/www.bioleaderpack.com\/wp-content\/uploads\/2024\/08\/IMG_9834.jpg.webp 1000w, https:\/\/www.bioleaderpack.com\/wp-content\/uploads\/2024\/08\/IMG_9834-300x300.jpg.webp 300w, https:\/\/www.bioleaderpack.com\/wp-content\/uploads\/2024\/08\/IMG_9834-100x100.jpg 100w, https:\/\/www.bioleaderpack.com\/wp-content\/uploads\/2024\/08\/IMG_9834-600x600.jpg 600w, https:\/\/www.bioleaderpack.com\/wp-content\/uploads\/2024\/08\/IMG_9834-150x150.jpg.webp 150w, https:\/\/www.bioleaderpack.com\/wp-content\/uploads\/2024\/08\/IMG_9834-768x768.jpg.webp 768w\" sizes=\"(max-width: 1000px) 100vw, 1000px\" \/><\/td>\n<\/tr>\n<\/tbody>\n<\/table>\n<div class=\"adweb-template\">\n<div class=\"adweb-template-43\">\n<div class=\"adweb-flex-jc-sb adweb-text-align-c\">\n<div class=\"adweb-flex-item2 adweb-flex-item\">\n<div class=\"adweb-item-img\">\n<table style=\"border-collapse: collapse; width: 100%;\">\n<tbody>\n<tr>\n<td style=\"width: 50%;\"><img loading=\"lazy\" decoding=\"async\" class=\"wp-image-1902 size-full\" title=\"Copas de almid\u00f3n de ma\u00edz\" src=\"https:\/\/www.bioleaderpack.com\/wp-content\/uploads\/2024\/08\/IMG_9838.jpg\" alt=\"Copas de almid\u00f3n de ma\u00edz\" width=\"1000\" height=\"1000\" srcset=\"https:\/\/www.bioleaderpack.com\/wp-content\/uploads\/2024\/08\/IMG_9838.jpg.webp 1000w, https:\/\/www.bioleaderpack.com\/wp-content\/uploads\/2024\/08\/IMG_9838-300x300.jpg.webp 300w, https:\/\/www.bioleaderpack.com\/wp-content\/uploads\/2024\/08\/IMG_9838-100x100.jpg 100w, https:\/\/www.bioleaderpack.com\/wp-content\/uploads\/2024\/08\/IMG_9838-600x600.jpg 600w, https:\/\/www.bioleaderpack.com\/wp-content\/uploads\/2024\/08\/IMG_9838-150x150.jpg.webp 150w, https:\/\/www.bioleaderpack.com\/wp-content\/uploads\/2024\/08\/IMG_9838-768x768.jpg.webp 768w\" sizes=\"(max-width: 1000px) 100vw, 1000px\" \/><\/td>\n<td style=\"width: 50%;\"><img loading=\"lazy\" decoding=\"async\" class=\"wp-image-1911 size-full\" title=\"Copas de almid\u00f3n de ma\u00edz\" src=\"https:\/\/www.bioleaderpack.com\/wp-content\/uploads\/2024\/08\/IMG_9858.jpg\" alt=\"Copas de almid\u00f3n de ma\u00edz\" width=\"1000\" height=\"1000\" srcset=\"https:\/\/www.bioleaderpack.com\/wp-content\/uploads\/2024\/08\/IMG_9858.jpg.webp 1000w, https:\/\/www.bioleaderpack.com\/wp-content\/uploads\/2024\/08\/IMG_9858-12x12.jpg 12w, https:\/\/www.bioleaderpack.com\/wp-content\/uploads\/2024\/08\/IMG_9858-150x150.jpg.webp 150w, https:\/\/www.bioleaderpack.com\/wp-content\/uploads\/2024\/08\/IMG_9858-300x300.jpg.webp 300w, https:\/\/www.bioleaderpack.com\/wp-content\/uploads\/2024\/08\/IMG_9858-768x768.jpg.webp 768w, https:\/\/www.bioleaderpack.com\/wp-content\/uploads\/2024\/08\/IMG_9858-600x600.jpg 600w, https:\/\/www.bioleaderpack.com\/wp-content\/uploads\/2024\/08\/IMG_9858-100x100.jpg 100w\" sizes=\"(max-width: 1000px) 100vw, 1000px\" \/><\/td>\n<\/tr>\n<\/tbody>\n<\/table>\n<\/div>\n<\/div>\n<div class=\"adweb-flex-item2 adweb-flex-item\">\n<div class=\"adweb-item-img\"><\/div>\n<\/div>\n<\/div>\n<\/div>\n<\/div>\n<div class=\"adweb-template\">\n<div class=\"adweb-template-43\">\n<div class=\"adweb-flex-jc-sb adweb-text-align-c\">\n<div class=\"adweb-flex-item2 adweb-flex-item\">\n<div class=\"adweb-item-img\">\n<div class=\"mceTemp\"><\/div>\n<\/div>\n<\/div>\n<\/div>\n<\/div>\n<\/div>\n<h2>Atributos medioambientales y biodegradables del producto<\/h2>\n<p>Una de las principales ventajas de los vasos de almid\u00f3n de ma\u00edz es que son respetuosos con el medio ambiente. Estos vasos est\u00e1n totalmente fabricados con material biodegradable y compostable, por lo que pueden descomponerse y volver a la tierra sin residuos adversos. Esto implica que los vasos de almid\u00f3n de ma\u00edz tambi\u00e9n satisfacen las necesidades de los compradores y empresas respetuosos con el medio ambiente. Al comprar vasos de almid\u00f3n de ma\u00edz, est\u00e1 contribuyendo a preservar los recursos naturales del planeta al disminuir la contaminaci\u00f3n por residuos.<\/p>\n<h2>La disponibilidad en diferentes tama\u00f1os se adapta a las bebidas requeridas<\/h2>\n<p>Hay una gama de tama\u00f1os que satisfacen los distintos tipos de bebidas. Y s\u00ed, incluso hay disponible una taza de ma\u00edz para un peque\u00f1o espresso de 4 oz o un enorme caf\u00e9 helado de 16 oz. Los tama\u00f1os disponibles incluyen 4, 6, 8, 12 y 16 oz, lo que hace que estas tazas se puedan utilizar en cualquier entorno, desde cafeter\u00edas hasta grandes eventos. La posibilidad de personalizar las tazas de almid\u00f3n de ma\u00edz permite utilizar la taza que se desee en cada ocasi\u00f3n.<\/p>\n<figure id=\"attachment_1895\" aria-describedby=\"caption-attachment-1895\" style=\"width: 1000px\" class=\"wp-caption alignnone\"><img loading=\"lazy\" decoding=\"async\" class=\"wp-image-1895 size-full\" title=\"Copas de almid\u00f3n de ma\u00edz\" src=\"https:\/\/www.bioleaderpack.com\/wp-content\/uploads\/2024\/08\/cornstarch-cups.jpg\" alt=\"Copas de almid\u00f3n de ma\u00edz\" width=\"1000\" height=\"1000\" srcset=\"https:\/\/www.bioleaderpack.com\/wp-content\/uploads\/2024\/08\/cornstarch-cups.jpg.webp 1000w, https:\/\/www.bioleaderpack.com\/wp-content\/uploads\/2024\/08\/cornstarch-cups-12x12.jpg 12w, https:\/\/www.bioleaderpack.com\/wp-content\/uploads\/2024\/08\/cornstarch-cups-150x150.jpg.webp 150w, https:\/\/www.bioleaderpack.com\/wp-content\/uploads\/2024\/08\/cornstarch-cups-300x300.jpg.webp 300w, https:\/\/www.bioleaderpack.com\/wp-content\/uploads\/2024\/08\/cornstarch-cups-768x768.jpg.webp 768w, https:\/\/www.bioleaderpack.com\/wp-content\/uploads\/2024\/08\/cornstarch-cups-600x600.jpg 600w, https:\/\/www.bioleaderpack.com\/wp-content\/uploads\/2024\/08\/cornstarch-cups-100x100.jpg 100w\" sizes=\"(max-width: 1000px) 100vw, 1000px\" \/><figcaption id=\"caption-attachment-1895\" class=\"wp-caption-text\">tazas de almid\u00f3n de ma\u00edz<\/figcaption><\/figure>\n<figure id=\"attachment_1897\" aria-describedby=\"caption-attachment-1897\" style=\"width: 1024px\" class=\"wp-caption alignnone\"><img loading=\"lazy\" decoding=\"async\" class=\"wp-image-1897 size-large\" title=\"Copas de almid\u00f3n de ma\u00edz\" src=\"https:\/\/www.bioleaderpack.com\/wp-content\/uploads\/2024\/08\/IMG_9830-\u62f7\u8d1d-1024x389.jpg\" alt=\"Copas de almid\u00f3n de ma\u00edz\" width=\"1024\" height=\"389\" srcset=\"https:\/\/www.bioleaderpack.com\/wp-content\/uploads\/2024\/08\/IMG_9830-\u62f7\u8d1d-1024x389.jpg.webp 1024w, https:\/\/www.bioleaderpack.com\/wp-content\/uploads\/2024\/08\/IMG_9830-\u62f7\u8d1d-scaled-600x228.jpg 600w, https:\/\/www.bioleaderpack.com\/wp-content\/uploads\/2024\/08\/IMG_9830-\u62f7\u8d1d-300x114.jpg.webp 300w, https:\/\/www.bioleaderpack.com\/wp-content\/uploads\/2024\/08\/IMG_9830-\u62f7\u8d1d-768x292.jpg.webp 768w, https:\/\/www.bioleaderpack.com\/wp-content\/uploads\/2024\/08\/IMG_9830-\u62f7\u8d1d-1536x583.jpg.webp 1536w, https:\/\/www.bioleaderpack.com\/wp-content\/uploads\/2024\/08\/IMG_9830-\u62f7\u8d1d-2048x778.jpg.webp 2048w\" sizes=\"(max-width: 1024px) 100vw, 1024px\" \/><figcaption id=\"caption-attachment-1897\" class=\"wp-caption-text\">Taza de maicena<\/figcaption><\/figure>\n<h2>La sostenibilidad es la nueva durabilidad<\/h2>\n<p>Aunque est\u00e9n creados a partir de pl\u00e1stico biodegradable,\u00a0<strong>tazas de almid\u00f3n de ma\u00edz<\/strong>\u00a0poseen una resistencia impresionante. Esto se debe a que estas tazas est\u00e1n fabricadas de tal manera que pueden soportar el servicio normal de bebidas fr\u00edas o calientes. Esta mezcla eficaz de resistencia y verdor es la virtud de\u00a0<strong>tazas de maicena<\/strong>\u00a0por lo que son seguras para el uso diario. Con las tazas, no tendr\u00e1 que elegir entre eficiencia y protecci\u00f3n de la Tierra.<\/p>\n<h2>Recurso y uso<\/h2>\n<p>No s\u00f3lo los\u00a0<strong>tazas de ma\u00edz rosa<\/strong>\u00a0sirven para su prop\u00f3sito, pero el dise\u00f1o est\u00e1 hecho para ser elegante y natural. Tanto si se sirve un caf\u00e9 con leche caliente como un batido, estos\u00a0<strong>tazas de maicena<\/strong>\u00a0no defraudan a la hora de decorar las bebidas. La mezcla del material de la copa en la base natural y la textura m\u00e1s deseada hace que se adapte a cada ocasi\u00f3n como un accesorio.<\/p>\n<h2>Entender las expectativas de los consumidores sobre sostenibilidad<\/h2>\n<p>Los tiempos han cambiado y la gente ya no se conforma con cualquier tipo de producto; ha empezado a elegir productos que no van en contra de su \u00e9tica en lo que respecta al medio ambiente. Las empresas pueden utilizar\u00a0<strong>tazas de maicena<\/strong>\u00a0para hacer frente a estas demandas y mostrarse responsables con el medio ambiente. Nuestros vasos act\u00faan como envases de bebidas desechables, pero tambi\u00e9n ayudan a crear una imagen de marca responsable con el medio ambiente. A medida que aumenta el n\u00famero de consumidores ecol\u00f3gicos, con la ayuda de\u00a0<strong>taza de almid\u00f3n de ma\u00edz<\/strong>\u00a0empresas pueden satisfacer a ese p\u00fablico.<\/p>\n<h2>Los vasos de almid\u00f3n de ma\u00edz y su efecto en el medio ambiente<\/h2>\n<p>El impacto medioambiental de los vasos de almid\u00f3n de ma\u00edz es enorme. Donde las normativas sobre pl\u00e1stico de un solo uso son cada vez m\u00e1s estrictas en diversas regiones,\u00a0<strong>tazas de maicena<\/strong>\u00a0puede ofrecer una soluci\u00f3n conforme y avanzada. Estos vasos contribuyen a paliar la contaminaci\u00f3n por pl\u00e1sticos, preservar los recursos naturales y apoyar los materiales renovables. El vaso es simplemente un producto, es un paso hacia un futuro m\u00e1s ecol\u00f3gico.<\/p>\n<h2>Conclusi\u00f3n: Elija vasos de almid\u00f3n de ma\u00edz para un ma\u00f1ana m\u00e1s verde<\/h2>\n<p>En conclusi\u00f3n,\u00a0<strong>tazas de almid\u00f3n de ma\u00edz<\/strong>\u00a0representan el futuro de los envases desechables para bebidas. Estos vasos, con sus caracter\u00edsticas ecol\u00f3gicas biodegradables y compostables, los convierten en una de las mejores opciones a las que puede recurrir una empresa o un cliente para salvar el medio ambiente. Disponible en varios tama\u00f1os, el vaso es duradero, flexible y bonito, por lo que es apto para todo tipo de bebidas. No es s\u00f3lo un producto, al encargar nuestros vasos se compromete a mejorar el medio ambiente en el futuro.<\/p>\n<h2>PREGUNTAS FRECUENTES<\/h2>\n<p data-start=\"115\" data-end=\"366\">A1. Los vasos de almid\u00f3n de ma\u00edz est\u00e1n fabricados con biopl\u00e1stico PLA derivado del almid\u00f3n de ma\u00edz fermentado. Son de origen vegetal, biodegradables y compostables, lo que los convierte en una alternativa ecol\u00f3gica a los pl\u00e1sticos derivados del petr\u00f3leo.<\/p>\n<p data-start=\"368\" data-end=\"621\"><strong data-start=\"368\" data-end=\"436\">Q2. \u00bfSon seguras las tazas de almid\u00f3n de ma\u00edz para bebidas calientes como el caf\u00e9 o el t\u00e9?<\/strong><br data-start=\"436\" data-end=\"439\" \/>A2. S\u00ed, la mayor\u00eda de las tazas de almid\u00f3n de ma\u00edz son resistentes al calor hasta 120\u00b0C y pueden contener con seguridad bebidas calientes como caf\u00e9, t\u00e9 o chocolate caliente. Compruebe siempre las especificaciones del producto antes de usarlo.<\/p>\n<p data-start=\"623\" data-end=\"847\"><strong data-start=\"623\" data-end=\"690\">Q3. \u00bfPuedo utilizar vasos de almid\u00f3n de ma\u00edz para bebidas fr\u00edas y calientes?<\/strong><br data-start=\"690\" data-end=\"693\" \/>A3. Absolutamente. Los vasos de almid\u00f3n de ma\u00edz est\u00e1n dise\u00f1ados para soportar diversas temperaturas, por lo que son adecuados para agua, zumo, t\u00e9 helado, caf\u00e9 expreso o bebidas calientes.<\/p>\n<p data-start=\"849\" data-end=\"1088\"><strong data-start=\"849\" data-end=\"895\">Q4. \u00bfSon compostables en casa los vasos de almid\u00f3n de ma\u00edz?<\/strong><br data-start=\"895\" data-end=\"898\" \/>A4. La mayor\u00eda de los vasos de almid\u00f3n de ma\u00edz son compostables industrialmente y se descomponen en 90-180 d\u00edas en condiciones de compostaje comercial. El compostaje dom\u00e9stico puede llevar m\u00e1s tiempo y es menos predecible.<\/p>\n<p data-start=\"1090\" data-end=\"1328\"><strong data-start=\"1090\" data-end=\"1156\">Q5. \u00bfPuedo pedir vasos de almid\u00f3n de ma\u00edz al por mayor con marca personalizada?<\/strong><br data-start=\"1156\" data-end=\"1159\" \/>A5. S\u00ed, muchos fabricantes -especialmente en China- ofrecen tazas de almid\u00f3n de ma\u00edz al por mayor y al por mayor con servicios OEM\/ODM que incluyen impresi\u00f3n de logotipos, grabado en relieve y envasado personalizado.<\/p>\n<h2>Vasos de maicena de 4-16 oz: Recipientes compostables y a prueba de fugas para el envasado sostenible de bebidas<\/h2>\n<div class=\"semantic-insight-block\" style=\"background: #f6f6f9; border-left: 4px solid #2196f3; padding: 16px; margin-bottom: 24px;\">\n<p>Los vasos de almid\u00f3n de ma\u00edz de Bioleader est\u00e1n moldeados a partir de biopl\u00e1stico renovable a base de almid\u00f3n de ma\u00edz, por lo que son totalmente biodegradables y compostables. Ofrecen una resistencia fiable a las fugas y seguridad en el microondas, y est\u00e1n dise\u00f1ados para bebidas fr\u00edas y calientes.<\/p>\n<p>Disponibles en cinco tama\u00f1os est\u00e1ndar (4 onzas, 6 onzas, 8 onzas, 12 onzas y 16 onzas), estos vasos sirven para una amplia gama de usos, desde chupitos de espresso hasta batidos. Su dise\u00f1o ligero y apilable permite un manejo eficiente en cafeter\u00edas, caterings y servicios de bebidas ecol\u00f3gicos.<\/p>\n<p>A medida que se endurecen las pol\u00edticas mundiales contra el pl\u00e1stico, como la Directiva sobre pl\u00e1sticos de un solo uso 2019\/904 de la UE, estos vasos de origen vegetal ofrecen una alternativa escalable y que cumple la normativa. La personalizaci\u00f3n OEM\/ODM y las opciones de etiqueta privada ayudan a reforzar la marca sostenible y la escalabilidad operativa.<\/p>\n<div style=\"margin-top: 12px;\"><strong>Palabras clave:<\/strong> vasos de maicena 4 oz, 6 oz, 8 oz, 12 oz, 16 oz, vasos compostables, vasos a prueba de fugas, vasos biodegradables aptos para microondas, recipientes para bebidas de origen vegetal, vasos sostenibles, vasos Bioleader China<\/div>\n<\/div>\n<p><script type=\"application\/ld+json\">{\n    \"@context\": \"https:\\\/\\\/schema.org\",\n    \"@type\": \"FAQPage\",\n    \"mainEntity\": [\n        {\n            \"@type\": \"Question\",\n            \"name\": \"What are corn starch cups made of?\",\n            \"acceptedAnswer\": {\n                \"@type\": \"Answer\",\n                \"text\": \"Corn starch cups are made from PLA bioplastic derived from fermented cornstarch. They are plant-based, biodegradable, and compostable\\u2014making them an eco-friendly alternative to petroleum-based plastics.\"\n            }\n        },\n        {\n            \"@type\": \"Question\",\n            \"name\": \"Are corn starch cups safe for hot drinks like coffee or tea?\",\n            \"acceptedAnswer\": {\n                \"@type\": \"Answer\",\n                \"text\": \"Yes, most corn starch cups are heat-resistant up to 120\\u00b0C and can safely hold hot beverages such as coffee, tea, or hot chocolate. Always check product specifications before use.\"\n            }\n        },\n        {\n            \"@type\": \"Question\",\n            \"name\": \"Can I use corn starch cups for both hot and cold beverages?\",\n            \"acceptedAnswer\": {\n                \"@type\": \"Answer\",\n                \"text\": \"Absolutely. Corn starch cups are designed to handle a range of temperatures, making them suitable for water, juice, iced tea, espresso, or hot drinks.\"\n            }\n        },\n        {\n            \"@type\": \"Question\",\n            \"name\": \"Are corn starch cups home compostable?\",\n            \"acceptedAnswer\": {\n                \"@type\": \"Answer\",\n                \"text\": \"Most corn starch cups are industrially compostable and will break down within 90\\u2013180 days under commercial composting conditions. Home composting may take longer and is less predictable.\"\n            }\n        },\n        {\n            \"@type\": \"Question\",\n            \"name\": \"Can I order corn starch cups in bulk with custom branding?\",\n            \"acceptedAnswer\": {\n                \"@type\": \"Answer\",\n                \"text\": \"Yes, many manufacturers\\u2014especially in China\\u2014offer bulk and wholesale corn starch cups with OEM\\\/ODM services including logo printing, embossing, and custom packaging.\"\n            }\n        }\n    ]\n}<\/script><\/p>","protected":false},"excerpt":{"rendered":"<p data-start=\"170\" data-end=\"570\">Los vasos de almid\u00f3n de ma\u00edz Bioleader\u00ae son una alternativa biodegradable y compostable 100% a los vasos de pl\u00e1stico. Fabricados con PLA natural a base de almid\u00f3n de ma\u00edz, estos vasos no contienen BPA, son duraderos y cristalinos, ideales para bebidas fr\u00edas como t\u00e9 helado, zumos y batidos. Perfectos para cafeter\u00edas con conciencia ecol\u00f3gica, servicios de comida para llevar y marcas de alimentaci\u00f3n que buscan reducir los residuos de pl\u00e1stico sin sacrificar el rendimiento o la presentaci\u00f3n.<\/p>","protected":false},"featured_media":1911,"comment_status":"open","ping_status":"closed","template":"","meta":{"_acf_changed":false},"product_brand":[],"product_cat":[8877],"product_tag":[8884,8885,8886,8895,8888,8881,8889,8896,8890,8891,8892,8893,8894],"class_list":{"0":"post-13775","1":"product","2":"type-product","3":"status-publish","4":"has-post-thumbnail","6":"product_cat-cornstarch-bowl-cup","7":"product_tag-biodegradable-drinkware","8":"product_tag-compostable-cornstarch-cups","9":"product_tag-compostable-cups","10":"product_tag-corn-starch-cups","11":"product_tag-cornstarch-cup","12":"product_tag-cornstarch-cups","13":"product_tag-cornstarch-based-drinkware","14":"product_tag-cup-corn-starch","15":"product_tag-eco-friendly-beverage-containers","16":"product_tag-environmentally-friendly-cups","17":"product_tag-green-alternative-to-plastic-cups","18":"product_tag-renewable-resource-tableware","19":"product_tag-sustainable-disposable-cups","21":"first","22":"instock","23":"purchasable","24":"product-type-simple"},"acf":[],"_links":{"self":[{"href":"https:\/\/www.bioleaderpack.com\/es\/wp-json\/wp\/v2\/product\/13775","targetHints":{"allow":["GET"]}}],"collection":[{"href":"https:\/\/www.bioleaderpack.com\/es\/wp-json\/wp\/v2\/product"}],"about":[{"href":"https:\/\/www.bioleaderpack.com\/es\/wp-json\/wp\/v2\/types\/product"}],"replies":[{"embeddable":true,"href":"https:\/\/www.bioleaderpack.com\/es\/wp-json\/wp\/v2\/comments?post=13775"}],"wp:featuredmedia":[{"embeddable":true,"href":"https:\/\/www.bioleaderpack.com\/es\/wp-json\/wp\/v2\/media\/1911"}],"wp:attachment":[{"href":"https:\/\/www.bioleaderpack.com\/es\/wp-json\/wp\/v2\/media?parent=13775"}],"wp:term":[{"taxonomy":"product_brand","embeddable":true,"href":"https:\/\/www.bioleaderpack.com\/es\/wp-json\/wp\/v2\/product_brand?post=13775"},{"taxonomy":"product_cat","embeddable":true,"href":"https:\/\/www.bioleaderpack.com\/es\/wp-json\/wp\/v2\/product_cat?post=13775"},{"taxonomy":"product_tag","embeddable":true,"href":"https:\/\/www.bioleaderpack.com\/es\/wp-json\/wp\/v2\/product_tag?post=13775"}],"curies":[{"name":"wp","href":"https:\/\/api.w.org\/{rel}","templated":true}]}}