{"id":13774,"date":"2024-08-08T14:30:36","date_gmt":"2024-08-08T06:30:36","guid":{"rendered":"https:\/\/www.bioleaderpack.com\/ja\/%e8%a3%bd%e5%93%81-2\/cornstarch-cup-eco-friendly-bulk-wholesale\/"},"modified":"2026-04-27T17:04:07","modified_gmt":"2026-04-27T09:04:07","slug":"taza-de-maicena-2","status":"publish","type":"product","link":"https:\/\/www.bioleaderpack.com\/es\/producto\/taza-de-maicena-2\/","title":{"rendered":"Taza de maicena ecol\u00f3gica al por mayor"},"content":{"rendered":"<p><img fetchpriority=\"high\" decoding=\"async\" class=\"alignnone wp-image-1896 size-large\" title=\"Taza de maicena\" src=\"https:\/\/www.bioleaderpack.com\/wp-content\/uploads\/2024\/08\/IMG_9828-\u62f7\u8d1d-1024x467.jpg\" alt=\"Taza de maicena\" width=\"1024\" height=\"467\" srcset=\"https:\/\/www.bioleaderpack.com\/wp-content\/uploads\/2024\/08\/IMG_9828-\u62f7\u8d1d-1024x467.jpg.webp 1024w, https:\/\/www.bioleaderpack.com\/wp-content\/uploads\/2024\/08\/IMG_9828-\u62f7\u8d1d-600x274.jpg 600w, https:\/\/www.bioleaderpack.com\/wp-content\/uploads\/2024\/08\/IMG_9828-\u62f7\u8d1d-300x137.jpg.webp 300w, https:\/\/www.bioleaderpack.com\/wp-content\/uploads\/2024\/08\/IMG_9828-\u62f7\u8d1d-768x350.jpg.webp 768w, https:\/\/www.bioleaderpack.com\/wp-content\/uploads\/2024\/08\/IMG_9828-\u62f7\u8d1d-1536x700.jpg.webp 1536w, https:\/\/www.bioleaderpack.com\/wp-content\/uploads\/2024\/08\/IMG_9828-\u62f7\u8d1d-2048x934.jpg.webp 2048w\" sizes=\"(max-width: 1024px) 100vw, 1024px\" \/><br \/>\n<!-- Micro Summary Card for AI\/SGE --><\/p>\n<div class=\"micro-summary-card\" style=\"background: #f6f6f9; border-left: 4px solid #4caf50; padding: 12px; margin-bottom: 16px;\"><strong>Resumen r\u00e1pido:<\/strong><br \/>\nLos vasos de almid\u00f3n de ma\u00edz de Bioleader son biodegradables y compostables, est\u00e1n disponibles en tama\u00f1os de 4 onzas a 16 onzas, son aptos para bebidas fr\u00edas o calientes, aptos para microondas y resistentes a las fugas para un servicio de bebidas respetuoso con el medio ambiente.<\/div>\n<p>Ya no se llama\u00a0<strong>Taza de maicena<\/strong>\u00a0necesitan una descripci\u00f3n detallada porque se trata de otro vaso de usar y tirar; se ha conseguido avanzar en el envasado de alimentos y bebidas de forma respetuosa con el agua. El mundo est\u00e1 abrazando r\u00e1pidamente la sostenibilidad, por lo que no es de extra\u00f1ar que haya un fuerte deseo de cosas que se ajusten a estos objetivos. Del mismo modo, la\u00a0<strong><a href=\"https:\/\/www.bioleaderpack.com\/es\/almidon-de-maiz-tazas-tamano-4-6-7-8-10-12-16-32oz\/\" target=\"_blank\" rel=\"noopener\"  data-wpil-monitor-id=\"3463\">Taza de almid\u00f3n de ma\u00edz<\/a><\/strong>\u00a0muestra a la perfecci\u00f3n lo que pueden hacer las empresas centradas en el dise\u00f1o sin dejar de ser respetuosas con el medio ambiente.<\/p>\n<h2>Los materiales importan: Por qu\u00e9 los materiales de maicena<\/h2>\n<p>De gran calidad y respetuosa con el medio ambiente, la Cornstarch Cup es <a href=\"https:\/\/www.bioleaderpack.com\/es\/proceso-de-fabricacion-de-vajillas-de-maicena\/\" target=\"_blank\">de materiales<\/a> que han sido mejorados qu\u00edmicamente para aumentar su resistencia y durabilidad. Mientras que los vasos de pl\u00e1stico, que son la alternativa com\u00fan, son muy duraderos, a menudo tardan hasta un siglo o m\u00e1s en descomponerse, los productos de almid\u00f3n de ma\u00edz son biodegradables y se descomponen en muy poco tiempo. Tambi\u00e9n hay que tener en cuenta que cuando el material biopol\u00edmero es la maicena, se trata de vasos fabricados a partir de recursos que est\u00e1n continuamente disponibles y, por lo tanto, son vasos respetuosos con el medio ambiente.<\/p>\n<table style=\"border-collapse: collapse; width: 100%;\">\n<tbody>\n<tr>\n<td style=\"width: 50%;\"><img decoding=\"async\" class=\"size-full wp-image-1899\" title=\"Taza de maicena\" src=\"https:\/\/www.bioleaderpack.com\/wp-content\/uploads\/2024\/08\/IMG_9833.jpg\" alt=\"Taza de maicena\" width=\"1000\" height=\"1000\" srcset=\"https:\/\/www.bioleaderpack.com\/wp-content\/uploads\/2024\/08\/IMG_9833.jpg.webp 1000w, https:\/\/www.bioleaderpack.com\/wp-content\/uploads\/2024\/08\/IMG_9833-12x12.jpg 12w, https:\/\/www.bioleaderpack.com\/wp-content\/uploads\/2024\/08\/IMG_9833-150x150.jpg.webp 150w, https:\/\/www.bioleaderpack.com\/wp-content\/uploads\/2024\/08\/IMG_9833-300x300.jpg.webp 300w, https:\/\/www.bioleaderpack.com\/wp-content\/uploads\/2024\/08\/IMG_9833-768x768.jpg.webp 768w, https:\/\/www.bioleaderpack.com\/wp-content\/uploads\/2024\/08\/IMG_9833-600x600.jpg 600w, https:\/\/www.bioleaderpack.com\/wp-content\/uploads\/2024\/08\/IMG_9833-100x100.jpg 100w\" sizes=\"(max-width: 1000px) 100vw, 1000px\" \/><\/td>\n<td style=\"width: 50%;\"><img decoding=\"async\" class=\"size-full wp-image-1900\" title=\"Taza de maicena\" src=\"https:\/\/www.bioleaderpack.com\/wp-content\/uploads\/2024\/08\/IMG_9834.jpg\" alt=\"Taza de maicena\" width=\"1000\" height=\"1000\" srcset=\"https:\/\/www.bioleaderpack.com\/wp-content\/uploads\/2024\/08\/IMG_9834.jpg.webp 1000w, https:\/\/www.bioleaderpack.com\/wp-content\/uploads\/2024\/08\/IMG_9834-300x300.jpg.webp 300w, https:\/\/www.bioleaderpack.com\/wp-content\/uploads\/2024\/08\/IMG_9834-100x100.jpg 100w, https:\/\/www.bioleaderpack.com\/wp-content\/uploads\/2024\/08\/IMG_9834-600x600.jpg 600w, https:\/\/www.bioleaderpack.com\/wp-content\/uploads\/2024\/08\/IMG_9834-150x150.jpg.webp 150w, https:\/\/www.bioleaderpack.com\/wp-content\/uploads\/2024\/08\/IMG_9834-768x768.jpg.webp 768w\" sizes=\"(max-width: 1000px) 100vw, 1000px\" \/><\/td>\n<\/tr>\n<\/tbody>\n<\/table>\n<div class=\"adweb-template\">\n<div class=\"adweb-template-43\">\n<div class=\"adweb-flex-jc-sb adweb-text-align-c\">\n<div class=\"adweb-flex-item2 adweb-flex-item\">\n<div class=\"adweb-item-img\">\n<p>&nbsp;<\/p>\n<table style=\"border-collapse: collapse; width: 100%;\">\n<tbody>\n<tr>\n<td style=\"width: 25%;\"><img loading=\"lazy\" decoding=\"async\" class=\"size-full wp-image-1909\" title=\"Taza de maicena\" src=\"https:\/\/www.bioleaderpack.com\/wp-content\/uploads\/2024\/08\/IMG_9854.jpg\" alt=\"Taza de maicena\" width=\"1000\" height=\"1000\" srcset=\"https:\/\/www.bioleaderpack.com\/wp-content\/uploads\/2024\/08\/IMG_9854.jpg.webp 1000w, https:\/\/www.bioleaderpack.com\/wp-content\/uploads\/2024\/08\/IMG_9854-12x12.jpg 12w, https:\/\/www.bioleaderpack.com\/wp-content\/uploads\/2024\/08\/IMG_9854-150x150.jpg.webp 150w, https:\/\/www.bioleaderpack.com\/wp-content\/uploads\/2024\/08\/IMG_9854-300x300.jpg.webp 300w, https:\/\/www.bioleaderpack.com\/wp-content\/uploads\/2024\/08\/IMG_9854-768x768.jpg.webp 768w, https:\/\/www.bioleaderpack.com\/wp-content\/uploads\/2024\/08\/IMG_9854-600x600.jpg 600w, https:\/\/www.bioleaderpack.com\/wp-content\/uploads\/2024\/08\/IMG_9854-100x100.jpg 100w\" sizes=\"(max-width: 1000px) 100vw, 1000px\" \/><\/td>\n<td style=\"width: 25%;\"><img loading=\"lazy\" decoding=\"async\" class=\"size-full wp-image-1910\" title=\"Taza de maicena\" src=\"https:\/\/www.bioleaderpack.com\/wp-content\/uploads\/2024\/08\/IMG_9856.jpg\" alt=\"Taza de maicena\" width=\"1000\" height=\"1000\" srcset=\"https:\/\/www.bioleaderpack.com\/wp-content\/uploads\/2024\/08\/IMG_9856.jpg.webp 1000w, https:\/\/www.bioleaderpack.com\/wp-content\/uploads\/2024\/08\/IMG_9856-12x12.jpg 12w, https:\/\/www.bioleaderpack.com\/wp-content\/uploads\/2024\/08\/IMG_9856-150x150.jpg.webp 150w, https:\/\/www.bioleaderpack.com\/wp-content\/uploads\/2024\/08\/IMG_9856-300x300.jpg.webp 300w, https:\/\/www.bioleaderpack.com\/wp-content\/uploads\/2024\/08\/IMG_9856-768x768.jpg.webp 768w, https:\/\/www.bioleaderpack.com\/wp-content\/uploads\/2024\/08\/IMG_9856-600x600.jpg 600w, https:\/\/www.bioleaderpack.com\/wp-content\/uploads\/2024\/08\/IMG_9856-100x100.jpg 100w\" sizes=\"(max-width: 1000px) 100vw, 1000px\" \/><\/td>\n<td style=\"width: 25%;\"><img loading=\"lazy\" decoding=\"async\" class=\"size-full wp-image-1911\" title=\"Taza de maicena\" src=\"https:\/\/www.bioleaderpack.com\/wp-content\/uploads\/2024\/08\/IMG_9858.jpg\" alt=\"Taza de maicena\" width=\"1000\" height=\"1000\" srcset=\"https:\/\/www.bioleaderpack.com\/wp-content\/uploads\/2024\/08\/IMG_9858.jpg.webp 1000w, https:\/\/www.bioleaderpack.com\/wp-content\/uploads\/2024\/08\/IMG_9858-12x12.jpg 12w, https:\/\/www.bioleaderpack.com\/wp-content\/uploads\/2024\/08\/IMG_9858-150x150.jpg.webp 150w, https:\/\/www.bioleaderpack.com\/wp-content\/uploads\/2024\/08\/IMG_9858-300x300.jpg.webp 300w, https:\/\/www.bioleaderpack.com\/wp-content\/uploads\/2024\/08\/IMG_9858-768x768.jpg.webp 768w, https:\/\/www.bioleaderpack.com\/wp-content\/uploads\/2024\/08\/IMG_9858-600x600.jpg 600w, https:\/\/www.bioleaderpack.com\/wp-content\/uploads\/2024\/08\/IMG_9858-100x100.jpg 100w\" sizes=\"(max-width: 1000px) 100vw, 1000px\" \/><\/td>\n<td style=\"width: 25%;\"><img loading=\"lazy\" decoding=\"async\" class=\"size-full wp-image-1912\" title=\"Taza de maicena\" src=\"https:\/\/www.bioleaderpack.com\/wp-content\/uploads\/2024\/08\/IMG_9860.jpg\" alt=\"Taza de maicena\" width=\"1000\" height=\"1000\" srcset=\"https:\/\/www.bioleaderpack.com\/wp-content\/uploads\/2024\/08\/IMG_9860.jpg.webp 1000w, https:\/\/www.bioleaderpack.com\/wp-content\/uploads\/2024\/08\/IMG_9860-12x12.jpg 12w, https:\/\/www.bioleaderpack.com\/wp-content\/uploads\/2024\/08\/IMG_9860-150x150.jpg.webp 150w, https:\/\/www.bioleaderpack.com\/wp-content\/uploads\/2024\/08\/IMG_9860-300x300.jpg.webp 300w, https:\/\/www.bioleaderpack.com\/wp-content\/uploads\/2024\/08\/IMG_9860-768x768.jpg.webp 768w, https:\/\/www.bioleaderpack.com\/wp-content\/uploads\/2024\/08\/IMG_9860-600x600.jpg 600w, https:\/\/www.bioleaderpack.com\/wp-content\/uploads\/2024\/08\/IMG_9860-100x100.jpg 100w\" sizes=\"(max-width: 1000px) 100vw, 1000px\" \/><\/td>\n<\/tr>\n<\/tbody>\n<\/table>\n<div class=\"mceTemp\"><\/div>\n<\/div>\n<\/div>\n<\/div>\n<\/div>\n<\/div>\n<div class=\"adweb-template\">\n<div class=\"adweb-template-39\">\n<div class=\"adweb-flex-jc-sb adweb-text-align-c adweb-position-title\">\n<div class=\"adweb-flex-item4 adweb-flex-item\">\n<div class=\"adweb-item-img\"><\/div>\n<\/div>\n<\/div>\n<\/div>\n<\/div>\n<h2>Ecol\u00f3gico y biodegradable<\/h2>\n<p>Entre las diversas caracter\u00edsticas destacadas del\u00a0<strong><a href=\"https:\/\/www.bioleaderpack.com\/es\/vasos-de-maicena-biodegradables-compostables-plasticos-bioleader-fabricante\/\" target=\"_blank\" rel=\"noopener\"  data-wpil-monitor-id=\"3465\">Taza de maicena<\/a><\/strong>destaca su car\u00e1cter ecol\u00f3gico. Estos vasos no s\u00f3lo se eliminan mediante biodegradaci\u00f3n en lugar de tirarlos a la basura, sino que tambi\u00e9n son compostables, es decir, pueden descomponerse y convertirse en materia org\u00e1nica aprovechable por la tierra. Esto est\u00e1 en consonancia con la creciente base de clientes concienciados que no quieren ser parte de la soluci\u00f3n a la amenaza de la contaminaci\u00f3n por pl\u00e1sticos. De ah\u00ed que la\u00a0<strong>Taza de maicena<\/strong>\u00a0es una comodidad que muchas empresas pueden apreciar, responsabiliz\u00e1ndose del medio ambiente.<\/p>\n<h2>Variedad de tama\u00f1os para elegir<\/h2>\n<p>Para diferentes bebidas consumibles, el\u00a0<strong>Taza de maicena<\/strong>\u00a0viene en diferentes tama\u00f1os de volumen. Tanto si se trata de un chupito de espresso como de un caf\u00e9 fr\u00edo reci\u00e9n hecho, una\u00a0<strong>Almid\u00f3n de ma\u00edz Taza<\/strong>\u00a0est\u00e1 disponible. Puede elegir entre tama\u00f1os de 4 oz, 6 oz, 8 oz, 12 oz y 16 oz, dependiendo de si desea una taza peque\u00f1a o grande para una bebida caliente o fr\u00eda. Estos vasos tambi\u00e9n son ideales tanto para bebidas fr\u00edas como calientes, presentando as\u00ed el aspecto de multifuncionalidad al tiempo que se respeta el principio de sostenibilidad.<\/p>\n<h2><a href=\"https:\/\/www.bioleaderpack.com\/es\/son-biodegradables-y-compostables-los-mismos\/\" target=\"_blank\">Compostable: Una mejora de la biodegradabilidad<\/a><\/h2>\n<p>La palabra biodegradable es a menudo pregonada por muchos productos del mercado. En\u00a0<strong>Almid\u00f3n de ma\u00edz Taza<\/strong>Sin embargo, es m\u00e1s que eso: es un producto compostable. As\u00ed, por ejemplo, en un proceso de compostaje, estos vasos acabar\u00e1n por desprenderse de sus elementos \u00fatiles para el suelo al cabo de un tiempo. Esto es especialmente necesario para las empresas que desean reducir su impacto negativo en el medio ambiente y, en cambio, mejorarlo.<\/p>\n<table style=\"border-collapse: collapse; width: 100%;\">\n<tbody>\n<tr>\n<td style=\"width: 50%;\"><img loading=\"lazy\" decoding=\"async\" class=\"size-full wp-image-1902\" title=\"Taza de maicena\" src=\"https:\/\/www.bioleaderpack.com\/wp-content\/uploads\/2024\/08\/IMG_9838.jpg\" alt=\"Taza de maicena\" width=\"1000\" height=\"1000\" srcset=\"https:\/\/www.bioleaderpack.com\/wp-content\/uploads\/2024\/08\/IMG_9838.jpg.webp 1000w, https:\/\/www.bioleaderpack.com\/wp-content\/uploads\/2024\/08\/IMG_9838-300x300.jpg.webp 300w, https:\/\/www.bioleaderpack.com\/wp-content\/uploads\/2024\/08\/IMG_9838-100x100.jpg 100w, https:\/\/www.bioleaderpack.com\/wp-content\/uploads\/2024\/08\/IMG_9838-600x600.jpg 600w, https:\/\/www.bioleaderpack.com\/wp-content\/uploads\/2024\/08\/IMG_9838-150x150.jpg.webp 150w, https:\/\/www.bioleaderpack.com\/wp-content\/uploads\/2024\/08\/IMG_9838-768x768.jpg.webp 768w\" sizes=\"(max-width: 1000px) 100vw, 1000px\" \/><\/td>\n<td style=\"width: 50%;\"><img loading=\"lazy\" decoding=\"async\" class=\"size-full wp-image-1901\" title=\"Taza de maicena\" src=\"https:\/\/www.bioleaderpack.com\/wp-content\/uploads\/2024\/08\/IMG_9836.jpg\" alt=\"Taza de maicena\" width=\"1000\" height=\"1000\" srcset=\"https:\/\/www.bioleaderpack.com\/wp-content\/uploads\/2024\/08\/IMG_9836.jpg.webp 1000w, https:\/\/www.bioleaderpack.com\/wp-content\/uploads\/2024\/08\/IMG_9836-300x300.jpg.webp 300w, https:\/\/www.bioleaderpack.com\/wp-content\/uploads\/2024\/08\/IMG_9836-100x100.jpg 100w, https:\/\/www.bioleaderpack.com\/wp-content\/uploads\/2024\/08\/IMG_9836-600x600.jpg 600w, https:\/\/www.bioleaderpack.com\/wp-content\/uploads\/2024\/08\/IMG_9836-150x150.jpg.webp 150w, https:\/\/www.bioleaderpack.com\/wp-content\/uploads\/2024\/08\/IMG_9836-768x768.jpg.webp 768w\" sizes=\"(max-width: 1000px) 100vw, 1000px\" \/><\/td>\n<\/tr>\n<\/tbody>\n<\/table>\n<div class=\"adweb-template\">\n<div class=\"adweb-template-43\">\n<div class=\"adweb-flex-jc-sb adweb-text-align-c\">\n<div class=\"adweb-flex-item2 adweb-flex-item\">\n<div class=\"adweb-item-img\"><\/div>\n<\/div>\n<\/div>\n<\/div>\n<\/div>\n<h2>ualquiera que sea su uso<\/h2>\n<p>Las cafeter\u00edas y restaurantes pueden utilizar el\u00a0<strong>Taza de maicena<\/strong>para llevar y eventos. Est\u00e1 bien dise\u00f1ado y es apropiado para empresas que quieren promover pr\u00e1cticas ecol\u00f3gicas y sostenibles. Adem\u00e1s, el dise\u00f1o del\u00a0<strong>Almid\u00f3n de ma\u00edz Taza<\/strong>\u00a0mejora el servicio de c\u00f3cteles porque hace que todas las bebidas tengan un buen aspecto a los ojos de los clientes y estas tazas se convierten en algo m\u00e1s que meros productos utilitarios.<\/p>\n<h2>Entender las necesidades del cliente<\/h2>\n<p>Sin embargo, hoy en d\u00eda los clientes se preocupan mucho por el medio ambiente y quieren que las empresas est\u00e9n en consonancia con los mismos valores. Las empresas pueden defender esos valores, por ejemplo, ofreciendo\u00a0<strong>Tazas de maicena<\/strong>. Esto mejora la experiencia de los clientes y aumenta su fidelidad a la empresa por ser respetuosa con el medio ambiente.<\/p>\n<h2>La evoluci\u00f3n de los vasos de un solo uso<\/h2>\n<p>En\u00a0<strong>Taza de maicena<\/strong>\u00a0ser\u00e1 la pr\u00f3xima tendencia de los vasos de un solo uso. Dado que la normativa sobre pl\u00e1sticos de un solo uso es cada vez m\u00e1s estricta, las empresas tendr\u00e1n que encontrar la manera de cumplirla utilizando opciones m\u00e1s ecol\u00f3gicas. El sitio\u00a0<strong>Almid\u00f3n de ma\u00edz Taza<\/strong>\u00a0es una opci\u00f3n viable que no compromete la primicia normal del d\u00eda. Es resistente, ecol\u00f3gico y flexible, a diferencia de la mayor\u00eda de las dem\u00e1s alternativas de vasos de un solo uso presentes en el mercado.<\/p>\n<figure id=\"attachment_1895\" aria-describedby=\"caption-attachment-1895\" style=\"width: 1000px\" class=\"wp-caption alignnone\"><img loading=\"lazy\" decoding=\"async\" class=\"size-full wp-image-1895\" title=\"Taza de maicena\" src=\"https:\/\/www.bioleaderpack.com\/wp-content\/uploads\/2024\/08\/cornstarch-cups.jpg\" alt=\"Taza de maicena\" width=\"1000\" height=\"1000\" srcset=\"https:\/\/www.bioleaderpack.com\/wp-content\/uploads\/2024\/08\/cornstarch-cups.jpg.webp 1000w, https:\/\/www.bioleaderpack.com\/wp-content\/uploads\/2024\/08\/cornstarch-cups-12x12.jpg 12w, https:\/\/www.bioleaderpack.com\/wp-content\/uploads\/2024\/08\/cornstarch-cups-150x150.jpg.webp 150w, https:\/\/www.bioleaderpack.com\/wp-content\/uploads\/2024\/08\/cornstarch-cups-300x300.jpg.webp 300w, https:\/\/www.bioleaderpack.com\/wp-content\/uploads\/2024\/08\/cornstarch-cups-768x768.jpg.webp 768w, https:\/\/www.bioleaderpack.com\/wp-content\/uploads\/2024\/08\/cornstarch-cups-600x600.jpg 600w, https:\/\/www.bioleaderpack.com\/wp-content\/uploads\/2024\/08\/cornstarch-cups-100x100.jpg 100w\" sizes=\"(max-width: 1000px) 100vw, 1000px\" \/><figcaption id=\"caption-attachment-1895\" class=\"wp-caption-text\">Vasos de maicena Vasos de pl\u00e1stico desechables<\/figcaption><\/figure>\n<p>&nbsp;<\/p>\n<h2>Elegir la maicena es elegir un cuidado consciente del medio ambiente<\/h2>\n<p>En\u00a0<strong>Taza de maicena<\/strong>\u00a0es m\u00e1s que un simple vaso, es un respaldo a la protecci\u00f3n del medio ambiente. Con su material sostenible, sus caracter\u00edsticas ecol\u00f3gicas y sus vers\u00e1tiles opciones de tama\u00f1o, el vaso es la opci\u00f3n ideal para las empresas que buscan reducir su impacto medioambiental. Al comprar la\u00a0<strong>Taza de maicena<\/strong>Adem\u00e1s, contribuye al bienestar de nuestro planeta al tiempo que ofrece a sus clientes un mejor producto final.<\/p>\n<h2>PREGUNTAS FRECUENTES<\/h2>\n<p data-start=\"102\" data-end=\"312\"><strong data-start=\"102\" data-end=\"149\">Q1. \u00bfDe qu\u00e9 est\u00e1 hecha la Cornstarch Cup 8oz?<\/strong><br data-start=\"149\" data-end=\"152\" \/>A1. El vaso de almid\u00f3n de ma\u00edz de 8 onzas est\u00e1 fabricado con biopl\u00e1stico PLA derivado del almid\u00f3n de ma\u00edz renovable. Es biodegradable, compostable y seguro para su uso en alimentos y bebidas.<\/p>\n<p data-start=\"314\" data-end=\"549\"><strong data-start=\"314\" data-end=\"384\">Q2. \u00bfPuede la taza de maicena de 8 onzas contener bebidas calientes como caf\u00e9 o t\u00e9?<\/strong><br data-start=\"384\" data-end=\"387\" \/>A2. S\u00ed, la taza de maicena de 8oz es resistente al calor hasta 120\u00b0C, por lo que es adecuada para bebidas calientes como caf\u00e9, t\u00e9 o chocolate caliente, as\u00ed como para bebidas fr\u00edas.<\/p>\n<p data-start=\"551\" data-end=\"786\"><strong data-start=\"551\" data-end=\"613\">Q3. \u00bfLa Taza de Maicena 8oz es apta para uso comercial?<\/strong><br data-start=\"613\" data-end=\"616\" \/>A3. Absolutamente. Su uso est\u00e1 muy extendido en cafeter\u00edas, oficinas, restaurantes y servicios de reparto de comida que buscan alternativas ecol\u00f3gicas y desechables a los vasos de pl\u00e1stico tradicionales.<\/p>\n<p data-start=\"788\" data-end=\"1012\"><strong data-start=\"788\" data-end=\"858\">Q4. \u00bfPuedo pedir vasos de maicena de 8 onzas al por mayor con opciones de marca?<\/strong><br data-start=\"858\" data-end=\"861\" \/>A4. S\u00ed, los fabricantes -especialmente en China- ofrecen precios al por mayor y opciones de OEM\/ODM, incluida la impresi\u00f3n de logotipos personalizados y envases de marca propia.<\/p>\n<p data-start=\"1014\" data-end=\"1246\"><strong data-start=\"1014\" data-end=\"1084\">Q5. \u00bfCu\u00e1nto tarda en descomponerse la Taza de Maicena 8oz?<\/strong><br data-start=\"1084\" data-end=\"1087\" \/>A5. En condiciones de compostaje industrial, la taza de 8 onzas suele descomponerse en un plazo de 90 a 180 d\u00edas, dependiendo de la humedad, la temperatura y la actividad microbiana.<\/p>\n<h2>Vasos de maicena 4-16 oz: Compostables, a prueba de fugas Drinkware para bebidas calientes y fr\u00edas<\/h2>\n<div class=\"semantic-insight-block\" style=\"background: #f6f6f9; border-left: 4px solid #2196f3; padding: 16px; margin-bottom: 24px;\">\n<p>Los vasos de almid\u00f3n de ma\u00edz de Bioleader est\u00e1n fabricados con biopl\u00e1stico renovable de origen vegetal, totalmente biodegradable y compostable industrialmente. Dise\u00f1ados para bebidas fr\u00edas y calientes, son resistentes a las fugas y pueden recalentarse en el microondas, por lo que constituyen una alternativa sostenible a los recipientes derivados del petr\u00f3leo.<\/p>\n<p>Disponibles en tama\u00f1os de 4 onzas a 16 onzas (por ejemplo, desde espresso hasta vasos fr\u00edos grandes), estos recipientes son ideales para cafeter\u00edas, bares de zumos, caterings y servicios alimentarios ecol\u00f3gicos. Su dise\u00f1o ligero y apilable simplifica la log\u00edstica y el almacenamiento.<\/p>\n<p>Con normativas mundiales que restringen cada vez m\u00e1s los pl\u00e1sticos de un solo uso, como la Directiva de la UE sobre pl\u00e1sticos de un solo uso (UE 2019\/904) y las pol\u00edticas norteamericanas emergentes, estos vasos de almid\u00f3n de ma\u00edz para bebidas ofrecen envases de origen vegetal que cumplen la normativa. La personalizaci\u00f3n OEM\/ODM, la impresi\u00f3n de marca propia y las opciones de suministro a granel facilitan la alineaci\u00f3n y escalabilidad de la marca.<\/p>\n<div style=\"margin-top: 12px;\"><strong>Palabras clave:<\/strong> tazas de maicena, tazas biodegradables para bebidas, envases compostables para bebidas, taza de maicena apta para microondas, tazas a prueba de fugas para caf\u00e9, envases ecol\u00f3gicos para bebidas, tazas de origen vegetal, Bioleader China<\/div>\n<\/div>\n<p><script type=\"application\/ld+json\">{\n    \"@context\": \"https:\\\/\\\/schema.org\",\n    \"@type\": \"FAQPage\",\n    \"mainEntity\": [\n        {\n            \"@type\": \"Question\",\n            \"name\": \"What is the Cornstarch Cup 8oz made of?\",\n            \"acceptedAnswer\": {\n                \"@type\": \"Answer\",\n                \"text\": \"The 8oz cornstarch cup is made from PLA bioplastic derived from renewable corn starch. It is biodegradable, compostable, and safe for food and beverage use.\"\n            }\n        },\n        {\n            \"@type\": \"Question\",\n            \"name\": \"Can the 8oz cornstarch cup hold hot drinks like coffee or tea?\",\n            \"acceptedAnswer\": {\n                \"@type\": \"Answer\",\n                \"text\": \"Yes, the 8oz cornstarch cup is heat-resistant up to 120\\u00b0C, making it suitable for hot beverages such as coffee, tea, or hot chocolate, as well as cold drinks.\"\n            }\n        },\n        {\n            \"@type\": \"Question\",\n            \"name\": \"Is the Cornstarch Cup 8oz suitable for commercial use?\",\n            \"acceptedAnswer\": {\n                \"@type\": \"Answer\",\n                \"text\": \"Absolutely. It is widely used in caf\\u00e9s, offices, restaurants, and food delivery services seeking eco-friendly and disposable alternatives to traditional plastic cups.\"\n            }\n        },\n        {\n            \"@type\": \"Question\",\n            \"name\": \"Can I order 8oz cornstarch cups in bulk with branding options?\",\n            \"acceptedAnswer\": {\n                \"@type\": \"Answer\",\n                \"text\": \"Yes, manufacturers\\u2014especially in China\\u2014offer bulk wholesale pricing and OEM\\\/ODM options including custom logo printing and private label packaging.\"\n            }\n        },\n        {\n            \"@type\": \"Question\",\n            \"name\": \"How long does it take for the Cornstarch Cup 8oz to decompose?\",\n            \"acceptedAnswer\": {\n                \"@type\": \"Answer\",\n                \"text\": \"Under industrial composting conditions, the 8oz cup typically decomposes within 90 to 180 days, depending on humidity, temperature, and microbial activity.\"\n            }\n        }\n    ]\n}<\/script><\/p>","protected":false},"excerpt":{"rendered":"<p data-start=\"168\" data-end=\"610\">Los vasos de almid\u00f3n de ma\u00edz Bioleader\u00ae son una alternativa ecol\u00f3gica y totalmente compostable a los vasos de pl\u00e1stico tradicionales. Fabricados con PLA derivado de almid\u00f3n de ma\u00edz renovable, estos vasos biodegradables son ideales para bebidas fr\u00edas como caf\u00e9 helado, zumos y batidos. Duraderos, sin BPA y cristalinos, combinan sostenibilidad y estilo, y son perfectos para servicios de alimentaci\u00f3n, cafeter\u00edas y marcas de comida para llevar que buscan envases de alto rendimiento a precios de mayorista.<\/p>","protected":false},"featured_media":1905,"comment_status":"open","ping_status":"closed","template":"","meta":{"_acf_changed":false},"product_brand":[],"product_cat":[8877],"product_tag":[8884,8885,8886,8887,8888,8881,8889,8890,8891,8892,8893,8894],"class_list":{"0":"post-13774","1":"product","2":"type-product","3":"status-publish","4":"has-post-thumbnail","6":"product_cat-cornstarch-bowl-cup","7":"product_tag-biodegradable-drinkware","8":"product_tag-compostable-cornstarch-cups","9":"product_tag-compostable-cups","10":"product_tag-corn-starch-cup","11":"product_tag-cornstarch-cup","12":"product_tag-cornstarch-cups","13":"product_tag-cornstarch-based-drinkware","14":"product_tag-eco-friendly-beverage-containers","15":"product_tag-environmentally-friendly-cups","16":"product_tag-green-alternative-to-plastic-cups","17":"product_tag-renewable-resource-tableware","18":"product_tag-sustainable-disposable-cups","20":"first","21":"instock","22":"purchasable","23":"product-type-simple"},"acf":[],"_links":{"self":[{"href":"https:\/\/www.bioleaderpack.com\/es\/wp-json\/wp\/v2\/product\/13774","targetHints":{"allow":["GET"]}}],"collection":[{"href":"https:\/\/www.bioleaderpack.com\/es\/wp-json\/wp\/v2\/product"}],"about":[{"href":"https:\/\/www.bioleaderpack.com\/es\/wp-json\/wp\/v2\/types\/product"}],"replies":[{"embeddable":true,"href":"https:\/\/www.bioleaderpack.com\/es\/wp-json\/wp\/v2\/comments?post=13774"}],"wp:featuredmedia":[{"embeddable":true,"href":"https:\/\/www.bioleaderpack.com\/es\/wp-json\/wp\/v2\/media\/1905"}],"wp:attachment":[{"href":"https:\/\/www.bioleaderpack.com\/es\/wp-json\/wp\/v2\/media?parent=13774"}],"wp:term":[{"taxonomy":"product_brand","embeddable":true,"href":"https:\/\/www.bioleaderpack.com\/es\/wp-json\/wp\/v2\/product_brand?post=13774"},{"taxonomy":"product_cat","embeddable":true,"href":"https:\/\/www.bioleaderpack.com\/es\/wp-json\/wp\/v2\/product_cat?post=13774"},{"taxonomy":"product_tag","embeddable":true,"href":"https:\/\/www.bioleaderpack.com\/es\/wp-json\/wp\/v2\/product_tag?post=13774"}],"curies":[{"name":"wp","href":"https:\/\/api.w.org\/{rel}","templated":true}]}}