{"id":13771,"date":"2024-08-09T16:19:20","date_gmt":"2024-08-09T08:19:20","guid":{"rendered":"https:\/\/www.bioleaderpack.com\/fr\/produit\/biodegradable-plastic-plates-factory-supplier-bulk\/"},"modified":"2026-04-27T17:21:35","modified_gmt":"2026-04-27T09:21:35","slug":"platos-de-plastico-biodegradables","status":"publish","type":"product","link":"https:\/\/www.bioleaderpack.com\/es\/producto\/platos-de-plastico-biodegradables\/","title":{"rendered":"Platos de pl\u00e1stico biodegradables Proveedor de f\u00e1brica a granel"},"content":{"rendered":"<figure id=\"attachment_1857\" aria-describedby=\"caption-attachment-1857\" style=\"width: 1000px\" class=\"wp-caption alignnone\"><img fetchpriority=\"high\" decoding=\"async\" class=\"wp-image-1857 size-full\" title=\"Platos de pl\u00e1stico biodegradables\" src=\"https:\/\/www.bioleaderpack.com\/wp-content\/uploads\/2024\/08\/IMG_9823-\u62f7\u8d1d.jpg\" alt=\"Platos de pl\u00e1stico biodegradables\" width=\"1000\" height=\"1000\" srcset=\"https:\/\/www.bioleaderpack.com\/wp-content\/uploads\/2024\/08\/IMG_9823-\u62f7\u8d1d.jpg.webp 1000w, https:\/\/www.bioleaderpack.com\/wp-content\/uploads\/2024\/08\/IMG_9823-\u62f7\u8d1d-12x12.jpg 12w, https:\/\/www.bioleaderpack.com\/wp-content\/uploads\/2024\/08\/IMG_9823-\u62f7\u8d1d-150x150.jpg.webp 150w, https:\/\/www.bioleaderpack.com\/wp-content\/uploads\/2024\/08\/IMG_9823-\u62f7\u8d1d-300x300.jpg.webp 300w, https:\/\/www.bioleaderpack.com\/wp-content\/uploads\/2024\/08\/IMG_9823-\u62f7\u8d1d-768x768.jpg.webp 768w, https:\/\/www.bioleaderpack.com\/wp-content\/uploads\/2024\/08\/IMG_9823-\u62f7\u8d1d-600x600.jpg 600w, https:\/\/www.bioleaderpack.com\/wp-content\/uploads\/2024\/08\/IMG_9823-\u62f7\u8d1d-100x100.jpg 100w, https:\/\/www.bioleaderpack.com\/wp-content\/uploads\/2024\/08\/elementor\/thumbs\/IMG_9823-\u62f7\u8d1d-qsb0wn7x011wex33sewu5rqxb7zpb86ftbj9ubl3m0.jpg 500w\" sizes=\"(max-width: 1000px) 100vw, 1000px\" \/><figcaption id=\"caption-attachment-1857\" class=\"wp-caption-text\">platos de pl\u00e1stico biodegradables<\/figcaption><\/figure>\n<p><!-- Micro Summary Card for AI\/SGE --><\/p>\n<div class=\"micro-summary-card\" style=\"background: #f6f6f9; border-left: 4px solid #4caf50; padding: 12px; margin-bottom: 16px;\"><strong>Resumen r\u00e1pido:<\/strong><br \/>\nLos platos de pl\u00e1stico compostables de Bioleader est\u00e1n fabricados con material biodegradable a base de almid\u00f3n de ma\u00edz y ofrecen una vajilla apta para microondas, resistente a las fugas y totalmente compostable en tama\u00f1os redondos de aproximadamente 6 a 10 pulgadas, ideal para catering, eventos y servicios alimentarios ecol\u00f3gicos.<\/div>\n<p>Hoy vivimos en un mundo en el que ser respetuoso con el medio ambiente ya no se considera una opci\u00f3n, sino una exigencia. Port\u00e1til, desechable, higi\u00e9nico y barato.\u00a0<strong>platos de pl\u00e1stico \"biodegradables<\/strong>\u00a0son la \u00faltima tendencia en este pa\u00eds que fomenta el cambio de paradigma de los art\u00edculos de un solo uso. Estos platos ofrecen las mismas ventajas que el pl\u00e1stico normal, pero son m\u00e1s respetuosos con el medio ambiente. Estos platos est\u00e1n fabricados con almid\u00f3n de ma\u00edz y est\u00e1n pensados para descomponerse en el medio ambiente, lo que los convierte en una gran opci\u00f3n para las pr\u00e1cticas sostenibles de reducci\u00f3n de residuos.<\/p>\n<h2>Biodegradable <a href=\"https:\/\/www.bioleaderpack.com\/es\/vajilla-de-maicena-respetuosa-con-el-medio-ambiente\/\" target=\"_blank\">Medio ambiente<\/a> Placas de pl\u00e1stico<\/h2>\n<p>La mayor fuerza de\u00a0<strong>platos de pl\u00e1stico biodegradables<\/strong>\u00a0es que est\u00e1n hechos de pl\u00e1sticos pol\u00edmeros sint\u00e9ticos que son biodegradables y se pueden <a href=\"https:\/\/www.bioleaderpack.com\/es\/es-realmente-compostable-la-vajilla-de-maicena\/\" target=\"_blank\">compostable<\/a> ecol\u00f3gicamente despu\u00e9s de su uso. Los platos de pl\u00e1stico normales tardan cientos de a\u00f1os en descomponerse, mientras que estos platos son bastante f\u00e1ciles de romper, a diferencia de otros pl\u00e1sticos. Por lo tanto, no quedan residuos de materiales t\u00f3xicos que envenenen el suelo o el agua. Al utilizar\u00a0<strong><a href=\"https:\/\/www.bioleaderpack.com\/es\/producto\/platos-de-papel-biodegradables-de-10-pulgadas\/\" target=\"_blank\" rel=\"noopener\" data-wpil-monitor-id=\"1699\">platos de pl\u00e1stico biodegradables<\/a><\/strong>Las empresas, e incluso los particulares, pueden contribuir en gran medida a no aumentar los residuos pl\u00e1sticos.<\/p>\n<table width=\"700\">\n<tbody>\n<tr>\n<td width=\"97\"><strong>C\u00f3digo del art\u00edculo<\/strong><\/td>\n<td width=\"189\"><strong>Descripci\u00f3n<\/strong><\/td>\n<td width=\"61\"><strong>Peso<\/strong>(g)<\/td>\n<td width=\"102\"><strong>Tama\u00f1o del producto<\/strong>\u00a0 (mm)<\/td>\n<td width=\"60\">PCS\/ PACK<\/td>\n<td width=\"69\">PCS\/ CTNS<\/td>\n<td colspan=\"3\" width=\"122\">Tama\u00f1o de la caja (cm)<\/td>\n<\/tr>\n<tr>\n<td>BGY-0601<\/td>\n<td width=\"189\">Plato de Maizena 6\u2033.<\/td>\n<td>8<\/td>\n<td width=\"102\">\u03c6152<\/td>\n<td width=\"60\">50<\/td>\n<td>2000<\/td>\n<td width=\"40\">63<\/td>\n<td width=\"41\">27.5<\/td>\n<td width=\"41\">32<\/td>\n<\/tr>\n<tr>\n<td>BGY-0701<\/td>\n<td width=\"189\">Plato de Maizena 7\u2033.<\/td>\n<td>10<\/td>\n<td width=\"102\">\u03c6178<\/td>\n<td width=\"60\">50<\/td>\n<td>1000<\/td>\n<td>36.5<\/td>\n<td>23<\/td>\n<td>37.5<\/td>\n<\/tr>\n<tr>\n<td>BGY-0801<\/td>\n<td width=\"189\">Plato de Maizena 8\u2033.<\/td>\n<td>14<\/td>\n<td width=\"102\">\u03c6203<\/td>\n<td width=\"60\">50<\/td>\n<td>1000<\/td>\n<td width=\"40\">44.5<\/td>\n<td width=\"41\">42.5<\/td>\n<td width=\"41\">23<\/td>\n<\/tr>\n<tr>\n<td>BGY-0901<\/td>\n<td width=\"189\">Plato de Maizena 9\u2033.<\/td>\n<td>20<\/td>\n<td width=\"102\">\u03c6228<\/td>\n<td width=\"60\">50<\/td>\n<td>600<\/td>\n<td width=\"40\">48<\/td>\n<td width=\"41\">30<\/td>\n<td width=\"41\">24.5<\/td>\n<\/tr>\n<tr>\n<td>BGY-0903<\/td>\n<td width=\"189\">Plato de maicena 9\u2033 3C<\/td>\n<td>20<\/td>\n<td width=\"102\">\u03c6228<\/td>\n<td width=\"60\">50<\/td>\n<td>600<\/td>\n<td width=\"40\">48<\/td>\n<td width=\"41\">30<\/td>\n<td width=\"41\">24.5<\/td>\n<\/tr>\n<tr>\n<td>BGY-1001<\/td>\n<td width=\"189\">Plato de Maizena 10\u2033.<\/td>\n<td>23<\/td>\n<td width=\"102\">\u03c6254<\/td>\n<td width=\"60\">50<\/td>\n<td>600<\/td>\n<td width=\"40\">52<\/td>\n<td width=\"41\">23.5<\/td>\n<td width=\"41\">27.5<\/td>\n<\/tr>\n<tr>\n<td>BGY-1003<\/td>\n<td width=\"189\">Placa de maicena 10\u2033 3C<\/td>\n<td>23<\/td>\n<td width=\"102\">\u03c6254<\/td>\n<td width=\"60\">50<\/td>\n<td>600<\/td>\n<td width=\"40\">52<\/td>\n<td width=\"41\">23.5<\/td>\n<td width=\"41\">27.5<\/td>\n<\/tr>\n<\/tbody>\n<\/table>\n<div><\/div>\n<div>\n<table style=\"border-collapse: collapse; width: 100%;\">\n<tbody>\n<tr>\n<td style=\"width: 50%;\"><img decoding=\"async\" class=\"size-full wp-image-1875\" title=\"Platos de pl\u00e1stico biodegradables\" src=\"https:\/\/www.bioleaderpack.com\/wp-content\/uploads\/2024\/08\/IMG_9758.jpg\" alt=\"Platos de pl\u00e1stico biodegradables\" width=\"1000\" height=\"1000\" srcset=\"https:\/\/www.bioleaderpack.com\/wp-content\/uploads\/2024\/08\/IMG_9758.jpg.webp 1000w, https:\/\/www.bioleaderpack.com\/wp-content\/uploads\/2024\/08\/IMG_9758-12x12.jpg 12w, https:\/\/www.bioleaderpack.com\/wp-content\/uploads\/2024\/08\/IMG_9758-150x150.jpg.webp 150w, https:\/\/www.bioleaderpack.com\/wp-content\/uploads\/2024\/08\/IMG_9758-300x300.jpg.webp 300w, https:\/\/www.bioleaderpack.com\/wp-content\/uploads\/2024\/08\/IMG_9758-768x768.jpg.webp 768w, https:\/\/www.bioleaderpack.com\/wp-content\/uploads\/2024\/08\/IMG_9758-600x600.jpg 600w, https:\/\/www.bioleaderpack.com\/wp-content\/uploads\/2024\/08\/IMG_9758-100x100.jpg 100w\" sizes=\"(max-width: 1000px) 100vw, 1000px\" \/><\/td>\n<td style=\"width: 50%;\"><img decoding=\"async\" class=\"wp-image-1876 size-full\" title=\"Platos de pl\u00e1stico biodegradables\" src=\"https:\/\/www.bioleaderpack.com\/wp-content\/uploads\/2024\/08\/IMG_9759.jpg\" alt=\"Platos de pl\u00e1stico biodegradables\" width=\"1000\" height=\"1000\" srcset=\"https:\/\/www.bioleaderpack.com\/wp-content\/uploads\/2024\/08\/IMG_9759.jpg.webp 1000w, https:\/\/www.bioleaderpack.com\/wp-content\/uploads\/2024\/08\/IMG_9759-300x300.jpg.webp 300w, https:\/\/www.bioleaderpack.com\/wp-content\/uploads\/2024\/08\/IMG_9759-100x100.jpg 100w, https:\/\/www.bioleaderpack.com\/wp-content\/uploads\/2024\/08\/IMG_9759-600x600.jpg 600w, https:\/\/www.bioleaderpack.com\/wp-content\/uploads\/2024\/08\/IMG_9759-150x150.jpg.webp 150w, https:\/\/www.bioleaderpack.com\/wp-content\/uploads\/2024\/08\/IMG_9759-768x768.jpg.webp 768w\" sizes=\"(max-width: 1000px) 100vw, 1000px\" \/><\/td>\n<\/tr>\n<tr>\n<td style=\"width: 50%;\"><img loading=\"lazy\" decoding=\"async\" class=\"wp-image-1879 size-full\" title=\"Platos de pl\u00e1stico biodegradables\" src=\"https:\/\/www.bioleaderpack.com\/wp-content\/uploads\/2024\/08\/IMG_9772.jpg\" alt=\"Platos de pl\u00e1stico biodegradables\" width=\"1000\" height=\"1000\" srcset=\"https:\/\/www.bioleaderpack.com\/wp-content\/uploads\/2024\/08\/IMG_9772.jpg.webp 1000w, https:\/\/www.bioleaderpack.com\/wp-content\/uploads\/2024\/08\/IMG_9772-300x300.jpg.webp 300w, https:\/\/www.bioleaderpack.com\/wp-content\/uploads\/2024\/08\/IMG_9772-100x100.jpg 100w, https:\/\/www.bioleaderpack.com\/wp-content\/uploads\/2024\/08\/IMG_9772-600x600.jpg 600w, https:\/\/www.bioleaderpack.com\/wp-content\/uploads\/2024\/08\/IMG_9772-150x150.jpg.webp 150w, https:\/\/www.bioleaderpack.com\/wp-content\/uploads\/2024\/08\/IMG_9772-768x768.jpg.webp 768w\" sizes=\"(max-width: 1000px) 100vw, 1000px\" \/><\/td>\n<td style=\"width: 50%;\"><img loading=\"lazy\" decoding=\"async\" class=\"wp-image-1878 size-full\" title=\"Platos de pl\u00e1stico biodegradables\" src=\"https:\/\/www.bioleaderpack.com\/wp-content\/uploads\/2024\/08\/IMG_9761.jpg\" alt=\"Platos de pl\u00e1stico biodegradables\" width=\"1000\" height=\"1000\" srcset=\"https:\/\/www.bioleaderpack.com\/wp-content\/uploads\/2024\/08\/IMG_9761.jpg.webp 1000w, https:\/\/www.bioleaderpack.com\/wp-content\/uploads\/2024\/08\/IMG_9761-300x300.jpg.webp 300w, https:\/\/www.bioleaderpack.com\/wp-content\/uploads\/2024\/08\/IMG_9761-100x100.jpg 100w, https:\/\/www.bioleaderpack.com\/wp-content\/uploads\/2024\/08\/IMG_9761-600x600.jpg 600w, https:\/\/www.bioleaderpack.com\/wp-content\/uploads\/2024\/08\/IMG_9761-150x150.jpg.webp 150w, https:\/\/www.bioleaderpack.com\/wp-content\/uploads\/2024\/08\/IMG_9761-768x768.jpg.webp 768w\" sizes=\"(max-width: 1000px) 100vw, 1000px\" \/><\/td>\n<\/tr>\n<\/tbody>\n<\/table>\n<\/div>\n<h2>Razonabilidad y funcionalidad en el dise\u00f1o de sillas<\/h2>\n<p>Existe una gran variedad de Dise\u00f1os de platos de pl\u00e1stico biodegradables con dimensiones que se adaptan a cualquier necesidad, que van desde las 6 pulgadas hasta las 10 pulgadas. Se han convertido en una buena opci\u00f3n para actividades cotidianas e incluso ocasiones especiales porque son pr\u00e1cticos y ecol\u00f3gicos. Son muy resistentes, lo que significa que admiten alimentos fr\u00edos o calientes, por lo que pueden utilizarse para cualquier tipo de comida. Los platos de pl\u00e1stico biodegradables, por su capacidad de servir para m\u00e1s de un prop\u00f3sito, pueden utilizarse en catering, restaurantes o en casa.<\/p>\n<h2>Dise\u00f1o visual y uso pr\u00e1ctico<\/h2>\n<p>Se puede decir que los platos de pl\u00e1stico biodegradables poseen belleza y utilidad en cuanto a su configuraci\u00f3n. La apariencia de los platos es sencilla, lo que hace que estos platos complementen cualquier tipo de presentaci\u00f3n de alimentos. Son firmes y no se rompen con facilidad, por lo que ofrecen a los comensales modernos y refinados cualquier tipo de plato que deseen. Ya sea para una comida relajada en el parque o para una cena m\u00e1s elegante, los platos de pl\u00e1stico biodegradables siempre consiguen tener un aspecto agradable sin dejar de ser pr\u00e1cticos, y por eso son los favoritos de la gente.<\/p>\n<figure id=\"attachment_1861\" aria-describedby=\"caption-attachment-1861\" style=\"width: 1000px\" class=\"wp-caption alignnone\"><img loading=\"lazy\" decoding=\"async\" class=\"wp-image-1861 size-full\" style=\"font-size: 14px;\" title=\"Platos de pl\u00e1stico biodegradables\" src=\"https:\/\/www.bioleaderpack.com\/wp-content\/uploads\/2024\/08\/IMG_9824.jpg\" alt=\"Platos de pl\u00e1stico biodegradables\" width=\"1000\" height=\"1000\" srcset=\"https:\/\/www.bioleaderpack.com\/wp-content\/uploads\/2024\/08\/IMG_9824.jpg.webp 1000w, https:\/\/www.bioleaderpack.com\/wp-content\/uploads\/2024\/08\/IMG_9824-300x300.jpg.webp 300w, https:\/\/www.bioleaderpack.com\/wp-content\/uploads\/2024\/08\/IMG_9824-100x100.jpg 100w, https:\/\/www.bioleaderpack.com\/wp-content\/uploads\/2024\/08\/IMG_9824-600x600.jpg 600w, https:\/\/www.bioleaderpack.com\/wp-content\/uploads\/2024\/08\/IMG_9824-150x150.jpg.webp 150w, https:\/\/www.bioleaderpack.com\/wp-content\/uploads\/2024\/08\/IMG_9824-768x768.jpg.webp 768w\" sizes=\"(max-width: 1000px) 100vw, 1000px\" \/><figcaption id=\"caption-attachment-1861\" class=\"wp-caption-text\">platos de pl\u00e1stico biodegradables<\/figcaption><\/figure>\n<h2>Garant\u00eda de calidad y sostenibilidad<\/h2>\n<p>Como\u00a0<strong>F\u00e1brica y proveedor de China<\/strong>estamos orgullosos de producir una gama de productos\u00a0<em>platos biodegradables desechables<\/em>\u00a0que cumplen los requisitos medioambientales m\u00e1s estrictos. Esto se debe a que nuestras placas son de buena calidad y se venden a precios asequibles. Estas placas est\u00e1n disponibles al por mayor para aquellas empresas que deseen adoptar el marketing ecol\u00f3gico ofreciendo productos respetuosos con el medio ambiente a los clientes sin comprometer la calidad.<\/p>\n<p>Dado que estos platos de pl\u00e1stico son biodegradables, \u00e9sta es una de las principales ventajas de su uso. Estos platos ecol\u00f3gicos, fabricados con estos materiales, se descomponen en aproximadamente una d\u00e9cada, lo que es poco tiempo en comparaci\u00f3n con los pl\u00e1sticos normales, que tardan varios siglos o m\u00e1s en descomponerse. <a href=\"https:\/\/www.bioleaderpack.com\/es\/es-realmente-compostable-la-vajilla-de-maicena\/\" target=\"_blank\">se descomponen en un vertedero<\/a>.<\/p>\n<p>Adem\u00e1s, el material de almid\u00f3n de ma\u00edz garantiza que los platos sean biodegradables y comestibles. Pueden utilizarse activamente tanto para comida caliente como fr\u00eda, por lo que se adaptan a todo tipo de comidas. El tama\u00f1o de 6-10 pulgadas asegura que haya diferentes tama\u00f1os de raciones para aquellos que prefieren tama\u00f1os peque\u00f1os y otros que quieren est\u00e1ndares m\u00e1s grandes.<\/p>\n<p>Aparte del aspecto ecol\u00f3gico, los platos de pl\u00e1stico biodegradables son tan pr\u00e1cticos y f\u00e1ciles de usar como cualquier otro plato desechable. Son ligeros, f\u00e1ciles de transportar y no es necesario lavarlos despu\u00e9s de usarlos, por lo que resultan muy \u00fatiles para picnics, fiestas, bodas y cualquier otro evento que requiera servir comida con una limpieza breve.<\/p>\n<h2>Conclusi\u00f3n<\/h2>\n<p><strong>Platos de pl\u00e1stico biodegradables<\/strong>\u00a0son el camino a seguir cuando se trata de utilizar productos desechables. La vajilla es respetuosa con el medio ambiente y ayuda a evitar el despilfarro, adem\u00e1s de estar dise\u00f1ada para atraer a muchos. Est\u00e1n disponibles para su suministro al por mayor a un precio asequible, ya que somos adherentes como un\u00a0<strong>F\u00e1brica y fabricante chinos<\/strong>.<\/p>\n<h2>PREGUNTAS FRECUENTES<\/h2>\n<p data-start=\"207\" data-end=\"531\"><strong data-start=\"207\" data-end=\"263\">P1: \u00bfDe qu\u00e9 est\u00e1n hechos los platos de pl\u00e1stico biodegradables?<\/strong><br data-start=\"263\" data-end=\"266\" \/><strong data-start=\"266\" data-end=\"273\">A1:<\/strong> Los platos de pl\u00e1stico biodegradables suelen fabricarse con materiales renovables de origen vegetal, como PLA (\u00e1cido polil\u00e1ctico), almid\u00f3n de ma\u00edz u otros biopl\u00e1sticos compostables. Estos materiales se descomponen de forma natural en condiciones de compostaje, a diferencia de los pl\u00e1sticos derivados del petr\u00f3leo.<\/p>\n<hr data-start=\"533\" data-end=\"536\" \/>\n<p data-start=\"538\" data-end=\"856\"><strong data-start=\"538\" data-end=\"620\">P2: \u00bfPuedo comprar platos de pl\u00e1stico biodegradables directamente a una f\u00e1brica china?<\/strong><br data-start=\"620\" data-end=\"623\" \/><strong data-start=\"623\" data-end=\"630\">A2:<\/strong> S\u00ed, muchas f\u00e1bricas y fabricantes chinos de confianza ofrecen directamente <a href=\"https:\/\/www.bioleaderpack.com\/es\/compostable-plastic-plates-full-size-range-6-10inch-bioleader-manufacturer\/\" target=\"_blank\" rel=\"noopener\"  data-wpil-monitor-id=\"3412\">venta al por mayor de platos de pl\u00e1stico biodegradables<\/a>. Los pedidos al por mayor garantizan un menor coste por unidad y permiten la personalizaci\u00f3n, el etiquetado privado y los servicios OEM\/ODM.<\/p>\n<hr data-start=\"858\" data-end=\"861\" \/>\n<p data-start=\"863\" data-end=\"1169\"><strong data-start=\"863\" data-end=\"931\">P3: \u00bfCumplen los platos biodegradables las normas mundiales de certificaci\u00f3n?<\/strong><br data-start=\"931\" data-end=\"934\" \/><strong data-start=\"934\" data-end=\"941\">A3:<\/strong> Los proveedores reputados suministran platos de pl\u00e1stico biodegradables que cumplen normas internacionales como las siguientes <strong data-start=\"1048\" data-end=\"1059\">EN13432<\/strong>, <strong data-start=\"1061\" data-end=\"1075\">ASTM D6400<\/strong>, <strong data-start=\"1077\" data-end=\"1084\">BPI<\/strong>y <strong data-start=\"1090\" data-end=\"1108\">T\u00dcV OK Compost<\/strong>garantizando la seguridad, la compostabilidad y el cumplimiento de las normas alimentarias.<\/p>\n<hr data-start=\"1171\" data-end=\"1174\" \/>\n<p data-start=\"1176\" data-end=\"1495\"><strong data-start=\"1176\" data-end=\"1256\">P4: \u00bfSon adecuados los platos de pl\u00e1stico biodegradables para alimentos calientes, fr\u00edos y aceitosos?<\/strong><br data-start=\"1256\" data-end=\"1259\" \/><strong data-start=\"1259\" data-end=\"1266\">A4:<\/strong> S\u00ed, los platos de pl\u00e1stico biodegradables de alta calidad son <strong data-start=\"1318\" data-end=\"1363\">resistente al calor, al aceite y a las fugas<\/strong>Por eso son adecuados para comidas calientes, ensaladas o incluso alimentos grasientos. Compruebe siempre las especificaciones del producto antes de realizar un pedido a gran escala.<\/p>\n<hr data-start=\"1497\" data-end=\"1500\" \/>\n<p data-start=\"1502\" data-end=\"1832\"><strong data-start=\"1502\" data-end=\"1571\">P5: \u00bfPor qu\u00e9 deber\u00edan las empresas pasarse al <a href=\"https:\/\/www.bioleaderpack.com\/es\/producto\/platos-biodegradables-de-bagazo-de-cana-de-azucar-9-pulgadas\/\" target=\"_blank\" rel=\"noopener\" data-wpil-monitor-id=\"1706\">placas biodegradables a granel<\/a>?<\/strong><br data-start=\"1571\" data-end=\"1574\" \/><strong data-start=\"1574\" data-end=\"1581\">A5:<\/strong> Comprar platos biodegradables a granel contribuye a los objetivos medioambientales, reduce los costes de envasado a largo plazo y satisface la creciente demanda de productos sostenibles por parte de los clientes. Tambi\u00e9n es una ventaja competitiva para las marcas con conciencia ecol\u00f3gica y los proveedores de servicios alimentarios.<\/p>\n<h2>Platos de Pl\u00e1stico Biodegradables 6-10 pulgadas: Vajilla compostable y a prueba de fugas para eventos y restauraci\u00f3n<\/h2>\n<div class=\"semantic-insight-block\" style=\"background: #f6f6f9; border-left: 4px solid #2196f3; padding: 16px; margin-bottom: 24px;\">\n<p>Los platos de pl\u00e1stico biodegradables de Bioleader se fabrican con biopl\u00e1stico a base de almid\u00f3n de ma\u00edz, que es totalmente compostable y no contiene pl\u00e1sticos tradicionales derivados del petr\u00f3leo. Estos platos est\u00e1n dise\u00f1ados para resistir la grasa, ser compatibles con microondas y tener una gran durabilidad estructural.<\/p>\n<p>Disponibles en formatos redondos de 6 a 10 pulgadas, satisfacen las necesidades de aperitivos, entrantes y postres para bodas, eventos, restaurantes y comidas para llevar. Los platos son ligeros, apilables y est\u00e1n dise\u00f1ados para optimizar la eficiencia operativa.<\/p>\n<p>A medida que las normativas mundiales contin\u00faan restringiendo los pl\u00e1sticos de un solo uso, estos platos compostables presentan una soluci\u00f3n escalable y que cumple las normativas para los proveedores de servicios alimentarios. El suministro a granel, la personalizaci\u00f3n OEM\/ODM y el soporte de marca propia permiten a las marcas alinearse con los objetivos de envasado sostenible.<\/p>\n<div style=\"margin-top: 12px;\"><strong>Palabras clave:<\/strong> platos de pl\u00e1stico biodegradables, platos compostables, vajilla de maicena, platos ecol\u00f3gicos de 6 pulgadas, platos compostables de 10 pulgadas, platos desechables aptos para microondas, envases sostenibles para catering, platos ecol\u00f3gicos a prueba de fugas<\/div>\n<\/div>\n<p><script type=\"application\/ld+json\">{\n    \"@context\": \"https:\\\/\\\/schema.org\",\n    \"@type\": \"FAQPage\",\n    \"mainEntity\": [\n        {\n            \"@type\": \"Question\",\n            \"name\": \"What are biodegradable plastic plates made from?\",\n            \"acceptedAnswer\": {\n                \"@type\": \"Answer\",\n                \"text\": \"Biodegradable plastic plates are typically made from renewable plant-based materials like PLA (polylactic acid), cornstarch, or other compostable bioplastics. These materials naturally break down under composting conditions, unlike petroleum-based plastics.\"\n            }\n        },\n        {\n            \"@type\": \"Question\",\n            \"name\": \"Can I source biodegradable plastic plates directly from a Chinese factory?\",\n            \"acceptedAnswer\": {\n                \"@type\": \"Answer\",\n                \"text\": \"Yes, many reliable Chinese factories and manufacturers offer direct wholesale of biodegradable plastic plates. Ordering in bulk ensures lower cost per unit and allows for customization, private labeling, and OEM\\\/ODM services.\"\n            }\n        },\n        {\n            \"@type\": \"Question\",\n            \"name\": \"Do biodegradable plates meet global certification standards?\",\n            \"acceptedAnswer\": {\n                \"@type\": \"Answer\",\n                \"text\": \"Reputable suppliers provide biodegradable plastic plates that comply with international standards such as EN13432, ASTM D6400, BPI, and T\\u00dcV OK Compost, ensuring safety, compostability, and food-grade compliance.\"\n            }\n        },\n        {\n            \"@type\": \"Question\",\n            \"name\": \"Are biodegradable plastic plates suitable for hot, cold, and oily foods?\",\n            \"acceptedAnswer\": {\n                \"@type\": \"Answer\",\n                \"text\": \"Yes, high-quality biodegradable plastic plates are heat-resistant, oil-proof, and leak-proof, making them suitable for hot meals, salads, or even greasy foods. Always check product specifications before large-scale ordering.\"\n            }\n        },\n        {\n            \"@type\": \"Question\",\n            \"name\": \"Why should businesses switch to biodegradable plates in bulk?\",\n            \"acceptedAnswer\": {\n                \"@type\": \"Answer\",\n                \"text\": \"Buying biodegradable plates in bulk supports environmental goals, reduces long-term packaging costs, and meets increasing customer demand for sustainable products. It's also a competitive advantage for eco-conscious brands and food service providers.\"\n            }\n        }\n    ]\n}<\/script><\/p>","protected":false},"excerpt":{"rendered":"<p data-start=\"263\" data-end=\"869\">\u00bfQuiere reducir los residuos pl\u00e1sticos sin comprometer el rendimiento? Bioleader <strong data-start=\"341\" data-end=\"373\">Platos de pl\u00e1stico biodegradables<\/strong> est\u00e1n hechos de <strong data-start=\"388\" data-end=\"418\">materiales a base de almid\u00f3n de ma\u00edz<\/strong>ofreciendo una alternativa sostenible y compostable a la vajilla de pl\u00e1stico tradicional. Con sus <strong data-start=\"513\" data-end=\"537\">dise\u00f1o cl\u00e1sico en blanco<\/strong>superficie lisa y alta resistencia al calor, estas placas son ideales para <strong data-start=\"608\" data-end=\"689\">restaurantes, comedores escolares, servicios de comida para llevar, bodas y catering para empresas<\/strong>. Resistentes, a prueba de fugas, aptos para microondas y totalmente biodegradables, son la mejora ecol\u00f3gica perfecta para los servicios de restauraci\u00f3n modernos, disponibles en <strong data-start=\"825\" data-end=\"868\">directamente de f\u00e1brica a precios al por mayor<\/strong>.<\/p>","protected":false},"featured_media":1857,"comment_status":"open","ping_status":"closed","template":"","meta":{"_acf_changed":false},"product_brand":[8971],"product_cat":[8821],"product_tag":[8822,6461,8823,8876,8834,8835],"class_list":{"0":"post-13771","1":"product","2":"type-product","3":"status-publish","4":"has-post-thumbnail","6":"product_brand-bioleader","7":"product_cat-cornstarch-plate","8":"product_tag-biodegradable-plastic-plates","9":"product_tag-biodegradable-plates","10":"product_tag-compostable-plastic-plates","11":"product_tag-cornstarch-plastic-plates","12":"product_tag-disposable-plastic-plates","13":"product_tag-eco-friendly-disposable-plates","15":"first","16":"instock","17":"purchasable","18":"product-type-simple"},"acf":[],"_links":{"self":[{"href":"https:\/\/www.bioleaderpack.com\/es\/wp-json\/wp\/v2\/product\/13771","targetHints":{"allow":["GET"]}}],"collection":[{"href":"https:\/\/www.bioleaderpack.com\/es\/wp-json\/wp\/v2\/product"}],"about":[{"href":"https:\/\/www.bioleaderpack.com\/es\/wp-json\/wp\/v2\/types\/product"}],"replies":[{"embeddable":true,"href":"https:\/\/www.bioleaderpack.com\/es\/wp-json\/wp\/v2\/comments?post=13771"}],"wp:featuredmedia":[{"embeddable":true,"href":"https:\/\/www.bioleaderpack.com\/es\/wp-json\/wp\/v2\/media\/1857"}],"wp:attachment":[{"href":"https:\/\/www.bioleaderpack.com\/es\/wp-json\/wp\/v2\/media?parent=13771"}],"wp:term":[{"taxonomy":"product_brand","embeddable":true,"href":"https:\/\/www.bioleaderpack.com\/es\/wp-json\/wp\/v2\/product_brand?post=13771"},{"taxonomy":"product_cat","embeddable":true,"href":"https:\/\/www.bioleaderpack.com\/es\/wp-json\/wp\/v2\/product_cat?post=13771"},{"taxonomy":"product_tag","embeddable":true,"href":"https:\/\/www.bioleaderpack.com\/es\/wp-json\/wp\/v2\/product_tag?post=13771"}],"curies":[{"name":"wp","href":"https:\/\/api.w.org\/{rel}","templated":true}]}}