{"id":13768,"date":"2024-08-08T11:57:30","date_gmt":"2024-08-08T03:57:30","guid":{"rendered":"https:\/\/www.bioleaderpack.com\/it\/prodotto\/amido-di-mais-piatti-di-amido-di-mais-piatti-di-amido-di-mais\/"},"modified":"2026-04-27T17:20:12","modified_gmt":"2026-04-27T09:20:12","slug":"almidon-de-maiz-placas-de-almidon-de-maiz-placa-de-loza-de-maiz","status":"publish","type":"product","link":"https:\/\/www.bioleaderpack.com\/es\/producto\/almidon-de-maiz-placas-de-almidon-de-maiz-placa-de-loza-de-maiz\/","title":{"rendered":"Platos de almid\u00f3n de ma\u00edz Plato de almid\u00f3n de ma\u00edz"},"content":{"rendered":"<figure id=\"attachment_1857\" aria-describedby=\"caption-attachment-1857\" style=\"width: 1000px\" class=\"wp-caption alignnone\"><img fetchpriority=\"high\" decoding=\"async\" class=\"size-full wp-image-1857\" title=\"Platos de almid\u00f3n de ma\u00edz Plato de almid\u00f3n de ma\u00edz\" src=\"https:\/\/www.bioleaderpack.com\/wp-content\/uploads\/2024\/08\/IMG_9823-\u62f7\u8d1d.jpg\" alt=\"Platos de almid\u00f3n de ma\u00edz Plato de almid\u00f3n de ma\u00edz\" width=\"1000\" height=\"1000\" srcset=\"https:\/\/www.bioleaderpack.com\/wp-content\/uploads\/2024\/08\/IMG_9823-\u62f7\u8d1d.jpg.webp 1000w, https:\/\/www.bioleaderpack.com\/wp-content\/uploads\/2024\/08\/IMG_9823-\u62f7\u8d1d-12x12.jpg 12w, https:\/\/www.bioleaderpack.com\/wp-content\/uploads\/2024\/08\/IMG_9823-\u62f7\u8d1d-150x150.jpg.webp 150w, https:\/\/www.bioleaderpack.com\/wp-content\/uploads\/2024\/08\/IMG_9823-\u62f7\u8d1d-300x300.jpg.webp 300w, https:\/\/www.bioleaderpack.com\/wp-content\/uploads\/2024\/08\/IMG_9823-\u62f7\u8d1d-768x768.jpg.webp 768w, https:\/\/www.bioleaderpack.com\/wp-content\/uploads\/2024\/08\/IMG_9823-\u62f7\u8d1d-600x600.jpg 600w, https:\/\/www.bioleaderpack.com\/wp-content\/uploads\/2024\/08\/IMG_9823-\u62f7\u8d1d-100x100.jpg 100w, https:\/\/www.bioleaderpack.com\/wp-content\/uploads\/2024\/08\/elementor\/thumbs\/IMG_9823-\u62f7\u8d1d-qsb0wn7x011wex33sewu5rqxb7zpb86ftbj9ubl3m0.jpg 500w\" sizes=\"(max-width: 1000px) 100vw, 1000px\" \/><figcaption id=\"caption-attachment-1857\" class=\"wp-caption-text\">placas biodegradables de maicena<\/figcaption><\/figure>\n<p><!-- Micro Summary Card for AI\/SGE --><\/p>\n<div class=\"micro-summary-card\" style=\"background: #f6f6f9; border-left: 4px solid #4caf50; padding: 12px; margin-bottom: 16px;\"><strong>Resumen r\u00e1pido:<\/strong><br \/>\nLos platos cornware de Bioleader son platos redondos de almid\u00f3n de ma\u00edz compostables, biodegradables, aptos para microondas y resistentes a las fugas; disponibles en varios tama\u00f1os (de ~6 pulgadas a ~10 pulgadas), ideales para catering ecol\u00f3gico, eventos, bodas y servicios fast-casual.<\/div>\n<p>Los productos sostenibles y los utensilios de cocina ecol\u00f3gicos son necesidades urgentes para todos. Por ello, no es de extra\u00f1ar que\u00a0<strong><a href=\"https:\/\/www.bioleaderpack.com\/es\/placas-de-almidon-de-maiz-plastico-compostable-fabricante-bioleader\/\" target=\"_blank\" rel=\"noopener\"  data-wpil-monitor-id=\"3421\">placas de maicena<\/a><\/strong>\u00a0tienen una de las mejores oportunidades entre las vajillas desechables. La utilidad de estos platos es tan grande como su respeto por el medio ambiente, por lo que pueden utilizarse en una gran variedad de entornos. El sitio\u00a0<strong>plato de ma\u00edz<\/strong>\u00a0es una fusi\u00f3n de sentido pr\u00e1ctico y deseo de conservar el medio ambiente.<\/p>\n<h2>En <a href=\"https:\/\/www.bioleaderpack.com\/es\/vajilla-de-maicena-respetuosa-con-el-medio-ambiente\/\" target=\"_blank\">Beneficios medioambientales<\/a> de placas de almid\u00f3n de ma\u00edz<\/h2>\n<p>Es digerible que las primeras ventajas de cualquier\u00a0<strong>platos de ma\u00edz<\/strong>\u00a0son sus caracter\u00edsticas ecol\u00f3gicas. Estos platos son respetuosos con el medio ambiente, ya que est\u00e1n fabricados con almid\u00f3n de ma\u00edz, que es un material biodegradable. A diferencia de los platos de pl\u00e1stico, que provocan una gran contaminaci\u00f3n ambiental, estos platos son biodegradables, lo que significa que no dejan residuos t\u00f3xicos nocivos tras su descomposici\u00f3n. El sitio\u00a0<strong>plato de ma\u00edz<\/strong>\u00a0es para las personas a las que les gustar\u00eda comer sano y, sin embargo, no quieren vivir con productos baratos e inc\u00f3modos.<\/p>\n<table style=\"border-collapse: collapse; width: 100%;\">\n<tbody>\n<tr>\n<td style=\"width: 50%;\"><img decoding=\"async\" class=\"size-full wp-image-1858\" title=\"Platos de almid\u00f3n de ma\u00edz Plato de almid\u00f3n de ma\u00edz\" src=\"https:\/\/www.bioleaderpack.com\/wp-content\/uploads\/2024\/08\/IMG_9732.jpg\" alt=\"Platos de almid\u00f3n de ma\u00edz Plato de almid\u00f3n de ma\u00edz\" width=\"1000\" height=\"1000\" srcset=\"https:\/\/www.bioleaderpack.com\/wp-content\/uploads\/2024\/08\/IMG_9732.jpg.webp 1000w, https:\/\/www.bioleaderpack.com\/wp-content\/uploads\/2024\/08\/IMG_9732-12x12.jpg 12w, https:\/\/www.bioleaderpack.com\/wp-content\/uploads\/2024\/08\/IMG_9732-150x150.jpg.webp 150w, https:\/\/www.bioleaderpack.com\/wp-content\/uploads\/2024\/08\/IMG_9732-300x300.jpg.webp 300w, https:\/\/www.bioleaderpack.com\/wp-content\/uploads\/2024\/08\/IMG_9732-768x768.jpg.webp 768w, https:\/\/www.bioleaderpack.com\/wp-content\/uploads\/2024\/08\/IMG_9732-600x600.jpg 600w, https:\/\/www.bioleaderpack.com\/wp-content\/uploads\/2024\/08\/IMG_9732-100x100.jpg 100w\" sizes=\"(max-width: 1000px) 100vw, 1000px\" \/><\/td>\n<td style=\"width: 50%;\"><img decoding=\"async\" class=\"size-full wp-image-1859\" title=\"Platos de almid\u00f3n de ma\u00edz Plato de almid\u00f3n de ma\u00edz\" src=\"https:\/\/www.bioleaderpack.com\/wp-content\/uploads\/2024\/08\/IMG_9733.jpg\" alt=\"Platos de almid\u00f3n de ma\u00edz Plato de almid\u00f3n de ma\u00edz\" width=\"1000\" height=\"1000\" srcset=\"https:\/\/www.bioleaderpack.com\/wp-content\/uploads\/2024\/08\/IMG_9733.jpg.webp 1000w, https:\/\/www.bioleaderpack.com\/wp-content\/uploads\/2024\/08\/IMG_9733-300x300.jpg.webp 300w, https:\/\/www.bioleaderpack.com\/wp-content\/uploads\/2024\/08\/IMG_9733-100x100.jpg 100w, https:\/\/www.bioleaderpack.com\/wp-content\/uploads\/2024\/08\/IMG_9733-600x600.jpg 600w, https:\/\/www.bioleaderpack.com\/wp-content\/uploads\/2024\/08\/IMG_9733-150x150.jpg.webp 150w, https:\/\/www.bioleaderpack.com\/wp-content\/uploads\/2024\/08\/IMG_9733-768x768.jpg.webp 768w\" sizes=\"(max-width: 1000px) 100vw, 1000px\" \/><\/td>\n<\/tr>\n<tr>\n<td style=\"width: 50%;\"><img loading=\"lazy\" decoding=\"async\" class=\"size-full wp-image-1867\" title=\"Platos de almid\u00f3n de ma\u00edz Plato de almid\u00f3n de ma\u00edz\" src=\"https:\/\/www.bioleaderpack.com\/wp-content\/uploads\/2024\/08\/IMG_9742.jpg\" alt=\"Platos de almid\u00f3n de ma\u00edz Plato de almid\u00f3n de ma\u00edz\" width=\"1000\" height=\"1000\" srcset=\"https:\/\/www.bioleaderpack.com\/wp-content\/uploads\/2024\/08\/IMG_9742.jpg.webp 1000w, https:\/\/www.bioleaderpack.com\/wp-content\/uploads\/2024\/08\/IMG_9742-300x300.jpg.webp 300w, https:\/\/www.bioleaderpack.com\/wp-content\/uploads\/2024\/08\/IMG_9742-100x100.jpg 100w, https:\/\/www.bioleaderpack.com\/wp-content\/uploads\/2024\/08\/IMG_9742-600x600.jpg 600w, https:\/\/www.bioleaderpack.com\/wp-content\/uploads\/2024\/08\/IMG_9742-150x150.jpg.webp 150w, https:\/\/www.bioleaderpack.com\/wp-content\/uploads\/2024\/08\/IMG_9742-768x768.jpg.webp 768w\" sizes=\"(max-width: 1000px) 100vw, 1000px\" \/><\/td>\n<td style=\"width: 50%;\"><img loading=\"lazy\" decoding=\"async\" class=\"size-full wp-image-1860\" title=\"Platos de almid\u00f3n de ma\u00edz Plato de almid\u00f3n de ma\u00edz\" src=\"https:\/\/www.bioleaderpack.com\/wp-content\/uploads\/2024\/08\/IMG_9734.jpg\" alt=\"Platos de almid\u00f3n de ma\u00edz Plato de almid\u00f3n de ma\u00edz\" width=\"1000\" height=\"1000\" srcset=\"https:\/\/www.bioleaderpack.com\/wp-content\/uploads\/2024\/08\/IMG_9734.jpg.webp 1000w, https:\/\/www.bioleaderpack.com\/wp-content\/uploads\/2024\/08\/IMG_9734-300x300.jpg.webp 300w, https:\/\/www.bioleaderpack.com\/wp-content\/uploads\/2024\/08\/IMG_9734-100x100.jpg 100w, https:\/\/www.bioleaderpack.com\/wp-content\/uploads\/2024\/08\/IMG_9734-600x600.jpg 600w, https:\/\/www.bioleaderpack.com\/wp-content\/uploads\/2024\/08\/IMG_9734-150x150.jpg.webp 150w, https:\/\/www.bioleaderpack.com\/wp-content\/uploads\/2024\/08\/IMG_9734-768x768.jpg.webp 768w\" sizes=\"(max-width: 1000px) 100vw, 1000px\" \/><\/td>\n<\/tr>\n<\/tbody>\n<\/table>\n<div class=\"adweb-template\">\n<div class=\"adweb-template-43\">\n<div class=\"adweb-flex-jc-sb adweb-text-align-c\">\n<div class=\"adweb-flex-item2 adweb-flex-item\">\n<div class=\"adweb-item-img\"><\/div>\n<\/div>\n<\/div>\n<\/div>\n<\/div>\n<table width=\"700\">\n<tbody>\n<tr>\n<td width=\"97\"><strong>C\u00f3digo del art\u00edculo<\/strong><\/td>\n<td width=\"189\"><strong>Descripci\u00f3n<\/strong><\/td>\n<td width=\"61\"><strong>Peso<\/strong>(g)<\/td>\n<td width=\"102\"><strong>Tama\u00f1o del producto<\/strong>\u00a0 (mm)<\/td>\n<td width=\"60\">PCS\/ PACK<\/td>\n<td width=\"69\">PCS\/ CTNS<\/td>\n<td colspan=\"3\" width=\"122\">Tama\u00f1o de la caja (cm)<\/td>\n<\/tr>\n<tr>\n<td>BGY-0601<\/td>\n<td width=\"189\">Plato de Maizena 6\u2033.<\/td>\n<td>8<\/td>\n<td width=\"102\">\u03c6152<\/td>\n<td width=\"60\">50<\/td>\n<td>2000<\/td>\n<td width=\"40\">63<\/td>\n<td width=\"41\">27.5<\/td>\n<td width=\"41\">32<\/td>\n<\/tr>\n<tr>\n<td>BGY-0701<\/td>\n<td width=\"189\">Plato de Maizena 7\u2033.<\/td>\n<td>10<\/td>\n<td width=\"102\">\u03c6178<\/td>\n<td width=\"60\">50<\/td>\n<td>1000<\/td>\n<td>36.5<\/td>\n<td>23<\/td>\n<td>37.5<\/td>\n<\/tr>\n<tr>\n<td>BGY-0801<\/td>\n<td width=\"189\">Plato de Maizena 8\u2033.<\/td>\n<td>14<\/td>\n<td width=\"102\">\u03c6203<\/td>\n<td width=\"60\">50<\/td>\n<td>1000<\/td>\n<td width=\"40\">44.5<\/td>\n<td width=\"41\">42.5<\/td>\n<td width=\"41\">23<\/td>\n<\/tr>\n<tr>\n<td>BGY-0901<\/td>\n<td width=\"189\">Plato de Maizena 9\u2033.<\/td>\n<td>20<\/td>\n<td width=\"102\">\u03c6228<\/td>\n<td width=\"60\">50<\/td>\n<td>600<\/td>\n<td width=\"40\">48<\/td>\n<td width=\"41\">30<\/td>\n<td width=\"41\">24.5<\/td>\n<\/tr>\n<tr>\n<td>BGY-0903<\/td>\n<td width=\"189\">Plato de maicena 9\u2033 3C<\/td>\n<td>20<\/td>\n<td width=\"102\">\u03c6228<\/td>\n<td width=\"60\">50<\/td>\n<td>600<\/td>\n<td width=\"40\">48<\/td>\n<td width=\"41\">30<\/td>\n<td width=\"41\">24.5<\/td>\n<\/tr>\n<tr>\n<td>BGY-1001<\/td>\n<td width=\"189\">Plato de Maizena 10\u2033.<\/td>\n<td>23<\/td>\n<td width=\"102\">\u03c6254<\/td>\n<td width=\"60\">50<\/td>\n<td>600<\/td>\n<td width=\"40\">52<\/td>\n<td width=\"41\">23.5<\/td>\n<td width=\"41\">27.5<\/td>\n<\/tr>\n<tr>\n<td>BGY-1003<\/td>\n<td width=\"189\">Placa de maicena 10\u2033 3C<\/td>\n<td>23<\/td>\n<td width=\"102\">\u03c6254<\/td>\n<td width=\"60\">50<\/td>\n<td>600<\/td>\n<td width=\"40\">52<\/td>\n<td width=\"41\">23.5<\/td>\n<td width=\"41\">27.5<\/td>\n<\/tr>\n<\/tbody>\n<\/table>\n<h2>Versatilidad de tama\u00f1o y uso<\/h2>\n<p><strong>Placas de maicena<\/strong>\u00a0est\u00e1n disponibles en varios tama\u00f1os, desde 6 pulgadas hasta 10 pulgadas, que se adaptan a las distintas necesidades de los comensales. Correlativamente, si usted est\u00e1 ocupado organizando un gran evento o una peque\u00f1a reuni\u00f3n, hay de hecho un\u00a0<strong>plato de ma\u00edz<\/strong>\u00a0que satisfaga sus necesidades. Estos platos tienen una robustez impresionante que puede soportar tanto alimentos fr\u00edos como calientes haciendo que su comida sea c\u00f3moda.<\/p>\n<h2>Est\u00e9tica y finalidad<\/h2>\n<p>La creaci\u00f3n de\u00a0<strong>placas de maicena<\/strong>\u00a0no s\u00f3lo se limita a su uso, sino que requiere una cierta forma de belleza para ellos. Estos platos son de color blanco natural y quedan bien en cualquier mesa. El\u00a0<strong><a href=\"https:\/\/www.bioleaderpack.com\/es\/placa-de-almidon-de-maiz-corn-ware-china-manufacturer\/\" target=\"_blank\" rel=\"noopener\"  data-wpil-monitor-id=\"3426\">plato de loza de ma\u00edz<\/a><\/strong>\u00a0hace que uno luzca elegante en cualquier comida y es \u00fatil en ocasiones informales o formales. Sus propiedades las hacen resistentes al agrietamiento y la rotura, por lo que son una opci\u00f3n plausible para sus necesidades culinarias.<\/p>\n<h2>Beneficios para la salud y la seguridad<\/h2>\n<p><strong>Placas de maicena<\/strong> no s\u00f3lo tienen un impacto medioambiental, sino que tambi\u00e9n son seguras para usted y los suyos. La mayor\u00eda de <a href=\"https:\/\/www.bioleaderpack.com\/es\/platos-de-plastico-desechables-ecologicos-compostables-fabricante-bioleader\/\" target=\"_blank\" rel=\"noopener\"  data-wpil-monitor-id=\"3438\">platos de pl\u00e1stico desechables<\/a> se fabrican con materiales t\u00f3xicos como el bisfenol A (BPA) y los ftalatos, que se sabe que se filtran en los alimentos y bebidas cuando se calientan los platos y con el paso del tiempo. Estas sustancias qu\u00edmicas se han estudiado desde hace tiempo como factores nocivos para la salud, sobre todo por causar desequilibrios hormonales y distintos tipos de c\u00e1ncer.<\/p>\n<p>Por ejemplo, <strong>placas de almid\u00f3n de ma\u00edz<\/strong> no presentan estos riesgos. Los recipientes aptos para microondas tambi\u00e9n son lo bastante resistentes para soportar temperaturas elevadas. No importa especialmente si utiliza los platos para calentar restos de comida o para servir platos calientes. Con la vajilla de ma\u00edz, puede disfrutar sirviendo y comiendo sin preocuparse de que sus platos de mesa desarrollen enfermedades nocivas de las gl\u00e1ndulas olfativas y gases cancer\u00edgenos.<\/p>\n<h2>Compromiso de calidad<\/h2>\n<p>Como reputado\u00a0<strong>F\u00e1brica y fabricante chinos<\/strong>Somos uno de los principales fabricantes de productos de calidad.\u00a0<strong>platos de cornware<\/strong>. Estas placas se fabrican y aprecian con est\u00e1ndares de alta calidad, seguros, inteligentes y, lo que es m\u00e1s importante, ecol\u00f3gicos. Nuestra\u00a0<strong>platos de ma\u00edz<\/strong>\u00a0son para la venta al por mayor, lo que permite a las empresas encargar vajillas a precios razonables y respetuosas con el medio ambiente para satisfacer el creciente deseo de los clientes de productos ecol\u00f3gicos.<\/p>\n<figure id=\"attachment_1861\" aria-describedby=\"caption-attachment-1861\" style=\"width: 1000px\" class=\"wp-caption alignnone\"><img loading=\"lazy\" decoding=\"async\" class=\"size-full wp-image-1861\" title=\"Platos de almid\u00f3n de ma\u00edz Plato de almid\u00f3n de ma\u00edz\" src=\"https:\/\/www.bioleaderpack.com\/wp-content\/uploads\/2024\/08\/IMG_9824.jpg\" alt=\"Platos de almid\u00f3n de ma\u00edz Plato de almid\u00f3n de ma\u00edz\" width=\"1000\" height=\"1000\" srcset=\"https:\/\/www.bioleaderpack.com\/wp-content\/uploads\/2024\/08\/IMG_9824.jpg.webp 1000w, https:\/\/www.bioleaderpack.com\/wp-content\/uploads\/2024\/08\/IMG_9824-300x300.jpg.webp 300w, https:\/\/www.bioleaderpack.com\/wp-content\/uploads\/2024\/08\/IMG_9824-100x100.jpg 100w, https:\/\/www.bioleaderpack.com\/wp-content\/uploads\/2024\/08\/IMG_9824-600x600.jpg 600w, https:\/\/www.bioleaderpack.com\/wp-content\/uploads\/2024\/08\/IMG_9824-150x150.jpg.webp 150w, https:\/\/www.bioleaderpack.com\/wp-content\/uploads\/2024\/08\/IMG_9824-768x768.jpg.webp 768w\" sizes=\"(max-width: 1000px) 100vw, 1000px\" \/><figcaption id=\"caption-attachment-1861\" class=\"wp-caption-text\">Platos de maicena<\/figcaption><\/figure>\n<h2>Conclusi\u00f3n<\/h2>\n<p><strong>Placas de maicena<\/strong>\u00a0tienen un gran mercado sin explotar en vajillas desechables. Combinan eficacia, atractivo y cuidado del medio ambiente. El sitio\u00a0<strong>plato de ma\u00edz<\/strong>\u00a0no es s\u00f3lo un plato, sino un compromiso con un ma\u00f1ana mejor. Aqu\u00ed, en el\u00a0<strong>F\u00e1brica y fabricante chinos<\/strong>nos complace vender estas placas a precios al por mayor. Bueno para el negocio y bueno para los consumidores, y el mundo.<\/p>\n<h2 data-start=\"0\" data-end=\"23\">FAQ\uff08La gente tambi\u00e9n pregunta\uff09<\/h2>\n<h4 data-start=\"25\" data-end=\"88\">1' \u00bfPara qu\u00e9 se suele utilizar un plato de maicena de 15 cm?<\/h4>\n<p data-start=\"89\" data-end=\"244\">Un plato de maicena de 15 cm es ideal para servir guarniciones, aperitivos, postres o raciones de aperitivo en fiestas, cafeter\u00edas y eventos de restauraci\u00f3n ecol\u00f3gicos.<\/p>\n<h4 data-start=\"246\" data-end=\"315\">2' \u00bfSon biodegradables y compostables los platos de almid\u00f3n de ma\u00edz de 15 cm?<\/h4>\n<p data-start=\"316\" data-end=\"482\">S\u00ed. Estos platos est\u00e1n fabricados con almid\u00f3n de ma\u00edz natural y son 100% biodegradables y compostables en condiciones de compostaje industrial, descomponi\u00e9ndose en 90-180 d\u00edas.<\/p>\n<h4 data-start=\"484\" data-end=\"544\">3' \u00bfPuede un plato de maicena soportar comida caliente y grasienta?<\/h4>\n<p data-start=\"545\" data-end=\"693\">Absolutamente. A pesar de su material ecol\u00f3gico, el plato de maicena de 15 cm es robusto, resistente al aceite y apto para alimentos calientes o fritos.<\/p>\n<h4 data-start=\"695\" data-end=\"751\">4' \u00bfEl plato de maicena de 15 cm es apto para microondas?<\/h4>\n<p data-start=\"752\" data-end=\"904\">Algunos platos de maicena de 15 cm son aptos para el microondas para recalentarlos a corto plazo. Sin embargo, lo mejor es consultar las directrices del fabricante sobre la tolerancia al calor.<\/p>\n<h4 data-start=\"906\" data-end=\"979\">5' \u00bfD\u00f3nde puedo comprar platos biodegradables de maicena de 15 cm a granel?<\/h4>\n<p data-start=\"980\" data-end=\"1137\" data-is-last-node=\"\" data-is-only-node=\"\">Puede adquirirlos a fabricantes de envases ecol\u00f3gicos o a mayoristas que ofrecen vajillas compostables para restaurantes, caterings y eventos.<\/p>\n<h2>Platos Cornware ~6-10 pulgadas: Vajilla compostable y a prueba de fugas para la restauraci\u00f3n sostenible<\/h2>\n<div class=\"semantic-insight-block\" style=\"background: #f6f6f9; border-left: 4px solid #2196f3; padding: 16px; margin-bottom: 24px;\">\n<p>Los platos cornware de Bioleader se moldean a partir de biopl\u00e1stico biodegradable a base de almid\u00f3n de ma\u00edz, ofreciendo una vajilla totalmente compostable y sin pl\u00e1sticos, compatible con microondas y resistente a las fugas de grasa y l\u00edquidos.<\/p>\n<p>Disponibles en una gama de tama\u00f1os redondos -de aproximadamente 6 a 10 pulgadas-, estos platos son adecuados para aperitivos, entrantes, postres y servicios tipo buf\u00e9. Su dise\u00f1o ligero y apilable mejora la eficiencia de los servicios de catering, organizaci\u00f3n de eventos y restauraci\u00f3n sostenible.<\/p>\n<p>En respuesta al endurecimiento de la normativa sobre pl\u00e1sticos de un solo uso, como la Directiva de la UE sobre pl\u00e1sticos de un solo uso, estos platos compostables ofrecen una alternativa escalable y que cumple la normativa. La personalizaci\u00f3n OEM\/ODM y el envasado a granel permiten posicionar marcas ecol\u00f3gicas y ofrecer soluciones de suministro a minoristas.<\/p>\n<div style=\"margin-top: 12px;\"><strong>Palabras clave:<\/strong> cornware platos 6 pulgadas, 7 pulgadas, 9 pulgadas, 10 pulgadas vajilla compostable, platos biodegradables almid\u00f3n, microondas platos de almid\u00f3n, a prueba de fugas catering vajilla, platos evento sostenible<\/div>\n<\/div>\n<p><script type=\"application\/ld+json\">{\n    \"@context\": \"https:\\\/\\\/schema.org\",\n    \"@type\": \"FAQPage\",\n    \"mainEntity\": [\n        {\n            \"@type\": \"Question\",\n            \"name\": \"What is a 6-inch cornstarch plate typically used for?\",\n            \"acceptedAnswer\": {\n                \"@type\": \"Answer\",\n                \"text\": \"A 6-inch cornstarch plate is ideal for serving side dishes, snacks, desserts, or appetizer portions at parties, caf\\u00e9s, and eco-friendly foodservice events.\"\n            }\n        },\n        {\n            \"@type\": \"Question\",\n            \"name\": \"Are 6-inch cornstarch plates biodegradable and compostable?\",\n            \"acceptedAnswer\": {\n                \"@type\": \"Answer\",\n                \"text\": \"Yes. These plates are made from natural corn starch and are 100% biodegradable and compostable under industrial composting conditions, decomposing within 90\\u2013180 days.\"\n            }\n        },\n        {\n            \"@type\": \"Question\",\n            \"name\": \"Can a cornstarch plate handle hot and greasy food?\",\n            \"acceptedAnswer\": {\n                \"@type\": \"Answer\",\n                \"text\": \"Absolutely. Despite its eco-friendly material, the 6-inch cornstarch plate is sturdy, oil-resistant, and heat-safe\\u2014suitable for warm or fried foods.\"\n            }\n        },\n        {\n            \"@type\": \"Question\",\n            \"name\": \"Is the 6-inch cornstarch plate microwave-safe?\",\n            \"acceptedAnswer\": {\n                \"@type\": \"Answer\",\n                \"text\": \"Some 6-inch cornstarch plates are microwave-safe for short-term reheating. However, it\\u2019s best to check the manufacturer's guidelines for heat tolerance.\"\n            }\n        },\n        {\n            \"@type\": \"Question\",\n            \"name\": \"Where can I buy 6-inch biodegradable cornstarch plates in bulk?\",\n            \"acceptedAnswer\": {\n                \"@type\": \"Answer\",\n                \"text\": \"You can purchase them from eco-friendly packaging manufacturers or wholesalers offering compostable tableware products for restaurants, catering, and events.\"\n            }\n        }\n    ]\n}<\/script><\/p>","protected":false},"excerpt":{"rendered":"<p data-start=\"298\" data-end=\"899\">La comida respetuosa con el medio ambiente empieza en el plato. Bioleader <strong data-start=\"355\" data-end=\"386\">Platos de Ma\u00edz Almid\u00f3n de Ma\u00edz<\/strong> est\u00e1n hechos de almid\u00f3n natural a base de ma\u00edz, ofreciendo un <strong data-start=\"439\" data-end=\"461\">100% biodegradable<\/strong> y <strong data-start=\"466\" data-end=\"481\">compostable<\/strong> soluci\u00f3n para el servicio alimentario diario. Estos <strong data-start=\"524\" data-end=\"554\">platos blancos redondos y resistentes<\/strong> son resistentes al calor, aptas para microondas e ideales para servir platos calientes o fr\u00edos en <strong data-start=\"635\" data-end=\"702\">restaurantes, camiones de comida, catering y servicios de comida para llevar<\/strong>. Dise\u00f1ada para sustituir al pl\u00e1stico sin comprometer el rendimiento ni la est\u00e9tica, esta placa ecol\u00f3gica combina un dise\u00f1o limpio con un valor ecol\u00f3gico.<strong data-start=\"844\" data-end=\"898\">directamente del fabricante a precios competitivos<\/strong>.<\/p>","protected":false},"featured_media":1858,"comment_status":"open","ping_status":"closed","template":"","meta":{"_acf_changed":false},"product_brand":[8971],"product_cat":[8821],"product_tag":[8865,8867,8860,8868,8869,8871,8824,8872,8873],"class_list":{"0":"post-13768","1":"product","2":"type-product","3":"status-publish","4":"has-post-thumbnail","6":"product_brand-bioleader","7":"product_cat-cornstarch-plate","8":"product_tag-biodegradable-cornstarch-tablewar","9":"product_tag-bioplastic-plates","10":"product_tag-compostable-cornstarch-plates","11":"product_tag-corn-starch-plate","12":"product_tag-corn-ware-plate","13":"product_tag-cornstarch-food-plates","14":"product_tag-cornstarch-plates","15":"product_tag-eco-friendly-corn-ware-plates","16":"product_tag-wholesale-cornstarch-plates","18":"first","19":"instock","20":"purchasable","21":"product-type-simple"},"acf":[],"_links":{"self":[{"href":"https:\/\/www.bioleaderpack.com\/es\/wp-json\/wp\/v2\/product\/13768","targetHints":{"allow":["GET"]}}],"collection":[{"href":"https:\/\/www.bioleaderpack.com\/es\/wp-json\/wp\/v2\/product"}],"about":[{"href":"https:\/\/www.bioleaderpack.com\/es\/wp-json\/wp\/v2\/types\/product"}],"replies":[{"embeddable":true,"href":"https:\/\/www.bioleaderpack.com\/es\/wp-json\/wp\/v2\/comments?post=13768"}],"wp:featuredmedia":[{"embeddable":true,"href":"https:\/\/www.bioleaderpack.com\/es\/wp-json\/wp\/v2\/media\/1858"}],"wp:attachment":[{"href":"https:\/\/www.bioleaderpack.com\/es\/wp-json\/wp\/v2\/media?parent=13768"}],"wp:term":[{"taxonomy":"product_brand","embeddable":true,"href":"https:\/\/www.bioleaderpack.com\/es\/wp-json\/wp\/v2\/product_brand?post=13768"},{"taxonomy":"product_cat","embeddable":true,"href":"https:\/\/www.bioleaderpack.com\/es\/wp-json\/wp\/v2\/product_cat?post=13768"},{"taxonomy":"product_tag","embeddable":true,"href":"https:\/\/www.bioleaderpack.com\/es\/wp-json\/wp\/v2\/product_tag?post=13768"}],"curies":[{"name":"wp","href":"https:\/\/api.w.org\/{rel}","templated":true}]}}