{"id":13763,"date":"2024-08-08T13:53:12","date_gmt":"2024-08-08T05:53:12","guid":{"rendered":"https:\/\/www.bioleaderpack.com\/de\/produkt\/disposable-plastic-plates-china-factory-bulk-wholesale\/"},"modified":"2026-04-27T17:17:27","modified_gmt":"2026-04-27T09:17:27","slug":"platos-de-plastico-desechables-fabrica-china-al-por-mayor","status":"publish","type":"product","link":"https:\/\/www.bioleaderpack.com\/es\/producto\/platos-de-plastico-desechables-fabrica-china-al-por-mayor\/","title":{"rendered":"Platos de pl\u00e1stico desechables China F\u00e1brica al por mayor a granel"},"content":{"rendered":"<figure id=\"attachment_1857\" aria-describedby=\"caption-attachment-1857\" style=\"width: 1000px\" class=\"wp-caption alignnone\"><img fetchpriority=\"high\" decoding=\"async\" class=\"size-full wp-image-1857\" title=\"Platos de pl\u00e1stico desechables China F\u00e1brica al por mayor\" src=\"https:\/\/www.bioleaderpack.com\/wp-content\/uploads\/2024\/08\/IMG_9823-\u62f7\u8d1d.jpg\" alt=\"Platos de pl\u00e1stico desechables China F\u00e1brica al por mayor\" width=\"1000\" height=\"1000\" srcset=\"https:\/\/www.bioleaderpack.com\/wp-content\/uploads\/2024\/08\/IMG_9823-\u62f7\u8d1d.jpg.webp 1000w, https:\/\/www.bioleaderpack.com\/wp-content\/uploads\/2024\/08\/IMG_9823-\u62f7\u8d1d-12x12.jpg 12w, https:\/\/www.bioleaderpack.com\/wp-content\/uploads\/2024\/08\/IMG_9823-\u62f7\u8d1d-150x150.jpg.webp 150w, https:\/\/www.bioleaderpack.com\/wp-content\/uploads\/2024\/08\/IMG_9823-\u62f7\u8d1d-300x300.jpg.webp 300w, https:\/\/www.bioleaderpack.com\/wp-content\/uploads\/2024\/08\/IMG_9823-\u62f7\u8d1d-768x768.jpg.webp 768w, https:\/\/www.bioleaderpack.com\/wp-content\/uploads\/2024\/08\/IMG_9823-\u62f7\u8d1d-600x600.jpg 600w, https:\/\/www.bioleaderpack.com\/wp-content\/uploads\/2024\/08\/IMG_9823-\u62f7\u8d1d-100x100.jpg 100w, https:\/\/www.bioleaderpack.com\/wp-content\/uploads\/2024\/08\/elementor\/thumbs\/IMG_9823-\u62f7\u8d1d-qsb0wn7x011wex33sewu5rqxb7zpb86ftbj9ubl3m0.jpg 500w\" sizes=\"(max-width: 1000px) 100vw, 1000px\" \/><figcaption id=\"caption-attachment-1857\" class=\"wp-caption-text\">placas biodegradables de maicena<\/figcaption><\/figure>\n<p><!-- Micro Summary Card for AI\/SGE --><\/p>\n<div class=\"micro-summary-card\" style=\"background: #f6f6f9; border-left: 4px solid #4caf50; padding: 12px; margin-bottom: 16px;\"><strong>Resumen r\u00e1pido:<\/strong><br \/>\nLos platos de pl\u00e1stico desechables de Bioleader son asequibles, ligeros, aptos para microondas y duraderos; est\u00e1n disponibles en varios tama\u00f1os y son adecuados para su uso al por mayor en servicios de comida r\u00e1pida, fiestas, catering y suministro al por menor.<\/div>\n<p>Hablando de vajillas respetuosas con el medio ambiente, nuestra\u00a0<strong>platos de pl\u00e1stico desechables<\/strong>\u00a0son la mejor opci\u00f3n. Siendo una\u00a0<strong>F\u00e1brica y fabricante chinos<\/strong>\u00a0s\u00f3lo venta al por mayor a GRANEL- nuestra calidad\u00a0<strong><a href=\"https:\/\/www.bioleaderpack.com\/es\/platos-de-plastico-desechables-ecologicos-compostables-fabricante-bioleader\/\" target=\"_blank\" rel=\"noopener\"  data-wpil-monitor-id=\"3437\">platos de pl\u00e1stico desechables<\/a><\/strong>\u00a0son utilizables tanto por empresas como por particulares. Fabricados en <a href=\"https:\/\/www.bioleaderpack.com\/es\/vajilla-de-maicena-respetuosa-con-el-medio-ambiente\/\" target=\"_blank\">materiales de maicena<\/a>Estos\u00a0<strong>platos desechables<\/strong>\u00a0tambi\u00e9n son muy c\u00f3modos, ya que se usan y se tiran, pero no contaminan el planeta, ya que satisfacen las necesidades de las personas respetuosas con el medio ambiente.<\/p>\n<h2>\u00bfEn qu\u00e9 le beneficia utilizar platos de pl\u00e1stico desechables?<\/h2>\n<p>Todos nuestros\u00a0<strong>platos de pl\u00e1stico desechables<\/strong>\u00a0est\u00e1n hechos para ser funcionales y, al mismo tiempo, ayudar a proteger el medio ambiente. En el caso de los platos de pl\u00e1stico que se utilizan habitualmente, estos platos contaminantes se fabrican con almid\u00f3n de ma\u00edz, que es una materia prima renovable y no contaminante.\u00a0<strong>biodegradable<\/strong>\u00a0recurso. Esto implica que, tras su uso, los platos se degradan, reduciendo as\u00ed la cantidad de residuos disponibles en los vertederos y el agotamiento del medio ambiente. Son muy adecuados para funciones, celebraciones y cualquier otra ocasi\u00f3n en la que prime la facilidad.<\/p>\n<table width=\"700\">\n<tbody>\n<tr>\n<td width=\"97\"><strong>C\u00f3digo del art\u00edculo<\/strong><\/td>\n<td width=\"189\"><strong>Descripci\u00f3n<\/strong><\/td>\n<td width=\"61\"><strong>Peso<\/strong>(g)<\/td>\n<td width=\"102\"><strong>Tama\u00f1o del producto<\/strong>\u00a0 (mm)<\/td>\n<td width=\"60\">PCS\/ PACK<\/td>\n<td width=\"69\">PCS\/ CTNS<\/td>\n<td colspan=\"3\" width=\"122\">Tama\u00f1o de la caja (cm)<\/td>\n<\/tr>\n<tr>\n<td>BGY-0601<\/td>\n<td width=\"189\">Plato de Maizena 6\u2033.<\/td>\n<td>8<\/td>\n<td width=\"102\">\u03c6152<\/td>\n<td width=\"60\">50<\/td>\n<td>2000<\/td>\n<td width=\"40\">63<\/td>\n<td width=\"41\">27.5<\/td>\n<td width=\"41\">32<\/td>\n<\/tr>\n<tr>\n<td>BGY-0701<\/td>\n<td width=\"189\">Plato de Maizena 7\u2033.<\/td>\n<td>10<\/td>\n<td width=\"102\">\u03c6178<\/td>\n<td width=\"60\">50<\/td>\n<td>1000<\/td>\n<td>36.5<\/td>\n<td>23<\/td>\n<td>37.5<\/td>\n<\/tr>\n<tr>\n<td>BGY-0801<\/td>\n<td width=\"189\">Plato de Maizena 8\u2033.<\/td>\n<td>14<\/td>\n<td width=\"102\">\u03c6203<\/td>\n<td width=\"60\">50<\/td>\n<td>1000<\/td>\n<td width=\"40\">44.5<\/td>\n<td width=\"41\">42.5<\/td>\n<td width=\"41\">23<\/td>\n<\/tr>\n<tr>\n<td>BGY-0901<\/td>\n<td width=\"189\">Plato de Maizena 9\u2033.<\/td>\n<td>20<\/td>\n<td width=\"102\">\u03c6228<\/td>\n<td width=\"60\">50<\/td>\n<td>600<\/td>\n<td width=\"40\">48<\/td>\n<td width=\"41\">30<\/td>\n<td width=\"41\">24.5<\/td>\n<\/tr>\n<tr>\n<td>BGY-0903<\/td>\n<td width=\"189\">Plato de maicena 9\u2033 3C<\/td>\n<td>20<\/td>\n<td width=\"102\">\u03c6228<\/td>\n<td width=\"60\">50<\/td>\n<td>600<\/td>\n<td width=\"40\">48<\/td>\n<td width=\"41\">30<\/td>\n<td width=\"41\">24.5<\/td>\n<\/tr>\n<tr>\n<td>BGY-1001<\/td>\n<td width=\"189\">Plato de Maizena 10\u2033.<\/td>\n<td>23<\/td>\n<td width=\"102\">\u03c6254<\/td>\n<td width=\"60\">50<\/td>\n<td>600<\/td>\n<td width=\"40\">52<\/td>\n<td width=\"41\">23.5<\/td>\n<td width=\"41\">27.5<\/td>\n<\/tr>\n<tr>\n<td>BGY-1003<\/td>\n<td width=\"189\">Placa de maicena 10\u2033 3C<\/td>\n<td>23<\/td>\n<td width=\"102\">\u03c6254<\/td>\n<td width=\"60\">50<\/td>\n<td>600<\/td>\n<td width=\"40\">52<\/td>\n<td width=\"41\">23.5<\/td>\n<td width=\"41\">27.5<\/td>\n<\/tr>\n<\/tbody>\n<\/table>\n<div class=\"adweb-template\">\n<div class=\"adweb-template-43\">\n<div class=\"adweb-flex-jc-sb adweb-text-align-c\">\n<div class=\"adweb-flex-item2 adweb-flex-item\">\n<div class=\"adweb-item-img\"><\/div>\n<\/div>\n<\/div>\n<\/div>\n<\/div>\n<figure id=\"attachment_1886\" aria-describedby=\"caption-attachment-1886\" style=\"width: 1000px\" class=\"wp-caption alignnone\"><img decoding=\"async\" class=\"size-full wp-image-1886\" title=\"Platos de pl\u00e1stico desechables China F\u00e1brica al por mayor\" src=\"https:\/\/www.bioleaderpack.com\/wp-content\/uploads\/2024\/08\/IMG_9796.jpg\" alt=\"Platos de pl\u00e1stico desechables China F\u00e1brica al por mayor\" width=\"1000\" height=\"1000\" srcset=\"https:\/\/www.bioleaderpack.com\/wp-content\/uploads\/2024\/08\/IMG_9796.jpg.webp 1000w, https:\/\/www.bioleaderpack.com\/wp-content\/uploads\/2024\/08\/IMG_9796-12x12.jpg 12w, https:\/\/www.bioleaderpack.com\/wp-content\/uploads\/2024\/08\/IMG_9796-150x150.jpg.webp 150w, https:\/\/www.bioleaderpack.com\/wp-content\/uploads\/2024\/08\/IMG_9796-300x300.jpg.webp 300w, https:\/\/www.bioleaderpack.com\/wp-content\/uploads\/2024\/08\/IMG_9796-768x768.jpg.webp 768w, https:\/\/www.bioleaderpack.com\/wp-content\/uploads\/2024\/08\/IMG_9796-600x600.jpg 600w, https:\/\/www.bioleaderpack.com\/wp-content\/uploads\/2024\/08\/IMG_9796-100x100.jpg 100w\" sizes=\"(max-width: 1000px) 100vw, 1000px\" \/><figcaption id=\"caption-attachment-1886\" class=\"wp-caption-text\">platos de pl\u00e1stico desechables<\/figcaption><\/figure>\n<table style=\"border-collapse: collapse; width: 100%;\">\n<tbody>\n<tr>\n<td style=\"width: 50%;\"><img decoding=\"async\" class=\"size-full wp-image-1887\" title=\"Platos de pl\u00e1stico desechables China F\u00e1brica al por mayor\" src=\"https:\/\/www.bioleaderpack.com\/wp-content\/uploads\/2024\/08\/IMG_9797.jpg\" alt=\"Platos de pl\u00e1stico desechables China F\u00e1brica al por mayor\" width=\"1000\" height=\"1000\" srcset=\"https:\/\/www.bioleaderpack.com\/wp-content\/uploads\/2024\/08\/IMG_9797.jpg.webp 1000w, https:\/\/www.bioleaderpack.com\/wp-content\/uploads\/2024\/08\/IMG_9797-300x300.jpg.webp 300w, https:\/\/www.bioleaderpack.com\/wp-content\/uploads\/2024\/08\/IMG_9797-100x100.jpg 100w, https:\/\/www.bioleaderpack.com\/wp-content\/uploads\/2024\/08\/IMG_9797-600x600.jpg 600w, https:\/\/www.bioleaderpack.com\/wp-content\/uploads\/2024\/08\/IMG_9797-150x150.jpg.webp 150w, https:\/\/www.bioleaderpack.com\/wp-content\/uploads\/2024\/08\/IMG_9797-768x768.jpg.webp 768w\" sizes=\"(max-width: 1000px) 100vw, 1000px\" \/><\/td>\n<td style=\"width: 50%;\"><img loading=\"lazy\" decoding=\"async\" class=\"size-full wp-image-1888\" title=\"Platos de pl\u00e1stico desechables China F\u00e1brica al por mayor\" src=\"https:\/\/www.bioleaderpack.com\/wp-content\/uploads\/2024\/08\/IMG_9804.jpg\" alt=\"Platos de pl\u00e1stico desechables China F\u00e1brica al por mayor\" width=\"1000\" height=\"1000\" srcset=\"https:\/\/www.bioleaderpack.com\/wp-content\/uploads\/2024\/08\/IMG_9804.jpg.webp 1000w, https:\/\/www.bioleaderpack.com\/wp-content\/uploads\/2024\/08\/IMG_9804-300x300.jpg.webp 300w, https:\/\/www.bioleaderpack.com\/wp-content\/uploads\/2024\/08\/IMG_9804-100x100.jpg 100w, https:\/\/www.bioleaderpack.com\/wp-content\/uploads\/2024\/08\/IMG_9804-600x600.jpg 600w, https:\/\/www.bioleaderpack.com\/wp-content\/uploads\/2024\/08\/IMG_9804-150x150.jpg.webp 150w, https:\/\/www.bioleaderpack.com\/wp-content\/uploads\/2024\/08\/IMG_9804-768x768.jpg.webp 768w\" sizes=\"(max-width: 1000px) 100vw, 1000px\" \/><\/td>\n<\/tr>\n<\/tbody>\n<\/table>\n<div class=\"adweb-template\">\n<div class=\"adweb-template-43\">\n<div class=\"adweb-flex-jc-sb adweb-text-align-c\">\n<div class=\"adweb-flex-item2 adweb-flex-item\">\n<div class=\"adweb-item-img\"><\/div>\n<\/div>\n<\/div>\n<\/div>\n<\/div>\n<h2>La durabilidad y versatilidad de ensue\u00f1o en el uso del pl\u00e1stico <a href=\"https:\/\/www.bioleaderpack.com\/es\/categoria-de-productos\/placa-de-maicena\/\" target=\"_blank\">Platos desechables<\/a><\/h2>\n<p>Les va a permitir resistir muchos factores, esa es una de las caracter\u00edsticas de nuestra\u00a0<strong>platos de pl\u00e1stico desechables<\/strong>. A pesar de estar fabricados con una sustancia biodegradable, los platos son muy rigurosos y caben todo tipo de comidas, desde entrantes hasta platos principales. Estos\u00a0<strong>platos desechables<\/strong>\u00a0de 6 a 10 pulgadas, lo que significa que se adaptan a cualquier situaci\u00f3n. Ya sea para el cumplea\u00f1os de un ni\u00f1o, una boda o simplemente un c\u00f3ctel, los platos siguen siendo \u00fatiles sin escatimar en calidad.<\/p>\n<h2>Caracter\u00edsticas ecol\u00f3gicas y compostables<\/h2>\n<p>Adem\u00e1s de ser funcional, cabe destacar que nuestro\u00a0<strong>platos de pl\u00e1stico desechables<\/strong>\u00a0est\u00e1n hechos con m\u00e1s conciencia. Est\u00e1n hechos de almid\u00f3n de ma\u00edz y estos platos est\u00e1n destinados a descomponerse, por lo que ser\u00e1n ecol\u00f3gicos y no dejar\u00e1n contaminaci\u00f3n. Como\u00a0<a href=\"https:\/\/www.bioleaderpack.com\/es\/vajilla-de-maicena-respetuosa-con-el-medio-ambiente\/\" target=\"_blank\"><strong>ecol\u00f3gico<\/strong>\u00a0y\u00a0<strong>compostable<\/strong>\u00a0<\/a>art\u00edculos, los productos mencionados satisfacen las necesidades de los clientes del conjunto de vajilla desechable. Con el uso de estos platos, disfrutar\u00e1 de la comodidad de los productos desechables al tiempo que reduce su huella de carbono.<\/p>\n<h2>Oportunidades de compra al por mayor a fabricantes chinos<\/h2>\n<p>Ser un\u00a0<strong>F\u00e1brica y fabricante chino<\/strong>exportamos\u00a0<strong>platos de pl\u00e1stico desechables<\/strong>\u00a0en compras al por mayor a precios baratos. Esto permite a las empresas encargar vajillas duraderas, bonitas y reutilizables a un precio razonable. Puede estar seguro de que su compra merece la pena, ya que nuestra empresa mantiene la calidad y promete sostenibilidad. Ya se trate de una empresa de catering, de un restaurante o de un gran n\u00famero de fiestas, puede conseguir la tan ansiada salida econ\u00f3mica con nuestra nueva\u00a0<strong>platos de pl\u00e1stico desechables.<\/strong><\/p>\n<figure id=\"attachment_1861\" aria-describedby=\"caption-attachment-1861\" style=\"width: 1000px\" class=\"wp-caption alignnone\"><img loading=\"lazy\" decoding=\"async\" class=\"wp-image-1861 size-full\" style=\"font-size: 14px;\" title=\"Platos de pl\u00e1stico desechables China F\u00e1brica al por mayor\" src=\"https:\/\/www.bioleaderpack.com\/wp-content\/uploads\/2024\/08\/IMG_9824.jpg\" alt=\"Platos de pl\u00e1stico desechables China F\u00e1brica al por mayor\" width=\"1000\" height=\"1000\" srcset=\"https:\/\/www.bioleaderpack.com\/wp-content\/uploads\/2024\/08\/IMG_9824.jpg.webp 1000w, https:\/\/www.bioleaderpack.com\/wp-content\/uploads\/2024\/08\/IMG_9824-300x300.jpg.webp 300w, https:\/\/www.bioleaderpack.com\/wp-content\/uploads\/2024\/08\/IMG_9824-100x100.jpg 100w, https:\/\/www.bioleaderpack.com\/wp-content\/uploads\/2024\/08\/IMG_9824-600x600.jpg 600w, https:\/\/www.bioleaderpack.com\/wp-content\/uploads\/2024\/08\/IMG_9824-150x150.jpg.webp 150w, https:\/\/www.bioleaderpack.com\/wp-content\/uploads\/2024\/08\/IMG_9824-768x768.jpg.webp 768w\" sizes=\"(max-width: 1000px) 100vw, 1000px\" \/><figcaption id=\"caption-attachment-1861\" class=\"wp-caption-text\">Platos de maicena<\/figcaption><\/figure>\n<h2>Adecuado para todas las ocasiones<\/h2>\n<p>Aunque la mayor\u00eda de la gente piensa que nuestros platos de cena desechables est\u00e1n pensados \u00fanicamente para la cena familiar, estos platos son vers\u00e1tiles y pueden utilizarse en una gran variedad de entornos y ocasiones, como bodas, fiestas y otros eventos corporativos u oficiales. Pueden utilizarse en ocasiones formales e informales gracias a su elegante dise\u00f1o y naturaleza. Adem\u00e1s, estos platos son compostables, sirven para todo tipo de ocasiones y presentan valores ecol\u00f3gicos. Esto los hace ideales para cualquier tipo de acto en el que desee que sus invitados estimen la dignidad y, al mismo tiempo, sean ecol\u00f3gicos.<\/p>\n<h2>Conclusiones: Consumidores respetuosos con el medio ambiente<\/h2>\n<p>En nuestra opini\u00f3n, <strong>platos de pl\u00e1stico desechables<\/strong>\u00a0son los que el futuro se inclina a utilizar si se quiere abrazar la idea de la restauraci\u00f3n sostenible. Con respecto a\u00a0<strong>platos de pl\u00e1stico desechables<\/strong>Estos son\u00a0<strong>placas componibles<\/strong>\u00a0que son fuertes y por lo tanto, adecuado para las personas que desean ahorrar algo de tiempo y la gran necesidad de este tipo de placas. Estas placas est\u00e1n disponibles a precios al por mayor directamente de un\u00a0<strong>F\u00e1brica y fabricante chinos<\/strong>por lo que son ideales para cualquier mercado o persona que quiera hacer un esfuerzo para mitigar el cambio clim\u00e1tico. En cualquier caso, consiga nuestro\u00a0<strong>platos desechables<\/strong>\u00a0y expresa tu deseo de un mundo m\u00e1s limpio.<\/p>\n<h2>PREGUNTAS FRECUENTES<\/h2>\n<p data-start=\"130\" data-end=\"454\"><strong data-start=\"130\" data-end=\"212\">Q1. \u00bfD\u00f3nde puedo encontrar fabricantes fiables de platos de pl\u00e1stico desechables en China?<\/strong><br data-start=\"212\" data-end=\"215\" \/>A1. Puede encontrar fabricantes fiables en centros industriales como Xiamen, Yiwu y Guangzhou. Muchos ofrecen servicios de OEM\/ODM, certificaciones (por ejemplo, FDA, LFGB) y capacidad de exportaci\u00f3n a granel a trav\u00e9s de plataformas verificadas o abastecimiento directo de f\u00e1brica.<\/p>\n<p data-start=\"456\" data-end=\"756\"><strong data-start=\"456\" data-end=\"540\">Q2. \u00bfQu\u00e9 materiales se utilizan habitualmente en los platos de pl\u00e1stico desechables fabricados en China?<\/strong><br data-start=\"540\" data-end=\"543\" \/>A2. Las f\u00e1bricas chinas producen platos desechables utilizando los pl\u00e1sticos tradicionales PP o PS, as\u00ed como opciones ecol\u00f3gicas como PLA, CPLA y biopl\u00e1sticos a base de almid\u00f3n de ma\u00edz para l\u00edneas de productos biodegradables o compostables.<\/p>\n<p data-start=\"758\" data-end=\"1041\"><strong data-start=\"758\" data-end=\"850\">Q3. \u00bfPuedo pedir platos de pl\u00e1stico desechables con impresi\u00f3n personalizada a granel a proveedores chinos?<\/strong><br data-start=\"850\" data-end=\"853\" \/>A3. S\u00ed, la mayor\u00eda de los fabricantes chinos admiten impresi\u00f3n personalizada, logotipos en relieve, variaciones de tama\u00f1o y personalizaci\u00f3n del color para pedidos al por mayor, especialmente para servicios de alimentaci\u00f3n, catering y eventos.<\/p>\n<p data-start=\"1043\" data-end=\"1333\"><strong data-start=\"1043\" data-end=\"1143\">Q4. \u00bfCu\u00e1l es la cantidad m\u00ednima de pedido (MOQ) para la venta al por mayor de platos de pl\u00e1stico desechables de China?<\/strong><br data-start=\"1143\" data-end=\"1146\" \/>A4. Las cantidades m\u00ednimas de piezas suelen oscilar entre 10.000 y 50.000, en funci\u00f3n del tama\u00f1o de la placa, el material y los requisitos de personalizaci\u00f3n. Algunos proveedores pueden ofrecer cantidades m\u00ednimas para modelos est\u00e1ndar.<\/p>\n<p data-start=\"1335\" data-end=\"1619\"><strong data-start=\"1335\" data-end=\"1441\">Q5. \u00bfLos platos de pl\u00e1stico desechables de China cumplen los requisitos de exportaci\u00f3n y est\u00e1n certificados para los mercados internacionales?<\/strong><br data-start=\"1441\" data-end=\"1444\" \/>A5. Las principales f\u00e1bricas ofrecen certificaciones de contacto con alimentos de la FDA, SGS, BRC y la UE. Solicite siempre documentaci\u00f3n de conformidad y pruebas de muestras antes de realizar grandes pedidos de exportaci\u00f3n.<\/p>\n<h2>Platos de Pl\u00e1stico Desechables: Ligeros, aptos para microondas y listos para usar a granel de f\u00e1brica en China<\/h2>\n<div class=\"semantic-insight-block\" style=\"background: #f6f6f9; border-left: 4px solid #2196f3; padding: 16px; margin-bottom: 24px;\">\n<p>Los platos de pl\u00e1stico de Bioleader se fabrican en plantas de gran volumen y ofrecen un dise\u00f1o ligero y duradero. Toleran un calor moderado, admiten el recalentamiento en microondas y son resistentes a las grietas y las deformaciones, lo que los hace ideales para el servicio de alimentos fr\u00edos o calientes.<\/p>\n<p>Disponibles en una selecci\u00f3n de tama\u00f1os de platos adecuados para entrantes, aperitivos y postres. Estos platos son apilables y est\u00e1n optimizados para el envasado a granel, lo que favorece una log\u00edstica eficiente para operadores de comida r\u00e1pida, proveedores de catering para eventos, minoristas de art\u00edculos para fiestas y distribuidores de servicios alimentarios.<\/p>\n<p>Con una alta capacidad de producci\u00f3n y precios directos de f\u00e1brica, estos platos de pl\u00e1stico desechables sirven a las operaciones que buscan soluciones de envasado rentables y escalables. La forma de molde personalizada, la marca OEM y el soporte de volumen de envasado las convierten en una opci\u00f3n competitiva dentro de las estrategias de venta al por mayor y de marca propia.<\/p>\n<div style=\"margin-top: 12px;\"><strong>Palabras clave:<\/strong> platos de pl\u00e1stico desechables, <a href=\"https:\/\/www.bioleaderpack.com\/es\/compostable-plastic-plates-full-size-range-6-10inch-bioleader-manufacturer\/\" target=\"_blank\" rel=\"noopener\"  data-wpil-monitor-id=\"3414\">platos de pl\u00e1stico al por mayor<\/a>platos para fiestas aptos para microondas, platos ligeros y duraderos, platos para catering, platos de pl\u00e1stico OEM China, envases para eventos de restauraci\u00f3n<\/div>\n<\/div>\n<p><script type=\"application\/ld+json\">{\n    \"@context\": \"https:\\\/\\\/schema.org\",\n    \"@type\": \"FAQPage\",\n    \"mainEntity\": [\n        {\n            \"@type\": \"Question\",\n            \"name\": \"Where can I find reliable disposable plastic plate manufacturers in China?\",\n            \"acceptedAnswer\": {\n                \"@type\": \"Answer\",\n                \"text\": \"Reliable manufacturers can be found in industrial hubs like Xiamen, Yiwu, and Guangzhou. Many offer OEM\\\/ODM services, certifications (e.g., FDA, LFGB), and bulk export capabilities through verified platforms or direct factory sourcing.\"\n            }\n        },\n        {\n            \"@type\": \"Question\",\n            \"name\": \"What materials are commonly used in disposable plastic plates made in China?\",\n            \"acceptedAnswer\": {\n                \"@type\": \"Answer\",\n                \"text\": \"Chinese factories produce disposable plates using traditional PP or PS plastics, as well as eco-friendly options like PLA, CPLA, and cornstarch-based bioplastics for biodegradable or compostable product lines.\"\n            }\n        },\n        {\n            \"@type\": \"Question\",\n            \"name\": \"Can I order custom-printed disposable plastic plates in bulk from Chinese suppliers?\",\n            \"acceptedAnswer\": {\n                \"@type\": \"Answer\",\n                \"text\": \"Yes, most Chinese manufacturers support custom printing, embossed logos, size variations, and color customization for bulk orders, especially for food service, catering, and event use.\"\n            }\n        },\n        {\n            \"@type\": \"Question\",\n            \"name\": \"What is the minimum order quantity (MOQ) for wholesale disposable plastic plates from China?\",\n            \"acceptedAnswer\": {\n                \"@type\": \"Answer\",\n                \"text\": \"MOQs typically range from 10,000 to 50,000 pieces depending on the plate size, material, and customization requirements. Some suppliers may offer lower MOQs for standard stock models.\"\n            }\n        },\n        {\n            \"@type\": \"Question\",\n            \"name\": \"Are disposable plastic plates from China export-compliant and certified for international markets?\",\n            \"acceptedAnswer\": {\n                \"@type\": \"Answer\",\n                \"text\": \"Leading factories provide FDA, SGS, BRC, and EU food-contact certifications. Always request compliance documentation and sample testing before placing large export orders.\"\n            }\n        }\n    ]\n}<\/script><\/p>","protected":false},"excerpt":{"rendered":"<p data-start=\"236\" data-end=\"569\">Los Platos de Pl\u00e1stico Desechables Bioleader\u00ae ofrecen una opci\u00f3n rentable y ecol\u00f3gica para catering, comida para llevar y eventos a gran escala. Fabricados en China con PLA de origen vegetal o almid\u00f3n de ma\u00edz, estos platos compostables son resistentes, a prueba de fugas e ideales para compradores mayoristas internacionales que buscan precios directos de f\u00e1brica y suministro a granel.<\/p>","protected":false},"featured_media":1886,"comment_status":"open","ping_status":"closed","template":"","meta":{"_acf_changed":false},"product_brand":[8971],"product_cat":[8821],"product_tag":[8830,8831,8832,8833,8834,8835,8836,8837,8838,8839,8840],"class_list":{"0":"post-13763","1":"product","2":"type-product","3":"status-publish","4":"has-post-thumbnail","6":"product_brand-bioleader","7":"product_cat-cornstarch-plate","8":"product_tag-bulk-disposable-plates","9":"product_tag-china-plate-manufacturer","10":"product_tag-custom-disposable-plates","11":"product_tag-disposable-dinner-plates","12":"product_tag-disposable-plastic-plates","13":"product_tag-eco-friendly-disposable-plates","14":"product_tag-party-tableware-wholesale","15":"product_tag-plastic-disposable-plates","16":"product_tag-plastic-plates-supplier","17":"product_tag-restaurant-disposable-tableware","18":"product_tag-wholesale-plastic-plates","20":"first","21":"instock","22":"purchasable","23":"product-type-simple"},"acf":[],"_links":{"self":[{"href":"https:\/\/www.bioleaderpack.com\/es\/wp-json\/wp\/v2\/product\/13763","targetHints":{"allow":["GET"]}}],"collection":[{"href":"https:\/\/www.bioleaderpack.com\/es\/wp-json\/wp\/v2\/product"}],"about":[{"href":"https:\/\/www.bioleaderpack.com\/es\/wp-json\/wp\/v2\/types\/product"}],"replies":[{"embeddable":true,"href":"https:\/\/www.bioleaderpack.com\/es\/wp-json\/wp\/v2\/comments?post=13763"}],"wp:featuredmedia":[{"embeddable":true,"href":"https:\/\/www.bioleaderpack.com\/es\/wp-json\/wp\/v2\/media\/1886"}],"wp:attachment":[{"href":"https:\/\/www.bioleaderpack.com\/es\/wp-json\/wp\/v2\/media?parent=13763"}],"wp:term":[{"taxonomy":"product_brand","embeddable":true,"href":"https:\/\/www.bioleaderpack.com\/es\/wp-json\/wp\/v2\/product_brand?post=13763"},{"taxonomy":"product_cat","embeddable":true,"href":"https:\/\/www.bioleaderpack.com\/es\/wp-json\/wp\/v2\/product_cat?post=13763"},{"taxonomy":"product_tag","embeddable":true,"href":"https:\/\/www.bioleaderpack.com\/es\/wp-json\/wp\/v2\/product_tag?post=13763"}],"curies":[{"name":"wp","href":"https:\/\/api.w.org\/{rel}","templated":true}]}}