{"id":13585,"date":"2023-03-18T15:55:25","date_gmt":"2023-03-18T07:55:25","guid":{"rendered":"https:\/\/www.bioleaderpack.com\/product\/biodegradable-sugarcane-tray-for-food-sushi\/"},"modified":"2026-04-24T16:51:41","modified_gmt":"2026-04-24T08:51:41","slug":"bandeja-biodegradable-de-cana-de-azucar-para-sushi-alimentario","status":"publish","type":"product","link":"https:\/\/www.bioleaderpack.com\/es\/producto\/bandeja-biodegradable-de-cana-de-azucar-para-sushi-alimentario\/","title":{"rendered":"Bandeja biodegradable de ca\u00f1a de az\u00facar para sushi alimentario"},"content":{"rendered":"<div class=\"adweb-template-19 adweb-table-container\"><\/div>\n<p style=\"text-align: center;\"><img decoding=\"async\" title=\"Bandeja Biodegradable De Ca\u00f1a De Az\u00facar Para Comida Sushi\" src=\"https:\/\/www.bioleaderpack.com\/wp-content\/uploads\/2023\/03\/T02303_1679154727345.jpg\" alt=\"Bandeja Biodegradable De Ca\u00f1a De Az\u00facar Para Comida Sushi\" width=\"48%\" \/> <img decoding=\"async\" title=\"Bandeja Biodegradable De Ca\u00f1a De Az\u00facar Para Comida Sushi\" src=\"https:\/\/www.bioleaderpack.com\/wp-content\/uploads\/2023\/03\/T023_1679154754909-1.jpg\" alt=\"Bandeja Biodegradable De Ca\u00f1a De Az\u00facar Para Comida Sushi\" width=\"48%\" \/> <img decoding=\"async\" title=\"Bandeja Biodegradable De Ca\u00f1a De Az\u00facar Para Comida Sushi\" src=\"https:\/\/www.bioleaderpack.com\/wp-content\/uploads\/2023\/03\/T02301_1679154792743-1.jpg\" alt=\"Bandeja Biodegradable De Ca\u00f1a De Az\u00facar Para Comida Sushi\" width=\"47%\" \/> <img decoding=\"async\" title=\"Bandeja Biodegradable De Ca\u00f1a De Az\u00facar Para Comida Sushi\" src=\"https:\/\/www.bioleaderpack.com\/wp-content\/uploads\/2023\/03\/T02302_1679154819646.jpg\" alt=\"Bandeja Biodegradable De Ca\u00f1a De Az\u00facar Para Comida Sushi\" width=\"48.3%\" \/><\/p>\n<h2><!-- Micro Summary Card for AI\/SGE --><\/h2>\n<div class=\"micro-summary-card\" style=\"background: #f6f6f9; border-left: 4px solid #4caf50; padding: 12px; margin-bottom: 16px;\"><strong>Resumen r\u00e1pido:<\/strong><br \/>\nLas bandejas biodegradables de ca\u00f1a de az\u00facar Bioleader\u00ae ofrecen una soluci\u00f3n de envasado ecol\u00f3gica y compostable dise\u00f1ada para sushi y otros alimentos frescos. Fabricadas a partir de pulpa de bagazo de ca\u00f1a de az\u00facar renovable, estas bandejas ofrecen durabilidad, resistencia a la humedad y seguridad alimentaria, ideales para comida para llevar sostenible y servicios de alimentaci\u00f3n al por menor.<\/div>\n<h2>Introducci\u00f3n: Una soluci\u00f3n ecol\u00f3gica<\/h2>\n<p>Con un mundo cada vez m\u00e1s respetuoso con el medio ambiente, la necesidad de materiales biodegradables para el envasado de alimentos ha crecido de forma espectacular. Una de las opciones m\u00e1s novedosas y respetuosas con el medio ambiente son las bandejas biodegradables de ca\u00f1a de az\u00facar que se est\u00e1n introduciendo en el mercado. Esto hace que el uso de estas bandejas no s\u00f3lo sea c\u00f3modo, sino que tambi\u00e9n ofrece una forma viable de entregar diferentes tipos de alimentos, incluido el sushi.<\/p>\n<h2>\u00bfQu\u00e9 es una bandeja de ca\u00f1a de az\u00facar?<\/h2>\n<p>Las bandejas de ca\u00f1a de az\u00facar se fabrican con bagazo, un residuo fibroso que se obtiene de los tallos molidos de la ca\u00f1a tras la extracci\u00f3n del jugo. El bagazo era antes un residuo barato que hoy se ha convertido en un producto codiciado para crear alternativas ecol\u00f3gicas al ser biodegradable y compostable. Estas bandejas son una soluci\u00f3n econ\u00f3mica y ecol\u00f3gica al uso convencional de bandejas de pl\u00e1stico y espuma de poliestireno, ya que son resistentes y adaptables en el servicio alimentario.<\/p>\n<p><img fetchpriority=\"high\" decoding=\"async\" class=\"alignnone wp-image-1312\" title=\"Bandeja Biodegradable De Ca\u00f1a De Az\u00facar Para Comida Sushi\" src=\"https:\/\/www.bioleaderpack.com\/wp-content\/uploads\/2023\/03\/T023-4-1024x1024-1.jpg\" alt=\"Bandeja Biodegradable De Ca\u00f1a De Az\u00facar Para Comida Sushi\" width=\"446\" height=\"446\" srcset=\"https:\/\/www.bioleaderpack.com\/wp-content\/uploads\/2023\/03\/T023-4-1024x1024-1.jpg.webp 1024w, https:\/\/www.bioleaderpack.com\/wp-content\/uploads\/2023\/03\/T023-4-1024x1024-1-300x300.jpg.webp 300w, https:\/\/www.bioleaderpack.com\/wp-content\/uploads\/2023\/03\/T023-4-1024x1024-1-100x100.jpg 100w, https:\/\/www.bioleaderpack.com\/wp-content\/uploads\/2023\/03\/T023-4-1024x1024-1-600x600.jpg 600w, https:\/\/www.bioleaderpack.com\/wp-content\/uploads\/2023\/03\/T023-4-1024x1024-1-150x150.jpg.webp 150w, https:\/\/www.bioleaderpack.com\/wp-content\/uploads\/2023\/03\/T023-4-1024x1024-1-768x768.jpg.webp 768w\" sizes=\"(max-width: 446px) 100vw, 446px\" \/>\u00a0<img decoding=\"async\" class=\"wp-image-1311\" title=\"Bandeja Biodegradable De Ca\u00f1a De Az\u00facar Para Comida Sushi\" src=\"https:\/\/www.bioleaderpack.com\/wp-content\/uploads\/2023\/03\/T023-3.jpg\" alt=\"Bandeja Biodegradable De Ca\u00f1a De Az\u00facar Para Comida Sushi\" width=\"446\" height=\"446\" srcset=\"https:\/\/www.bioleaderpack.com\/wp-content\/uploads\/2023\/03\/T023-3.jpg.webp 2000w, https:\/\/www.bioleaderpack.com\/wp-content\/uploads\/2023\/03\/T023-3-300x300.jpg.webp 300w, https:\/\/www.bioleaderpack.com\/wp-content\/uploads\/2023\/03\/T023-3-100x100.jpg 100w, https:\/\/www.bioleaderpack.com\/wp-content\/uploads\/2023\/03\/T023-3-600x600.jpg 600w, https:\/\/www.bioleaderpack.com\/wp-content\/uploads\/2023\/03\/T023-3-1024x1024.jpg.webp 1024w, https:\/\/www.bioleaderpack.com\/wp-content\/uploads\/2023\/03\/T023-3-150x150.jpg.webp 150w, https:\/\/www.bioleaderpack.com\/wp-content\/uploads\/2023\/03\/T023-3-768x768.jpg.webp 768w, https:\/\/www.bioleaderpack.com\/wp-content\/uploads\/2023\/03\/T023-3-1536x1536.jpg.webp 1536w\" sizes=\"(max-width: 446px) 100vw, 446px\" \/><\/p>\n<h2>Caracter\u00edsticas y ventajas de las bandejas biodegradables para ca\u00f1a de az\u00facar<\/h2>\n<ul>\n<li><strong>Ecol\u00f3gico<\/strong>\u00a0Y es que las bandejas de ca\u00f1a de az\u00facar son 100% seguras para el medio ambiente, ya que son totalmente biodegradables e incluso compostables y no dejan ning\u00fan elemento t\u00f3xico cuando se descomponen. Esto reduce significativamente la tasa de contaminantes medioambientales frente a las opciones de pl\u00e1stico y espuma de poliestireno.<\/li>\n<li><strong>Sostenible<\/strong>\u00a0Estas bandejas de bagazo de ca\u00f1a de az\u00facar son ecol\u00f3gicamente viables, ya que minimizan los residuos al incorporar el uso de productos de desecho de ca\u00f1a de az\u00facar en la producci\u00f3n de bandejas, lo que fomenta el uso de productos sostenibles.<\/li>\n<li><strong>Duradero y resistente<\/strong>: Aunque las bandejas de ca\u00f1a de az\u00facar son ligeras, son lo bastante resistentes para transportar una buena cantidad de alimentos sin que se doblen ni se rompan. Repelen la humedad y son resistentes al aceite, por lo que tambi\u00e9n pueden utilizarse para especias y l\u00edquidos.<\/li>\n<li><strong>Apto para microondas y congelador<\/strong>: Las bandejas de ca\u00f1a de az\u00facar resisten condiciones extremas, como altas temperaturas, por lo que pueden utilizarse con seguridad en un horno microondas. Tambi\u00e9n se pueden utilizar para colocar alimentos en el frigor\u00edfico, lo que ofrece muchas posibilidades de almacenamiento y recalentamiento.<\/li>\n<li><strong>Usos vers\u00e1tiles<\/strong>: Estas bandejas pueden contener diferentes tipos de alimentos, incluidos alimentos cocinados calientes, alimentos fr\u00edos enfriados e incluso arroz para sushi. Esta versatilidad hace que estas bandejas sean muy adecuadas para restaurantes, servicios de catering, comida para llevar y tambi\u00e9n para uso dom\u00e9stico.<\/li>\n<\/ul>\n<h2>Tipos de bandejas biodegradables para ca\u00f1a de az\u00facar<\/h2>\n<ul>\n<li><strong>Bandeja de ca\u00f1a de az\u00facar para alimentos<\/strong>: Se trata de bandejas polivalentes que pueden utilizarse tanto para alimentos calientes como fr\u00edos, ya que soportan el calor o pueden refrigerarse.<\/li>\n<li><strong>Bandeja biodegradable para sushi<\/strong>: Se trata de bandejas de sushi biodegradables graduables que est\u00e1n hechas para sostener el sushi y mantenerlo fresco junto con las habilidades de creaci\u00f3n de sushi. Perfecto para su uso en bares de sushi, restaurantes, y para el men\u00fa para llevar.<\/li>\n<li><strong>Bandejas para sushi<\/strong>: Se trata de uniones especiales que se recortan en bandejas y se estructuran de tal forma que se ajustan a la mec\u00e1nica de colocaci\u00f3n y toma del sushi. Esto mantiene a miles de clientes y enriquece su experiencia.<\/li>\n<\/ul>\n<h2>Usos de las bandejas de ca\u00f1a de az\u00facar<\/h2>\n<ul>\n<li><strong>Restaurantes y caf\u00e9s<\/strong>: Estas bandejas de ca\u00f1a de az\u00facar son perfectas tanto para pedidos para llevar como para cenas sin comprometer la calidad de los alimentos servidos en ellas en t\u00e9rminos de presentaci\u00f3n.<\/li>\n<li><strong>Servicios de catering<\/strong>: Una oferta ecol\u00f3gica para ocasiones y otros eventos que responde a la demanda de servicios de catering ecol\u00f3gicos.<\/li>\n<li><strong>Food Trucks y vendedores de comida callejera<\/strong>: Ofrecer formas \u00fanicas y elegantes de servir comidas fuera de casa utilizando alternativas ecol\u00f3gicas dirigidas a los consumidores ecol\u00f3gicos.<\/li>\n<li><strong>Uso dom\u00e9stico<\/strong>\u00a0- Preparados para su uso en interiores o exteriores, por ejemplo durante fiestas o picnics, estos platos son el mejor sustituto de los desechables habituales.<\/li>\n<li><strong>Supermercados y tiendas de comestibles<\/strong>: Apropiado para envasar alimentos listos para el consumo y comidas frescas, teniendo en cuenta la tendencia mundial de querer productos ecol\u00f3gicos.<\/li>\n<\/ul>\n<p><img decoding=\"async\" class=\"alignnone size-full wp-image-1314\" title=\"Bandeja Biodegradable De Ca\u00f1a De Az\u00facar Para Comida Sushi\" src=\"https:\/\/www.bioleaderpack.com\/wp-content\/uploads\/2023\/03\/T023-6-scaled-1.jpg\" alt=\"Bandeja Biodegradable De Ca\u00f1a De Az\u00facar Para Comida Sushi\" width=\"2560\" height=\"2560\" srcset=\"https:\/\/www.bioleaderpack.com\/wp-content\/uploads\/2023\/03\/T023-6-scaled-1.jpg.webp 2560w, https:\/\/www.bioleaderpack.com\/wp-content\/uploads\/2023\/03\/T023-6-scaled-1-300x300.jpg.webp 300w, https:\/\/www.bioleaderpack.com\/wp-content\/uploads\/2023\/03\/T023-6-scaled-1-100x100.jpg 100w, https:\/\/www.bioleaderpack.com\/wp-content\/uploads\/2023\/03\/T023-6-scaled-1-600x600.jpg 600w, https:\/\/www.bioleaderpack.com\/wp-content\/uploads\/2023\/03\/T023-6-scaled-1-1024x1024.jpg.webp 1024w, https:\/\/www.bioleaderpack.com\/wp-content\/uploads\/2023\/03\/T023-6-scaled-1-150x150.jpg.webp 150w, https:\/\/www.bioleaderpack.com\/wp-content\/uploads\/2023\/03\/T023-6-scaled-1-768x768.jpg.webp 768w, https:\/\/www.bioleaderpack.com\/wp-content\/uploads\/2023\/03\/T023-6-scaled-1-1536x1536.jpg.webp 1536w, https:\/\/www.bioleaderpack.com\/wp-content\/uploads\/2023\/03\/T023-6-scaled-1-2048x2048.jpg.webp 2048w\" sizes=\"(max-width: 2560px) 100vw, 2560px\" \/><\/p>\n<h2>Conclusi\u00f3n<\/h2>\n<p>Las bandejas ecol\u00f3gicas de ca\u00f1a de az\u00facar est\u00e1n transformando el sector alimentario al ofrecer una opci\u00f3n ecol\u00f3gica, respetuosa con el medio ambiente y \u00fatil para servir la comida. Desde servir platos calientes hasta platos fr\u00edos o incluso sushi, estas bandejas tienen muchas ventajas y, por lo tanto, son beneficiosas tanto para las empresas como para los consumidores dom\u00e9sticos. Si se opta por las bandejas de ca\u00f1a de az\u00facar, se pueden aprovechar las ventajas que ofrecen los medicamentos desechables para servir sin da\u00f1ar el medio ambiente.<\/p>\n<h2 data-start=\"135\" data-end=\"159\">FAQ (La gente tambi\u00e9n pregunta)<\/h2>\n<h4 data-start=\"161\" data-end=\"228\">1. \u00bfDe qu\u00e9 est\u00e1 hecha una bandeja biodegradable de ca\u00f1a de az\u00facar para sushi?<\/h4>\n<p data-start=\"229\" data-end=\"446\">Estas bandejas est\u00e1n fabricadas con bagazo de ca\u00f1a de az\u00facar, el residuo fibroso que queda tras la extracci\u00f3n del jugo de la ca\u00f1a de az\u00facar. Se trata de un material renovable y compostable moldeado en resistentes bandejas 100% biodegradables y sin pl\u00e1stico.<\/p>\n<h4 data-start=\"448\" data-end=\"516\">2. \u00bfSon adecuadas las bandejas de sushi de ca\u00f1a de az\u00facar para alimentos fr\u00edos y crudos?<\/h4>\n<p data-start=\"517\" data-end=\"707\">S\u00ed. Las bandejas de ca\u00f1a de az\u00facar son seguras para servir sushi, sashimi y otros alimentos fr\u00edos. Son aptas para el frigor\u00edfico, resistentes a la humedad y est\u00e1n dise\u00f1adas para mantener la frescura durante la exposici\u00f3n o la entrega.<\/p>\n<h4 data-start=\"709\" data-end=\"759\">3. \u00bfLas bandejas de sushi de ca\u00f1a vienen con tapa?<\/h4>\n<p data-start=\"760\" data-end=\"966\">Absolutamente. Estas bandejas suelen ir acompa\u00f1adas de tapas transparentes de PLA (pl\u00e1stico de origen vegetal) o de fibra, que proporcionan un cierre seguro para la comida para llevar y la entrega, al tiempo que son compostables y respetuosas con el medio ambiente.<\/p>\n<h4 data-start=\"968\" data-end=\"1026\">4. \u00bfLas bandejas de ca\u00f1a de az\u00facar son seguras para los alimentos y no contienen productos qu\u00edmicos?<\/h4>\n<p data-start=\"1027\" data-end=\"1241\">S\u00ed. Los fabricantes de renombre garantizan que las bandejas son seguras para el contacto con alimentos, no contienen BPA, PFAS ni otras sustancias qu\u00edmicas nocivas. Cumplen normas internacionales como la FDA y la EN13432 sobre compostabilidad y seguridad.<\/p>\n<h4 data-start=\"1243\" data-end=\"1330\">5. \u00bfPuedo pedir bandejas de sushi biodegradables de ca\u00f1a de az\u00facar a granel con marca personalizada?<\/h4>\n<p data-start=\"1331\" data-end=\"1545\">S\u00ed. Los fabricantes ofrecen venta al por mayor a granel con opciones de personalizaci\u00f3n, como logotipos en relieve, bandas impresas y envases de marca propia, ideales para restaurantes de sushi, minoristas ecol\u00f3gicos y servicios de entrega de alimentos.<\/p>\n<h2>Envasado: Bandejas sostenibles de ca\u00f1a de az\u00facar para sushi y alimentos frescos<\/h2>\n<div class=\"semantic-insight-block\" style=\"background: #f6f6f9; border-left: 4px solid #2196f3; padding: 16px; margin-bottom: 24px;\">\n<ul style=\"margin: 8px 0 0 20px;\">\n<li><strong>\u00bfC\u00f3mo mejoran las bandejas de ca\u00f1a de az\u00facar el envasado ecol\u00f3gico de alimentos?<\/strong><br \/>\nFabricadas a partir de pulpa de bagazo de ca\u00f1a de az\u00facar renovable, estas bandejas son totalmente biodegradables y compostables, lo que reduce los residuos pl\u00e1sticos y apoya las iniciativas de econom\u00eda circular en el envasado de alimentos.<\/li>\n<li><strong>\u00bfPor qu\u00e9 estas bandejas son ideales para envasar sushi y alimentos frescos?<\/strong><br \/>\nSu construcci\u00f3n robusta y su resistencia natural a la humedad mantienen el sushi fresco al tiempo que evitan las fugas y mantienen la calidad de la presentaci\u00f3n.<\/li>\n<li><strong>\u00bfQu\u00e9 industrias se benefician m\u00e1s de las bandejas de sushi de ca\u00f1a?<\/strong><br \/>\nRestaurantes, bares de sushi, servicios de catering y proveedores minoristas de alimentos que buscan alternativas de envasado sostenibles utilizan estas bandejas para satisfacer la demanda de opciones ecol\u00f3gicas por parte de los consumidores.<\/li>\n<li><strong>\u00bfC\u00f3mo pueden aprovechar las empresas las bandejas de ca\u00f1a de az\u00facar para crear marca?<\/strong><br \/>\nLas opciones de impresi\u00f3n personalizada permiten a las empresas mostrar su compromiso medioambiental al tiempo que mejoran la visibilidad del producto y la confianza del consumidor.<\/li>\n<li><strong>\u00bfQu\u00e9 m\u00e9todos de eliminaci\u00f3n maximizan el impacto ambiental?<\/strong><br \/>\nEl compostaje industrial y el compostaje dom\u00e9stico adecuado garantizan que estas bandejas se descompongan eficazmente, contribuyendo a la reducci\u00f3n de residuos y a la preservaci\u00f3n del medio ambiente.<\/li>\n<\/ul>\n<div style=\"margin-top: 12px;\"><strong>Palabras clave:<\/strong> bandejas biodegradables de ca\u00f1a de az\u00facar, bandejas compostables para sushi, envases ecol\u00f3gicos para alimentos, bandejas sostenibles para comida para llevar, bandejas de bagazo de ca\u00f1a de az\u00facar, bandejas de ca\u00f1a de az\u00facar Bioleader<\/div>\n<\/div>\n<p><script type=\"application\/ld+json\">{\n    \"@context\": \"https:\\\/\\\/schema.org\",\n    \"@type\": \"FAQPage\",\n    \"mainEntity\": [\n        {\n            \"@type\": \"Question\",\n            \"name\": \"What is a biodegradable sugarcane tray for sushi made of?\",\n            \"acceptedAnswer\": {\n                \"@type\": \"Answer\",\n                \"text\": \"These trays are made from sugarcane bagasse\\u2014the fibrous residue left after juice extraction from sugarcane. It\\u2019s a renewable, compostable material molded into sturdy trays that are 100% biodegradable and plastic-free.\"\n            }\n        },\n        {\n            \"@type\": \"Question\",\n            \"name\": \"Are sugarcane sushi trays suitable for cold and raw foods?\",\n            \"acceptedAnswer\": {\n                \"@type\": \"Answer\",\n                \"text\": \"Yes. Sugarcane trays are safe for serving sushi, sashimi, and other cold foods. They are refrigerator-safe, moisture-resistant, and designed to maintain freshness during display or delivery.\"\n            }\n        },\n        {\n            \"@type\": \"Question\",\n            \"name\": \"Do sugarcane sushi trays come with lids?\",\n            \"acceptedAnswer\": {\n                \"@type\": \"Answer\",\n                \"text\": \"Absolutely. These trays are often paired with clear PLA (plant-based plastic) lids or fiber lids, providing secure closure for takeaway and delivery while remaining compostable and environmentally friendly.\"\n            }\n        },\n        {\n            \"@type\": \"Question\",\n            \"name\": \"Are sugarcane trays food-safe and chemical-free?\",\n            \"acceptedAnswer\": {\n                \"@type\": \"Answer\",\n                \"text\": \"Yes. Reputable manufacturers ensure the trays are food-contact safe, free from BPA, PFAS, and other harmful chemicals. They comply with international standards such as FDA and EN13432 for compostability and safety.\"\n            }\n        },\n        {\n            \"@type\": \"Question\",\n            \"name\": \"Can I order biodegradable sugarcane sushi trays in bulk with custom branding?\",\n            \"acceptedAnswer\": {\n                \"@type\": \"Answer\",\n                \"text\": \"Yes. Manufacturers offer bulk wholesale with customization options such as embossed logos, printed bands, and private label packaging\\u2014ideal for sushi restaurants, eco-friendly retailers, and food delivery services.\"\n            }\n        }\n    ]\n}<\/script><\/p>","protected":false},"excerpt":{"rendered":"<p data-start=\"230\" data-end=\"610\">Bioleader <strong data-start=\"242\" data-end=\"280\">Bandeja biodegradable de ca\u00f1a de az\u00facar para sushi<\/strong> es una soluci\u00f3n de envasado sostenible, elegante y sin pl\u00e1stico dise\u00f1ada para sushi, sashimi, postres y comidas ligeras. Fabricado a partir de bagazo de ca\u00f1a compostable con una estructura resistente y un acabado suave, es ideal para restaurantes, comida para llevar y expositores de alimentos listos para consumir, ayudando a las marcas a ofrecer frescura con un mensaje ecol\u00f3gico.<\/p>","protected":false},"featured_media":17773,"comment_status":"open","ping_status":"closed","template":"","meta":{"_acf_changed":false},"product_brand":[8971],"product_cat":[7148],"product_tag":[6954,6405,6955,6956,6957,6958,6959],"class_list":{"0":"post-13585","1":"product","2":"type-product","3":"status-publish","4":"has-post-thumbnail","6":"product_brand-bioleader","7":"product_cat-bagasse-tray","8":"product_tag-biodegradable-sugarcane-trays","9":"product_tag-biodegradable-sushi-tray","10":"product_tag-biodegradable-trays-for-food","11":"product_tag-sugarcane-tray","12":"product_tag-sugarcane-tray-for-food","13":"product_tag-tray-for-food","14":"product_tag-trays-for-sushi","16":"first","17":"instock","18":"purchasable","19":"product-type-simple"},"acf":[],"_links":{"self":[{"href":"https:\/\/www.bioleaderpack.com\/es\/wp-json\/wp\/v2\/product\/13585","targetHints":{"allow":["GET"]}}],"collection":[{"href":"https:\/\/www.bioleaderpack.com\/es\/wp-json\/wp\/v2\/product"}],"about":[{"href":"https:\/\/www.bioleaderpack.com\/es\/wp-json\/wp\/v2\/types\/product"}],"replies":[{"embeddable":true,"href":"https:\/\/www.bioleaderpack.com\/es\/wp-json\/wp\/v2\/comments?post=13585"}],"wp:featuredmedia":[{"embeddable":true,"href":"https:\/\/www.bioleaderpack.com\/es\/wp-json\/wp\/v2\/media\/17773"}],"wp:attachment":[{"href":"https:\/\/www.bioleaderpack.com\/es\/wp-json\/wp\/v2\/media?parent=13585"}],"wp:term":[{"taxonomy":"product_brand","embeddable":true,"href":"https:\/\/www.bioleaderpack.com\/es\/wp-json\/wp\/v2\/product_brand?post=13585"},{"taxonomy":"product_cat","embeddable":true,"href":"https:\/\/www.bioleaderpack.com\/es\/wp-json\/wp\/v2\/product_cat?post=13585"},{"taxonomy":"product_tag","embeddable":true,"href":"https:\/\/www.bioleaderpack.com\/es\/wp-json\/wp\/v2\/product_tag?post=13585"}],"curies":[{"name":"wp","href":"https:\/\/api.w.org\/{rel}","templated":true}]}}