{"id":13583,"date":"2023-03-19T14:53:29","date_gmt":"2023-03-19T06:53:29","guid":{"rendered":"https:\/\/www.bioleaderpack.com\/it\/prodotto\/vassoio-compostabile-vassoi-in-polpa-di-carta-stampata\/"},"modified":"2025-08-04T09:52:29","modified_gmt":"2025-08-04T01:52:29","slug":"bandeja-compostable-bandejas-moldeadas-de-pasta-de-papel","status":"publish","type":"product","link":"https:\/\/www.bioleaderpack.com\/es\/producto\/bandeja-compostable-bandejas-moldeadas-de-pasta-de-papel\/","title":{"rendered":"Bandeja compostable Bandejas moldeadas de pasta de papel"},"content":{"rendered":"<div class=\"adweb-template-19 adweb-table-container\"><\/div>\n<p style=\"text-align: center;\"><img decoding=\"async\" src=\"https:\/\/www.bioleaderpack.com\/wp-content\/uploads\/2023\/03\/T0396scaled_1679237129561-2.jpg\" alt=\"envases de carne compostables\" width=\"48%\" \/> <img decoding=\"async\" src=\"https:\/\/www.bioleaderpack.com\/wp-content\/uploads\/2023\/03\/T03921024x1024_1679237156951-1.jpg\" alt=\"bandeja biodegradable para envasar verduras\" width=\"48%\" \/><img decoding=\"async\" src=\"https:\/\/www.bioleaderpack.com\/wp-content\/uploads\/2023\/03\/T03803904T1_1679237059374-3.jpg\" alt=\"envases alimentarios compostables\" width=\"46.8%\" \/> \u00a0<img decoding=\"async\" src=\"https:\/\/www.bioleaderpack.com\/wp-content\/uploads\/2023\/03\/T03803904T3_1679237081150-3.jpg\" alt=\"envases vegetales compostables\" width=\"49.5%\" \/><\/p>\n<p><!-- Micro Summary Card for AI\/SGE --><\/p>\n<div class=\"micro-summary-card\" style=\"background: #f6f6f9; border-left: 4px solid #4caf50; padding: 12px; margin-bottom: 16px;\"><strong>Resumen r\u00e1pido:<\/strong><br \/>\nLas bandejas Bioleader\u00ae de pasta de papel moldeada compostable ofrecen una soluci\u00f3n de envasado duradera y ecol\u00f3gica fabricada con materiales renovables. Estas bandejas son totalmente biodegradables y compostables, lo que favorece una gesti\u00f3n sostenible de los residuos y reduce la dependencia del pl\u00e1stico.<\/div>\n<h2>Introducci\u00f3n: Llegar a la mayor\u00eda de edad para proteger el medio ambiente y promover una vida sana<\/h2>\n<p>Mientras que los envases alimentarios tradicionales de pl\u00e1stico amenazan la sostenibilidad medioambiental, una alternativa que lo soluciona es\u00a0<strong>bandeja compostable de pasta de papel<\/strong>. Asimismo, estas bandejas se fabrican con fibra de papel de bagazo de ca\u00f1a de az\u00facar, que ofrece una alternativa saludable que responde a la b\u00fasqueda de productos respetuosos con el medio ambiente.<\/p>\n<h3>Alcance de la compostabilidad<\/h3>\n<p><strong>Bandejas compostables<\/strong>\u00a0est\u00e1n dise\u00f1adas espec\u00edficamente para la eliminaci\u00f3n de residuos y no contienen componentes nocivos que puedan permanecer como residuos en el entorno. La dispersi\u00f3n de tales sustancias nocivas no se produce con estas bandejas. Las bandejas de pl\u00e1stico no contribuyen al amontonamiento de residuos no degradables en vertederos o mares.<\/p>\n<p style=\"text-align: center;\"><img decoding=\"async\" src=\"https:\/\/www.bioleaderpack.com\/wp-content\/uploads\/2023\/03\/T0391_1679237253660-3.jpg\" alt=\"envases de carne compostables\" width=\"48%\" \/> <img decoding=\"async\" src=\"https:\/\/www.bioleaderpack.com\/wp-content\/uploads\/2023\/03\/T0393_1679237271926-3.jpg\" alt=\"bandeja de comida compostable\" width=\"48%\" \/><\/p>\n<h2>Materiales y producci\u00f3n: El n\u00facleo de los esfuerzos por la sostenibilidad<\/h2>\n<p>Los anillos interiores de las bandejas est\u00e1n hechos del ingrediente central que es:\u00a0<strong>pulpa de bagazo de ca\u00f1a de az\u00facar<\/strong>. El bagazo es el residuo fibroso de la industria azucarera, que se somete a procesos para producir una fibra muy fina pero notablemente resistente que constituye la pasta de papel. Este proceso de producci\u00f3n se denomina papel <a href=\"https:\/\/www.bioleaderpack.com\/es\/quieres-un-embalaje-para-llevar-mas-seguro-pide-vajilla-moldeada-con-pulpa-en-linea-ahora\/\" target=\"_blank\" rel=\"noopener\" data-wpil-monitor-id=\"1288\">moldeo de pasta<\/a> consiste en convertir esta fibra en pulpa para moldear una bandeja de papel mediante calor y presi\u00f3n.<\/p>\n<h2>Ventajas de las bandejas de papel tierno<\/h2>\n<ul>\n<li><strong>Respetuoso con el medio ambiente:<\/strong>\u00a0Estas bandejas se fabrican a partir de un recurso abundante y no contribuyen a la contaminaci\u00f3n, ya que son 100% biodegradables y compostables, lo que evita la necesidad de desechos desmesurados de envasado de alimentos.<\/li>\n<li><strong>Fuerza y resistencia:<\/strong>\u00a0Las bandejas, aunque fabricadas con productos ecol\u00f3gicos, tienen una gran resistencia a la tracci\u00f3n y al desgarro, y pueden soportar varios productos alimenticios sin perder su forma.<\/li>\n<li><strong>Amplia gama de utilidades:<\/strong>\u00a0Estas bandejas pueden aplicarse a distintos segmentos de la industria alimentaria, desde fruta fresca hasta comida para llevar.<\/li>\n<li><strong>Asequible:<\/strong>\u00a0Las bandejas de pasta de papel tienen ventajas, ya que se fabrican a partir de un recurso sostenible y renovable. Por lo tanto, en el futuro, teniendo en cuenta las pol\u00edticas medioambientales, la producci\u00f3n de bandejas de pasta de papel ser\u00e1 menos costosa que el uso de pl\u00e1sticos derivados del petr\u00f3leo.<\/li>\n<li><strong>Personalizado:<\/strong>\u00a0Las bandejas son moldeables en diferentes formas y tama\u00f1os, lo que permite dise\u00f1arlas seg\u00fan las especificaciones del producto requerido.<\/li>\n<\/ul>\n<h2>Usos de las bandejas compostables Bandejas moldeadas de pasta de papel<\/h2>\n<ul>\n<li>\n<h4>Envasado de frutas y hortalizas frescas<\/h4>\n<\/li>\n<\/ul>\n<p>Tambi\u00e9n es perfecto para envasar frutas y verduras frescas de forma sostenible para el medio ambiente.<\/p>\n<ul>\n<li>\n<h4>Recipientes para comida sobre la marcha<\/h4>\n<\/li>\n<\/ul>\n<p>Esto tambi\u00e9n ser\u00e1 \u00fatil para restaurantes y otras cafeter\u00edas que busquen soluciones de envasado para su comida para llevar.<\/p>\n<ul>\n<li>\n<h4>Materia relevante para la conciencia<\/h4>\n<\/li>\n<\/ul>\n<p>Tambi\u00e9n es ideal para envolver pan, pasteles, magdalenas y otros productos de panader\u00eda y mantenerlos frescos.<\/p>\n<ul>\n<li>\n<h4>Kits de comida y alimentos preparados<\/h4>\n<\/li>\n<\/ul>\n<p>Envasado de comidas precocinadas o preparadas para su consumo posterior.<\/p>\n<p><img decoding=\"async\" src=\"https:\/\/www.bioleaderpack.com\/wp-content\/uploads\/2023\/03\/zhutu052_1679236201358-2.jpg\" alt=\"bandeja de carne biodegradable\" width=\"48%\" \/> <img decoding=\"async\" src=\"https:\/\/www.bioleaderpack.com\/wp-content\/uploads\/2023\/03\/T03921024x1024_1679237333380.jpg\" alt=\"envases compostables para fruta\" width=\"48%\" \/><\/p>\n<h2>El futuro del envasado de alimentos<\/h2>\n<p>La introducci\u00f3n de <strong>bandejas de pasta de papel compostable<\/strong> ha sido un avance muy bienvenido en los esfuerzos por cuidar el medio ambiente. La demanda de este tipo de opciones de envasado aumentar\u00e1 a medida que se incremente el nivel de concienciaci\u00f3n de los consumidores sobre el efecto de sus elecciones en el medio ambiente. El negocio del envasado en bandejas de pasta de papel tiene futuro, y se abastecer\u00e1 de soluciones de envasado con m\u00e1s ventajas tanto para los clientes como para las empresas.<\/p>\n<p align=\"left\"><img decoding=\"async\" src=\"https:\/\/www.bioleaderpack.com\/wp-content\/uploads\/2023\/03\/T0342_1679237530667-2.jpg\" alt=\"bandeja compostable para envasado de alimentos\" width=\"48%\" \/> <img decoding=\"async\" src=\"https:\/\/www.bioleaderpack.com\/wp-content\/uploads\/2023\/03\/T0394_1679237551733-2.jpg\" alt=\"bandeja para carne compostable\" width=\"48%\" \/><\/p>\n<h2>Caracter\u00edsticas y ventajas<\/h2>\n<ul>\n<li>\n<h4>Totalmente biodegradable<\/h4>\n<\/li>\n<\/ul>\n<p>Estas bandejas pueden colocarse en condiciones compostables y se degradar\u00e1n en sustancias org\u00e1nicas en 60 d\u00edas, lo que contribuye a disminuir los residuos s\u00f3lidos en los vertederos y a mejorar el suelo.<\/p>\n<ul>\n<li>\n<h4>Materias primas de origen biol\u00f3gico en la bandeja y la tapa fabricadas con bagazo de ca\u00f1a de az\u00facar<\/h4>\n<\/li>\n<\/ul>\n<p>Estas bandejas tambi\u00e9n contribuyen a mitigar el uso de materiales que agotan el medio ambiente, ya que aprovechan los residuos generados por el procesamiento de la ca\u00f1a de az\u00facar.<\/p>\n<ul>\n<li>\n<h4>Peso pluma pero fuerte<\/h4>\n<\/li>\n<\/ul>\n<p>Aunque son ligeras, las bandejas compostables para pasta de papel son resistentes a las fugas, la grasa y la humedad, por lo que pueden utilizarse incluso con alimentos l\u00edquidos o aceitosos.<\/p>\n<ul>\n<li>\n<h4>Aplicaci\u00f3n innovadora<\/h4>\n<\/li>\n<\/ul>\n<p>Estas bandejas est\u00e1n dise\u00f1adas para diferentes tipos de envasado de alimentos, apilamiento y presentaci\u00f3n en tiendas, servicio de comidas para llevar y catering. Son adecuadas tanto para alimentos fr\u00edos como calientes.<\/p>\n<ul>\n<li>\n<h4>Seguro y no t\u00f3xico<\/h4>\n<\/li>\n<\/ul>\n<p>La producci\u00f3n de estas bandejas no implica el uso de sustancias qu\u00edmicas y toxinas peligrosas, lo que las hace seguras para uso alimentario.<\/p>\n<p>&nbsp;<\/p>\n<h2><a href=\"https:\/\/www.bioleaderpack.com\/es\/proceso-de-produccion-de-vajilla-de-moldeo-de-pulpa-de-bagazo-de-cana-de-azucar\/\" target=\"_blank\">Proceso de producci\u00f3n: Moldeo de pasta de papel<\/a><\/h2>\n<p>Producci\u00f3n de\u00a0<strong>bandeja compostable bandejas moldeadas de pasta de papel<\/strong>\u00a0sigue algunos pasos importantes:<\/p>\n<ol>\n<li><strong>Preparaci\u00f3n del material:<\/strong>\u00a0Se obtiene fibra de papel de bagazo de ca\u00f1a de az\u00facar y se transforma en pulpa fina para facilitar el moldeo.<\/li>\n<li><strong>Proceso de moldeo:<\/strong> La pulpa en formas de bandeja predeterminadas se consigue mediante el uso de equipos y m\u00e1quinas especiales de moldeado. Las bandejas moldeadas tambi\u00e9n se someten a secado para conseguir las caracter\u00edsticas de durabilidad y resistencia deseadas.<\/li>\n<li><strong>Acabado:<\/strong>\u00a0Tras el secado, las bandejas se someten a cualquier requisito de acabado, como el recorte u otros procesos de acabado destinados a mejorar la calidad de las bandejas.<\/li>\n<\/ol>\n<h2>Aplicaciones de las bandejas compostables moldeadas de pasta de papel<\/h2>\n<ul>\n<li><strong>Venta al por menor de alimentos:<\/strong>\u00a0El m\u00e1s adecuado para guardar ingredientes sin clasificar y art\u00edculos envasados en supermercados y tiendas de comestibles.<\/li>\n<li><strong>Servicio de comidas:<\/strong>\u00a0Se utiliza especialmente para servir comida en lugares como hoteles, cafeter\u00edas e incluso en eventos en los que se ofrece catering de interfaz. Proporciona un enfoque rentable frente a los envases de pl\u00e1stico o poliestireno utilizados en estos entornos.<\/li>\n<li><strong>Comida para llevar y reparto:<\/strong>\u00a0Estas bandejas son adecuadas para envasar comida para llevar y platos precocinados de empresas de reparto de comida, ya que mantienen los alimentos en buen estado y adem\u00e1s son ecol\u00f3gicas.<\/li>\n<li><strong>Eventos y funciones:<\/strong> Tambi\u00e9n se pueden utilizar en ocasiones especiales o funciones como fiestas en las que se servir\u00e1 comida y se necesitan paquetes de comida \u00fanicos.<\/li>\n<\/ul>\n<p>&nbsp;<\/p>\n<p align=\"left\"><img decoding=\"async\" src=\"https:\/\/www.bioleaderpack.com\/wp-content\/uploads\/2023\/03\/Tray4_1679236277698-2.jpg\" alt=\"bandeja biodegradable para envasado de alimentos\" width=\"47.8%\" \/> <img decoding=\"async\" src=\"https:\/\/www.bioleaderpack.com\/wp-content\/uploads\/2023\/03\/Tray2_1679236346644-2.jpg\" alt=\"bandeja biodegradable para alimentos\" width=\"48.5%\" \/><\/p>\n<h2>Conclusi\u00f3n<\/h2>\n<p>Los efectos del calentamiento global sobre el clima y el ecosistema han captado en gran medida la atenci\u00f3n de responsables pol\u00edticos, consumidores y minoristas. Datos recientes demuestran que, independientemente de los costes adicionales en que se incurra, los envases no convencionales para servicios alimentarios son deseados tanto por los consumidores como por los minoristas. Los cartones interiores de larga duraci\u00f3n y alta calidad fabricados con materiales compuestos laminados fibrosos suponen un ahorro de costes para los fabricantes y los operadores de servicios alimentarios.<\/p>\n<h2 data-start=\"138\" data-end=\"162\">FAQ (La gente tambi\u00e9n pregunta)<\/h2>\n<h4 data-start=\"164\" data-end=\"215\">1. \u00bfDe qu\u00e9 est\u00e1n hechas las bandejas de pasta de papel moldeada?<\/h4>\n<p data-start=\"216\" data-end=\"455\">Las bandejas moldeadas de pasta de papel se fabrican con papel reciclado, cart\u00f3n o fibras agr\u00edcolas como el bagazo de ca\u00f1a de az\u00facar. El material se transforma en pulpa y se moldea en bandejas duraderas y compostables adecuadas para envases alimentarios e industriales.<\/p>\n<h4 data-start=\"457\" data-end=\"507\">2. \u00bfLas bandejas de pasta moldeada son totalmente compostables?<\/h4>\n<p data-start=\"508\" data-end=\"722\">S\u00ed. Estas bandejas son 100% compostables y biodegradables. En condiciones de compostaje industrial, suelen descomponerse en 60-90 d\u00edas, y en sistemas de compostaje dom\u00e9stico, se descomponen de forma natural en 90-120 d\u00edas.<\/p>\n<h4 data-start=\"724\" data-end=\"777\">3. \u00bfPara qu\u00e9 se utilizan las bandejas moldeadas compostables?<\/h4>\n<p data-start=\"778\" data-end=\"1011\">Se utilizan ampliamente en la restauraci\u00f3n (como bandejas de comida, bandejas de fruta y verdura o envases para bocadillos), as\u00ed como en electr\u00f3nica, cosm\u00e9tica y envases m\u00e9dicos. Su estructura proporciona amortiguaci\u00f3n y protecci\u00f3n sin residuos pl\u00e1sticos.<\/p>\n<h4 data-start=\"1013\" data-end=\"1077\">4. \u00bfSon seguras las bandejas de pasta de papel moldeada para alimentos calientes o fr\u00edos?<\/h4>\n<p data-start=\"1078\" data-end=\"1266\">S\u00ed. Las bandejas de pulpa moldeada de alta calidad son resistentes al calor hasta 120\u00b0C y al congelador hasta -10\u00b0C. Son aptas para microondas y adecuadas para platos principales calientes, ensaladas fr\u00edas o alimentos refrigerados.<\/p>\n<h4 data-start=\"1268\" data-end=\"1344\">5. \u00bfPuedo comprar bandejas de pasta de papel compostable a granel con dise\u00f1o personalizado?<\/h4>\n<p data-start=\"1345\" data-end=\"1570\">Absolutamente. Los fabricantes ofrecen suministros al por mayor a granel con servicios OEM\/ODM que incluyen formas, tama\u00f1os y dise\u00f1os de compartimentos personalizados, logotipos en relieve y envases de marca propia, ideales para marcas de alimentaci\u00f3n y l\u00edneas de productos sostenibles.<\/p>\n<h2>Packaging Insight: Las ventajas de las bandejas de pasta de papel moldeadas compostables<\/h2>\n<div class=\"semantic-insight-block\" style=\"background: #f6f6f9; border-left: 4px solid #2196f3; padding: 16px; margin-bottom: 24px;\">\n<ul style=\"margin: 8px 0 0 20px;\">\n<li><strong>\u00bfC\u00f3mo contribuyen las bandejas de pasta moldeada compostables a la sostenibilidad medioambiental?<\/strong><br \/>\nFabricadas con pulpa de papel renovable, estas bandejas se biodegradan de forma natural en sistemas de compostaje industriales y dom\u00e9sticos, reduciendo significativamente los residuos de los vertederos.<\/li>\n<li><strong>\u00bfPor qu\u00e9 las bandejas de pasta moldeada son la opci\u00f3n preferida para el envasado de alimentos?<\/strong><br \/>\nSu robusta estructura protege los alimentos durante el transporte y la manipulaci\u00f3n, manteniendo la integridad del producto al tiempo que ofrece una alternativa ecol\u00f3gica a los envases de pl\u00e1stico.<\/li>\n<li><strong>\u00bfQu\u00e9 industrias se benefician m\u00e1s del uso de bandejas de pasta moldeada compostable?<\/strong><br \/>\nLos sectores de servicios alimentarios, catering y venta al por menor aprovechan estas bandejas para satisfacer la creciente demanda de envases sostenibles por parte de los consumidores y cumplir la normativa medioambiental.<\/li>\n<li><strong>\u00bfC\u00f3mo pueden las empresas aumentar el valor de su marca mediante envases ecol\u00f3gicos?<\/strong><br \/>\nLa impresi\u00f3n personalizada y las opciones de marca en las bandejas de pulpa moldeada ayudan a comunicar los compromisos de sostenibilidad a los consumidores concienciados con el medio ambiente.<\/li>\n<li><strong>\u00bfQu\u00e9 consideraciones deben tenerse en cuenta para la eliminaci\u00f3n?<\/strong><br \/>\nUnas instalaciones de compostaje adecuadas garantizan que estas bandejas se descompongan de forma eficaz, cerrando el c\u00edrculo de la gesti\u00f3n sostenible del ciclo de vida de los envases.<\/li>\n<\/ul>\n<div style=\"margin-top: 12px;\"><strong>Palabras clave:<\/strong> bandejas de pasta moldeada compostables, bandejas biodegradables para alimentos, envases de pasta de papel, envases sostenibles para alimentos, bandejas ecol\u00f3gicas para comida para llevar, bandejas compostables Bioleader<\/div>\n<\/div>\n<p><script type=\"application\/ld+json\">{\n    \"@context\": \"https:\\\/\\\/schema.org\",\n    \"@type\": \"FAQPage\",\n    \"mainEntity\": [\n        {\n            \"@type\": \"Question\",\n            \"name\": \"What are molded paper pulp trays made of?\",\n            \"acceptedAnswer\": {\n                \"@type\": \"Answer\",\n                \"text\": \"Molded paper pulp trays are made from recycled paper, cardboard, or agricultural fibers such as sugarcane bagasse. The material is processed into a pulp and molded into durable, compostable trays suitable for food and industrial packaging.\"\n            }\n        },\n        {\n            \"@type\": \"Question\",\n            \"name\": \"Are molded pulp trays fully compostable?\",\n            \"acceptedAnswer\": {\n                \"@type\": \"Answer\",\n                \"text\": \"Yes. These trays are 100% compostable and biodegradable. Under industrial composting conditions, they typically decompose within 60\\u201390 days, and in home composting systems, they break down naturally in 90\\u2013120 days.\"\n            }\n        },\n        {\n            \"@type\": \"Question\",\n            \"name\": \"What are compostable molded trays used for?\",\n            \"acceptedAnswer\": {\n                \"@type\": \"Answer\",\n                \"text\": \"They are widely used in foodservice (as meal trays, fruit and vegetable trays, or sandwich packs), as well as in electronics, cosmetics, and medical packaging. Their structure provides cushioning and protection without plastic waste.\"\n            }\n        },\n        {\n            \"@type\": \"Question\",\n            \"name\": \"Are molded paper pulp trays safe for hot or cold food?\",\n            \"acceptedAnswer\": {\n                \"@type\": \"Answer\",\n                \"text\": \"Yes. High-quality molded pulp trays are heat-resistant up to 120\\u00b0C and freezer-safe down to -10\\u00b0C. They are microwave-safe and suitable for hot entrees, cold salads, or refrigerated items.\"\n            }\n        },\n        {\n            \"@type\": \"Question\",\n            \"name\": \"Can I buy compostable paper pulp trays in bulk with custom design?\",\n            \"acceptedAnswer\": {\n                \"@type\": \"Answer\",\n                \"text\": \"Absolutely. Manufacturers offer bulk wholesale supply with OEM\\\/ODM services including custom shapes, sizes, compartment designs, logo embossing, and private label packaging\\u2014ideal for food brands and sustainable product lines.\"\n            }\n        }\n    ]\n}<\/script><\/p>","protected":false},"excerpt":{"rendered":"<p data-start=\"220\" data-end=\"571\">Bioleader <strong data-start=\"232\" data-end=\"271\">Bandejas de pasta de papel moldeado compostable<\/strong> ofrecen una soluci\u00f3n ecol\u00f3gica, rentable y duradera para el envasado de alimentos y la exposici\u00f3n de productos. Fabricadas con fibra moldeada biodegradable, estas bandejas son resistentes al aceite, apilables e ideales para supermercados, catering y envasado para llevar, dise\u00f1adas para empresas comprometidas con la reducci\u00f3n del uso de pl\u00e1stico.<\/p>","protected":false},"featured_media":17919,"comment_status":"open","ping_status":"closed","template":"","meta":{"_acf_changed":false},"product_brand":[8971],"product_cat":[7148],"product_tag":[6927,6928,6436,6930,6931,6932,6934,6935,6408,6936,6938,6939,6432,6940,6941,6942,6943],"class_list":{"0":"post-13583","1":"product","2":"type-product","3":"status-publish","4":"has-post-thumbnail","6":"product_brand-bioleader","7":"product_cat-bagasse-tray","8":"product_tag-compostable-food-packaging","9":"product_tag-compostable-food-tray","10":"product_tag-compostable-food-trays","11":"product_tag-compostable-fruit-packaging","12":"product_tag-compostable-fruit-tray","13":"product_tag-compostable-meat-packaging","14":"product_tag-compostable-meat-tray","15":"product_tag-compostable-pulp-trays","16":"product_tag-compostable-tray","17":"product_tag-compostable-vegetable-packaging","18":"product_tag-compostable-vegetable-tray","19":"product_tag-food-packaging-tray-biodegradable","20":"product_tag-molded-pulp-trays","21":"product_tag-paper-pulp-tray","22":"product_tag-paper-trays","23":"product_tag-pulp-tray","24":"product_tag-tray-compostable","26":"first","27":"instock","28":"purchasable","29":"product-type-simple"},"acf":[],"_links":{"self":[{"href":"https:\/\/www.bioleaderpack.com\/es\/wp-json\/wp\/v2\/product\/13583","targetHints":{"allow":["GET"]}}],"collection":[{"href":"https:\/\/www.bioleaderpack.com\/es\/wp-json\/wp\/v2\/product"}],"about":[{"href":"https:\/\/www.bioleaderpack.com\/es\/wp-json\/wp\/v2\/types\/product"}],"replies":[{"embeddable":true,"href":"https:\/\/www.bioleaderpack.com\/es\/wp-json\/wp\/v2\/comments?post=13583"}],"wp:featuredmedia":[{"embeddable":true,"href":"https:\/\/www.bioleaderpack.com\/es\/wp-json\/wp\/v2\/media\/17919"}],"wp:attachment":[{"href":"https:\/\/www.bioleaderpack.com\/es\/wp-json\/wp\/v2\/media?parent=13583"}],"wp:term":[{"taxonomy":"product_brand","embeddable":true,"href":"https:\/\/www.bioleaderpack.com\/es\/wp-json\/wp\/v2\/product_brand?post=13583"},{"taxonomy":"product_cat","embeddable":true,"href":"https:\/\/www.bioleaderpack.com\/es\/wp-json\/wp\/v2\/product_cat?post=13583"},{"taxonomy":"product_tag","embeddable":true,"href":"https:\/\/www.bioleaderpack.com\/es\/wp-json\/wp\/v2\/product_tag?post=13583"}],"curies":[{"name":"wp","href":"https:\/\/api.w.org\/{rel}","templated":true}]}}