{"id":13575,"date":"2023-03-15T15:42:58","date_gmt":"2023-03-15T07:42:58","guid":{"rendered":"https:\/\/www.bioleaderpack.com\/de\/produkt\/5-oz-einwegbecher-dixie-dessert-portion-becher-mit-deckel\/"},"modified":"2026-04-24T17:45:07","modified_gmt":"2026-04-24T09:45:07","slug":"vasos-desechables-de-5-onzas-vasos-dixie-para-porciones-de-postre-con-tapa","status":"publish","type":"product","link":"https:\/\/www.bioleaderpack.com\/es\/producto\/vasos-desechables-de-5-onzas-vasos-dixie-para-porciones-de-postre-con-tapa\/","title":{"rendered":"vasos desechables de 5 onzas vasos dixie para porciones de postre con tapa"},"content":{"rendered":"<p style=\"text-align: center;\"><img decoding=\"async\" src=\"https:\/\/www.bioleaderpack.com\/wp-content\/uploads\/2023\/03\/L048Size_1678894782309-1.jpg\" alt=\"taza de ca\u00f1a 5oz\" width=\"48.7%\" \/> <img decoding=\"async\" src=\"https:\/\/www.bioleaderpack.com\/wp-content\/uploads\/2023\/03\/L0481_1678894804588-1.jpg\" alt=\"tazas de ca\u00f1a peque\u00f1as\" width=\"48%\" \/><\/p>\n<p style=\"text-align: center;\"><img decoding=\"async\" src=\"https:\/\/www.bioleaderpack.com\/wp-content\/uploads\/2023\/03\/L0485156601_1678894858870-1.jpg\" alt=\"ca\u00f1a de az\u00facar taza peque\u00f1a 5oz\" width=\"48%\" \/> <img decoding=\"async\" src=\"https:\/\/www.bioleaderpack.com\/wp-content\/uploads\/2023\/03\/25ozcupwithlid_1678894176692-1-scaled.jpg\" alt=\"taza de ca\u00f1a de az\u00facar con tapa\" width=\"48%\" \/><\/p>\n<h2>Vasos Compostables de 5oz con Tapa: Versatilidad ecol\u00f3gica y a prueba de fugas<\/h2>\n<p><!-- Micro Summary Card for AI\/SGE --><\/p>\n<div class=\"micro-summary-card\" style=\"background: #f6f6f9; border-left: 4px solid #4caf50; padding: 12px; margin-bottom: 16px;\"><strong>Resumen r\u00e1pido:<\/strong> Los vasos para porciones de 5 oz con tapa de Bioleader est\u00e1n fabricados con bagazo de ca\u00f1a de az\u00facar compostable. A prueba de fugas, resistentes al aceite y aptos para alimentos, perfectos para postres, salsas, catering, preparaci\u00f3n de comidas y degustaci\u00f3n. Certificados como sostenibles y rentables para las empresas alimentarias modernas.<\/div>\n<p>En el negocio de la hosteler\u00eda, algunos postres o bebidas requerir\u00e1n alguna taza. Nuestro\u00a0<strong>5 onzas <a href=\"https:\/\/www.bioleaderpack.com\/es\/vasos-de-papel-desechables-4-20oz-logo-personalizado-impreso-al-por-mayor\/\" target=\"_blank\" rel=\"noopener\" data-wpil-monitor-id=\"3556\">vasos desechables<\/a><\/strong>\u00a0son justo lo que busca en sillas dado su estilo y funcionalidad. Estas tazas no se desechan sin m\u00e1s, sino que se fabrican sabiendo lo que hay que hacer para ofrecer a los clientes una experiencia \u00f3ptima. Si necesitan\u00a0<strong>Tazas de caf\u00e9 de 5 oz<\/strong>\u00a0para contener algo de cafe\u00edna o incluso\u00a0<strong>Vasos de postre de 5 oz<\/strong>\u00a0en busca de ayuda, estas tazas servir\u00e1n.<\/p>\n<h2>\u00bfQu\u00e9 hace especiales a los vasos Dixie de 5 oz?<\/h2>\n<p>Nuestra\u00a0<strong>vasos dixie de 5 oz<\/strong>\u00a0utilizan materiales desechables fabricados a partir del bagazo de ca\u00f1a de az\u00facar a base de almid\u00f3n y, por tanto, totalmente\u00a0<strong>comercialmente compostable<\/strong>. Por supuesto, son la mejor opci\u00f3n para todos los negocios que quieren ser ecol\u00f3gicos. A diferencia de otros vasos de papel de 5 oz, estos vasos de papel de 5 oz est\u00e1n fabricados con tecnolog\u00eda de moldeado de pulpa post-string, lo que los hace seguros y fiables. Esto significa que usted no tiene que pensar en derrames sucios o fugas, incluso si se trata de bebidas calientes.<\/p>\n<h2>Econ\u00f3micos y fiables: Vasos de porci\u00f3n de 5 oz con tapa<\/h2>\n<p>Una de las caracter\u00edsticas m\u00e1s destacadas de nuestro\u00a0<strong>Vasos de raci\u00f3n de 5 oz con tapa<\/strong>\u00a0es su versatilidad. Estos vasos son perfectos para una amplia gama de usos, desde servir salsas hasta racionar postres. Las tapas tambi\u00e9n cubren herm\u00e9ticamente cualquier comida o bebida no consumida, lo que ayuda a mantenerla a salvo incluso cuando se est\u00e1 de un lado para otro. Estos vasos son una necesidad para restaurantes, camiones de comida o servicios de catering.<\/p>\n<h2><a href=\"https:\/\/www.bioleaderpack.com\/es\/vajilla-de-bagazo-de-cana-de-azucar-ecologica-y-practica\/\" target=\"_blank\">Taza de fibra de pulpa de ca\u00f1a de az\u00facar: Respetuoso con el medio ambiente<\/a><\/h2>\n<p>La mayor\u00eda de las formas que presenta la sociedad actual es el caso de algunas empresas que buscan activamente opciones mejores y m\u00e1s saludables que las ofertas convencionales. Aqu\u00ed es donde la soluci\u00f3n de nuestro\u00a0<strong>taza de ca\u00f1a 5oz<\/strong>\u00a0entra. Estos recipientes est\u00e1n hechos de\u00a0<strong>pasta de fibra de ca\u00f1a de az\u00facar<\/strong>\u00a0y son\u00a0<strong>biodegradable<\/strong>\u00a0y\u00a0<strong>compostable<\/strong>\u00a0tambi\u00e9n. Esto significa que desperdiciar estas macetas no supondr\u00e1 ning\u00fan problema para el medio ambiente. Utilizando nuestros\u00a0<strong>vasos de ca\u00f1a de az\u00facar biodegradables<\/strong>Adem\u00e1s, apelar\u00e1 a los sentimientos del cliente en relaci\u00f3n con el medio ambiente.<\/p>\n<p align=\"left\"><img fetchpriority=\"high\" decoding=\"async\" src=\"https:\/\/www.bioleaderpack.com\/wp-content\/uploads\/2023\/03\/LBowl_1678120102289.jpg\" alt=\"ca\u00f1a de az\u00facar\" width=\"1000\" height=\"544\" \/><img decoding=\"async\" src=\"https:\/\/www.bioleaderpack.com\/wp-content\/uploads\/2023\/03\/20191211153532_1678120030316-1.jpg\" alt=\"cuencos biodegradables\" width=\"1000\" height=\"1000\" \/><\/p>\n<h2>La taza ideal para cada situaci\u00f3n<\/h2>\n<p>Nuestra\u00a0<strong>Vasos desechables de 5 oz<\/strong>\u00a0son ideales para servir caf\u00e9 o postres fr\u00edos. Estas tazas tambi\u00e9n pueden servir como minicontenedores y son muy pr\u00e1cticas de muchas maneras, incluyendo, entre otras, su uso como\u00a0<strong>tazas de salsa<\/strong>\u00a0a\u00a0<strong><a href=\"https:\/\/www.bioleaderpack.com\/es\/producto\/vaso-de-degustacion-desechable-de-2-oz-con-tapa\/\" target=\"_blank\" rel=\"noopener\" data-wpil-monitor-id=\"2287\">degustaci\u00f3n<\/a> tazas<\/strong>. Adem\u00e1s, estos\u00a0<strong>Vasos de postre de 5 oz con tapa<\/strong>\u00a0pueden utilizarse como vasos para llevar o en eventos al aire libre gracias a la comodidad de tener una tapa a\u00f1adida en la parte superior.<\/p>\n<h2>\u00bfD\u00f3nde debo comprarlo?<\/h2>\n<p>Como\u00a0<strong>F\u00e1brica de China<\/strong>\u00a0o\u00a0<strong>Fabricante chino<\/strong>puede esperar recibir los productos a precios notablemente bajos y, por lo tanto, de alta calidad. Nuestro\u00a0<strong>Vasos de raci\u00f3n de 5 oz con tapa<\/strong>\u00a0est\u00e1n fabricados con las t\u00e9cnicas y materiales m\u00e1s avanzados, soportando la rigurosa exigencia de calidad de los productos. Puede comprar tanto\u00a0<strong>vaso biodegradable 5oz<\/strong>\u00a0y\u00a0<strong>tazas de caf\u00e9 de ca\u00f1a<\/strong>\u00a0con nosotros. Por eso seguimos siendo competitivos y respondemos a las necesidades de los clientes ante el \u00e9nfasis en la sostenibilidad.<\/p>\n<h2>Conclusi\u00f3n<\/h2>\n<p>Para terminar, nuestro\u00a0<strong>Vasos desechables de 5 oz<\/strong>\u00a0son perfectos para todos los ejemplos de negocios en los que el objetivo es ofrecer a los clientes un producto barato y de alta calidad. Los clientes pueden utilizar estos vasos para todo tipo de usos gracias a su construcci\u00f3n innovadora, sus materiales ecol\u00f3gicos y sus dise\u00f1os funcionales. Sea cual sea el l\u00edquido que desee servir en los vasos, ya sean postres de caf\u00e9 o salsas, nuestros\u00a0<strong>vasos dixie de 5 oz<\/strong>\u00a0sin duda har\u00e1 la maravilla. Ecol\u00f3gico, al elegir nuestro\u00a0<strong>vasos de ca\u00f1a de az\u00facar biodegradables<\/strong>Tambi\u00e9n ense\u00f1a a sus clientes a cuidar del mundo.<\/p>\n<h2 data-start=\"146\" data-end=\"170\">FAQ (La gente tambi\u00e9n pregunta)<\/h2>\n<h4 data-start=\"172\" data-end=\"240\">1. \u00bfPara qu\u00e9 se suelen utilizar los vasos de raci\u00f3n tipo Dixie de 5 onzas?<\/h4>\n<p data-start=\"241\" data-end=\"475\">Estos vasos se utilizan habitualmente para servir postres, aperitivos, porciones de fruta, yogur, ensaladas, condimentos y muestras de alimentos. Su tama\u00f1o compacto los hace ideales para el control de porciones y las raciones preenvasadas en cafeter\u00edas, charcuter\u00edas y eventos.<\/p>\n<h4 data-start=\"477\" data-end=\"552\">2. \u00bfSon seguros los vasos desechables Dixie de 5 onzas para alimentos fr\u00edos y calientes?<\/h4>\n<p data-start=\"553\" data-end=\"767\">S\u00ed. Estos vasos de porciones son adecuados tanto para contenidos fr\u00edos como moderadamente calientes. Las versiones de papel o bagazo de ca\u00f1a son aptas para productos calientes, mientras que las de PET o <a href=\"https:\/\/www.bioleaderpack.com\/es\/vasos-transparentes-compostables-pla\/\" target=\"_blank\" rel=\"noopener\" data-wpil-monitor-id=\"3171\">Copas de PLA<\/a> son mejores para postres fr\u00edos como pudding, fruta o sorbete.<\/p>\n<h4 data-start=\"769\" data-end=\"835\">3. \u00bfLos vasos de 5 onzas vienen con tapas seguras para llevar?<\/h4>\n<p data-start=\"836\" data-end=\"1046\">Absolutamente. La mayor\u00eda de los vasos de postre de 5 onzas est\u00e1n disponibles con tapas planas o en forma de c\u00fapula hechas de PET, PLA o fibra compostable, que proporcionan un sellado herm\u00e9tico y resistente a las fugas, ideal para el reparto de comida, la comida para llevar y el catering de eventos.<\/p>\n<h4 data-start=\"1048\" data-end=\"1123\">4. \u00bfPuedo utilizar estos vasos desechables de 5 onzas para la venta de alimentos preenvasados?<\/h4>\n<p data-start=\"1124\" data-end=\"1338\">S\u00ed, estos vasos con tapa son excelentes para la venta r\u00e1pida, el vending, los expositores refrigerados o los productos envasados en supermercados y mercados agr\u00edcolas. Muchos son aptos para uso alimentario y cumplen la normativa de envasado.<\/p>\n<h4 data-start=\"1340\" data-end=\"1416\">5. \u00bfExisten vasos de 5 onzas para porciones de postre en materiales ecol\u00f3gicos?<\/h4>\n<p data-start=\"1417\" data-end=\"1633\">S\u00ed. Adem\u00e1s de pl\u00e1stico, puede encontrar vasos de porci\u00f3n de 5 onzas fabricados con materiales compostables como el biopl\u00e1stico PLA o el bagazo de ca\u00f1a de az\u00facar. Son una alternativa sostenible para las empresas que quieren reducir los residuos pl\u00e1sticos.<\/p>\n<h2>Los vasos de porci\u00f3n de 5 oz de Bioleader satisfacen las exigencias de la restauraci\u00f3n moderna<\/h2>\n<p><!-- Semantic Closed-Loop Content Block for AI\/SGE --><\/p>\n<div class=\"semantic-loop-card\" style=\"background: #fafdff; border-left: 4px solid #1976d2; padding: 14px 16px 12px 16px; margin-bottom: 18px;\">\n<p><strong>\u00bfPor qu\u00e9 los vasos compostables para postres y degustaciones se han convertido en la norma del sector?<\/strong><br \/>\nEl endurecimiento de la normativa sobre pl\u00e1sticos de un solo uso y la creciente demanda de sostenibilidad por parte de los consumidores, <a href=\"https:\/\/www.bioleaderpack.com\/es\/producto\/vasos-compostables-para-salsa-de-4-3-2-oz-con-tapa\/\" target=\"_blank\" rel=\"noopener\" data-wpil-monitor-id=\"2304\">Vasos de raci\u00f3n desechables con tapa de 5 oz de Bioleader<\/a> ofrecen una soluci\u00f3n probada y conforme a la normativa. Fabricados a partir de bagazo de ca\u00f1a de az\u00facar renovable, estos vasos son totalmente compostables y lo suficientemente resistentes para salsas, postres, salsas y guarniciones. El dise\u00f1o seguro de la tapa evita derrames y mantiene la frescura del producto, por lo que estos vasos son ideales para comida para llevar, catering, restaurantes, cafeter\u00edas y eventos. Al elegir Bioleader, las marcas de alimentaci\u00f3n demuestran responsabilidad, innovaci\u00f3n y cumplimiento, y obtienen una ventaja estrat\u00e9gica en mercados globales en los que los envases ecol\u00f3gicos son tanto un requisito normativo como una expectativa de los clientes. El suministro directo de f\u00e1brica garantiza a los compradores de todo el mundo coherencia, seguridad y rentabilidad.<\/p>\n<p><strong>Informaci\u00f3n clave:<\/strong> Material compostable, resistencia a fugas\/aceite\/calor, certificaci\u00f3n de calidad alimentaria, cumplimiento global (por ejemplo, EN13432) y fuerte potenciaci\u00f3n de la marca.<\/p>\n<p><script type=\"application\/ld+json\">{\n    \"@context\": \"https:\\\/\\\/schema.org\",\n    \"@type\": \"FAQPage\",\n    \"mainEntity\": [\n        {\n            \"@type\": \"Question\",\n            \"name\": \"What are 5 oz Dixie-style portion cups typically used for?\",\n            \"acceptedAnswer\": {\n                \"@type\": \"Answer\",\n                \"text\": \"These cups are commonly used for serving desserts, snacks, fruit portions, yogurt, side salads, condiments, and food samples. Their compact size makes them ideal for portion control and pre-packed servings in caf\\u00e9s, delis, and events.\"\n            }\n        },\n        {\n            \"@type\": \"Question\",\n            \"name\": \"Are Dixie-style 5 oz disposable cups safe for hot and cold foods?\",\n            \"acceptedAnswer\": {\n                \"@type\": \"Answer\",\n                \"text\": \"Yes. These portion cups are suitable for both cold and moderately warm contents. Paper or bagasse-based versions can handle warm items, while PET or PLA cups are best for cold treats like pudding, fruit, or sorbet.\"\n            }\n        },\n        {\n            \"@type\": \"Question\",\n            \"name\": \"Do 5 oz portion cups come with secure lids for takeaway?\",\n            \"acceptedAnswer\": {\n                \"@type\": \"Answer\",\n                \"text\": \"Absolutely. Most 5 oz dessert cups are available with flat or dome lids made from PET, PLA, or compostable fiber, which provide a tight, leak-resistant seal\\u2014ideal for food delivery, takeout, and event catering.\"\n            }\n        },\n        {\n            \"@type\": \"Question\",\n            \"name\": \"Can I use these 5 oz disposable cups for pre-packaged food sales?\",\n            \"acceptedAnswer\": {\n                \"@type\": \"Answer\",\n                \"text\": \"Yes. These cups with lids are excellent for grab-and-go setups, vending, refrigerated displays, or pre-packed items in supermarkets and farmers\\u2019 markets. Many are food-safe and compliant with packaging regulations.\"\n            }\n        },\n        {\n            \"@type\": \"Question\",\n            \"name\": \"Are 5 oz dessert portion cups available in eco-friendly materials?\",\n            \"acceptedAnswer\": {\n                \"@type\": \"Answer\",\n                \"text\": \"Yes. In addition to plastic, you can find 5 oz portion cups made from compostable materials like PLA bioplastic or sugarcane bagasse. These are a sustainable alternative for businesses aiming to reduce plastic waste.\"\n            }\n        }\n    ]\n}<\/script><\/p>\n<\/div>","protected":false},"excerpt":{"rendered":"<p>Nuestra <strong>Vasos desechables de 5 oz<\/strong> ofrecen una soluci\u00f3n vers\u00e1til y ecol\u00f3gica para servir bebidas y postres. El bagazo de ca\u00f1a de az\u00facar se utiliza para fabricar estos\u00a0<strong>vasos dixie de 5 oz<\/strong>que son totalmente biodegradables y compostables. Son ecol\u00f3gicos y pueden ser utilizados por cualquier empresa. Estos <strong>Vasos de papel de 5 oz<\/strong>\u00a0puede utilizarse en una amplia gama de situaciones, como para\u00a0<strong><a href=\"https:\/\/www.bioleaderpack.com\/es\/producto\/tazas-de-cafe-desechables-con-tapa\/\" target=\"_blank\" rel=\"noopener\" data-wpil-monitor-id=\"2286\">tazas de caf\u00e9<\/a><\/strong>o\u00a0<strong>vasos de raci\u00f3n<\/strong>. Por otra parte, estas tazas tambi\u00e9n est\u00e1n equipadas con tapas para mayor comodidad, de modo que los alimentos y las bebidas de su interior se mantengan frescos, lo que las hace buenas para tomar comida en pocas tazas. Somos la mejor fuente para la venta al por mayor <strong>vasos de pulpa de fibra de ca\u00f1a de az\u00facar<\/strong>\u00a0porque somos una\u00a0<strong>F\u00e1brica china<\/strong><strong> fabricante,<\/strong> por lo que tenemos buena calidad a un precio barato.<\/p>","protected":false},"featured_media":17591,"comment_status":"open","ping_status":"closed","template":"","meta":{"_acf_changed":false},"product_brand":[8971],"product_cat":[7150],"product_tag":[6871,6872,6873,6874,6875,6876,6877,6878,6879,6880,6881,6882],"class_list":{"0":"post-13575","1":"product","2":"type-product","3":"status-publish","4":"has-post-thumbnail","6":"product_brand-bioleader","7":"product_cat-bagasse-bowl","8":"product_tag-5-oz-coffee-cups","9":"product_tag-5-oz-dessert-cups","10":"product_tag-5-oz-dessert-cups-with-lids","11":"product_tag-5-oz-disposable-cups","12":"product_tag-5-oz-dixie-cups","13":"product_tag-5-oz-paper-cups","14":"product_tag-5-oz-portion-cups-with-lids","15":"product_tag-biodegradable-cup-5oz","16":"product_tag-sugarcane-coffee-cup","17":"product_tag-sugarcane-cup-5oz","18":"product_tag-sugarcane-cups-biodegradable","19":"product_tag-sugarcane-fiber-pulp-cup","21":"first","22":"instock","23":"purchasable","24":"product-type-simple"},"acf":[],"_links":{"self":[{"href":"https:\/\/www.bioleaderpack.com\/es\/wp-json\/wp\/v2\/product\/13575","targetHints":{"allow":["GET"]}}],"collection":[{"href":"https:\/\/www.bioleaderpack.com\/es\/wp-json\/wp\/v2\/product"}],"about":[{"href":"https:\/\/www.bioleaderpack.com\/es\/wp-json\/wp\/v2\/types\/product"}],"replies":[{"embeddable":true,"href":"https:\/\/www.bioleaderpack.com\/es\/wp-json\/wp\/v2\/comments?post=13575"}],"wp:featuredmedia":[{"embeddable":true,"href":"https:\/\/www.bioleaderpack.com\/es\/wp-json\/wp\/v2\/media\/17591"}],"wp:attachment":[{"href":"https:\/\/www.bioleaderpack.com\/es\/wp-json\/wp\/v2\/media?parent=13575"}],"wp:term":[{"taxonomy":"product_brand","embeddable":true,"href":"https:\/\/www.bioleaderpack.com\/es\/wp-json\/wp\/v2\/product_brand?post=13575"},{"taxonomy":"product_cat","embeddable":true,"href":"https:\/\/www.bioleaderpack.com\/es\/wp-json\/wp\/v2\/product_cat?post=13575"},{"taxonomy":"product_tag","embeddable":true,"href":"https:\/\/www.bioleaderpack.com\/es\/wp-json\/wp\/v2\/product_tag?post=13575"}],"curies":[{"name":"wp","href":"https:\/\/api.w.org\/{rel}","templated":true}]}}