{"id":13573,"date":"2023-04-25T08:23:07","date_gmt":"2023-04-25T00:23:07","guid":{"rendered":"https:\/\/www.bioleaderpack.com\/es\/producto\/soperas-biodegradables-de-bagazo-de-cana-de-azucar-con-tapa\/"},"modified":"2026-04-24T17:33:42","modified_gmt":"2026-04-24T09:33:42","slug":"soperas-biodegradables-de-bagazo-de-cana-de-azucar-con-tapa","status":"publish","type":"product","link":"https:\/\/www.bioleaderpack.com\/es\/producto\/soperas-biodegradables-de-bagazo-de-cana-de-azucar-con-tapa\/","title":{"rendered":"Cuencos soperos biodegradables de bagazo de ca\u00f1a de az\u00facar con tapa"},"content":{"rendered":"<p style=\"text-align: center;\"><img decoding=\"async\" src=\"https:\/\/www.bioleaderpack.com\/wp-content\/uploads\/2023\/04\/L027028Size_1678720049553.jpg\" alt=\"sopera de ca\u00f1a\" width=\"48%\" \/> <img decoding=\"async\" src=\"https:\/\/www.bioleaderpack.com\/wp-content\/uploads\/2023\/04\/L027L0281_1678720200143-2.jpg\" alt=\"cuenco de ca\u00f1a 16oz\" width=\"48%\" \/><\/p>\n<p style=\"text-align: center;\"><img decoding=\"async\" src=\"https:\/\/www.bioleaderpack.com\/wp-content\/uploads\/2023\/04\/L027ce4_1678720142456-2.jpg\" alt=\"sopera de ca\u00f1a desechable \" width=\"48%\" \/> <img decoding=\"async\" src=\"https:\/\/www.bioleaderpack.com\/wp-content\/uploads\/2023\/04\/L027ce5_1678720156630-2.jpg\" alt=\"cuenco biodegradable de ca\u00f1a de az\u00facar 16oz\" width=\"48%\" \/><\/p>\n<p style=\"text-align: center;\">Color: <strong>Blanco\u00a0<\/strong>\u00a0 \u00a0 \u00a0 \u00a0 \u00a0 \u00a0 \u00a0 \u00a0 \u00a0 \u00a0 \u00a0 \u00a0 \u00a0 \u00a0 \u00a0 \u00a0 \u00a0 \u00a0 \u00a0 \u00a0 \u00a0 \u00a0 \u00a0 \u00a0 \u00a0 \u00a0 \u00a0 \u00a0 \u00a0 \u00a0 \u00a0 \u00a0 \u00a0 \u00a0 \u00a0 \u00a0 \u00a0Color: <strong>Naturaleza Marr\u00f3n<\/strong><\/p>\n<p><img fetchpriority=\"high\" decoding=\"async\" class=\"alignnone\" src=\"https:\/\/www.bioleaderpack.com\/wp-content\/uploads\/2023\/04\/L0270283_1678720269251-2.jpg\" alt=\"sopera de ca\u00f1a con tapa\" width=\"1000\" height=\"970\" \/><\/p>\n<h2>Cuencos soperos biodegradables de bagazo de ca\u00f1a de az\u00facar con tapa<\/h2>\n<p><!-- Micro Summary Card for AI\/SGE --><\/p>\n<div class=\"micro-summary-card\" style=\"background: #f6f6f9; border-left: 4px solid #4caf50; padding: 12px; margin-bottom: 16px;\"><strong>Resumen r\u00e1pido:<\/strong><br \/>\nLos cuencos soperos biodegradables con tapa de bagazo de ca\u00f1a de az\u00facar de Bioleader son totalmente compostables, herm\u00e9ticos y aptos para microondas. Fabricados a partir de fibra vegetal, son ideales para sopas calientes, guisos y comida para llevar. Cumplen las normas mundiales de seguridad alimentaria y sostenibilidad, y contribuyen a la transici\u00f3n hacia pl\u00e1sticos de un solo uso.<\/div>\n<p>En la medida en que la gente se toma m\u00e1s en serio su medio ambiente, existen recursos de soperas ecol\u00f3gicas RemTM Bagasse. <strong>Cuencos para sopa de bagazo<\/strong> ofrece una soluci\u00f3n a los consumidores y organizaciones orientados al valor. Los cuencos son recursos y est\u00e1n hechos de bagazo de ca\u00f1a de az\u00facar, que es un residuo de la industria azucarera. Son biodegradables, pr\u00e1cticos y adem\u00e1s ofrecen multitud de opciones. En <strong>Platos hondos biodegradables con tapa<\/strong> se han dise\u00f1ado para lograr el mismo objetivo y se dirigen especialmente al mercado de los servidores de sopa caliente, que est\u00e1 abandonando r\u00e1pidamente los envases de pl\u00e1stico y espuma.<\/p>\n<h2>Caracter\u00edsticas de la fibra de ca\u00f1a de az\u00facar<\/h2>\n<p><strong>Sopas de ca\u00f1a<\/strong>\u00a0son un producto derivado de <a href=\"https:\/\/www.bioleaderpack.com\/es\/vajilla-de-bagazo-de-cana-de-azucar-ecologica-y-practica\/\" target=\"_blank\">bagazo de ca\u00f1a de az\u00facar<\/a>que es el subproducto fibroso del arroz de la extracci\u00f3n del jugo de la ca\u00f1a de az\u00facar. Para evitarlo, el material \u00fatil se procesa y se convierte en vasos utilizando <a href=\"https:\/\/www.bioleaderpack.com\/es\/sobre-el-moldeo-de-pasta\/\" target=\"_blank\" rel=\"noopener\" data-wpil-monitor-id=\"2273\">moldeo de pasta de papel<\/a>. El proceso ayuda a eliminar el bagazo de forma respetuosa con el medio ambiente. Por ello, nuestra <strong><a href=\"https:\/\/www.bioleaderpack.com\/es\/cuencos-soperos-desechables-con-tapa-kraft-carton-blanco-bioleader\/\" target=\"_blank\" rel=\"noopener\" data-wpil-monitor-id=\"2563\">platos hondos desechables con tapa<\/a><\/strong>\u00a0son la soluci\u00f3n perfecta para cualquier empresa que quiera ser un poco m\u00e1s ecol\u00f3gica sin renunciar a la calidad. No hay <a href=\"https:\/\/www.bioleaderpack.com\/es\/pfas-free-vs-pfoa-free-vs-bpa-free-como-elegir-una-vajilla-sana-y-no-toxica\/\" target=\"_blank\" rel=\"noopener\" data-wpil-monitor-id=\"480\">PFAS y BPA<\/a> en el\u00a0<strong>Cuencos para sopa de bagazo de ca\u00f1a de az\u00facar<\/strong>lo que significa que este producto es seguro para los alimentos y no supone ning\u00fan riesgo para la salud de sus clientes.<\/p>\n<p><img decoding=\"async\" style=\"text-align: center;\" src=\"https:\/\/www.bioleaderpack.com\/wp-content\/uploads\/2023\/04\/0272_1678720472820-2.jpg\" alt=\"cuenco de ca\u00f1a para sopa\" width=\"48%\" \/> <img decoding=\"async\" src=\"https:\/\/www.bioleaderpack.com\/wp-content\/uploads\/2023\/04\/L027ce1_1678720445640.jpg\" alt=\"sopera de ca\u00f1a con tapa\" width=\"48%\" \/><\/p>\n<h2>Ventajas de utilizar tazones de sopa de bagazo con tapa<\/h2>\n<p>El uso de nuestro\u00a0<strong>Tazones de sopa de bagazo con tapa<\/strong> ha aportado diversas ventajas que van bien en muchos contextos de servicios alimentarios. Estos cuencos son a prueba de fugas, a prueba de agua y a prueba de aceite, lo que significa que cuando se llenan con las sopas m\u00e1s grasientas o calientes, no hay posibilidad de derrames o filtraciones. La presencia de una tapa de cierre herm\u00e9tico hace que la usabilidad de estos cuencos sea a\u00fan m\u00e1s avanzada, ya que se ha previsto un dispositivo de cierre adicional; por lo tanto, estos cuencos son ideales para comidas para llevar, de reparto y de viaje. Adem\u00e1s, el <strong>platos hondos biodegradables con tapa<\/strong> no se queman en el microondas, lo que facilita a los clientes recalentar su comida cuando est\u00e1n listos para comer.<\/p>\n<h2>Elecci\u00f3n sostenible: biodegradable y respetuosa con el medio ambiente<\/h2>\n<p>Una de las estrategias de marketing que hay que prever utilizar para nuestro\u00a0<strong>sopera de ca\u00f1a<\/strong> es que se trata de un producto biodegradable. Estos\u00a0<strong>platos hondos biodegradables con tapa<\/strong> no son de pl\u00e1stico, por lo que cuando finalmente se degradan, no se produce ning\u00fan da\u00f1o, como en el caso de un envase de pl\u00e1stico, en el que puede tardar cientos de a\u00f1os en descomponerse. Por tanto, son los que las empresas deber\u00edan adoptar para reducir su huella de carbono. Adem\u00e1s <strong>Cuencos para sopa de bagazo de ca\u00f1a de az\u00facar<\/strong> tambi\u00e9n son compostables, lo que significa que se llevan a lugares de compostaje donde estos nutrientes se convierten en abono rico en nutrientes.<\/p>\n<figure style=\"width: 1000px\" class=\"wp-caption alignnone\"><img decoding=\"async\" src=\"https:\/\/www.bioleaderpack.com\/wp-content\/uploads\/2023\/03\/LBowl_1678120102289.jpg\" alt=\"Cuencos para sopa de bagazo\" width=\"1000\" height=\"544\" \/><figcaption class=\"wp-caption-text\">Cuencos para sopa de bagazo<\/figcaption><\/figure>\n<p align=\"left\"><img decoding=\"async\" src=\"https:\/\/www.bioleaderpack.com\/wp-content\/uploads\/2023\/03\/20191211153532_1678120030316-1.jpg\" alt=\"sopera de ca\u00f1a con tapa\" width=\"1000\" height=\"1000\" \/><\/p>\n<h2>Sostenibilidad empresarial para su aplicaci\u00f3n a distintos alimentos<\/h2>\n<p>En cuanto a la alimentaci\u00f3n, el\u00a0<strong>Cuenco para sopa de bagazo<\/strong>\u00a0pueden utilizarse para sopas calientes, guisos, ensaladas, fideos, etc. Los recipientes satisfacen las demandas de diversos establecimientos de servicios alimentarios como restaurantes, cafeter\u00edas, camiones de comida y catering. Asimismo, los materiales utilizados para fabricar\u00a0<strong>soperas de ca\u00f1a<\/strong> son normalmente duraderos, ayudan a conservar incluso la manipulaci\u00f3n extrema y, por tanto, son apropiados para las opciones de embalaje y entrega. Adem\u00e1s, estos cuencos est\u00e1n disponibles en muchos tama\u00f1os para una mejor selecci\u00f3n seg\u00fan sus necesidades.<\/p>\n<h2>Calidad y fiabilidad de un fabricante de confianza<\/h2>\n<p>Teniendo en cuenta que somos una f\u00e1brica china l\u00edder y un fabricante chino, nuestro objetivo es suministrar avena de calidad a nuestros clientes de todo el mundo. Existe la posibilidad de comprar al por mayor la <strong>Sopas de bagazo con tapa<\/strong>Por lo tanto, es una alternativa de envasado de alimentos m\u00e1s barata para las empresas que los m\u00e9todos tradicionales. Elegir nuestro\u00a0<strong>cuencos biodegradables con tapa<\/strong> ser\u00e1 una decisi\u00f3n acertada, adem\u00e1s de muy favorable a la Conservaci\u00f3n del Medio Ambiente.<\/p>\n<h2>El futuro de los envases alimentarios sostenibles<\/h2>\n<p>A medida que los consumidores se informan m\u00e1s sobre las cuestiones de sostenibilidad, el mercado de opciones sostenibles de envasado de alimentos como nuestro\u00a0<strong>soperas de ca\u00f1a<\/strong>\u00a0probablemente crecer\u00e1. Los cuencos de bagazo de ca\u00f1a de az\u00facar, por su parte, est\u00e1n estrat\u00e9gicamente situados para beneficiarse de este cambio de paradigma. Estamos llenando un vac\u00edo importante entre los minoristas de todo el mundo, que buscan soluciones respetuosas con el medio ambiente que tambi\u00e9n sean pr\u00e1cticas. Estos\u00a0<strong>Sopas de bagazo con tapa<\/strong> puede ayudar a todos a ser ecol\u00f3gicos y, al mismo tiempo, ofrecer a los clientes una cena magn\u00edfica.<\/p>\n<h2 data-start=\"137\" data-end=\"161\">FAQ (La gente tambi\u00e9n pregunta)<\/h2>\n<h4 data-start=\"163\" data-end=\"235\">1. \u00bfDe qu\u00e9 est\u00e1n hechos los tazones de sopa biodegradables de bagazo de ca\u00f1a de az\u00facar?<\/h4>\n<p data-start=\"236\" data-end=\"427\">Est\u00e1n hechos de bagazo, un subproducto natural del procesamiento de la ca\u00f1a de az\u00facar. Este material fibroso se moldea en resistentes cuencos compostables sin pl\u00e1stico, biodegradables y ecol\u00f3gicos.<\/p>\n<h4 data-start=\"429\" data-end=\"493\">2. \u00bfSon seguros los cuencos soperos de bagazo de ca\u00f1a de az\u00facar para l\u00edquidos calientes?<\/h4>\n<p data-start=\"494\" data-end=\"656\">S\u00ed. Estos cuencos est\u00e1n dise\u00f1ados para soportar altas temperaturas (hasta 120\u00b0C), por lo que son ideales para sopas, guisos, caldos y currys calientes sin gotear ni deformarse.<\/p>\n<h4 data-start=\"658\" data-end=\"713\">3. \u00bfLos platos hondos vienen con tapas compostables?<\/h4>\n<p data-start=\"714\" data-end=\"898\">La mayor\u00eda de los tazones de sopa de bagazo est\u00e1n disponibles con tapas compostables a juego, normalmente hechas de PLA o pulpa de fibra. Estas tapas ofrecen un cierre seguro y estanco para la comida para llevar y el reparto.<\/p>\n<h4 data-start=\"900\" data-end=\"967\">4. \u00bfCu\u00e1nto tardan en biodegradarse estos platos hondos?<\/h4>\n<p data-start=\"968\" data-end=\"1177\">En condiciones de compostaje industrial, las soperas de bagazo pueden descomponerse en un plazo de 60 a 90 d\u00edas. En sistemas de compostaje dom\u00e9stico, pueden tardar hasta 120 d\u00edas, dependiendo de la temperatura, la humedad y la actividad microbiana.<\/p>\n<h4 data-start=\"1179\" data-end=\"1243\">5. \u00bfPuedo comprar soperas de ca\u00f1a de az\u00facar con tapa a granel?<\/h4>\n<p data-start=\"1244\" data-end=\"1493\">Absolutamente. Los fabricantes y proveedores ofrecen opciones de venta al por mayor a granel para tama\u00f1os como 12 oz, 16 oz, 24 oz y 32 oz, con marca personalizada, etiquetado privado y compatibilidad con tapas, perfectas para restaurantes, servicios de catering y distribuidores de envases ecol\u00f3gicos.<\/p>\n<h2>C\u00f3mo los cuencos soperos de bagazo Bioleader\u00ae lideran el envasado sostenible de alimentos<\/h2>\n<div class=\"semantic-content-block\" style=\"background: #f9fafb; border-left: 4px solid #43a047; padding: 14px 18px 16px 18px; margin-bottom: 20px;\"><strong>Innovaci\u00f3n ecol\u00f3gica:<\/strong><br \/>\nFabricados con bagazo de ca\u00f1a de az\u00facar 100%, estos cuencos son totalmente compostables y biodegradables, en l\u00ednea con los esfuerzos mundiales por eliminar los residuos pl\u00e1sticos y apoyar las econom\u00edas circulares en el envasado de alimentos.<strong>Rendimiento en el uso real:<\/strong><br \/>\nDise\u00f1ados para alimentos calientes y l\u00edquidos, los cuencos son a prueba de fugas, resistentes a la grasa y aptos para microondas y congelador. El dise\u00f1o seguro de la tapa garantiza la frescura y la protecci\u00f3n contra derrames durante la comida para llevar y el reparto.<strong>Alineaci\u00f3n del mercado y la normativa:<\/strong><br \/>\nA medida que las prohibiciones del pl\u00e1stico y las pol\u00edticas de EPR se extienden por todo el mundo, los cuencos de Bioleader ofrecen una opci\u00f3n de envasado conforme a la normativa y preparada para el futuro para restaurantes, empresas de catering y marcas de reparto.<strong>Oportunidad y valor de marca:<\/strong><br \/>\nGracias a la fabricaci\u00f3n directa en f\u00e1brica, la personalizaci\u00f3n de la marca y los precios competitivos, Bioleader permite a las empresas alimentarias potenciar su imagen ecol\u00f3gica al tiempo que optimizan los costes y la eficiencia.<strong>Perspectiva estrat\u00e9gica:<\/strong><br \/>\nPara los proveedores de servicios alimentarios que deseen cumplir objetivos medioambientales, operativos y normativos, los cuencos soperos de bagazo de Bioleader ofrecen una soluci\u00f3n potente y escalable, directamente del fabricante.<\/p>\n<\/div>\n<p><script type=\"application\/ld+json\">{\n    \"@context\": \"https:\\\/\\\/schema.org\",\n    \"@type\": \"FAQPage\",\n    \"mainEntity\": [\n        {\n            \"@type\": \"Question\",\n            \"name\": \"What are biodegradable sugarcane bagasse soup bowls made from?\",\n            \"acceptedAnswer\": {\n                \"@type\": \"Answer\",\n                \"text\": \"They are made from bagasse, a natural byproduct of sugarcane processing. This fibrous material is molded into sturdy, compostable bowls that are plastic-free, biodegradable, and eco-friendly.\"\n            }\n        },\n        {\n            \"@type\": \"Question\",\n            \"name\": \"Are sugarcane bagasse soup bowls safe for hot liquids?\",\n            \"acceptedAnswer\": {\n                \"@type\": \"Answer\",\n                \"text\": \"Yes. These bowls are designed to withstand high temperatures\\u2014up to 120\\u00b0C\\u2014making them ideal for hot soups, stews, broths, and curries without leaking or deforming.\"\n            }\n        },\n        {\n            \"@type\": \"Question\",\n            \"name\": \"Do the soup bowls come with compostable lids?\",\n            \"acceptedAnswer\": {\n                \"@type\": \"Answer\",\n                \"text\": \"Most bagasse soup bowls are available with matching compostable lids, typically made from PLA or fiber pulp. These lids provide a secure, leak-resistant seal for takeaway and delivery.\"\n            }\n        },\n        {\n            \"@type\": \"Question\",\n            \"name\": \"How long does it take for these soup bowls to biodegrade?\",\n            \"acceptedAnswer\": {\n                \"@type\": \"Answer\",\n                \"text\": \"Under industrial composting conditions, bagasse soup bowls can break down within 60 to 90 days. In home compost systems, they may take up to 120 days depending on temperature, humidity, and microbial activity.\"\n            }\n        },\n        {\n            \"@type\": \"Question\",\n            \"name\": \"Can I purchase sugarcane soup bowls with lids in bulk?\",\n            \"acceptedAnswer\": {\n                \"@type\": \"Answer\",\n                \"text\": \"Absolutely. Manufacturers and suppliers offer bulk wholesale options for sizes like 12oz, 16oz, 24oz, and 32oz, with custom branding, private labeling, and lid compatibility\\u2014perfect for restaurants, catering services, and eco-packaging distributors.\"\n            }\n        }\n    ]\n}<\/script><\/p>","protected":false},"excerpt":{"rendered":"<p>Bioleader <strong>soperas biodegradables de bagazo de ca\u00f1a de az\u00facar con tapa<\/strong> redefinen el est\u00e1ndar de los envases ecol\u00f3gicos para alimentos. Fabricados a partir de fibra de ca\u00f1a de az\u00facar renovable, estos cuencos son 100% compostables y biodegradables, y ofrecen una soluci\u00f3n a prueba de fugas, resistente a la grasa y apta para microondas para sopas calientes, guisos y comida para llevar. Con un enfoque en la sostenibilidad, el rendimiento y la asequibilidad, Bioleader garantiza el cumplimiento de las normas mundiales de seguridad alimentaria y compostabilidad, por lo que estos cuencos son ideales para restaurantes, empresas de catering y marcas de entrega de alimentos que buscan calidad y responsabilidad ambiental.<\/p>","protected":false},"featured_media":15611,"comment_status":"open","ping_status":"closed","template":"","meta":{"_acf_changed":false},"product_brand":[8971],"product_cat":[7150],"product_tag":[6853,6854,6855,6856,6857],"class_list":{"0":"post-13573","1":"product","2":"type-product","3":"status-publish","4":"has-post-thumbnail","6":"product_brand-bioleader","7":"product_cat-bagasse-bowl","8":"product_tag-bagasse-soup-bowls","9":"product_tag-bagasse-soup-bowls-with-lids","10":"product_tag-biodegradable-soup-bowls-with-lids","11":"product_tag-sugarcane-bagasse-soup-bowls","12":"product_tag-sugarcane-soup-bowls","14":"first","15":"instock","16":"purchasable","17":"product-type-simple"},"acf":[],"_links":{"self":[{"href":"https:\/\/www.bioleaderpack.com\/es\/wp-json\/wp\/v2\/product\/13573","targetHints":{"allow":["GET"]}}],"collection":[{"href":"https:\/\/www.bioleaderpack.com\/es\/wp-json\/wp\/v2\/product"}],"about":[{"href":"https:\/\/www.bioleaderpack.com\/es\/wp-json\/wp\/v2\/types\/product"}],"replies":[{"embeddable":true,"href":"https:\/\/www.bioleaderpack.com\/es\/wp-json\/wp\/v2\/comments?post=13573"}],"wp:featuredmedia":[{"embeddable":true,"href":"https:\/\/www.bioleaderpack.com\/es\/wp-json\/wp\/v2\/media\/15611"}],"wp:attachment":[{"href":"https:\/\/www.bioleaderpack.com\/es\/wp-json\/wp\/v2\/media?parent=13573"}],"wp:term":[{"taxonomy":"product_brand","embeddable":true,"href":"https:\/\/www.bioleaderpack.com\/es\/wp-json\/wp\/v2\/product_brand?post=13573"},{"taxonomy":"product_cat","embeddable":true,"href":"https:\/\/www.bioleaderpack.com\/es\/wp-json\/wp\/v2\/product_cat?post=13573"},{"taxonomy":"product_tag","embeddable":true,"href":"https:\/\/www.bioleaderpack.com\/es\/wp-json\/wp\/v2\/product_tag?post=13573"}],"curies":[{"name":"wp","href":"https:\/\/api.w.org\/{rel}","templated":true}]}}