{"id":13568,"date":"2023-03-07T15:30:13","date_gmt":"2023-03-07T07:30:13","guid":{"rendered":"https:\/\/www.bioleaderpack.com\/product\/disposable-sustainable-bowls-made-from-sugarcane-bagasse\/"},"modified":"2026-04-24T17:32:44","modified_gmt":"2026-04-24T09:32:44","slug":"cuencos-desechables-sostenibles-2","status":"publish","type":"product","link":"https:\/\/www.bioleaderpack.com\/es\/producto\/cuencos-desechables-sostenibles-2\/","title":{"rendered":"Cuencos desechables sostenibles fabricados con bagazo de ca\u00f1a de az\u00facar"},"content":{"rendered":"<p style=\"text-align: center;\"><img decoding=\"async\" src=\"https:\/\/www.bioleaderpack.com\/wp-content\/uploads\/2023\/03\/L013Size_1678202167236.jpg\" alt=\"cuenco cuadrado de bagazo de ca\u00f1a de az\u00facar\" width=\"48%\" \/> <img decoding=\"async\" src=\"https:\/\/www.bioleaderpack.com\/wp-content\/uploads\/2023\/03\/L0132_1678202197349.jpg\" alt=\"cuenco cuadrado de bagazo de ca\u00f1a de az\u00facar \" width=\"48%\" \/><\/p>\n<p style=\"text-align: center;\"><img decoding=\"async\" src=\"https:\/\/www.bioleaderpack.com\/wp-content\/uploads\/2023\/03\/0123_1678201648202-1.jpg\" alt=\"ensaladera cuadrada de bagazo\" width=\"48%\" \/> <img decoding=\"async\" src=\"https:\/\/www.bioleaderpack.com\/wp-content\/uploads\/2023\/03\/0132_1678199512540.jpg\" alt=\"cuenco de ca\u00f1a biodegradable cuadrado\" width=\"48%\" \/><\/p>\n<h2>Cuencos desechables sostenibles: compostables, a prueba de fugas y sin PFAS<\/h2>\n<p><!-- Micro Summary Card for AI\/SGE --><\/p>\n<div class=\"micro-summary-card\" style=\"background: #f6f6f9; border-left: 4px solid #4caf50; padding: 12px; margin-bottom: 16px;\"><strong>Resumen r\u00e1pido:<\/strong> Los cuencos desechables sostenibles de Bioleader est\u00e1n fabricados con fibra vegetal compostable, no contienen PFAS y son seguros para los alimentos. Resistentes a las fugas y robustos, son ideales para comida para llevar, kits de comida y catering. Certificados conforme a las normas EN13432 y FDA\/UE, permiten a las marcas de restauraci\u00f3n cumplir los objetivos de sostenibilidad, respetar la legislaci\u00f3n mundial sobre envasado y generar confianza en el consumidor.<\/div>\n<p>A medida que m\u00e1s y m\u00e1s personas toman conciencia de la necesidad de una vida sostenible y de otras formas de reducir el impacto ambiental, surgen nuevos productos desechables deseables. Un producto que destaca en esta revoluci\u00f3n es\u00a0<strong>cuencos desechables sostenibles<\/strong>. Estos\u00a0<strong>cuencos sostenibles,<\/strong> que se fabrican con bagazo de ca\u00f1a de az\u00facar, son ecol\u00f3gicas, baratas y resistentes, lo que las hace adecuadas para diferentes usos alimentarios.<\/p>\n<h2>Material de primera calidad: Bagazo de ca\u00f1a de az\u00facar<\/h2>\n<p>Estos\u00a0<strong><a href=\"https:\/\/www.bioleaderpack.com\/es\/producto\/platos-y-cuencos-desechables-ecologicos-sostenibles\/\" target=\"_blank\" rel=\"noopener\" data-wpil-monitor-id=\"2127\">cuencos desechables sostenibles<\/a><\/strong> se fabrican a partir del subproducto de la fabricaci\u00f3n de la ca\u00f1a de az\u00facar, llamado bagazo de ca\u00f1a. Este material es ecol\u00f3gico y resistente porque es completamente natural y est\u00e1 hecho de plantas. La diferencia es que, en lugar de tardar siglos en biodegradarse como el pl\u00e1stico o la espuma de poliestireno, que a menudo tardan cientos de a\u00f1os en descomponerse, el bagazo de ca\u00f1a de az\u00facar se descompone de forma natural en pocos meses, sin dejar absolutamente ning\u00fan residuo t\u00f3xico. Estos <strong>cuencos sostenibles<\/strong>\u00a0son, por tanto, excelentes para los clientes concienciados con el medio ambiente y las empresas que buscan minimizar el impacto ambiental de sus productos en uso.<\/p>\n<h2><a href=\"https:\/\/www.bioleaderpack.com\/es\/proceso-de-produccion-de-vajilla-de-moldeo-de-pulpa-de-bagazo-de-cana-de-azucar\/\" target=\"_blank\">Proceso de producci\u00f3n: Moldeo de pasta de papel<\/a><\/h2>\n<p>Nuestra\u00a0<strong>menaje de material sostenible desechable<\/strong> se caracteriza por el uso de algunos procesos de fabricaci\u00f3n de alto nivel, siendo el moldeo de pulpa de papel uno de esos procesos. El proceso de fabricaci\u00f3n de bombillas comienza con el despulpado del bagazo de la ca\u00f1a de az\u00facar. El producto final es ligero y lo bastante r\u00edgido para soportar alimentos calientes o fr\u00edos, manteniendo su forma sin ceder, astillarse ni agrietarse. Adem\u00e1s, la m\u00e1quina funciona seg\u00fan lo previsto, eliminando as\u00ed el material sobrante y consumiendo menos energ\u00eda durante la producci\u00f3n, lo que mejora las credenciales ecol\u00f3gicas de estos <strong>cuencos sostenibles<\/strong>\u00a0a\u00fan m\u00e1s.<\/p>\n<p style=\"text-align: center;\"><img decoding=\"async\" src=\"https:\/\/www.bioleaderpack.com\/wp-content\/uploads\/2023\/03\/L012White_1678199554665-2.jpg\" alt=\"azucarero cuadrado blanco\" width=\"48%\" \/> <img decoding=\"async\" src=\"https:\/\/www.bioleaderpack.com\/wp-content\/uploads\/2023\/03\/L012Nature1_1678199587376-2.jpg\" alt=\"cuenco cuadrado ca\u00f1a naturaleza\" width=\"48%\" \/><\/p>\n<p>\u00a0 \u00a0 \u00a0 \u00a0 \u00a0 \u00a0 \u00a0 \u00a0 \u00a0 \u00a0 \u00a0 Color: <strong>Blanco\u00a0<\/strong>\u00a0 \u00a0 \u00a0 \u00a0 \u00a0 \u00a0 \u00a0 \u00a0 \u00a0 \u00a0 \u00a0 \u00a0 \u00a0 \u00a0 \u00a0 \u00a0 \u00a0 \u00a0 \u00a0 \u00a0 \u00a0 \u00a0 \u00a0 \u00a0 \u00a0 \u00a0 \u00a0 \u00a0 \u00a0 \u00a0 \u00a0 \u00a0 \u00a0 \u00a0 \u00a0 \u00a0 \u00a0 \u00a0 \u00a0 \u00a0 \u00a0Color: <strong>Naturaleza Marr\u00f3n<\/strong><\/p>\n<p><strong>Tapas de PET para estos cuencos (individuales):<\/strong><\/p>\n<p><strong>\u00a0 \u00a0 \u00a0 \u00a0 \u00a0 \u00a0 \u00a0 \u00a0 \u00a0 \u00a0 \u00a0 \u00a0 \u00a0 \u00a0 \u00a0 Tapa plana PET:                                                                                 PET Tapa abovedada:<\/strong><\/p>\n<p><img decoding=\"async\" src=\"https:\/\/www.bioleaderpack.com\/wp-content\/uploads\/2023\/03\/L013NatureFlatLid_1678199821434-2-scaled.jpg\" alt=\"cuenco de ca\u00f1a de az\u00facar con tapa de PET\" width=\"48%\" \/> <img decoding=\"async\" src=\"https:\/\/www.bioleaderpack.com\/wp-content\/uploads\/2023\/03\/L013NatureDomeLid_1678199848126-1.jpg\" alt=\"cuenco de ca\u00f1a de az\u00facar con tapa de pl\u00e1stico\" width=\"48%\" \/><\/p>\n<h2>Caracter\u00edsticas fundamentales<\/h2>\n<h4>Ecol\u00f3gico y compostable<\/h4>\n<p>Nuestra\u00a0<strong>cubiertos de material desechable y sostenible<\/strong>\u00a0tiene una calidad brillante. Cumple con el compostaje completo. Esto indica que se pueden tirar con la basura org\u00e1nica y que, cuando los residuos de la planta se descompongan, mejorar\u00e1n el suelo y no lo contaminar\u00e1n. Estas expectativas se han visto impulsadas por el comportamiento f\u00e1cilmente cambiante de los consumidores hacia productos sostenibles y ecol\u00f3gicos.<\/p>\n<h4><a href=\"https:\/\/www.bioleaderpack.com\/es\/es-seguro-utilizar-la-vajilla-de-bagazo-de-cana-de-azucar\/\" target=\"_blank\">Seguro para los alimentos y no t\u00f3xico<\/a><\/h4>\n<p>Estos\u00a0<strong>cuencos sostenibles<\/strong>\u00a0tambi\u00e9n est\u00e1n libres de productos qu\u00edmicos perjudiciales como <a href=\"https:\/\/www.bioleaderpack.com\/es\/pfas-free-vs-pfoa-free-vs-bpa-free-como-elegir-una-vajilla-sana-y-no-toxica\/\" target=\"_blank\" rel=\"noopener\" data-wpil-monitor-id=\"470\">PFAS y BPA<\/a>por lo que no pueden filtrar toxinas cuando se sirve comida en ellas. Son estancos, impermeables y resistentes al aceite, por lo que pueden contener platos aceitosos, sopas, ensaladas, etc., sin degradarse.<\/p>\n<h4>M\u00faltiples usos con beneficios adicionales<\/h4>\n<p>Otro aspecto clave en la comercializaci\u00f3n de nuestros\u00a0<strong>cuencos desechables sostenibles<\/strong> es su versatilidad de uso. Son estupendos para casi todos los tipos de comida y cualquier ocasi\u00f3n. Estos cuencos son muy adecuados para servir fideos calientes en un restaurante, poner ensaladas en una caja de comida para llevar y servir sopas en un cami\u00f3n de comida. Adem\u00e1s, son aptos para microondas, lo que resulta muy \u00fatil en el hogar o en cocinas comerciales.<\/p>\n<p><img decoding=\"async\" style=\"text-align: center;\" src=\"https:\/\/www.bioleaderpack.com\/wp-content\/uploads\/2023\/03\/0122_1678201697516-1.jpg\" alt=\"cuenco de bagazo cuadrado\" width=\"48%\" \/> <img decoding=\"async\" src=\"https:\/\/www.bioleaderpack.com\/wp-content\/uploads\/2023\/03\/01342_1678202258075.jpg\" alt=\"ensaladera de bagazo de ca\u00f1a de az\u00facar\" width=\"48%\" \/><\/p>\n<h2>Ideal para diversas situaciones relacionadas con los servicios alimentarios<\/h2>\n<h4>Uso en restaurantes y servicios de comida para llevar<\/h4>\n<p>Para los restaurantes y la comida para llevar, se necesitan envases desechables de buena calidad que no sacrifiquen el aspecto de la calidad y las buenas pr\u00e1cticas medioambientales. Nuestra\u00a0<strong>cuencos desechables sostenibles<\/strong> ofrecen una soluci\u00f3n pr\u00e1ctica a este problema, ya que son duraderas y respetuosas con el medio ambiente cuando se sirve comida para llevar. Su caracter\u00edstica a prueba de fugas garantiza que incluso los platos dulces y sucios, como sopas y ensaladas, permanezcan intactos durante su transporte, lo que los hace muy populares entre las empresas de reparto de comida a domicilio y sus clientes.<\/p>\n<h4>Para ocasiones y celebraciones<\/h4>\n<p>En cuanto a las fiestas y eventos en los que es habitual la necesidad de vajilla desechable, estas<a href=\"https:\/\/www.bioleaderpack.com\/es\/el-cuenco-de-cana-de-azucar-una-alternativa-sostenible-a-los-cuencos-de-plastico\/\" target=\"_blank\" rel=\"noopener\" data-wpil-monitor-id=\"233\">\u00a0<\/a><strong>cuencos sostenibles<\/strong> ofrecen una buena alternativa. Permiten servir los platos reduciendo el desperdicio y manteniendo a los anfitriones respetuosos con el medio ambiente. Se fabrican con materiales naturales que resultan bellos y, por tanto, \u00fatiles en la decoraci\u00f3n de los anfitriones.<\/p>\n<h4>Envasado de alimentos y venta al por menor<\/h4>\n<p>Los minoristas y las empresas de envasado de alimentos tambi\u00e9n pueden dirigirse a estos\u00a0<strong>cuencos desechables sostenibles<\/strong>. Con la creciente consideraci\u00f3n por el medio ambiente por parte de los consumidores, no hay mejor opci\u00f3n para estos cuencos que el pl\u00e1stico, que se est\u00e1 convirtiendo en una soluci\u00f3n. Esto se debe a que no s\u00f3lo son ecol\u00f3gicos, sino tambi\u00e9n atractivos y pr\u00e1cticos para las personas que se preocupan por la conservaci\u00f3n del medio ambiente.<\/p>\n<p data-start=\"127\" data-end=\"134\"><span style=\"font-size: 18pt;\"><strong data-start=\"127\" data-end=\"134\">PREGUNTAS FRECUENTES<\/strong><\/span><\/p>\n<p data-start=\"136\" data-end=\"454\"><strong data-start=\"136\" data-end=\"200\">P1: \u00bfQu\u00e9 hace que <a href=\"https:\/\/www.bioleaderpack.com\/es\/producto\/cuencos-de-cana-desechables\/\" target=\"_blank\" rel=\"noopener\" data-wpil-monitor-id=\"2137\">bagazo de ca\u00f1a de az\u00facar bolos un sostenible<\/a> \u00bfopci\u00f3n?<\/strong><br data-start=\"200\" data-end=\"203\" \/>Ca\u00f1a de az\u00facar <a href=\"https:\/\/www.bioleaderpack.com\/es\/producto\/cuencos-desechables-compostables-cuenco-de-pasta-de-papel\/\" target=\"_blank\" rel=\"noopener\" data-wpil-monitor-id=\"2327\">los cuencos de bagazo se fabrican con la pulpa sobrante<\/a> tras la extracci\u00f3n de az\u00facar, un subproducto agr\u00edcola renovable. En lugar de quemarse como residuo, se reutiliza en cuencos biodegradables, lo que reduce tanto la contaminaci\u00f3n por pl\u00e1sticos como las emisiones agr\u00edcolas.<\/p>\n<p data-start=\"456\" data-end=\"702\"><strong data-start=\"456\" data-end=\"523\">P2: \u00bfSon <a href=\"https:\/\/www.bioleaderpack.com\/es\/sala-de-exposiciones\/cuencos-de-cana-desechables\/\" target=\"_blank\" rel=\"noopener\" data-wpil-monitor-id=\"2243\">cuencos de ca\u00f1a desechables<\/a> \u00bfes seguro para alimentos fr\u00edos y calientes?<\/strong><br data-start=\"523\" data-end=\"526\" \/>S\u00ed, los cuencos de ca\u00f1a de az\u00facar son resistentes al calor hasta 120\u00b0C y aptos para el congelador. Pueden contener sopas calientes, guisos, ensaladas fr\u00edas y postres sin gotear, deformarse ni absorber humedad.<\/p>\n<p data-start=\"704\" data-end=\"965\"><strong data-start=\"704\" data-end=\"766\">P3: \u00bfCu\u00e1nto tardan en descomponerse los cuencos de bagazo de ca\u00f1a de az\u00facar?<\/strong><br data-start=\"766\" data-end=\"769\" \/>En condiciones de compostaje industrial, se descomponen en 60-90 d\u00edas. En el compostaje dom\u00e9stico, el proceso puede durar entre 90 y 120 d\u00edas, dependiendo de factores ambientales como la humedad, el calor y la aireaci\u00f3n.<\/p>\n<p data-start=\"967\" data-end=\"1179\"><strong data-start=\"967\" data-end=\"1020\">P4: \u00bfSe pueden calentar en el microondas los cuencos desechables de ca\u00f1a de az\u00facar?<\/strong><br data-start=\"1020\" data-end=\"1023\" \/>S\u00ed, la mayor\u00eda de los cuencos de bagazo de ca\u00f1a son aptos para microondas. Pueden utilizarse para recalentar alimentos sin liberar sustancias qu\u00edmicas nocivas, a diferencia de algunas alternativas de pl\u00e1stico.<\/p>\n<p data-start=\"1181\" data-end=\"1468\"><strong data-start=\"1181\" data-end=\"1269\">P5: \u00bfHay cuencos de ca\u00f1a disponibles en varios tama\u00f1os para diferentes aplicaciones alimentarias?<\/strong><br data-start=\"1269\" data-end=\"1272\" \/>Absolutamente. Los tama\u00f1os m\u00e1s comunes son 8 oz, 12 oz, 16 oz, 24 oz y 32 oz, con tapas a juego disponibles para llevar y entregar. Esto los hace vers\u00e1tiles para todo, desde guarniciones hasta grandes platos principales.<\/p>\n<p align=\"left\"><img fetchpriority=\"high\" decoding=\"async\" src=\"https:\/\/www.bioleaderpack.com\/wp-content\/uploads\/2023\/03\/LBowl_1678120102289.jpg\" alt=\"ca\u00f1a de az\u00facar\" width=\"1000\" height=\"544\" \/><img decoding=\"async\" src=\"https:\/\/www.bioleaderpack.com\/wp-content\/uploads\/2023\/03\/20191211153532_1678120030316-1.jpg\" alt=\"cuencos biodegradables\" width=\"48%\" \/> <img decoding=\"async\" src=\"https:\/\/www.bioleaderpack.com\/wp-content\/uploads\/2023\/03\/L0110130162_1678200305599.jpg\" alt=\"recipiente para pulpa th tapas pet\" width=\"48%\" \/><\/p>\n<p>&nbsp;<\/p>\n<h2>Tendencias del mercado: Crecimiento sostenido de las soluciones sostenibles de restauraci\u00f3n<\/h2>\n<p>Adem\u00e1s del suministro regular de <strong>cuencos desechables sostenibles<\/strong>La demanda de estos productos tambi\u00e9n forma parte de un movimiento cada vez mayor hacia h\u00e1bitos alimentarios sostenibles. Los clientes que habitualmente realizan compras basadas en factores respetuosos con el medio ambiente mejorar\u00edan el \u00e9xito comercial de las empresas que proporcionan mecanismos sostenibles, aumentando as\u00ed la conciencia de marca. Entre otros productos desechables ecol\u00f3gicos actuales, el uso del bagazo de ca\u00f1a de az\u00facar ha llegado para quedarse, principalmente por sus aspectos medioambientales y el rendimiento del producto.<\/p>\n<h2>Por qu\u00e9 elegirnos: Calidad y sostenibilidad de un fabricante de confianza<\/h2>\n<p>Estamos orgullosos de ser uno de los principales fabricantes chinos de cuencos desechables sostenibles. Suministramos productos de alta calidad que satisfacen la demanda de nuestros clientes y, al mismo tiempo, fomentan las pr\u00e1cticas sostenibles. Nuestros paquetes mayoristas hacen posible que incluso las empresas m\u00e1s peque\u00f1as puedan obtener estos nuevos productos a precios razonables. Ya sea un restaurante, un evento o un comercio minorista, cuando opte por nuestros cuencos desechables sostenibles, puede estar seguro de que el producto no s\u00f3lo es bueno para su negocio, sino tambi\u00e9n para el medio ambiente.<\/p>\n<h2>Bloque de informaci\u00f3n sem\u00e1ntica: Por qu\u00e9 los cuencos desechables sostenibles est\u00e1n cambiando el envasado de alimentos<\/h2>\n<div class=\"semantic-insight-block\" style=\"background: #e8f5e9; border-left: 4px solid #2196f3; padding: 14px; margin-bottom: 16px;\">\n<ul>\n<li><strong>C\u00f3mo los materiales de fibra vegetal promueven la sostenibilidad:<\/strong> Fabricados con fibra vegetal r\u00e1pidamente renovable, estos cuencos son 100% compostables y no contienen PFAS, por lo que apoyan las iniciativas mundiales de reducci\u00f3n de pl\u00e1sticos y econom\u00eda circular.<\/li>\n<li><strong>Qu\u00e9 ventajas de rendimiento permite la versatilidad:<\/strong> Resistentes a las fugas, robustas y aptas para alimentos, son perfectas para ensaladas, platos calientes, fr\u00edos y postres en una amplia gama de servicios de restauraci\u00f3n.<\/li>\n<li><strong>Por qu\u00e9 es importante la certificaci\u00f3n mundial:<\/strong> Certificados conforme a las normas EN13432 y de contacto con alimentos de la FDA\/UE, estos cuencos cumplen los requisitos de exportaci\u00f3n y est\u00e1n listos para los mercados regulados de todo el mundo.<\/li>\n<li><strong>Suministro flexible y marca:<\/strong> Las opciones de suministro a granel y de marcas blancas permiten a restaurantes, supermercados y marcas de kits de comida ampliar sus operaciones sostenibles de forma eficiente.<\/li>\n<li><strong>Valor estrat\u00e9gico para las marcas:<\/strong> La adopci\u00f3n de cuencos desechables sostenibles ayuda a las marcas a alcanzar objetivos ESG, satisfacer la demanda de soluciones ecol\u00f3gicas por parte de los consumidores y liderar el envasado responsable de alimentos.<\/li>\n<\/ul>\n<div style=\"margin-top: 8px;\"><strong>Perspectiva del mercado:<\/strong> <a href=\"https:\/\/www.bioleaderpack.com\/es\/producto\/cuencos-de-fibra-compostable-de-bagazo-de-cana-de-azucar\/\" target=\"_blank\" rel=\"noopener\" data-wpil-monitor-id=\"2314\">Cuencos compostables de Bioleader<\/a> son una opci\u00f3n de futuro para las empresas alimentarias que buscan rendimiento, conformidad y crecimiento sostenible en un mercado cambiante.<\/div>\n<\/div>\n<p>&nbsp;<\/p>\n<p><script type=\"application\/ld+json\">{\n    \"@context\": \"https:\\\/\\\/schema.org\",\n    \"@type\": \"FAQPage\",\n    \"mainEntity\": [\n        {\n            \"@type\": \"Question\",\n            \"name\": \"What makes sugarcane bagasse bowls a sustainable option?\",\n            \"acceptedAnswer\": {\n                \"@type\": \"Answer\",\n                \"text\": \"Sugarcane bagasse bowls are made from the leftover pulp after sugar extraction, a renewable agricultural byproduct. Instead of being burned as waste, it\\u2019s repurposed into biodegradable bowls, reducing both plastic pollution and agricultural emissions.\"\n            }\n        },\n        {\n            \"@type\": \"Question\",\n            \"name\": \"Are disposable sugarcane bowls safe for hot and cold foods?\",\n            \"acceptedAnswer\": {\n                \"@type\": \"Answer\",\n                \"text\": \"Yes, sugarcane bowls are heat-resistant up to 120\\u00b0C and freezer-safe. They can hold hot soups, stews, cold salads, and desserts without leaking, warping, or absorbing moisture.\"\n            }\n        },\n        {\n            \"@type\": \"Question\",\n            \"name\": \"How long do sugarcane bagasse bowls take to decompose?\",\n            \"acceptedAnswer\": {\n                \"@type\": \"Answer\",\n                \"text\": \"Under industrial composting conditions, they decompose within 60\\u201390 days. In home composting, the process may take 90\\u2013120 days depending on environmental factors like humidity, heat, and aeration.\"\n            }\n        },\n        {\n            \"@type\": \"Question\",\n            \"name\": \"Can sugarcane disposable bowls be microwaved?\",\n            \"acceptedAnswer\": {\n                \"@type\": \"Answer\",\n                \"text\": \"Yes, most sugarcane bagasse bowls are microwave-safe. They can be used to reheat food without releasing harmful chemicals, unlike some plastic alternatives.\"\n            }\n        },\n        {\n            \"@type\": \"Question\",\n            \"name\": \"Are sugarcane bowls available in multiple sizes for different food applications?\",\n            \"acceptedAnswer\": {\n                \"@type\": \"Answer\",\n                \"text\": \"Absolutely. Common sizes include 8oz, 12oz, 16oz, 24oz, and 32oz, with matching lids available for takeout and delivery. This makes them versatile for everything from side dishes to large entrees.\"\n            }\n        }\n    ]\n}<\/script><\/p>","protected":false},"excerpt":{"rendered":"<p><strong>Cuencos desechables sostenibles<\/strong> son una parte esencial del avance hacia soluciones gastron\u00f3micas respetuosas con el medio ambiente. Tanto la materia prima como la construcci\u00f3n de los cuencos sostenibles son atractivas, ya que est\u00e1n fabricados con bagazo de ca\u00f1a de az\u00facar y utilizan modernas t\u00e9cnicas de moldeado de pulpa de papel. Estos productos son seguros y respetuosos con el medio ambiente y pueden aplicarse en restaurantes, comida para llevar, eventos, envasado de alimentos y ventas. Cada vez hay m\u00e1s demanda de productos sostenibles y ah\u00ed es donde nuestros cuencos sostenibles desechables, se sit\u00faan firmemente en lo m\u00e1s alto tanto para las empresas como para el p\u00fablico.<\/p>","protected":false},"featured_media":18013,"comment_status":"open","ping_status":"closed","template":"","meta":{"_acf_changed":false},"product_brand":[8971],"product_cat":[7150],"product_tag":[6825,6709],"class_list":{"0":"post-13568","1":"product","2":"type-product","3":"status-publish","4":"has-post-thumbnail","6":"product_brand-bioleader","7":"product_cat-bagasse-bowl","8":"product_tag-disposable-sustainable-bowls","9":"product_tag-sustainable-bowls","11":"first","12":"instock","13":"purchasable","14":"product-type-simple"},"acf":[],"_links":{"self":[{"href":"https:\/\/www.bioleaderpack.com\/es\/wp-json\/wp\/v2\/product\/13568","targetHints":{"allow":["GET"]}}],"collection":[{"href":"https:\/\/www.bioleaderpack.com\/es\/wp-json\/wp\/v2\/product"}],"about":[{"href":"https:\/\/www.bioleaderpack.com\/es\/wp-json\/wp\/v2\/types\/product"}],"replies":[{"embeddable":true,"href":"https:\/\/www.bioleaderpack.com\/es\/wp-json\/wp\/v2\/comments?post=13568"}],"wp:featuredmedia":[{"embeddable":true,"href":"https:\/\/www.bioleaderpack.com\/es\/wp-json\/wp\/v2\/media\/18013"}],"wp:attachment":[{"href":"https:\/\/www.bioleaderpack.com\/es\/wp-json\/wp\/v2\/media?parent=13568"}],"wp:term":[{"taxonomy":"product_brand","embeddable":true,"href":"https:\/\/www.bioleaderpack.com\/es\/wp-json\/wp\/v2\/product_brand?post=13568"},{"taxonomy":"product_cat","embeddable":true,"href":"https:\/\/www.bioleaderpack.com\/es\/wp-json\/wp\/v2\/product_cat?post=13568"},{"taxonomy":"product_tag","embeddable":true,"href":"https:\/\/www.bioleaderpack.com\/es\/wp-json\/wp\/v2\/product_tag?post=13568"}],"curies":[{"name":"wp","href":"https:\/\/api.w.org\/{rel}","templated":true}]}}