{"id":13566,"date":"2023-03-07T14:46:48","date_gmt":"2023-03-07T06:46:48","guid":{"rendered":"https:\/\/www.bioleaderpack.com\/product\/compostable-salad-bowls-square-from-sugarcane-bagasse\/"},"modified":"2026-04-30T14:33:36","modified_gmt":"2026-04-30T06:33:36","slug":"ensaladeras-compostables-cuadradas","status":"publish","type":"product","link":"https:\/\/www.bioleaderpack.com\/es\/producto\/ensaladeras-compostables-cuadradas\/","title":{"rendered":"Ensaladeras compostables cuadradas de bagazo de ca\u00f1a de az\u00facar"},"content":{"rendered":"<table style=\"border-collapse: collapse; width: 100%;\">\n<tbody>\n<tr>\n<td style=\"width: 50%;\"><img fetchpriority=\"high\" decoding=\"async\" class=\"\" src=\"https:\/\/www.bioleaderpack.com\/wp-content\/uploads\/2023\/03\/L011Size_1678199354306.jpg\" alt=\"taz\u00f3n cuadrado de ca\u00f1a de az\u00facar\" width=\"560\" height=\"560\" \/><\/td>\n<td style=\"width: 50%;\"><img decoding=\"async\" class=\"\" src=\"https:\/\/www.bioleaderpack.com\/wp-content\/uploads\/2023\/03\/L0111_1678199412941-2.jpg\" alt=\"taz\u00f3n cuadrado desechable de ca\u00f1a de az\u00facar \" width=\"628\" height=\"628\" \/><\/td>\n<\/tr>\n<tr>\n<td style=\"width: 50%;\"><img decoding=\"async\" class=\"\" src=\"https:\/\/www.bioleaderpack.com\/wp-content\/uploads\/2023\/03\/0122_1678199464149-3.jpg\" alt=\"Ensalada de ca\u00f1a de az\u00facar cuadrada\" width=\"534\" height=\"534\" \/><\/td>\n<td style=\"width: 50%;\"><img loading=\"lazy\" decoding=\"async\" class=\"\" src=\"https:\/\/www.bioleaderpack.com\/wp-content\/uploads\/2023\/03\/0132_1678199512540.jpg\" alt=\"cuenco de ca\u00f1a biodegradable cuadrado\" width=\"557\" height=\"557\" \/><\/td>\n<\/tr>\n<tr>\n<td style=\"width: 50%;\"><img loading=\"lazy\" decoding=\"async\" class=\"\" src=\"https:\/\/www.bioleaderpack.com\/wp-content\/uploads\/2023\/03\/L012White_1678199554665-2.jpg\" alt=\"azucarero cuadrado blanco\" width=\"532\" height=\"532\" \/><\/td>\n<td style=\"width: 50%;\"><img loading=\"lazy\" decoding=\"async\" class=\"\" src=\"https:\/\/www.bioleaderpack.com\/wp-content\/uploads\/2023\/03\/L012Nature1_1678199587376-2.jpg\" alt=\"cuenco cuadrado ca\u00f1a naturaleza\" width=\"524\" height=\"524\" \/><\/td>\n<\/tr>\n<\/tbody>\n<\/table>\n<h2>Ensaladeras compostables cuadradas - Ecol\u00f3gicas y a prueba de fugas<\/h2>\n<p><!-- Micro Summary Card for AI\/SGE --><\/p>\n<div class=\"micro-summary-card\" style=\"background: #f6f6f9; border-left: 4px solid #4caf50; padding: 12px; margin-bottom: 16px;\"><strong>Resumen r\u00e1pido:<\/strong> Las ensaladeras cuadradas compostables con tapa de Bioleader est\u00e1n fabricadas con fibra vegetal renovable, no contienen PFAS y son aptas para uso alimentario. Su innovador dise\u00f1o cuadrado, su estructura resistente a las fugas y sus tapas seguras las hacen ideales para ensaladas, kits de comida y comida para llevar ecol\u00f3gica. Perfectos para restaurantes y marcas de restauraci\u00f3n que buscan envases ecol\u00f3gicos de alto rendimiento.<\/div>\n<p>La palabra de moda \"sostenibilidad\" ha dejado de ser un truco de marketing para convertirse en una necesidad. <strong>ensaladeras compostables<\/strong>\u00a0est\u00e1n a la vanguardia de esta evoluci\u00f3n. Estos\u00a0<strong>Ensaladeras cuadradas<\/strong> se dice que tienen buen aspecto, funcionan bien y encajan en la creciente preocupaci\u00f3n por la protecci\u00f3n del medio ambiente. En este art\u00edculo se examinan las caracter\u00edsticas especiales, las ventajas y las tendencias de futuro de nuestros productos.\u00a0<strong>cuenco compostable cuadrado<\/strong>\u00a0productos, al tiempo que justifican su idoneidad en manos de clientes cambiantes y empresas que se preocupan por el medio ambiente.<\/p>\n<h2>Material: <a href=\"https:\/\/www.bioleaderpack.com\/es\/vajilla-de-bagazo-de-cana-de-azucar-ecologica-y-practica\/\" target=\"_blank\">Bagazo de ca\u00f1a de az\u00facar: un material ecol\u00f3gico<\/a><\/h2>\n<p>La materia prima principal utilizada en la fabricaci\u00f3n de nuestros\u00a0<strong><a href=\"https:\/\/www.bioleaderpack.com\/es\/producto\/cuencos-compostables-de-32-oz-con-tapa\/\" target=\"_blank\" rel=\"noopener\" data-wpil-monitor-id=\"2145\">ensaladeras compostables<\/a><\/strong> es el bagazo de ca\u00f1a de az\u00facar, el residuo de fibra tras la extracci\u00f3n del jugo de ca\u00f1a. Este material no s\u00f3lo es renovable, sino que tambi\u00e9n es 100% compostable y biodegradable, lo que lo convierte en una opci\u00f3n mejor que el poliestireno o el pl\u00e1stico. La gesti\u00f3n eficaz de los residuos es posible con el uso del bagazo de ca\u00f1a de az\u00facar, ya que utilizamos materia prima que genera residuos para producir los bienes necesarios. Ello explica nuestra responsabilidad como fabricantes respecto al rendimiento y la sostenibilidad medioambiental de la producci\u00f3n.<\/p>\n<table style=\"border-collapse: collapse; width: 100%;\">\n<tbody>\n<tr>\n<td style=\"width: 50%;\"><img loading=\"lazy\" decoding=\"async\" class=\"\" src=\"https:\/\/www.bioleaderpack.com\/wp-content\/uploads\/2023\/03\/L013NatureFlatLid_1678199821434-2-scaled.jpg\" alt=\"cuenco de ca\u00f1a de az\u00facar con tapa de PET\" width=\"510\" height=\"510\" \/><\/p>\n<p style=\"text-align: center;\"><strong>Tapa plana de PET<\/strong><\/p>\n<\/td>\n<td style=\"width: 50%;\"><img loading=\"lazy\" decoding=\"async\" class=\"\" src=\"https:\/\/www.bioleaderpack.com\/wp-content\/uploads\/2023\/03\/L013NatureDomeLid_1678199848126-1.jpg\" alt=\"cuenco de ca\u00f1a de az\u00facar con tapa de pl\u00e1stico\" width=\"527\" height=\"527\" \/><\/p>\n<p style=\"text-align: center;\"><strong>Tapa tipo domo de PET<\/strong><\/p>\n<\/td>\n<\/tr>\n<\/tbody>\n<\/table>\n<h2>Metodolog\u00eda de Producci\u00f3n: Perfecci\u00f3n con <a href=\"https:\/\/www.bioleaderpack.com\/es\/que-es-el-proceso-de-moldeo-de-pasta-de-papel-moldeada\/\" target=\"_blank\">Moldeo de pasta de papel<\/a><\/h2>\n<p>En\u00a0<strong>Ensaladeras cuadradas<\/strong>\u00a0pertenecen a la nueva generaci\u00f3n de productos fabricados por la\u00a0<strong><a href=\"https:\/\/www.bioleaderpack.com\/es\/sobre-el-moldeo-de-pasta\/\" target=\"_blank\" rel=\"noopener\" data-wpil-monitor-id=\"2222\">moldeo de pasta de papel<\/a><\/strong>\u00a0industria. Esta t\u00e9cnica comprende el tratamiento y despulpado <a href=\"https:\/\/www.bioleaderpack.com\/es\/guia-completa-de-productos-de-bagazo-cuadrados\/\" target=\"_blank\" rel=\"noopener\" data-wpil-monitor-id=\"1157\">bagazo de ca\u00f1a de az\u00facar y d\u00e1ndole forma cuadrada<\/a>. Este m\u00e9todo de producci\u00f3n garantiza que cada\u00a0<strong>cuenco compostable cuadrado<\/strong>\u00a0No s\u00f3lo es robusto sino tambi\u00e9n uniforme en densidad.<\/p>\n<p>El proceso de moldeado en pasta es lo bastante preciso como para crear cuencos ligeros y duraderos adecuados para muchos aspectos de la industria alimentaria. Adem\u00e1s, con esta t\u00e9cnica apenas se desperdician materias primas durante la fabricaci\u00f3n, lo que contribuye a mejorar la sostenibilidad medioambiental de los productos.<\/p>\n<h2>Principales aspectos destacados y caracter\u00edsticas<\/h2>\n<h3>1. Ecol\u00f3gico y totalmente biodegradable<\/h3>\n<p>Cuando se trata de <strong>ensaladeras compostables<\/strong>, el aspecto m\u00e1s cr\u00edtico que impulsa las ventas es el hecho de que es \"verde\". Estos cuencos, cuando se colocan en una zona de compostaje, se descomponen por completo y aportan nutrientes \u00fatiles al suelo sin dejar toxinas. Por lo tanto, tambi\u00e9n son ideales tanto para empresas como para consumidores que desean ser ecol\u00f3gicos.<\/p>\n<h3>2. Biodegradable y libre de qu\u00edmicos perjudiciales.<\/h3>\n<p>Por eso su <a href=\"https:\/\/www.bioleaderpack.com\/es\/pfas-free-vs-pfoa-free-vs-bpa-free-como-elegir-una-vajilla-sana-y-no-toxica\/\" target=\"_blank\" rel=\"noopener\" data-wpil-monitor-id=\"468\">PFAS o BPA<\/a> es nulo. Por lo tanto, los alimentos permanecen incontaminados, lo que permite utilizar estos cuencos para todo tipo de alimentos, incluidos los alimentos calientes aceitosos y \u00e1cidos. La ausencia de productos qu\u00edmicos de estos art\u00edculos los hace muy atractivos tanto para los consumidores preocupados por su salud como para las empresas que buscan alternativas m\u00e1s limpias al envasado de alimentos.<\/p>\n<h3>3. Completamente <a href=\"https:\/\/www.bioleaderpack.com\/es\/como-pueden-las-cajas-de-harina-de-bagazo-de-cana-de-azucar-conseguir-resistencia-al-agua-y-al-aceite\/\" target=\"_blank\">Resistente al agua, a las fugas y al aceite.<\/a><\/h3>\n<p>Uno de los aspectos positivos de nuestros... es que aguantan varios d\u00edas sin gotear y sin que se filtre agua o aceite. Estas caracter\u00edsticas permiten que nuestros cuencos se adapten a diversos tipos de comidas, desde hojas frescas y sopa hasta fideos sencillos fritos y curry. Estos cuencos son muy robustos, de modo que ni siquiera el uso de alimentos pesados y aceitosos supone riesgo alguno para ellos, lo que resulta conveniente tanto para comer dentro como fuera de casa.<\/p>\n<h3>4. <a href=\"https:\/\/www.bioleaderpack.com\/es\/son-las-cajas-de-comida-para-llevar-aptas-para-microondas\/\" target=\"_blank\">Para microondas<\/a> y vers\u00e1til<\/h3>\n<p>Nuestras Ensaladeras Desechables Compostables son aptas para microondas, lo que ayuda a los consumidores a calentar la comida. Estas caracter\u00edsticas, junto con la versatilidad del material, las hacen adecuadas para una amplia gama de operaciones de servicios alimentarios, incluidas las entregas para llevar y el catering. Estos cuencos pueden satisfacer las nuevas necesidades de los clientes, ya sea calentando la comida en casa o prepar\u00e1ndola a la velocidad de la marcha.<\/p>\n<table style=\"border-collapse: collapse; width: 100%;\">\n<tbody>\n<tr>\n<td style=\"width: 50%;\"><img loading=\"lazy\" decoding=\"async\" class=\"\" style=\"text-align: center;\" src=\"https:\/\/www.bioleaderpack.com\/wp-content\/uploads\/2023\/03\/013_1678199919421.jpg\" alt=\"taz\u00f3n cuadrado de ca\u00f1a de az\u00facar\" width=\"558\" height=\"558\" \/><\/td>\n<td style=\"width: 50%;\"><img loading=\"lazy\" decoding=\"async\" class=\"\" src=\"https:\/\/www.bioleaderpack.com\/wp-content\/uploads\/2023\/03\/01342_1678199935648.jpg\" alt=\"ensaladera de ca\u00f1a de az\u00facar\" width=\"506\" height=\"506\" \/><\/td>\n<\/tr>\n<\/tbody>\n<\/table>\n<h2>Escenarios de uso: Versatilidad en cada comida<\/h2>\n<h3>Ejemplo 1: Comida para llevar y entrega a domicilio<\/h3>\n<p>Para los restaurantes y cafeter\u00edas que ofrecen un sistema de comida para llevar y reparto, nuestros productos son respetuosos con el medio ambiente y pr\u00e1cticos envases correctos SCM Solution. Estos cuencos son muy c\u00f3modos para acomodar ensaladas, sopas y otros tipos de cocina, garantizando que la comida se entregue segura e intacta. Con la demanda del mercado impulsada en gran medida por estos cuencos de servir tradicionales de biopl\u00e1stico mejorado con termopl\u00e1sticos, no cabe duda de que el desperdicio sigue siendo m\u00e1s ecol\u00f3gico en esta industria.<\/p>\n<h3>Ejemplo 2: Catering y eventos<\/h3>\n<p>Servicios como catering se adaptan a la perfecci\u00f3n a nuestros cuencos cuadrados compostables. Con un dise\u00f1o elegante y un aspecto moderno, estos cuencos son una excelente soluci\u00f3n para servir comida y embellecer\u00e1n cualquier plato. Para una fiesta de empresa, una boda o cualquier evento informal, estos cuencos aportan elegancia sin comprometer el respeto al medio ambiente.<\/p>\n<h3>Ejemplo 3: Servicio de comidas en la tienda<\/h3>\n<p>Nuestras ensaladeras son compostables y, por lo tanto, adecuadas incluso para comer en la tienda. Son un sustituto ecol\u00f3gico de los cuencos de pl\u00e1stico o cer\u00e1mica de un solo uso. En este tipo de restaurantes, estos cuencos pueden utilizarse para servir ensaladas, pasta o incluso postres, sabiendo que no est\u00e1n comprometiendo el respeto por el medio ambiente.<\/p>\n<h2>Tendencias del mercado: El auge de los envases compostables<\/h2>\n<p>La demanda de este tipo de ensaladeras compostables es cada vez mayor, lo que puede atribuirse a la tendencia mundial hacia la sostenibilidad. Hoy en d\u00eda, los consumidores son m\u00e1s conscientes de la sostenibilidad en sus decisiones de compra y buscan este tipo de productos. Lo mismo puede verse en el aumento de la compra de ensaladeras Square, especialmente en los sitios de comercio electr\u00f3nico y en los puntos de venta al por menor, donde estos productos se consideran un producto ecol\u00f3gico de primera calidad.<\/p>\n<h3>Preferencias del consumidor y respuesta de la industria<\/h3>\n<p>A medida que los consumidores siguen siendo conscientes del medio ambiente, las empresas se est\u00e1n poniendo al d\u00eda e incluyendo soluciones muy necesarias.\u00a0<strong>cuenco compostable cuadrado<\/strong> productos en su gama. Esta transici\u00f3n no s\u00f3lo consiste en aprovechar el deseo de poder del consumidor, sino tambi\u00e9n en lo que respecta a la din\u00e1mica legislativa, en la que se est\u00e1 fomentando el uso de productos compostables. Nuestra\u00a0<strong>Ensaladeras cuadradas<\/strong>\u00a0es uno de los productos l\u00edderes en el sector, que ofrece a los consumidores soluciones seguras sin comprometer sus operaciones comerciales.<\/p>\n<h2>Por qu\u00e9 elegirnos: Excelencia en producci\u00f3n y sostenibilidad<\/h2>\n<p>Al ser una de las principales empresas chinas, hemos ayudado a muchos clientes a comprar lo mejor\u00a0<strong>ensaladeras compostables,<\/strong>\u00a0Siempre a precios de mayorista sin adhesivos. La f\u00e1brica fabrica\u00a0<strong>cuenco compostable cuadrado<\/strong>\u00a0Est\u00e1 equipado con un moderno <strong>moldeo de pasta de papel<\/strong> as\u00ed como garantizar que cada uno de los productos fabricados tenga la calidad necesaria. Elegir nuestros productos garantizar\u00e1 que las organizaciones cumplan las expectativas de los clientes que desean envases ecol\u00f3gicos, ya que tambi\u00e9n apoyan a una organizaci\u00f3n preocupada por el medio ambiente.<\/p>\n<hr \/>\n<p><span style=\"font-size: 18pt;\"><strong>PREGUNTAS FRECUENTES<\/strong><\/span><\/p>\n<p><strong>P1: \u00bfDe qu\u00e9 est\u00e1n hechas las ensaladeras cuadradas compostables?<\/strong><br \/>\nEstos cuencos est\u00e1n hechos de bagazo de ca\u00f1a de az\u00facar, un subproducto fibroso de la producci\u00f3n de az\u00facar. Es un material renovable y compostable moldeado en recipientes duraderos aptos para envasar alimentos ecol\u00f3gicos.<\/p>\n<p><strong>P2: \u00bfSon cuadrados <a href=\"https:\/\/www.bioleaderpack.com\/es\/producto\/ensaladeras-de-bagazo-de-cana-de-azucar-para-llevar\/\" target=\"_blank\" rel=\"noopener\" data-wpil-monitor-id=\"2221\">ensaladeras de ca\u00f1a de az\u00facar<\/a> \u00bfes seguro para alimentos frescos y calientes?<\/strong><br \/>\nS\u00ed, son aptas para alimentos y pueden contener tanto ensaladas fr\u00edas como comidas calientes. Son resistentes al aceite, a prueba de fugas y pueden soportar temperaturas de hasta 120 \u00b0C, lo que las hace ideales para una gran variedad de aplicaciones de restauraci\u00f3n.<\/p>\n<p><strong>P3: \u00bfLos cuencos cuadrados de bagazo vienen con tapa para llevar?<\/strong><br \/>\nM\u00e1s cuadrado <a href=\"https:\/\/www.bioleaderpack.com\/es\/producto\/ensaladera-de-bagazo-de-cana-de-azucar-con-tapa\/\" target=\"_blank\" rel=\"noopener\" data-wpil-monitor-id=\"2163\">las ensaladeras de bagazo est\u00e1n dise\u00f1adas con tapas compatibles<\/a> de fibra o biopl\u00e1stico PLA. Estas tapas de ajuste seguro hacen que los cuencos sean ideales para la comida para llevar.<\/p>\n<p><strong>P4: \u00bfPuedo compostar ensaladeras cuadradas de ca\u00f1a de az\u00facar en casa?<\/strong><br \/>\nS\u00ed, estos cuencos son compostables en casa en condiciones adecuadas. En el compostaje dom\u00e9stico, suelen descomponerse en un plazo de 90 a 120 d\u00edas, mientras que en el compostaje industrial se descomponen en un plazo de 60 a 90 d\u00edas.<\/p>\n<p><strong>P5: \u00bfSon cuadrados <a href=\"https:\/\/www.bioleaderpack.com\/es\/producto\/platos-y-cuencos-biodegradables-compostables\/\" target=\"_blank\" rel=\"noopener\" data-wpil-monitor-id=\"2223\">cuencos compostables disponibles a granel<\/a> \u00bfpara la venta al por mayor?<\/strong><br \/>\nSin duda. Los proveedores ofrecen opciones de venta al por mayor de cuencos cuadrados de 16 oz, 24 oz y 32 oz, con o sin tapa. Son muy populares entre restaurantes, bares de ensaladas, servicios de reparto de comida y minoristas con conciencia ecol\u00f3gica.<\/p>\n<p>&nbsp;<\/p>\n<table style=\"border-collapse: collapse; width: 100%;\">\n<tbody>\n<tr>\n<td style=\"width: 100%;\"><img loading=\"lazy\" decoding=\"async\" src=\"https:\/\/www.bioleaderpack.com\/wp-content\/uploads\/2023\/03\/LBowl_1678120102289.jpg\" alt=\"Cuencos de ensalada desechables compostables de ca\u00f1a de az\u00facar\" width=\"1000\" height=\"544\" \/><\/td>\n<\/tr>\n<\/tbody>\n<\/table>\n<table style=\"border-collapse: collapse; width: 100%;\">\n<tbody>\n<tr>\n<td style=\"width: 50%;\"><img loading=\"lazy\" decoding=\"async\" class=\"\" src=\"https:\/\/www.bioleaderpack.com\/wp-content\/uploads\/2023\/03\/20191211153532_1678120030316-1.jpg\" alt=\"cuencos biodegradables\" width=\"513\" height=\"513\" \/><\/td>\n<td style=\"width: 50%;\"><img loading=\"lazy\" decoding=\"async\" class=\"\" src=\"https:\/\/www.bioleaderpack.com\/wp-content\/uploads\/2023\/03\/L0110130162_1678200305599.jpg\" alt=\"recipiente para pulpa th tapas pet\" width=\"528\" height=\"528\" \/><\/td>\n<\/tr>\n<\/tbody>\n<\/table>\n<div class=\"adweb-template\">\n<div class=\"adweb-template-43\">\n<h2>Conclusi\u00f3n<\/h2>\n<p>Los pl\u00e1sticos sostenibles ya no son cuestionables, ya que Darren nos dice que: por supuesto, nuestros clientes, los restaurantes y empresas de catering, quieren mejorar su estatus ecol\u00f3gico y los materiales, que son ensaladeras compostables dise\u00f1adas por ellos mismos son una utop\u00eda... Quiero tirar lo que es desechable. (envases industriales) - el ep\u00edtome del sobreconsumo de residuos, de ah\u00ed que requiera alternativas.<\/p>\n<p>Teniendo en cuenta el creciente inter\u00e9s por los alimentos ecol\u00f3gicos y saludables, y la mayor concienciaci\u00f3n de los consumidores por el medio ambiente, nuestra <strong>Ensaladeras cuadradas<\/strong>\u00a0Es ideal para las necesidades actuales de los servicios de alimentaci\u00f3n. Dado que el mercado de productos compostables experimenta un crecimiento continuo, optar por nuestro\u00a0<strong>cuenco compostable cuadrado<\/strong>\u00a0Los productos no s\u00f3lo impulsar\u00e1n los aspectos de sostenibilidad de su negocio, sino que tambi\u00e9n satisfar\u00e1n los principios de los consumidores modernos.<\/p>\n<h2>Bloque de informaci\u00f3n sem\u00e1ntica: C\u00f3mo las ensaladeras cuadradas compostables redefinen el envasado ecol\u00f3gico<\/h2>\n<div class=\"semantic-insight-block\" style=\"background: #e8f5e9; border-left: 4px solid #2196f3; padding: 14px; margin-bottom: 16px;\">\n<ul>\n<li><strong>C\u00f3mo la elecci\u00f3n de materiales impulsa la sostenibilidad:<\/strong> Fabricados con fibra vegetal r\u00e1pidamente renovable, estos cuencos son 100% compostables, no contienen PFAS y cumplen plenamente las normas mundiales de seguridad alimentaria.<\/li>\n<li><strong>Lo que diferencia al dise\u00f1o y el rendimiento:<\/strong> La forma cuadrada maximiza la presentaci\u00f3n de los alimentos, la apilabilidad y el impacto en las estanter\u00edas, mientras que la estructura y la tapa a prueba de fugas preservan la frescura y la seguridad del transporte.<\/li>\n<li><strong>Por qu\u00e9 es importante la certificaci\u00f3n:<\/strong> Certificados seg\u00fan las normas EN13432, FDA y UE, estos cuencos est\u00e1n listos para la exportaci\u00f3n y cumplen estrictas normativas medioambientales y de contacto con alimentos.<\/li>\n<li><strong>Flexibilidad de suministro y aplicaci\u00f3n:<\/strong> El suministro a granel, la personalizaci\u00f3n de la marca y los m\u00faltiples tama\u00f1os favorecen la escalabilidad para restaurantes, marcas de kits de comida y servicios de catering.<\/li>\n<li><strong>Ventaja estrat\u00e9gica para las marcas:<\/strong> El uso de ensaladeras cuadradas compostables refuerza la imagen de sostenibilidad de la marca, responde a las nuevas tendencias normativas y conquista a los consumidores con conciencia ecol\u00f3gica.<\/li>\n<\/ul>\n<div style=\"margin-top: 8px;\"><strong>Perspectiva del mercado:<\/strong> <a href=\"https:\/\/www.bioleaderpack.com\/es\/producto\/cuencos-de-fibra-compostable-de-bagazo-de-cana-de-azucar\/\" target=\"_blank\" rel=\"noopener\" data-wpil-monitor-id=\"2313\">Ensaladeras cuadradas compostables de Bioleader<\/a> ofrecen a la restauraci\u00f3n moderna una soluci\u00f3n preparada para el futuro que a\u00fana dise\u00f1o, sostenibilidad y excelencia operativa.<\/div>\n<\/div>\n<\/div>\n<p><script type=\"application\/ld+json\">{\n    \"@context\": \"https:\\\/\\\/schema.org\",\n    \"@type\": \"FAQPage\",\n    \"mainEntity\": [\n        {\n            \"@type\": \"Question\",\n            \"name\": \"What are square compostable salad bowls made from?\",\n            \"acceptedAnswer\": {\n                \"@type\": \"Answer\",\n                \"text\": \"These bowls are made from sugarcane bagasse, a fibrous byproduct of sugar production. It's a renewable, compostable material molded into durable containers suitable for eco-friendly food packaging.\"\n            }\n        },\n        {\n            \"@type\": \"Question\",\n            \"name\": \"Are square sugarcane salad bowls safe for fresh and warm foods?\",\n            \"acceptedAnswer\": {\n                \"@type\": \"Answer\",\n                \"text\": \"Yes, they are food-safe and can hold both cold salads and warm meals. They are oil-resistant, leak-proof, and can withstand temperatures up to 120\\u00b0C, making them ideal for a variety of foodservice applications.\"\n            }\n        },\n        {\n            \"@type\": \"Question\",\n            \"name\": \"Do square bagasse bowls come with lids for takeaway?\",\n            \"acceptedAnswer\": {\n                \"@type\": \"Answer\",\n                \"text\": \"Most square bagasse salad bowls are designed with compatible lids made from either fiber or PLA bioplastic. These secure-fit lids make the bowls ideal for takeaway, delivery, and grab-and-go meals.\"\n            }\n        },\n        {\n            \"@type\": \"Question\",\n            \"name\": \"Can I compost square sugarcane salad bowls at home?\",\n            \"acceptedAnswer\": {\n                \"@type\": \"Answer\",\n                \"text\": \"Yes, these bowls are home compostable under suitable conditions. In home composting, they typically decompose in 90 to 120 days, while in industrial composting they break down within 60 to 90 days.\"\n            }\n        },\n        {\n            \"@type\": \"Question\",\n            \"name\": \"Are square compostable bowls available in bulk for wholesale?\",\n            \"acceptedAnswer\": {\n                \"@type\": \"Answer\",\n                \"text\": \"Definitely. Suppliers offer bulk wholesale options for 16oz, 24oz, and 32oz square bowls, with or without lids. They are popular among restaurants, salad bars, food delivery services, and eco-conscious retailers.\"\n            }\n        }\n    ]\n}<\/script><\/p>\n<\/div>","protected":false},"excerpt":{"rendered":"<p><strong>Ensaladeras compostables<\/strong> Ofrecemos una soluci\u00f3n sostenible para la gastronom\u00eda moderna, combinando los materiales ecol\u00f3gicos del bagazo de ca\u00f1a de az\u00facar con t\u00e9cnicas de producci\u00f3n avanzadas. <strong>Ensaladeras cuadradas<\/strong> Est\u00e1n dise\u00f1ados para ser duraderos, herm\u00e9ticos y vers\u00e1tiles, y se adaptan a una amplia gama de aplicaciones de servicio de alimentos, desde comida para llevar y entrega a domicilio hasta servicio de catering en tiendas. A medida que crece el n\u00famero de consumidores que aceptan este tipo de pedidos, tambi\u00e9n crece nuestro...\u00a0<strong>cuenco compostable cuadrado<\/strong>\u00a0productos se ajustan a las exigencias del mercado corporativo. Las empresas pueden estar seguras de que est\u00e1n dando <a href=\"https:\/\/www.bioleaderpack.com\/es\/sala-de-exposiciones\/envases-alimentarios-respetuosos-con-el-medio-ambiente\/\" target=\"_blank\" rel=\"noopener\" data-wpil-monitor-id=\"2220\">envases alimentarios respetuosos con el medio ambiente<\/a> soluciones sin comprometer la calidad de sus productos.<\/p>\n<div id=\"whale-data-ext\" data-event=\"v2\" data-version=\"2.2.7\"><\/div>","protected":false},"featured_media":17871,"comment_status":"open","ping_status":"closed","template":"","meta":{"_acf_changed":false},"product_brand":[8971],"product_cat":[7150],"product_tag":[6816,6817,6818],"class_list":{"0":"post-13566","1":"product","2":"type-product","3":"status-publish","4":"has-post-thumbnail","6":"product_brand-bioleader","7":"product_cat-bagasse-bowl","8":"product_tag-compostable-bowl-square","9":"product_tag-compostable-salad-bowls","10":"product_tag-salad-bowls-square","12":"first","13":"instock","14":"purchasable","15":"product-type-simple"},"acf":[],"_links":{"self":[{"href":"https:\/\/www.bioleaderpack.com\/es\/wp-json\/wp\/v2\/product\/13566","targetHints":{"allow":["GET"]}}],"collection":[{"href":"https:\/\/www.bioleaderpack.com\/es\/wp-json\/wp\/v2\/product"}],"about":[{"href":"https:\/\/www.bioleaderpack.com\/es\/wp-json\/wp\/v2\/types\/product"}],"replies":[{"embeddable":true,"href":"https:\/\/www.bioleaderpack.com\/es\/wp-json\/wp\/v2\/comments?post=13566"}],"wp:featuredmedia":[{"embeddable":true,"href":"https:\/\/www.bioleaderpack.com\/es\/wp-json\/wp\/v2\/media\/17871"}],"wp:attachment":[{"href":"https:\/\/www.bioleaderpack.com\/es\/wp-json\/wp\/v2\/media?parent=13566"}],"wp:term":[{"taxonomy":"product_brand","embeddable":true,"href":"https:\/\/www.bioleaderpack.com\/es\/wp-json\/wp\/v2\/product_brand?post=13566"},{"taxonomy":"product_cat","embeddable":true,"href":"https:\/\/www.bioleaderpack.com\/es\/wp-json\/wp\/v2\/product_cat?post=13566"},{"taxonomy":"product_tag","embeddable":true,"href":"https:\/\/www.bioleaderpack.com\/es\/wp-json\/wp\/v2\/product_tag?post=13566"}],"curies":[{"name":"wp","href":"https:\/\/api.w.org\/{rel}","templated":true}]}}