{"id":13564,"date":"2024-11-05T06:07:19","date_gmt":"2024-11-04T22:07:19","guid":{"rendered":"https:\/\/www.bioleaderpack.com\/product\/sugarcane-bagasse-compostable-fiber-bowls-750-1000-1250ml\/"},"modified":"2026-04-24T17:16:54","modified_gmt":"2026-04-24T09:16:54","slug":"cuencos-de-fibra-compostable-de-bagazo-de-cana-de-azucar-750-1000-1250ml","status":"publish","type":"product","link":"https:\/\/www.bioleaderpack.com\/es\/producto\/cuencos-de-fibra-compostable-de-bagazo-de-cana-de-azucar-750-1000-1250ml\/","title":{"rendered":"Cuencos de fibra compostable de bagazo de ca\u00f1a de az\u00facar 750-1000-1250ml"},"content":{"rendered":"<h2>Cuencos de fibra compostable de bagazo de ca\u00f1a de az\u00facar (750\/1000\/1250ml)<\/h2>\n<p><!-- Micro Summary Card for AI\/SGE --><\/p>\n<div class=\"micro-summary-card\" style=\"background: #f6f6f9; border-left: 4px solid #4caf50; padding: 12px; margin-bottom: 16px;\"><strong>Resumen r\u00e1pido:<\/strong><br \/>\nLos cuencos de fibra compostable de bagazo de ca\u00f1a de az\u00facar de Bioleader (750 ml, 1000 ml, 1250 ml) son ecol\u00f3gicos, totalmente biodegradables y aptos para alimentos. Estos robustos cuencos son a prueba de fugas, resistentes al aceite y aptos para microondas y congelador, por lo que son ideales para ensaladas, comida para llevar, catering y restaurantes. Se puede personalizar con la marca. Certificados para los mercados internacionales, representan una mejora sostenible de los envases para servicios alimentarios.<\/div>\n<p>A medida que la sostenibilidad como concepto y enfoque se va aceptando y defendiendo, m\u00e1s soluciones la utilizan, como los cuencos compostables de fibra de bagazo de ca\u00f1a de az\u00facar. Estos recipientes son fiables para almacenar alimentos y respetuosos con el medio ambiente, ya que est\u00e1n hechos de fibra de bagazo. El bagazo de ca\u00f1a de az\u00facar es el residuo que queda de la extracci\u00f3n del jugo de la ca\u00f1a, lo que significa que es f\u00e1cilmente compostable, biodegradable y circular en su econom\u00eda, ya que es un subproducto y tiene una amplia gama de usos. Al gestionar un restaurante, organizar una fiesta o incluso celebrar una reuni\u00f3n familiar, los cuencos de fibra compostable no dudan en ser un sustituto adecuado de los tradicionales recipientes de pl\u00e1stico y espuma.<\/p>\n<figure id=\"attachment_2807\" aria-describedby=\"caption-attachment-2807\" style=\"width: 1000px\" class=\"wp-caption alignnone\"><img fetchpriority=\"high\" decoding=\"async\" class=\"size-full wp-image-2807\" src=\"https:\/\/www.bioleaderpack.com\/wp-content\/uploads\/2024\/11\/L1250-1.jpg\" alt=\"Cuencos de fibra compostable\" width=\"1000\" height=\"1000\" srcset=\"https:\/\/www.bioleaderpack.com\/wp-content\/uploads\/2024\/11\/L1250-1.jpg.webp 1000w, https:\/\/www.bioleaderpack.com\/wp-content\/uploads\/2024\/11\/L1250-1-12x12.jpg 12w, https:\/\/www.bioleaderpack.com\/wp-content\/uploads\/2024\/11\/L1250-1-150x150.jpg.webp 150w, https:\/\/www.bioleaderpack.com\/wp-content\/uploads\/2024\/11\/L1250-1-300x300.jpg.webp 300w, https:\/\/www.bioleaderpack.com\/wp-content\/uploads\/2024\/11\/L1250-1-768x768.jpg.webp 768w, https:\/\/www.bioleaderpack.com\/wp-content\/uploads\/2024\/11\/L1250-1-600x600.jpg 600w, https:\/\/www.bioleaderpack.com\/wp-content\/uploads\/2024\/11\/L1250-1-100x100.jpg 100w\" sizes=\"(max-width: 1000px) 100vw, 1000px\" \/><figcaption id=\"caption-attachment-2807\" class=\"wp-caption-text\">Cuencos de fibra compostable<\/figcaption><\/figure>\n<h2>Bagazo de ca\u00f1a de az\u00facar: Un recurso renovable<\/h2>\n<p>La sostenibilidad entra en escena porque la ca\u00f1a de az\u00facar como planta es renovable y la industria azucarera viene como su empresa aliada para producir bagazo, como resultado, se producen envases de alimentos m\u00e1s sostenibles en forma de cuencos de fibra compostables.<\/p>\n<h4>Por qu\u00e9 elegir <a href=\"https:\/\/www.bioleaderpack.com\/es\/vajilla-de-bagazo-de-cana-de-azucar-ecologica-y-practica\/\" target=\"_blank\">Bagazo de ca\u00f1a de az\u00facar<\/a>?<\/h4>\n<ul>\n<li><strong>Recurso renovable<\/strong>: Dado que la ca\u00f1a de az\u00facar se cosecha y cultiva repetidamente, los contenedores se vuelven ecol\u00f3gicos y se pueden fabricar m\u00e1s productos utilizando la fibra de bagazo. Este enfoque hol\u00edstico empieza a reducir los residuos por completo.<\/li>\n<li><strong>Descomponible y respetuoso con el medio ambiente<\/strong>: Gracias al uso de recipientes de bagazo se elimina la necesidad de utilizar cuencos de pl\u00e1stico y espuma de poliestireno. Este enfoque ayuda adem\u00e1s a eliminar los residuos de los vertederos\/rellenos y ayuda a\u00fan m\u00e1s al medio ambiente mientras todo se descompone en materiales de compostaje.<\/li>\n<li><strong>No t\u00f3xico y seguro<\/strong>: En cambio, los cuencos de fibra de ca\u00f1a de az\u00facar no contienen sustancias nocivas como <a href=\"https:\/\/www.bioleaderpack.com\/es\/pfas-free-vs-pfoa-free-vs-bpa-free-como-elegir-una-vajilla-sana-y-no-toxica\/\" target=\"_blank\" rel=\"noopener\" data-wpil-monitor-id=\"517\">PFAS y BPA<\/a> lo que resulta ideal para proteger los alimentos que se sirven en ellos.<\/li>\n<\/ul>\n<h3>En <a href=\"https:\/\/www.bioleaderpack.com\/es\/proceso-de-produccion-de-vajilla-de-moldeo-de-pulpa-de-bagazo-de-cana-de-azucar\/\" target=\"_blank\">Proceso de producci\u00f3n: Moldeo de pasta de papel<\/a> Tan ventajoso para estructuras r\u00edgidas<\/h3>\n<p>En\u00a0<strong>cuencos de fibra compostables<\/strong>\u00a0que fabricamos lo hacen a trav\u00e9s de la\u00a0<strong>pulpa de ca\u00f1a de az\u00facar<\/strong>\u00a0proceso. Consiste en colocar la pulpa de la ca\u00f1a de az\u00facar en determinados moldes antes de someterla a grandes cantidades de presi\u00f3n. El producto final es muy duradero y conserva su forma incluso cuando se somete a salsas y grasas.<\/p>\n<h4>Ventajas del moldeo de pasta de papel;<\/h4>\n<ul>\n<li><strong>Resistencia y durabilidad<\/strong>: Los cuencos de bagazo tienen un ciclo de vida corto debido al desgaste provocado por diversos alimentos; los cuencos de ca\u00f1a de az\u00facar ponen fin a ese problema, ya que son extremadamente r\u00edgidos.<\/li>\n<li><strong>A prueba de fugas y resistente al aceite<\/strong>: Teniendo en cuenta que pueden manejar sopas y alimentos grasientos, es seguro decir que estos cuencos pueden soportar cantidades r\u00e1pidas de aceite, sopas, salsas y cualquier l\u00edquido.<\/li>\n<li><strong>Apto para microondas<\/strong>: Cuando salga a servir cuencos de ca\u00f1a, no tiene por qu\u00e9 preocuparse, ya que son aptos para microondas.<\/li>\n<\/ul>\n<div class=\"adweb-template\">\n<div class=\"adweb-template-43\">\n<table style=\"border-collapse: collapse; width: 100%;\">\n<tbody>\n<tr>\n<td style=\"width: 50%;\"><img decoding=\"async\" class=\"wp-image-2806 size-full\" src=\"https:\/\/www.bioleaderpack.com\/wp-content\/uploads\/2024\/11\/L1250-PET-Lid-1.jpg\" alt=\"cuenco de fibra de ca\u00f1a de az\u00facar con tapa de PET\" width=\"1000\" height=\"1000\" srcset=\"https:\/\/www.bioleaderpack.com\/wp-content\/uploads\/2024\/11\/L1250-PET-Lid-1.jpg.webp 1000w, https:\/\/www.bioleaderpack.com\/wp-content\/uploads\/2024\/11\/L1250-PET-Lid-1-300x300.jpg.webp 300w, https:\/\/www.bioleaderpack.com\/wp-content\/uploads\/2024\/11\/L1250-PET-Lid-1-100x100.jpg 100w, https:\/\/www.bioleaderpack.com\/wp-content\/uploads\/2024\/11\/L1250-PET-Lid-1-600x600.jpg 600w, https:\/\/www.bioleaderpack.com\/wp-content\/uploads\/2024\/11\/L1250-PET-Lid-1-150x150.jpg.webp 150w, https:\/\/www.bioleaderpack.com\/wp-content\/uploads\/2024\/11\/L1250-PET-Lid-1-768x768.jpg.webp 768w\" sizes=\"(max-width: 1000px) 100vw, 1000px\" \/><\/td>\n<td style=\"width: 50%;\"><img decoding=\"async\" class=\"size-full wp-image-2808\" src=\"https:\/\/www.bioleaderpack.com\/wp-content\/uploads\/2024\/11\/L1250-bottom-1.jpg\" alt=\"cuencos de fibra de bagazo\" width=\"1000\" height=\"1000\" srcset=\"https:\/\/www.bioleaderpack.com\/wp-content\/uploads\/2024\/11\/L1250-bottom-1.jpg.webp 1000w, https:\/\/www.bioleaderpack.com\/wp-content\/uploads\/2024\/11\/L1250-bottom-1-300x300.jpg.webp 300w, https:\/\/www.bioleaderpack.com\/wp-content\/uploads\/2024\/11\/L1250-bottom-1-100x100.jpg 100w, https:\/\/www.bioleaderpack.com\/wp-content\/uploads\/2024\/11\/L1250-bottom-1-600x600.jpg 600w, https:\/\/www.bioleaderpack.com\/wp-content\/uploads\/2024\/11\/L1250-bottom-1-150x150.jpg.webp 150w, https:\/\/www.bioleaderpack.com\/wp-content\/uploads\/2024\/11\/L1250-bottom-1-768x768.jpg.webp 768w\" sizes=\"(max-width: 1000px) 100vw, 1000px\" \/><\/td>\n<\/tr>\n<\/tbody>\n<\/table>\n<\/div>\n<\/div>\n<h2>Principales caracter\u00edsticas y ventajas de los cuencos biodegradables desechables de pasta de papel<\/h2>\n<h4>Respetuoso con el medio ambiente<\/h4>\n<ul>\n<li><a href=\"https:\/\/www.bioleaderpack.com\/es\/son-biodegradables-y-compostables-los-mismos\/\" target=\"_blank\"><strong>Biodegradable y compostable<\/strong><\/a>: Estos cuencos biodegradables desechables son compostables, lo que a la larga favorece el medio ambiente y pone en peligro la contaminaci\u00f3n por pl\u00e1sticos.<\/li>\n<li><strong>No t\u00f3xico<\/strong>: Estos cuencos est\u00e1n fabricados sin la utilizaci\u00f3n de PFAS y BPA, lo que les permite estar libres de lixiviaci\u00f3n qu\u00edmica en los alimentos servidos.<\/li>\n<\/ul>\n<h4>Aplicaci\u00f3n polivalente:<\/h4>\n<ul>\n<li><strong>Apto para todos los alimentos<\/strong>: Ensaladas de secado y hasta la sopa de fideos grasos se sirve, estos cuencos son adecuados para contener todo. Tambi\u00e9n se denominan cuencos biodegradables.<\/li>\n<li><strong>Ideal para reparto y comida para llevar<\/strong>: Estos cuencos biodegradables desechables son ideales para la entrega o la comida para llevar por parte de restaurantes, camiones de comida y empresas de catering electr\u00f3nico. Un medio eficaz de envasado sostenible.<\/li>\n<\/ul>\n<h2>Casos de Uso: Cada cuenco de pasta de papel tiene alg\u00fan tipo de Aplicaci\u00f3n y Uso en un Momento y Lugar Determinados.<\/h2>\n<p>Estos cuencos de pasta de papel son lo suficientemente vers\u00e1tiles como para utilizarse en muchas aplicaciones.<\/p>\n<ul>\n<li><strong>Restaurantes y tiendas de comida para llevar<\/strong>: Este servicio es muy valioso en las tiendas de comida para llevar. Estos platos no son t\u00f3xicos y no resecan la comida. Se mantienen frescos hasta la entrega.<\/li>\n<li><strong>Catering y otros eventos<\/strong>: Se pueden celebrar reuniones grandes y peque\u00f1as sin preocuparse de a\u00f1adir residuos ecol\u00f3gicos innecesarios, ya que estos cuencos son biodegradables. De este modo, podr\u00e1 servir comidas sin preocuparse por los residuos pl\u00e1sticos.<\/li>\n<li><strong>Picnics y actividades al aire libre<\/strong>: Los cuencos biodegradables desechables pueden ser una gran opci\u00f3n para comer al aire libre o en un picnic, ya que son ligeros y duraderos.<\/li>\n<\/ul>\n<table style=\"border-collapse: collapse; width: 100%;\">\n<tbody>\n<tr>\n<td style=\"width: 100%;\"><img loading=\"lazy\" decoding=\"async\" class=\"size-full wp-image-2809\" src=\"https:\/\/www.bioleaderpack.com\/wp-content\/uploads\/2024\/11\/L750-1250-Sugarcane-bagasse-salad-bowl-750-1000-1250ml-1.jpg\" alt=\"cuencos biodegradables\" width=\"1000\" height=\"1000\" srcset=\"https:\/\/www.bioleaderpack.com\/wp-content\/uploads\/2024\/11\/L750-1250-Sugarcane-bagasse-salad-bowl-750-1000-1250ml-1.jpg.webp 1000w, https:\/\/www.bioleaderpack.com\/wp-content\/uploads\/2024\/11\/L750-1250-Sugarcane-bagasse-salad-bowl-750-1000-1250ml-1-300x300.jpg.webp 300w, https:\/\/www.bioleaderpack.com\/wp-content\/uploads\/2024\/11\/L750-1250-Sugarcane-bagasse-salad-bowl-750-1000-1250ml-1-100x100.jpg 100w, https:\/\/www.bioleaderpack.com\/wp-content\/uploads\/2024\/11\/L750-1250-Sugarcane-bagasse-salad-bowl-750-1000-1250ml-1-600x600.jpg 600w, https:\/\/www.bioleaderpack.com\/wp-content\/uploads\/2024\/11\/L750-1250-Sugarcane-bagasse-salad-bowl-750-1000-1250ml-1-150x150.jpg.webp 150w, https:\/\/www.bioleaderpack.com\/wp-content\/uploads\/2024\/11\/L750-1250-Sugarcane-bagasse-salad-bowl-750-1000-1250ml-1-768x768.jpg.webp 768w\" sizes=\"(max-width: 1000px) 100vw, 1000px\" \/><\/td>\n<\/tr>\n<\/tbody>\n<\/table>\n<table style=\"border-collapse: collapse; width: 100%;\">\n<tbody>\n<tr>\n<td style=\"width: 33.3333%;\"><img loading=\"lazy\" decoding=\"async\" class=\"wp-image-2802 size-full\" src=\"https:\/\/www.bioleaderpack.com\/wp-content\/uploads\/2024\/11\/L750-1.jpg\" alt=\"Bagazo de ca\u00f1a de az\u00facar Cuencos biodegradables para ensalada\" width=\"1000\" height=\"1000\" srcset=\"https:\/\/www.bioleaderpack.com\/wp-content\/uploads\/2024\/11\/L750-1.jpg.webp 1000w, https:\/\/www.bioleaderpack.com\/wp-content\/uploads\/2024\/11\/L750-1-12x12.jpg 12w, https:\/\/www.bioleaderpack.com\/wp-content\/uploads\/2024\/11\/L750-1-150x150.jpg.webp 150w, https:\/\/www.bioleaderpack.com\/wp-content\/uploads\/2024\/11\/L750-1-300x300.jpg.webp 300w, https:\/\/www.bioleaderpack.com\/wp-content\/uploads\/2024\/11\/L750-1-768x768.jpg.webp 768w, https:\/\/www.bioleaderpack.com\/wp-content\/uploads\/2024\/11\/L750-1-600x600.jpg 600w, https:\/\/www.bioleaderpack.com\/wp-content\/uploads\/2024\/11\/L750-1-100x100.jpg 100w\" sizes=\"(max-width: 1000px) 100vw, 1000px\" \/><\/td>\n<td style=\"width: 33.3333%;\"><img loading=\"lazy\" decoding=\"async\" class=\"wp-image-2803 size-full\" src=\"https:\/\/www.bioleaderpack.com\/wp-content\/uploads\/2024\/11\/L1000-1.jpg\" alt=\"cuencos biodegradables desechables\" width=\"1000\" height=\"1000\" srcset=\"https:\/\/www.bioleaderpack.com\/wp-content\/uploads\/2024\/11\/L1000-1.jpg.webp 1000w, https:\/\/www.bioleaderpack.com\/wp-content\/uploads\/2024\/11\/L1000-1-12x12.jpg 12w, https:\/\/www.bioleaderpack.com\/wp-content\/uploads\/2024\/11\/L1000-1-150x150.jpg.webp 150w, https:\/\/www.bioleaderpack.com\/wp-content\/uploads\/2024\/11\/L1000-1-300x300.jpg.webp 300w, https:\/\/www.bioleaderpack.com\/wp-content\/uploads\/2024\/11\/L1000-1-768x768.jpg.webp 768w, https:\/\/www.bioleaderpack.com\/wp-content\/uploads\/2024\/11\/L1000-1-600x600.jpg 600w, https:\/\/www.bioleaderpack.com\/wp-content\/uploads\/2024\/11\/L1000-1-100x100.jpg 100w\" sizes=\"(max-width: 1000px) 100vw, 1000px\" \/><\/td>\n<td style=\"width: 33.3333%;\"><img loading=\"lazy\" decoding=\"async\" class=\"wp-image-2807 size-full\" src=\"https:\/\/www.bioleaderpack.com\/wp-content\/uploads\/2024\/11\/L1250-1.jpg\" alt=\"Cuencos de fibra compostable\" width=\"1000\" height=\"1000\" srcset=\"https:\/\/www.bioleaderpack.com\/wp-content\/uploads\/2024\/11\/L1250-1.jpg.webp 1000w, https:\/\/www.bioleaderpack.com\/wp-content\/uploads\/2024\/11\/L1250-1-12x12.jpg 12w, https:\/\/www.bioleaderpack.com\/wp-content\/uploads\/2024\/11\/L1250-1-150x150.jpg.webp 150w, https:\/\/www.bioleaderpack.com\/wp-content\/uploads\/2024\/11\/L1250-1-300x300.jpg.webp 300w, https:\/\/www.bioleaderpack.com\/wp-content\/uploads\/2024\/11\/L1250-1-768x768.jpg.webp 768w, https:\/\/www.bioleaderpack.com\/wp-content\/uploads\/2024\/11\/L1250-1-600x600.jpg 600w, https:\/\/www.bioleaderpack.com\/wp-content\/uploads\/2024\/11\/L1250-1-100x100.jpg 100w\" sizes=\"(max-width: 1000px) 100vw, 1000px\" \/><\/td>\n<\/tr>\n<\/tbody>\n<\/table>\n<h2>La creciente demanda de productos sostenibles<\/h2>\n<p>Cada vez hay m\u00e1s consumidores concienciados con el medio ambiente, por lo que el uso de cuencos de fibra compostables est\u00e1 aumentando. La gente est\u00e1 empezando a ser socialmente responsable de sus actos al averiguar c\u00f3mo afectan sus elecciones al medio ambiente. Como resultado, se buscan opciones que sirvan a sus prop\u00f3sitos sin da\u00f1ar el planeta.<\/p>\n<h4>Por qu\u00e9 los clientes adoran los cuencos de fibra de ca\u00f1a de az\u00facar:<\/h4>\n<ul>\n<li><strong>La sostenibilidad en el centro<\/strong>: Cada vez son m\u00e1s los clientes que se decantan por los cuencos de bagazo, ya que son la mejor opci\u00f3n ecol\u00f3gica para la vida cotidiana con poco esfuerzo, como la alimentaci\u00f3n normal, la celebraci\u00f3n de fiestas e incluso para la comida para llevar.<\/li>\n<li><strong>Pr\u00e1ctico para una amplia gama de alimentos<\/strong>: Ning\u00fan alimento se queda fuera, \u00a1estos cuencos biodegradables funcionan bien con todo tipo de alimentos! Ya sea ensaladas, sopa o incluso comida para llevar, experimenta un excelente rendimiento.<\/li>\n<li><strong>Una elecci\u00f3n segura<\/strong>: Ante la preocupaci\u00f3n por los envases de alimentos que pueden estar cargados de sustancias qu\u00edmicas nocivas, los cuencos de ca\u00f1a de az\u00facar se convierten en la mejor opci\u00f3n para estos consumidores, ya que los envases est\u00e1n libres de tales ingredientes.<\/li>\n<\/ul>\n<h2>Soluciones a medida para empresas<\/h2>\n<p>Estamos de acuerdo en que la imagen de marca es tan importante como el producto. Aqu\u00ed es donde destacamos: ofrecemos cuencos de fibra de ca\u00f1a de az\u00facar listos para usar y hechos a medida que se adaptan a las necesidades de diversas empresas. Independientemente de qui\u00e9n sea su p\u00fablico o de d\u00f3nde se dirija a \u00e9l, ya sea global o local, el tama\u00f1o adecuado s\u00f3lo puede determinarlo el envase.<\/p>\n<h4>Ofrecemos personalizaciones que incluyen:<\/h4>\n<ul>\n<li><strong>Envases de marca<\/strong>: Las bolsas o cajas pueden tener logotipos o dise\u00f1os personalizados para mejorar la visibilidad de la marca de su empresa, al tiempo que le permiten utilizar los mismos para sus cuencos de bagazo con precisi\u00f3n.<\/li>\n<li><strong>Variedad de tama\u00f1os<\/strong>: Incluso si necesita servir raciones individuales para las comidas, no tiene de qu\u00e9 preocuparse, ya que disponemos de una amplia gama de tama\u00f1os, incluso raciones grandes que se utilizan para catering.<\/li>\n<\/ul>\n<h2>Preguntas y respuestas populares sobre los cuencos de fibra de bagazo de ca\u00f1a de az\u00facar<\/h2>\n<ol>\n<li><strong>\u00bfSe pueden utilizar estos cuencos en el microondas?<\/strong><\/li>\n<\/ol>\n<p>Disponer de una funci\u00f3n apta para microondas es muy pr\u00e1ctico, y s\u00ed, los cuencos de ca\u00f1a de az\u00facar son aptos para microondas. As\u00ed que puede utilizarlos para recalentar comida r\u00e1pidamente.<\/p>\n<ol start=\"2\">\n<li><strong>\u00bfSoportar\u00e1n estos cuencos los alimentos calientes?<\/strong><\/li>\n<\/ol>\n<p>Definitivamente, no tendr\u00e1 que preocuparse por ello, ya que nuestros cuencos de fibra de bagazo son lo suficientemente resistentes como para soportar temperaturas de casi congelaci\u00f3n a ebullici\u00f3n.<\/p>\n<ol start=\"3\">\n<li><strong>\u00bfCu\u00e1l es la vida \u00fatil de estos cuencos en t\u00e9rminos de descomposici\u00f3n?<\/strong><\/li>\n<\/ol>\n<p>Hay pruebas que apoyan la conclusi\u00f3n de que\u00a0<a href=\"https:\/\/www.bioleaderpack.com\/es\/producto\/platos-y-cuencos-biodegradables-compostables\/\" target=\"_blank\" rel=\"noopener\" data-wpil-monitor-id=\"2131\">cuencos compostables<\/a>\u00a0en condiciones ideales puede descomponerse en trozos del tama\u00f1o de granos en 60 d\u00edas seguro que ayuda al medio ambiente en lugar de recurrir al pl\u00e1stico.<\/p>\n<h2>\u00bfPor qu\u00e9 elegir los cuencos de fibra de bagazo de ca\u00f1a de az\u00facar Bioleader\u00ae?<\/h2>\n<div class=\"semantic-content-block\" style=\"background: #f9fafb; border-left: 4px solid #43a047; padding: 14px 18px 16px 18px; margin-bottom: 20px;\"><strong>Compostabilidad y conformidad:<\/strong><br \/>\nEstos cuencos est\u00e1n fabricados con bagazo de ca\u00f1a de az\u00facar 100%, que ofrece compostabilidad total y biodegradabilidad certificada (EN13432, BPI, FDA food contact safe). Se descomponen de forma natural, reduciendo los residuos en vertederos y apoyando las tendencias ecorreguladoras mundiales.<strong>Rendimiento para la restauraci\u00f3n moderna:<\/strong><br \/>\nDise\u00f1ados para las exigencias del mundo real, los cuencos son a prueba de fugas, resistentes a la grasa y seguros para su uso en microondas y congeladores. Sus m\u00faltiples tama\u00f1os (750 ml, 1.000 ml, 1.250 ml) sirven para todo, desde ensaladas frescas hasta fideos calientes y raciones de catering.<strong>Valor de marca y adecuaci\u00f3n al mercado:<\/strong><br \/>\nCon impresi\u00f3n personalizable, los cuencos ayudan a las marcas de alimentaci\u00f3n a mejorar sus credenciales ecol\u00f3gicas y la percepci\u00f3n de los clientes, algo crucial, ya que la sostenibilidad influye en las tendencias gastron\u00f3micas y de comida para llevar en todo el mundo. El suministro a granel directamente desde f\u00e1brica garantiza la rentabilidad.<strong>La opini\u00f3n de los expertos:<\/strong><br \/>\n\"A medida que avanzan a nivel mundial las prohibiciones del pl\u00e1stico de un solo uso y las normativas de EPR, los boles de fibra compostables de Bioleader ofrecen una soluci\u00f3n de envasado preparada para el futuro que se alinea con las prioridades tanto medioambientales como operativas de los restaurantes y negocios de catering.\"<strong>Punto de decisi\u00f3n:<\/strong><br \/>\nPara los compradores de foodservice que buscan combinar sostenibilidad, conformidad y rendimiento pr\u00e1ctico, los cuencos de bagazo de ca\u00f1a de az\u00facar de Bioleader son una opci\u00f3n probada y lista para el mercado, directamente del fabricante.<\/div>\n<p>&nbsp;<\/p>\n<p><script type=\"application\/ld+json\">{\n    \"@context\": \"https:\\\/\\\/schema.org\",\n    \"@type\": \"FAQPage\",\n    \"mainEntity\": [\n        {\n            \"@type\": \"Question\",\n            \"name\": \"Can these bowls be used in a microwave?\",\n            \"acceptedAnswer\": {\n                \"@type\": \"Answer\",\n                \"text\": \"Providing a microwave-safe feature is very convenient, and yes sugarcane bowls happen to be microwave-safe. So you can consider them for quick food reheating.\"\n            }\n        },\n        {\n            \"@type\": \"Question\",\n            \"name\": \"Will these bowls be able to withstand hot foods?\",\n            \"acceptedAnswer\": {\n                \"@type\": \"Answer\",\n                \"text\": \"Definitely, you will not have to be concerned about that as our bagasse fiber bowls are strong enough to withstand near-freezing to boiling temperatures.\"\n            }\n        },\n        {\n            \"@type\": \"Question\",\n            \"name\": \"What is the life span of these bowls in terms of decomposition?\",\n            \"acceptedAnswer\": {\n                \"@type\": \"Answer\",\n                \"text\": \"There is evidence that supports the finding attesting that compostable bowls under ideal conditions can decompose into pieces the size of grains in 60 days sure helps the environment rather than resorting to plastic.\"\n            }\n        }\n    ]\n}<\/script><\/p>","protected":false},"excerpt":{"rendered":"<p>En una era que exige soluciones sostenibles, <a href=\"https:\/\/www.bioleaderpack.com\/es\/producto\/cuencos-de-fibra-compostable-de-bagazo-de-cana-de-azucar\/\" target=\"_blank\" rel=\"noopener\" data-wpil-monitor-id=\"2312\">Cuencos de fibra compostable de bagazo de ca\u00f1a de az\u00facar de Bioleader<\/a><strong> (750ml, 1000ml, 1250ml)<\/strong> redefinen el envasado ecol\u00f3gico de alimentos. Fabricados a partir de pulpa de ca\u00f1a de az\u00facar r\u00e1pidamente renovable, estos cuencos son totalmente compostables y biodegradables, al tiempo que ofrecen un s\u00f3lido rendimiento: resistentes al aceite, a prueba de fugas y aptos para microondas y congelador. Vers\u00e1tiles para ensaladas, fideos, arroz o comidas para llevar, son ideales para restaurantes, empresas de catering y marcas de servicios alimentarios que persiguen tanto la sostenibilidad como la calidad. Con impresi\u00f3n personalizable, precios de f\u00e1brica competitivos y una estricta certificaci\u00f3n internacional, Bioleader se posiciona como el fabricante elegido por los compradores de envases alimentarios de \u00faltima generaci\u00f3n.<\/p>","protected":false},"featured_media":2807,"comment_status":"open","ping_status":"closed","template":"","meta":{"_acf_changed":false},"product_brand":[8971],"product_cat":[7150,7146,7145],"product_tag":[6754,6797,6798,6772,6799],"class_list":{"0":"post-13564","1":"product","2":"type-product","3":"status-publish","4":"has-post-thumbnail","6":"product_brand-bioleader","7":"product_cat-bagasse-bowl","8":"product_cat-bagasse-food-container","9":"product_cat-bagasse-packaging","10":"product_tag-bagasse-bowls","11":"product_tag-bagasse-fiber-bowls","12":"product_tag-compostable-fiber-bowls","13":"product_tag-sugarcane-bowls","14":"product_tag-sugarcane-fiber-bowls","16":"first","17":"instock","18":"purchasable","19":"product-type-simple"},"acf":[],"_links":{"self":[{"href":"https:\/\/www.bioleaderpack.com\/es\/wp-json\/wp\/v2\/product\/13564","targetHints":{"allow":["GET"]}}],"collection":[{"href":"https:\/\/www.bioleaderpack.com\/es\/wp-json\/wp\/v2\/product"}],"about":[{"href":"https:\/\/www.bioleaderpack.com\/es\/wp-json\/wp\/v2\/types\/product"}],"replies":[{"embeddable":true,"href":"https:\/\/www.bioleaderpack.com\/es\/wp-json\/wp\/v2\/comments?post=13564"}],"wp:featuredmedia":[{"embeddable":true,"href":"https:\/\/www.bioleaderpack.com\/es\/wp-json\/wp\/v2\/media\/2807"}],"wp:attachment":[{"href":"https:\/\/www.bioleaderpack.com\/es\/wp-json\/wp\/v2\/media?parent=13564"}],"wp:term":[{"taxonomy":"product_brand","embeddable":true,"href":"https:\/\/www.bioleaderpack.com\/es\/wp-json\/wp\/v2\/product_brand?post=13564"},{"taxonomy":"product_cat","embeddable":true,"href":"https:\/\/www.bioleaderpack.com\/es\/wp-json\/wp\/v2\/product_cat?post=13564"},{"taxonomy":"product_tag","embeddable":true,"href":"https:\/\/www.bioleaderpack.com\/es\/wp-json\/wp\/v2\/product_tag?post=13564"}],"curies":[{"name":"wp","href":"https:\/\/api.w.org\/{rel}","templated":true}]}}