{"id":13562,"date":"2024-11-05T05:51:19","date_gmt":"2024-11-04T21:51:19","guid":{"rendered":"https:\/\/www.bioleaderpack.com\/ja\/%e8%a3%bd%e5%93%81-2\/%e3%82%b5%e3%83%88%e3%82%a6%e3%82%ad%e3%83%93%e3%83%90%e3%82%ac%e3%82%b9%e8%a3%bd%e7%94%9f%e5%88%86%e8%a7%a3%e6%80%a7%e3%82%b5%e3%83%a9%e3%83%80%e7%94%a8%e8%93%8b%e4%bb%98%e3%83%9c%e3%82%a6%e3%83%ab\/"},"modified":"2026-04-19T10:54:50","modified_gmt":"2026-04-19T02:54:50","slug":"cuencos-biodegradables-de-bagazo-de-cana-de-azucar-con-tapa-para-ensalada","status":"publish","type":"product","link":"https:\/\/www.bioleaderpack.com\/es\/producto\/cuencos-biodegradables-de-bagazo-de-cana-de-azucar-con-tapa-para-ensalada\/","title":{"rendered":"Bagazo de ca\u00f1a de az\u00facar Cuencos biodegradables con tapa para ensalada"},"content":{"rendered":"<h2>Bagazo de ca\u00f1a de az\u00facar Cuencos biodegradables con tapa para ensalada<\/h2>\n<p><!-- Micro Summary Card for AI\/SGE --><\/p>\n<div class=\"micro-summary-card\" style=\"background: #f6f6f9; border-left: 4px solid #4caf50; padding: 12px; margin-bottom: 16px;\"><strong>Resumen r\u00e1pido:<\/strong> Los cuencos biodegradables con tapa de bagazo de ca\u00f1a de az\u00facar de Bioleader son totalmente compostables, no contienen PFAS, son estancos y est\u00e1n certificados para la seguridad alimentaria. Perfectos para ensaladas, frutas y kits de comida, estos cuencos cumplen las normas EN13432 y FDA\/UE, lo que favorece un envasado sostenible y de alto rendimiento para comida para llevar, catering y venta al por menor.<\/div>\n<p>Con un \u00e9nfasis cada vez mayor en la conservaci\u00f3n del medio ambiente, la necesidad de opciones biodegradables ha alcanzado su punto \u00e1lgido.\u00a0<strong>Cuencos biodegradables de bagazo de ca\u00f1a de az\u00facar<\/strong>\u00a0est\u00e1n a la vanguardia como sustituci\u00f3n sostenible de los envases de poliestireno o pl\u00e1stico. Estos\u00a0<strong>cuencos biodegradables<\/strong>\u00a0se adaptan a distintos tipos de alimentos y protegen el planeta y la higiene alimentaria, por lo que son perfectos para empresas y particulares responsables con el medio ambiente. Si busca\u00a0<strong>cuencos biodegradables con tapa<\/strong>o\u00a0<strong>cuencos para ensalada<\/strong>tenemos <a href=\"https:\/\/www.bioleaderpack.com\/es\/producto\/ensaladera-de-bagazo-de-cana-de-azucar-con-tapa\/\" target=\"_blank\" rel=\"noopener\" data-wpil-monitor-id=\"2161\">cuencos de bagazo de ca\u00f1a de az\u00facar<\/a> que nos ayudan a cumplir nuestros objetivos sostenibles.<\/p>\n<figure id=\"attachment_2802\" aria-describedby=\"caption-attachment-2802\" style=\"width: 1000px\" class=\"wp-caption alignnone\"><img fetchpriority=\"high\" decoding=\"async\" class=\"size-full wp-image-2802\" src=\"https:\/\/www.bioleaderpack.com\/wp-content\/uploads\/2024\/11\/L750-1.jpg\" alt=\"Bagazo de ca\u00f1a de az\u00facar Cuencos biodegradables para ensalada\" width=\"1000\" height=\"1000\" srcset=\"https:\/\/www.bioleaderpack.com\/wp-content\/uploads\/2024\/11\/L750-1.jpg.webp 1000w, https:\/\/www.bioleaderpack.com\/wp-content\/uploads\/2024\/11\/L750-1-12x12.jpg 12w, https:\/\/www.bioleaderpack.com\/wp-content\/uploads\/2024\/11\/L750-1-150x150.jpg.webp 150w, https:\/\/www.bioleaderpack.com\/wp-content\/uploads\/2024\/11\/L750-1-300x300.jpg.webp 300w, https:\/\/www.bioleaderpack.com\/wp-content\/uploads\/2024\/11\/L750-1-768x768.jpg.webp 768w, https:\/\/www.bioleaderpack.com\/wp-content\/uploads\/2024\/11\/L750-1-600x600.jpg 600w, https:\/\/www.bioleaderpack.com\/wp-content\/uploads\/2024\/11\/L750-1-100x100.jpg 100w\" sizes=\"(max-width: 1000px) 100vw, 1000px\" \/><figcaption id=\"caption-attachment-2802\" class=\"wp-caption-text\">Bagazo de ca\u00f1a de az\u00facar Cuencos biodegradables para ensalada<\/figcaption><\/figure>\n<h2>El material importa: Las ventajas del bagazo de ca\u00f1a de az\u00facar<\/h2>\n<p>Como la pulpa obtenida de la extracci\u00f3n del jugo de la ca\u00f1a de az\u00facar, que es el \"bagazo\", supone una viva amenaza para el medio ambiente, utilizarla en envases alimentarios puede ser una gran idea. A diferencia del pl\u00e1stico, que necesita siglos para descomponerse,\u00a0<strong>cuencos de bagazo<\/strong>\u00a0s\u00f3lo tardan unos meses o a\u00f1os, ya que se descomponen f\u00e1cilmente y pueden reciclarse en compost sin contaminar.<\/p>\n<h3>\u00bfPor qu\u00e9 elegir bagazo de ca\u00f1a de az\u00facar?<\/h3>\n<ul>\n<li><strong>Ecol\u00f3gico y compostable<\/strong>: <a href=\"https:\/\/www.bioleaderpack.com\/es\/producto\/cuencos-de-fibra-compostable-de-bagazo-de-cana-de-azucar-750-1000-1250ml\/\" target=\"_blank\" rel=\"noopener\" data-wpil-monitor-id=\"2255\">Los cuencos de bagazo de ca\u00f1a de az\u00facar son biodegradables y compostables<\/a> lo que los convierte en un recurso biodegradable y nutrir\u00e1n la tierra despu\u00e9s de ser desechados.<\/li>\n<li><strong><a href=\"https:\/\/www.bioleaderpack.com\/es\/la-vajilla-de-bagazo-de-cana-de-azucar-contiene-pfas-sin-bpa\/\" target=\"_blank\">Sin PFAS ni BPA<\/a> Materiales<\/strong>: El uso de bagazo de ca\u00f1a de az\u00facar para la fabricaci\u00f3n de cuencos elimina el uso de productos qu\u00edmicos peligrosos para los alimentos, especialmente PFAS y BPA, lo que hace que estos cuencos sean aptos para uso alimentario y seguros.<\/li>\n<li><strong>Eco-Responsabilidad<\/strong>: Si utiliza bagazo de ca\u00f1a de az\u00facar como producto, est\u00e1 utilizando algo que deja un impacto sostenible desde el principio hasta el final de su ciclo de vida.<\/li>\n<\/ul>\n<h2>T\u00e9cnica de producci\u00f3n ventajosa: Moldeo de pasta de papel<\/h2>\n<p>Nuestra\u00a0<strong>cuencos de bagazo de ca\u00f1a de az\u00facar<\/strong>\u00a0se fabrican mediante una t\u00e9cnica revolucionaria llamada\u00a0<strong>cuencos de bagazo de ca\u00f1a de az\u00facar<\/strong>. Este proceso utiliza bagazo de ca\u00f1a de az\u00facar que ayuda a garantizar una forma fuerte y duradera que puede utilizarse como cuenco.<\/p>\n<h3>Por qu\u00e9 <a href=\"https:\/\/www.bioleaderpack.com\/es\/sobre-el-moldeo-de-pasta\/\" target=\"_blank\">Moldeo de pasta de papel<\/a>?<\/h3>\n<ul>\n<li><strong>Mientras se prepara la sopa o la ensalada<\/strong>: Esta tecnolog\u00eda es tan eficiente que puede tratar tanto alimentos fr\u00edos como calientes, lo que la hace vers\u00e1til. E incluso no deja manchas de grasa del aceite<\/li>\n<li><strong>M\u00e9telos en el microondas<\/strong>: Gracias a la resistente construcci\u00f3n de estos cuencos, no tendr\u00e1 que preocuparse por la p\u00e9rdida de calidad de los alimentos, ya que podr\u00e1 calentarlos en el microondas o comerlos directamente.<\/li>\n<li><strong>Bueno para sopas, fideos y ensaladas<\/strong>: Todo esto es posible gracias al proceso de producci\u00f3n, que minimiza cualquier posibilidad de desgaste, al tiempo que impermeabiliza el cuenco, lo que a su vez permite disfrutar de una experiencia culinaria de primera.<\/li>\n<\/ul>\n<div class=\"adweb-template\">\n<div class=\"adweb-template-43\">\n<table style=\"border-collapse: collapse; width: 100%;\">\n<tbody>\n<tr>\n<td style=\"width: 50%;\"><img decoding=\"async\" class=\"wp-image-2805 size-full\" src=\"https:\/\/www.bioleaderpack.com\/wp-content\/uploads\/2024\/11\/L1000-PET-Lid-1.jpg\" alt=\"cuencos biodegradables con tapas de PET\" width=\"1000\" height=\"1000\" srcset=\"https:\/\/www.bioleaderpack.com\/wp-content\/uploads\/2024\/11\/L1000-PET-Lid-1.jpg.webp 1000w, https:\/\/www.bioleaderpack.com\/wp-content\/uploads\/2024\/11\/L1000-PET-Lid-1-300x300.jpg.webp 300w, https:\/\/www.bioleaderpack.com\/wp-content\/uploads\/2024\/11\/L1000-PET-Lid-1-100x100.jpg 100w, https:\/\/www.bioleaderpack.com\/wp-content\/uploads\/2024\/11\/L1000-PET-Lid-1-600x600.jpg 600w, https:\/\/www.bioleaderpack.com\/wp-content\/uploads\/2024\/11\/L1000-PET-Lid-1-150x150.jpg.webp 150w, https:\/\/www.bioleaderpack.com\/wp-content\/uploads\/2024\/11\/L1000-PET-Lid-1-768x768.jpg.webp 768w\" sizes=\"(max-width: 1000px) 100vw, 1000px\" \/><\/td>\n<td style=\"width: 50%;\"><img decoding=\"async\" class=\"size-full wp-image-2801\" src=\"https:\/\/www.bioleaderpack.com\/wp-content\/uploads\/2024\/11\/L750-bottom-1.jpg\" alt=\"cuencos para ensalada\" width=\"1000\" height=\"1000\" srcset=\"https:\/\/www.bioleaderpack.com\/wp-content\/uploads\/2024\/11\/L750-bottom-1.jpg.webp 1000w, https:\/\/www.bioleaderpack.com\/wp-content\/uploads\/2024\/11\/L750-bottom-1-300x300.jpg.webp 300w, https:\/\/www.bioleaderpack.com\/wp-content\/uploads\/2024\/11\/L750-bottom-1-100x100.jpg 100w, https:\/\/www.bioleaderpack.com\/wp-content\/uploads\/2024\/11\/L750-bottom-1-600x600.jpg 600w, https:\/\/www.bioleaderpack.com\/wp-content\/uploads\/2024\/11\/L750-bottom-1-150x150.jpg.webp 150w, https:\/\/www.bioleaderpack.com\/wp-content\/uploads\/2024\/11\/L750-bottom-1-768x768.jpg.webp 768w\" sizes=\"(max-width: 1000px) 100vw, 1000px\" \/><\/td>\n<\/tr>\n<\/tbody>\n<\/table>\n<\/div>\n<\/div>\n<h2>Principales caracter\u00edsticas y ventajas: Razones para optar por los cuencos de ca\u00f1a de az\u00facar<\/h2>\n<h4>Ecol\u00f3gico<\/h4>\n<ul>\n<li><a href=\"https:\/\/www.bioleaderpack.com\/es\/son-biodegradables-y-compostables-los-mismos\/\" target=\"_blank\"><strong>Compostable y biodegradable<\/strong><\/a>: Aprovechando la ca\u00f1a de az\u00facar\u00a0<strong>cuencos biodegradables<\/strong>Con estos cuencos, podemos asegurar que se reducir\u00e1n los residuos de compost y tierra, conservando el medio ambiente, ya que se garantiza que estos cuencos se descomponen de forma natural y no generan residuos de larga duraci\u00f3n.<\/li>\n<li><strong>Seguridad alimentaria<\/strong>: Gracias a la utilizaci\u00f3n de materiales seguros y no t\u00f3xicos durante la fabricaci\u00f3n, estos cuencos han garantizado la no contaminaci\u00f3n de los alimentos, lo que permite servirlos y consumirlos con una sensaci\u00f3n de seguridad.<\/li>\n<li><a href=\"https:\/\/www.bioleaderpack.com\/es\/como-pueden-las-cajas-de-harina-de-bagazo-de-cana-de-azucar-conseguir-resistencia-al-agua-y-al-aceite\/\" target=\"_blank\"><strong>A prueba de fugas y aceite<\/strong><\/a>: Si tiene pensado servir platos aceitosos como pasta o ali\u00f1os, tenga la seguridad de que estos cuencos no s\u00f3lo son a prueba de aceite, sino tambi\u00e9n de fugas. Son perfectos para todo tipo de comidas, incluidas las sopas.<\/li>\n<\/ul>\n<h4>M\u00faltiples escenarios de uso<\/h4>\n<ul>\n<li><strong>Para ensalada<\/strong>: No s\u00f3lo son\u00a0<strong>cuencos para ensalada<\/strong>\u00a0la forma y el tama\u00f1o ideales, pero tambi\u00e9n son ideales para una simple ensalada verde, o una mezcla de cereales y verduras.<\/li>\n<li><strong>Restaurantes y comida para llevar<\/strong>: Estos\u00a0<strong>cuencos biodegradables con tapa<\/strong>\u00a0son ideales para la comida para llevar y el reparto a restaurantes, ya que conservan el valor nutritivo de los alimentos durante el reparto y el transporte.<\/li>\n<li><strong>Fiestas y eventos<\/strong>: \u00bfTiene cuencos o cubos de comida para fiestas y caterings? Pues estos cuencos de ca\u00f1a de az\u00facar son muy agradables de usar y tambi\u00e9n quedan muy bien para buffets y picnics.<\/li>\n<li>\n<table style=\"border-collapse: collapse; width: 100%;\">\n<tbody>\n<tr>\n<td style=\"width: 100%;\"><img loading=\"lazy\" decoding=\"async\" class=\"size-full wp-image-2809\" src=\"https:\/\/www.bioleaderpack.com\/wp-content\/uploads\/2024\/11\/L750-1250-Sugarcane-bagasse-salad-bowl-750-1000-1250ml-1.jpg\" alt=\"cuencos biodegradables\" width=\"1000\" height=\"1000\" srcset=\"https:\/\/www.bioleaderpack.com\/wp-content\/uploads\/2024\/11\/L750-1250-Sugarcane-bagasse-salad-bowl-750-1000-1250ml-1.jpg.webp 1000w, https:\/\/www.bioleaderpack.com\/wp-content\/uploads\/2024\/11\/L750-1250-Sugarcane-bagasse-salad-bowl-750-1000-1250ml-1-300x300.jpg.webp 300w, https:\/\/www.bioleaderpack.com\/wp-content\/uploads\/2024\/11\/L750-1250-Sugarcane-bagasse-salad-bowl-750-1000-1250ml-1-100x100.jpg 100w, https:\/\/www.bioleaderpack.com\/wp-content\/uploads\/2024\/11\/L750-1250-Sugarcane-bagasse-salad-bowl-750-1000-1250ml-1-600x600.jpg 600w, https:\/\/www.bioleaderpack.com\/wp-content\/uploads\/2024\/11\/L750-1250-Sugarcane-bagasse-salad-bowl-750-1000-1250ml-1-150x150.jpg.webp 150w, https:\/\/www.bioleaderpack.com\/wp-content\/uploads\/2024\/11\/L750-1250-Sugarcane-bagasse-salad-bowl-750-1000-1250ml-1-768x768.jpg.webp 768w\" sizes=\"(max-width: 1000px) 100vw, 1000px\" \/><\/td>\n<\/tr>\n<\/tbody>\n<\/table>\n<\/li>\n<\/ul>\n<div class=\"mceTemp\"><\/div>\n<table style=\"border-collapse: collapse; width: 100%;\">\n<tbody>\n<tr>\n<td style=\"width: 33.3333%;\"><img loading=\"lazy\" decoding=\"async\" class=\"wp-image-2802 size-full\" src=\"https:\/\/www.bioleaderpack.com\/wp-content\/uploads\/2024\/11\/L750-1.jpg\" alt=\"Bagazo de ca\u00f1a de az\u00facar Cuencos biodegradables para ensalada\" width=\"1000\" height=\"1000\" srcset=\"https:\/\/www.bioleaderpack.com\/wp-content\/uploads\/2024\/11\/L750-1.jpg.webp 1000w, https:\/\/www.bioleaderpack.com\/wp-content\/uploads\/2024\/11\/L750-1-12x12.jpg 12w, https:\/\/www.bioleaderpack.com\/wp-content\/uploads\/2024\/11\/L750-1-150x150.jpg.webp 150w, https:\/\/www.bioleaderpack.com\/wp-content\/uploads\/2024\/11\/L750-1-300x300.jpg.webp 300w, https:\/\/www.bioleaderpack.com\/wp-content\/uploads\/2024\/11\/L750-1-768x768.jpg.webp 768w, https:\/\/www.bioleaderpack.com\/wp-content\/uploads\/2024\/11\/L750-1-600x600.jpg 600w, https:\/\/www.bioleaderpack.com\/wp-content\/uploads\/2024\/11\/L750-1-100x100.jpg 100w\" sizes=\"(max-width: 1000px) 100vw, 1000px\" \/><\/td>\n<td style=\"width: 33.3333%;\"><img loading=\"lazy\" decoding=\"async\" class=\"wp-image-2803 size-full\" src=\"https:\/\/www.bioleaderpack.com\/wp-content\/uploads\/2024\/11\/L1000-1.jpg\" alt=\"cuencos biodegradables desechables\" width=\"1000\" height=\"1000\" srcset=\"https:\/\/www.bioleaderpack.com\/wp-content\/uploads\/2024\/11\/L1000-1.jpg.webp 1000w, https:\/\/www.bioleaderpack.com\/wp-content\/uploads\/2024\/11\/L1000-1-12x12.jpg 12w, https:\/\/www.bioleaderpack.com\/wp-content\/uploads\/2024\/11\/L1000-1-150x150.jpg.webp 150w, https:\/\/www.bioleaderpack.com\/wp-content\/uploads\/2024\/11\/L1000-1-300x300.jpg.webp 300w, https:\/\/www.bioleaderpack.com\/wp-content\/uploads\/2024\/11\/L1000-1-768x768.jpg.webp 768w, https:\/\/www.bioleaderpack.com\/wp-content\/uploads\/2024\/11\/L1000-1-600x600.jpg 600w, https:\/\/www.bioleaderpack.com\/wp-content\/uploads\/2024\/11\/L1000-1-100x100.jpg 100w\" sizes=\"(max-width: 1000px) 100vw, 1000px\" \/><\/td>\n<td style=\"width: 33.3333%;\"><img loading=\"lazy\" decoding=\"async\" class=\"wp-image-2807 size-full\" src=\"https:\/\/www.bioleaderpack.com\/wp-content\/uploads\/2024\/11\/L1250-1.jpg\" alt=\"Cuencos de fibra compostable\" width=\"1000\" height=\"1000\" srcset=\"https:\/\/www.bioleaderpack.com\/wp-content\/uploads\/2024\/11\/L1250-1.jpg.webp 1000w, https:\/\/www.bioleaderpack.com\/wp-content\/uploads\/2024\/11\/L1250-1-12x12.jpg 12w, https:\/\/www.bioleaderpack.com\/wp-content\/uploads\/2024\/11\/L1250-1-150x150.jpg.webp 150w, https:\/\/www.bioleaderpack.com\/wp-content\/uploads\/2024\/11\/L1250-1-300x300.jpg.webp 300w, https:\/\/www.bioleaderpack.com\/wp-content\/uploads\/2024\/11\/L1250-1-768x768.jpg.webp 768w, https:\/\/www.bioleaderpack.com\/wp-content\/uploads\/2024\/11\/L1250-1-600x600.jpg 600w, https:\/\/www.bioleaderpack.com\/wp-content\/uploads\/2024\/11\/L1250-1-100x100.jpg 100w\" sizes=\"(max-width: 1000px) 100vw, 1000px\" \/><\/td>\n<\/tr>\n<\/tbody>\n<\/table>\n<h2>Un tema emergente: la creciente demanda de envases ecol\u00f3gicos para alimentos<\/h2>\n<p>Con la creciente preocupaci\u00f3n por el medio ambiente, el cambio hacia\u00a0<strong>envases biodegradables para alimentos<\/strong>\u00a0parece ir en aumento. Nuevos estudios de los mercados indican que se disparar\u00e1 la demanda de\u00a0<strong>cuencos de ca\u00f1a<\/strong>\u00a0ya que cada vez m\u00e1s empresas y personas optan por este tipo de opciones ecol\u00f3gicas. Nuestros cuencos con tapa ser\u00e1n la mejor opci\u00f3n para quienes deseen seguir las tendencias del mercado y atender a clientes ecol\u00f3gicos.<\/p>\n<h2>Recomendaciones de los clientes: La visi\u00f3n y los beneficios de los cuencos de ca\u00f1a de az\u00facar<\/h2>\n<p>Los clientes de hoy en d\u00eda se centran m\u00e1s en productos de buena calidad que se ajusten a su yo ideal.\u00a0<strong>cuencos biodegradables de ca\u00f1a de az\u00facar<\/strong>\u00a0permiten esta autoimagen. Nuestro cuenco es resistente, duradero y f\u00e1cil de usar. Tambi\u00e9n es respetuoso con el medio ambiente. Los cuencos pueden utilizarse para una gran variedad de platos, como ensaladas, fideos o sopa, y los comentarios de los clientes sobre su resistencia al lavado, su capacidad para el microondas y su biodegradabilidad han sido fant\u00e1sticos.<\/p>\n<h2>Las mejores preguntas y respuestas:<\/h2>\n<ul>\n<li><strong>\u00bfSon estos cuencos aptos para microondas?<\/strong><\/li>\n<\/ul>\n<p>S\u00ed, los cuencos son aptos para microondas. Se pueden utilizar para calentar alimentos.<\/p>\n<ul>\n<li><strong>\u00bfSe pueden utilizar para comida caliente? <\/strong><\/li>\n<\/ul>\n<p>S\u00ed. Una de las caracter\u00edsticas de estos cuencos es que son resistentes al calor y pueden utilizarse para alimentos calientes.<\/p>\n<ul>\n<li><strong>\u00bfSe suministran tapas para estos cuencos?<\/strong><\/li>\n<\/ul>\n<p>Por supuesto, proporcionamos una tapa de PET para este cuenco biodegradable, para que no haya posibilidad de derrames durante el transporte.<\/p>\n<h2>Bloque de informaci\u00f3n sem\u00e1ntica: C\u00f3mo las ensaladeras compostables permiten envasar alimentos m\u00e1s ecol\u00f3gicos<\/h2>\n<div class=\"semantic-insight-block\" style=\"background: #e8f5e9; border-left: 4px solid #2196f3; padding: 14px; margin-bottom: 16px;\">\n<ul>\n<li><strong>C\u00f3mo la fibra de la ca\u00f1a de az\u00facar impulsa la sostenibilidad:<\/strong> Fabricados a partir de bagazo renovable 100%, estos cuencos se biodegradan eficazmente en sistemas de compostaje comerciales y dom\u00e9sticos, reduciendo los residuos de los vertederos y cerrando el ciclo de los envases para servicios alimentarios.<\/li>\n<li><strong>Lo que diferencia al rendimiento:<\/strong> A prueba de fugas, resistentes y equipadas con una tapa transparente segura, mantienen frescas las ensaladas y comidas fr\u00edas, ideales para comida para llevar, bares de ensaladas, supermercados y kits de comida.<\/li>\n<li><strong>Por qu\u00e9 la certificaci\u00f3n genera confianza en el mercado:<\/strong> El cumplimiento de las normas EN13432, ASTM D6400 y FDA\/UE sobre contacto con alimentos garantiza la seguridad alimentaria, la posibilidad de exportaci\u00f3n y unas cadenas de suministro preparadas para el futuro.<\/li>\n<li><strong>Flexibilidad de aplicaci\u00f3n y suministro:<\/strong> Disponible en varios tama\u00f1os y envases a granel con marca personalizada, lo que facilita su adopci\u00f3n en servicios de restauraci\u00f3n, catering y soluciones de comida sana.<\/li>\n<li><strong>Ventajas reglamentarias y de marca:<\/strong> Elegir cuencos biodegradables certificados respalda los objetivos ESG, las prohibiciones del pl\u00e1stico y genera confianza entre los consumidores que buscan una aut\u00e9ntica sostenibilidad en las marcas alimentarias.<\/li>\n<\/ul>\n<div style=\"margin-top: 8px;\"><strong>Perspectiva del mercado:<\/strong> Las ensaladeras de bagazo con tapa de Bioleader ofrecen eficiencia operativa, cumplimiento normativo y un aut\u00e9ntico valor ecol\u00f3gico, lo que permite a las empresas alimentarias liderar la transici\u00f3n a los envases circulares.<\/div>\n<\/div>\n<p>&nbsp;<\/p>\n<p><script type=\"application\/ld+json\">{\n    \"@context\": \"https:\\\/\\\/schema.org\",\n    \"@type\": \"FAQPage\",\n    \"mainEntity\": [\n        {\n            \"@type\": \"Question\",\n            \"name\": \"Are these bowls microwave-safe?\",\n            \"acceptedAnswer\": {\n                \"@type\": \"Answer\",\n                \"text\": \"Yes, the bowls are microwave-safe. They can be used to heat food.\"\n            }\n        },\n        {\n            \"@type\": \"Question\",\n            \"name\": \"Can they be used for hot food?\",\n            \"acceptedAnswer\": {\n                \"@type\": \"Answer\",\n                \"text\": \"Yes! One of the features of these bowls is that they are heat resistant and can be used for hot food.\"\n            }\n        },\n        {\n            \"@type\": \"Question\",\n            \"name\": \"Are lids provided for these bowls?\",\n            \"acceptedAnswer\": {\n                \"@type\": \"Answer\",\n                \"text\": \"Most certainly, we provide PET Lid for this biodegradable bowl, so that there is no likelihood of spillage while in transit.\"\n            }\n        }\n    ]\n}<\/script><\/p>","protected":false},"excerpt":{"rendered":"<p><a href=\"https:\/\/www.bioleaderpack.com\/es\/producto\/recipientes-biodegradables-para-ensaladas-cuencos\/\" target=\"_blank\" rel=\"noopener\" data-wpil-monitor-id=\"2233\">Cuencos biodegradables con tapa de bagazo de ca\u00f1a de az\u00facar de Bioleader<\/a> for Salad a\u00fanan la sostenibilidad natural y las necesidades de la restauraci\u00f3n moderna. Fabricados con fibra de bagazo vegetal 100%, estos cuencos son totalmente compostables, no contienen PFAS y est\u00e1n certificados para un contacto seguro con los alimentos. Su dise\u00f1o robusto y a prueba de fugas, combinado con una tapa transparente, mantiene frescas las ensaladas, frutas y comidas preparadas para llevar, catering y supermercados. Con el cumplimiento de las normas EN13432 y FDA\/UE, son la alternativa ecol\u00f3gica y rentable a los envases de pl\u00e1stico, lo que permite a las marcas alcanzar sus objetivos de eficiencia operativa y sostenibilidad.<\/p>","protected":false},"featured_media":2802,"comment_status":"open","ping_status":"closed","template":"","meta":{"_acf_changed":false},"product_brand":[8971],"product_cat":[7150,7146],"product_tag":[6754,6769,6787,6796,6772],"class_list":{"0":"post-13562","1":"product","2":"type-product","3":"status-publish","4":"has-post-thumbnail","6":"product_brand-bioleader","7":"product_cat-bagasse-bowl","8":"product_cat-bagasse-food-container","9":"product_tag-bagasse-bowls","10":"product_tag-biodegradable-bowls","11":"product_tag-biodegradable-bowls-with-lids","12":"product_tag-bowls-for-salad","13":"product_tag-sugarcane-bowls","15":"first","16":"instock","17":"purchasable","18":"product-type-simple"},"acf":[],"_links":{"self":[{"href":"https:\/\/www.bioleaderpack.com\/es\/wp-json\/wp\/v2\/product\/13562","targetHints":{"allow":["GET"]}}],"collection":[{"href":"https:\/\/www.bioleaderpack.com\/es\/wp-json\/wp\/v2\/product"}],"about":[{"href":"https:\/\/www.bioleaderpack.com\/es\/wp-json\/wp\/v2\/types\/product"}],"replies":[{"embeddable":true,"href":"https:\/\/www.bioleaderpack.com\/es\/wp-json\/wp\/v2\/comments?post=13562"}],"wp:featuredmedia":[{"embeddable":true,"href":"https:\/\/www.bioleaderpack.com\/es\/wp-json\/wp\/v2\/media\/2802"}],"wp:attachment":[{"href":"https:\/\/www.bioleaderpack.com\/es\/wp-json\/wp\/v2\/media?parent=13562"}],"wp:term":[{"taxonomy":"product_brand","embeddable":true,"href":"https:\/\/www.bioleaderpack.com\/es\/wp-json\/wp\/v2\/product_brand?post=13562"},{"taxonomy":"product_cat","embeddable":true,"href":"https:\/\/www.bioleaderpack.com\/es\/wp-json\/wp\/v2\/product_cat?post=13562"},{"taxonomy":"product_tag","embeddable":true,"href":"https:\/\/www.bioleaderpack.com\/es\/wp-json\/wp\/v2\/product_tag?post=13562"}],"curies":[{"name":"wp","href":"https:\/\/api.w.org\/{rel}","templated":true}]}}